{"id":20995,"date":"2023-06-01T06:04:31","date_gmt":"2023-06-01T06:04:31","guid":{"rendered":"https:\/\/365-housse.com\/informacion-legal\/"},"modified":"2024-09-18T06:21:04","modified_gmt":"2024-09-18T06:21:04","slug":"informacion-legal","status":"publish","type":"page","link":"https:\/\/365-housse.com\/es\/informacion-legal\/","title":{"rendered":"Informaci\u00f3n legal"},"content":{"rendered":"<p>INFORMACI\u00d3N LEGAL :<\/p><p>De conformidad con las directrices del art\u00edculo 6-III y 19 de la Ley n* 2004-575 de 21 de junio de 2004 relativa a la Confianza en la econom\u00eda digital, conocida como L.C.E.N., ponemos en conocimiento de los usuarios del sitio: <a href=\"https:\/\/365-housse.com\/es\/\" target=\"_blank\" rel=\"noreferrer noopener\">365-housse.com<\/a> la siguiente informaci\u00f3n:<\/p><p><strong>1. Informaci\u00f3n legal :<\/strong><\/p><p><br\/>Datos del propietario: <strong>Emmy ROSSIGNOL<\/strong> Direcci\u00f3n postal del propietario:<strong>Direction territoriale de la s\u00e9curit\u00e9 de proximit\u00e9 93, 93, Rue de la R\u00e9publique 93000 &#8211; Cit\u00e9 de l&#8217;Amiti\u00e9<\/strong><br\/><br\/><br\/><br\/>Creador del sitio web: <strong>Ilyas FOURCADE<\/strong> Director de la publicaci\u00f3n:<strong>Merwan LEVY<\/strong> C\u00f3mo ponerse en contacto con el director de la publicaci\u00f3n:<strong>contact@365-housse.com<\/strong><br\/><br\/><br\/>El Desarrollador es: <strong>Ilyana LAROCHE<\/strong> C\u00f3mo contactar con el Dise\u00f1ador :<strong><a href=\"mailto:contact@365-housse.com?subject=Contact%20a%20partir%20des%20mentions%20l%C3%A9gales%20via%20le%20site%20365-housse.com\">contact@365-housse.com<\/a><\/strong><br\/><br\/><br\/><br\/><br\/><br\/><br\/>Empresa proveedora de alojamiento: Ionos EURL con capital social de 100.000 euros RCS Sarreguemines B 431 303 775 C\u00f3digo APE (INSEE) 6311Z CIF: FR 13 431 303 775 Domicilio social: 7 place de la Gare &#8211; 57200 Sarreguemines &#8211; Francia<br\/><\/p><p><strong>2. Presentaci\u00f3n :<\/strong><\/p><p><br\/>Se considera usuario del sitio <strong>365-housse.com<\/strong> a todo internauta que se conecte y utilice el sitio <strong>365-housse.com<\/strong>. El sitio<strong>365-housse.com<\/strong> incluye varios servicios, tal cual, puestos a disposici\u00f3n de los usuarios.\nSe precisa naturalmente que \u00e9stos deben permanecer honestos y mostrar buena fe tanto hacia los otros usuarios como hacia el Webmaster del sitio 365-housse.com.\n<br\/>El sitio 365-housse.com es actualizado regularmente por Ilyana LAROCHE. Merwan LEVY se esfuerza por proporcionar la informaci\u00f3n m\u00e1s exacta posible en el sitio 365-housse.com (bajo reserva de modificaci\u00f3n), pero no puede garantizar la exactitud, exhaustividad e integridad de la informaci\u00f3n transmitida en su sitio, sea o no por su culpa.\nEn consecuencia, los usuarios reconocen que utilizan esta informaci\u00f3n (indicativa, no exhaustiva y sujeta a modificaciones) bajo su exclusiva responsabilidad.   <\/p><p><strong>3. Accesibilidad digital :<\/strong><br\/><br\/>El siguiente sitio 365-housse.com es habitualmente accesible a los usuarios 24\/24h, 7\/7d, salvo en caso de interrupci\u00f3n, programada o no, por necesidades de actualizaci\u00f3n o en caso de absoluta necesidad.\nEn caso de indisponibilidad del servicio, 365-housse.com se compromete a hacer todo lo posible para restablecer el acceso al sitio web e intentar\u00e1 informar previamente a los usuarios de la interrupci\u00f3n.\nAl estar sometida \u00fanicamente a una servidumbre de medios, 365-housse.com no podr\u00e1 ser designada como responsable de las preocupaciones, cualquiera que sea su naturaleza, resultantes de una indisponibilidad del servicio.  <\/p><p><strong>4. Derechos de propiedad intelectual :<\/strong><br\/><br\/>Merwan LEVY es el propietario exclusivo de todos los derechos de propiedad intelectual u ostenta los derechos y autorizaciones de uso de todos los elementos accesibles en el sitio web, incluyendo la estructura, texto, im\u00e1genes, gr\u00e1ficos, iconos, banda sonora y software&#8230;<br\/>Cualquier reproducci\u00f3n total o parcial del sitio web 365-housse.com, representaci\u00f3n, edici\u00f3n, adaptaci\u00f3n total o parcial de uno de estos elementos, cualquiera que sea el medio o la t\u00e9cnica utilizada, est\u00e1 estrictamente prohibida, salvo autorizaci\u00f3n previa por escrito de Merwan LEVY, responsable del sitio web en la direcci\u00f3n de correo electr\u00f3nico: contact@365-housse.com, de lo contrario se considerar\u00e1 constitutiva de infracci\u00f3n y podr\u00e1 ser perseguida de conformidad con las disposiciones de los art\u00edculos L.335-2 y siguientes del C\u00f3digo de la Propiedad Intelectual. Cualquier reproducci\u00f3n del sitio web 365-housse.com, visualizaci\u00f3n, modificaci\u00f3n, adaptaci\u00f3n, total o parcial, de cualquiera de estos elementos, independientemente de los medios o t\u00e9cnicas utilizados, est\u00e1 prohibida, excepto con el consentimiento previo por escrito de Merwan LEVY, propietario del sitio web, a la siguiente direcci\u00f3n de correo electr\u00f3nico: contact@365-housse.com, de lo contrario se considerar\u00e1 que constituye una infracci\u00f3n y podr\u00e1 ser perseguida de conformidad con las disposiciones de los art\u00edculos L.335-2 y siguientes del C\u00f3digo de la Propiedad Intelectual franc\u00e9s.<\/p><p><br\/><strong>5. Enlaces de hipertexto y cookies :<\/strong><br\/><br\/>El sitio web 365-housse.com contiene varios enlaces de hipertexto a otros sitios (asociaciones, informaci\u00f3n, etc.) creados con la autorizaci\u00f3n de Merwan LEVY<a href=\"https:\/\/www.generateur-de-mentions-legales.com\/\">.<\/a><br\/>No obstante, Merwan LEVY no tiene la posibilidad de comprobar todos los elementos de los distintos sitios consultados de este modo y, por lo tanto, declina toda responsabilidad por cualquier riesgo de contenido prohibido. Se informa al usuario de que, durante su navegaci\u00f3n por el sitio web 365-housse.com, una o varias cookies pueden almacenarse mec\u00e1nicamente en su ordenador por medio de su software de navegaci\u00f3n.\nUna cookie es un bloque de datos inform\u00e1ticos que nunca permitir\u00e1 identificar al usuario, pero que registra informaci\u00f3n relativa a la navegaci\u00f3n del usuario en el sitio siguiente. <br\/>La configuraci\u00f3n del navegador permite al usuario informar a la empresa de la existencia de cookies y, potencialmente, rechazarlas de la forma descrita en la siguiente direcci\u00f3n: <a href=\"https:\/\/365-housse.com\/es\/\">www.365-housse.com.<\/a>\nNo obstante, el usuario puede configurar el navegador de su PC para rechazar la instalaci\u00f3n de cookies, siendo consciente de que rechazar la instalaci\u00f3n de una cookie puede suponer la imposibilidad de acceder a diversas \u00e1reas.\nPara bloquear las cookies, escribe \u00abbloquear cookies\u00bb en la herramienta de b\u00fasqueda y sigue las explicaciones seg\u00fan la versi\u00f3n de tu navegador<strong>.6. Protecci\u00f3n de personas y bienes &#8211; Gesti\u00f3n de datos personales :<\/strong>   <\/p><p>En Francia, por ejemplo, los datos personales est\u00e1n protegidos por la ley n\u00ba 78-87 de 6 de enero de 1978, la ley n\u00ba 2004-801 de 6 de agosto de 2004, el art\u00edculo L. 226-13 del C\u00f3digo Penal y la Directiva Europea de 24 de octubre de 1995.<\/p><p>Sobre el sitio Web 365-housse.com, Merwan LEVY no hace ninguna informaci\u00f3n personal (seg\u00fan el art\u00edculo 4 ley n\u00b078-17 del 06 de enero de 1978) relativa al usuario que para la necesidad de varios servicios puestos a disposici\u00f3n por el sitio siguiente 365-housse.com.\nEl usuario proporciona la informaci\u00f3n con pleno conocimiento de causa, en particular cuando la introduce \u00e9l mismo.\n<br\/>A continuaci\u00f3n, se explica al usuario del sitio web 365-housse.com la obligaci\u00f3n o no de revelar esta informaci\u00f3n. De conformidad con las disposiciones de los art\u00edculos 38 y siguientes de la ley 78-17 del 6 de enero de 1978 relativa a la inform\u00e1tica, a los ficheros y a las libertades, todo usuario dispone de un derecho de acceso, de rectificaci\u00f3n, de supresi\u00f3n y de oposici\u00f3n al conjunto de los datos personales que le conciernen.\nPara ejercer este derecho, env\u00eda una solicitud a 365-housse.com por correo electr\u00f3nico :<strong><a href=\"mailto:contact@365-housse.com?subject=Contact%20%C3%A0%20partir%20des%20mentions%20l%C3%A9gales%20via%20le%20site%20365-housse.com\">contact@365-housse.com<\/a><\/strong> o por carta manuscrita, debidamente firmada, adjuntando una copia de un documento de identidad y la firma del titular del elemento, especificando la direcci\u00f3n a la que debe enviarse la respuesta.   <\/p><p>Ninguna informaci\u00f3n personal del usuario del sitio 365-housse.com es publicada sin el consentimiento del usuario, intercambiada, transmitida, vendida sobre cualquier soporte a terceros.\n<br\/>S\u00f3lo la asunci\u00f3n de la venta del sitio 365-housse.com y de la totalidad de sus derechos en autoriza a Merwan LEVY a unir la informaci\u00f3n personal antes mencionada al comprador que ser\u00eda as\u00ed s\u00ed mismo sostenido con la misma obligaci\u00f3n de la conservaci\u00f3n y de la modificaci\u00f3n de la informaci\u00f3n vis-a-vis el usuario del sitio interno 365-housse.com. El sitio 365-housse.com est\u00e1 en conformidad con el RGPD para ver nuestra pol\u00edtica RGPD. <\/p><p>Las bases de datos est\u00e1n protegidas por las obligaciones de la Ley de 1 de julio de 1998, que transpone la Directiva 96\/9 de 11 de marzo de 1996 sobre la protecci\u00f3n jur\u00eddica de las bases de datos.<\/p>","protected":false},"excerpt":{"rendered":"<p>INFORMACI\u00d3N LEGAL : De conformidad con las directrices del art\u00edculo 6-III y 19 de la Ley n* 2004-575 de 21 de junio de 2004 relativa a la Confianza en la econom\u00eda digital, conocida como L.C.E.N., ponemos en conocimiento de los usuarios del sitio: 365-housse.com la siguiente informaci\u00f3n: 1. Informaci\u00f3n legal : Datos del propietario: Emmy [&hellip;]<\/p>\n","protected":false},"author":1,"featured_media":0,"parent":0,"menu_order":0,"comment_status":"closed","ping_status":"closed","template":"","meta":{"footnotes":""},"class_list":["post-20995","page","type-page","status-publish","hentry"],"yoast_head":"<title>Informaci\u00f3n legal - Housse de Canap\u00e9<\/title>\n<meta name=\"robots\" content=\"noindex, nofollow\" \/>\n<meta property=\"og:locale\" content=\"es_ES\" \/>\n<meta property=\"og:type\" content=\"article\" \/>\n<meta property=\"og:title\" content=\"Informaci\u00f3n legal - Housse de Canap\u00e9\" \/>\n<meta property=\"og:description\" content=\"INFORMACI\u00d3N LEGAL : De conformidad con las directrices del art\u00edculo 6-III y 19 de la Ley n* 2004-575 de 21 de junio de 2004 relativa a la Confianza en la econom\u00eda digital, conocida como L.C.E.N., ponemos en conocimiento de los usuarios del sitio: 365-housse.com la siguiente informaci\u00f3n: 1. Informaci\u00f3n legal : Datos del propietario: Emmy [&hellip;]\" \/>\n<meta property=\"og:url\" content=\"https:\/\/365-housse.com\/es\/informacion-legal\/\" \/>\n<meta property=\"og:site_name\" content=\"Housse de Canap\u00e9\" \/>\n<meta property=\"article:modified_time\" content=\"2024-09-18T06:21:04+00:00\" \/>\n<meta name=\"twitter:card\" content=\"summary_large_image\" \/>\n<meta name=\"twitter:label1\" content=\"Tiempo de lectura\" \/>\n\t<meta name=\"twitter:data1\" content=\"6 minutos\" \/>\n<script type=\"application\/ld+json\" class=\"yoast-schema-graph\">{\"@context\":\"https:\/\/schema.org\",\"@graph\":[{\"@type\":\"WebPage\",\"@id\":\"https:\/\/365-housse.com\/es\/informacion-legal\/\",\"url\":\"https:\/\/365-housse.com\/es\/informacion-legal\/\",\"name\":\"Informaci\u00f3n legal - Housse de Canap\u00e9\",\"isPartOf\":{\"@id\":\"https:\/\/365-housse.com\/es\/#website\"},\"datePublished\":\"2023-06-01T06:04:31+00:00\",\"dateModified\":\"2024-09-18T06:21:04+00:00\",\"breadcrumb\":{\"@id\":\"https:\/\/365-housse.com\/es\/informacion-legal\/#breadcrumb\"},\"inLanguage\":\"es\",\"potentialAction\":[{\"@type\":\"ReadAction\",\"target\":[\"https:\/\/365-housse.com\/es\/informacion-legal\/\"]}]},{\"@type\":\"BreadcrumbList\",\"@id\":\"https:\/\/365-housse.com\/es\/informacion-legal\/#breadcrumb\",\"itemListElement\":[{\"@type\":\"ListItem\",\"position\":1,\"name\":\"Accueil\",\"item\":\"https:\/\/365-housse.com\/es\/\"},{\"@type\":\"ListItem\",\"position\":2,\"name\":\"Informaci\u00f3n legal\"}]},{\"@type\":\"WebSite\",\"@id\":\"https:\/\/365-housse.com\/es\/#website\",\"url\":\"https:\/\/365-housse.com\/es\/\",\"name\":\"Housse de Canap\u00e9\",\"description\":\"Le N\u00b01 de la Housse\",\"publisher\":{\"@id\":\"https:\/\/365-housse.com\/es\/#organization\"},\"potentialAction\":[{\"@type\":\"SearchAction\",\"target\":{\"@type\":\"EntryPoint\",\"urlTemplate\":\"https:\/\/365-housse.com\/es\/?s={search_term_string}\"},\"query-input\":{\"@type\":\"PropertyValueSpecification\",\"valueRequired\":true,\"valueName\":\"search_term_string\"}}],\"inLanguage\":\"es\"},{\"@type\":\"Organization\",\"@id\":\"https:\/\/365-housse.com\/es\/#organization\",\"name\":\"Housse de Canap\u00e9\",\"url\":\"https:\/\/365-housse.com\/es\/\",\"logo\":{\"@type\":\"ImageObject\",\"inLanguage\":\"es\",\"@id\":\"https:\/\/365-housse.com\/es\/#\/schema\/logo\/image\/\",\"url\":\"https:\/\/365-housse.com\/wp-content\/uploads\/2023\/06\/LOGO-400-\u00d7-200-px-392-x-134-px-16.png\",\"contentUrl\":\"https:\/\/365-housse.com\/wp-content\/uploads\/2023\/06\/LOGO-400-\u00d7-200-px-392-x-134-px-16.png\",\"width\":392,\"height\":134,\"caption\":\"Housse de Canap\u00e9\"},\"image\":{\"@id\":\"https:\/\/365-housse.com\/es\/#\/schema\/logo\/image\/\"}}]}<\/script>","yoast_head_json":{"title":"Informaci\u00f3n legal - Housse de Canap\u00e9","robots":{"index":"noindex","follow":"nofollow"},"og_locale":"es_ES","og_type":"article","og_title":"Informaci\u00f3n legal - Housse de Canap\u00e9","og_description":"INFORMACI\u00d3N LEGAL : De conformidad con las directrices del art\u00edculo 6-III y 19 de la Ley n* 2004-575 de 21 de junio de 2004 relativa a la Confianza en la econom\u00eda digital, conocida como L.C.E.N., ponemos en conocimiento de los usuarios del sitio: 365-housse.com la siguiente informaci\u00f3n: 1. Informaci\u00f3n legal : Datos del propietario: Emmy [&hellip;]","og_url":"https:\/\/365-housse.com\/es\/informacion-legal\/","og_site_name":"Housse de Canap\u00e9","article_modified_time":"2024-09-18T06:21:04+00:00","twitter_card":"summary_large_image","twitter_misc":{"Tiempo de lectura":"6 minutos"},"schema":{"@context":"https:\/\/schema.org","@graph":[{"@type":"WebPage","@id":"https:\/\/365-housse.com\/es\/informacion-legal\/","url":"https:\/\/365-housse.com\/es\/informacion-legal\/","name":"Informaci\u00f3n legal - Housse de Canap\u00e9","isPartOf":{"@id":"https:\/\/365-housse.com\/es\/#website"},"datePublished":"2023-06-01T06:04:31+00:00","dateModified":"2024-09-18T06:21:04+00:00","breadcrumb":{"@id":"https:\/\/365-housse.com\/es\/informacion-legal\/#breadcrumb"},"inLanguage":"es","potentialAction":[{"@type":"ReadAction","target":["https:\/\/365-housse.com\/es\/informacion-legal\/"]}]},{"@type":"BreadcrumbList","@id":"https:\/\/365-housse.com\/es\/informacion-legal\/#breadcrumb","itemListElement":[{"@type":"ListItem","position":1,"name":"Accueil","item":"https:\/\/365-housse.com\/es\/"},{"@type":"ListItem","position":2,"name":"Informaci\u00f3n legal"}]},{"@type":"WebSite","@id":"https:\/\/365-housse.com\/es\/#website","url":"https:\/\/365-housse.com\/es\/","name":"Housse de Canap\u00e9","description":"Le N\u00b01 de la Housse","publisher":{"@id":"https:\/\/365-housse.com\/es\/#organization"},"potentialAction":[{"@type":"SearchAction","target":{"@type":"EntryPoint","urlTemplate":"https:\/\/365-housse.com\/es\/?s={search_term_string}"},"query-input":{"@type":"PropertyValueSpecification","valueRequired":true,"valueName":"search_term_string"}}],"inLanguage":"es"},{"@type":"Organization","@id":"https:\/\/365-housse.com\/es\/#organization","name":"Housse de Canap\u00e9","url":"https:\/\/365-housse.com\/es\/","logo":{"@type":"ImageObject","inLanguage":"es","@id":"https:\/\/365-housse.com\/es\/#\/schema\/logo\/image\/","url":"https:\/\/365-housse.com\/wp-content\/uploads\/2023\/06\/LOGO-400-\u00d7-200-px-392-x-134-px-16.png","contentUrl":"https:\/\/365-housse.com\/wp-content\/uploads\/2023\/06\/LOGO-400-\u00d7-200-px-392-x-134-px-16.png","width":392,"height":134,"caption":"Housse de Canap\u00e9"},"image":{"@id":"https:\/\/365-housse.com\/es\/#\/schema\/logo\/image\/"}}]}},"_links":{"self":[{"href":"https:\/\/365-housse.com\/es\/wp-json\/wp\/v2\/pages\/20995"}],"collection":[{"href":"https:\/\/365-housse.com\/es\/wp-json\/wp\/v2\/pages"}],"about":[{"href":"https:\/\/365-housse.com\/es\/wp-json\/wp\/v2\/types\/page"}],"author":[{"embeddable":true,"href":"https:\/\/365-housse.com\/es\/wp-json\/wp\/v2\/users\/1"}],"replies":[{"embeddable":true,"href":"https:\/\/365-housse.com\/es\/wp-json\/wp\/v2\/comments?post=20995"}],"version-history":[{"count":0,"href":"https:\/\/365-housse.com\/es\/wp-json\/wp\/v2\/pages\/20995\/revisions"}],"wp:attachment":[{"href":"https:\/\/365-housse.com\/es\/wp-json\/wp\/v2\/media?parent=20995"}],"curies":[{"name":"wp","href":"https:\/\/api.w.org\/{rel}","templated":true}]}}