{"id":17765,"date":"2023-06-12T09:11:09","date_gmt":"2023-06-12T09:11:09","guid":{"rendered":"https:\/\/365-housse.com\/products\/housse-d-ordinateur-13-pouces\/"},"modified":"2024-09-17T14:51:38","modified_gmt":"2024-09-17T14:51:38","slug":"housse-d-ordinateur-13-pouces","status":"publish","type":"product","link":"https:\/\/365-housse.com\/es\/productos\/housse-d-ordinateur-13-pouces\/","title":{"rendered":"Caja para computadora Disney de 13 pulgadas"},"content":{"rendered":"<h2>\u00bfEres miembro de la familia Disney y te mueves por la pasi\u00f3n? \u00a1Entonces esta bonita <strong>carcasa para ordenador de 13 pulgadas<\/strong> con la imagen de Mickey est\u00e1 hecha para ti! Experimenta la magia de Disney  <\/h2>\n<h3>Ventajas de la<span> <\/span><strong>caja de ordenador de 13 pulgadas<\/strong>:<\/h3>\n<ul>\n<li><span class=\"a-list-item\">Pr\u00e1ctico con una abertura en la parte superior para<span> <\/span><strong>f\u00e1cil acceso<\/strong><\/span><\/li>\n<li><span class=\"a-list-item\">Transp\u00f3rtelo <strong>de forma segura<\/strong>, protegido de manchas y suciedad<\/span><\/li>\n<li><span class=\"a-list-item\">A\u00f1ade un toque de <strong>clase<\/strong> y <strong>elegancia<\/strong> a tu look<\/span><\/li>\n<li><span class=\"a-list-item\">Ayuda<span> <\/span><strong>a extender la vida \u00fatil<\/strong><span> <\/span>de su computadora<\/span> <\/li>\n<\/ul>\n<p>Caracter\u00edsticas:<\/p>\n<ul>\n<li data-mce-fragment=\"1\">Material: Piel sint\u00e9tica de alta calidad<\/li>\n<li data-mce-fragment=\"1\">Impermeable, antiara\u00f1azos y resistente al desgaste<\/li>\n<li data-mce-fragment=\"1\">Cremallera doble resistente<\/li>\n<li data-mce-fragment=\"1\">Bolsillo con ranura exterior<\/li>\n<li data-mce-fragment=\"1\">Empu\u00f1adura con un peque\u00f1o colgante de Mickey<\/li>\n<li data-mce-fragment=\"1\">Acabado preciso y delicado<\/li>\n<li data-mce-fragment=\"1\">Tama\u00f1o: 13 pulgadas (apto para todas las marcas de computadoras)<\/li>\n<\/ul>\n","protected":false},"excerpt":{"rendered":"<p>\u00bfEres miembro de la familia Disney y te mueves por la pasi\u00f3n? \u00a1Entonces esta bonita carcasa para ordenador de 13 pulgadas con la imagen de Mickey est\u00e1 hecha para ti! Experimenta la magia de Disney Ventajas de la caja de ordenador de 13 pulgadas: Pr\u00e1ctico con una abertura en la parte superior para f\u00e1cil acceso [&hellip;]<\/p>\n","protected":false},"featured_media":17647,"comment_status":"open","ping_status":"closed","template":"","meta":[],"product_cat":[165],"product_tag":[198],"class_list":{"0":"post-17765","1":"product","2":"type-product","3":"status-publish","4":"has-post-thumbnail","6":"product_cat-funda-para-ordenador-13-pulgadas","7":"product_tag-ordinateur-es","9":"first","10":"instock","11":"shipping-taxable","12":"purchasable","13":"product-type-simple"},"yoast_head":"<title>Caja para computadora Disney de 13 pulgadas en entrega - gratis Ahorra un 30% en tu pedido<\/title>\n<meta name=\"description\" content=\"Recibe tu Caja para computadora Disney de 13 pulgadas hoy y benef\u00edciate de la entrega - gratuita Env\u00edo en 24\/48h\" \/>\n<meta name=\"robots\" content=\"index, follow, max-snippet:-1, max-image-preview:large, max-video-preview:-1\" \/>\n<link rel=\"canonical\" href=\"https:\/\/365-housse.com\/es\/productos\/housse-d-ordinateur-13-pouces\/\" \/>\n<meta property=\"og:locale\" content=\"es_ES\" \/>\n<meta property=\"og:type\" content=\"article\" \/>\n<meta property=\"og:title\" content=\"Caja para computadora Disney de 13 pulgadas en entrega - gratis Ahorra un 30% en tu pedido\" \/>\n<meta property=\"og:description\" content=\"Recibe tu Caja para computadora Disney de 13 pulgadas hoy y benef\u00edciate de la entrega - gratuita Env\u00edo en 24\/48h\" \/>\n<meta property=\"og:url\" content=\"https:\/\/365-housse.com\/es\/productos\/housse-d-ordinateur-13-pouces\/\" \/>\n<meta property=\"og:site_name\" content=\"Housse de Canap\u00e9\" \/>\n<meta property=\"article:modified_time\" content=\"2024-09-17T14:51:38+00:00\" \/>\n<meta property=\"og:image\" content=\"https:\/\/365-housse.com\/wp-content\/uploads\/2023\/06\/housse-d-ordinateur-13-pouces.png\" \/>\n\t<meta property=\"og:image:width\" content=\"456\" \/>\n\t<meta property=\"og:image:height\" content=\"432\" \/>\n\t<meta property=\"og:image:type\" content=\"image\/png\" \/>\n<meta name=\"twitter:card\" content=\"summary_large_image\" \/>\n<meta name=\"twitter:label1\" content=\"Tiempo de lectura\" \/>\n\t<meta name=\"twitter:data1\" content=\"1 minuto\" \/>\n<script type=\"application\/ld+json\" class=\"yoast-schema-graph\">{\"@context\":\"https:\/\/schema.org\",\"@graph\":[{\"@type\":\"WebPage\",\"@id\":\"https:\/\/365-housse.com\/es\/productos\/housse-d-ordinateur-13-pouces\/\",\"url\":\"https:\/\/365-housse.com\/es\/productos\/housse-d-ordinateur-13-pouces\/\",\"name\":\"Caja para computadora Disney de 13 pulgadas en entrega - gratis Ahorra un 30% en tu pedido\",\"isPartOf\":{\"@id\":\"https:\/\/365-housse.com\/es\/#website\"},\"primaryImageOfPage\":{\"@id\":\"https:\/\/365-housse.com\/es\/productos\/housse-d-ordinateur-13-pouces\/#primaryimage\"},\"image\":{\"@id\":\"https:\/\/365-housse.com\/es\/productos\/housse-d-ordinateur-13-pouces\/#primaryimage\"},\"thumbnailUrl\":\"https:\/\/365-housse.com\/wp-content\/uploads\/2023\/06\/housse-d-ordinateur-13-pouces.png\",\"datePublished\":\"2023-06-12T09:11:09+00:00\",\"dateModified\":\"2024-09-17T14:51:38+00:00\",\"description\":\"Recibe tu Caja para computadora Disney de 13 pulgadas hoy y benef\u00edciate de la entrega - gratuita Env\u00edo en 24\/48h\",\"breadcrumb\":{\"@id\":\"https:\/\/365-housse.com\/es\/productos\/housse-d-ordinateur-13-pouces\/#breadcrumb\"},\"inLanguage\":\"es\",\"potentialAction\":[{\"@type\":\"ReadAction\",\"target\":[\"https:\/\/365-housse.com\/es\/productos\/housse-d-ordinateur-13-pouces\/\"]}]},{\"@type\":\"ImageObject\",\"inLanguage\":\"es\",\"@id\":\"https:\/\/365-housse.com\/es\/productos\/housse-d-ordinateur-13-pouces\/#primaryimage\",\"url\":\"https:\/\/365-housse.com\/wp-content\/uploads\/2023\/06\/housse-d-ordinateur-13-pouces.png\",\"contentUrl\":\"https:\/\/365-housse.com\/wp-content\/uploads\/2023\/06\/housse-d-ordinateur-13-pouces.png\",\"width\":456,\"height\":432},{\"@type\":\"BreadcrumbList\",\"@id\":\"https:\/\/365-housse.com\/es\/productos\/housse-d-ordinateur-13-pouces\/#breadcrumb\",\"itemListElement\":[{\"@type\":\"ListItem\",\"position\":1,\"name\":\"Accueil\",\"item\":\"https:\/\/365-housse.com\/es\/\"},{\"@type\":\"ListItem\",\"position\":2,\"name\":\"Tienda\",\"item\":\"https:\/\/365-housse.com\/es\/tienda\/\"},{\"@type\":\"ListItem\",\"position\":3,\"name\":\"Caja para computadora Disney de 13 pulgadas\"}]},{\"@type\":\"WebSite\",\"@id\":\"https:\/\/365-housse.com\/es\/#website\",\"url\":\"https:\/\/365-housse.com\/es\/\",\"name\":\"Housse de Canap\u00e9\",\"description\":\"Le N\u00b01 de la Housse\",\"publisher\":{\"@id\":\"https:\/\/365-housse.com\/es\/#organization\"},\"potentialAction\":[{\"@type\":\"SearchAction\",\"target\":{\"@type\":\"EntryPoint\",\"urlTemplate\":\"https:\/\/365-housse.com\/es\/?s={search_term_string}\"},\"query-input\":{\"@type\":\"PropertyValueSpecification\",\"valueRequired\":true,\"valueName\":\"search_term_string\"}}],\"inLanguage\":\"es\"},{\"@type\":\"Organization\",\"@id\":\"https:\/\/365-housse.com\/es\/#organization\",\"name\":\"Housse de Canap\u00e9\",\"url\":\"https:\/\/365-housse.com\/es\/\",\"logo\":{\"@type\":\"ImageObject\",\"inLanguage\":\"es\",\"@id\":\"https:\/\/365-housse.com\/es\/#\/schema\/logo\/image\/\",\"url\":\"https:\/\/365-housse.com\/wp-content\/uploads\/2023\/06\/LOGO-400-\u00d7-200-px-392-x-134-px-16.png\",\"contentUrl\":\"https:\/\/365-housse.com\/wp-content\/uploads\/2023\/06\/LOGO-400-\u00d7-200-px-392-x-134-px-16.png\",\"width\":392,\"height\":134,\"caption\":\"Housse de Canap\u00e9\"},\"image\":{\"@id\":\"https:\/\/365-housse.com\/es\/#\/schema\/logo\/image\/\"}}]}<\/script>","yoast_head_json":{"title":"Caja para computadora Disney de 13 pulgadas en entrega - gratis Ahorra un 30% en tu pedido","description":"Recibe tu Caja para computadora Disney de 13 pulgadas hoy y benef\u00edciate de la entrega - gratuita Env\u00edo en 24\/48h","robots":{"index":"index","follow":"follow","max-snippet":"max-snippet:-1","max-image-preview":"max-image-preview:large","max-video-preview":"max-video-preview:-1"},"canonical":"https:\/\/365-housse.com\/es\/productos\/housse-d-ordinateur-13-pouces\/","og_locale":"es_ES","og_type":"article","og_title":"Caja para computadora Disney de 13 pulgadas en entrega - gratis Ahorra un 30% en tu pedido","og_description":"Recibe tu Caja para computadora Disney de 13 pulgadas hoy y benef\u00edciate de la entrega - gratuita Env\u00edo en 24\/48h","og_url":"https:\/\/365-housse.com\/es\/productos\/housse-d-ordinateur-13-pouces\/","og_site_name":"Housse de Canap\u00e9","article_modified_time":"2024-09-17T14:51:38+00:00","og_image":[{"width":456,"height":432,"url":"https:\/\/365-housse.com\/wp-content\/uploads\/2023\/06\/housse-d-ordinateur-13-pouces.png","type":"image\/png"}],"twitter_card":"summary_large_image","twitter_misc":{"Tiempo de lectura":"1 minuto"},"schema":{"@context":"https:\/\/schema.org","@graph":[{"@type":"WebPage","@id":"https:\/\/365-housse.com\/es\/productos\/housse-d-ordinateur-13-pouces\/","url":"https:\/\/365-housse.com\/es\/productos\/housse-d-ordinateur-13-pouces\/","name":"Caja para computadora Disney de 13 pulgadas en entrega - gratis Ahorra un 30% en tu pedido","isPartOf":{"@id":"https:\/\/365-housse.com\/es\/#website"},"primaryImageOfPage":{"@id":"https:\/\/365-housse.com\/es\/productos\/housse-d-ordinateur-13-pouces\/#primaryimage"},"image":{"@id":"https:\/\/365-housse.com\/es\/productos\/housse-d-ordinateur-13-pouces\/#primaryimage"},"thumbnailUrl":"https:\/\/365-housse.com\/wp-content\/uploads\/2023\/06\/housse-d-ordinateur-13-pouces.png","datePublished":"2023-06-12T09:11:09+00:00","dateModified":"2024-09-17T14:51:38+00:00","description":"Recibe tu Caja para computadora Disney de 13 pulgadas hoy y benef\u00edciate de la entrega - gratuita Env\u00edo en 24\/48h","breadcrumb":{"@id":"https:\/\/365-housse.com\/es\/productos\/housse-d-ordinateur-13-pouces\/#breadcrumb"},"inLanguage":"es","potentialAction":[{"@type":"ReadAction","target":["https:\/\/365-housse.com\/es\/productos\/housse-d-ordinateur-13-pouces\/"]}]},{"@type":"ImageObject","inLanguage":"es","@id":"https:\/\/365-housse.com\/es\/productos\/housse-d-ordinateur-13-pouces\/#primaryimage","url":"https:\/\/365-housse.com\/wp-content\/uploads\/2023\/06\/housse-d-ordinateur-13-pouces.png","contentUrl":"https:\/\/365-housse.com\/wp-content\/uploads\/2023\/06\/housse-d-ordinateur-13-pouces.png","width":456,"height":432},{"@type":"BreadcrumbList","@id":"https:\/\/365-housse.com\/es\/productos\/housse-d-ordinateur-13-pouces\/#breadcrumb","itemListElement":[{"@type":"ListItem","position":1,"name":"Accueil","item":"https:\/\/365-housse.com\/es\/"},{"@type":"ListItem","position":2,"name":"Tienda","item":"https:\/\/365-housse.com\/es\/tienda\/"},{"@type":"ListItem","position":3,"name":"Caja para computadora Disney de 13 pulgadas"}]},{"@type":"WebSite","@id":"https:\/\/365-housse.com\/es\/#website","url":"https:\/\/365-housse.com\/es\/","name":"Housse de Canap\u00e9","description":"Le N\u00b01 de la Housse","publisher":{"@id":"https:\/\/365-housse.com\/es\/#organization"},"potentialAction":[{"@type":"SearchAction","target":{"@type":"EntryPoint","urlTemplate":"https:\/\/365-housse.com\/es\/?s={search_term_string}"},"query-input":{"@type":"PropertyValueSpecification","valueRequired":true,"valueName":"search_term_string"}}],"inLanguage":"es"},{"@type":"Organization","@id":"https:\/\/365-housse.com\/es\/#organization","name":"Housse de Canap\u00e9","url":"https:\/\/365-housse.com\/es\/","logo":{"@type":"ImageObject","inLanguage":"es","@id":"https:\/\/365-housse.com\/es\/#\/schema\/logo\/image\/","url":"https:\/\/365-housse.com\/wp-content\/uploads\/2023\/06\/LOGO-400-\u00d7-200-px-392-x-134-px-16.png","contentUrl":"https:\/\/365-housse.com\/wp-content\/uploads\/2023\/06\/LOGO-400-\u00d7-200-px-392-x-134-px-16.png","width":392,"height":134,"caption":"Housse de Canap\u00e9"},"image":{"@id":"https:\/\/365-housse.com\/es\/#\/schema\/logo\/image\/"}}]}},"_links":{"self":[{"href":"https:\/\/365-housse.com\/es\/wp-json\/wp\/v2\/product\/17765"}],"collection":[{"href":"https:\/\/365-housse.com\/es\/wp-json\/wp\/v2\/product"}],"about":[{"href":"https:\/\/365-housse.com\/es\/wp-json\/wp\/v2\/types\/product"}],"replies":[{"embeddable":true,"href":"https:\/\/365-housse.com\/es\/wp-json\/wp\/v2\/comments?post=17765"}],"wp:featuredmedia":[{"embeddable":true,"href":"https:\/\/365-housse.com\/es\/wp-json\/wp\/v2\/media\/17647"}],"wp:attachment":[{"href":"https:\/\/365-housse.com\/es\/wp-json\/wp\/v2\/media?parent=17765"}],"wp:term":[{"taxonomy":"product_cat","embeddable":true,"href":"https:\/\/365-housse.com\/es\/wp-json\/wp\/v2\/product_cat?post=17765"},{"taxonomy":"product_tag","embeddable":true,"href":"https:\/\/365-housse.com\/es\/wp-json\/wp\/v2\/product_tag?post=17765"}],"curies":[{"name":"wp","href":"https:\/\/api.w.org\/{rel}","templated":true}]}}