{"id":17766,"date":"2023-06-12T09:11:09","date_gmt":"2023-06-12T09:11:09","guid":{"rendered":"https:\/\/365-housse.com\/products\/etui-ordinateur-13-pouces-cuir\/"},"modified":"2024-09-17T14:51:39","modified_gmt":"2024-09-17T14:51:39","slug":"etui-ordinateur-13-pouces-cuir","status":"publish","type":"product","link":"https:\/\/365-housse.com\/es\/productos\/etui-ordinateur-13-pouces-cuir\/","title":{"rendered":"Caja de computadora burdeos de 13 pulgadas"},"content":{"rendered":"<h2>\u00a1A\u00f1ade alegr\u00eda y pasi\u00f3n a tu look con esta <strong>funda para ordenador de 13 pulgadas en color burdeos<\/strong> en cuero!<\/h2>\n<h3>Las ventajas de utilizar esta <strong>funda protectora para ordenador de 13 pulgadas<\/strong>: <\/h3>\n<ul>\n<li>\n    <span class=\"a-list-item\">Una abertura en la parte superior para un <strong>acceso r\u00e1pido<\/strong> y seguro.<\/span>\n  <\/li>\n<li>\n    <span class=\"a-list-item\">Protege su computadora de manchas y suciedad.<\/span>\n  <\/li>\n<li>\n    <span class=\"a-list-item\">Aporta <strong>elegancia y clase<\/strong> a tu estilo.<\/span>\n  <\/li>\n<li>\n    <span class=\"a-list-item\">Extiende la vida \u00fatil de tu computadora.<\/span>\n  <\/li>\n<\/ul>\n<p>Caracter\u00edsticas:<\/p>\n<ul>\n<li>\n<p data-mce-fragment=\"1\"><span data-mce-fragment=\"1\">Material: <strong>cuero aut\u00e9ntico<\/strong><\/span>&lt;span data-mce-fragment=&quot;1&quot; <\/span><\/p>\n<\/li>\n<li>\n<p data-mce-fragment=\"1\"><span data-mce-fragment=\"1\">Forro grueso de felpa<br data-mce-fragment=\"1\" \/><\/span><\/p>\n<\/li>\n<li>\n<p data-mce-fragment=\"1\"><span data-mce-fragment=\"1\">Antiara\u00f1azos, antigolpes y resistente al agua <\/span><\/p>\n<\/li>\n<li>\n<p data-mce-fragment=\"1\"><span data-mce-fragment=\"1\">Cierre a presi\u00f3n<\/span><\/p>\n<\/li>\n<li>\n<p data-mce-fragment=\"1\"><span data-mce-fragment=\"1\"><strong>Funci\u00f3n de disipaci\u00f3n de calor<\/strong><br data-mce-fragment=\"1\" \/><\/span>&gt;p&gt;\n  <\/li>\n<li>\n<p data-mce-fragment=\"1\">Acabado preciso y delicado<br data-mce-fragment=\"1\" \/><\/p>\n<\/li>\n<li data-mce-fragment=\"1\">Tama\u00f1o: 13 pulgadas (apto para todas las marcas de computadoras)<\/li>\n<\/ul>\n","protected":false},"excerpt":{"rendered":"<p>\u00a1A\u00f1ade alegr\u00eda y pasi\u00f3n a tu look con esta funda para ordenador de 13 pulgadas en color burdeos en cuero! Las ventajas de utilizar esta funda protectora para ordenador de 13 pulgadas: Una abertura en la parte superior para un acceso r\u00e1pido y seguro. Protege su computadora de manchas y suciedad. Aporta elegancia y clase [&hellip;]<\/p>\n","protected":false},"featured_media":17648,"comment_status":"open","ping_status":"closed","template":"","meta":[],"product_cat":[165],"product_tag":[198],"class_list":{"0":"post-17766","1":"product","2":"type-product","3":"status-publish","4":"has-post-thumbnail","6":"product_cat-funda-para-ordenador-13-pulgadas","7":"product_tag-ordinateur-es","9":"first","10":"instock","11":"shipping-taxable","12":"purchasable","13":"product-type-simple"},"yoast_head":"<title>Caja de computadora burdeos de 13 pulgadas en entrega - gratis Ahorra un 30% en tu pedido<\/title>\n<meta name=\"description\" content=\"Recibe tu Caja de computadora burdeos de 13 pulgadas hoy y benef\u00edciate de la entrega - gratuita Env\u00edo en 24\/48h\" \/>\n<meta name=\"robots\" content=\"index, follow, max-snippet:-1, max-image-preview:large, max-video-preview:-1\" \/>\n<link rel=\"canonical\" href=\"https:\/\/365-housse.com\/es\/productos\/etui-ordinateur-13-pouces-cuir\/\" \/>\n<meta property=\"og:locale\" content=\"es_ES\" \/>\n<meta property=\"og:type\" content=\"article\" \/>\n<meta property=\"og:title\" content=\"Caja de computadora burdeos de 13 pulgadas en entrega - gratis Ahorra un 30% en tu pedido\" \/>\n<meta property=\"og:description\" content=\"Recibe tu Caja de computadora burdeos de 13 pulgadas hoy y benef\u00edciate de la entrega - gratuita Env\u00edo en 24\/48h\" \/>\n<meta property=\"og:url\" content=\"https:\/\/365-housse.com\/es\/productos\/etui-ordinateur-13-pouces-cuir\/\" \/>\n<meta property=\"og:site_name\" content=\"Housse de Canap\u00e9\" \/>\n<meta property=\"article:modified_time\" content=\"2024-09-17T14:51:39+00:00\" \/>\n<meta property=\"og:image\" content=\"https:\/\/365-housse.com\/wp-content\/uploads\/2023\/06\/etui-ordinateur-13-pouces-cuir.png\" \/>\n\t<meta property=\"og:image:width\" content=\"405\" \/>\n\t<meta property=\"og:image:height\" content=\"384\" \/>\n\t<meta property=\"og:image:type\" content=\"image\/png\" \/>\n<meta name=\"twitter:card\" content=\"summary_large_image\" \/>\n<meta name=\"twitter:label1\" content=\"Tiempo de lectura\" \/>\n\t<meta name=\"twitter:data1\" content=\"1 minuto\" \/>\n<script type=\"application\/ld+json\" class=\"yoast-schema-graph\">{\"@context\":\"https:\/\/schema.org\",\"@graph\":[{\"@type\":\"WebPage\",\"@id\":\"https:\/\/365-housse.com\/es\/productos\/etui-ordinateur-13-pouces-cuir\/\",\"url\":\"https:\/\/365-housse.com\/es\/productos\/etui-ordinateur-13-pouces-cuir\/\",\"name\":\"Caja de computadora burdeos de 13 pulgadas en entrega - gratis Ahorra un 30% en tu pedido\",\"isPartOf\":{\"@id\":\"https:\/\/365-housse.com\/es\/#website\"},\"primaryImageOfPage\":{\"@id\":\"https:\/\/365-housse.com\/es\/productos\/etui-ordinateur-13-pouces-cuir\/#primaryimage\"},\"image\":{\"@id\":\"https:\/\/365-housse.com\/es\/productos\/etui-ordinateur-13-pouces-cuir\/#primaryimage\"},\"thumbnailUrl\":\"https:\/\/365-housse.com\/wp-content\/uploads\/2023\/06\/etui-ordinateur-13-pouces-cuir.png\",\"datePublished\":\"2023-06-12T09:11:09+00:00\",\"dateModified\":\"2024-09-17T14:51:39+00:00\",\"description\":\"Recibe tu Caja de computadora burdeos de 13 pulgadas hoy y benef\u00edciate de la entrega - gratuita Env\u00edo en 24\/48h\",\"breadcrumb\":{\"@id\":\"https:\/\/365-housse.com\/es\/productos\/etui-ordinateur-13-pouces-cuir\/#breadcrumb\"},\"inLanguage\":\"es\",\"potentialAction\":[{\"@type\":\"ReadAction\",\"target\":[\"https:\/\/365-housse.com\/es\/productos\/etui-ordinateur-13-pouces-cuir\/\"]}]},{\"@type\":\"ImageObject\",\"inLanguage\":\"es\",\"@id\":\"https:\/\/365-housse.com\/es\/productos\/etui-ordinateur-13-pouces-cuir\/#primaryimage\",\"url\":\"https:\/\/365-housse.com\/wp-content\/uploads\/2023\/06\/etui-ordinateur-13-pouces-cuir.png\",\"contentUrl\":\"https:\/\/365-housse.com\/wp-content\/uploads\/2023\/06\/etui-ordinateur-13-pouces-cuir.png\",\"width\":405,\"height\":384},{\"@type\":\"BreadcrumbList\",\"@id\":\"https:\/\/365-housse.com\/es\/productos\/etui-ordinateur-13-pouces-cuir\/#breadcrumb\",\"itemListElement\":[{\"@type\":\"ListItem\",\"position\":1,\"name\":\"Accueil\",\"item\":\"https:\/\/365-housse.com\/es\/\"},{\"@type\":\"ListItem\",\"position\":2,\"name\":\"Tienda\",\"item\":\"https:\/\/365-housse.com\/es\/tienda\/\"},{\"@type\":\"ListItem\",\"position\":3,\"name\":\"Caja de computadora burdeos de 13 pulgadas\"}]},{\"@type\":\"WebSite\",\"@id\":\"https:\/\/365-housse.com\/es\/#website\",\"url\":\"https:\/\/365-housse.com\/es\/\",\"name\":\"Housse de Canap\u00e9\",\"description\":\"Le N\u00b01 de la Housse\",\"publisher\":{\"@id\":\"https:\/\/365-housse.com\/es\/#organization\"},\"potentialAction\":[{\"@type\":\"SearchAction\",\"target\":{\"@type\":\"EntryPoint\",\"urlTemplate\":\"https:\/\/365-housse.com\/es\/?s={search_term_string}\"},\"query-input\":{\"@type\":\"PropertyValueSpecification\",\"valueRequired\":true,\"valueName\":\"search_term_string\"}}],\"inLanguage\":\"es\"},{\"@type\":\"Organization\",\"@id\":\"https:\/\/365-housse.com\/es\/#organization\",\"name\":\"Housse de Canap\u00e9\",\"url\":\"https:\/\/365-housse.com\/es\/\",\"logo\":{\"@type\":\"ImageObject\",\"inLanguage\":\"es\",\"@id\":\"https:\/\/365-housse.com\/es\/#\/schema\/logo\/image\/\",\"url\":\"https:\/\/365-housse.com\/wp-content\/uploads\/2023\/06\/LOGO-400-\u00d7-200-px-392-x-134-px-16.png\",\"contentUrl\":\"https:\/\/365-housse.com\/wp-content\/uploads\/2023\/06\/LOGO-400-\u00d7-200-px-392-x-134-px-16.png\",\"width\":392,\"height\":134,\"caption\":\"Housse de Canap\u00e9\"},\"image\":{\"@id\":\"https:\/\/365-housse.com\/es\/#\/schema\/logo\/image\/\"}}]}<\/script>","yoast_head_json":{"title":"Caja de computadora burdeos de 13 pulgadas en entrega - gratis Ahorra un 30% en tu pedido","description":"Recibe tu Caja de computadora burdeos de 13 pulgadas hoy y benef\u00edciate de la entrega - gratuita Env\u00edo en 24\/48h","robots":{"index":"index","follow":"follow","max-snippet":"max-snippet:-1","max-image-preview":"max-image-preview:large","max-video-preview":"max-video-preview:-1"},"canonical":"https:\/\/365-housse.com\/es\/productos\/etui-ordinateur-13-pouces-cuir\/","og_locale":"es_ES","og_type":"article","og_title":"Caja de computadora burdeos de 13 pulgadas en entrega - gratis Ahorra un 30% en tu pedido","og_description":"Recibe tu Caja de computadora burdeos de 13 pulgadas hoy y benef\u00edciate de la entrega - gratuita Env\u00edo en 24\/48h","og_url":"https:\/\/365-housse.com\/es\/productos\/etui-ordinateur-13-pouces-cuir\/","og_site_name":"Housse de Canap\u00e9","article_modified_time":"2024-09-17T14:51:39+00:00","og_image":[{"width":405,"height":384,"url":"https:\/\/365-housse.com\/wp-content\/uploads\/2023\/06\/etui-ordinateur-13-pouces-cuir.png","type":"image\/png"}],"twitter_card":"summary_large_image","twitter_misc":{"Tiempo de lectura":"1 minuto"},"schema":{"@context":"https:\/\/schema.org","@graph":[{"@type":"WebPage","@id":"https:\/\/365-housse.com\/es\/productos\/etui-ordinateur-13-pouces-cuir\/","url":"https:\/\/365-housse.com\/es\/productos\/etui-ordinateur-13-pouces-cuir\/","name":"Caja de computadora burdeos de 13 pulgadas en entrega - gratis Ahorra un 30% en tu pedido","isPartOf":{"@id":"https:\/\/365-housse.com\/es\/#website"},"primaryImageOfPage":{"@id":"https:\/\/365-housse.com\/es\/productos\/etui-ordinateur-13-pouces-cuir\/#primaryimage"},"image":{"@id":"https:\/\/365-housse.com\/es\/productos\/etui-ordinateur-13-pouces-cuir\/#primaryimage"},"thumbnailUrl":"https:\/\/365-housse.com\/wp-content\/uploads\/2023\/06\/etui-ordinateur-13-pouces-cuir.png","datePublished":"2023-06-12T09:11:09+00:00","dateModified":"2024-09-17T14:51:39+00:00","description":"Recibe tu Caja de computadora burdeos de 13 pulgadas hoy y benef\u00edciate de la entrega - gratuita Env\u00edo en 24\/48h","breadcrumb":{"@id":"https:\/\/365-housse.com\/es\/productos\/etui-ordinateur-13-pouces-cuir\/#breadcrumb"},"inLanguage":"es","potentialAction":[{"@type":"ReadAction","target":["https:\/\/365-housse.com\/es\/productos\/etui-ordinateur-13-pouces-cuir\/"]}]},{"@type":"ImageObject","inLanguage":"es","@id":"https:\/\/365-housse.com\/es\/productos\/etui-ordinateur-13-pouces-cuir\/#primaryimage","url":"https:\/\/365-housse.com\/wp-content\/uploads\/2023\/06\/etui-ordinateur-13-pouces-cuir.png","contentUrl":"https:\/\/365-housse.com\/wp-content\/uploads\/2023\/06\/etui-ordinateur-13-pouces-cuir.png","width":405,"height":384},{"@type":"BreadcrumbList","@id":"https:\/\/365-housse.com\/es\/productos\/etui-ordinateur-13-pouces-cuir\/#breadcrumb","itemListElement":[{"@type":"ListItem","position":1,"name":"Accueil","item":"https:\/\/365-housse.com\/es\/"},{"@type":"ListItem","position":2,"name":"Tienda","item":"https:\/\/365-housse.com\/es\/tienda\/"},{"@type":"ListItem","position":3,"name":"Caja de computadora burdeos de 13 pulgadas"}]},{"@type":"WebSite","@id":"https:\/\/365-housse.com\/es\/#website","url":"https:\/\/365-housse.com\/es\/","name":"Housse de Canap\u00e9","description":"Le N\u00b01 de la Housse","publisher":{"@id":"https:\/\/365-housse.com\/es\/#organization"},"potentialAction":[{"@type":"SearchAction","target":{"@type":"EntryPoint","urlTemplate":"https:\/\/365-housse.com\/es\/?s={search_term_string}"},"query-input":{"@type":"PropertyValueSpecification","valueRequired":true,"valueName":"search_term_string"}}],"inLanguage":"es"},{"@type":"Organization","@id":"https:\/\/365-housse.com\/es\/#organization","name":"Housse de Canap\u00e9","url":"https:\/\/365-housse.com\/es\/","logo":{"@type":"ImageObject","inLanguage":"es","@id":"https:\/\/365-housse.com\/es\/#\/schema\/logo\/image\/","url":"https:\/\/365-housse.com\/wp-content\/uploads\/2023\/06\/LOGO-400-\u00d7-200-px-392-x-134-px-16.png","contentUrl":"https:\/\/365-housse.com\/wp-content\/uploads\/2023\/06\/LOGO-400-\u00d7-200-px-392-x-134-px-16.png","width":392,"height":134,"caption":"Housse de Canap\u00e9"},"image":{"@id":"https:\/\/365-housse.com\/es\/#\/schema\/logo\/image\/"}}]}},"_links":{"self":[{"href":"https:\/\/365-housse.com\/es\/wp-json\/wp\/v2\/product\/17766"}],"collection":[{"href":"https:\/\/365-housse.com\/es\/wp-json\/wp\/v2\/product"}],"about":[{"href":"https:\/\/365-housse.com\/es\/wp-json\/wp\/v2\/types\/product"}],"replies":[{"embeddable":true,"href":"https:\/\/365-housse.com\/es\/wp-json\/wp\/v2\/comments?post=17766"}],"wp:featuredmedia":[{"embeddable":true,"href":"https:\/\/365-housse.com\/es\/wp-json\/wp\/v2\/media\/17648"}],"wp:attachment":[{"href":"https:\/\/365-housse.com\/es\/wp-json\/wp\/v2\/media?parent=17766"}],"wp:term":[{"taxonomy":"product_cat","embeddable":true,"href":"https:\/\/365-housse.com\/es\/wp-json\/wp\/v2\/product_cat?post=17766"},{"taxonomy":"product_tag","embeddable":true,"href":"https:\/\/365-housse.com\/es\/wp-json\/wp\/v2\/product_tag?post=17766"}],"curies":[{"name":"wp","href":"https:\/\/api.w.org\/{rel}","templated":true}]}}