{"id":17767,"date":"2023-06-12T09:11:09","date_gmt":"2023-06-12T09:11:09","guid":{"rendered":"https:\/\/365-housse.com\/products\/sacoche-ordinateur-13-pouces-cuir\/"},"modified":"2024-09-17T14:51:39","modified_gmt":"2024-09-17T14:51:39","slug":"sacoche-ordinateur-13-pouces-cuir","status":"publish","type":"product","link":"https:\/\/365-housse.com\/es\/productos\/sacoche-ordinateur-13-pouces-cuir\/","title":{"rendered":"Moderna carcasa para ordenador de 13 pulgadas"},"content":{"rendered":"<h2>Dale a tu computadora de 13 pulgadas una <strong>protecci\u00f3n vintage y elegante<\/strong>  <\/h2>\n<h3>Las ventajas de esta <strong>funda de piel original<\/strong> que se adapta f\u00e1cilmente a tu estilo:<\/h3>\n<ul>\n<li><span class=\"a-list-item\">Apertura superior para <strong>acceso r\u00e1pido<\/strong><\/span><\/li>\n<li><span class=\"a-list-item\">Util\u00edzalo <strong>con seguridad<\/strong> y <strong>prot\u00e9gelo<\/strong> de manchas y suciedad<\/span><\/li>\n<li><span class=\"a-list-item\">A\u00f1ade un toque de <strong>clase y elegancia<\/strong> a tu look<\/span><\/li>\n<li><span class=\"a-list-item\">Ayuda a <strong>extender la vida \u00fatil<\/strong> de su computadora<\/span><\/li>\n<\/ul>\n<p>Caracter\u00edsticas:<\/p>\n<ul>\n<li data-mce-fragment=\"1\"><span data-mce-fragment=\"1\">Material: cuero genuino (100 % piel de vaca)<\/span>&lt;span data-mce-fragment=&quot;1&quot; <\/ span><\/li>\n<li data-mce-fragment=\"1\"><span data-mce-fragment=\"1\">Forro de poli\u00e9ster<br data-mce-fragment=\"1\" \/><\/span><\/li>\n<li data-mce-fragment=\"1\"><span data-mce-fragment=\"1\">Antiara\u00f1azos, antigolpes y resistente al agua<br data-mce-fragment=\"1\" \/><\/span> <\/li>\n<li data-mce-fragment=\"1\"><span data-mce-fragment=\"1\">Cremalleras dobles resistentes que se abren 180\u00b0<\/span><\/li>\n<li data-mce-fragment=\"1\"><span data-mce-fragment=\"1\">Bolsillo y bolsillo interior con ranura<br data-mce-fragment=\"1\" \/><\/span><\/li>\n<li data-mce-fragment=\"1\"><span data-mce-fragment=\"1\">Asa de mano y correa para el hombro desmontable<br data-mce-fragment=\"1\" \/><\/span><\/li>\n<li data-mce-fragment=\"1\">Acabado preciso y delicado<br data-mce-fragment=\"1\" \/><\/li>\n<li data-mce-fragment=\"1\">Tama\u00f1o: 13 pulgadas (apto para todas las marcas de computadoras)<\/li>\n<\/ul>\n<h2>Dale a tu port\u00e1til de 13 pulgadas un <strong>aspecto vintage y elegante<\/strong>  <\/h2>\n<h3>Las ventajas de este <strong>bolso para ordenador de cuero de 13 pulgadas<\/strong> que combinar\u00e1 f\u00e1cilmente con su estilo de ropa:<\/h3>\n<ul>\n<li><span class=\"a-list-item\">Apertura superior para <strong>acceso r\u00e1pido<\/strong><\/span><\/li>\n<li><span class=\"a-list-item\">Transp\u00f3rtelo <strong>con seguridad<\/strong> y prot\u00e9jalo de manchas y suciedad<\/span><\/li>\n<li><span class=\"a-list-item\">A\u00f1ade <strong>clase y elegancia<\/strong> a tu look tom\u00e1ndolo<\/span><\/li>\n<li><span class=\"a-list-item\">Ayuda a <strong>extender la vida \u00fatil<\/strong> de su computadora<\/span><\/li>\n<\/ul>\n<p>Caracter\u00edsticas:<\/p>\n<ul>\n<li data-mce-fragment=\"1\"><span data-mce-fragment=\"1\">Material: cuero genuino (100 % piel de vaca)<\/span>&lt;span data-mce-fragment=&quot;1&quot; <\/ span><\/li>\n<li data-mce-fragment=\"1\"><span data-mce-fragment=\"1\">Forro de poli\u00e9ster<br data-mce-fragment=\"1\" \/><\/span><\/li>\n<li data-mce-fragment=\"1\"><span data-mce-fragment=\"1\">Antiara\u00f1azos, antigolpes y resistente al agua<br data-mce-fragment=\"1\" \/><\/span> <\/li>\n<li data-mce-fragment=\"1\"><span data-mce-fragment=\"1\">Cremalleras dobles resistentes que se abren 180\u00b0<\/span><\/li>\n<li data-mce-fragment=\"1\"><span data-mce-fragment=\"1\">Bolsillo y bolsillo interior con ranura<br data-mce-fragment=\"1\" \/><\/span><\/li>\n<li data-mce-fragment=\"1\"><span data-mce-fragment=\"1\">Asa de mano y correa para el hombro desmontable<br data-mce-fragment=\"1\" \/><\/span><\/li>\n<li data-mce-fragment=\"1\">Acabado preciso y delicado<br data-mce-fragment=\"1\" \/><\/li>\n<li data-mce-fragment=\"1\">Tama\u00f1o: 13 pulgadas (apto para todas las marcas de computadoras)<\/li>\n<\/ul>\n","protected":false},"excerpt":{"rendered":"<p>Dale a tu computadora de 13 pulgadas una protecci\u00f3n vintage y elegante Las ventajas de esta funda de piel original que se adapta f\u00e1cilmente a tu estilo: Apertura superior para acceso r\u00e1pido Util\u00edzalo con seguridad y prot\u00e9gelo de manchas y suciedad A\u00f1ade un toque de clase y elegancia a tu look Ayuda a extender la [&hellip;]<\/p>\n","protected":false},"featured_media":17650,"comment_status":"open","ping_status":"closed","template":"","meta":[],"product_cat":[165],"product_tag":[198],"class_list":{"0":"post-17767","1":"product","2":"type-product","3":"status-publish","4":"has-post-thumbnail","6":"product_cat-funda-para-ordenador-13-pulgadas","7":"product_tag-ordinateur-es","9":"first","10":"instock","11":"shipping-taxable","12":"purchasable","13":"product-type-simple"},"yoast_head":"<title>Moderna carcasa para ordenador de 13 pulgadas en entrega - gratis Ahorra un 30% en tu pedido<\/title>\n<meta name=\"description\" content=\"Recibe tu Moderna carcasa para ordenador de 13 pulgadas hoy y benef\u00edciate de la entrega - gratuita Env\u00edo en 24\/48h\" \/>\n<meta name=\"robots\" content=\"index, follow, max-snippet:-1, max-image-preview:large, max-video-preview:-1\" \/>\n<link rel=\"canonical\" href=\"https:\/\/365-housse.com\/es\/productos\/sacoche-ordinateur-13-pouces-cuir\/\" \/>\n<meta property=\"og:locale\" content=\"es_ES\" \/>\n<meta property=\"og:type\" content=\"article\" \/>\n<meta property=\"og:title\" content=\"Moderna carcasa para ordenador de 13 pulgadas en entrega - gratis Ahorra un 30% en tu pedido\" \/>\n<meta property=\"og:description\" content=\"Recibe tu Moderna carcasa para ordenador de 13 pulgadas hoy y benef\u00edciate de la entrega - gratuita Env\u00edo en 24\/48h\" \/>\n<meta property=\"og:url\" content=\"https:\/\/365-housse.com\/es\/productos\/sacoche-ordinateur-13-pouces-cuir\/\" \/>\n<meta property=\"og:site_name\" content=\"Housse de Canap\u00e9\" \/>\n<meta property=\"article:modified_time\" content=\"2024-09-17T14:51:39+00:00\" \/>\n<meta property=\"og:image\" content=\"https:\/\/365-housse.com\/wp-content\/uploads\/2023\/06\/sacoche-ordinateur-13-pouces-cuir.png\" \/>\n\t<meta property=\"og:image:width\" content=\"391\" \/>\n\t<meta property=\"og:image:height\" content=\"317\" \/>\n\t<meta property=\"og:image:type\" content=\"image\/png\" \/>\n<meta name=\"twitter:card\" content=\"summary_large_image\" \/>\n<meta name=\"twitter:label1\" content=\"Tiempo de lectura\" \/>\n\t<meta name=\"twitter:data1\" content=\"1 minuto\" \/>\n<script type=\"application\/ld+json\" class=\"yoast-schema-graph\">{\"@context\":\"https:\/\/schema.org\",\"@graph\":[{\"@type\":\"WebPage\",\"@id\":\"https:\/\/365-housse.com\/es\/productos\/sacoche-ordinateur-13-pouces-cuir\/\",\"url\":\"https:\/\/365-housse.com\/es\/productos\/sacoche-ordinateur-13-pouces-cuir\/\",\"name\":\"Moderna carcasa para ordenador de 13 pulgadas en entrega - gratis Ahorra un 30% en tu pedido\",\"isPartOf\":{\"@id\":\"https:\/\/365-housse.com\/es\/#website\"},\"primaryImageOfPage\":{\"@id\":\"https:\/\/365-housse.com\/es\/productos\/sacoche-ordinateur-13-pouces-cuir\/#primaryimage\"},\"image\":{\"@id\":\"https:\/\/365-housse.com\/es\/productos\/sacoche-ordinateur-13-pouces-cuir\/#primaryimage\"},\"thumbnailUrl\":\"https:\/\/365-housse.com\/wp-content\/uploads\/2023\/06\/sacoche-ordinateur-13-pouces-cuir.png\",\"datePublished\":\"2023-06-12T09:11:09+00:00\",\"dateModified\":\"2024-09-17T14:51:39+00:00\",\"description\":\"Recibe tu Moderna carcasa para ordenador de 13 pulgadas hoy y benef\u00edciate de la entrega - gratuita Env\u00edo en 24\/48h\",\"breadcrumb\":{\"@id\":\"https:\/\/365-housse.com\/es\/productos\/sacoche-ordinateur-13-pouces-cuir\/#breadcrumb\"},\"inLanguage\":\"es\",\"potentialAction\":[{\"@type\":\"ReadAction\",\"target\":[\"https:\/\/365-housse.com\/es\/productos\/sacoche-ordinateur-13-pouces-cuir\/\"]}]},{\"@type\":\"ImageObject\",\"inLanguage\":\"es\",\"@id\":\"https:\/\/365-housse.com\/es\/productos\/sacoche-ordinateur-13-pouces-cuir\/#primaryimage\",\"url\":\"https:\/\/365-housse.com\/wp-content\/uploads\/2023\/06\/sacoche-ordinateur-13-pouces-cuir.png\",\"contentUrl\":\"https:\/\/365-housse.com\/wp-content\/uploads\/2023\/06\/sacoche-ordinateur-13-pouces-cuir.png\",\"width\":391,\"height\":317},{\"@type\":\"BreadcrumbList\",\"@id\":\"https:\/\/365-housse.com\/es\/productos\/sacoche-ordinateur-13-pouces-cuir\/#breadcrumb\",\"itemListElement\":[{\"@type\":\"ListItem\",\"position\":1,\"name\":\"Accueil\",\"item\":\"https:\/\/365-housse.com\/es\/\"},{\"@type\":\"ListItem\",\"position\":2,\"name\":\"Tienda\",\"item\":\"https:\/\/365-housse.com\/es\/tienda\/\"},{\"@type\":\"ListItem\",\"position\":3,\"name\":\"Moderna carcasa para ordenador de 13 pulgadas\"}]},{\"@type\":\"WebSite\",\"@id\":\"https:\/\/365-housse.com\/es\/#website\",\"url\":\"https:\/\/365-housse.com\/es\/\",\"name\":\"Housse de Canap\u00e9\",\"description\":\"Le N\u00b01 de la Housse\",\"publisher\":{\"@id\":\"https:\/\/365-housse.com\/es\/#organization\"},\"potentialAction\":[{\"@type\":\"SearchAction\",\"target\":{\"@type\":\"EntryPoint\",\"urlTemplate\":\"https:\/\/365-housse.com\/es\/?s={search_term_string}\"},\"query-input\":{\"@type\":\"PropertyValueSpecification\",\"valueRequired\":true,\"valueName\":\"search_term_string\"}}],\"inLanguage\":\"es\"},{\"@type\":\"Organization\",\"@id\":\"https:\/\/365-housse.com\/es\/#organization\",\"name\":\"Housse de Canap\u00e9\",\"url\":\"https:\/\/365-housse.com\/es\/\",\"logo\":{\"@type\":\"ImageObject\",\"inLanguage\":\"es\",\"@id\":\"https:\/\/365-housse.com\/es\/#\/schema\/logo\/image\/\",\"url\":\"https:\/\/365-housse.com\/wp-content\/uploads\/2023\/06\/LOGO-400-\u00d7-200-px-392-x-134-px-16.png\",\"contentUrl\":\"https:\/\/365-housse.com\/wp-content\/uploads\/2023\/06\/LOGO-400-\u00d7-200-px-392-x-134-px-16.png\",\"width\":392,\"height\":134,\"caption\":\"Housse de Canap\u00e9\"},\"image\":{\"@id\":\"https:\/\/365-housse.com\/es\/#\/schema\/logo\/image\/\"}}]}<\/script>","yoast_head_json":{"title":"Moderna carcasa para ordenador de 13 pulgadas en entrega - gratis Ahorra un 30% en tu pedido","description":"Recibe tu Moderna carcasa para ordenador de 13 pulgadas hoy y benef\u00edciate de la entrega - gratuita Env\u00edo en 24\/48h","robots":{"index":"index","follow":"follow","max-snippet":"max-snippet:-1","max-image-preview":"max-image-preview:large","max-video-preview":"max-video-preview:-1"},"canonical":"https:\/\/365-housse.com\/es\/productos\/sacoche-ordinateur-13-pouces-cuir\/","og_locale":"es_ES","og_type":"article","og_title":"Moderna carcasa para ordenador de 13 pulgadas en entrega - gratis Ahorra un 30% en tu pedido","og_description":"Recibe tu Moderna carcasa para ordenador de 13 pulgadas hoy y benef\u00edciate de la entrega - gratuita Env\u00edo en 24\/48h","og_url":"https:\/\/365-housse.com\/es\/productos\/sacoche-ordinateur-13-pouces-cuir\/","og_site_name":"Housse de Canap\u00e9","article_modified_time":"2024-09-17T14:51:39+00:00","og_image":[{"width":391,"height":317,"url":"https:\/\/365-housse.com\/wp-content\/uploads\/2023\/06\/sacoche-ordinateur-13-pouces-cuir.png","type":"image\/png"}],"twitter_card":"summary_large_image","twitter_misc":{"Tiempo de lectura":"1 minuto"},"schema":{"@context":"https:\/\/schema.org","@graph":[{"@type":"WebPage","@id":"https:\/\/365-housse.com\/es\/productos\/sacoche-ordinateur-13-pouces-cuir\/","url":"https:\/\/365-housse.com\/es\/productos\/sacoche-ordinateur-13-pouces-cuir\/","name":"Moderna carcasa para ordenador de 13 pulgadas en entrega - gratis Ahorra un 30% en tu pedido","isPartOf":{"@id":"https:\/\/365-housse.com\/es\/#website"},"primaryImageOfPage":{"@id":"https:\/\/365-housse.com\/es\/productos\/sacoche-ordinateur-13-pouces-cuir\/#primaryimage"},"image":{"@id":"https:\/\/365-housse.com\/es\/productos\/sacoche-ordinateur-13-pouces-cuir\/#primaryimage"},"thumbnailUrl":"https:\/\/365-housse.com\/wp-content\/uploads\/2023\/06\/sacoche-ordinateur-13-pouces-cuir.png","datePublished":"2023-06-12T09:11:09+00:00","dateModified":"2024-09-17T14:51:39+00:00","description":"Recibe tu Moderna carcasa para ordenador de 13 pulgadas hoy y benef\u00edciate de la entrega - gratuita Env\u00edo en 24\/48h","breadcrumb":{"@id":"https:\/\/365-housse.com\/es\/productos\/sacoche-ordinateur-13-pouces-cuir\/#breadcrumb"},"inLanguage":"es","potentialAction":[{"@type":"ReadAction","target":["https:\/\/365-housse.com\/es\/productos\/sacoche-ordinateur-13-pouces-cuir\/"]}]},{"@type":"ImageObject","inLanguage":"es","@id":"https:\/\/365-housse.com\/es\/productos\/sacoche-ordinateur-13-pouces-cuir\/#primaryimage","url":"https:\/\/365-housse.com\/wp-content\/uploads\/2023\/06\/sacoche-ordinateur-13-pouces-cuir.png","contentUrl":"https:\/\/365-housse.com\/wp-content\/uploads\/2023\/06\/sacoche-ordinateur-13-pouces-cuir.png","width":391,"height":317},{"@type":"BreadcrumbList","@id":"https:\/\/365-housse.com\/es\/productos\/sacoche-ordinateur-13-pouces-cuir\/#breadcrumb","itemListElement":[{"@type":"ListItem","position":1,"name":"Accueil","item":"https:\/\/365-housse.com\/es\/"},{"@type":"ListItem","position":2,"name":"Tienda","item":"https:\/\/365-housse.com\/es\/tienda\/"},{"@type":"ListItem","position":3,"name":"Moderna carcasa para ordenador de 13 pulgadas"}]},{"@type":"WebSite","@id":"https:\/\/365-housse.com\/es\/#website","url":"https:\/\/365-housse.com\/es\/","name":"Housse de Canap\u00e9","description":"Le N\u00b01 de la Housse","publisher":{"@id":"https:\/\/365-housse.com\/es\/#organization"},"potentialAction":[{"@type":"SearchAction","target":{"@type":"EntryPoint","urlTemplate":"https:\/\/365-housse.com\/es\/?s={search_term_string}"},"query-input":{"@type":"PropertyValueSpecification","valueRequired":true,"valueName":"search_term_string"}}],"inLanguage":"es"},{"@type":"Organization","@id":"https:\/\/365-housse.com\/es\/#organization","name":"Housse de Canap\u00e9","url":"https:\/\/365-housse.com\/es\/","logo":{"@type":"ImageObject","inLanguage":"es","@id":"https:\/\/365-housse.com\/es\/#\/schema\/logo\/image\/","url":"https:\/\/365-housse.com\/wp-content\/uploads\/2023\/06\/LOGO-400-\u00d7-200-px-392-x-134-px-16.png","contentUrl":"https:\/\/365-housse.com\/wp-content\/uploads\/2023\/06\/LOGO-400-\u00d7-200-px-392-x-134-px-16.png","width":392,"height":134,"caption":"Housse de Canap\u00e9"},"image":{"@id":"https:\/\/365-housse.com\/es\/#\/schema\/logo\/image\/"}}]}},"_links":{"self":[{"href":"https:\/\/365-housse.com\/es\/wp-json\/wp\/v2\/product\/17767"}],"collection":[{"href":"https:\/\/365-housse.com\/es\/wp-json\/wp\/v2\/product"}],"about":[{"href":"https:\/\/365-housse.com\/es\/wp-json\/wp\/v2\/types\/product"}],"replies":[{"embeddable":true,"href":"https:\/\/365-housse.com\/es\/wp-json\/wp\/v2\/comments?post=17767"}],"wp:featuredmedia":[{"embeddable":true,"href":"https:\/\/365-housse.com\/es\/wp-json\/wp\/v2\/media\/17650"}],"wp:attachment":[{"href":"https:\/\/365-housse.com\/es\/wp-json\/wp\/v2\/media?parent=17767"}],"wp:term":[{"taxonomy":"product_cat","embeddable":true,"href":"https:\/\/365-housse.com\/es\/wp-json\/wp\/v2\/product_cat?post=17767"},{"taxonomy":"product_tag","embeddable":true,"href":"https:\/\/365-housse.com\/es\/wp-json\/wp\/v2\/product_tag?post=17767"}],"curies":[{"name":"wp","href":"https:\/\/api.w.org\/{rel}","templated":true}]}}