{"id":17820,"date":"2023-06-12T08:57:39","date_gmt":"2023-06-12T08:57:39","guid":{"rendered":"https:\/\/365-housse.com\/products\/housse-ordinateur-moderne-noir\/"},"modified":"2024-09-17T14:52:00","modified_gmt":"2024-09-17T14:52:00","slug":"housse-ordinateur-moderne-noir","status":"publish","type":"product","link":"https:\/\/365-housse.com\/es\/productos\/housse-ordinateur-moderne-noir\/","title":{"rendered":"Caja de ordenador Moderno Negro"},"content":{"rendered":"<h2>Esta <strong>funda de ordenador negra contempor\u00e1nea<\/strong> es la soluci\u00f3n ideal para las personas a las que les gustan los colores apagados. Este patr\u00f3n est\u00e1 dise\u00f1ado con patrones musicales. Elegir esta funda garantizar\u00e1 la seguridad y buena conservaci\u00f3n de tu PC.<\/h2>\n<h3 data-mce-fragment=\"1\">Ventajas de la<span data-mce-fragment=\"1\"><\/span><strong data-mce-fragment=\"1\">caja de computadora negra contempor\u00e1nea<\/strong>, un accesorio \u00fatil y eficaz:<\/h3>\n<ul>\n<li>\n<p data-mce-fragment=\"1\"><span class=\"a-list-item\" data-mce-fragment=\"1\">Ll\u00e9valo contigo <strong data-mce-fragment=\"1\"> seguridad <\/strong>, y mantenlo alejado de suciedad y manchas<\/span><\/p>\n<\/li>\n<li>\n<p data-mce-fragment=\"1\"><span class=\"a-list-item\" data-mce-fragment=\"1\"><\/span>Cubierta con apertura superior para un<span data-mce-fragment=\"1\"> <\/span><strong data-mce-fragment=\"1\">acceso c\u00f3modo<\/strong><\/p>\n<\/li>\n<li>\n<p data-mce-fragment=\"1\"><span class=\"a-list-item\" data-mce-fragment=\"1\">Aporta <strong data-mce-fragment=\"1\">clase<\/strong> y <strong data-mce-fragment=\"1\">elegancia<\/strong> a tu look, cuando lo tomes.<\/span><\/p>\n<\/li>\n<li>\n<p data-mce-fragment=\"1\"><span class=\"a-list-item\" data-mce-fragment=\"1\"><\/span>Contribuye a <strong data-mce-fragment=\"1\">extiende la vida \u00fatil<\/strong>de tu ordenador<\/p>\n<\/li>\n<\/ul>\n<p data-mce-fragment=\"1\"><strong data-mce-fragment=\"1\">Caracter\u00edsticas:<\/strong><\/p>\n<ul>\n<li>\n<p data-mce-fragment=\"1\"><span data-mce-fragment=\"1\">Composici\u00f3n (Material): Neopreno<\/span><span data-mce-fragment=\"1\"><\/span> <\/p>\n<\/li>\n<li>\n<p data-mce-fragment=\"1\"><span data-mce-fragment=\"1\">Impermeable y resistente al agua<\/span><\/p>\n<\/li>\n<li>\n<p data-mce-fragment=\"1\">Protege su computadora de impactos y rayones<br data-mce-fragment=\"1\" \/><\/p>\n<\/li>\n<li>\n<p data-mce-fragment=\"1\">Cremallera resistente con construcci\u00f3n de sello cerrado<\/p>\n<\/li>\n<li>\n<p data-mce-fragment=\"1\"><strong data-mce-fragment=\"1\">acabado preciso<\/strong> y delicado<\/p>\n<\/li>\n<li data-mce-fragment=\"1\">Tama\u00f1o: Varios tama\u00f1os <span data-mce-fragment=\"1\">(Apto para todas las marcas de computadoras)<\/span> <\/li>\n<\/ul>\n<p><strong> <\/strong><\/p>\n<p><span> <\/span><\/p>\n","protected":false},"excerpt":{"rendered":"<p>Esta funda de ordenador negra contempor\u00e1nea es la soluci\u00f3n ideal para las personas a las que les gustan los colores apagados. Este patr\u00f3n est\u00e1 dise\u00f1ado con patrones musicales. Elegir esta funda garantizar\u00e1 la seguridad y buena conservaci\u00f3n de tu PC. Ventajas de lacaja de computadora negra contempor\u00e1nea, un accesorio \u00fatil y eficaz: Ll\u00e9valo contigo seguridad [&hellip;]<\/p>\n","protected":false},"featured_media":17625,"comment_status":"open","ping_status":"closed","template":"","meta":[],"product_cat":[164,161],"product_tag":[198],"class_list":{"0":"post-17820","1":"product","2":"type-product","3":"status-publish","4":"has-post-thumbnail","6":"product_cat-bolsa-de-ordenador","7":"product_cat-portada-interior","8":"product_tag-ordinateur-es","10":"first","11":"instock","12":"shipping-taxable","13":"product-type-variable"},"yoast_head":"<title>Caja de ordenador Moderno Negro en entrega - gratis Ahorra un 30% en tu pedido<\/title>\n<meta name=\"description\" content=\"Recibe tu Caja de ordenador Moderno Negro hoy y benef\u00edciate de la entrega - gratuita Env\u00edo en 24\/48h\" \/>\n<meta name=\"robots\" content=\"index, follow, max-snippet:-1, max-image-preview:large, max-video-preview:-1\" \/>\n<link rel=\"canonical\" href=\"https:\/\/365-housse.com\/es\/productos\/housse-ordinateur-moderne-noir\/\" \/>\n<meta property=\"og:locale\" content=\"es_ES\" \/>\n<meta property=\"og:type\" content=\"article\" \/>\n<meta property=\"og:title\" content=\"Caja de ordenador Moderno Negro en entrega - gratis Ahorra un 30% en tu pedido\" \/>\n<meta property=\"og:description\" content=\"Recibe tu Caja de ordenador Moderno Negro hoy y benef\u00edciate de la entrega - gratuita Env\u00edo en 24\/48h\" \/>\n<meta property=\"og:url\" content=\"https:\/\/365-housse.com\/es\/productos\/housse-ordinateur-moderne-noir\/\" \/>\n<meta property=\"og:site_name\" content=\"Housse de Canap\u00e9\" \/>\n<meta property=\"article:modified_time\" content=\"2024-09-17T14:52:00+00:00\" \/>\n<meta property=\"og:image\" content=\"https:\/\/365-housse.com\/wp-content\/uploads\/2023\/06\/housse-ordinateur-moderne-noir.jpg\" \/>\n\t<meta property=\"og:image:width\" content=\"500\" \/>\n\t<meta property=\"og:image:height\" content=\"458\" \/>\n\t<meta property=\"og:image:type\" content=\"image\/jpeg\" \/>\n<meta name=\"twitter:card\" content=\"summary_large_image\" \/>\n<meta name=\"twitter:label1\" content=\"Tiempo de lectura\" \/>\n\t<meta name=\"twitter:data1\" content=\"1 minuto\" \/>\n<script type=\"application\/ld+json\" class=\"yoast-schema-graph\">{\"@context\":\"https:\/\/schema.org\",\"@graph\":[{\"@type\":\"WebPage\",\"@id\":\"https:\/\/365-housse.com\/es\/productos\/housse-ordinateur-moderne-noir\/\",\"url\":\"https:\/\/365-housse.com\/es\/productos\/housse-ordinateur-moderne-noir\/\",\"name\":\"Caja de ordenador Moderno Negro en entrega - gratis Ahorra un 30% en tu pedido\",\"isPartOf\":{\"@id\":\"https:\/\/365-housse.com\/es\/#website\"},\"primaryImageOfPage\":{\"@id\":\"https:\/\/365-housse.com\/es\/productos\/housse-ordinateur-moderne-noir\/#primaryimage\"},\"image\":{\"@id\":\"https:\/\/365-housse.com\/es\/productos\/housse-ordinateur-moderne-noir\/#primaryimage\"},\"thumbnailUrl\":\"https:\/\/365-housse.com\/wp-content\/uploads\/2023\/06\/housse-ordinateur-moderne-noir.jpg\",\"datePublished\":\"2023-06-12T08:57:39+00:00\",\"dateModified\":\"2024-09-17T14:52:00+00:00\",\"description\":\"Recibe tu Caja de ordenador Moderno Negro hoy y benef\u00edciate de la entrega - gratuita Env\u00edo en 24\/48h\",\"breadcrumb\":{\"@id\":\"https:\/\/365-housse.com\/es\/productos\/housse-ordinateur-moderne-noir\/#breadcrumb\"},\"inLanguage\":\"es\",\"potentialAction\":[{\"@type\":\"ReadAction\",\"target\":[\"https:\/\/365-housse.com\/es\/productos\/housse-ordinateur-moderne-noir\/\"]}]},{\"@type\":\"ImageObject\",\"inLanguage\":\"es\",\"@id\":\"https:\/\/365-housse.com\/es\/productos\/housse-ordinateur-moderne-noir\/#primaryimage\",\"url\":\"https:\/\/365-housse.com\/wp-content\/uploads\/2023\/06\/housse-ordinateur-moderne-noir.jpg\",\"contentUrl\":\"https:\/\/365-housse.com\/wp-content\/uploads\/2023\/06\/housse-ordinateur-moderne-noir.jpg\",\"width\":500,\"height\":458},{\"@type\":\"BreadcrumbList\",\"@id\":\"https:\/\/365-housse.com\/es\/productos\/housse-ordinateur-moderne-noir\/#breadcrumb\",\"itemListElement\":[{\"@type\":\"ListItem\",\"position\":1,\"name\":\"Accueil\",\"item\":\"https:\/\/365-housse.com\/es\/\"},{\"@type\":\"ListItem\",\"position\":2,\"name\":\"Tienda\",\"item\":\"https:\/\/365-housse.com\/es\/tienda\/\"},{\"@type\":\"ListItem\",\"position\":3,\"name\":\"Caja de ordenador Moderno Negro\"}]},{\"@type\":\"WebSite\",\"@id\":\"https:\/\/365-housse.com\/es\/#website\",\"url\":\"https:\/\/365-housse.com\/es\/\",\"name\":\"Housse de Canap\u00e9\",\"description\":\"Le N\u00b01 de la Housse\",\"publisher\":{\"@id\":\"https:\/\/365-housse.com\/es\/#organization\"},\"potentialAction\":[{\"@type\":\"SearchAction\",\"target\":{\"@type\":\"EntryPoint\",\"urlTemplate\":\"https:\/\/365-housse.com\/es\/?s={search_term_string}\"},\"query-input\":{\"@type\":\"PropertyValueSpecification\",\"valueRequired\":true,\"valueName\":\"search_term_string\"}}],\"inLanguage\":\"es\"},{\"@type\":\"Organization\",\"@id\":\"https:\/\/365-housse.com\/es\/#organization\",\"name\":\"Housse de Canap\u00e9\",\"url\":\"https:\/\/365-housse.com\/es\/\",\"logo\":{\"@type\":\"ImageObject\",\"inLanguage\":\"es\",\"@id\":\"https:\/\/365-housse.com\/es\/#\/schema\/logo\/image\/\",\"url\":\"https:\/\/365-housse.com\/wp-content\/uploads\/2023\/06\/LOGO-400-\u00d7-200-px-392-x-134-px-16.png\",\"contentUrl\":\"https:\/\/365-housse.com\/wp-content\/uploads\/2023\/06\/LOGO-400-\u00d7-200-px-392-x-134-px-16.png\",\"width\":392,\"height\":134,\"caption\":\"Housse de Canap\u00e9\"},\"image\":{\"@id\":\"https:\/\/365-housse.com\/es\/#\/schema\/logo\/image\/\"}}]}<\/script>","yoast_head_json":{"title":"Caja de ordenador Moderno Negro en entrega - gratis Ahorra un 30% en tu pedido","description":"Recibe tu Caja de ordenador Moderno Negro hoy y benef\u00edciate de la entrega - gratuita Env\u00edo en 24\/48h","robots":{"index":"index","follow":"follow","max-snippet":"max-snippet:-1","max-image-preview":"max-image-preview:large","max-video-preview":"max-video-preview:-1"},"canonical":"https:\/\/365-housse.com\/es\/productos\/housse-ordinateur-moderne-noir\/","og_locale":"es_ES","og_type":"article","og_title":"Caja de ordenador Moderno Negro en entrega - gratis Ahorra un 30% en tu pedido","og_description":"Recibe tu Caja de ordenador Moderno Negro hoy y benef\u00edciate de la entrega - gratuita Env\u00edo en 24\/48h","og_url":"https:\/\/365-housse.com\/es\/productos\/housse-ordinateur-moderne-noir\/","og_site_name":"Housse de Canap\u00e9","article_modified_time":"2024-09-17T14:52:00+00:00","og_image":[{"width":500,"height":458,"url":"https:\/\/365-housse.com\/wp-content\/uploads\/2023\/06\/housse-ordinateur-moderne-noir.jpg","type":"image\/jpeg"}],"twitter_card":"summary_large_image","twitter_misc":{"Tiempo de lectura":"1 minuto"},"schema":{"@context":"https:\/\/schema.org","@graph":[{"@type":"WebPage","@id":"https:\/\/365-housse.com\/es\/productos\/housse-ordinateur-moderne-noir\/","url":"https:\/\/365-housse.com\/es\/productos\/housse-ordinateur-moderne-noir\/","name":"Caja de ordenador Moderno Negro en entrega - gratis Ahorra un 30% en tu pedido","isPartOf":{"@id":"https:\/\/365-housse.com\/es\/#website"},"primaryImageOfPage":{"@id":"https:\/\/365-housse.com\/es\/productos\/housse-ordinateur-moderne-noir\/#primaryimage"},"image":{"@id":"https:\/\/365-housse.com\/es\/productos\/housse-ordinateur-moderne-noir\/#primaryimage"},"thumbnailUrl":"https:\/\/365-housse.com\/wp-content\/uploads\/2023\/06\/housse-ordinateur-moderne-noir.jpg","datePublished":"2023-06-12T08:57:39+00:00","dateModified":"2024-09-17T14:52:00+00:00","description":"Recibe tu Caja de ordenador Moderno Negro hoy y benef\u00edciate de la entrega - gratuita Env\u00edo en 24\/48h","breadcrumb":{"@id":"https:\/\/365-housse.com\/es\/productos\/housse-ordinateur-moderne-noir\/#breadcrumb"},"inLanguage":"es","potentialAction":[{"@type":"ReadAction","target":["https:\/\/365-housse.com\/es\/productos\/housse-ordinateur-moderne-noir\/"]}]},{"@type":"ImageObject","inLanguage":"es","@id":"https:\/\/365-housse.com\/es\/productos\/housse-ordinateur-moderne-noir\/#primaryimage","url":"https:\/\/365-housse.com\/wp-content\/uploads\/2023\/06\/housse-ordinateur-moderne-noir.jpg","contentUrl":"https:\/\/365-housse.com\/wp-content\/uploads\/2023\/06\/housse-ordinateur-moderne-noir.jpg","width":500,"height":458},{"@type":"BreadcrumbList","@id":"https:\/\/365-housse.com\/es\/productos\/housse-ordinateur-moderne-noir\/#breadcrumb","itemListElement":[{"@type":"ListItem","position":1,"name":"Accueil","item":"https:\/\/365-housse.com\/es\/"},{"@type":"ListItem","position":2,"name":"Tienda","item":"https:\/\/365-housse.com\/es\/tienda\/"},{"@type":"ListItem","position":3,"name":"Caja de ordenador Moderno Negro"}]},{"@type":"WebSite","@id":"https:\/\/365-housse.com\/es\/#website","url":"https:\/\/365-housse.com\/es\/","name":"Housse de Canap\u00e9","description":"Le N\u00b01 de la Housse","publisher":{"@id":"https:\/\/365-housse.com\/es\/#organization"},"potentialAction":[{"@type":"SearchAction","target":{"@type":"EntryPoint","urlTemplate":"https:\/\/365-housse.com\/es\/?s={search_term_string}"},"query-input":{"@type":"PropertyValueSpecification","valueRequired":true,"valueName":"search_term_string"}}],"inLanguage":"es"},{"@type":"Organization","@id":"https:\/\/365-housse.com\/es\/#organization","name":"Housse de Canap\u00e9","url":"https:\/\/365-housse.com\/es\/","logo":{"@type":"ImageObject","inLanguage":"es","@id":"https:\/\/365-housse.com\/es\/#\/schema\/logo\/image\/","url":"https:\/\/365-housse.com\/wp-content\/uploads\/2023\/06\/LOGO-400-\u00d7-200-px-392-x-134-px-16.png","contentUrl":"https:\/\/365-housse.com\/wp-content\/uploads\/2023\/06\/LOGO-400-\u00d7-200-px-392-x-134-px-16.png","width":392,"height":134,"caption":"Housse de Canap\u00e9"},"image":{"@id":"https:\/\/365-housse.com\/es\/#\/schema\/logo\/image\/"}}]}},"_links":{"self":[{"href":"https:\/\/365-housse.com\/es\/wp-json\/wp\/v2\/product\/17820"}],"collection":[{"href":"https:\/\/365-housse.com\/es\/wp-json\/wp\/v2\/product"}],"about":[{"href":"https:\/\/365-housse.com\/es\/wp-json\/wp\/v2\/types\/product"}],"replies":[{"embeddable":true,"href":"https:\/\/365-housse.com\/es\/wp-json\/wp\/v2\/comments?post=17820"}],"wp:featuredmedia":[{"embeddable":true,"href":"https:\/\/365-housse.com\/es\/wp-json\/wp\/v2\/media\/17625"}],"wp:attachment":[{"href":"https:\/\/365-housse.com\/es\/wp-json\/wp\/v2\/media?parent=17820"}],"wp:term":[{"taxonomy":"product_cat","embeddable":true,"href":"https:\/\/365-housse.com\/es\/wp-json\/wp\/v2\/product_cat?post=17820"},{"taxonomy":"product_tag","embeddable":true,"href":"https:\/\/365-housse.com\/es\/wp-json\/wp\/v2\/product_tag?post=17820"}],"curies":[{"name":"wp","href":"https:\/\/api.w.org\/{rel}","templated":true}]}}