{"id":17866,"date":"2023-06-12T08:49:00","date_gmt":"2023-06-12T08:49:00","guid":{"rendered":"https:\/\/365-housse.com\/products\/housse-ordinateur-bleu\/"},"modified":"2024-09-17T14:52:15","modified_gmt":"2024-09-17T14:52:15","slug":"housse-ordinateur-bleu","status":"publish","type":"product","link":"https:\/\/365-housse.com\/es\/productos\/housse-ordinateur-bleu\/","title":{"rendered":"Funda para ordenador Azul"},"content":{"rendered":"<h2><span data-mce-fragment=\"1\">\u00bfBusca protecci\u00f3n para su computadora port\u00e1til? Descubre nuestras <strong>fundas para ordenador azules<\/strong> de alta calidad, ideales para acompa\u00f1arte en tus viajes y mantener tu ordenador a salvo. \u00a1Muy de moda, se adaptan a todos los estilos de ropa!<\/span><\/h2>\n<h3>Las ventajas de las fundas para ordenador <span> <\/span><strong>azules, elegantes y refinadas:<\/strong> <\/h3>\n<ul>\n<li>\n<p><span class=\"a-list-item\">Transp\u00f3rtelo <strong>de forma segura<\/strong> y prot\u00e9jalo de la suciedad y las manchas<\/span><\/p>\n<\/li>\n<li>\n<p><span class=\"a-list-item\"><\/span>Cubierta con apertura lateral para <strong>acceso r\u00e1pido<\/strong><\/p>\n<\/li>\n<li>\n<p><span class=\"a-list-item\">Aporta <strong>clase<\/strong> y <strong>elegancia<\/strong> a tu apariencia cuando lo recoges.<\/span><\/p>\n<\/li>\n<li>\n<p><span class=\"a-list-item\"><\/span>Ayuda a <strong>extender la vida \u00fatil<\/strong> de su computadora<\/p>\n<\/li>\n<\/ul>\n<p>Caracter\u00edsticas:<\/p>\n<ul>\n<li>\n<p><span>Composici\u00f3n (Material): Poli\u00e9ster de alta calidad<\/span><span><\/span><\/p>\n<\/li>\n<li>\n<p><span>Impermeable y resistente al agua<\/span><\/p>\n<\/li>\n<li>\n<p>Protege tu ordenador de golpes y ara\u00f1azos<\/p>\n<\/li>\n<li>\n<p>Cremallera robusta<\/p>\n<\/li>\n<li>\n<p><strong>cuidados<\/strong> y delicados acabados<\/p>\n<\/li>\n<li>Tama\u00f1o: Varios tama\u00f1os <span data-mce-fragment=\"1\">(Apto para todas las marcas de computadoras)<\/span>\n<\/li>\n<\/ul>\n<p><span><br \/>\n<\/span><\/p><\/p>\n","protected":false},"excerpt":{"rendered":"<p>\u00bfBusca protecci\u00f3n para su computadora port\u00e1til? Descubre nuestras fundas para ordenador azules de alta calidad, ideales para acompa\u00f1arte en tus viajes y mantener tu ordenador a salvo. \u00a1Muy de moda, se adaptan a todos los estilos de ropa! Las ventajas de las fundas para ordenador azules, elegantes y refinadas: Transp\u00f3rtelo de forma segura y prot\u00e9jalo [&hellip;]<\/p>\n","protected":false},"featured_media":17606,"comment_status":"open","ping_status":"closed","template":"","meta":[],"product_cat":[164,161],"product_tag":[198],"class_list":{"0":"post-17866","1":"product","2":"type-product","3":"status-publish","4":"has-post-thumbnail","6":"product_cat-bolsa-de-ordenador","7":"product_cat-portada-interior","8":"product_tag-ordinateur-es","10":"first","11":"instock","12":"shipping-taxable","13":"purchasable","14":"product-type-variable"},"yoast_head":"<title>Funda para ordenador Azul en entrega - gratis Ahorra un 30% en tu pedido<\/title>\n<meta name=\"description\" content=\"Recibe tu Funda para ordenador Azul hoy y benef\u00edciate de la entrega - gratuita Env\u00edo en 24\/48h\" \/>\n<meta name=\"robots\" content=\"index, follow, max-snippet:-1, max-image-preview:large, max-video-preview:-1\" \/>\n<link rel=\"canonical\" href=\"https:\/\/365-housse.com\/es\/productos\/housse-ordinateur-bleu\/\" \/>\n<meta property=\"og:locale\" content=\"es_ES\" \/>\n<meta property=\"og:type\" content=\"article\" \/>\n<meta property=\"og:title\" content=\"Funda para ordenador Azul en entrega - gratis Ahorra un 30% en tu pedido\" \/>\n<meta property=\"og:description\" content=\"Recibe tu Funda para ordenador Azul hoy y benef\u00edciate de la entrega - gratuita Env\u00edo en 24\/48h\" \/>\n<meta property=\"og:url\" content=\"https:\/\/365-housse.com\/es\/productos\/housse-ordinateur-bleu\/\" \/>\n<meta property=\"og:site_name\" content=\"Housse de Canap\u00e9\" \/>\n<meta property=\"article:modified_time\" content=\"2024-09-17T14:52:15+00:00\" \/>\n<meta property=\"og:image\" content=\"https:\/\/365-housse.com\/wp-content\/uploads\/2023\/06\/housse-ordinateur-bleu.png\" \/>\n\t<meta property=\"og:image:width\" content=\"910\" \/>\n\t<meta property=\"og:image:height\" content=\"938\" \/>\n\t<meta property=\"og:image:type\" content=\"image\/png\" \/>\n<meta name=\"twitter:card\" content=\"summary_large_image\" \/>\n<meta name=\"twitter:label1\" content=\"Tiempo de lectura\" \/>\n\t<meta name=\"twitter:data1\" content=\"1 minuto\" \/>\n<script type=\"application\/ld+json\" class=\"yoast-schema-graph\">{\"@context\":\"https:\/\/schema.org\",\"@graph\":[{\"@type\":\"WebPage\",\"@id\":\"https:\/\/365-housse.com\/es\/productos\/housse-ordinateur-bleu\/\",\"url\":\"https:\/\/365-housse.com\/es\/productos\/housse-ordinateur-bleu\/\",\"name\":\"Funda para ordenador Azul en entrega - gratis Ahorra un 30% en tu pedido\",\"isPartOf\":{\"@id\":\"https:\/\/365-housse.com\/es\/#website\"},\"primaryImageOfPage\":{\"@id\":\"https:\/\/365-housse.com\/es\/productos\/housse-ordinateur-bleu\/#primaryimage\"},\"image\":{\"@id\":\"https:\/\/365-housse.com\/es\/productos\/housse-ordinateur-bleu\/#primaryimage\"},\"thumbnailUrl\":\"https:\/\/365-housse.com\/wp-content\/uploads\/2023\/06\/housse-ordinateur-bleu.jpg\",\"datePublished\":\"2023-06-12T08:49:00+00:00\",\"dateModified\":\"2024-09-17T14:52:15+00:00\",\"description\":\"Recibe tu Funda para ordenador Azul hoy y benef\u00edciate de la entrega - gratuita Env\u00edo en 24\/48h\",\"breadcrumb\":{\"@id\":\"https:\/\/365-housse.com\/es\/productos\/housse-ordinateur-bleu\/#breadcrumb\"},\"inLanguage\":\"es\",\"potentialAction\":[{\"@type\":\"ReadAction\",\"target\":[\"https:\/\/365-housse.com\/es\/productos\/housse-ordinateur-bleu\/\"]}]},{\"@type\":\"ImageObject\",\"inLanguage\":\"es\",\"@id\":\"https:\/\/365-housse.com\/es\/productos\/housse-ordinateur-bleu\/#primaryimage\",\"url\":\"https:\/\/365-housse.com\/wp-content\/uploads\/2023\/06\/housse-ordinateur-bleu.jpg\",\"contentUrl\":\"https:\/\/365-housse.com\/wp-content\/uploads\/2023\/06\/housse-ordinateur-bleu.jpg\",\"width\":910,\"height\":938},{\"@type\":\"BreadcrumbList\",\"@id\":\"https:\/\/365-housse.com\/es\/productos\/housse-ordinateur-bleu\/#breadcrumb\",\"itemListElement\":[{\"@type\":\"ListItem\",\"position\":1,\"name\":\"Accueil\",\"item\":\"https:\/\/365-housse.com\/es\/\"},{\"@type\":\"ListItem\",\"position\":2,\"name\":\"Tienda\",\"item\":\"https:\/\/365-housse.com\/es\/tienda\/\"},{\"@type\":\"ListItem\",\"position\":3,\"name\":\"Funda para ordenador Azul\"}]},{\"@type\":\"WebSite\",\"@id\":\"https:\/\/365-housse.com\/es\/#website\",\"url\":\"https:\/\/365-housse.com\/es\/\",\"name\":\"Housse de Canap\u00e9\",\"description\":\"Le N\u00b01 de la Housse\",\"publisher\":{\"@id\":\"https:\/\/365-housse.com\/es\/#organization\"},\"potentialAction\":[{\"@type\":\"SearchAction\",\"target\":{\"@type\":\"EntryPoint\",\"urlTemplate\":\"https:\/\/365-housse.com\/es\/?s={search_term_string}\"},\"query-input\":{\"@type\":\"PropertyValueSpecification\",\"valueRequired\":true,\"valueName\":\"search_term_string\"}}],\"inLanguage\":\"es\"},{\"@type\":\"Organization\",\"@id\":\"https:\/\/365-housse.com\/es\/#organization\",\"name\":\"Housse de Canap\u00e9\",\"url\":\"https:\/\/365-housse.com\/es\/\",\"logo\":{\"@type\":\"ImageObject\",\"inLanguage\":\"es\",\"@id\":\"https:\/\/365-housse.com\/es\/#\/schema\/logo\/image\/\",\"url\":\"https:\/\/365-housse.com\/wp-content\/uploads\/2023\/06\/LOGO-400-\u00d7-200-px-392-x-134-px-16.png\",\"contentUrl\":\"https:\/\/365-housse.com\/wp-content\/uploads\/2023\/06\/LOGO-400-\u00d7-200-px-392-x-134-px-16.png\",\"width\":392,\"height\":134,\"caption\":\"Housse de Canap\u00e9\"},\"image\":{\"@id\":\"https:\/\/365-housse.com\/es\/#\/schema\/logo\/image\/\"}}]}<\/script>","yoast_head_json":{"title":"Funda para ordenador Azul en entrega - gratis Ahorra un 30% en tu pedido","description":"Recibe tu Funda para ordenador Azul hoy y benef\u00edciate de la entrega - gratuita Env\u00edo en 24\/48h","robots":{"index":"index","follow":"follow","max-snippet":"max-snippet:-1","max-image-preview":"max-image-preview:large","max-video-preview":"max-video-preview:-1"},"canonical":"https:\/\/365-housse.com\/es\/productos\/housse-ordinateur-bleu\/","og_locale":"es_ES","og_type":"article","og_title":"Funda para ordenador Azul en entrega - gratis Ahorra un 30% en tu pedido","og_description":"Recibe tu Funda para ordenador Azul hoy y benef\u00edciate de la entrega - gratuita Env\u00edo en 24\/48h","og_url":"https:\/\/365-housse.com\/es\/productos\/housse-ordinateur-bleu\/","og_site_name":"Housse de Canap\u00e9","article_modified_time":"2024-09-17T14:52:15+00:00","og_image":[{"width":910,"height":938,"url":"https:\/\/365-housse.com\/wp-content\/uploads\/2023\/06\/housse-ordinateur-bleu.png","type":"image\/png"}],"twitter_card":"summary_large_image","twitter_misc":{"Tiempo de lectura":"1 minuto"},"schema":{"@context":"https:\/\/schema.org","@graph":[{"@type":"WebPage","@id":"https:\/\/365-housse.com\/es\/productos\/housse-ordinateur-bleu\/","url":"https:\/\/365-housse.com\/es\/productos\/housse-ordinateur-bleu\/","name":"Funda para ordenador Azul en entrega - gratis Ahorra un 30% en tu pedido","isPartOf":{"@id":"https:\/\/365-housse.com\/es\/#website"},"primaryImageOfPage":{"@id":"https:\/\/365-housse.com\/es\/productos\/housse-ordinateur-bleu\/#primaryimage"},"image":{"@id":"https:\/\/365-housse.com\/es\/productos\/housse-ordinateur-bleu\/#primaryimage"},"thumbnailUrl":"https:\/\/365-housse.com\/wp-content\/uploads\/2023\/06\/housse-ordinateur-bleu.jpg","datePublished":"2023-06-12T08:49:00+00:00","dateModified":"2024-09-17T14:52:15+00:00","description":"Recibe tu Funda para ordenador Azul hoy y benef\u00edciate de la entrega - gratuita Env\u00edo en 24\/48h","breadcrumb":{"@id":"https:\/\/365-housse.com\/es\/productos\/housse-ordinateur-bleu\/#breadcrumb"},"inLanguage":"es","potentialAction":[{"@type":"ReadAction","target":["https:\/\/365-housse.com\/es\/productos\/housse-ordinateur-bleu\/"]}]},{"@type":"ImageObject","inLanguage":"es","@id":"https:\/\/365-housse.com\/es\/productos\/housse-ordinateur-bleu\/#primaryimage","url":"https:\/\/365-housse.com\/wp-content\/uploads\/2023\/06\/housse-ordinateur-bleu.jpg","contentUrl":"https:\/\/365-housse.com\/wp-content\/uploads\/2023\/06\/housse-ordinateur-bleu.jpg","width":910,"height":938},{"@type":"BreadcrumbList","@id":"https:\/\/365-housse.com\/es\/productos\/housse-ordinateur-bleu\/#breadcrumb","itemListElement":[{"@type":"ListItem","position":1,"name":"Accueil","item":"https:\/\/365-housse.com\/es\/"},{"@type":"ListItem","position":2,"name":"Tienda","item":"https:\/\/365-housse.com\/es\/tienda\/"},{"@type":"ListItem","position":3,"name":"Funda para ordenador Azul"}]},{"@type":"WebSite","@id":"https:\/\/365-housse.com\/es\/#website","url":"https:\/\/365-housse.com\/es\/","name":"Housse de Canap\u00e9","description":"Le N\u00b01 de la Housse","publisher":{"@id":"https:\/\/365-housse.com\/es\/#organization"},"potentialAction":[{"@type":"SearchAction","target":{"@type":"EntryPoint","urlTemplate":"https:\/\/365-housse.com\/es\/?s={search_term_string}"},"query-input":{"@type":"PropertyValueSpecification","valueRequired":true,"valueName":"search_term_string"}}],"inLanguage":"es"},{"@type":"Organization","@id":"https:\/\/365-housse.com\/es\/#organization","name":"Housse de Canap\u00e9","url":"https:\/\/365-housse.com\/es\/","logo":{"@type":"ImageObject","inLanguage":"es","@id":"https:\/\/365-housse.com\/es\/#\/schema\/logo\/image\/","url":"https:\/\/365-housse.com\/wp-content\/uploads\/2023\/06\/LOGO-400-\u00d7-200-px-392-x-134-px-16.png","contentUrl":"https:\/\/365-housse.com\/wp-content\/uploads\/2023\/06\/LOGO-400-\u00d7-200-px-392-x-134-px-16.png","width":392,"height":134,"caption":"Housse de Canap\u00e9"},"image":{"@id":"https:\/\/365-housse.com\/es\/#\/schema\/logo\/image\/"}}]}},"_links":{"self":[{"href":"https:\/\/365-housse.com\/es\/wp-json\/wp\/v2\/product\/17866"}],"collection":[{"href":"https:\/\/365-housse.com\/es\/wp-json\/wp\/v2\/product"}],"about":[{"href":"https:\/\/365-housse.com\/es\/wp-json\/wp\/v2\/types\/product"}],"replies":[{"embeddable":true,"href":"https:\/\/365-housse.com\/es\/wp-json\/wp\/v2\/comments?post=17866"}],"wp:featuredmedia":[{"embeddable":true,"href":"https:\/\/365-housse.com\/es\/wp-json\/wp\/v2\/media\/17606"}],"wp:attachment":[{"href":"https:\/\/365-housse.com\/es\/wp-json\/wp\/v2\/media?parent=17866"}],"wp:term":[{"taxonomy":"product_cat","embeddable":true,"href":"https:\/\/365-housse.com\/es\/wp-json\/wp\/v2\/product_cat?post=17866"},{"taxonomy":"product_tag","embeddable":true,"href":"https:\/\/365-housse.com\/es\/wp-json\/wp\/v2\/product_tag?post=17866"}],"curies":[{"name":"wp","href":"https:\/\/api.w.org\/{rel}","templated":true}]}}