{"id":17888,"date":"2023-06-12T08:46:00","date_gmt":"2023-06-12T08:46:00","guid":{"rendered":"https:\/\/365-housse.com\/products\/housse-fauteuil-cabriolet-rouge\/"},"modified":"2024-09-17T14:52:21","modified_gmt":"2024-09-17T14:52:21","slug":"housse-fauteuil-cabriolet-rouge","status":"publish","type":"product","link":"https:\/\/365-housse.com\/es\/productos\/housse-fauteuil-cabriolet-rouge\/","title":{"rendered":"Funda sill\u00f3n Cabriolet rojo"},"content":{"rendered":"<h2>Explota el contraste y dinamiza tu decoraci\u00f3n con la <strong>Funda Sill\u00f3n Cabriolet Roja<\/strong>: <\/h2>\n<h3>Ventajas de la funda sill\u00f3n convertible Rojo:<\/h3>\n<ul>\n<li>\n<p>F\u00e1cil y r\u00e1pida instalaci\u00f3n gracias a sus\u00a0<strong>caracter\u00edsticas el\u00e1sticas<\/strong>\u00a0que garantizan una perfecta adaptaci\u00f3n y sujeci\u00f3n.<\/p>\n<\/li>\n<li>\n<p>Aporta elegancia y refinamiento a tu interior.<\/p>\n<\/li>\n<li>\n<p>Protecci\u00f3n \u00f3ptima contra manchas, desgaste, etc.<\/p>\n<\/li>\n<li>\n<p>Fabricado con textiles de primera calidad.<\/p>\n<\/li>\n<\/ul>\n<p><strong>Caracter\u00edsticas: <\/strong><\/p>\n<ul>\n<li>\n<p>Composici\u00f3n: <strong>90% Poli\u00e9ster y Elastano + 10% Algod\u00f3n<\/strong><\/p>\n<\/li>\n<li>\n<p>Tejido impreso utilizando <strong>tecnolog\u00eda avanzada<\/strong> que garantiza la solidez del color.<\/p>\n<\/li>\n<li>\n<p>Extensibilidad para un <strong>ajuste perfecto<\/strong> y durabilidad.<\/p>\n<\/li>\n<li>\n<p>Acabados cuidados y refinados.<\/p>\n<\/li>\n<li>\n<p>Lavar a m\u00e1quina.<\/p>\n<\/li>\n<\/ul>\n<p><strong>Gu\u00eda de tallas: <\/strong><\/p>\n<p><img fetchpriority=\"high\" decoding=\"async\" alt=\"taille-housse-armchair-cabriolet\" height=\"397\" src=\"https:\/\/365-housse.com\/wp-content\/uploads\/2023\/06\/guide-des-taililles- funda-sill\u00f3n-cabriolet_480x480.jpg?v=1625156093\" style=\"margin-left: auto;margin-right: auto\" width=\"397\" \/><\/p>\n<p>Nuestras fundas para sillones convertibles se adaptan a multitud de modelos:<\/p>\n<p><img decoding=\"async\" alt=\"housse-fauteuil-cabriolet\" height=\"336\" src=\"https:\/\/365-housse.com\/wp-content\/uploads\/2023\/06\/housse-fauteuil-cabriolet_480x480.png? v=1625156140\" \/><\/p>\n<div><span><\/span><\/div>\n<div>\n<p><img decoding=\"async\" alt=\"\" src=\"https:\/\/365-housse.com\/wp-content\/uploads\/2023\/06\/guide-installation-fauteuil-cabriolet_480x480.jpg?v=1625309321\" \/><\/p>\n<p>Tenga una descripci\u00f3n general del antes y el despu\u00e9s:<\/p>\n<div><span><img decoding=\"async\" alt=\"\" src=\"https:\/\/365-housse.com\/wp-content\/uploads\/2023\/06\/Capture_d_ecran_2021-07-03_a_12.47.28_480x480.png?v=1625309376\" \/><\/span><\/div>\n<div>Si quieres optar por un color m\u00e1s c\u00e1lido, puedes probar este <a href=\"https:\/\/365-housse.com\/products\/housse-fauteuil-cabriolet-extensible\/\" rel=\"noopener\" target=\"_blank\" title=\"Funda para sill\u00f3n convertible extensible\"><strong>Funda para sill\u00f3n convertible extensible<\/strong><\/a>, que forma parte de nuestra gama de <a href=\"https:\/\/365-housse.com\/ es\/collections\/funda-de-sillon-cabriolet\/\" rel=\"noopener\" target=\"_blank\" title=\"Funda para sill\u00f3n Cabriolet\"><strong>Funda para sill\u00f3n Cabriolet<\/strong><\/a>. Adem\u00e1s, si buscas fundas para otros muebles como tus sof\u00e1s o sillas, no dudes en consultar nuestras colecciones de <strong><a href=\"https:\/\/365-housse.com\/es\/collections \/funda- de-sofa\/\" rel=\"noopener\" target=\"_blank\" title=\"fundas de sof\u00e1\">fundas de sof\u00e1<\/a> <\/strong>y sillas.<\/div>\n<\/div>\n","protected":false},"excerpt":{"rendered":"<p>Explota el contraste y dinamiza tu decoraci\u00f3n con la Funda Sill\u00f3n Cabriolet Roja: Ventajas de la funda sill\u00f3n convertible Rojo: F\u00e1cil y r\u00e1pida instalaci\u00f3n gracias a sus\u00a0caracter\u00edsticas el\u00e1sticas\u00a0que garantizan una perfecta adaptaci\u00f3n y sujeci\u00f3n. Aporta elegancia y refinamiento a tu interior. Protecci\u00f3n \u00f3ptima contra manchas, desgaste, etc. Fabricado con textiles de primera calidad. Caracter\u00edsticas: Composici\u00f3n: [&hellip;]<\/p>\n","protected":false},"featured_media":17588,"comment_status":"open","ping_status":"closed","template":"","meta":[],"product_cat":[160,161],"product_tag":[200],"class_list":{"0":"post-17888","1":"product","2":"type-product","3":"status-publish","4":"has-post-thumbnail","6":"product_cat-funda-de-sillon-cabriolet","7":"product_cat-portada-interior","8":"product_tag-fauteuil-es","10":"first","11":"instock","12":"shipping-taxable","13":"purchasable","14":"product-type-simple"},"yoast_head":"<title>Funda sill\u00f3n Cabriolet rojo en entrega - gratis Ahorra un 30% en tu pedido<\/title>\n<meta name=\"description\" content=\"Recibe tu Funda sill\u00f3n Cabriolet rojo hoy y benef\u00edciate de la entrega - gratuita Env\u00edo en 24\/48h\" \/>\n<meta name=\"robots\" content=\"index, follow, max-snippet:-1, max-image-preview:large, max-video-preview:-1\" \/>\n<link rel=\"canonical\" href=\"https:\/\/365-housse.com\/es\/productos\/housse-fauteuil-cabriolet-rouge\/\" \/>\n<meta property=\"og:locale\" content=\"es_ES\" \/>\n<meta property=\"og:type\" content=\"article\" \/>\n<meta property=\"og:title\" content=\"Funda sill\u00f3n Cabriolet rojo en entrega - gratis Ahorra un 30% en tu pedido\" \/>\n<meta property=\"og:description\" content=\"Recibe tu Funda sill\u00f3n Cabriolet rojo hoy y benef\u00edciate de la entrega - gratuita Env\u00edo en 24\/48h\" \/>\n<meta property=\"og:url\" content=\"https:\/\/365-housse.com\/es\/productos\/housse-fauteuil-cabriolet-rouge\/\" \/>\n<meta property=\"og:site_name\" content=\"Housse de Canap\u00e9\" \/>\n<meta property=\"article:modified_time\" content=\"2024-09-17T14:52:21+00:00\" \/>\n<meta property=\"og:image\" content=\"https:\/\/365-housse.com\/wp-content\/uploads\/2023\/06\/housse-fauteuil-cabriolet-rouge.jpg\" \/>\n\t<meta property=\"og:image:width\" content=\"497\" \/>\n\t<meta property=\"og:image:height\" content=\"502\" \/>\n\t<meta property=\"og:image:type\" content=\"image\/jpeg\" \/>\n<meta name=\"twitter:card\" content=\"summary_large_image\" \/>\n<meta name=\"twitter:label1\" content=\"Tiempo de lectura\" \/>\n\t<meta name=\"twitter:data1\" content=\"1 minuto\" \/>\n<script type=\"application\/ld+json\" class=\"yoast-schema-graph\">{\"@context\":\"https:\/\/schema.org\",\"@graph\":[{\"@type\":\"WebPage\",\"@id\":\"https:\/\/365-housse.com\/es\/productos\/housse-fauteuil-cabriolet-rouge\/\",\"url\":\"https:\/\/365-housse.com\/es\/productos\/housse-fauteuil-cabriolet-rouge\/\",\"name\":\"Funda sill\u00f3n Cabriolet rojo en entrega - gratis Ahorra un 30% en tu pedido\",\"isPartOf\":{\"@id\":\"https:\/\/365-housse.com\/es\/#website\"},\"primaryImageOfPage\":{\"@id\":\"https:\/\/365-housse.com\/es\/productos\/housse-fauteuil-cabriolet-rouge\/#primaryimage\"},\"image\":{\"@id\":\"https:\/\/365-housse.com\/es\/productos\/housse-fauteuil-cabriolet-rouge\/#primaryimage\"},\"thumbnailUrl\":\"https:\/\/365-housse.com\/wp-content\/uploads\/2023\/06\/housse-fauteuil-cabriolet-rouge.jpg\",\"datePublished\":\"2023-06-12T08:46:00+00:00\",\"dateModified\":\"2024-09-17T14:52:21+00:00\",\"description\":\"Recibe tu Funda sill\u00f3n Cabriolet rojo hoy y benef\u00edciate de la entrega - gratuita Env\u00edo en 24\/48h\",\"breadcrumb\":{\"@id\":\"https:\/\/365-housse.com\/es\/productos\/housse-fauteuil-cabriolet-rouge\/#breadcrumb\"},\"inLanguage\":\"es\",\"potentialAction\":[{\"@type\":\"ReadAction\",\"target\":[\"https:\/\/365-housse.com\/es\/productos\/housse-fauteuil-cabriolet-rouge\/\"]}]},{\"@type\":\"ImageObject\",\"inLanguage\":\"es\",\"@id\":\"https:\/\/365-housse.com\/es\/productos\/housse-fauteuil-cabriolet-rouge\/#primaryimage\",\"url\":\"https:\/\/365-housse.com\/wp-content\/uploads\/2023\/06\/housse-fauteuil-cabriolet-rouge.jpg\",\"contentUrl\":\"https:\/\/365-housse.com\/wp-content\/uploads\/2023\/06\/housse-fauteuil-cabriolet-rouge.jpg\",\"width\":497,\"height\":502},{\"@type\":\"BreadcrumbList\",\"@id\":\"https:\/\/365-housse.com\/es\/productos\/housse-fauteuil-cabriolet-rouge\/#breadcrumb\",\"itemListElement\":[{\"@type\":\"ListItem\",\"position\":1,\"name\":\"Accueil\",\"item\":\"https:\/\/365-housse.com\/es\/\"},{\"@type\":\"ListItem\",\"position\":2,\"name\":\"Tienda\",\"item\":\"https:\/\/365-housse.com\/es\/tienda\/\"},{\"@type\":\"ListItem\",\"position\":3,\"name\":\"Funda sill\u00f3n Cabriolet rojo\"}]},{\"@type\":\"WebSite\",\"@id\":\"https:\/\/365-housse.com\/es\/#website\",\"url\":\"https:\/\/365-housse.com\/es\/\",\"name\":\"Housse de Canap\u00e9\",\"description\":\"Le N\u00b01 de la Housse\",\"publisher\":{\"@id\":\"https:\/\/365-housse.com\/es\/#organization\"},\"potentialAction\":[{\"@type\":\"SearchAction\",\"target\":{\"@type\":\"EntryPoint\",\"urlTemplate\":\"https:\/\/365-housse.com\/es\/?s={search_term_string}\"},\"query-input\":{\"@type\":\"PropertyValueSpecification\",\"valueRequired\":true,\"valueName\":\"search_term_string\"}}],\"inLanguage\":\"es\"},{\"@type\":\"Organization\",\"@id\":\"https:\/\/365-housse.com\/es\/#organization\",\"name\":\"Housse de Canap\u00e9\",\"url\":\"https:\/\/365-housse.com\/es\/\",\"logo\":{\"@type\":\"ImageObject\",\"inLanguage\":\"es\",\"@id\":\"https:\/\/365-housse.com\/es\/#\/schema\/logo\/image\/\",\"url\":\"https:\/\/365-housse.com\/wp-content\/uploads\/2023\/06\/LOGO-400-\u00d7-200-px-392-x-134-px-16.png\",\"contentUrl\":\"https:\/\/365-housse.com\/wp-content\/uploads\/2023\/06\/LOGO-400-\u00d7-200-px-392-x-134-px-16.png\",\"width\":392,\"height\":134,\"caption\":\"Housse de Canap\u00e9\"},\"image\":{\"@id\":\"https:\/\/365-housse.com\/es\/#\/schema\/logo\/image\/\"}}]}<\/script>","yoast_head_json":{"title":"Funda sill\u00f3n Cabriolet rojo en entrega - gratis Ahorra un 30% en tu pedido","description":"Recibe tu Funda sill\u00f3n Cabriolet rojo hoy y benef\u00edciate de la entrega - gratuita Env\u00edo en 24\/48h","robots":{"index":"index","follow":"follow","max-snippet":"max-snippet:-1","max-image-preview":"max-image-preview:large","max-video-preview":"max-video-preview:-1"},"canonical":"https:\/\/365-housse.com\/es\/productos\/housse-fauteuil-cabriolet-rouge\/","og_locale":"es_ES","og_type":"article","og_title":"Funda sill\u00f3n Cabriolet rojo en entrega - gratis Ahorra un 30% en tu pedido","og_description":"Recibe tu Funda sill\u00f3n Cabriolet rojo hoy y benef\u00edciate de la entrega - gratuita Env\u00edo en 24\/48h","og_url":"https:\/\/365-housse.com\/es\/productos\/housse-fauteuil-cabriolet-rouge\/","og_site_name":"Housse de Canap\u00e9","article_modified_time":"2024-09-17T14:52:21+00:00","og_image":[{"width":497,"height":502,"url":"https:\/\/365-housse.com\/wp-content\/uploads\/2023\/06\/housse-fauteuil-cabriolet-rouge.jpg","type":"image\/jpeg"}],"twitter_card":"summary_large_image","twitter_misc":{"Tiempo de lectura":"1 minuto"},"schema":{"@context":"https:\/\/schema.org","@graph":[{"@type":"WebPage","@id":"https:\/\/365-housse.com\/es\/productos\/housse-fauteuil-cabriolet-rouge\/","url":"https:\/\/365-housse.com\/es\/productos\/housse-fauteuil-cabriolet-rouge\/","name":"Funda sill\u00f3n Cabriolet rojo en entrega - gratis Ahorra un 30% en tu pedido","isPartOf":{"@id":"https:\/\/365-housse.com\/es\/#website"},"primaryImageOfPage":{"@id":"https:\/\/365-housse.com\/es\/productos\/housse-fauteuil-cabriolet-rouge\/#primaryimage"},"image":{"@id":"https:\/\/365-housse.com\/es\/productos\/housse-fauteuil-cabriolet-rouge\/#primaryimage"},"thumbnailUrl":"https:\/\/365-housse.com\/wp-content\/uploads\/2023\/06\/housse-fauteuil-cabriolet-rouge.jpg","datePublished":"2023-06-12T08:46:00+00:00","dateModified":"2024-09-17T14:52:21+00:00","description":"Recibe tu Funda sill\u00f3n Cabriolet rojo hoy y benef\u00edciate de la entrega - gratuita Env\u00edo en 24\/48h","breadcrumb":{"@id":"https:\/\/365-housse.com\/es\/productos\/housse-fauteuil-cabriolet-rouge\/#breadcrumb"},"inLanguage":"es","potentialAction":[{"@type":"ReadAction","target":["https:\/\/365-housse.com\/es\/productos\/housse-fauteuil-cabriolet-rouge\/"]}]},{"@type":"ImageObject","inLanguage":"es","@id":"https:\/\/365-housse.com\/es\/productos\/housse-fauteuil-cabriolet-rouge\/#primaryimage","url":"https:\/\/365-housse.com\/wp-content\/uploads\/2023\/06\/housse-fauteuil-cabriolet-rouge.jpg","contentUrl":"https:\/\/365-housse.com\/wp-content\/uploads\/2023\/06\/housse-fauteuil-cabriolet-rouge.jpg","width":497,"height":502},{"@type":"BreadcrumbList","@id":"https:\/\/365-housse.com\/es\/productos\/housse-fauteuil-cabriolet-rouge\/#breadcrumb","itemListElement":[{"@type":"ListItem","position":1,"name":"Accueil","item":"https:\/\/365-housse.com\/es\/"},{"@type":"ListItem","position":2,"name":"Tienda","item":"https:\/\/365-housse.com\/es\/tienda\/"},{"@type":"ListItem","position":3,"name":"Funda sill\u00f3n Cabriolet rojo"}]},{"@type":"WebSite","@id":"https:\/\/365-housse.com\/es\/#website","url":"https:\/\/365-housse.com\/es\/","name":"Housse de Canap\u00e9","description":"Le N\u00b01 de la Housse","publisher":{"@id":"https:\/\/365-housse.com\/es\/#organization"},"potentialAction":[{"@type":"SearchAction","target":{"@type":"EntryPoint","urlTemplate":"https:\/\/365-housse.com\/es\/?s={search_term_string}"},"query-input":{"@type":"PropertyValueSpecification","valueRequired":true,"valueName":"search_term_string"}}],"inLanguage":"es"},{"@type":"Organization","@id":"https:\/\/365-housse.com\/es\/#organization","name":"Housse de Canap\u00e9","url":"https:\/\/365-housse.com\/es\/","logo":{"@type":"ImageObject","inLanguage":"es","@id":"https:\/\/365-housse.com\/es\/#\/schema\/logo\/image\/","url":"https:\/\/365-housse.com\/wp-content\/uploads\/2023\/06\/LOGO-400-\u00d7-200-px-392-x-134-px-16.png","contentUrl":"https:\/\/365-housse.com\/wp-content\/uploads\/2023\/06\/LOGO-400-\u00d7-200-px-392-x-134-px-16.png","width":392,"height":134,"caption":"Housse de Canap\u00e9"},"image":{"@id":"https:\/\/365-housse.com\/es\/#\/schema\/logo\/image\/"}}]}},"_links":{"self":[{"href":"https:\/\/365-housse.com\/es\/wp-json\/wp\/v2\/product\/17888"}],"collection":[{"href":"https:\/\/365-housse.com\/es\/wp-json\/wp\/v2\/product"}],"about":[{"href":"https:\/\/365-housse.com\/es\/wp-json\/wp\/v2\/types\/product"}],"replies":[{"embeddable":true,"href":"https:\/\/365-housse.com\/es\/wp-json\/wp\/v2\/comments?post=17888"}],"wp:featuredmedia":[{"embeddable":true,"href":"https:\/\/365-housse.com\/es\/wp-json\/wp\/v2\/media\/17588"}],"wp:attachment":[{"href":"https:\/\/365-housse.com\/es\/wp-json\/wp\/v2\/media?parent=17888"}],"wp:term":[{"taxonomy":"product_cat","embeddable":true,"href":"https:\/\/365-housse.com\/es\/wp-json\/wp\/v2\/product_cat?post=17888"},{"taxonomy":"product_tag","embeddable":true,"href":"https:\/\/365-housse.com\/es\/wp-json\/wp\/v2\/product_tag?post=17888"}],"curies":[{"name":"wp","href":"https:\/\/api.w.org\/{rel}","templated":true}]}}