{"id":17910,"date":"2023-06-12T08:45:47","date_gmt":"2023-06-12T08:45:47","guid":{"rendered":"https:\/\/365-housse.com\/products\/housse-fauteuil-cabriolet-fleurie-grise\/"},"modified":"2024-09-17T14:52:34","modified_gmt":"2024-09-17T14:52:34","slug":"housse-fauteuil-cabriolet-fleurie-grise","status":"publish","type":"product","link":"https:\/\/365-housse.com\/es\/productos\/housse-fauteuil-cabriolet-fleurie-grise\/","title":{"rendered":"Funda sill\u00f3n Cabriolet Floral Gris"},"content":{"rendered":"<h2 data-pm-slice=\"1 1 []\">Dale un toque sofisticado a tu decoraci\u00f3n interior con nuestra <strong>Funda para Sill\u00f3n Cabriolet Flores Gris<\/strong>. Con un dise\u00f1o elegante, esta funda se adapta a todo tipo de estancias y est\u00e1 decorada con apliques florales en tonos grises. <\/h2>\n<h3>Ventajas de la Funda Sill\u00f3n Convertible Gris:<\/h3>\n<ul>\n<li>\n<p>R\u00e1pida instalaci\u00f3n y mantenimiento gracias a las caracter\u00edsticas el\u00e1sticas de nuestras fundas para sillones convertibles.<\/p>\n<\/li>\n<li>\n<p>A\u00f1ade un toque de modernidad a tu interior.<\/p>\n<\/li>\n<li>\n<p>Protege tu silla contra manchas, desgaste, etc.<\/p>\n<\/li>\n<li>Fabricado con textiles de primera calidad.<\/li>\n<\/ul>\n<p><strong>Caracter\u00edsticas: <\/strong><\/p>\n<ul>\n<li>\n<p>Composici\u00f3n: <strong>Poli\u00e9ster + Spandex<\/strong><\/p>\n<\/li>\n<li>\n<p>Impresi\u00f3n de alto rendimiento para una notable resistencia del color a la luz y al lavado.<\/p>\n<\/li>\n<li>\n<p>Proporcionando un ajuste perfecto y duradero.<\/p>\n<\/li>\n<li>\n<p>Acabados precisos y refinados.<\/p>\n<\/li>\n<li>\n<p>Lavar a m\u00e1quina.<\/p>\n<\/li>\n<\/ul>\n<p><strong>Gu\u00eda de tallas: <\/strong><\/p>\n<p><img decoding=\"async\" alt=\"tama\u00f1o-funda-sill\u00f3n-cabriolet\" data-pm-slice=\"1 1 []\" data-mce-src=\"https:\/\/365-housse.com\/wp-content\/uploads \/2023\/06\/size-guide-cover-armchair-cabriolet_480x480.jpg?v=1625156093\" data-mce-style=\"display: block; margin-left: auto; margin-right: auto;\" height=\"397\" src=\"https:\/\/365-housse.com\/wp-content\/uploads\/2023\/06\/guide-des-tailles-housse-fauteuil-cabriolet_480x480.jpg?v=1625156093\" \/><\/p>\n<p>Nuestras fundas para sillones convertibles se adaptan a muchos sillones: <\/p>\n<p><img decoding=\"async\" alt=\"cousse-armchair-cabriolet\" data-pm-slice=\"1 1 []\" data-mce-src=\"https:\/\/365-housse.com\/wp-content\/uploads\/2023 \/06\/housse-fauteuil-cabriolet_480x480.png?v=1625156140\" data-mce-style=\"pantalla: bloque; margen izquierdo: autom\u00e1tico; margen derecho: autom\u00e1tico;\" height=\"336\" src=\"https:\/\/365-housse.com\/wp-content\/uploads\/2023\/06\/housse-fauteuil-cabriolet_480x480.png?v=1625156140\" style=\"margin-left: auto\" \/><\/p>\n<\/p>\n<div>\n<span><\/span>\n<\/div>\n<div>\n<p><span><img decoding=\"async\" alt=\"\" data-pm-slice=\"1 1 []\" data-mce-src=\"https:\/\/365-housse.com\/wp-content\/uploads\/2023\/06 \/guide-installation-fauteuil-cabriolet_480x480.jpg?v=1625309321\" data-mce-style=\"display: block; margin-left: auto; margin-right: auto;\" src=\"https:\/\/365-housse.com\/wp-content\/uploads\/2023\/06\/guide-installation-fauteuil-cabriolet_480x480.jpg?v=1625309321\" \/><\/span><\/p>\n<p>Aqu\u00ed tienes el resultado de tu silla antes y despu\u00e9s:<\/p>\n<div><span><img decoding=\"async\" alt=\"\" data-pm-slice=\"1 1 []\" data-mce-src=\"https:\/\/365-housse.com\/wp-content\/uploads\/2023\/06 \/Capture_d_ecran_2021-07-03_a_12.47.28_480x480.png?v=1625309376\" data-mce-style=\"display: block; margin-left: auto; margin-right: auto;\" src=\"https:\/\/365-housse.com\/wp-content\/uploads\/2023\/06\/Capture_d_ecran_2021-07-03_a_12.47.28_480x480.png?v=1625309376\" \/><\/span><\/div>\n<div>\n<p data-pm-slice=\"1 1 []\">Dale brillo a tu sill\u00f3n con nuestras <a href=\"https:\/\/365-housse.com\/es\/collections\/funda-de-sillon -cabriolet\/\" rel=\"noopener\" target=\"_blank\" title=\"Funda para sill\u00f3n Cabriolet\"><strong>Funda para sill\u00f3n Cabriolet<\/strong><\/a>. Para un look original y brillante, descubre nuestra <strong>Funda para sill\u00f3n Wax Cabriolet<\/strong>. Esta funda suave y elegante encajar\u00e1 perfectamente con su decoraci\u00f3n interior durante todo el a\u00f1o. <\/p>\n<p>p&gt; <\/p><\/div>\n<\/p><\/div>\n","protected":false},"excerpt":{"rendered":"<p>Dale un toque sofisticado a tu decoraci\u00f3n interior con nuestra Funda para Sill\u00f3n Cabriolet Flores Gris. Con un dise\u00f1o elegante, esta funda se adapta a todo tipo de estancias y est\u00e1 decorada con apliques florales en tonos grises. Ventajas de la Funda Sill\u00f3n Convertible Gris: R\u00e1pida instalaci\u00f3n y mantenimiento gracias a las caracter\u00edsticas el\u00e1sticas de [&hellip;]<\/p>\n","protected":false},"featured_media":17549,"comment_status":"open","ping_status":"closed","template":"","meta":[],"product_cat":[160,161],"product_tag":[],"class_list":{"0":"post-17910","1":"product","2":"type-product","3":"status-publish","4":"has-post-thumbnail","6":"product_cat-funda-de-sillon-cabriolet","7":"product_cat-portada-interior","9":"first","10":"instock","11":"shipping-taxable","12":"purchasable","13":"product-type-simple"},"yoast_head":"<title>Funda sill\u00f3n Cabriolet Floral Gris en entrega - gratis Ahorra un 30% en tu pedido<\/title>\n<meta name=\"description\" content=\"Recibe tu Funda sill\u00f3n Cabriolet Floral Gris hoy y benef\u00edciate de la entrega - gratuita Env\u00edo en 24\/48h\" \/>\n<meta name=\"robots\" content=\"index, follow, max-snippet:-1, max-image-preview:large, max-video-preview:-1\" \/>\n<link rel=\"canonical\" href=\"https:\/\/365-housse.com\/es\/productos\/housse-fauteuil-cabriolet-fleurie-grise\/\" \/>\n<meta property=\"og:locale\" content=\"es_ES\" \/>\n<meta property=\"og:type\" content=\"article\" \/>\n<meta property=\"og:title\" content=\"Funda sill\u00f3n Cabriolet Floral Gris en entrega - gratis Ahorra un 30% en tu pedido\" \/>\n<meta property=\"og:description\" content=\"Recibe tu Funda sill\u00f3n Cabriolet Floral Gris hoy y benef\u00edciate de la entrega - gratuita Env\u00edo en 24\/48h\" \/>\n<meta property=\"og:url\" content=\"https:\/\/365-housse.com\/es\/productos\/housse-fauteuil-cabriolet-fleurie-grise\/\" \/>\n<meta property=\"og:site_name\" content=\"Housse de Canap\u00e9\" \/>\n<meta property=\"article:modified_time\" content=\"2024-09-17T14:52:34+00:00\" \/>\n<meta property=\"og:image\" content=\"https:\/\/365-housse.com\/wp-content\/uploads\/2023\/06\/housse-fauteuil-cabriolet-fleurie-grise.jpg\" \/>\n\t<meta property=\"og:image:width\" content=\"485\" \/>\n\t<meta property=\"og:image:height\" content=\"451\" \/>\n\t<meta property=\"og:image:type\" content=\"image\/jpeg\" \/>\n<meta name=\"twitter:card\" content=\"summary_large_image\" \/>\n<meta name=\"twitter:label1\" content=\"Tiempo de lectura\" \/>\n\t<meta name=\"twitter:data1\" content=\"1 minuto\" \/>\n<script type=\"application\/ld+json\" class=\"yoast-schema-graph\">{\"@context\":\"https:\/\/schema.org\",\"@graph\":[{\"@type\":\"WebPage\",\"@id\":\"https:\/\/365-housse.com\/es\/productos\/housse-fauteuil-cabriolet-fleurie-grise\/\",\"url\":\"https:\/\/365-housse.com\/es\/productos\/housse-fauteuil-cabriolet-fleurie-grise\/\",\"name\":\"Funda sill\u00f3n Cabriolet Floral Gris en entrega - gratis Ahorra un 30% en tu pedido\",\"isPartOf\":{\"@id\":\"https:\/\/365-housse.com\/es\/#website\"},\"primaryImageOfPage\":{\"@id\":\"https:\/\/365-housse.com\/es\/productos\/housse-fauteuil-cabriolet-fleurie-grise\/#primaryimage\"},\"image\":{\"@id\":\"https:\/\/365-housse.com\/es\/productos\/housse-fauteuil-cabriolet-fleurie-grise\/#primaryimage\"},\"thumbnailUrl\":\"https:\/\/365-housse.com\/wp-content\/uploads\/2023\/06\/housse-fauteuil-cabriolet-fleurie-grise.jpg\",\"datePublished\":\"2023-06-12T08:45:47+00:00\",\"dateModified\":\"2024-09-17T14:52:34+00:00\",\"description\":\"Recibe tu Funda sill\u00f3n Cabriolet Floral Gris hoy y benef\u00edciate de la entrega - gratuita Env\u00edo en 24\/48h\",\"breadcrumb\":{\"@id\":\"https:\/\/365-housse.com\/es\/productos\/housse-fauteuil-cabriolet-fleurie-grise\/#breadcrumb\"},\"inLanguage\":\"es\",\"potentialAction\":[{\"@type\":\"ReadAction\",\"target\":[\"https:\/\/365-housse.com\/es\/productos\/housse-fauteuil-cabriolet-fleurie-grise\/\"]}]},{\"@type\":\"ImageObject\",\"inLanguage\":\"es\",\"@id\":\"https:\/\/365-housse.com\/es\/productos\/housse-fauteuil-cabriolet-fleurie-grise\/#primaryimage\",\"url\":\"https:\/\/365-housse.com\/wp-content\/uploads\/2023\/06\/housse-fauteuil-cabriolet-fleurie-grise.jpg\",\"contentUrl\":\"https:\/\/365-housse.com\/wp-content\/uploads\/2023\/06\/housse-fauteuil-cabriolet-fleurie-grise.jpg\",\"width\":485,\"height\":451},{\"@type\":\"BreadcrumbList\",\"@id\":\"https:\/\/365-housse.com\/es\/productos\/housse-fauteuil-cabriolet-fleurie-grise\/#breadcrumb\",\"itemListElement\":[{\"@type\":\"ListItem\",\"position\":1,\"name\":\"Accueil\",\"item\":\"https:\/\/365-housse.com\/es\/\"},{\"@type\":\"ListItem\",\"position\":2,\"name\":\"Tienda\",\"item\":\"https:\/\/365-housse.com\/es\/tienda\/\"},{\"@type\":\"ListItem\",\"position\":3,\"name\":\"Funda sill\u00f3n Cabriolet Floral Gris\"}]},{\"@type\":\"WebSite\",\"@id\":\"https:\/\/365-housse.com\/es\/#website\",\"url\":\"https:\/\/365-housse.com\/es\/\",\"name\":\"Housse de Canap\u00e9\",\"description\":\"Le N\u00b01 de la Housse\",\"publisher\":{\"@id\":\"https:\/\/365-housse.com\/es\/#organization\"},\"potentialAction\":[{\"@type\":\"SearchAction\",\"target\":{\"@type\":\"EntryPoint\",\"urlTemplate\":\"https:\/\/365-housse.com\/es\/?s={search_term_string}\"},\"query-input\":{\"@type\":\"PropertyValueSpecification\",\"valueRequired\":true,\"valueName\":\"search_term_string\"}}],\"inLanguage\":\"es\"},{\"@type\":\"Organization\",\"@id\":\"https:\/\/365-housse.com\/es\/#organization\",\"name\":\"Housse de Canap\u00e9\",\"url\":\"https:\/\/365-housse.com\/es\/\",\"logo\":{\"@type\":\"ImageObject\",\"inLanguage\":\"es\",\"@id\":\"https:\/\/365-housse.com\/es\/#\/schema\/logo\/image\/\",\"url\":\"https:\/\/365-housse.com\/wp-content\/uploads\/2023\/06\/LOGO-400-\u00d7-200-px-392-x-134-px-16.png\",\"contentUrl\":\"https:\/\/365-housse.com\/wp-content\/uploads\/2023\/06\/LOGO-400-\u00d7-200-px-392-x-134-px-16.png\",\"width\":392,\"height\":134,\"caption\":\"Housse de Canap\u00e9\"},\"image\":{\"@id\":\"https:\/\/365-housse.com\/es\/#\/schema\/logo\/image\/\"}}]}<\/script>","yoast_head_json":{"title":"Funda sill\u00f3n Cabriolet Floral Gris en entrega - gratis Ahorra un 30% en tu pedido","description":"Recibe tu Funda sill\u00f3n Cabriolet Floral Gris hoy y benef\u00edciate de la entrega - gratuita Env\u00edo en 24\/48h","robots":{"index":"index","follow":"follow","max-snippet":"max-snippet:-1","max-image-preview":"max-image-preview:large","max-video-preview":"max-video-preview:-1"},"canonical":"https:\/\/365-housse.com\/es\/productos\/housse-fauteuil-cabriolet-fleurie-grise\/","og_locale":"es_ES","og_type":"article","og_title":"Funda sill\u00f3n Cabriolet Floral Gris en entrega - gratis Ahorra un 30% en tu pedido","og_description":"Recibe tu Funda sill\u00f3n Cabriolet Floral Gris hoy y benef\u00edciate de la entrega - gratuita Env\u00edo en 24\/48h","og_url":"https:\/\/365-housse.com\/es\/productos\/housse-fauteuil-cabriolet-fleurie-grise\/","og_site_name":"Housse de Canap\u00e9","article_modified_time":"2024-09-17T14:52:34+00:00","og_image":[{"width":485,"height":451,"url":"https:\/\/365-housse.com\/wp-content\/uploads\/2023\/06\/housse-fauteuil-cabriolet-fleurie-grise.jpg","type":"image\/jpeg"}],"twitter_card":"summary_large_image","twitter_misc":{"Tiempo de lectura":"1 minuto"},"schema":{"@context":"https:\/\/schema.org","@graph":[{"@type":"WebPage","@id":"https:\/\/365-housse.com\/es\/productos\/housse-fauteuil-cabriolet-fleurie-grise\/","url":"https:\/\/365-housse.com\/es\/productos\/housse-fauteuil-cabriolet-fleurie-grise\/","name":"Funda sill\u00f3n Cabriolet Floral Gris en entrega - gratis Ahorra un 30% en tu pedido","isPartOf":{"@id":"https:\/\/365-housse.com\/es\/#website"},"primaryImageOfPage":{"@id":"https:\/\/365-housse.com\/es\/productos\/housse-fauteuil-cabriolet-fleurie-grise\/#primaryimage"},"image":{"@id":"https:\/\/365-housse.com\/es\/productos\/housse-fauteuil-cabriolet-fleurie-grise\/#primaryimage"},"thumbnailUrl":"https:\/\/365-housse.com\/wp-content\/uploads\/2023\/06\/housse-fauteuil-cabriolet-fleurie-grise.jpg","datePublished":"2023-06-12T08:45:47+00:00","dateModified":"2024-09-17T14:52:34+00:00","description":"Recibe tu Funda sill\u00f3n Cabriolet Floral Gris hoy y benef\u00edciate de la entrega - gratuita Env\u00edo en 24\/48h","breadcrumb":{"@id":"https:\/\/365-housse.com\/es\/productos\/housse-fauteuil-cabriolet-fleurie-grise\/#breadcrumb"},"inLanguage":"es","potentialAction":[{"@type":"ReadAction","target":["https:\/\/365-housse.com\/es\/productos\/housse-fauteuil-cabriolet-fleurie-grise\/"]}]},{"@type":"ImageObject","inLanguage":"es","@id":"https:\/\/365-housse.com\/es\/productos\/housse-fauteuil-cabriolet-fleurie-grise\/#primaryimage","url":"https:\/\/365-housse.com\/wp-content\/uploads\/2023\/06\/housse-fauteuil-cabriolet-fleurie-grise.jpg","contentUrl":"https:\/\/365-housse.com\/wp-content\/uploads\/2023\/06\/housse-fauteuil-cabriolet-fleurie-grise.jpg","width":485,"height":451},{"@type":"BreadcrumbList","@id":"https:\/\/365-housse.com\/es\/productos\/housse-fauteuil-cabriolet-fleurie-grise\/#breadcrumb","itemListElement":[{"@type":"ListItem","position":1,"name":"Accueil","item":"https:\/\/365-housse.com\/es\/"},{"@type":"ListItem","position":2,"name":"Tienda","item":"https:\/\/365-housse.com\/es\/tienda\/"},{"@type":"ListItem","position":3,"name":"Funda sill\u00f3n Cabriolet Floral Gris"}]},{"@type":"WebSite","@id":"https:\/\/365-housse.com\/es\/#website","url":"https:\/\/365-housse.com\/es\/","name":"Housse de Canap\u00e9","description":"Le N\u00b01 de la Housse","publisher":{"@id":"https:\/\/365-housse.com\/es\/#organization"},"potentialAction":[{"@type":"SearchAction","target":{"@type":"EntryPoint","urlTemplate":"https:\/\/365-housse.com\/es\/?s={search_term_string}"},"query-input":{"@type":"PropertyValueSpecification","valueRequired":true,"valueName":"search_term_string"}}],"inLanguage":"es"},{"@type":"Organization","@id":"https:\/\/365-housse.com\/es\/#organization","name":"Housse de Canap\u00e9","url":"https:\/\/365-housse.com\/es\/","logo":{"@type":"ImageObject","inLanguage":"es","@id":"https:\/\/365-housse.com\/es\/#\/schema\/logo\/image\/","url":"https:\/\/365-housse.com\/wp-content\/uploads\/2023\/06\/LOGO-400-\u00d7-200-px-392-x-134-px-16.png","contentUrl":"https:\/\/365-housse.com\/wp-content\/uploads\/2023\/06\/LOGO-400-\u00d7-200-px-392-x-134-px-16.png","width":392,"height":134,"caption":"Housse de Canap\u00e9"},"image":{"@id":"https:\/\/365-housse.com\/es\/#\/schema\/logo\/image\/"}}]}},"_links":{"self":[{"href":"https:\/\/365-housse.com\/es\/wp-json\/wp\/v2\/product\/17910"}],"collection":[{"href":"https:\/\/365-housse.com\/es\/wp-json\/wp\/v2\/product"}],"about":[{"href":"https:\/\/365-housse.com\/es\/wp-json\/wp\/v2\/types\/product"}],"replies":[{"embeddable":true,"href":"https:\/\/365-housse.com\/es\/wp-json\/wp\/v2\/comments?post=17910"}],"wp:featuredmedia":[{"embeddable":true,"href":"https:\/\/365-housse.com\/es\/wp-json\/wp\/v2\/media\/17549"}],"wp:attachment":[{"href":"https:\/\/365-housse.com\/es\/wp-json\/wp\/v2\/media?parent=17910"}],"wp:term":[{"taxonomy":"product_cat","embeddable":true,"href":"https:\/\/365-housse.com\/es\/wp-json\/wp\/v2\/product_cat?post=17910"},{"taxonomy":"product_tag","embeddable":true,"href":"https:\/\/365-housse.com\/es\/wp-json\/wp\/v2\/product_tag?post=17910"}],"curies":[{"name":"wp","href":"https:\/\/api.w.org\/{rel}","templated":true}]}}