{"id":17926,"date":"2023-06-12T08:45:36","date_gmt":"2023-06-12T08:45:36","guid":{"rendered":"https:\/\/365-housse.com\/products\/housse-fauteuil-cabriolet-velours-blanche\/"},"modified":"2024-09-17T14:52:44","modified_gmt":"2024-09-17T14:52:44","slug":"housse-fauteuil-cabriolet-velours-blanche","status":"publish","type":"product","link":"https:\/\/365-housse.com\/es\/productos\/housse-fauteuil-cabriolet-velours-blanche\/","title":{"rendered":"Funda para sill\u00f3n Cabriolet de terciopelo blanco"},"content":{"rendered":"<h2 data-mce-fragment=\"1\" data-pm-slice=\"1 1 []\">Una decoraci\u00f3n de lujo, la <strong data-mce-fragment=\"1\">Funda de sill\u00f3n convertible de terciopelo blanco<\/ strong> agregar\u00e1 un toque de sofisticaci\u00f3n a su hogar. La suave tela de terciopelo es lujosa y elegante, mientras que el color blanco s\u00f3lido combina perfectamente con cualquier decoraci\u00f3n. Este accesorio atemporal y elegante es la mejor manera de darle un aspecto chic a tu sal\u00f3n o zona de relax.<\/h2>\n<h3>Ventajas de esta<span> <\/span><strong>funda de sill\u00f3n convertible en terciopelo blanco<\/strong><span> <\/span>:<\/h3>\n<ul>\n<li>\n<p>Instalaci\u00f3n f\u00e1cil y r\u00e1pida: <span data-mce-fragment=\"1\">Las caracter\u00edsticas el\u00e1sticas de la funda del sill\u00f3n convertible garantizan una perfecta adaptaci\u00f3n y sujeci\u00f3n.<\/span><\/p>\n<p><\/ li><\/p>\n<li>\n<p>Este accesorio a\u00f1ade elegancia y refinamiento a tu decoraci\u00f3n interior.<\/p>\n<\/li>\n<li>\n<p>Ofrece una protecci\u00f3n \u00f3ptima contra manchas, desgaste, etc.<\/p>\n<\/li>\n<li>Fabricado con tejidos de primera calidad.<\/li>\n<\/ul>\n<p><strong>Caracter\u00edsticas: <\/strong><\/p>\n<ul>\n<li>\n<p>Composici\u00f3n:<span> <\/span><strong>Terciopelo el\u00e1stico<\/strong><\/p>\n<\/li>\n<li>\n<p>Impresi\u00f3n<span> <\/span><strong>ultrarendimiento<\/strong><span> <\/span>para una notable resistencia del color a la luz y al lavado.<\/p>\n<\/li>\n<li>\n<p>Las propiedades el\u00e1sticas garantizan un<span> <\/span><strong>ajuste perfecto<\/strong><span> <\/span>y durabilidad.<\/p>\n<\/li>\n<li>\n<p>Acabados<span> <\/span><strong>precisos<\/strong><span> <\/span>y<span> <\/span><strong>sofisticados<\/strong>.<\/p>\n<\/li>\n<li>\n<p>Lavable a m\u00e1quina.<\/p>\n<\/li>\n<\/ul>\n<p><strong>Gu\u00eda de tallas: <\/strong><\/p>\n<p><img decoding=\"async\" alt=\"\" src=\"https:\/\/365-housse.com\/wp-content\/uploads\/2023\/06\/dimension-housse-de-fauteuil-cabriolet_eaada2f3-7d13-4b39-a9b1-b2505dd07fef_480x480. jpg?v=1671389209\" \/><\/p>\n<p><span>Nuestras fundas para sillones convertibles son universales y se adaptan a la mayor\u00eda de los sillones:<\/span><\/p>\n<p><span><img fetchpriority=\"high\" decoding=\"async\" alt=\"housse-fauteuil-cabriolet\" height=\"336\" src=\"https:\/\/365-housse.com\/wp-content\/uploads\/2023\/06\/housse-fauteuil-cabriolet_480x480 .png?v=1625156140\" style=\"margin-left: auto;margin-right: auto\" width=\"336\" \/><\/span><\/p>\n<\/p>\n<p><span><img decoding=\"async\" alt=\"\" src=\"https:\/\/365-housse.com\/wp-content\/uploads\/2023\/06\/guide-installation-fauteuil-cabriolet_480x480.jpg?v=1625309321\" \/><\/span><\/p>\n<p>El resultado: <\/p>\n<div><span><img decoding=\"async\" alt=\"\" src=\"https:\/\/365-housse.com\/wp-content\/uploads\/2023\/06\/Capture_d_ecran_2021-07-03_a_12.47.28_480x480.png?v=1625309376\" \/><\/span><\/div>\n<div>\n<p data-pm-slice=\"1 1 []\">Si te gust\u00f3 esta funda protectora, tambi\u00e9n te gustar\u00e1 su gemela, la <a href=\"https:\/\/365-housse.com\/products\/housse - sill\u00f3n-cabriolet-terciopelo burdeos\/\" rel=\"noopener noreferrer\" target=\"_blank\" title=\"Funda para sill\u00f3n Cabriolet de terciopelo burdeos\"><strong>Funda para sill\u00f3n Cabriolet de terciopelo burdeos<\/strong><\/a>. Es perfecto para a\u00f1adir un toque de lujo a su interior.<\/p>\n<p>Ofrecemos una amplia gama de <a href=\"https:\/\/365-housse.com\/es\/collections\/funda-de-sillon-cabriolet\/\" rel=\"noopener noreferrer\" target=\"_blank\" title=\"Fundas para Sillones Convertibles\"><strong>Fundas para Sillones Convertibles<\/strong><\/a>en varios colores y materiales. Aqu\u00ed encontrar\u00e1 fundas sencillas, con ribetes o incrustaciones en contraste.<\/p>\n<\/div>\n","protected":false},"excerpt":{"rendered":"<p>Una decoraci\u00f3n de lujo, la Funda de sill\u00f3n convertible de terciopelo blanco agregar\u00e1 un toque de sofisticaci\u00f3n a su hogar. La suave tela de terciopelo es lujosa y elegante, mientras que el color blanco s\u00f3lido combina perfectamente con cualquier decoraci\u00f3n. Este accesorio atemporal y elegante es la mejor manera de darle un aspecto chic a [&hellip;]<\/p>\n","protected":false},"featured_media":17529,"comment_status":"open","ping_status":"closed","template":"","meta":[],"product_cat":[160,161],"product_tag":[200,201],"class_list":{"0":"post-17926","1":"product","2":"type-product","3":"status-publish","4":"has-post-thumbnail","6":"product_cat-funda-de-sillon-cabriolet","7":"product_cat-portada-interior","8":"product_tag-fauteuil-es","9":"product_tag-housse-fauteuil-cabrilet-es","11":"first","12":"instock","13":"shipping-taxable","14":"purchasable","15":"product-type-simple"},"yoast_head":"<title>Funda para sill\u00f3n Cabriolet de terciopelo blanco en entrega - gratis Ahorra un 30% en tu pedido<\/title>\n<meta name=\"description\" content=\"Recibe tu Funda para sill\u00f3n Cabriolet de terciopelo blanco hoy y benef\u00edciate de la entrega - gratuita Env\u00edo en 24\/48h\" \/>\n<meta name=\"robots\" content=\"index, follow, max-snippet:-1, max-image-preview:large, max-video-preview:-1\" \/>\n<link rel=\"canonical\" href=\"https:\/\/365-housse.com\/es\/productos\/housse-fauteuil-cabriolet-velours-blanche\/\" \/>\n<meta property=\"og:locale\" content=\"es_ES\" \/>\n<meta property=\"og:type\" content=\"article\" \/>\n<meta property=\"og:title\" content=\"Funda para sill\u00f3n Cabriolet de terciopelo blanco en entrega - gratis Ahorra un 30% en tu pedido\" \/>\n<meta property=\"og:description\" content=\"Recibe tu Funda para sill\u00f3n Cabriolet de terciopelo blanco hoy y benef\u00edciate de la entrega - gratuita Env\u00edo en 24\/48h\" \/>\n<meta property=\"og:url\" content=\"https:\/\/365-housse.com\/es\/productos\/housse-fauteuil-cabriolet-velours-blanche\/\" \/>\n<meta property=\"og:site_name\" content=\"Housse de Canap\u00e9\" \/>\n<meta property=\"article:modified_time\" content=\"2024-09-17T14:52:44+00:00\" \/>\n<meta property=\"og:image\" content=\"https:\/\/365-housse.com\/wp-content\/uploads\/2023\/06\/housse-fauteuil-cabriolet-velours-blanche.jpg\" \/>\n\t<meta property=\"og:image:width\" content=\"481\" \/>\n\t<meta property=\"og:image:height\" content=\"452\" \/>\n\t<meta property=\"og:image:type\" content=\"image\/jpeg\" \/>\n<meta name=\"twitter:card\" content=\"summary_large_image\" \/>\n<meta name=\"twitter:label1\" content=\"Tiempo de lectura\" \/>\n\t<meta name=\"twitter:data1\" content=\"1 minuto\" \/>\n<script type=\"application\/ld+json\" class=\"yoast-schema-graph\">{\"@context\":\"https:\/\/schema.org\",\"@graph\":[{\"@type\":\"WebPage\",\"@id\":\"https:\/\/365-housse.com\/es\/productos\/housse-fauteuil-cabriolet-velours-blanche\/\",\"url\":\"https:\/\/365-housse.com\/es\/productos\/housse-fauteuil-cabriolet-velours-blanche\/\",\"name\":\"Funda para sill\u00f3n Cabriolet de terciopelo blanco en entrega - gratis Ahorra un 30% en tu pedido\",\"isPartOf\":{\"@id\":\"https:\/\/365-housse.com\/es\/#website\"},\"primaryImageOfPage\":{\"@id\":\"https:\/\/365-housse.com\/es\/productos\/housse-fauteuil-cabriolet-velours-blanche\/#primaryimage\"},\"image\":{\"@id\":\"https:\/\/365-housse.com\/es\/productos\/housse-fauteuil-cabriolet-velours-blanche\/#primaryimage\"},\"thumbnailUrl\":\"https:\/\/365-housse.com\/wp-content\/uploads\/2023\/06\/housse-fauteuil-cabriolet-velours-blanche.jpg\",\"datePublished\":\"2023-06-12T08:45:36+00:00\",\"dateModified\":\"2024-09-17T14:52:44+00:00\",\"description\":\"Recibe tu Funda para sill\u00f3n Cabriolet de terciopelo blanco hoy y benef\u00edciate de la entrega - gratuita Env\u00edo en 24\/48h\",\"breadcrumb\":{\"@id\":\"https:\/\/365-housse.com\/es\/productos\/housse-fauteuil-cabriolet-velours-blanche\/#breadcrumb\"},\"inLanguage\":\"es\",\"potentialAction\":[{\"@type\":\"ReadAction\",\"target\":[\"https:\/\/365-housse.com\/es\/productos\/housse-fauteuil-cabriolet-velours-blanche\/\"]}]},{\"@type\":\"ImageObject\",\"inLanguage\":\"es\",\"@id\":\"https:\/\/365-housse.com\/es\/productos\/housse-fauteuil-cabriolet-velours-blanche\/#primaryimage\",\"url\":\"https:\/\/365-housse.com\/wp-content\/uploads\/2023\/06\/housse-fauteuil-cabriolet-velours-blanche.jpg\",\"contentUrl\":\"https:\/\/365-housse.com\/wp-content\/uploads\/2023\/06\/housse-fauteuil-cabriolet-velours-blanche.jpg\",\"width\":481,\"height\":452},{\"@type\":\"BreadcrumbList\",\"@id\":\"https:\/\/365-housse.com\/es\/productos\/housse-fauteuil-cabriolet-velours-blanche\/#breadcrumb\",\"itemListElement\":[{\"@type\":\"ListItem\",\"position\":1,\"name\":\"Accueil\",\"item\":\"https:\/\/365-housse.com\/es\/\"},{\"@type\":\"ListItem\",\"position\":2,\"name\":\"Tienda\",\"item\":\"https:\/\/365-housse.com\/es\/tienda\/\"},{\"@type\":\"ListItem\",\"position\":3,\"name\":\"Funda para sill\u00f3n Cabriolet de terciopelo blanco\"}]},{\"@type\":\"WebSite\",\"@id\":\"https:\/\/365-housse.com\/es\/#website\",\"url\":\"https:\/\/365-housse.com\/es\/\",\"name\":\"Housse de Canap\u00e9\",\"description\":\"Le N\u00b01 de la Housse\",\"publisher\":{\"@id\":\"https:\/\/365-housse.com\/es\/#organization\"},\"potentialAction\":[{\"@type\":\"SearchAction\",\"target\":{\"@type\":\"EntryPoint\",\"urlTemplate\":\"https:\/\/365-housse.com\/es\/?s={search_term_string}\"},\"query-input\":{\"@type\":\"PropertyValueSpecification\",\"valueRequired\":true,\"valueName\":\"search_term_string\"}}],\"inLanguage\":\"es\"},{\"@type\":\"Organization\",\"@id\":\"https:\/\/365-housse.com\/es\/#organization\",\"name\":\"Housse de Canap\u00e9\",\"url\":\"https:\/\/365-housse.com\/es\/\",\"logo\":{\"@type\":\"ImageObject\",\"inLanguage\":\"es\",\"@id\":\"https:\/\/365-housse.com\/es\/#\/schema\/logo\/image\/\",\"url\":\"https:\/\/365-housse.com\/wp-content\/uploads\/2023\/06\/LOGO-400-\u00d7-200-px-392-x-134-px-16.png\",\"contentUrl\":\"https:\/\/365-housse.com\/wp-content\/uploads\/2023\/06\/LOGO-400-\u00d7-200-px-392-x-134-px-16.png\",\"width\":392,\"height\":134,\"caption\":\"Housse de Canap\u00e9\"},\"image\":{\"@id\":\"https:\/\/365-housse.com\/es\/#\/schema\/logo\/image\/\"}}]}<\/script>","yoast_head_json":{"title":"Funda para sill\u00f3n Cabriolet de terciopelo blanco en entrega - gratis Ahorra un 30% en tu pedido","description":"Recibe tu Funda para sill\u00f3n Cabriolet de terciopelo blanco hoy y benef\u00edciate de la entrega - gratuita Env\u00edo en 24\/48h","robots":{"index":"index","follow":"follow","max-snippet":"max-snippet:-1","max-image-preview":"max-image-preview:large","max-video-preview":"max-video-preview:-1"},"canonical":"https:\/\/365-housse.com\/es\/productos\/housse-fauteuil-cabriolet-velours-blanche\/","og_locale":"es_ES","og_type":"article","og_title":"Funda para sill\u00f3n Cabriolet de terciopelo blanco en entrega - gratis Ahorra un 30% en tu pedido","og_description":"Recibe tu Funda para sill\u00f3n Cabriolet de terciopelo blanco hoy y benef\u00edciate de la entrega - gratuita Env\u00edo en 24\/48h","og_url":"https:\/\/365-housse.com\/es\/productos\/housse-fauteuil-cabriolet-velours-blanche\/","og_site_name":"Housse de Canap\u00e9","article_modified_time":"2024-09-17T14:52:44+00:00","og_image":[{"width":481,"height":452,"url":"https:\/\/365-housse.com\/wp-content\/uploads\/2023\/06\/housse-fauteuil-cabriolet-velours-blanche.jpg","type":"image\/jpeg"}],"twitter_card":"summary_large_image","twitter_misc":{"Tiempo de lectura":"1 minuto"},"schema":{"@context":"https:\/\/schema.org","@graph":[{"@type":"WebPage","@id":"https:\/\/365-housse.com\/es\/productos\/housse-fauteuil-cabriolet-velours-blanche\/","url":"https:\/\/365-housse.com\/es\/productos\/housse-fauteuil-cabriolet-velours-blanche\/","name":"Funda para sill\u00f3n Cabriolet de terciopelo blanco en entrega - gratis Ahorra un 30% en tu pedido","isPartOf":{"@id":"https:\/\/365-housse.com\/es\/#website"},"primaryImageOfPage":{"@id":"https:\/\/365-housse.com\/es\/productos\/housse-fauteuil-cabriolet-velours-blanche\/#primaryimage"},"image":{"@id":"https:\/\/365-housse.com\/es\/productos\/housse-fauteuil-cabriolet-velours-blanche\/#primaryimage"},"thumbnailUrl":"https:\/\/365-housse.com\/wp-content\/uploads\/2023\/06\/housse-fauteuil-cabriolet-velours-blanche.jpg","datePublished":"2023-06-12T08:45:36+00:00","dateModified":"2024-09-17T14:52:44+00:00","description":"Recibe tu Funda para sill\u00f3n Cabriolet de terciopelo blanco hoy y benef\u00edciate de la entrega - gratuita Env\u00edo en 24\/48h","breadcrumb":{"@id":"https:\/\/365-housse.com\/es\/productos\/housse-fauteuil-cabriolet-velours-blanche\/#breadcrumb"},"inLanguage":"es","potentialAction":[{"@type":"ReadAction","target":["https:\/\/365-housse.com\/es\/productos\/housse-fauteuil-cabriolet-velours-blanche\/"]}]},{"@type":"ImageObject","inLanguage":"es","@id":"https:\/\/365-housse.com\/es\/productos\/housse-fauteuil-cabriolet-velours-blanche\/#primaryimage","url":"https:\/\/365-housse.com\/wp-content\/uploads\/2023\/06\/housse-fauteuil-cabriolet-velours-blanche.jpg","contentUrl":"https:\/\/365-housse.com\/wp-content\/uploads\/2023\/06\/housse-fauteuil-cabriolet-velours-blanche.jpg","width":481,"height":452},{"@type":"BreadcrumbList","@id":"https:\/\/365-housse.com\/es\/productos\/housse-fauteuil-cabriolet-velours-blanche\/#breadcrumb","itemListElement":[{"@type":"ListItem","position":1,"name":"Accueil","item":"https:\/\/365-housse.com\/es\/"},{"@type":"ListItem","position":2,"name":"Tienda","item":"https:\/\/365-housse.com\/es\/tienda\/"},{"@type":"ListItem","position":3,"name":"Funda para sill\u00f3n Cabriolet de terciopelo blanco"}]},{"@type":"WebSite","@id":"https:\/\/365-housse.com\/es\/#website","url":"https:\/\/365-housse.com\/es\/","name":"Housse de Canap\u00e9","description":"Le N\u00b01 de la Housse","publisher":{"@id":"https:\/\/365-housse.com\/es\/#organization"},"potentialAction":[{"@type":"SearchAction","target":{"@type":"EntryPoint","urlTemplate":"https:\/\/365-housse.com\/es\/?s={search_term_string}"},"query-input":{"@type":"PropertyValueSpecification","valueRequired":true,"valueName":"search_term_string"}}],"inLanguage":"es"},{"@type":"Organization","@id":"https:\/\/365-housse.com\/es\/#organization","name":"Housse de Canap\u00e9","url":"https:\/\/365-housse.com\/es\/","logo":{"@type":"ImageObject","inLanguage":"es","@id":"https:\/\/365-housse.com\/es\/#\/schema\/logo\/image\/","url":"https:\/\/365-housse.com\/wp-content\/uploads\/2023\/06\/LOGO-400-\u00d7-200-px-392-x-134-px-16.png","contentUrl":"https:\/\/365-housse.com\/wp-content\/uploads\/2023\/06\/LOGO-400-\u00d7-200-px-392-x-134-px-16.png","width":392,"height":134,"caption":"Housse de Canap\u00e9"},"image":{"@id":"https:\/\/365-housse.com\/es\/#\/schema\/logo\/image\/"}}]}},"_links":{"self":[{"href":"https:\/\/365-housse.com\/es\/wp-json\/wp\/v2\/product\/17926"}],"collection":[{"href":"https:\/\/365-housse.com\/es\/wp-json\/wp\/v2\/product"}],"about":[{"href":"https:\/\/365-housse.com\/es\/wp-json\/wp\/v2\/types\/product"}],"replies":[{"embeddable":true,"href":"https:\/\/365-housse.com\/es\/wp-json\/wp\/v2\/comments?post=17926"}],"wp:featuredmedia":[{"embeddable":true,"href":"https:\/\/365-housse.com\/es\/wp-json\/wp\/v2\/media\/17529"}],"wp:attachment":[{"href":"https:\/\/365-housse.com\/es\/wp-json\/wp\/v2\/media?parent=17926"}],"wp:term":[{"taxonomy":"product_cat","embeddable":true,"href":"https:\/\/365-housse.com\/es\/wp-json\/wp\/v2\/product_cat?post=17926"},{"taxonomy":"product_tag","embeddable":true,"href":"https:\/\/365-housse.com\/es\/wp-json\/wp\/v2\/product_tag?post=17926"}],"curies":[{"name":"wp","href":"https:\/\/api.w.org\/{rel}","templated":true}]}}