{"id":17930,"date":"2023-06-12T08:45:35","date_gmt":"2023-06-12T08:45:35","guid":{"rendered":"https:\/\/365-housse.com\/products\/housse-fauteuil-cabriolet-universelle-blanche\/"},"modified":"2024-09-17T14:52:45","modified_gmt":"2024-09-17T14:52:45","slug":"housse-fauteuil-cabriolet-universelle-blanche","status":"publish","type":"product","link":"https:\/\/365-housse.com\/es\/productos\/housse-fauteuil-cabriolet-universelle-blanche\/","title":{"rendered":"Funda Sill\u00f3n Universal Cabriolet Blanco"},"content":{"rendered":"<h2 data-pm-slice=\"1 1 []\">\u00a1Haz de tu hogar o evento un lugar elegante y pr\u00e1ctico gracias a la <strong>Funda de Sill\u00f3n Convertible Universal Blanca<\/strong>! Esta funda vers\u00e1til se adapta a varios tipos de sillas convertibles, lo que la convierte en una opci\u00f3n ideal para una variedad de situaciones. Ya sea que desee darle un nuevo aspecto a su sala de estar o proteger su desgastada silla convertible, esta funda es una soluci\u00f3n sencilla y econ\u00f3mica.<\/h2>\n<h3>Beneficios de la<span> <\/span><strong>funda sill\u00f3n convertible universal blanca<\/strong><span> <\/span>:<\/h3>\n<ul>\n<li>\n<p>Instalaci\u00f3n r\u00e1pida y sencilla: <span data-mce-fragment=\"1\">las<\/span><strong data-mce-fragment=\"1\">propiedades el\u00e1sticas<\/strong><span> de nuestras fundas para sillones convertibles garantizan un ajuste y soporte perfectos<\/span><\/p>\n<\/li>\n<li>\n<p>A\u00f1ade refinamiento a tu decoraci\u00f3n interior<\/p>\n<\/li>\n<li>\n<p>Protege eficazmente contra manchas, desgaste,&#8230;<\/p>\n<\/li>\n<li>\n<p>Fabricado con tejidos de primera calidad<\/p>\n<\/li>\n<\/ul>\n<p><strong>Caracter\u00edsticas: <\/strong><\/p>\n<ul>\n<li>\n<p>Composici\u00f3n:<span> <\/span><strong>90% Poli\u00e9ster + 10% Elastano<\/strong><\/p>\n<\/li>\n<li>\n<p>Impresi\u00f3n de alta calidad para un color extraordinario y una resistencia al lavado<\/p>\n<\/li>\n<li>\n<p>Ajuste perfecto y duradero gracias a sus propiedades el\u00e1sticas<\/p>\n<\/li>\n<li>\n<p>Apariencia refinada y acabados precisos<\/p>\n<\/li>\n<li>\n<p>Lavable a m\u00e1quina<\/p>\n<\/li>\n<\/ul>\n<p><strong>Gu\u00eda de tallas: <\/strong><\/p>\n<p style=\"text-align: center\"><img decoding=\"async\" alt=\"\" data-mce-src=\"https:\/\/365-housse.com\/wp-content\/uploads\/2023\/06\/Captured_ecran2023-03-18173824_480x480 .jpg?v=1679150360\" src=\"https:\/\/365-housse.com\/wp-content\/uploads\/2023\/06\/Captured_ecran2023-03-18173824_480x480.jpg?v=1679150360\" \/><\/p>\n<p>Nuestras <a href=\"https:\/\/365-housse.com\/es\/collections\/funda-de-sillon-cabriolet\/\" rel=\"noopener noreferrer\" target=\"_blank\" title=\"Fundas para sillones Cabriolet \"><strong>Fundas para Sill\u00f3n Cabrio<\/strong><\/a> son de medidas universales y se adaptan a multitud de sillones:<\/p>\n<p><span><img decoding=\"async\" alt=\"housse-fauteuil-cabriolet\" data-mce-src=\"https:\/\/365-housse.com\/wp-content\/uploads\/2023\/06\/housse-fauteuil-cabriolet_480x480. png?v=1625156140\" height=\"336\" src=\"https:\/\/365-housse.com\/wp-content\/uploads\/2023\/06\/housse-fauteuil-cabriolet_480x480.png?v=1625156140\" \/><\/span><\/p>\n<\/p>\n<p><span><img decoding=\"async\" alt=\"\" data-mce-src=\"https:\/\/365-housse.com\/wp-content\/uploads\/2023\/06\/guide-installation-fauteuil-cabriolet_480x480.jpg?v =1625309321\" src=\"https:\/\/365-housse.com\/wp-content\/uploads\/2023\/06\/guide-installation-fauteuil-cabriolet_480x480.jpg?v=1625309321\" style=\"margin-left: auto\" \/><\/span><\/p>\n<p> Vea usted mismo el cambio en nuestro <a href=\"https:\/\/365-housse.com\/products\/housse-fauteuil-cabriolet-universelle-noire\/\" rel=\"noopener noreferrer\" target=\" _blank\" title=\"Funda para Sill\u00f3n Convertible Universal Negra\"><strong>Funda para Sill\u00f3n Convertible Universal Negra<\/strong><\/a>: <\/p>\n<div><span><img decoding=\"async\" alt=\"\" data-mce-src=\"https:\/\/365-housse.com\/wp-content\/uploads\/2023\/06\/Capture_d_ecran_2021-07-03_a_12.47.28_480x480.png? v=1625309376\" src=\"https:\/\/365-housse.com\/wp-content\/uploads\/2023\/06\/Capture_d_ecran_2021-07-03_a_12.47.28_480x480.png?v=1625309376\" style=\"margin-left: auto\" \/><\/span><\/div>\n<p>Tanto si est\u00e1s organizando una boda como una fiesta de cumplea\u00f1os, te ofrecemos estas <a href=\"https:\/\/365-housse.com\/es\/collections\/funda-de-sillon-cabriolet\/\" rel=\"noopener noreferrer\" target=\"_blank\" title=\"Fundas para Sillones Cabriolet\"><strong>Fundas para Sillones Convertibles<\/strong><\/a> para vestir los sillones de tus invitados. Esta decoraci\u00f3n puede a\u00f1adir elegancia y estilo a cualquier ocasi\u00f3n.<\/p>\n<p><a href=\"#\" title=\"\"><strong>Un objeto decorativo elegante<\/strong><\/a> es una soluci\u00f3n ideal para aportar un toque de sofisticaci\u00f3n a cualquier sal\u00f3n o evento especial. Este complemento es vers\u00e1til y muy pr\u00e1ctico.<\/p>\n","protected":false},"excerpt":{"rendered":"<p>\u00a1Haz de tu hogar o evento un lugar elegante y pr\u00e1ctico gracias a la Funda de Sill\u00f3n Convertible Universal Blanca! Esta funda vers\u00e1til se adapta a varios tipos de sillas convertibles, lo que la convierte en una opci\u00f3n ideal para una variedad de situaciones. Ya sea que desee darle un nuevo aspecto a su sala [&hellip;]<\/p>\n","protected":false},"featured_media":17528,"comment_status":"open","ping_status":"closed","template":"","meta":[],"product_cat":[160,161],"product_tag":[200],"class_list":{"0":"post-17930","1":"product","2":"type-product","3":"status-publish","4":"has-post-thumbnail","6":"product_cat-funda-de-sillon-cabriolet","7":"product_cat-portada-interior","8":"product_tag-fauteuil-es","10":"first","11":"instock","12":"shipping-taxable","13":"purchasable","14":"product-type-simple"},"yoast_head":"<title>Funda Sill\u00f3n Universal Cabriolet Blanco en entrega - gratis Ahorra un 30% en tu pedido<\/title>\n<meta name=\"description\" content=\"Recibe tu Funda Sill\u00f3n Universal Cabriolet Blanco hoy y benef\u00edciate de la entrega - gratuita Env\u00edo en 24\/48h\" \/>\n<meta name=\"robots\" content=\"index, follow, max-snippet:-1, max-image-preview:large, max-video-preview:-1\" \/>\n<link rel=\"canonical\" href=\"https:\/\/365-housse.com\/es\/productos\/housse-fauteuil-cabriolet-universelle-blanche\/\" \/>\n<meta property=\"og:locale\" content=\"es_ES\" \/>\n<meta property=\"og:type\" content=\"article\" \/>\n<meta property=\"og:title\" content=\"Funda Sill\u00f3n Universal Cabriolet Blanco en entrega - gratis Ahorra un 30% en tu pedido\" \/>\n<meta property=\"og:description\" content=\"Recibe tu Funda Sill\u00f3n Universal Cabriolet Blanco hoy y benef\u00edciate de la entrega - gratuita Env\u00edo en 24\/48h\" \/>\n<meta property=\"og:url\" content=\"https:\/\/365-housse.com\/es\/productos\/housse-fauteuil-cabriolet-universelle-blanche\/\" \/>\n<meta property=\"og:site_name\" content=\"Housse de Canap\u00e9\" \/>\n<meta property=\"article:modified_time\" content=\"2024-09-17T14:52:45+00:00\" \/>\n<meta property=\"og:image\" content=\"https:\/\/365-housse.com\/wp-content\/uploads\/2023\/06\/housse-fauteuil-cabriolet-universelle-blanche.jpg\" \/>\n\t<meta property=\"og:image:width\" content=\"501\" \/>\n\t<meta property=\"og:image:height\" content=\"457\" \/>\n\t<meta property=\"og:image:type\" content=\"image\/jpeg\" \/>\n<meta name=\"twitter:card\" content=\"summary_large_image\" \/>\n<meta name=\"twitter:label1\" content=\"Tiempo de lectura\" \/>\n\t<meta name=\"twitter:data1\" content=\"1 minuto\" \/>\n<script type=\"application\/ld+json\" class=\"yoast-schema-graph\">{\"@context\":\"https:\/\/schema.org\",\"@graph\":[{\"@type\":\"WebPage\",\"@id\":\"https:\/\/365-housse.com\/es\/productos\/housse-fauteuil-cabriolet-universelle-blanche\/\",\"url\":\"https:\/\/365-housse.com\/es\/productos\/housse-fauteuil-cabriolet-universelle-blanche\/\",\"name\":\"Funda Sill\u00f3n Universal Cabriolet Blanco en entrega - gratis Ahorra un 30% en tu pedido\",\"isPartOf\":{\"@id\":\"https:\/\/365-housse.com\/es\/#website\"},\"primaryImageOfPage\":{\"@id\":\"https:\/\/365-housse.com\/es\/productos\/housse-fauteuil-cabriolet-universelle-blanche\/#primaryimage\"},\"image\":{\"@id\":\"https:\/\/365-housse.com\/es\/productos\/housse-fauteuil-cabriolet-universelle-blanche\/#primaryimage\"},\"thumbnailUrl\":\"https:\/\/365-housse.com\/wp-content\/uploads\/2023\/06\/housse-fauteuil-cabriolet-universelle-blanche.jpg\",\"datePublished\":\"2023-06-12T08:45:35+00:00\",\"dateModified\":\"2024-09-17T14:52:45+00:00\",\"description\":\"Recibe tu Funda Sill\u00f3n Universal Cabriolet Blanco hoy y benef\u00edciate de la entrega - gratuita Env\u00edo en 24\/48h\",\"breadcrumb\":{\"@id\":\"https:\/\/365-housse.com\/es\/productos\/housse-fauteuil-cabriolet-universelle-blanche\/#breadcrumb\"},\"inLanguage\":\"es\",\"potentialAction\":[{\"@type\":\"ReadAction\",\"target\":[\"https:\/\/365-housse.com\/es\/productos\/housse-fauteuil-cabriolet-universelle-blanche\/\"]}]},{\"@type\":\"ImageObject\",\"inLanguage\":\"es\",\"@id\":\"https:\/\/365-housse.com\/es\/productos\/housse-fauteuil-cabriolet-universelle-blanche\/#primaryimage\",\"url\":\"https:\/\/365-housse.com\/wp-content\/uploads\/2023\/06\/housse-fauteuil-cabriolet-universelle-blanche.jpg\",\"contentUrl\":\"https:\/\/365-housse.com\/wp-content\/uploads\/2023\/06\/housse-fauteuil-cabriolet-universelle-blanche.jpg\",\"width\":501,\"height\":457},{\"@type\":\"BreadcrumbList\",\"@id\":\"https:\/\/365-housse.com\/es\/productos\/housse-fauteuil-cabriolet-universelle-blanche\/#breadcrumb\",\"itemListElement\":[{\"@type\":\"ListItem\",\"position\":1,\"name\":\"Accueil\",\"item\":\"https:\/\/365-housse.com\/es\/\"},{\"@type\":\"ListItem\",\"position\":2,\"name\":\"Tienda\",\"item\":\"https:\/\/365-housse.com\/es\/tienda\/\"},{\"@type\":\"ListItem\",\"position\":3,\"name\":\"Funda Sill\u00f3n Universal Cabriolet Blanco\"}]},{\"@type\":\"WebSite\",\"@id\":\"https:\/\/365-housse.com\/es\/#website\",\"url\":\"https:\/\/365-housse.com\/es\/\",\"name\":\"Housse de Canap\u00e9\",\"description\":\"Le N\u00b01 de la Housse\",\"publisher\":{\"@id\":\"https:\/\/365-housse.com\/es\/#organization\"},\"potentialAction\":[{\"@type\":\"SearchAction\",\"target\":{\"@type\":\"EntryPoint\",\"urlTemplate\":\"https:\/\/365-housse.com\/es\/?s={search_term_string}\"},\"query-input\":{\"@type\":\"PropertyValueSpecification\",\"valueRequired\":true,\"valueName\":\"search_term_string\"}}],\"inLanguage\":\"es\"},{\"@type\":\"Organization\",\"@id\":\"https:\/\/365-housse.com\/es\/#organization\",\"name\":\"Housse de Canap\u00e9\",\"url\":\"https:\/\/365-housse.com\/es\/\",\"logo\":{\"@type\":\"ImageObject\",\"inLanguage\":\"es\",\"@id\":\"https:\/\/365-housse.com\/es\/#\/schema\/logo\/image\/\",\"url\":\"https:\/\/365-housse.com\/wp-content\/uploads\/2023\/06\/LOGO-400-\u00d7-200-px-392-x-134-px-16.png\",\"contentUrl\":\"https:\/\/365-housse.com\/wp-content\/uploads\/2023\/06\/LOGO-400-\u00d7-200-px-392-x-134-px-16.png\",\"width\":392,\"height\":134,\"caption\":\"Housse de Canap\u00e9\"},\"image\":{\"@id\":\"https:\/\/365-housse.com\/es\/#\/schema\/logo\/image\/\"}}]}<\/script>","yoast_head_json":{"title":"Funda Sill\u00f3n Universal Cabriolet Blanco en entrega - gratis Ahorra un 30% en tu pedido","description":"Recibe tu Funda Sill\u00f3n Universal Cabriolet Blanco hoy y benef\u00edciate de la entrega - gratuita Env\u00edo en 24\/48h","robots":{"index":"index","follow":"follow","max-snippet":"max-snippet:-1","max-image-preview":"max-image-preview:large","max-video-preview":"max-video-preview:-1"},"canonical":"https:\/\/365-housse.com\/es\/productos\/housse-fauteuil-cabriolet-universelle-blanche\/","og_locale":"es_ES","og_type":"article","og_title":"Funda Sill\u00f3n Universal Cabriolet Blanco en entrega - gratis Ahorra un 30% en tu pedido","og_description":"Recibe tu Funda Sill\u00f3n Universal Cabriolet Blanco hoy y benef\u00edciate de la entrega - gratuita Env\u00edo en 24\/48h","og_url":"https:\/\/365-housse.com\/es\/productos\/housse-fauteuil-cabriolet-universelle-blanche\/","og_site_name":"Housse de Canap\u00e9","article_modified_time":"2024-09-17T14:52:45+00:00","og_image":[{"width":501,"height":457,"url":"https:\/\/365-housse.com\/wp-content\/uploads\/2023\/06\/housse-fauteuil-cabriolet-universelle-blanche.jpg","type":"image\/jpeg"}],"twitter_card":"summary_large_image","twitter_misc":{"Tiempo de lectura":"1 minuto"},"schema":{"@context":"https:\/\/schema.org","@graph":[{"@type":"WebPage","@id":"https:\/\/365-housse.com\/es\/productos\/housse-fauteuil-cabriolet-universelle-blanche\/","url":"https:\/\/365-housse.com\/es\/productos\/housse-fauteuil-cabriolet-universelle-blanche\/","name":"Funda Sill\u00f3n Universal Cabriolet Blanco en entrega - gratis Ahorra un 30% en tu pedido","isPartOf":{"@id":"https:\/\/365-housse.com\/es\/#website"},"primaryImageOfPage":{"@id":"https:\/\/365-housse.com\/es\/productos\/housse-fauteuil-cabriolet-universelle-blanche\/#primaryimage"},"image":{"@id":"https:\/\/365-housse.com\/es\/productos\/housse-fauteuil-cabriolet-universelle-blanche\/#primaryimage"},"thumbnailUrl":"https:\/\/365-housse.com\/wp-content\/uploads\/2023\/06\/housse-fauteuil-cabriolet-universelle-blanche.jpg","datePublished":"2023-06-12T08:45:35+00:00","dateModified":"2024-09-17T14:52:45+00:00","description":"Recibe tu Funda Sill\u00f3n Universal Cabriolet Blanco hoy y benef\u00edciate de la entrega - gratuita Env\u00edo en 24\/48h","breadcrumb":{"@id":"https:\/\/365-housse.com\/es\/productos\/housse-fauteuil-cabriolet-universelle-blanche\/#breadcrumb"},"inLanguage":"es","potentialAction":[{"@type":"ReadAction","target":["https:\/\/365-housse.com\/es\/productos\/housse-fauteuil-cabriolet-universelle-blanche\/"]}]},{"@type":"ImageObject","inLanguage":"es","@id":"https:\/\/365-housse.com\/es\/productos\/housse-fauteuil-cabriolet-universelle-blanche\/#primaryimage","url":"https:\/\/365-housse.com\/wp-content\/uploads\/2023\/06\/housse-fauteuil-cabriolet-universelle-blanche.jpg","contentUrl":"https:\/\/365-housse.com\/wp-content\/uploads\/2023\/06\/housse-fauteuil-cabriolet-universelle-blanche.jpg","width":501,"height":457},{"@type":"BreadcrumbList","@id":"https:\/\/365-housse.com\/es\/productos\/housse-fauteuil-cabriolet-universelle-blanche\/#breadcrumb","itemListElement":[{"@type":"ListItem","position":1,"name":"Accueil","item":"https:\/\/365-housse.com\/es\/"},{"@type":"ListItem","position":2,"name":"Tienda","item":"https:\/\/365-housse.com\/es\/tienda\/"},{"@type":"ListItem","position":3,"name":"Funda Sill\u00f3n Universal Cabriolet Blanco"}]},{"@type":"WebSite","@id":"https:\/\/365-housse.com\/es\/#website","url":"https:\/\/365-housse.com\/es\/","name":"Housse de Canap\u00e9","description":"Le N\u00b01 de la Housse","publisher":{"@id":"https:\/\/365-housse.com\/es\/#organization"},"potentialAction":[{"@type":"SearchAction","target":{"@type":"EntryPoint","urlTemplate":"https:\/\/365-housse.com\/es\/?s={search_term_string}"},"query-input":{"@type":"PropertyValueSpecification","valueRequired":true,"valueName":"search_term_string"}}],"inLanguage":"es"},{"@type":"Organization","@id":"https:\/\/365-housse.com\/es\/#organization","name":"Housse de Canap\u00e9","url":"https:\/\/365-housse.com\/es\/","logo":{"@type":"ImageObject","inLanguage":"es","@id":"https:\/\/365-housse.com\/es\/#\/schema\/logo\/image\/","url":"https:\/\/365-housse.com\/wp-content\/uploads\/2023\/06\/LOGO-400-\u00d7-200-px-392-x-134-px-16.png","contentUrl":"https:\/\/365-housse.com\/wp-content\/uploads\/2023\/06\/LOGO-400-\u00d7-200-px-392-x-134-px-16.png","width":392,"height":134,"caption":"Housse de Canap\u00e9"},"image":{"@id":"https:\/\/365-housse.com\/es\/#\/schema\/logo\/image\/"}}]}},"_links":{"self":[{"href":"https:\/\/365-housse.com\/es\/wp-json\/wp\/v2\/product\/17930"}],"collection":[{"href":"https:\/\/365-housse.com\/es\/wp-json\/wp\/v2\/product"}],"about":[{"href":"https:\/\/365-housse.com\/es\/wp-json\/wp\/v2\/types\/product"}],"replies":[{"embeddable":true,"href":"https:\/\/365-housse.com\/es\/wp-json\/wp\/v2\/comments?post=17930"}],"wp:featuredmedia":[{"embeddable":true,"href":"https:\/\/365-housse.com\/es\/wp-json\/wp\/v2\/media\/17528"}],"wp:attachment":[{"href":"https:\/\/365-housse.com\/es\/wp-json\/wp\/v2\/media?parent=17930"}],"wp:term":[{"taxonomy":"product_cat","embeddable":true,"href":"https:\/\/365-housse.com\/es\/wp-json\/wp\/v2\/product_cat?post=17930"},{"taxonomy":"product_tag","embeddable":true,"href":"https:\/\/365-housse.com\/es\/wp-json\/wp\/v2\/product_tag?post=17930"}],"curies":[{"name":"wp","href":"https:\/\/api.w.org\/{rel}","templated":true}]}}