{"id":17936,"date":"2023-06-12T08:45:29","date_gmt":"2023-06-12T08:45:29","guid":{"rendered":"https:\/\/365-housse.com\/products\/housse-fauteuil-cabriolet-polyester-bleu-canard\/"},"modified":"2024-09-17T14:52:46","modified_gmt":"2024-09-17T14:52:46","slug":"housse-fauteuil-cabriolet-polyester-bleu-canard","status":"publish","type":"product","link":"https:\/\/365-housse.com\/es\/productos\/housse-fauteuil-cabriolet-polyester-bleu-canard\/","title":{"rendered":"Funda Sill\u00f3n Cabriolet Poli\u00e9ster Azul Pato"},"content":{"rendered":"<h2 data-pm-slice=\"1 1 []\">Dale nueva vida a tu hogar con la <strong>Funda para Sill\u00f3n Convertible de Poli\u00e9ster Azul Pato<\/strong>, un mueble elegante y funcional a la vez. El color verde azulado agregar\u00e1 un toque de estilo a su interior, mientras que el tejido de poli\u00e9ster brindar\u00e1 durabilidad y facilidad de limpieza. Una gran opci\u00f3n para aquellos que quieran a\u00f1adir color a su decoraci\u00f3n.<\/h2>\n<h3>Ventajas de la<span> <\/span><strong>funda sill\u00f3n convertible de poli\u00e9ster azul pato<\/strong><span> <\/span>:<\/h3>\n<ul>\n<li> Instalaci\u00f3n f\u00e1cil y r\u00e1pida: <span data-mce-fragment=\"1\">Gracias a las caracter\u00edsticas el\u00e1sticas de las fundas de los sillones convertibles, se garantiza un perfecto ajuste y sujeci\u00f3n.<\/span><\/li>\n<li> Aporta brillo a tu decoraci\u00f3n interior.<\/li>\n<li> Protecci\u00f3n \u00f3ptima contra las manchas y el desgaste.<\/li>\n<li>Textiles de primera calidad.<\/li>\n<\/ul>\n<p><strong>Caracter\u00edsticas: <\/strong><\/p>\n<ul>\n<li>Composici\u00f3n: <span> <\/span><strong>90% Poli\u00e9ster + 10% Elastano<\/strong>.<\/li>\n<li>Tecnolog\u00eda de impresi\u00f3n ultraeficiente<span> <\/span><strong>para una notable resistencia del color a la luz y al lavado.<\/li>\n<li> Propiedades el\u00e1sticas que garantizan un<span> <\/span><strong>ajuste perfecto<\/strong><span> <\/span>y que persiste en el tiempo.<\/li>\n<li>Acabados<span>\u00a0<\/span><strong>precisos<\/strong><span>\u00a0<\/span>y<span>\u00a0<\/span><strong>sofisticados<\/strong>.<\/li>\n<li>Lavable a m\u00e1quina.<\/li>\n<\/ul>\n<p><strong>Gu\u00eda de tallas: <\/strong><\/p>\n<p style=\"text-align: center\"><img decoding=\"async\" alt=\"\" data-mce-src=\"https:\/\/365-housse.com\/wp-content\/uploads\/2023\/06\/Captured_ecran2023-03-18173824_480x480 .jpg?v=1679150360\" src=\"https:\/\/365-housse.com\/wp-content\/uploads\/2023\/06\/Captured_ecran2023-03-18173824_480x480.jpg?v=1679150360\" \/><\/p>\n<p><span>Nuestras fundas para sillones convertibles son universales y se adaptan a muchos sillones:<\/span><\/p>\n<p><span><img decoding=\"async\" alt=\"housse-fauteuil-cabriolet\" data-mce-src=\"https:\/\/365-housse.com\/wp-content\/uploads\/2023\/06\/housse-fauteuil-cabriolet_480x480. png?v=1625156140\" height=\"336\" src=\"https:\/\/365-housse.com\/wp-content\/uploads\/2023\/06\/housse-fauteuil-cabriolet_480x480.png?v=1625156140\" \/><\/span><\/p>\n<\/p>\n<p><span><img decoding=\"async\" alt=\"\" data-mce-src=\"https:\/\/365-housse.com\/wp-content\/uploads\/2023\/06\/guide-installation-fauteuil-cabriolet_480x480.jpg?v =1625309321\" src=\"https:\/\/365-housse.com\/wp-content\/uploads\/2023\/06\/guide-installation-fauteuil-cabriolet_480x480.jpg?v=1625309321\" style=\"margin-left: auto\" \/><\/span><\/p>\n<p>La diferencia Antes\/Despu\u00e9s:<\/p>\n<div><span><img decoding=\"async\" alt=\"\" data-mce-src=\"https:\/\/365-housse.com\/wp-content\/uploads\/2023\/06\/Capture_d_ecran_2021-07-03_a_12.47.28_480x480.png? v=1625309376\" src=\"https:\/\/365-housse.com\/wp-content\/uploads\/2023\/06\/Capture_d_ecran_2021-07-03_a_12.47.28_480x480.png?v=1625309376\" style=\"margin-left: auto\" \/><\/span><\/div>\n<p>Esta <a href=\"https:\/\/365-housse.com\/es\/collections\/funda-de-sillon-cabriolet\/\" rel=\"noopener noreferrer\" target=\"_blank\" title=\"Funda Sill\u00f3n Cabriolet \"><strong>Funda para sill\u00f3n convertible<\/strong><\/a> es una excelente opci\u00f3n para darle nueva vida a tu hogar. Disponible en una variedad de colores y que se adapta a la mayor\u00eda de las sillas convertibles, encontrar\u00e1 f\u00e1cilmente una funda que combine con su decoraci\u00f3n actual. Ya sea que est\u00e9 buscando agregar o reemplazar muebles, o simplemente quiera algo nuevo para su hogar, nuestro <a href=\"https:\/\/365-housse.com\/products\/housse-fauteuil-cabriolet-polyester- light grey\/\" rel=\"noopener noreferrer\" target=\"_blank\" title=\"Funda para sill\u00f3n convertible de poli\u00e9ster gris claro\"><strong>Funda para sill\u00f3n convertible de poli\u00e9ster gris claro<\/strong><\/a> es la soluci\u00f3n ideal.<\/p>\n<p>Un <a href=\"\"><strong>\u00a1Tambi\u00e9n es posible una alternativa interesante<\/strong><\/a>!<\/p>\n","protected":false},"excerpt":{"rendered":"<p>Dale nueva vida a tu hogar con la Funda para Sill\u00f3n Convertible de Poli\u00e9ster Azul Pato, un mueble elegante y funcional a la vez. El color verde azulado agregar\u00e1 un toque de estilo a su interior, mientras que el tejido de poli\u00e9ster brindar\u00e1 durabilidad y facilidad de limpieza. Una gran opci\u00f3n para aquellos que quieran [&hellip;]<\/p>\n","protected":false},"featured_media":17513,"comment_status":"open","ping_status":"closed","template":"","meta":[],"product_cat":[160,161],"product_tag":[200],"class_list":{"0":"post-17936","1":"product","2":"type-product","3":"status-publish","4":"has-post-thumbnail","6":"product_cat-funda-de-sillon-cabriolet","7":"product_cat-portada-interior","8":"product_tag-fauteuil-es","10":"first","11":"instock","12":"shipping-taxable","13":"purchasable","14":"product-type-simple"},"yoast_head":"<title>Funda Sill\u00f3n Cabriolet Poli\u00e9ster Azul Pato en entrega - gratis Ahorra un 30% en tu pedido<\/title>\n<meta name=\"description\" content=\"Recibe tu Funda Sill\u00f3n Cabriolet Poli\u00e9ster Azul Pato hoy y benef\u00edciate de la entrega - gratuita Env\u00edo en 24\/48h\" \/>\n<meta name=\"robots\" content=\"index, follow, max-snippet:-1, max-image-preview:large, max-video-preview:-1\" \/>\n<link rel=\"canonical\" href=\"https:\/\/365-housse.com\/es\/productos\/housse-fauteuil-cabriolet-polyester-bleu-canard\/\" \/>\n<meta property=\"og:locale\" content=\"es_ES\" \/>\n<meta property=\"og:type\" content=\"article\" \/>\n<meta property=\"og:title\" content=\"Funda Sill\u00f3n Cabriolet Poli\u00e9ster Azul Pato en entrega - gratis Ahorra un 30% en tu pedido\" \/>\n<meta property=\"og:description\" content=\"Recibe tu Funda Sill\u00f3n Cabriolet Poli\u00e9ster Azul Pato hoy y benef\u00edciate de la entrega - gratuita Env\u00edo en 24\/48h\" \/>\n<meta property=\"og:url\" content=\"https:\/\/365-housse.com\/es\/productos\/housse-fauteuil-cabriolet-polyester-bleu-canard\/\" \/>\n<meta property=\"og:site_name\" content=\"Housse de Canap\u00e9\" \/>\n<meta property=\"article:modified_time\" content=\"2024-09-17T14:52:46+00:00\" \/>\n<meta property=\"og:image\" content=\"https:\/\/365-housse.com\/wp-content\/uploads\/2023\/06\/housse-fauteuil-cabriolet-polyester-bleu-canard.png\" \/>\n\t<meta property=\"og:image:width\" content=\"498\" \/>\n\t<meta property=\"og:image:height\" content=\"501\" \/>\n\t<meta property=\"og:image:type\" content=\"image\/png\" \/>\n<meta name=\"twitter:card\" content=\"summary_large_image\" \/>\n<meta name=\"twitter:label1\" content=\"Tiempo de lectura\" \/>\n\t<meta name=\"twitter:data1\" content=\"1 minuto\" \/>\n<script type=\"application\/ld+json\" class=\"yoast-schema-graph\">{\"@context\":\"https:\/\/schema.org\",\"@graph\":[{\"@type\":\"WebPage\",\"@id\":\"https:\/\/365-housse.com\/es\/productos\/housse-fauteuil-cabriolet-polyester-bleu-canard\/\",\"url\":\"https:\/\/365-housse.com\/es\/productos\/housse-fauteuil-cabriolet-polyester-bleu-canard\/\",\"name\":\"Funda Sill\u00f3n Cabriolet Poli\u00e9ster Azul Pato en entrega - gratis Ahorra un 30% en tu pedido\",\"isPartOf\":{\"@id\":\"https:\/\/365-housse.com\/es\/#website\"},\"primaryImageOfPage\":{\"@id\":\"https:\/\/365-housse.com\/es\/productos\/housse-fauteuil-cabriolet-polyester-bleu-canard\/#primaryimage\"},\"image\":{\"@id\":\"https:\/\/365-housse.com\/es\/productos\/housse-fauteuil-cabriolet-polyester-bleu-canard\/#primaryimage\"},\"thumbnailUrl\":\"https:\/\/365-housse.com\/wp-content\/uploads\/2023\/06\/housse-fauteuil-cabriolet-polyester-bleu-canard.png\",\"datePublished\":\"2023-06-12T08:45:29+00:00\",\"dateModified\":\"2024-09-17T14:52:46+00:00\",\"description\":\"Recibe tu Funda Sill\u00f3n Cabriolet Poli\u00e9ster Azul Pato hoy y benef\u00edciate de la entrega - gratuita Env\u00edo en 24\/48h\",\"breadcrumb\":{\"@id\":\"https:\/\/365-housse.com\/es\/productos\/housse-fauteuil-cabriolet-polyester-bleu-canard\/#breadcrumb\"},\"inLanguage\":\"es\",\"potentialAction\":[{\"@type\":\"ReadAction\",\"target\":[\"https:\/\/365-housse.com\/es\/productos\/housse-fauteuil-cabriolet-polyester-bleu-canard\/\"]}]},{\"@type\":\"ImageObject\",\"inLanguage\":\"es\",\"@id\":\"https:\/\/365-housse.com\/es\/productos\/housse-fauteuil-cabriolet-polyester-bleu-canard\/#primaryimage\",\"url\":\"https:\/\/365-housse.com\/wp-content\/uploads\/2023\/06\/housse-fauteuil-cabriolet-polyester-bleu-canard.png\",\"contentUrl\":\"https:\/\/365-housse.com\/wp-content\/uploads\/2023\/06\/housse-fauteuil-cabriolet-polyester-bleu-canard.png\",\"width\":498,\"height\":501},{\"@type\":\"BreadcrumbList\",\"@id\":\"https:\/\/365-housse.com\/es\/productos\/housse-fauteuil-cabriolet-polyester-bleu-canard\/#breadcrumb\",\"itemListElement\":[{\"@type\":\"ListItem\",\"position\":1,\"name\":\"Accueil\",\"item\":\"https:\/\/365-housse.com\/es\/\"},{\"@type\":\"ListItem\",\"position\":2,\"name\":\"Tienda\",\"item\":\"https:\/\/365-housse.com\/es\/tienda\/\"},{\"@type\":\"ListItem\",\"position\":3,\"name\":\"Funda Sill\u00f3n Cabriolet Poli\u00e9ster Azul Pato\"}]},{\"@type\":\"WebSite\",\"@id\":\"https:\/\/365-housse.com\/es\/#website\",\"url\":\"https:\/\/365-housse.com\/es\/\",\"name\":\"Housse de Canap\u00e9\",\"description\":\"Le N\u00b01 de la Housse\",\"publisher\":{\"@id\":\"https:\/\/365-housse.com\/es\/#organization\"},\"potentialAction\":[{\"@type\":\"SearchAction\",\"target\":{\"@type\":\"EntryPoint\",\"urlTemplate\":\"https:\/\/365-housse.com\/es\/?s={search_term_string}\"},\"query-input\":{\"@type\":\"PropertyValueSpecification\",\"valueRequired\":true,\"valueName\":\"search_term_string\"}}],\"inLanguage\":\"es\"},{\"@type\":\"Organization\",\"@id\":\"https:\/\/365-housse.com\/es\/#organization\",\"name\":\"Housse de Canap\u00e9\",\"url\":\"https:\/\/365-housse.com\/es\/\",\"logo\":{\"@type\":\"ImageObject\",\"inLanguage\":\"es\",\"@id\":\"https:\/\/365-housse.com\/es\/#\/schema\/logo\/image\/\",\"url\":\"https:\/\/365-housse.com\/wp-content\/uploads\/2023\/06\/LOGO-400-\u00d7-200-px-392-x-134-px-16.png\",\"contentUrl\":\"https:\/\/365-housse.com\/wp-content\/uploads\/2023\/06\/LOGO-400-\u00d7-200-px-392-x-134-px-16.png\",\"width\":392,\"height\":134,\"caption\":\"Housse de Canap\u00e9\"},\"image\":{\"@id\":\"https:\/\/365-housse.com\/es\/#\/schema\/logo\/image\/\"}}]}<\/script>","yoast_head_json":{"title":"Funda Sill\u00f3n Cabriolet Poli\u00e9ster Azul Pato en entrega - gratis Ahorra un 30% en tu pedido","description":"Recibe tu Funda Sill\u00f3n Cabriolet Poli\u00e9ster Azul Pato hoy y benef\u00edciate de la entrega - gratuita Env\u00edo en 24\/48h","robots":{"index":"index","follow":"follow","max-snippet":"max-snippet:-1","max-image-preview":"max-image-preview:large","max-video-preview":"max-video-preview:-1"},"canonical":"https:\/\/365-housse.com\/es\/productos\/housse-fauteuil-cabriolet-polyester-bleu-canard\/","og_locale":"es_ES","og_type":"article","og_title":"Funda Sill\u00f3n Cabriolet Poli\u00e9ster Azul Pato en entrega - gratis Ahorra un 30% en tu pedido","og_description":"Recibe tu Funda Sill\u00f3n Cabriolet Poli\u00e9ster Azul Pato hoy y benef\u00edciate de la entrega - gratuita Env\u00edo en 24\/48h","og_url":"https:\/\/365-housse.com\/es\/productos\/housse-fauteuil-cabriolet-polyester-bleu-canard\/","og_site_name":"Housse de Canap\u00e9","article_modified_time":"2024-09-17T14:52:46+00:00","og_image":[{"width":498,"height":501,"url":"https:\/\/365-housse.com\/wp-content\/uploads\/2023\/06\/housse-fauteuil-cabriolet-polyester-bleu-canard.png","type":"image\/png"}],"twitter_card":"summary_large_image","twitter_misc":{"Tiempo de lectura":"1 minuto"},"schema":{"@context":"https:\/\/schema.org","@graph":[{"@type":"WebPage","@id":"https:\/\/365-housse.com\/es\/productos\/housse-fauteuil-cabriolet-polyester-bleu-canard\/","url":"https:\/\/365-housse.com\/es\/productos\/housse-fauteuil-cabriolet-polyester-bleu-canard\/","name":"Funda Sill\u00f3n Cabriolet Poli\u00e9ster Azul Pato en entrega - gratis Ahorra un 30% en tu pedido","isPartOf":{"@id":"https:\/\/365-housse.com\/es\/#website"},"primaryImageOfPage":{"@id":"https:\/\/365-housse.com\/es\/productos\/housse-fauteuil-cabriolet-polyester-bleu-canard\/#primaryimage"},"image":{"@id":"https:\/\/365-housse.com\/es\/productos\/housse-fauteuil-cabriolet-polyester-bleu-canard\/#primaryimage"},"thumbnailUrl":"https:\/\/365-housse.com\/wp-content\/uploads\/2023\/06\/housse-fauteuil-cabriolet-polyester-bleu-canard.png","datePublished":"2023-06-12T08:45:29+00:00","dateModified":"2024-09-17T14:52:46+00:00","description":"Recibe tu Funda Sill\u00f3n Cabriolet Poli\u00e9ster Azul Pato hoy y benef\u00edciate de la entrega - gratuita Env\u00edo en 24\/48h","breadcrumb":{"@id":"https:\/\/365-housse.com\/es\/productos\/housse-fauteuil-cabriolet-polyester-bleu-canard\/#breadcrumb"},"inLanguage":"es","potentialAction":[{"@type":"ReadAction","target":["https:\/\/365-housse.com\/es\/productos\/housse-fauteuil-cabriolet-polyester-bleu-canard\/"]}]},{"@type":"ImageObject","inLanguage":"es","@id":"https:\/\/365-housse.com\/es\/productos\/housse-fauteuil-cabriolet-polyester-bleu-canard\/#primaryimage","url":"https:\/\/365-housse.com\/wp-content\/uploads\/2023\/06\/housse-fauteuil-cabriolet-polyester-bleu-canard.png","contentUrl":"https:\/\/365-housse.com\/wp-content\/uploads\/2023\/06\/housse-fauteuil-cabriolet-polyester-bleu-canard.png","width":498,"height":501},{"@type":"BreadcrumbList","@id":"https:\/\/365-housse.com\/es\/productos\/housse-fauteuil-cabriolet-polyester-bleu-canard\/#breadcrumb","itemListElement":[{"@type":"ListItem","position":1,"name":"Accueil","item":"https:\/\/365-housse.com\/es\/"},{"@type":"ListItem","position":2,"name":"Tienda","item":"https:\/\/365-housse.com\/es\/tienda\/"},{"@type":"ListItem","position":3,"name":"Funda Sill\u00f3n Cabriolet Poli\u00e9ster Azul Pato"}]},{"@type":"WebSite","@id":"https:\/\/365-housse.com\/es\/#website","url":"https:\/\/365-housse.com\/es\/","name":"Housse de Canap\u00e9","description":"Le N\u00b01 de la Housse","publisher":{"@id":"https:\/\/365-housse.com\/es\/#organization"},"potentialAction":[{"@type":"SearchAction","target":{"@type":"EntryPoint","urlTemplate":"https:\/\/365-housse.com\/es\/?s={search_term_string}"},"query-input":{"@type":"PropertyValueSpecification","valueRequired":true,"valueName":"search_term_string"}}],"inLanguage":"es"},{"@type":"Organization","@id":"https:\/\/365-housse.com\/es\/#organization","name":"Housse de Canap\u00e9","url":"https:\/\/365-housse.com\/es\/","logo":{"@type":"ImageObject","inLanguage":"es","@id":"https:\/\/365-housse.com\/es\/#\/schema\/logo\/image\/","url":"https:\/\/365-housse.com\/wp-content\/uploads\/2023\/06\/LOGO-400-\u00d7-200-px-392-x-134-px-16.png","contentUrl":"https:\/\/365-housse.com\/wp-content\/uploads\/2023\/06\/LOGO-400-\u00d7-200-px-392-x-134-px-16.png","width":392,"height":134,"caption":"Housse de Canap\u00e9"},"image":{"@id":"https:\/\/365-housse.com\/es\/#\/schema\/logo\/image\/"}}]}},"_links":{"self":[{"href":"https:\/\/365-housse.com\/es\/wp-json\/wp\/v2\/product\/17936"}],"collection":[{"href":"https:\/\/365-housse.com\/es\/wp-json\/wp\/v2\/product"}],"about":[{"href":"https:\/\/365-housse.com\/es\/wp-json\/wp\/v2\/types\/product"}],"replies":[{"embeddable":true,"href":"https:\/\/365-housse.com\/es\/wp-json\/wp\/v2\/comments?post=17936"}],"wp:featuredmedia":[{"embeddable":true,"href":"https:\/\/365-housse.com\/es\/wp-json\/wp\/v2\/media\/17513"}],"wp:attachment":[{"href":"https:\/\/365-housse.com\/es\/wp-json\/wp\/v2\/media?parent=17936"}],"wp:term":[{"taxonomy":"product_cat","embeddable":true,"href":"https:\/\/365-housse.com\/es\/wp-json\/wp\/v2\/product_cat?post=17936"},{"taxonomy":"product_tag","embeddable":true,"href":"https:\/\/365-housse.com\/es\/wp-json\/wp\/v2\/product_tag?post=17936"}],"curies":[{"name":"wp","href":"https:\/\/api.w.org\/{rel}","templated":true}]}}