{"id":17961,"date":"2023-06-12T08:45:15","date_gmt":"2023-06-12T08:45:15","guid":{"rendered":"https:\/\/365-housse.com\/products\/housse-fauteuil-cabriolet-trefle-verte\/"},"modified":"2024-09-17T14:53:00","modified_gmt":"2024-09-17T14:53:00","slug":"housse-fauteuil-cabriolet-trefle-verte","status":"publish","type":"product","link":"https:\/\/365-housse.com\/es\/productos\/housse-fauteuil-cabriolet-trefle-verte\/","title":{"rendered":"Funda sill\u00f3n Cabriolet Tr\u00e9bol Verde"},"content":{"rendered":"<h2 data-pm-slice=\"1 1 []\">Dale un <strong>estilo refrescante<\/strong> a tu hogar optando por la <strong>Funda para Sill\u00f3n Convertible Green Clover<\/strong>, que protege tus muebles manchas y desgaste diario. Con su simbolismo de suerte y prosperidad, el color verde aporta una sensaci\u00f3n de calma y relajaci\u00f3n a tu sal\u00f3n o dormitorio. Prep\u00e1rate para una nueva experiencia con esta encantadora funda.<\/h2>\n<h3>Ventajas de la <span> <\/span><strong>funda sill\u00f3n convertible tr\u00e9bol verde<\/strong><span> <\/span>:<\/h3>\n<ul>\n<li>\n<p>Instalaci\u00f3n f\u00e1cil y r\u00e1pida: <span data-mce-fragment=\"1\">Las<\/span><strong data-mce-fragment=\"1\">caracter\u00edsticas el\u00e1sticas<\/strong><span> Las fundas para sillones convertibles garantizan un ajuste perfecto<\/span><\/p>\n<\/li>\n<li>\n<p>A\u00f1ade un toque de elegancia y sofisticaci\u00f3n a tu decoraci\u00f3n interior<\/p>\n<\/li>\n<li>\n<p>Ofrece una protecci\u00f3n \u00f3ptima contra las manchas y el desgaste<\/p>\n<\/li>\n<li>Hecho de tejidos de primera calidad<\/li>\n<\/ul>\n<p><strong>Caracter\u00edsticas: <\/strong><\/p>\n<ul>\n<li>\n<p>Composici\u00f3n:<span> <\/span><strong>90% Poli\u00e9ster + 10% Elastano<\/strong><\/p>\n<\/li>\n<li>\n<p>Tecnolog\u00eda de impresi\u00f3n de alto rendimiento<span> <\/span><strong>para una alta durabilidad del color<\/p>\n<\/li>\n<li>\n<p>Las propiedades el\u00e1sticas garantizan un<span> <\/span><strong>ajuste perfecto<\/strong><span> <\/span>y durabilidad<\/p>\n<\/li>\n<li>\n<p><span> <\/span><strong>precisos<\/strong><span> <\/span> y <span> <\/span><strong>acabados elegantes<\/strong><\/p>\n<\/li>\n<li>\n<p>Lavable a m\u00e1quina<\/p>\n<\/li>\n<\/ul>\n<p><strong>Talla \u00fanica: <\/strong><\/p>\n<p style=\"text-align: center\"><img decoding=\"async\" alt=\"\" data-mce-src=\"https:\/\/365-housse.com\/wp-content\/uploads\/2023\/06\/Captured_ecran2023-03-19202449_480x480 .jpg?v=1679247204\" src=\"https:\/\/365-housse.com\/wp-content\/uploads\/2023\/06\/Captured_ecran2023-03-19202449_480x480.jpg?v=1679247204\" \/><\/p>\n<p><span>Nuestras fundas para sillones convertibles se adaptan a muchos sillones: <\/span><\/p>\n<p><span><img decoding=\"async\" alt=\"housse-fauteuil-cabriolet\" data-mce-src=\"https:\/\/365-housse.com\/wp-content\/uploads\/2023\/06\/housse-fauteuil-cabriolet_480x480. png?v=1625156140\" height=\"336\" src=\"https:\/\/365-housse.com\/wp-content\/uploads\/2023\/06\/housse-fauteuil-cabriolet_480x480.png?v=1625156140\" \/><\/span><\/p>\n<\/p>\n<p><span><img decoding=\"async\" alt=\"\" data-mce-src=\"https:\/\/365-housse.com\/wp-content\/uploads\/2023\/06\/guide-installation-fauteuil-cabriolet_480x480.jpg?v =1625309321\" src=\"https:\/\/365-housse.com\/wp-content\/uploads\/2023\/06\/guide-installation-fauteuil-cabriolet_480x480.jpg?v=1625309321\" style=\"margin-left: auto\" \/><\/span><\/p>\n<p>La diferencia Antes\/Despu\u00e9s:<\/p>\n<div><span><img decoding=\"async\" alt=\"\" data-mce-src=\"https:\/\/365-housse.com\/wp-content\/uploads\/2023\/06\/Capture_d_ecran_2021-07-03_a_12.47.28_480x480.png? v=1625309376\" src=\"https:\/\/365-housse.com\/wp-content\/uploads\/2023\/06\/Capture_d_ecran_2021-07-03_a_12.47.28_480x480.png?v=1625309376\" style=\"margin-left: auto\" \/><\/span><\/div>\n<p>Nuestras <a href=\"https:\/\/365-housse.com\/es\/collections\/funda-de-sillon-cabriolet\/\" rel=\"noopener noreferrer\" target=\"_blank\" title=\"Fundas para sillones Cabriolet \"><strong>Fundas para sillones convertibles<\/strong><\/a> est\u00e1n disponibles en una variedad de estilos y colores, lo que le permite personalizar el aspecto de sus muebles para adaptarlos a sus gustos. Si desea cambiar de escenario, puede reemplazar f\u00e1cilmente la funda de su silla para obtener una nueva apariencia. Si te gustan los estampados de tr\u00e9boles y los atemporales colores blanco y negro, nuestro <a href=\"https:\/\/365-housse.com\/products\/housse-fauteuil-cabriolet-trefle-verte\/\" rel=\"noopener noreferrer\" target=\" _blank\" title=\"Funda para Sill\u00f3n Tr\u00e8fle Cabriolet\"><strong>Funda para Sill\u00f3n Tr\u00e8fle Cabriolet <\/strong><\/a>es la opci\u00f3n perfecta para ti.<\/p>\n<p>La combinaci\u00f3n de <strong>negro &amp; El blanco<\/strong>es la soluci\u00f3n a tu problema.<\/p>\n","protected":false},"excerpt":{"rendered":"<p>Dale un estilo refrescante a tu hogar optando por la Funda para Sill\u00f3n Convertible Green Clover, que protege tus muebles manchas y desgaste diario. Con su simbolismo de suerte y prosperidad, el color verde aporta una sensaci\u00f3n de calma y relajaci\u00f3n a tu sal\u00f3n o dormitorio. Prep\u00e1rate para una nueva experiencia con esta encantadora funda. [&hellip;]<\/p>\n","protected":false},"featured_media":17469,"comment_status":"open","ping_status":"closed","template":"","meta":[],"product_cat":[160,161],"product_tag":[200],"class_list":{"0":"post-17961","1":"product","2":"type-product","3":"status-publish","4":"has-post-thumbnail","6":"product_cat-funda-de-sillon-cabriolet","7":"product_cat-portada-interior","8":"product_tag-fauteuil-es","10":"first","11":"instock","12":"shipping-taxable","13":"purchasable","14":"product-type-simple"},"yoast_head":"<title>Funda sill\u00f3n Cabriolet Tr\u00e9bol Verde en entrega - gratis Ahorra un 30% en tu pedido<\/title>\n<meta name=\"description\" content=\"Recibe tu Funda sill\u00f3n Cabriolet Tr\u00e9bol Verde hoy y benef\u00edciate de la entrega - gratuita Env\u00edo en 24\/48h\" \/>\n<meta name=\"robots\" content=\"index, follow, max-snippet:-1, max-image-preview:large, max-video-preview:-1\" \/>\n<link rel=\"canonical\" href=\"https:\/\/365-housse.com\/es\/productos\/housse-fauteuil-cabriolet-trefle-verte\/\" \/>\n<meta property=\"og:locale\" content=\"es_ES\" \/>\n<meta property=\"og:type\" content=\"article\" \/>\n<meta property=\"og:title\" content=\"Funda sill\u00f3n Cabriolet Tr\u00e9bol Verde en entrega - gratis Ahorra un 30% en tu pedido\" \/>\n<meta property=\"og:description\" content=\"Recibe tu Funda sill\u00f3n Cabriolet Tr\u00e9bol Verde hoy y benef\u00edciate de la entrega - gratuita Env\u00edo en 24\/48h\" \/>\n<meta property=\"og:url\" content=\"https:\/\/365-housse.com\/es\/productos\/housse-fauteuil-cabriolet-trefle-verte\/\" \/>\n<meta property=\"og:site_name\" content=\"Housse de Canap\u00e9\" \/>\n<meta property=\"article:modified_time\" content=\"2024-09-17T14:53:00+00:00\" \/>\n<meta property=\"og:image\" content=\"https:\/\/365-housse.com\/wp-content\/uploads\/2023\/06\/housse-de-fauteuil-cabriolet-trefle-verte.png\" \/>\n\t<meta property=\"og:image:width\" content=\"499\" \/>\n\t<meta property=\"og:image:height\" content=\"499\" \/>\n\t<meta property=\"og:image:type\" content=\"image\/png\" \/>\n<meta name=\"twitter:card\" content=\"summary_large_image\" \/>\n<meta name=\"twitter:label1\" content=\"Tiempo de lectura\" \/>\n\t<meta name=\"twitter:data1\" content=\"1 minuto\" \/>\n<script type=\"application\/ld+json\" class=\"yoast-schema-graph\">{\"@context\":\"https:\/\/schema.org\",\"@graph\":[{\"@type\":\"WebPage\",\"@id\":\"https:\/\/365-housse.com\/es\/productos\/housse-fauteuil-cabriolet-trefle-verte\/\",\"url\":\"https:\/\/365-housse.com\/es\/productos\/housse-fauteuil-cabriolet-trefle-verte\/\",\"name\":\"Funda sill\u00f3n Cabriolet Tr\u00e9bol Verde en entrega - gratis Ahorra un 30% en tu pedido\",\"isPartOf\":{\"@id\":\"https:\/\/365-housse.com\/es\/#website\"},\"primaryImageOfPage\":{\"@id\":\"https:\/\/365-housse.com\/es\/productos\/housse-fauteuil-cabriolet-trefle-verte\/#primaryimage\"},\"image\":{\"@id\":\"https:\/\/365-housse.com\/es\/productos\/housse-fauteuil-cabriolet-trefle-verte\/#primaryimage\"},\"thumbnailUrl\":\"https:\/\/365-housse.com\/wp-content\/uploads\/2023\/06\/housse-de-fauteuil-cabriolet-trefle-verte.png\",\"datePublished\":\"2023-06-12T08:45:15+00:00\",\"dateModified\":\"2024-09-17T14:53:00+00:00\",\"description\":\"Recibe tu Funda sill\u00f3n Cabriolet Tr\u00e9bol Verde hoy y benef\u00edciate de la entrega - gratuita Env\u00edo en 24\/48h\",\"breadcrumb\":{\"@id\":\"https:\/\/365-housse.com\/es\/productos\/housse-fauteuil-cabriolet-trefle-verte\/#breadcrumb\"},\"inLanguage\":\"es\",\"potentialAction\":[{\"@type\":\"ReadAction\",\"target\":[\"https:\/\/365-housse.com\/es\/productos\/housse-fauteuil-cabriolet-trefle-verte\/\"]}]},{\"@type\":\"ImageObject\",\"inLanguage\":\"es\",\"@id\":\"https:\/\/365-housse.com\/es\/productos\/housse-fauteuil-cabriolet-trefle-verte\/#primaryimage\",\"url\":\"https:\/\/365-housse.com\/wp-content\/uploads\/2023\/06\/housse-de-fauteuil-cabriolet-trefle-verte.png\",\"contentUrl\":\"https:\/\/365-housse.com\/wp-content\/uploads\/2023\/06\/housse-de-fauteuil-cabriolet-trefle-verte.png\",\"width\":499,\"height\":499},{\"@type\":\"BreadcrumbList\",\"@id\":\"https:\/\/365-housse.com\/es\/productos\/housse-fauteuil-cabriolet-trefle-verte\/#breadcrumb\",\"itemListElement\":[{\"@type\":\"ListItem\",\"position\":1,\"name\":\"Accueil\",\"item\":\"https:\/\/365-housse.com\/es\/\"},{\"@type\":\"ListItem\",\"position\":2,\"name\":\"Tienda\",\"item\":\"https:\/\/365-housse.com\/es\/tienda\/\"},{\"@type\":\"ListItem\",\"position\":3,\"name\":\"Funda sill\u00f3n Cabriolet Tr\u00e9bol Verde\"}]},{\"@type\":\"WebSite\",\"@id\":\"https:\/\/365-housse.com\/es\/#website\",\"url\":\"https:\/\/365-housse.com\/es\/\",\"name\":\"Housse de Canap\u00e9\",\"description\":\"Le N\u00b01 de la Housse\",\"publisher\":{\"@id\":\"https:\/\/365-housse.com\/es\/#organization\"},\"potentialAction\":[{\"@type\":\"SearchAction\",\"target\":{\"@type\":\"EntryPoint\",\"urlTemplate\":\"https:\/\/365-housse.com\/es\/?s={search_term_string}\"},\"query-input\":{\"@type\":\"PropertyValueSpecification\",\"valueRequired\":true,\"valueName\":\"search_term_string\"}}],\"inLanguage\":\"es\"},{\"@type\":\"Organization\",\"@id\":\"https:\/\/365-housse.com\/es\/#organization\",\"name\":\"Housse de Canap\u00e9\",\"url\":\"https:\/\/365-housse.com\/es\/\",\"logo\":{\"@type\":\"ImageObject\",\"inLanguage\":\"es\",\"@id\":\"https:\/\/365-housse.com\/es\/#\/schema\/logo\/image\/\",\"url\":\"https:\/\/365-housse.com\/wp-content\/uploads\/2023\/06\/LOGO-400-\u00d7-200-px-392-x-134-px-16.png\",\"contentUrl\":\"https:\/\/365-housse.com\/wp-content\/uploads\/2023\/06\/LOGO-400-\u00d7-200-px-392-x-134-px-16.png\",\"width\":392,\"height\":134,\"caption\":\"Housse de Canap\u00e9\"},\"image\":{\"@id\":\"https:\/\/365-housse.com\/es\/#\/schema\/logo\/image\/\"}}]}<\/script>","yoast_head_json":{"title":"Funda sill\u00f3n Cabriolet Tr\u00e9bol Verde en entrega - gratis Ahorra un 30% en tu pedido","description":"Recibe tu Funda sill\u00f3n Cabriolet Tr\u00e9bol Verde hoy y benef\u00edciate de la entrega - gratuita Env\u00edo en 24\/48h","robots":{"index":"index","follow":"follow","max-snippet":"max-snippet:-1","max-image-preview":"max-image-preview:large","max-video-preview":"max-video-preview:-1"},"canonical":"https:\/\/365-housse.com\/es\/productos\/housse-fauteuil-cabriolet-trefle-verte\/","og_locale":"es_ES","og_type":"article","og_title":"Funda sill\u00f3n Cabriolet Tr\u00e9bol Verde en entrega - gratis Ahorra un 30% en tu pedido","og_description":"Recibe tu Funda sill\u00f3n Cabriolet Tr\u00e9bol Verde hoy y benef\u00edciate de la entrega - gratuita Env\u00edo en 24\/48h","og_url":"https:\/\/365-housse.com\/es\/productos\/housse-fauteuil-cabriolet-trefle-verte\/","og_site_name":"Housse de Canap\u00e9","article_modified_time":"2024-09-17T14:53:00+00:00","og_image":[{"width":499,"height":499,"url":"https:\/\/365-housse.com\/wp-content\/uploads\/2023\/06\/housse-de-fauteuil-cabriolet-trefle-verte.png","type":"image\/png"}],"twitter_card":"summary_large_image","twitter_misc":{"Tiempo de lectura":"1 minuto"},"schema":{"@context":"https:\/\/schema.org","@graph":[{"@type":"WebPage","@id":"https:\/\/365-housse.com\/es\/productos\/housse-fauteuil-cabriolet-trefle-verte\/","url":"https:\/\/365-housse.com\/es\/productos\/housse-fauteuil-cabriolet-trefle-verte\/","name":"Funda sill\u00f3n Cabriolet Tr\u00e9bol Verde en entrega - gratis Ahorra un 30% en tu pedido","isPartOf":{"@id":"https:\/\/365-housse.com\/es\/#website"},"primaryImageOfPage":{"@id":"https:\/\/365-housse.com\/es\/productos\/housse-fauteuil-cabriolet-trefle-verte\/#primaryimage"},"image":{"@id":"https:\/\/365-housse.com\/es\/productos\/housse-fauteuil-cabriolet-trefle-verte\/#primaryimage"},"thumbnailUrl":"https:\/\/365-housse.com\/wp-content\/uploads\/2023\/06\/housse-de-fauteuil-cabriolet-trefle-verte.png","datePublished":"2023-06-12T08:45:15+00:00","dateModified":"2024-09-17T14:53:00+00:00","description":"Recibe tu Funda sill\u00f3n Cabriolet Tr\u00e9bol Verde hoy y benef\u00edciate de la entrega - gratuita Env\u00edo en 24\/48h","breadcrumb":{"@id":"https:\/\/365-housse.com\/es\/productos\/housse-fauteuil-cabriolet-trefle-verte\/#breadcrumb"},"inLanguage":"es","potentialAction":[{"@type":"ReadAction","target":["https:\/\/365-housse.com\/es\/productos\/housse-fauteuil-cabriolet-trefle-verte\/"]}]},{"@type":"ImageObject","inLanguage":"es","@id":"https:\/\/365-housse.com\/es\/productos\/housse-fauteuil-cabriolet-trefle-verte\/#primaryimage","url":"https:\/\/365-housse.com\/wp-content\/uploads\/2023\/06\/housse-de-fauteuil-cabriolet-trefle-verte.png","contentUrl":"https:\/\/365-housse.com\/wp-content\/uploads\/2023\/06\/housse-de-fauteuil-cabriolet-trefle-verte.png","width":499,"height":499},{"@type":"BreadcrumbList","@id":"https:\/\/365-housse.com\/es\/productos\/housse-fauteuil-cabriolet-trefle-verte\/#breadcrumb","itemListElement":[{"@type":"ListItem","position":1,"name":"Accueil","item":"https:\/\/365-housse.com\/es\/"},{"@type":"ListItem","position":2,"name":"Tienda","item":"https:\/\/365-housse.com\/es\/tienda\/"},{"@type":"ListItem","position":3,"name":"Funda sill\u00f3n Cabriolet Tr\u00e9bol Verde"}]},{"@type":"WebSite","@id":"https:\/\/365-housse.com\/es\/#website","url":"https:\/\/365-housse.com\/es\/","name":"Housse de Canap\u00e9","description":"Le N\u00b01 de la Housse","publisher":{"@id":"https:\/\/365-housse.com\/es\/#organization"},"potentialAction":[{"@type":"SearchAction","target":{"@type":"EntryPoint","urlTemplate":"https:\/\/365-housse.com\/es\/?s={search_term_string}"},"query-input":{"@type":"PropertyValueSpecification","valueRequired":true,"valueName":"search_term_string"}}],"inLanguage":"es"},{"@type":"Organization","@id":"https:\/\/365-housse.com\/es\/#organization","name":"Housse de Canap\u00e9","url":"https:\/\/365-housse.com\/es\/","logo":{"@type":"ImageObject","inLanguage":"es","@id":"https:\/\/365-housse.com\/es\/#\/schema\/logo\/image\/","url":"https:\/\/365-housse.com\/wp-content\/uploads\/2023\/06\/LOGO-400-\u00d7-200-px-392-x-134-px-16.png","contentUrl":"https:\/\/365-housse.com\/wp-content\/uploads\/2023\/06\/LOGO-400-\u00d7-200-px-392-x-134-px-16.png","width":392,"height":134,"caption":"Housse de Canap\u00e9"},"image":{"@id":"https:\/\/365-housse.com\/es\/#\/schema\/logo\/image\/"}}]}},"_links":{"self":[{"href":"https:\/\/365-housse.com\/es\/wp-json\/wp\/v2\/product\/17961"}],"collection":[{"href":"https:\/\/365-housse.com\/es\/wp-json\/wp\/v2\/product"}],"about":[{"href":"https:\/\/365-housse.com\/es\/wp-json\/wp\/v2\/types\/product"}],"replies":[{"embeddable":true,"href":"https:\/\/365-housse.com\/es\/wp-json\/wp\/v2\/comments?post=17961"}],"wp:featuredmedia":[{"embeddable":true,"href":"https:\/\/365-housse.com\/es\/wp-json\/wp\/v2\/media\/17469"}],"wp:attachment":[{"href":"https:\/\/365-housse.com\/es\/wp-json\/wp\/v2\/media?parent=17961"}],"wp:term":[{"taxonomy":"product_cat","embeddable":true,"href":"https:\/\/365-housse.com\/es\/wp-json\/wp\/v2\/product_cat?post=17961"},{"taxonomy":"product_tag","embeddable":true,"href":"https:\/\/365-housse.com\/es\/wp-json\/wp\/v2\/product_tag?post=17961"}],"curies":[{"name":"wp","href":"https:\/\/api.w.org\/{rel}","templated":true}]}}