{"id":17974,"date":"2023-06-12T08:45:08","date_gmt":"2023-06-12T08:45:08","guid":{"rendered":"https:\/\/365-housse.com\/products\/housse-fauteuil-cabriolet-extensible-bleu-turquoise\/"},"modified":"2024-09-17T14:53:13","modified_gmt":"2024-09-17T14:53:13","slug":"housse-fauteuil-cabriolet-extensible-bleu-turquoise","status":"publish","type":"product","link":"https:\/\/365-housse.com\/es\/productos\/housse-fauteuil-cabriolet-extensible-bleu-turquoise\/","title":{"rendered":"Funda el\u00e1stica para sill\u00f3n Cabriolet azul turquesa"},"content":{"rendered":"<h2>Admira la <strong>funda de sill\u00f3n convertible el\u00e1stica azul turquesa<\/strong>, color \u00fanico con estilo geom\u00e9trico. Complementar\u00e1 perfectamente tu decoraci\u00f3n interior.<\/h2>\n<h3>Ventajas de la<span> <\/span><strong>funda sill\u00f3n convertible el\u00e1stica azul turquesa<\/strong><span> <\/span>:<\/h3>\n<ul>\n<li>\n<p>Instalaci\u00f3n f\u00e1cil y r\u00e1pida: <span data-mce-fragment=\"1\">Caracter\u00edsticas el\u00e1sticas <\/span><strong data-mce-fragment=\"1\">garantizan ajuste y soporte<\/strong> de nuestras fundas para sillones convertibles<\/span><\/p>\n<\/li>\n<li>\n<p>Esta funda aportar\u00e1 elegancia a tu decoraci\u00f3n interior<\/p>\n<\/li>\n<li>\n<p>Te beneficiar\u00e1s de una protecci\u00f3n \u00f3ptima contra las manchas, el desgaste, etc.<\/p>\n<\/li>\n<li>Confeccionado con tejidos de excepcional calidad<\/li>\n<\/ul>\n<p><strong>Caracter\u00edsticas: <\/strong><\/p>\n<ul>\n<li>\n<p>Composici\u00f3n:<span> <\/span><strong>90% Poli\u00e9ster y Elastano + 10% Algod\u00f3n<\/strong><\/p>\n<\/li>\n<li>\n<p>Impresi\u00f3n de primera calidad <strong>con resistencia a las manchas y al lavado<\/strong><span> <\/span><\/p>\n<\/li>\n<li>\n<p>Elasticidad que garantiza un<span> <\/span><strong>ajuste preciso<\/strong><span> <\/span>y duradero<\/p>\n<\/li>\n<li>\n<p>Acabados<span> <\/span><strong>detallados<\/strong><span> <\/span>y<span> <\/span><strong>suaves<\/strong><\/p>\n<\/li>\n<li>\n<p>Lavable a m\u00e1quina<\/p>\n<\/li>\n<\/ul>\n<p><strong>Gu\u00eda de tallas: <\/strong><\/p>\n<p><img fetchpriority=\"high\" decoding=\"async\" alt=\"taille-housse-armchair-cabriolet\" height=\"397\" src=\"https:\/\/365-housse.com\/wp-content\/uploads\/2023\/06\/guide-des-taililles- funda-sill\u00f3n-cabriolet_480x480.jpg?v=1625156093\" style=\"margin-left: auto;margin-right: auto\" width=\"397\" \/><\/p>\n<p><span>Nuestras fundas para sillones convertibles son universales y se adaptan a muchas sillas (ver listado):<\/span><\/p>\n<p><span><img decoding=\"async\" alt=\"\" src=\"https:\/\/365-housse.com\/wp-content\/uploads\/2023\/06\/Capture_d_ecran_2021-09-02_a_10.47.09_480x480.png?v=1630572832\" \/><\/span><\/p>\n<p><span><img decoding=\"async\" alt=\"\" src=\"https:\/\/365-housse.com\/wp-content\/uploads\/2023\/06\/guide-installation-fauteuil-cabriolet_480x480.jpg?v=1625309321\" \/><\/span><\/p>\n<p>El resultado despu\u00e9s de la instalaci\u00f3n:<\/p>\n<div><span><img decoding=\"async\" alt=\"\" src=\"https:\/\/365-housse.com\/wp-content\/uploads\/2023\/06\/Capture_d_ecran_2021-07-03_a_12.47.28_480x480.png?v=1625309376\" \/><\/span><\/div>\n<div><span>\u00bfEst\u00e1 su interior bajo el hechizo de esta portada? No dudes en descubrir tambi\u00e9n la <a href=\"https:\/\/365-housse.com\/es\/products\/housse-fauteuil-cabriolet-salon\/\" rel=\"noopener\" target=\"_blank\" title=\"Portada Sill\u00f3n Sal\u00f3n Cabriolet\"><strong>Funda Sill\u00f3n Sal\u00f3n Cabriolet<\/strong><\/a>, sus l\u00edneas modernas embellecer\u00e1n tu sal\u00f3n. Si quieres otro color, explora nuestra colecci\u00f3n <a href=\"https:\/\/365-housse.com\/es\/collections\/funda-de-sillon-cabriolet\/\" rel=\"noopener\" target=\" _blank\" title=\" Funda Sill\u00f3n Cabriolet\"><strong>Funda Sill\u00f3n Convertible<\/strong><\/a>, encontrar\u00e1s modelos mucho m\u00e1s atractivos.\u00a0\u00a0Tambi\u00e9n puedes llevar <a href=\"https:\/\/365-housse.com\/es\/collections\/funda-para-silla-escandinava\/\" rel=\"noopener\" target=\"_blank\" title=\"Fundas para sillas escandinavas\"> <strong>Fundas para sillas escandinavas<\/strong><\/a> del mismo color.<\/span><\/div>\n","protected":false},"excerpt":{"rendered":"<p>Admira la funda de sill\u00f3n convertible el\u00e1stica azul turquesa, color \u00fanico con estilo geom\u00e9trico. Complementar\u00e1 perfectamente tu decoraci\u00f3n interior. Ventajas de la funda sill\u00f3n convertible el\u00e1stica azul turquesa : Instalaci\u00f3n f\u00e1cil y r\u00e1pida: Caracter\u00edsticas el\u00e1sticas garantizan ajuste y soporte de nuestras fundas para sillones convertibles Esta funda aportar\u00e1 elegancia a tu decoraci\u00f3n interior Te beneficiar\u00e1s [&hellip;]<\/p>\n","protected":false},"featured_media":17447,"comment_status":"open","ping_status":"closed","template":"","meta":[],"product_cat":[160,161],"product_tag":[200],"class_list":{"0":"post-17974","1":"product","2":"type-product","3":"status-publish","4":"has-post-thumbnail","6":"product_cat-funda-de-sillon-cabriolet","7":"product_cat-portada-interior","8":"product_tag-fauteuil-es","10":"first","11":"instock","12":"shipping-taxable","13":"purchasable","14":"product-type-simple"},"yoast_head":"<title>Funda el\u00e1stica para sill\u00f3n Cabriolet azul turquesa en entrega - gratis Ahorra un 30% en tu pedido<\/title>\n<meta name=\"description\" content=\"Recibe tu Funda el\u00e1stica para sill\u00f3n Cabriolet azul turquesa hoy y benef\u00edciate de la entrega - gratuita Env\u00edo en 24\/48h\" \/>\n<meta name=\"robots\" content=\"index, follow, max-snippet:-1, max-image-preview:large, max-video-preview:-1\" \/>\n<link rel=\"canonical\" href=\"https:\/\/365-housse.com\/es\/productos\/housse-fauteuil-cabriolet-extensible-bleu-turquoise\/\" \/>\n<meta property=\"og:locale\" content=\"es_ES\" \/>\n<meta property=\"og:type\" content=\"article\" \/>\n<meta property=\"og:title\" content=\"Funda el\u00e1stica para sill\u00f3n Cabriolet azul turquesa en entrega - gratis Ahorra un 30% en tu pedido\" \/>\n<meta property=\"og:description\" content=\"Recibe tu Funda el\u00e1stica para sill\u00f3n Cabriolet azul turquesa hoy y benef\u00edciate de la entrega - gratuita Env\u00edo en 24\/48h\" \/>\n<meta property=\"og:url\" content=\"https:\/\/365-housse.com\/es\/productos\/housse-fauteuil-cabriolet-extensible-bleu-turquoise\/\" \/>\n<meta property=\"og:site_name\" content=\"Housse de Canap\u00e9\" \/>\n<meta property=\"article:modified_time\" content=\"2024-09-17T14:53:13+00:00\" \/>\n<meta property=\"og:image\" content=\"https:\/\/365-housse.com\/wp-content\/uploads\/2023\/06\/housse-fauteuil-cabriolet-extensible-bleu-turquoise.png\" \/>\n\t<meta property=\"og:image:width\" content=\"500\" \/>\n\t<meta property=\"og:image:height\" content=\"499\" \/>\n\t<meta property=\"og:image:type\" content=\"image\/png\" \/>\n<meta name=\"twitter:card\" content=\"summary_large_image\" \/>\n<meta name=\"twitter:label1\" content=\"Tiempo de lectura\" \/>\n\t<meta name=\"twitter:data1\" content=\"1 minuto\" \/>\n<script type=\"application\/ld+json\" class=\"yoast-schema-graph\">{\"@context\":\"https:\/\/schema.org\",\"@graph\":[{\"@type\":\"WebPage\",\"@id\":\"https:\/\/365-housse.com\/es\/productos\/housse-fauteuil-cabriolet-extensible-bleu-turquoise\/\",\"url\":\"https:\/\/365-housse.com\/es\/productos\/housse-fauteuil-cabriolet-extensible-bleu-turquoise\/\",\"name\":\"Funda el\u00e1stica para sill\u00f3n Cabriolet azul turquesa en entrega - gratis Ahorra un 30% en tu pedido\",\"isPartOf\":{\"@id\":\"https:\/\/365-housse.com\/es\/#website\"},\"primaryImageOfPage\":{\"@id\":\"https:\/\/365-housse.com\/es\/productos\/housse-fauteuil-cabriolet-extensible-bleu-turquoise\/#primaryimage\"},\"image\":{\"@id\":\"https:\/\/365-housse.com\/es\/productos\/housse-fauteuil-cabriolet-extensible-bleu-turquoise\/#primaryimage\"},\"thumbnailUrl\":\"https:\/\/365-housse.com\/wp-content\/uploads\/2023\/06\/housse-fauteuil-cabriolet-extensible-bleu-turquoise.png\",\"datePublished\":\"2023-06-12T08:45:08+00:00\",\"dateModified\":\"2024-09-17T14:53:13+00:00\",\"description\":\"Recibe tu Funda el\u00e1stica para sill\u00f3n Cabriolet azul turquesa hoy y benef\u00edciate de la entrega - gratuita Env\u00edo en 24\/48h\",\"breadcrumb\":{\"@id\":\"https:\/\/365-housse.com\/es\/productos\/housse-fauteuil-cabriolet-extensible-bleu-turquoise\/#breadcrumb\"},\"inLanguage\":\"es\",\"potentialAction\":[{\"@type\":\"ReadAction\",\"target\":[\"https:\/\/365-housse.com\/es\/productos\/housse-fauteuil-cabriolet-extensible-bleu-turquoise\/\"]}]},{\"@type\":\"ImageObject\",\"inLanguage\":\"es\",\"@id\":\"https:\/\/365-housse.com\/es\/productos\/housse-fauteuil-cabriolet-extensible-bleu-turquoise\/#primaryimage\",\"url\":\"https:\/\/365-housse.com\/wp-content\/uploads\/2023\/06\/housse-fauteuil-cabriolet-extensible-bleu-turquoise.png\",\"contentUrl\":\"https:\/\/365-housse.com\/wp-content\/uploads\/2023\/06\/housse-fauteuil-cabriolet-extensible-bleu-turquoise.png\",\"width\":500,\"height\":499},{\"@type\":\"BreadcrumbList\",\"@id\":\"https:\/\/365-housse.com\/es\/productos\/housse-fauteuil-cabriolet-extensible-bleu-turquoise\/#breadcrumb\",\"itemListElement\":[{\"@type\":\"ListItem\",\"position\":1,\"name\":\"Accueil\",\"item\":\"https:\/\/365-housse.com\/es\/\"},{\"@type\":\"ListItem\",\"position\":2,\"name\":\"Tienda\",\"item\":\"https:\/\/365-housse.com\/es\/tienda\/\"},{\"@type\":\"ListItem\",\"position\":3,\"name\":\"Funda el\u00e1stica para sill\u00f3n Cabriolet azul turquesa\"}]},{\"@type\":\"WebSite\",\"@id\":\"https:\/\/365-housse.com\/es\/#website\",\"url\":\"https:\/\/365-housse.com\/es\/\",\"name\":\"Housse de Canap\u00e9\",\"description\":\"Le N\u00b01 de la Housse\",\"publisher\":{\"@id\":\"https:\/\/365-housse.com\/es\/#organization\"},\"potentialAction\":[{\"@type\":\"SearchAction\",\"target\":{\"@type\":\"EntryPoint\",\"urlTemplate\":\"https:\/\/365-housse.com\/es\/?s={search_term_string}\"},\"query-input\":{\"@type\":\"PropertyValueSpecification\",\"valueRequired\":true,\"valueName\":\"search_term_string\"}}],\"inLanguage\":\"es\"},{\"@type\":\"Organization\",\"@id\":\"https:\/\/365-housse.com\/es\/#organization\",\"name\":\"Housse de Canap\u00e9\",\"url\":\"https:\/\/365-housse.com\/es\/\",\"logo\":{\"@type\":\"ImageObject\",\"inLanguage\":\"es\",\"@id\":\"https:\/\/365-housse.com\/es\/#\/schema\/logo\/image\/\",\"url\":\"https:\/\/365-housse.com\/wp-content\/uploads\/2023\/06\/LOGO-400-\u00d7-200-px-392-x-134-px-16.png\",\"contentUrl\":\"https:\/\/365-housse.com\/wp-content\/uploads\/2023\/06\/LOGO-400-\u00d7-200-px-392-x-134-px-16.png\",\"width\":392,\"height\":134,\"caption\":\"Housse de Canap\u00e9\"},\"image\":{\"@id\":\"https:\/\/365-housse.com\/es\/#\/schema\/logo\/image\/\"}}]}<\/script>","yoast_head_json":{"title":"Funda el\u00e1stica para sill\u00f3n Cabriolet azul turquesa en entrega - gratis Ahorra un 30% en tu pedido","description":"Recibe tu Funda el\u00e1stica para sill\u00f3n Cabriolet azul turquesa hoy y benef\u00edciate de la entrega - gratuita Env\u00edo en 24\/48h","robots":{"index":"index","follow":"follow","max-snippet":"max-snippet:-1","max-image-preview":"max-image-preview:large","max-video-preview":"max-video-preview:-1"},"canonical":"https:\/\/365-housse.com\/es\/productos\/housse-fauteuil-cabriolet-extensible-bleu-turquoise\/","og_locale":"es_ES","og_type":"article","og_title":"Funda el\u00e1stica para sill\u00f3n Cabriolet azul turquesa en entrega - gratis Ahorra un 30% en tu pedido","og_description":"Recibe tu Funda el\u00e1stica para sill\u00f3n Cabriolet azul turquesa hoy y benef\u00edciate de la entrega - gratuita Env\u00edo en 24\/48h","og_url":"https:\/\/365-housse.com\/es\/productos\/housse-fauteuil-cabriolet-extensible-bleu-turquoise\/","og_site_name":"Housse de Canap\u00e9","article_modified_time":"2024-09-17T14:53:13+00:00","og_image":[{"width":500,"height":499,"url":"https:\/\/365-housse.com\/wp-content\/uploads\/2023\/06\/housse-fauteuil-cabriolet-extensible-bleu-turquoise.png","type":"image\/png"}],"twitter_card":"summary_large_image","twitter_misc":{"Tiempo de lectura":"1 minuto"},"schema":{"@context":"https:\/\/schema.org","@graph":[{"@type":"WebPage","@id":"https:\/\/365-housse.com\/es\/productos\/housse-fauteuil-cabriolet-extensible-bleu-turquoise\/","url":"https:\/\/365-housse.com\/es\/productos\/housse-fauteuil-cabriolet-extensible-bleu-turquoise\/","name":"Funda el\u00e1stica para sill\u00f3n Cabriolet azul turquesa en entrega - gratis Ahorra un 30% en tu pedido","isPartOf":{"@id":"https:\/\/365-housse.com\/es\/#website"},"primaryImageOfPage":{"@id":"https:\/\/365-housse.com\/es\/productos\/housse-fauteuil-cabriolet-extensible-bleu-turquoise\/#primaryimage"},"image":{"@id":"https:\/\/365-housse.com\/es\/productos\/housse-fauteuil-cabriolet-extensible-bleu-turquoise\/#primaryimage"},"thumbnailUrl":"https:\/\/365-housse.com\/wp-content\/uploads\/2023\/06\/housse-fauteuil-cabriolet-extensible-bleu-turquoise.png","datePublished":"2023-06-12T08:45:08+00:00","dateModified":"2024-09-17T14:53:13+00:00","description":"Recibe tu Funda el\u00e1stica para sill\u00f3n Cabriolet azul turquesa hoy y benef\u00edciate de la entrega - gratuita Env\u00edo en 24\/48h","breadcrumb":{"@id":"https:\/\/365-housse.com\/es\/productos\/housse-fauteuil-cabriolet-extensible-bleu-turquoise\/#breadcrumb"},"inLanguage":"es","potentialAction":[{"@type":"ReadAction","target":["https:\/\/365-housse.com\/es\/productos\/housse-fauteuil-cabriolet-extensible-bleu-turquoise\/"]}]},{"@type":"ImageObject","inLanguage":"es","@id":"https:\/\/365-housse.com\/es\/productos\/housse-fauteuil-cabriolet-extensible-bleu-turquoise\/#primaryimage","url":"https:\/\/365-housse.com\/wp-content\/uploads\/2023\/06\/housse-fauteuil-cabriolet-extensible-bleu-turquoise.png","contentUrl":"https:\/\/365-housse.com\/wp-content\/uploads\/2023\/06\/housse-fauteuil-cabriolet-extensible-bleu-turquoise.png","width":500,"height":499},{"@type":"BreadcrumbList","@id":"https:\/\/365-housse.com\/es\/productos\/housse-fauteuil-cabriolet-extensible-bleu-turquoise\/#breadcrumb","itemListElement":[{"@type":"ListItem","position":1,"name":"Accueil","item":"https:\/\/365-housse.com\/es\/"},{"@type":"ListItem","position":2,"name":"Tienda","item":"https:\/\/365-housse.com\/es\/tienda\/"},{"@type":"ListItem","position":3,"name":"Funda el\u00e1stica para sill\u00f3n Cabriolet azul turquesa"}]},{"@type":"WebSite","@id":"https:\/\/365-housse.com\/es\/#website","url":"https:\/\/365-housse.com\/es\/","name":"Housse de Canap\u00e9","description":"Le N\u00b01 de la Housse","publisher":{"@id":"https:\/\/365-housse.com\/es\/#organization"},"potentialAction":[{"@type":"SearchAction","target":{"@type":"EntryPoint","urlTemplate":"https:\/\/365-housse.com\/es\/?s={search_term_string}"},"query-input":{"@type":"PropertyValueSpecification","valueRequired":true,"valueName":"search_term_string"}}],"inLanguage":"es"},{"@type":"Organization","@id":"https:\/\/365-housse.com\/es\/#organization","name":"Housse de Canap\u00e9","url":"https:\/\/365-housse.com\/es\/","logo":{"@type":"ImageObject","inLanguage":"es","@id":"https:\/\/365-housse.com\/es\/#\/schema\/logo\/image\/","url":"https:\/\/365-housse.com\/wp-content\/uploads\/2023\/06\/LOGO-400-\u00d7-200-px-392-x-134-px-16.png","contentUrl":"https:\/\/365-housse.com\/wp-content\/uploads\/2023\/06\/LOGO-400-\u00d7-200-px-392-x-134-px-16.png","width":392,"height":134,"caption":"Housse de Canap\u00e9"},"image":{"@id":"https:\/\/365-housse.com\/es\/#\/schema\/logo\/image\/"}}]}},"_links":{"self":[{"href":"https:\/\/365-housse.com\/es\/wp-json\/wp\/v2\/product\/17974"}],"collection":[{"href":"https:\/\/365-housse.com\/es\/wp-json\/wp\/v2\/product"}],"about":[{"href":"https:\/\/365-housse.com\/es\/wp-json\/wp\/v2\/types\/product"}],"replies":[{"embeddable":true,"href":"https:\/\/365-housse.com\/es\/wp-json\/wp\/v2\/comments?post=17974"}],"wp:featuredmedia":[{"embeddable":true,"href":"https:\/\/365-housse.com\/es\/wp-json\/wp\/v2\/media\/17447"}],"wp:attachment":[{"href":"https:\/\/365-housse.com\/es\/wp-json\/wp\/v2\/media?parent=17974"}],"wp:term":[{"taxonomy":"product_cat","embeddable":true,"href":"https:\/\/365-housse.com\/es\/wp-json\/wp\/v2\/product_cat?post=17974"},{"taxonomy":"product_tag","embeddable":true,"href":"https:\/\/365-housse.com\/es\/wp-json\/wp\/v2\/product_tag?post=17974"}],"curies":[{"name":"wp","href":"https:\/\/api.w.org\/{rel}","templated":true}]}}