{"id":17977,"date":"2023-06-12T08:45:06","date_gmt":"2023-06-12T08:45:06","guid":{"rendered":"https:\/\/365-housse.com\/products\/housse-fauteuil-cabriolet-imprime-gris-fonce\/"},"modified":"2024-09-17T14:53:14","modified_gmt":"2024-09-17T14:53:14","slug":"housse-fauteuil-cabriolet-imprime-gris-fonce","status":"publish","type":"product","link":"https:\/\/365-housse.com\/es\/productos\/housse-fauteuil-cabriolet-imprime-gris-fonce\/","title":{"rendered":"Funda para sill\u00f3n Cabriolet estampado gris oscuro"},"content":{"rendered":"<h2 data-mce-fragment=\"1\" data-pm-slice=\"1 1 []\">La <strong data-mce-fragment=\"1\">Funda para sill\u00f3n convertible estampada en gris oscuro<\/strong> es una maravillosa elecci\u00f3n para su oficina, sala de juegos y sala familiar. De color gris oscuro combinado con un estampado blanco, ofrece una decoraci\u00f3n chic sin ser demasiado ostentosa ni llamativa. Es el detalle refinado lo que har\u00e1 que tu habitaci\u00f3n sea \u00fanica.<\/h2>\n<h3>Ventajas de la Funda Sill\u00f3n Convertible Estampada Gris Oscuro:<\/h3>\n<ul>\n<li>\n<p>Instalaci\u00f3n f\u00e1cil y r\u00e1pida: <span>El montaje y el mantenimiento est\u00e1n garantizados por las<\/span><strong data-mce-fragment=\"1\">funciones extensibles<\/strong><span data-mce-fragment=\"1 \"> de nuestras fundas para sillones convertibles<\/span><\/p>\n<\/li>\n<li>\n<p>La funda a\u00f1ade estilo y elegancia a tu decoraci\u00f3n interior<\/p>\n<\/li>\n<li>\n<p>Garantiza una mejor protecci\u00f3n contra manchas, desgaste,&#8230;<\/p>\n<\/li>\n<li>Dise\u00f1ado con tejidos de primera calidad<\/li>\n<\/ul>\n<p><strong>Caracter\u00edsticas: <\/strong><\/p>\n<ul>\n<li>\n<p>Composici\u00f3n: <span> <\/span><strong>Poli\u00e9ster + Spandex<\/strong><\/p>\n<\/li>\n<li>\n<p>Tecnolog\u00eda de impresi\u00f3n de alto rendimiento<span> <\/span><strong>para una notable resistencia del color a la luz y al lavado<\/p>\n<\/li>\n<li>\n<p>Propiedades extensibles que garantizan un<span> <\/span><strong>ajuste \u00f3ptimo<\/strong><span> <\/span>y que perdure en el tiempo<\/p>\n<\/li>\n<li>\n<p>Acabado<span> <\/span><strong>preciso<\/strong><span> <\/span>y<span> <\/span><strong>elegante<\/strong><\/p>\n<\/li>\n<li>\n<p>Lavable a m\u00e1quina<\/p>\n<\/li>\n<\/ul>\n<p><strong>Gu\u00edas de tallas: <\/ fuerte><\/p>\n<p><img decoding=\"async\" alt=\"tama\u00f1o-funda-sill\u00f3n -cabriolet\" data-mce-src=\"https:\/\/365-housse.com\/wp-content\/uploads\/2023\/06\/guide -des-tailles-housse-fauteuil-cabriolet_480x480.jpg?v=1625156093\" src=\"https:\/\/365-housse.com\/wp-content\/uploads\/2023\/06\/guide-des-tailles-housse-fauteuil-cabriolet_480x480.jpg?v =1625156093\" style=\"margin-left: auto;margin-right: auto\" width=\"397\" \/><\/p>\n<p><span>Nuestras fundas para sillones convertibles son universales y se adaptan a muchos sillones: <\/span>&gt;p&gt; <\/p>\n<p><span><img decoding=\"async\" alt=\"housse-fauteuil-cabriolet\" data-mce-src=\"https:\/\/365-housse.com\/wp-content\/uploads\/2023\/ 06\/housse -fauteuil-cabriolet_480x480.png?v=1625156140\" data-mce-style=\"display: bloque; margen izquierdo: autom\u00e1tico; margen derecho: auto;\" height=\"336\" src=\"https:\/\/365-housse.com\/wp-content\/uploads\/2023\/06\/housse-fauteuil-cabriolet_480x480.png?v=1625156140\" \/><\/span><\/p>\n<\/p>\n<div> <span><\/span><br \/> <\/ div> <\/p>\n<div>\n<p><span><img decoding=\"async\" alt=\"\" data-mce-src=\"https:\/\/365-housse.com\/wp-content\/uploads\/2023\/06\/guide-installation-fauteuil- cabriolet_480x480.jpg?v=1625309321\" data-mce-style=\"display: bloque; margen izquierdo: autom\u00e1tico; margen-derecha: autom\u00e1tico;\" src=\"https:\/\/365-housse.com\/wp-content\/uploads\/2023\/06\/guide-installation-fauteuil-cabriolet_480x480.jpg?v=1625309321\" style=\"margin-right: auto\" \/><\/span><\/p>\n<p> Antes\/Despu\u00e9s: <\/p>\n<div> <span><img decoding=\"async\" alt=\"\" data-mce-src=\"https :\/\/365-housse.com\/wp-content\/uploads\/2023\/06\/Capture_d_ecran_2021-07-03_a_12.47.28_480x480.png?v=1625309376\" data-mce-style=\"display: bloquear; margen izquierdo: autom\u00e1tico; margen derecho: autom\u00e1tico;\" src=\"https:\/\/365-housse.com\/wp-content\/uploads\/2023\/06\/Capture_d_ecran_2021-07-03_a_12.47.28_480x480.png?v=1625309376\" style=\"margin-right: auto\" \/><\/span> <\/p>\n<p data-pm-slice=\"1 1 []\">Nuestra gama <strong><a href=\"https:\/\/365-housse.com \/es\/collections\/funda-de-sillon-cabriolet\/\" rel=\"noopener noreferrer\" target=\"_blank\" title=\"Housse de Armchair Cabriolet\">Housse de Armchair Cabriolet<\/a> <\/strong>es el lugar ideal si buscas un complemento de calidad para cubrir tus muebles Nuestras fundas son perfectas para proteger y embellecer tus muebles de sal\u00f3n, dormitorio u oficina As\u00ed <a href=\"https:\/\/365-housse.com\/es. \/products\/housse-fauteuil-cabriolet-wax\/\" rel=\"noopener noreferrer\" target=\"_blank\" title=\"Funda para sill\u00f3n Wax Cabriolet\"><strong>Funda para sill\u00f3n Wax Cabriolet<\/strong><\/a> estampado gris oscuro .<\/p>\n<div>\n<div>\n<p>A\u00f1ade <a><strong>un toque de estilo<\/strong><\/a> a tu asiento d\u00e1ndole <a><strong>un toque personal<\/strong>&gt; a&gt; y <a><strong>una nota de color<\/strong><\/a>.<\/p>\n<\/p><\/div>\n<\/p><\/div>\n","protected":false},"excerpt":{"rendered":"<p>La Funda para sill\u00f3n convertible estampada en gris oscuro es una maravillosa elecci\u00f3n para su oficina, sala de juegos y sala familiar. De color gris oscuro combinado con un estampado blanco, ofrece una decoraci\u00f3n chic sin ser demasiado ostentosa ni llamativa. Es el detalle refinado lo que har\u00e1 que tu habitaci\u00f3n sea \u00fanica. Ventajas de [&hellip;]<\/p>\n","protected":false},"featured_media":17442,"comment_status":"open","ping_status":"closed","template":"","meta":[],"product_cat":[160,161],"product_tag":[],"class_list":{"0":"post-17977","1":"product","2":"type-product","3":"status-publish","4":"has-post-thumbnail","6":"product_cat-funda-de-sillon-cabriolet","7":"product_cat-portada-interior","9":"first","10":"instock","11":"shipping-taxable","12":"purchasable","13":"product-type-simple"},"yoast_head":"<title>Funda para sill\u00f3n Cabriolet estampado gris oscuro en entrega - gratis Ahorra un 30% en tu pedido<\/title>\n<meta name=\"description\" content=\"Recibe tu Funda para sill\u00f3n Cabriolet estampado gris oscuro hoy y benef\u00edciate de la entrega - gratuita Env\u00edo en 24\/48h\" \/>\n<meta name=\"robots\" content=\"index, follow, max-snippet:-1, max-image-preview:large, max-video-preview:-1\" \/>\n<link rel=\"canonical\" href=\"https:\/\/365-housse.com\/es\/productos\/housse-fauteuil-cabriolet-imprime-gris-fonce\/\" \/>\n<meta property=\"og:locale\" content=\"es_ES\" \/>\n<meta property=\"og:type\" content=\"article\" \/>\n<meta property=\"og:title\" content=\"Funda para sill\u00f3n Cabriolet estampado gris oscuro en entrega - gratis Ahorra un 30% en tu pedido\" \/>\n<meta property=\"og:description\" content=\"Recibe tu Funda para sill\u00f3n Cabriolet estampado gris oscuro hoy y benef\u00edciate de la entrega - gratuita Env\u00edo en 24\/48h\" \/>\n<meta property=\"og:url\" content=\"https:\/\/365-housse.com\/es\/productos\/housse-fauteuil-cabriolet-imprime-gris-fonce\/\" \/>\n<meta property=\"og:site_name\" content=\"Housse de Canap\u00e9\" \/>\n<meta property=\"article:modified_time\" content=\"2024-09-17T14:53:14+00:00\" \/>\n<meta property=\"og:image\" content=\"https:\/\/365-housse.com\/wp-content\/uploads\/2023\/06\/housse-fauteuil-cabriolet-imprime-gris-fonce.png\" \/>\n\t<meta property=\"og:image:width\" content=\"447\" \/>\n\t<meta property=\"og:image:height\" content=\"447\" \/>\n\t<meta property=\"og:image:type\" content=\"image\/png\" \/>\n<meta name=\"twitter:card\" content=\"summary_large_image\" \/>\n<meta name=\"twitter:label1\" content=\"Tiempo de lectura\" \/>\n\t<meta name=\"twitter:data1\" content=\"1 minuto\" \/>\n<script type=\"application\/ld+json\" class=\"yoast-schema-graph\">{\"@context\":\"https:\/\/schema.org\",\"@graph\":[{\"@type\":\"WebPage\",\"@id\":\"https:\/\/365-housse.com\/es\/productos\/housse-fauteuil-cabriolet-imprime-gris-fonce\/\",\"url\":\"https:\/\/365-housse.com\/es\/productos\/housse-fauteuil-cabriolet-imprime-gris-fonce\/\",\"name\":\"Funda para sill\u00f3n Cabriolet estampado gris oscuro en entrega - gratis Ahorra un 30% en tu pedido\",\"isPartOf\":{\"@id\":\"https:\/\/365-housse.com\/es\/#website\"},\"primaryImageOfPage\":{\"@id\":\"https:\/\/365-housse.com\/es\/productos\/housse-fauteuil-cabriolet-imprime-gris-fonce\/#primaryimage\"},\"image\":{\"@id\":\"https:\/\/365-housse.com\/es\/productos\/housse-fauteuil-cabriolet-imprime-gris-fonce\/#primaryimage\"},\"thumbnailUrl\":\"https:\/\/365-housse.com\/wp-content\/uploads\/2023\/06\/housse-fauteuil-cabriolet-imprime-gris-fonce.png\",\"datePublished\":\"2023-06-12T08:45:06+00:00\",\"dateModified\":\"2024-09-17T14:53:14+00:00\",\"description\":\"Recibe tu Funda para sill\u00f3n Cabriolet estampado gris oscuro hoy y benef\u00edciate de la entrega - gratuita Env\u00edo en 24\/48h\",\"breadcrumb\":{\"@id\":\"https:\/\/365-housse.com\/es\/productos\/housse-fauteuil-cabriolet-imprime-gris-fonce\/#breadcrumb\"},\"inLanguage\":\"es\",\"potentialAction\":[{\"@type\":\"ReadAction\",\"target\":[\"https:\/\/365-housse.com\/es\/productos\/housse-fauteuil-cabriolet-imprime-gris-fonce\/\"]}]},{\"@type\":\"ImageObject\",\"inLanguage\":\"es\",\"@id\":\"https:\/\/365-housse.com\/es\/productos\/housse-fauteuil-cabriolet-imprime-gris-fonce\/#primaryimage\",\"url\":\"https:\/\/365-housse.com\/wp-content\/uploads\/2023\/06\/housse-fauteuil-cabriolet-imprime-gris-fonce.png\",\"contentUrl\":\"https:\/\/365-housse.com\/wp-content\/uploads\/2023\/06\/housse-fauteuil-cabriolet-imprime-gris-fonce.png\",\"width\":447,\"height\":447},{\"@type\":\"BreadcrumbList\",\"@id\":\"https:\/\/365-housse.com\/es\/productos\/housse-fauteuil-cabriolet-imprime-gris-fonce\/#breadcrumb\",\"itemListElement\":[{\"@type\":\"ListItem\",\"position\":1,\"name\":\"Accueil\",\"item\":\"https:\/\/365-housse.com\/es\/\"},{\"@type\":\"ListItem\",\"position\":2,\"name\":\"Tienda\",\"item\":\"https:\/\/365-housse.com\/es\/tienda\/\"},{\"@type\":\"ListItem\",\"position\":3,\"name\":\"Funda para sill\u00f3n Cabriolet estampado gris oscuro\"}]},{\"@type\":\"WebSite\",\"@id\":\"https:\/\/365-housse.com\/es\/#website\",\"url\":\"https:\/\/365-housse.com\/es\/\",\"name\":\"Housse de Canap\u00e9\",\"description\":\"Le N\u00b01 de la Housse\",\"publisher\":{\"@id\":\"https:\/\/365-housse.com\/es\/#organization\"},\"potentialAction\":[{\"@type\":\"SearchAction\",\"target\":{\"@type\":\"EntryPoint\",\"urlTemplate\":\"https:\/\/365-housse.com\/es\/?s={search_term_string}\"},\"query-input\":{\"@type\":\"PropertyValueSpecification\",\"valueRequired\":true,\"valueName\":\"search_term_string\"}}],\"inLanguage\":\"es\"},{\"@type\":\"Organization\",\"@id\":\"https:\/\/365-housse.com\/es\/#organization\",\"name\":\"Housse de Canap\u00e9\",\"url\":\"https:\/\/365-housse.com\/es\/\",\"logo\":{\"@type\":\"ImageObject\",\"inLanguage\":\"es\",\"@id\":\"https:\/\/365-housse.com\/es\/#\/schema\/logo\/image\/\",\"url\":\"https:\/\/365-housse.com\/wp-content\/uploads\/2023\/06\/LOGO-400-\u00d7-200-px-392-x-134-px-16.png\",\"contentUrl\":\"https:\/\/365-housse.com\/wp-content\/uploads\/2023\/06\/LOGO-400-\u00d7-200-px-392-x-134-px-16.png\",\"width\":392,\"height\":134,\"caption\":\"Housse de Canap\u00e9\"},\"image\":{\"@id\":\"https:\/\/365-housse.com\/es\/#\/schema\/logo\/image\/\"}}]}<\/script>","yoast_head_json":{"title":"Funda para sill\u00f3n Cabriolet estampado gris oscuro en entrega - gratis Ahorra un 30% en tu pedido","description":"Recibe tu Funda para sill\u00f3n Cabriolet estampado gris oscuro hoy y benef\u00edciate de la entrega - gratuita Env\u00edo en 24\/48h","robots":{"index":"index","follow":"follow","max-snippet":"max-snippet:-1","max-image-preview":"max-image-preview:large","max-video-preview":"max-video-preview:-1"},"canonical":"https:\/\/365-housse.com\/es\/productos\/housse-fauteuil-cabriolet-imprime-gris-fonce\/","og_locale":"es_ES","og_type":"article","og_title":"Funda para sill\u00f3n Cabriolet estampado gris oscuro en entrega - gratis Ahorra un 30% en tu pedido","og_description":"Recibe tu Funda para sill\u00f3n Cabriolet estampado gris oscuro hoy y benef\u00edciate de la entrega - gratuita Env\u00edo en 24\/48h","og_url":"https:\/\/365-housse.com\/es\/productos\/housse-fauteuil-cabriolet-imprime-gris-fonce\/","og_site_name":"Housse de Canap\u00e9","article_modified_time":"2024-09-17T14:53:14+00:00","og_image":[{"width":447,"height":447,"url":"https:\/\/365-housse.com\/wp-content\/uploads\/2023\/06\/housse-fauteuil-cabriolet-imprime-gris-fonce.png","type":"image\/png"}],"twitter_card":"summary_large_image","twitter_misc":{"Tiempo de lectura":"1 minuto"},"schema":{"@context":"https:\/\/schema.org","@graph":[{"@type":"WebPage","@id":"https:\/\/365-housse.com\/es\/productos\/housse-fauteuil-cabriolet-imprime-gris-fonce\/","url":"https:\/\/365-housse.com\/es\/productos\/housse-fauteuil-cabriolet-imprime-gris-fonce\/","name":"Funda para sill\u00f3n Cabriolet estampado gris oscuro en entrega - gratis Ahorra un 30% en tu pedido","isPartOf":{"@id":"https:\/\/365-housse.com\/es\/#website"},"primaryImageOfPage":{"@id":"https:\/\/365-housse.com\/es\/productos\/housse-fauteuil-cabriolet-imprime-gris-fonce\/#primaryimage"},"image":{"@id":"https:\/\/365-housse.com\/es\/productos\/housse-fauteuil-cabriolet-imprime-gris-fonce\/#primaryimage"},"thumbnailUrl":"https:\/\/365-housse.com\/wp-content\/uploads\/2023\/06\/housse-fauteuil-cabriolet-imprime-gris-fonce.png","datePublished":"2023-06-12T08:45:06+00:00","dateModified":"2024-09-17T14:53:14+00:00","description":"Recibe tu Funda para sill\u00f3n Cabriolet estampado gris oscuro hoy y benef\u00edciate de la entrega - gratuita Env\u00edo en 24\/48h","breadcrumb":{"@id":"https:\/\/365-housse.com\/es\/productos\/housse-fauteuil-cabriolet-imprime-gris-fonce\/#breadcrumb"},"inLanguage":"es","potentialAction":[{"@type":"ReadAction","target":["https:\/\/365-housse.com\/es\/productos\/housse-fauteuil-cabriolet-imprime-gris-fonce\/"]}]},{"@type":"ImageObject","inLanguage":"es","@id":"https:\/\/365-housse.com\/es\/productos\/housse-fauteuil-cabriolet-imprime-gris-fonce\/#primaryimage","url":"https:\/\/365-housse.com\/wp-content\/uploads\/2023\/06\/housse-fauteuil-cabriolet-imprime-gris-fonce.png","contentUrl":"https:\/\/365-housse.com\/wp-content\/uploads\/2023\/06\/housse-fauteuil-cabriolet-imprime-gris-fonce.png","width":447,"height":447},{"@type":"BreadcrumbList","@id":"https:\/\/365-housse.com\/es\/productos\/housse-fauteuil-cabriolet-imprime-gris-fonce\/#breadcrumb","itemListElement":[{"@type":"ListItem","position":1,"name":"Accueil","item":"https:\/\/365-housse.com\/es\/"},{"@type":"ListItem","position":2,"name":"Tienda","item":"https:\/\/365-housse.com\/es\/tienda\/"},{"@type":"ListItem","position":3,"name":"Funda para sill\u00f3n Cabriolet estampado gris oscuro"}]},{"@type":"WebSite","@id":"https:\/\/365-housse.com\/es\/#website","url":"https:\/\/365-housse.com\/es\/","name":"Housse de Canap\u00e9","description":"Le N\u00b01 de la Housse","publisher":{"@id":"https:\/\/365-housse.com\/es\/#organization"},"potentialAction":[{"@type":"SearchAction","target":{"@type":"EntryPoint","urlTemplate":"https:\/\/365-housse.com\/es\/?s={search_term_string}"},"query-input":{"@type":"PropertyValueSpecification","valueRequired":true,"valueName":"search_term_string"}}],"inLanguage":"es"},{"@type":"Organization","@id":"https:\/\/365-housse.com\/es\/#organization","name":"Housse de Canap\u00e9","url":"https:\/\/365-housse.com\/es\/","logo":{"@type":"ImageObject","inLanguage":"es","@id":"https:\/\/365-housse.com\/es\/#\/schema\/logo\/image\/","url":"https:\/\/365-housse.com\/wp-content\/uploads\/2023\/06\/LOGO-400-\u00d7-200-px-392-x-134-px-16.png","contentUrl":"https:\/\/365-housse.com\/wp-content\/uploads\/2023\/06\/LOGO-400-\u00d7-200-px-392-x-134-px-16.png","width":392,"height":134,"caption":"Housse de Canap\u00e9"},"image":{"@id":"https:\/\/365-housse.com\/es\/#\/schema\/logo\/image\/"}}]}},"_links":{"self":[{"href":"https:\/\/365-housse.com\/es\/wp-json\/wp\/v2\/product\/17977"}],"collection":[{"href":"https:\/\/365-housse.com\/es\/wp-json\/wp\/v2\/product"}],"about":[{"href":"https:\/\/365-housse.com\/es\/wp-json\/wp\/v2\/types\/product"}],"replies":[{"embeddable":true,"href":"https:\/\/365-housse.com\/es\/wp-json\/wp\/v2\/comments?post=17977"}],"wp:featuredmedia":[{"embeddable":true,"href":"https:\/\/365-housse.com\/es\/wp-json\/wp\/v2\/media\/17442"}],"wp:attachment":[{"href":"https:\/\/365-housse.com\/es\/wp-json\/wp\/v2\/media?parent=17977"}],"wp:term":[{"taxonomy":"product_cat","embeddable":true,"href":"https:\/\/365-housse.com\/es\/wp-json\/wp\/v2\/product_cat?post=17977"},{"taxonomy":"product_tag","embeddable":true,"href":"https:\/\/365-housse.com\/es\/wp-json\/wp\/v2\/product_tag?post=17977"}],"curies":[{"name":"wp","href":"https:\/\/api.w.org\/{rel}","templated":true}]}}