{"id":17985,"date":"2023-06-12T08:45:02","date_gmt":"2023-06-12T08:45:02","guid":{"rendered":"https:\/\/365-housse.com\/products\/housse-fauteuil-cabriolet-geometrique-marbree\/"},"modified":"2024-09-17T14:53:26","modified_gmt":"2024-09-17T14:53:26","slug":"housse-fauteuil-cabriolet-geometrique-marbree","status":"publish","type":"product","link":"https:\/\/365-housse.com\/es\/productos\/housse-fauteuil-cabriolet-geometrique-marbree\/","title":{"rendered":"Funda sill\u00f3n Cabriolet Geom\u00e9trico M\u00e1rmol"},"content":{"rendered":"<h2 data-pm-slice=\"1 1 []\">Dale un toque de lujo a tu sal\u00f3n o comedor con la <strong>Funda para Sill\u00f3n Cabriolet Geom\u00e9trico Marmoleado<\/strong>, f\u00e1cil de instalar y perfecta para tu oficina .<\/h2>\n<h3>Ventajas de la<span> <\/span><strong>funda sill\u00f3n convertible geom\u00e9trica jaspeada<\/strong><span> <\/span>:<\/h3>\n<ul>\n<li>\n<p>Instalaci\u00f3n sencilla y r\u00e1pida garantizada por las<strong>caracter\u00edsticas el\u00e1sticas<\/strong><\/p>\n<\/li>\n<li>\n<p>A\u00f1ade elegancia y refinamiento a su interior<\/p>\n<p> <\/ \/li> <\/p>\n<li>\n<p>Ofrece una protecci\u00f3n \u00f3ptima contra las manchas y el desgaste<\/p>\n<\/li>\n<li>Desarrollado con textiles de primera calidad<\/li>\n<\/ul>\n<p><strong>Caracter\u00edsticas: <\/strong><\/p>\n<ul>\n<li>\n<p>Composici\u00f3n: <span> <\/span><strong>90% Poli\u00e9ster + 10% Elastano<\/strong><\/p>\n<\/li>\n<li>\n<p>Ultra rendimiento<span> <\/span><strong>impresi\u00f3n<\/strong><span> <\/span>para una buena solidez del color<\/p>\n<\/li>\n<li>\n<p>Elasticidad que garantiza una<span> <\/span><strong> ajuste perfecto<\/strong><span> <\/span><\/p>\n<\/li>\n<li>\n<p>Acabados<span> <\/span><strong>precisos<\/strong><span> <\/span> y<span> <\/span><strong>sofisticado<\/strong><\/p>\n<\/li>\n<li>\n<p>Lavable a m\u00e1quina<\/p>\n<\/li>\n<\/ul>\n<p><strong>Gu\u00eda de tallas: <\/strong><\/p>\n<p style=\"text-align: center\"><img decoding=\"async\" alt=\"\" src=\"https:\/\/365-housse.com \/wp-content\/uploads\/2023\/06\/Captured_ecran2023-03-19202449_480x480. jpg? v=1679247204\" \/><\/p>\n<p><span>Se adapta a todos los sillones gracias al tama\u00f1o universal: <\/ span><\/p>\n<p><span><img fetchpriority=\"high\" decoding=\"async\" alt=\"housse-fauteuil-cabriolet\" height=\"336\" src=\"https:\/\/ 365-housse.com\/wp-content\/uploads\/2023\/06\/housse-fauteuil-cabriolet_480x480.png?v= 1625156140\" style=\"margin-left: auto;margin-right: auto\" width=\"336\" \/> <\/span><\/p>\n<\/p>\n<p><span><img decoding=\"async\" alt=\" \" data-mce-src=\"https:\/\/365-housse.com\/wp-content\/uploads\/ 2023\/06\/guia-instalacion-fauteuil-cabriolet_480x480.jpg?v=1625309321\" src=\"https:\/\/365-housse.com\/wp-content\/uploads\/2023\/06\/guia-instalacion-fauteuil-cabriolet_480x480.jpg ?v=1625309321\" style=\"margin-left: auto;margin-right: auto\" \/><\/span> <\/p>\n<p>El resultado Antes\/Despu\u00e9s: <\/p>\n<div><span><img decoding=\"async\" alt=\"\" data-mce-src=\"https:\/\/365-housse.com\/wp-content\/ uploads\/2023\/06\/Capture_d_ecran_2021-07-03_a_12.47.28_480x480.png?v=1625309376\" src=\"https:\/\/365-housse.com\/wp-content\/uploads\/2023\/06\/Capture_d_ecran_2021-07-03_a_12 47.28_480x480.png?v=1625309376\" style=\"margin-left: auto;margin-right: auto\" \/><\/span><\/div>\n<p>Con nuestro objetivo <a href=\"https:\/\/365- Housse.com\/es\/collections\/funda-de-sillon-cabriolet\/\" rel=\"noopener noreferrer\" title=\"Funda Sill\u00f3n Cabriolet\"><strong>Funda Sill\u00f3n Cabriolet<\/strong><\/ a>, podr\u00e1s disfrutar de un lugar m\u00e1s agradable y esta funda aportar\u00e1 un toque de color a tu decoraci\u00f3n. \u00a1Simplemente desliza la funda sobre la parte superior de tu silla, retira las s\u00e1banas o mantas viejas y disfruta!<\/p>\n<p>Para un ambiente m\u00e1s fresco y acogedor, puedes elegir nuestro <a href=\"https:\/\/365 -housse.com\/es\/products\/housse-fauteuil-cabriolet-polyester-oiseau\/\" rel=\"noopener noreferrer\" target=\"_blank\" title=\"Housse de Armchair Cabriolet Oiseau\"><strong>Funda para sill\u00f3n Bird Cabriolet<\/ strong><\/a>.<\/p>\n<p>Redacci\u00f3n de contenidos optimizados para SEO <strong>WordPress<\/strong>.<\/p>\n<p>Creaci\u00f3n de contenidos adaptados para <strong>SEO en WordPress<\/strong>.<\/p>\n","protected":false},"excerpt":{"rendered":"<p>Dale un toque de lujo a tu sal\u00f3n o comedor con la Funda para Sill\u00f3n Cabriolet Geom\u00e9trico Marmoleado, f\u00e1cil de instalar y perfecta para tu oficina . Ventajas de la funda sill\u00f3n convertible geom\u00e9trica jaspeada : Instalaci\u00f3n sencilla y r\u00e1pida garantizada por lascaracter\u00edsticas el\u00e1sticas A\u00f1ade elegancia y refinamiento a su interior Ofrece una protecci\u00f3n \u00f3ptima [&hellip;]<\/p>\n","protected":false},"featured_media":17428,"comment_status":"open","ping_status":"closed","template":"","meta":[],"product_cat":[160,161],"product_tag":[200],"class_list":{"0":"post-17985","1":"product","2":"type-product","3":"status-publish","4":"has-post-thumbnail","6":"product_cat-funda-de-sillon-cabriolet","7":"product_cat-portada-interior","8":"product_tag-fauteuil-es","10":"first","11":"instock","12":"shipping-taxable","13":"purchasable","14":"product-type-simple"},"yoast_head":"<title>Funda sill\u00f3n Cabriolet Geom\u00e9trico M\u00e1rmol en entrega - gratis Ahorra un 30% en tu pedido<\/title>\n<meta name=\"description\" content=\"Recibe tu Funda sill\u00f3n Cabriolet Geom\u00e9trico M\u00e1rmol hoy y benef\u00edciate de la entrega - gratuita Env\u00edo en 24\/48h\" \/>\n<meta name=\"robots\" content=\"index, follow, max-snippet:-1, max-image-preview:large, max-video-preview:-1\" \/>\n<link rel=\"canonical\" href=\"https:\/\/365-housse.com\/es\/productos\/housse-fauteuil-cabriolet-geometrique-marbree\/\" \/>\n<meta property=\"og:locale\" content=\"es_ES\" \/>\n<meta property=\"og:type\" content=\"article\" \/>\n<meta property=\"og:title\" content=\"Funda sill\u00f3n Cabriolet Geom\u00e9trico M\u00e1rmol en entrega - gratis Ahorra un 30% en tu pedido\" \/>\n<meta property=\"og:description\" content=\"Recibe tu Funda sill\u00f3n Cabriolet Geom\u00e9trico M\u00e1rmol hoy y benef\u00edciate de la entrega - gratuita Env\u00edo en 24\/48h\" \/>\n<meta property=\"og:url\" content=\"https:\/\/365-housse.com\/es\/productos\/housse-fauteuil-cabriolet-geometrique-marbree\/\" \/>\n<meta property=\"og:site_name\" content=\"Housse de Canap\u00e9\" \/>\n<meta property=\"article:modified_time\" content=\"2024-09-17T14:53:26+00:00\" \/>\n<meta property=\"og:image\" content=\"https:\/\/365-housse.com\/wp-content\/uploads\/2023\/06\/housse-de-fauteuil-cabriolet-geometrique-marbree.png\" \/>\n\t<meta property=\"og:image:width\" content=\"501\" \/>\n\t<meta property=\"og:image:height\" content=\"498\" \/>\n\t<meta property=\"og:image:type\" content=\"image\/png\" \/>\n<meta name=\"twitter:card\" content=\"summary_large_image\" \/>\n<meta name=\"twitter:label1\" content=\"Tiempo de lectura\" \/>\n\t<meta name=\"twitter:data1\" content=\"1 minuto\" \/>\n<script type=\"application\/ld+json\" class=\"yoast-schema-graph\">{\"@context\":\"https:\/\/schema.org\",\"@graph\":[{\"@type\":\"WebPage\",\"@id\":\"https:\/\/365-housse.com\/es\/productos\/housse-fauteuil-cabriolet-geometrique-marbree\/\",\"url\":\"https:\/\/365-housse.com\/es\/productos\/housse-fauteuil-cabriolet-geometrique-marbree\/\",\"name\":\"Funda sill\u00f3n Cabriolet Geom\u00e9trico M\u00e1rmol en entrega - gratis Ahorra un 30% en tu pedido\",\"isPartOf\":{\"@id\":\"https:\/\/365-housse.com\/es\/#website\"},\"primaryImageOfPage\":{\"@id\":\"https:\/\/365-housse.com\/es\/productos\/housse-fauteuil-cabriolet-geometrique-marbree\/#primaryimage\"},\"image\":{\"@id\":\"https:\/\/365-housse.com\/es\/productos\/housse-fauteuil-cabriolet-geometrique-marbree\/#primaryimage\"},\"thumbnailUrl\":\"https:\/\/365-housse.com\/wp-content\/uploads\/2023\/06\/housse-de-fauteuil-cabriolet-geometrique-marbree.png\",\"datePublished\":\"2023-06-12T08:45:02+00:00\",\"dateModified\":\"2024-09-17T14:53:26+00:00\",\"description\":\"Recibe tu Funda sill\u00f3n Cabriolet Geom\u00e9trico M\u00e1rmol hoy y benef\u00edciate de la entrega - gratuita Env\u00edo en 24\/48h\",\"breadcrumb\":{\"@id\":\"https:\/\/365-housse.com\/es\/productos\/housse-fauteuil-cabriolet-geometrique-marbree\/#breadcrumb\"},\"inLanguage\":\"es\",\"potentialAction\":[{\"@type\":\"ReadAction\",\"target\":[\"https:\/\/365-housse.com\/es\/productos\/housse-fauteuil-cabriolet-geometrique-marbree\/\"]}]},{\"@type\":\"ImageObject\",\"inLanguage\":\"es\",\"@id\":\"https:\/\/365-housse.com\/es\/productos\/housse-fauteuil-cabriolet-geometrique-marbree\/#primaryimage\",\"url\":\"https:\/\/365-housse.com\/wp-content\/uploads\/2023\/06\/housse-de-fauteuil-cabriolet-geometrique-marbree.png\",\"contentUrl\":\"https:\/\/365-housse.com\/wp-content\/uploads\/2023\/06\/housse-de-fauteuil-cabriolet-geometrique-marbree.png\",\"width\":501,\"height\":498},{\"@type\":\"BreadcrumbList\",\"@id\":\"https:\/\/365-housse.com\/es\/productos\/housse-fauteuil-cabriolet-geometrique-marbree\/#breadcrumb\",\"itemListElement\":[{\"@type\":\"ListItem\",\"position\":1,\"name\":\"Accueil\",\"item\":\"https:\/\/365-housse.com\/es\/\"},{\"@type\":\"ListItem\",\"position\":2,\"name\":\"Tienda\",\"item\":\"https:\/\/365-housse.com\/es\/tienda\/\"},{\"@type\":\"ListItem\",\"position\":3,\"name\":\"Funda sill\u00f3n Cabriolet Geom\u00e9trico M\u00e1rmol\"}]},{\"@type\":\"WebSite\",\"@id\":\"https:\/\/365-housse.com\/es\/#website\",\"url\":\"https:\/\/365-housse.com\/es\/\",\"name\":\"Housse de Canap\u00e9\",\"description\":\"Le N\u00b01 de la Housse\",\"publisher\":{\"@id\":\"https:\/\/365-housse.com\/es\/#organization\"},\"potentialAction\":[{\"@type\":\"SearchAction\",\"target\":{\"@type\":\"EntryPoint\",\"urlTemplate\":\"https:\/\/365-housse.com\/es\/?s={search_term_string}\"},\"query-input\":{\"@type\":\"PropertyValueSpecification\",\"valueRequired\":true,\"valueName\":\"search_term_string\"}}],\"inLanguage\":\"es\"},{\"@type\":\"Organization\",\"@id\":\"https:\/\/365-housse.com\/es\/#organization\",\"name\":\"Housse de Canap\u00e9\",\"url\":\"https:\/\/365-housse.com\/es\/\",\"logo\":{\"@type\":\"ImageObject\",\"inLanguage\":\"es\",\"@id\":\"https:\/\/365-housse.com\/es\/#\/schema\/logo\/image\/\",\"url\":\"https:\/\/365-housse.com\/wp-content\/uploads\/2023\/06\/LOGO-400-\u00d7-200-px-392-x-134-px-16.png\",\"contentUrl\":\"https:\/\/365-housse.com\/wp-content\/uploads\/2023\/06\/LOGO-400-\u00d7-200-px-392-x-134-px-16.png\",\"width\":392,\"height\":134,\"caption\":\"Housse de Canap\u00e9\"},\"image\":{\"@id\":\"https:\/\/365-housse.com\/es\/#\/schema\/logo\/image\/\"}}]}<\/script>","yoast_head_json":{"title":"Funda sill\u00f3n Cabriolet Geom\u00e9trico M\u00e1rmol en entrega - gratis Ahorra un 30% en tu pedido","description":"Recibe tu Funda sill\u00f3n Cabriolet Geom\u00e9trico M\u00e1rmol hoy y benef\u00edciate de la entrega - gratuita Env\u00edo en 24\/48h","robots":{"index":"index","follow":"follow","max-snippet":"max-snippet:-1","max-image-preview":"max-image-preview:large","max-video-preview":"max-video-preview:-1"},"canonical":"https:\/\/365-housse.com\/es\/productos\/housse-fauteuil-cabriolet-geometrique-marbree\/","og_locale":"es_ES","og_type":"article","og_title":"Funda sill\u00f3n Cabriolet Geom\u00e9trico M\u00e1rmol en entrega - gratis Ahorra un 30% en tu pedido","og_description":"Recibe tu Funda sill\u00f3n Cabriolet Geom\u00e9trico M\u00e1rmol hoy y benef\u00edciate de la entrega - gratuita Env\u00edo en 24\/48h","og_url":"https:\/\/365-housse.com\/es\/productos\/housse-fauteuil-cabriolet-geometrique-marbree\/","og_site_name":"Housse de Canap\u00e9","article_modified_time":"2024-09-17T14:53:26+00:00","og_image":[{"width":501,"height":498,"url":"https:\/\/365-housse.com\/wp-content\/uploads\/2023\/06\/housse-de-fauteuil-cabriolet-geometrique-marbree.png","type":"image\/png"}],"twitter_card":"summary_large_image","twitter_misc":{"Tiempo de lectura":"1 minuto"},"schema":{"@context":"https:\/\/schema.org","@graph":[{"@type":"WebPage","@id":"https:\/\/365-housse.com\/es\/productos\/housse-fauteuil-cabriolet-geometrique-marbree\/","url":"https:\/\/365-housse.com\/es\/productos\/housse-fauteuil-cabriolet-geometrique-marbree\/","name":"Funda sill\u00f3n Cabriolet Geom\u00e9trico M\u00e1rmol en entrega - gratis Ahorra un 30% en tu pedido","isPartOf":{"@id":"https:\/\/365-housse.com\/es\/#website"},"primaryImageOfPage":{"@id":"https:\/\/365-housse.com\/es\/productos\/housse-fauteuil-cabriolet-geometrique-marbree\/#primaryimage"},"image":{"@id":"https:\/\/365-housse.com\/es\/productos\/housse-fauteuil-cabriolet-geometrique-marbree\/#primaryimage"},"thumbnailUrl":"https:\/\/365-housse.com\/wp-content\/uploads\/2023\/06\/housse-de-fauteuil-cabriolet-geometrique-marbree.png","datePublished":"2023-06-12T08:45:02+00:00","dateModified":"2024-09-17T14:53:26+00:00","description":"Recibe tu Funda sill\u00f3n Cabriolet Geom\u00e9trico M\u00e1rmol hoy y benef\u00edciate de la entrega - gratuita Env\u00edo en 24\/48h","breadcrumb":{"@id":"https:\/\/365-housse.com\/es\/productos\/housse-fauteuil-cabriolet-geometrique-marbree\/#breadcrumb"},"inLanguage":"es","potentialAction":[{"@type":"ReadAction","target":["https:\/\/365-housse.com\/es\/productos\/housse-fauteuil-cabriolet-geometrique-marbree\/"]}]},{"@type":"ImageObject","inLanguage":"es","@id":"https:\/\/365-housse.com\/es\/productos\/housse-fauteuil-cabriolet-geometrique-marbree\/#primaryimage","url":"https:\/\/365-housse.com\/wp-content\/uploads\/2023\/06\/housse-de-fauteuil-cabriolet-geometrique-marbree.png","contentUrl":"https:\/\/365-housse.com\/wp-content\/uploads\/2023\/06\/housse-de-fauteuil-cabriolet-geometrique-marbree.png","width":501,"height":498},{"@type":"BreadcrumbList","@id":"https:\/\/365-housse.com\/es\/productos\/housse-fauteuil-cabriolet-geometrique-marbree\/#breadcrumb","itemListElement":[{"@type":"ListItem","position":1,"name":"Accueil","item":"https:\/\/365-housse.com\/es\/"},{"@type":"ListItem","position":2,"name":"Tienda","item":"https:\/\/365-housse.com\/es\/tienda\/"},{"@type":"ListItem","position":3,"name":"Funda sill\u00f3n Cabriolet Geom\u00e9trico M\u00e1rmol"}]},{"@type":"WebSite","@id":"https:\/\/365-housse.com\/es\/#website","url":"https:\/\/365-housse.com\/es\/","name":"Housse de Canap\u00e9","description":"Le N\u00b01 de la Housse","publisher":{"@id":"https:\/\/365-housse.com\/es\/#organization"},"potentialAction":[{"@type":"SearchAction","target":{"@type":"EntryPoint","urlTemplate":"https:\/\/365-housse.com\/es\/?s={search_term_string}"},"query-input":{"@type":"PropertyValueSpecification","valueRequired":true,"valueName":"search_term_string"}}],"inLanguage":"es"},{"@type":"Organization","@id":"https:\/\/365-housse.com\/es\/#organization","name":"Housse de Canap\u00e9","url":"https:\/\/365-housse.com\/es\/","logo":{"@type":"ImageObject","inLanguage":"es","@id":"https:\/\/365-housse.com\/es\/#\/schema\/logo\/image\/","url":"https:\/\/365-housse.com\/wp-content\/uploads\/2023\/06\/LOGO-400-\u00d7-200-px-392-x-134-px-16.png","contentUrl":"https:\/\/365-housse.com\/wp-content\/uploads\/2023\/06\/LOGO-400-\u00d7-200-px-392-x-134-px-16.png","width":392,"height":134,"caption":"Housse de Canap\u00e9"},"image":{"@id":"https:\/\/365-housse.com\/es\/#\/schema\/logo\/image\/"}}]}},"_links":{"self":[{"href":"https:\/\/365-housse.com\/es\/wp-json\/wp\/v2\/product\/17985"}],"collection":[{"href":"https:\/\/365-housse.com\/es\/wp-json\/wp\/v2\/product"}],"about":[{"href":"https:\/\/365-housse.com\/es\/wp-json\/wp\/v2\/types\/product"}],"replies":[{"embeddable":true,"href":"https:\/\/365-housse.com\/es\/wp-json\/wp\/v2\/comments?post=17985"}],"wp:featuredmedia":[{"embeddable":true,"href":"https:\/\/365-housse.com\/es\/wp-json\/wp\/v2\/media\/17428"}],"wp:attachment":[{"href":"https:\/\/365-housse.com\/es\/wp-json\/wp\/v2\/media?parent=17985"}],"wp:term":[{"taxonomy":"product_cat","embeddable":true,"href":"https:\/\/365-housse.com\/es\/wp-json\/wp\/v2\/product_cat?post=17985"},{"taxonomy":"product_tag","embeddable":true,"href":"https:\/\/365-housse.com\/es\/wp-json\/wp\/v2\/product_tag?post=17985"}],"curies":[{"name":"wp","href":"https:\/\/api.w.org\/{rel}","templated":true}]}}