{"id":17986,"date":"2023-06-12T08:45:00","date_gmt":"2023-06-12T08:45:00","guid":{"rendered":"https:\/\/365-housse.com\/products\/housse-fauteuil-cabriolet-a-pois\/"},"modified":"2024-09-17T14:53:26","modified_gmt":"2024-09-17T14:53:26","slug":"housse-fauteuil-cabriolet-a-pois","status":"publish","type":"product","link":"https:\/\/365-housse.com\/es\/productos\/housse-fauteuil-cabriolet-a-pois\/","title":{"rendered":"Funda para sill\u00f3n cabriolet con lunares"},"content":{"rendered":"<h2>Opta por una decoraci\u00f3n interior chic y elegante eligiendo la <strong>funda para sill\u00f3n convertible de lunares<\/strong>. \u00a1Muy de moda!<\/h2>\n<h3>Ventajas de la funda de sill\u00f3n convertible de lunares:<\/h3>\n<ul>\n<li>\n<p>Instalaci\u00f3n f\u00e1cil y r\u00e1pida: <span data-mce-fragment=\"1\">La configuraci\u00f3n y el mantenimiento est\u00e1n garantizados gracias a las\u00a0<\/span><strong data-mce-fragment=\"1\"> propiedades el\u00e1sticas<\/ strong><span data-mce-fragment=\"1\"> de nuestras fundas para sillones convertibles<\/span><\/p>\n<\/li>\n<li>\n<p>La funda aportar\u00e1 un toque de elegancia y sofisticaci\u00f3n a tu decoraci\u00f3n<\/p>\n<\/li>\n<li>\n<p>Ofrece una protecci\u00f3n \u00f3ptima contra manchas, desgaste,&#8230;<\/p>\n<\/li>\n<li>Fabricado con textiles de primera calidad<\/li>\n<\/ul>\n<p><strong>Caracter\u00edsticas: <\/strong><\/p>\n<ul>\n<li>\n<p>Composici\u00f3n:<span> <\/span><strong>90% Poli\u00e9ster y Elastano + 10% Algod\u00f3n<\/strong><\/p>\n<\/li>\n<li>\n<p>Uso de <strong>tecnolog\u00eda de impresi\u00f3n eficiente<\/strong><span> <\/span>para una mayor solidez del color a la luz y al lavado<\/p>\n<\/li>\n<li>\n<p>Tejido el\u00e1stico para un<span> <\/span><strong>ajuste perfecto<\/strong><span> <\/span>y que persiste en el tiempo<\/p>\n<\/li>\n<li>\n<p>Acabados<span> <\/span><strong>precisos<\/strong><span> <\/span>y<span> <\/span><strong>refinados<\/strong><\/p>\n<\/li>\n<li>\n<p>Lavable a m\u00e1quina<\/p>\n<\/li>\n<\/ul>\n<p><strong>Tabla de tallas: <\/strong><\/p>\n<p><img fetchpriority=\"high\" decoding=\"async\" alt=\"taille-housse-armchair-cabriolet\" height=\"397\" src=\"https:\/\/365-housse.com\/wp-content\/uploads\/2023\/06\/guide-des-taililles- funda-sill\u00f3n-cabriolet_480x480.jpg?v=1625156093\" style=\"margin-left: auto;margin-right: auto\" width=\"397\" \/><\/p>\n<p><span>Nuestras fundas para sillones convertibles son adecuadas para muchos sillones: <\/span><\/p>\n<p><span><img decoding=\"async\" alt=\"housse-fauteuil-cabriolet\" height=\"336\" src=\"https:\/\/365-housse.com\/wp-content\/uploads\/2023\/06\/housse-fauteuil-cabriolet_480x480 .png?v=1625156140\" style=\"margin-left: auto;margin-right: auto\" width=\"336\" \/><\/span><\/p>\n<\/p>\n<div><span><\/span><\/div>\n<div><span><\/span><\/div>\n<p style=\"text-align: start\"><span><img decoding=\"async\" alt=\"\" src=\"https:\/\/365-housse.com\/wp-content\/uploads\/2023\/06\/guide-installation-fauteuil- cabriolet_480x480.jpg?v=1625309321\" style=\"margin-left: auto;margin-right: auto\" \/><\/span><\/p>\n<p>Ilustraci\u00f3n antes\/despu\u00e9s:<\/p>\n<div><span><img decoding=\"async\" alt=\"\" src=\"https:\/\/365-housse.com\/wp-content\/uploads\/2023\/06\/Capture_d_ecran_2021-07-03_a_12.47.28_480x480.png?v=1625309376\" \/><\/span><\/div>\n<p>Si te gusta el color de esta funda, nuestra <a href=\"https:\/\/365-housse.com\/es\/products\/housse-fauteuil-cabriolet-coussin\/\" rel=\"noopener\" target=\"_blank \" title=\"Sill\u00f3n Housse Cabriolet Couss\"><strong>Sill\u00f3n Housse Cabriolet Couss<\/strong><\/a> sin duda le gustar\u00e1. Adem\u00e1s de estos dos art\u00edculos, en nuestra gama <a href=\"https:\/\/365-housse.com\/es\/collections\/funda-de-sillon-cabriolet\/\" rel=\"noopener\" target=\"_blank\" title=\"\u201c\"><strong>Funda para sill\u00f3n Cabriolet<\/strong><\/a> encontrar\u00e1s otros modelos a\u00fan m\u00e1s impresionantes. Y para m\u00e1s originalidad y sofisticaci\u00f3n en tu sal\u00f3n, no olvides visitar tambi\u00e9n nuestra colecci\u00f3n <a href=\"https:\/\/365-housse.com\/es\/collections\/funda-de-sofa\/\" rel=\"noopener\" target=\"_blank\" title=\"Funda de sof\u00e1\"><strong>Funda de sof\u00e1<\/strong><\/a>!<\/p>\n","protected":false},"excerpt":{"rendered":"<p>Opta por una decoraci\u00f3n interior chic y elegante eligiendo la funda para sill\u00f3n convertible de lunares. \u00a1Muy de moda! Ventajas de la funda de sill\u00f3n convertible de lunares: Instalaci\u00f3n f\u00e1cil y r\u00e1pida: La configuraci\u00f3n y el mantenimiento est\u00e1n garantizados gracias a las\u00a0 propiedades el\u00e1sticas de nuestras fundas para sillones convertibles La funda aportar\u00e1 un toque [&hellip;]<\/p>\n","protected":false},"featured_media":17423,"comment_status":"open","ping_status":"closed","template":"","meta":[],"product_cat":[160,161],"product_tag":[200],"class_list":{"0":"post-17986","1":"product","2":"type-product","3":"status-publish","4":"has-post-thumbnail","6":"product_cat-funda-de-sillon-cabriolet","7":"product_cat-portada-interior","8":"product_tag-fauteuil-es","10":"first","11":"instock","12":"shipping-taxable","13":"purchasable","14":"product-type-simple"},"yoast_head":"<title>Funda para sill\u00f3n cabriolet con lunares en entrega - gratis Ahorra un 30% en tu pedido<\/title>\n<meta name=\"description\" content=\"Recibe tu Funda para sill\u00f3n cabriolet con lunares hoy y benef\u00edciate de la entrega - gratuita Env\u00edo en 24\/48h\" \/>\n<meta name=\"robots\" content=\"index, follow, max-snippet:-1, max-image-preview:large, max-video-preview:-1\" \/>\n<link rel=\"canonical\" href=\"https:\/\/365-housse.com\/es\/productos\/housse-fauteuil-cabriolet-a-pois\/\" \/>\n<meta property=\"og:locale\" content=\"es_ES\" \/>\n<meta property=\"og:type\" content=\"article\" \/>\n<meta property=\"og:title\" content=\"Funda para sill\u00f3n cabriolet con lunares en entrega - gratis Ahorra un 30% en tu pedido\" \/>\n<meta property=\"og:description\" content=\"Recibe tu Funda para sill\u00f3n cabriolet con lunares hoy y benef\u00edciate de la entrega - gratuita Env\u00edo en 24\/48h\" \/>\n<meta property=\"og:url\" content=\"https:\/\/365-housse.com\/es\/productos\/housse-fauteuil-cabriolet-a-pois\/\" \/>\n<meta property=\"og:site_name\" content=\"Housse de Canap\u00e9\" \/>\n<meta property=\"article:modified_time\" content=\"2024-09-17T14:53:26+00:00\" \/>\n<meta property=\"og:image\" content=\"https:\/\/365-housse.com\/wp-content\/uploads\/2023\/06\/housse-fauteuil-cabriolet-a-pois.png\" \/>\n\t<meta property=\"og:image:width\" content=\"499\" \/>\n\t<meta property=\"og:image:height\" content=\"500\" \/>\n\t<meta property=\"og:image:type\" content=\"image\/png\" \/>\n<meta name=\"twitter:card\" content=\"summary_large_image\" \/>\n<meta name=\"twitter:label1\" content=\"Tiempo de lectura\" \/>\n\t<meta name=\"twitter:data1\" content=\"1 minuto\" \/>\n<script type=\"application\/ld+json\" class=\"yoast-schema-graph\">{\"@context\":\"https:\/\/schema.org\",\"@graph\":[{\"@type\":\"WebPage\",\"@id\":\"https:\/\/365-housse.com\/es\/productos\/housse-fauteuil-cabriolet-a-pois\/\",\"url\":\"https:\/\/365-housse.com\/es\/productos\/housse-fauteuil-cabriolet-a-pois\/\",\"name\":\"Funda para sill\u00f3n cabriolet con lunares en entrega - gratis Ahorra un 30% en tu pedido\",\"isPartOf\":{\"@id\":\"https:\/\/365-housse.com\/es\/#website\"},\"primaryImageOfPage\":{\"@id\":\"https:\/\/365-housse.com\/es\/productos\/housse-fauteuil-cabriolet-a-pois\/#primaryimage\"},\"image\":{\"@id\":\"https:\/\/365-housse.com\/es\/productos\/housse-fauteuil-cabriolet-a-pois\/#primaryimage\"},\"thumbnailUrl\":\"https:\/\/365-housse.com\/wp-content\/uploads\/2023\/06\/housse-fauteuil-cabriolet-a-pois.png\",\"datePublished\":\"2023-06-12T08:45:00+00:00\",\"dateModified\":\"2024-09-17T14:53:26+00:00\",\"description\":\"Recibe tu Funda para sill\u00f3n cabriolet con lunares hoy y benef\u00edciate de la entrega - gratuita Env\u00edo en 24\/48h\",\"breadcrumb\":{\"@id\":\"https:\/\/365-housse.com\/es\/productos\/housse-fauteuil-cabriolet-a-pois\/#breadcrumb\"},\"inLanguage\":\"es\",\"potentialAction\":[{\"@type\":\"ReadAction\",\"target\":[\"https:\/\/365-housse.com\/es\/productos\/housse-fauteuil-cabriolet-a-pois\/\"]}]},{\"@type\":\"ImageObject\",\"inLanguage\":\"es\",\"@id\":\"https:\/\/365-housse.com\/es\/productos\/housse-fauteuil-cabriolet-a-pois\/#primaryimage\",\"url\":\"https:\/\/365-housse.com\/wp-content\/uploads\/2023\/06\/housse-fauteuil-cabriolet-a-pois.png\",\"contentUrl\":\"https:\/\/365-housse.com\/wp-content\/uploads\/2023\/06\/housse-fauteuil-cabriolet-a-pois.png\",\"width\":499,\"height\":500},{\"@type\":\"BreadcrumbList\",\"@id\":\"https:\/\/365-housse.com\/es\/productos\/housse-fauteuil-cabriolet-a-pois\/#breadcrumb\",\"itemListElement\":[{\"@type\":\"ListItem\",\"position\":1,\"name\":\"Accueil\",\"item\":\"https:\/\/365-housse.com\/es\/\"},{\"@type\":\"ListItem\",\"position\":2,\"name\":\"Tienda\",\"item\":\"https:\/\/365-housse.com\/es\/tienda\/\"},{\"@type\":\"ListItem\",\"position\":3,\"name\":\"Funda para sill\u00f3n cabriolet con lunares\"}]},{\"@type\":\"WebSite\",\"@id\":\"https:\/\/365-housse.com\/es\/#website\",\"url\":\"https:\/\/365-housse.com\/es\/\",\"name\":\"Housse de Canap\u00e9\",\"description\":\"Le N\u00b01 de la Housse\",\"publisher\":{\"@id\":\"https:\/\/365-housse.com\/es\/#organization\"},\"potentialAction\":[{\"@type\":\"SearchAction\",\"target\":{\"@type\":\"EntryPoint\",\"urlTemplate\":\"https:\/\/365-housse.com\/es\/?s={search_term_string}\"},\"query-input\":{\"@type\":\"PropertyValueSpecification\",\"valueRequired\":true,\"valueName\":\"search_term_string\"}}],\"inLanguage\":\"es\"},{\"@type\":\"Organization\",\"@id\":\"https:\/\/365-housse.com\/es\/#organization\",\"name\":\"Housse de Canap\u00e9\",\"url\":\"https:\/\/365-housse.com\/es\/\",\"logo\":{\"@type\":\"ImageObject\",\"inLanguage\":\"es\",\"@id\":\"https:\/\/365-housse.com\/es\/#\/schema\/logo\/image\/\",\"url\":\"https:\/\/365-housse.com\/wp-content\/uploads\/2023\/06\/LOGO-400-\u00d7-200-px-392-x-134-px-16.png\",\"contentUrl\":\"https:\/\/365-housse.com\/wp-content\/uploads\/2023\/06\/LOGO-400-\u00d7-200-px-392-x-134-px-16.png\",\"width\":392,\"height\":134,\"caption\":\"Housse de Canap\u00e9\"},\"image\":{\"@id\":\"https:\/\/365-housse.com\/es\/#\/schema\/logo\/image\/\"}}]}<\/script>","yoast_head_json":{"title":"Funda para sill\u00f3n cabriolet con lunares en entrega - gratis Ahorra un 30% en tu pedido","description":"Recibe tu Funda para sill\u00f3n cabriolet con lunares hoy y benef\u00edciate de la entrega - gratuita Env\u00edo en 24\/48h","robots":{"index":"index","follow":"follow","max-snippet":"max-snippet:-1","max-image-preview":"max-image-preview:large","max-video-preview":"max-video-preview:-1"},"canonical":"https:\/\/365-housse.com\/es\/productos\/housse-fauteuil-cabriolet-a-pois\/","og_locale":"es_ES","og_type":"article","og_title":"Funda para sill\u00f3n cabriolet con lunares en entrega - gratis Ahorra un 30% en tu pedido","og_description":"Recibe tu Funda para sill\u00f3n cabriolet con lunares hoy y benef\u00edciate de la entrega - gratuita Env\u00edo en 24\/48h","og_url":"https:\/\/365-housse.com\/es\/productos\/housse-fauteuil-cabriolet-a-pois\/","og_site_name":"Housse de Canap\u00e9","article_modified_time":"2024-09-17T14:53:26+00:00","og_image":[{"width":499,"height":500,"url":"https:\/\/365-housse.com\/wp-content\/uploads\/2023\/06\/housse-fauteuil-cabriolet-a-pois.png","type":"image\/png"}],"twitter_card":"summary_large_image","twitter_misc":{"Tiempo de lectura":"1 minuto"},"schema":{"@context":"https:\/\/schema.org","@graph":[{"@type":"WebPage","@id":"https:\/\/365-housse.com\/es\/productos\/housse-fauteuil-cabriolet-a-pois\/","url":"https:\/\/365-housse.com\/es\/productos\/housse-fauteuil-cabriolet-a-pois\/","name":"Funda para sill\u00f3n cabriolet con lunares en entrega - gratis Ahorra un 30% en tu pedido","isPartOf":{"@id":"https:\/\/365-housse.com\/es\/#website"},"primaryImageOfPage":{"@id":"https:\/\/365-housse.com\/es\/productos\/housse-fauteuil-cabriolet-a-pois\/#primaryimage"},"image":{"@id":"https:\/\/365-housse.com\/es\/productos\/housse-fauteuil-cabriolet-a-pois\/#primaryimage"},"thumbnailUrl":"https:\/\/365-housse.com\/wp-content\/uploads\/2023\/06\/housse-fauteuil-cabriolet-a-pois.png","datePublished":"2023-06-12T08:45:00+00:00","dateModified":"2024-09-17T14:53:26+00:00","description":"Recibe tu Funda para sill\u00f3n cabriolet con lunares hoy y benef\u00edciate de la entrega - gratuita Env\u00edo en 24\/48h","breadcrumb":{"@id":"https:\/\/365-housse.com\/es\/productos\/housse-fauteuil-cabriolet-a-pois\/#breadcrumb"},"inLanguage":"es","potentialAction":[{"@type":"ReadAction","target":["https:\/\/365-housse.com\/es\/productos\/housse-fauteuil-cabriolet-a-pois\/"]}]},{"@type":"ImageObject","inLanguage":"es","@id":"https:\/\/365-housse.com\/es\/productos\/housse-fauteuil-cabriolet-a-pois\/#primaryimage","url":"https:\/\/365-housse.com\/wp-content\/uploads\/2023\/06\/housse-fauteuil-cabriolet-a-pois.png","contentUrl":"https:\/\/365-housse.com\/wp-content\/uploads\/2023\/06\/housse-fauteuil-cabriolet-a-pois.png","width":499,"height":500},{"@type":"BreadcrumbList","@id":"https:\/\/365-housse.com\/es\/productos\/housse-fauteuil-cabriolet-a-pois\/#breadcrumb","itemListElement":[{"@type":"ListItem","position":1,"name":"Accueil","item":"https:\/\/365-housse.com\/es\/"},{"@type":"ListItem","position":2,"name":"Tienda","item":"https:\/\/365-housse.com\/es\/tienda\/"},{"@type":"ListItem","position":3,"name":"Funda para sill\u00f3n cabriolet con lunares"}]},{"@type":"WebSite","@id":"https:\/\/365-housse.com\/es\/#website","url":"https:\/\/365-housse.com\/es\/","name":"Housse de Canap\u00e9","description":"Le N\u00b01 de la Housse","publisher":{"@id":"https:\/\/365-housse.com\/es\/#organization"},"potentialAction":[{"@type":"SearchAction","target":{"@type":"EntryPoint","urlTemplate":"https:\/\/365-housse.com\/es\/?s={search_term_string}"},"query-input":{"@type":"PropertyValueSpecification","valueRequired":true,"valueName":"search_term_string"}}],"inLanguage":"es"},{"@type":"Organization","@id":"https:\/\/365-housse.com\/es\/#organization","name":"Housse de Canap\u00e9","url":"https:\/\/365-housse.com\/es\/","logo":{"@type":"ImageObject","inLanguage":"es","@id":"https:\/\/365-housse.com\/es\/#\/schema\/logo\/image\/","url":"https:\/\/365-housse.com\/wp-content\/uploads\/2023\/06\/LOGO-400-\u00d7-200-px-392-x-134-px-16.png","contentUrl":"https:\/\/365-housse.com\/wp-content\/uploads\/2023\/06\/LOGO-400-\u00d7-200-px-392-x-134-px-16.png","width":392,"height":134,"caption":"Housse de Canap\u00e9"},"image":{"@id":"https:\/\/365-housse.com\/es\/#\/schema\/logo\/image\/"}}]}},"_links":{"self":[{"href":"https:\/\/365-housse.com\/es\/wp-json\/wp\/v2\/product\/17986"}],"collection":[{"href":"https:\/\/365-housse.com\/es\/wp-json\/wp\/v2\/product"}],"about":[{"href":"https:\/\/365-housse.com\/es\/wp-json\/wp\/v2\/types\/product"}],"replies":[{"embeddable":true,"href":"https:\/\/365-housse.com\/es\/wp-json\/wp\/v2\/comments?post=17986"}],"wp:featuredmedia":[{"embeddable":true,"href":"https:\/\/365-housse.com\/es\/wp-json\/wp\/v2\/media\/17423"}],"wp:attachment":[{"href":"https:\/\/365-housse.com\/es\/wp-json\/wp\/v2\/media?parent=17986"}],"wp:term":[{"taxonomy":"product_cat","embeddable":true,"href":"https:\/\/365-housse.com\/es\/wp-json\/wp\/v2\/product_cat?post=17986"},{"taxonomy":"product_tag","embeddable":true,"href":"https:\/\/365-housse.com\/es\/wp-json\/wp\/v2\/product_tag?post=17986"}],"curies":[{"name":"wp","href":"https:\/\/api.w.org\/{rel}","templated":true}]}}