{"id":17993,"date":"2023-06-12T08:44:56","date_gmt":"2023-06-12T08:44:56","guid":{"rendered":"https:\/\/365-housse.com\/products\/housse-fauteuil-cabriolet-fleurie-rose\/"},"modified":"2024-09-17T14:53:27","modified_gmt":"2024-09-17T14:53:27","slug":"housse-fauteuil-cabriolet-fleurie-rose","status":"publish","type":"product","link":"https:\/\/365-housse.com\/es\/productos\/housse-fauteuil-cabriolet-fleurie-rose\/","title":{"rendered":"Funda sill\u00f3n Cabriolet Floral Rosa"},"content":{"rendered":"<h2 data-mce-fragment=\"1\" data-pm-slice=\"1 1 []\">Esta hermosa y vibrante <strong>funda para sill\u00f3n cabriolet floral rosa<\/strong> est\u00e1 dise\u00f1ada para proteger su asiento de la suciedad y el manchas. A\u00f1adir\u00e1 estilo ideal a tu habitaci\u00f3n. El color rosa armoniza perfectamente con el tema elegido y puede aportar color a su interior. Esta funda es el mejor regalo para una \u201cpersona especial\u201d en tu vida.<\/h2>\n<h3>Ventajas de la funda para sill\u00f3n convertible Fleurie Rose:<\/h3>\n<ul>\n<li>\n<p>Instalaci\u00f3n f\u00e1cil y r\u00e1pida: <span data-mce-fragment=\"1\">Las<\/span><strong data-mce-fragment=\"1\">propiedades extensibles<\/strong><span data-mce-fragment=\"1\"> de nuestras fundas sill\u00f3n convertible garantiza sujeci\u00f3n y adaptaci\u00f3n<\/span><\/p>\n<\/li>\n<li>\n<p>La funda aporta estilo y encanto a tu decoraci\u00f3n interior<\/p>\n<\/li>\n<li>\n<p>Proporciona una \u00f3ptima protecci\u00f3n contra manchas, desgaste,&#8230;<\/p>\n<\/li>\n<li>Fabricado con tejidos de primera calidad<\/li>\n<\/ul>\n<p> <strong>Caracter\u00edsticas: <\/strong><\/p>\n<ul>\n<li>\n<p>Composici\u00f3n: <span> <\/span><strong>Poli\u00e9ster + Spandex<\/strong><\/p>\n<\/li>\n<li>\n<p>Tecnolog\u00eda de impresi\u00f3n ultraeficiente<span> <\/span><strong>garantiza una alta resistencia del color a la luz y al lavado<\/p>\n<p> <\/ li> <\/p>\n<li>\n<p>Propiedades extensibles que garantizan un<span> <\/span><strong>ajuste perfecto<\/strong><span> <\/span>y que perdure en el tiempo<\/p>\n<\/li>\n<li>\n<p><span>\u00a0<\/span><strong>preciso<\/strong><span>\u00a0<\/span>y<span> <\/span><strong>acabados sofisticados<\/strong><\/p>\n<p> <\/ li> <\/p>\n<li>\n<p>Lavable a m\u00e1quina<\/p>\n<\/li>\n<\/ul>\n<p><strong>Gu\u00eda de tallas: <\/strong><\/p>\n<p><img decoding=\"async\" alt=\"tama\u00f1o -housse-fauteuil-cabriolet\" data-mce-src=\"https:\/\/365-housse.com\/wp-content\/uploads\/2023\/06 \/guide-des-tailles-housse-fauteuil-cabriolet_480x480.jpg?v= 1625156093\" data-mce-style=\"display: block; margen izquierdo: autom\u00e1tico; margen derecho: autom\u00e1tico;\" src=\"https:\/\/365-housse.com\/wp-content\/uploads\/2023\/06\/guide-des-tailles-housse-fauteuil-cabriolet_480x480.jpg?v =1625156093\" style=\"margin-left: auto;margin-right: auto\" width=\"397\" \/><\/p>\n<p><span>Nuestras fundas para sillones convertibles son universales y se adaptan a varios sillones: <\/span>&gt;p&gt; <\/p>\n<p><span><img decoding=\"async\" alt=\"housse-armchair-cabriolet\" data-mce-src=\"https:\/\/365-housse.com\/wp-content\/uploads\/2023\/06 \/cabriolet -armchair-cover_480x480.png?v=1625156140\" data-mce-style=\"display: block; margen izquierdo: autom\u00e1tico; margen derecho: auto;\" height=\"336\" src=\"https:\/\/365-housse.com\/wp-content\/uploads\/2023\/06\/housse-fauteuil-cabriolet_480x480.png?v=1625156140\" \/><\/span><\/p>\n<\/p>\n<div> <span><\/span><br \/> <\/ div> <\/p>\n<div>\n<p><span><img decoding=\"async\" alt=\"\" data-mce-src=\"https:\/\/365-housse.com\/wp-content\/uploads\/2023\/06\/guide-installation-fauteuil- cabriolet_480x480.jpg?v=1625309321\" data-mce-style=\"display: bloque; margen izquierdo: autom\u00e1tico; margen-derecha: autom\u00e1tico;\" src=\"https:\/\/365-housse.com\/wp-content\/uploads\/2023\/06\/guide-installation-fauteuil-cabriolet_480x480.jpg?v=1625309321\" style=\"margin-right: auto\" \/><\/span><\/p>\n<p>La diferencia antes\/despu\u00e9s: <\/p>\n<div><span><img decoding=\"async\" alt=\"\" data-mce-src=\"https:\/\/365-housse.com\/wp-content\/uploads\/2023\/06\/Capture_d_ecran_2021-07-03_a_12.47.28_480x480.png?v=1625309376\" data-mce-style=\"display: bloquear; margen izquierdo: autom\u00e1tico; margen derecho: autom\u00e1tico;\" src=\"https:\/\/365-housse.com\/wp-content\/uploads\/2023\/06\/Capture_d_ecran_2021-07-03_a_12.47.28_480x480.png?v=1625309376\" \/><\/span><\/div>\n<div>\n<p data-pm-slice=\"1 1 []\">El <a href=\"https:\/\/365- Housse.com\/es\/collections\/funda-de-sillon-cabriolet\/\" rel=\"noopener\" target=\"_blank\" title=\"Funda para sill\u00f3n Cabriolet\"><strong>Funda para sill\u00f3n Cabriolet<\/strong><\/a> es una forma \u00fanica y entretenida de a\u00f1adir color y personalidad a tu hogar o jard\u00edn El <a href=\"https:\/\/365-housse.com\/es\/products\/housse-fauteuil-cabriolet-.fleurie-blanche\/\" rel=\"noopener\" target=\"_blank\" title=\"Funda para Sill\u00f3n Cabriolet Flores Blancas\"><strong>Funda para Sill\u00f3n Cabriolet Flores Blancas<\/strong><\/a> est\u00e1 dise\u00f1ada para proteger tu sill\u00f3n de las manchas y la suciedad, aportando un toque perfecto a tu decoraci\u00f3n. El color rosa armoniza con el tema de tu elecci\u00f3n y puede agregar brillo a tu ambiente. Esta funda es el regalo perfecto para esa \u00abpersona especial\u00bb en tu vida.<\/p>\n<\/p><\/div>\n<div class=\"content\">\n<div class=\"text\">\n<p><a><strong>\u00a1Dale a tu silla un nuevo aspecto con esta funda!<\/strong><\/a> Se puede quitar f\u00e1cilmente para limpiarla o dejarla en su lugar para proteger y mejorar la apariencia original de tu asiento. <\/p>\n<\/p><\/div>\n<\/p><\/div>\n","protected":false},"excerpt":{"rendered":"<p>Esta hermosa y vibrante funda para sill\u00f3n cabriolet floral rosa est\u00e1 dise\u00f1ada para proteger su asiento de la suciedad y el manchas. A\u00f1adir\u00e1 estilo ideal a tu habitaci\u00f3n. El color rosa armoniza perfectamente con el tema elegido y puede aportar color a su interior. Esta funda es el mejor regalo para una \u201cpersona especial\u201d en [&hellip;]<\/p>\n","protected":false},"featured_media":17412,"comment_status":"open","ping_status":"closed","template":"","meta":[],"product_cat":[160,161],"product_tag":[],"class_list":{"0":"post-17993","1":"product","2":"type-product","3":"status-publish","4":"has-post-thumbnail","6":"product_cat-funda-de-sillon-cabriolet","7":"product_cat-portada-interior","9":"first","10":"instock","11":"shipping-taxable","12":"purchasable","13":"product-type-simple"},"yoast_head":"<title>Funda sill\u00f3n Cabriolet Floral Rosa en entrega - gratis Ahorra un 30% en tu pedido<\/title>\n<meta name=\"description\" content=\"Recibe tu Funda sill\u00f3n Cabriolet Floral Rosa hoy y benef\u00edciate de la entrega - gratuita Env\u00edo en 24\/48h\" \/>\n<meta name=\"robots\" content=\"index, follow, max-snippet:-1, max-image-preview:large, max-video-preview:-1\" \/>\n<link rel=\"canonical\" href=\"https:\/\/365-housse.com\/es\/productos\/housse-fauteuil-cabriolet-fleurie-rose\/\" \/>\n<meta property=\"og:locale\" content=\"es_ES\" \/>\n<meta property=\"og:type\" content=\"article\" \/>\n<meta property=\"og:title\" content=\"Funda sill\u00f3n Cabriolet Floral Rosa en entrega - gratis Ahorra un 30% en tu pedido\" \/>\n<meta property=\"og:description\" content=\"Recibe tu Funda sill\u00f3n Cabriolet Floral Rosa hoy y benef\u00edciate de la entrega - gratuita Env\u00edo en 24\/48h\" \/>\n<meta property=\"og:url\" content=\"https:\/\/365-housse.com\/es\/productos\/housse-fauteuil-cabriolet-fleurie-rose\/\" \/>\n<meta property=\"og:site_name\" content=\"Housse de Canap\u00e9\" \/>\n<meta property=\"article:modified_time\" content=\"2024-09-17T14:53:27+00:00\" \/>\n<meta property=\"og:image\" content=\"https:\/\/365-housse.com\/wp-content\/uploads\/2023\/06\/housse-fauteuil-cabriolet-fleurie-rose.jpg\" \/>\n\t<meta property=\"og:image:width\" content=\"499\" \/>\n\t<meta property=\"og:image:height\" content=\"475\" \/>\n\t<meta property=\"og:image:type\" content=\"image\/jpeg\" \/>\n<meta name=\"twitter:card\" content=\"summary_large_image\" \/>\n<meta name=\"twitter:label1\" content=\"Tiempo de lectura\" \/>\n\t<meta name=\"twitter:data1\" content=\"2 minutos\" \/>\n<script type=\"application\/ld+json\" class=\"yoast-schema-graph\">{\"@context\":\"https:\/\/schema.org\",\"@graph\":[{\"@type\":\"WebPage\",\"@id\":\"https:\/\/365-housse.com\/es\/productos\/housse-fauteuil-cabriolet-fleurie-rose\/\",\"url\":\"https:\/\/365-housse.com\/es\/productos\/housse-fauteuil-cabriolet-fleurie-rose\/\",\"name\":\"Funda sill\u00f3n Cabriolet Floral Rosa en entrega - gratis Ahorra un 30% en tu pedido\",\"isPartOf\":{\"@id\":\"https:\/\/365-housse.com\/es\/#website\"},\"primaryImageOfPage\":{\"@id\":\"https:\/\/365-housse.com\/es\/productos\/housse-fauteuil-cabriolet-fleurie-rose\/#primaryimage\"},\"image\":{\"@id\":\"https:\/\/365-housse.com\/es\/productos\/housse-fauteuil-cabriolet-fleurie-rose\/#primaryimage\"},\"thumbnailUrl\":\"https:\/\/365-housse.com\/wp-content\/uploads\/2023\/06\/housse-fauteuil-cabriolet-fleurie-rose.jpg\",\"datePublished\":\"2023-06-12T08:44:56+00:00\",\"dateModified\":\"2024-09-17T14:53:27+00:00\",\"description\":\"Recibe tu Funda sill\u00f3n Cabriolet Floral Rosa hoy y benef\u00edciate de la entrega - gratuita Env\u00edo en 24\/48h\",\"breadcrumb\":{\"@id\":\"https:\/\/365-housse.com\/es\/productos\/housse-fauteuil-cabriolet-fleurie-rose\/#breadcrumb\"},\"inLanguage\":\"es\",\"potentialAction\":[{\"@type\":\"ReadAction\",\"target\":[\"https:\/\/365-housse.com\/es\/productos\/housse-fauteuil-cabriolet-fleurie-rose\/\"]}]},{\"@type\":\"ImageObject\",\"inLanguage\":\"es\",\"@id\":\"https:\/\/365-housse.com\/es\/productos\/housse-fauteuil-cabriolet-fleurie-rose\/#primaryimage\",\"url\":\"https:\/\/365-housse.com\/wp-content\/uploads\/2023\/06\/housse-fauteuil-cabriolet-fleurie-rose.jpg\",\"contentUrl\":\"https:\/\/365-housse.com\/wp-content\/uploads\/2023\/06\/housse-fauteuil-cabriolet-fleurie-rose.jpg\",\"width\":499,\"height\":475},{\"@type\":\"BreadcrumbList\",\"@id\":\"https:\/\/365-housse.com\/es\/productos\/housse-fauteuil-cabriolet-fleurie-rose\/#breadcrumb\",\"itemListElement\":[{\"@type\":\"ListItem\",\"position\":1,\"name\":\"Accueil\",\"item\":\"https:\/\/365-housse.com\/es\/\"},{\"@type\":\"ListItem\",\"position\":2,\"name\":\"Tienda\",\"item\":\"https:\/\/365-housse.com\/es\/tienda\/\"},{\"@type\":\"ListItem\",\"position\":3,\"name\":\"Funda sill\u00f3n Cabriolet Floral Rosa\"}]},{\"@type\":\"WebSite\",\"@id\":\"https:\/\/365-housse.com\/es\/#website\",\"url\":\"https:\/\/365-housse.com\/es\/\",\"name\":\"Housse de Canap\u00e9\",\"description\":\"Le N\u00b01 de la Housse\",\"publisher\":{\"@id\":\"https:\/\/365-housse.com\/es\/#organization\"},\"potentialAction\":[{\"@type\":\"SearchAction\",\"target\":{\"@type\":\"EntryPoint\",\"urlTemplate\":\"https:\/\/365-housse.com\/es\/?s={search_term_string}\"},\"query-input\":{\"@type\":\"PropertyValueSpecification\",\"valueRequired\":true,\"valueName\":\"search_term_string\"}}],\"inLanguage\":\"es\"},{\"@type\":\"Organization\",\"@id\":\"https:\/\/365-housse.com\/es\/#organization\",\"name\":\"Housse de Canap\u00e9\",\"url\":\"https:\/\/365-housse.com\/es\/\",\"logo\":{\"@type\":\"ImageObject\",\"inLanguage\":\"es\",\"@id\":\"https:\/\/365-housse.com\/es\/#\/schema\/logo\/image\/\",\"url\":\"https:\/\/365-housse.com\/wp-content\/uploads\/2023\/06\/LOGO-400-\u00d7-200-px-392-x-134-px-16.png\",\"contentUrl\":\"https:\/\/365-housse.com\/wp-content\/uploads\/2023\/06\/LOGO-400-\u00d7-200-px-392-x-134-px-16.png\",\"width\":392,\"height\":134,\"caption\":\"Housse de Canap\u00e9\"},\"image\":{\"@id\":\"https:\/\/365-housse.com\/es\/#\/schema\/logo\/image\/\"}}]}<\/script>","yoast_head_json":{"title":"Funda sill\u00f3n Cabriolet Floral Rosa en entrega - gratis Ahorra un 30% en tu pedido","description":"Recibe tu Funda sill\u00f3n Cabriolet Floral Rosa hoy y benef\u00edciate de la entrega - gratuita Env\u00edo en 24\/48h","robots":{"index":"index","follow":"follow","max-snippet":"max-snippet:-1","max-image-preview":"max-image-preview:large","max-video-preview":"max-video-preview:-1"},"canonical":"https:\/\/365-housse.com\/es\/productos\/housse-fauteuil-cabriolet-fleurie-rose\/","og_locale":"es_ES","og_type":"article","og_title":"Funda sill\u00f3n Cabriolet Floral Rosa en entrega - gratis Ahorra un 30% en tu pedido","og_description":"Recibe tu Funda sill\u00f3n Cabriolet Floral Rosa hoy y benef\u00edciate de la entrega - gratuita Env\u00edo en 24\/48h","og_url":"https:\/\/365-housse.com\/es\/productos\/housse-fauteuil-cabriolet-fleurie-rose\/","og_site_name":"Housse de Canap\u00e9","article_modified_time":"2024-09-17T14:53:27+00:00","og_image":[{"width":499,"height":475,"url":"https:\/\/365-housse.com\/wp-content\/uploads\/2023\/06\/housse-fauteuil-cabriolet-fleurie-rose.jpg","type":"image\/jpeg"}],"twitter_card":"summary_large_image","twitter_misc":{"Tiempo de lectura":"2 minutos"},"schema":{"@context":"https:\/\/schema.org","@graph":[{"@type":"WebPage","@id":"https:\/\/365-housse.com\/es\/productos\/housse-fauteuil-cabriolet-fleurie-rose\/","url":"https:\/\/365-housse.com\/es\/productos\/housse-fauteuil-cabriolet-fleurie-rose\/","name":"Funda sill\u00f3n Cabriolet Floral Rosa en entrega - gratis Ahorra un 30% en tu pedido","isPartOf":{"@id":"https:\/\/365-housse.com\/es\/#website"},"primaryImageOfPage":{"@id":"https:\/\/365-housse.com\/es\/productos\/housse-fauteuil-cabriolet-fleurie-rose\/#primaryimage"},"image":{"@id":"https:\/\/365-housse.com\/es\/productos\/housse-fauteuil-cabriolet-fleurie-rose\/#primaryimage"},"thumbnailUrl":"https:\/\/365-housse.com\/wp-content\/uploads\/2023\/06\/housse-fauteuil-cabriolet-fleurie-rose.jpg","datePublished":"2023-06-12T08:44:56+00:00","dateModified":"2024-09-17T14:53:27+00:00","description":"Recibe tu Funda sill\u00f3n Cabriolet Floral Rosa hoy y benef\u00edciate de la entrega - gratuita Env\u00edo en 24\/48h","breadcrumb":{"@id":"https:\/\/365-housse.com\/es\/productos\/housse-fauteuil-cabriolet-fleurie-rose\/#breadcrumb"},"inLanguage":"es","potentialAction":[{"@type":"ReadAction","target":["https:\/\/365-housse.com\/es\/productos\/housse-fauteuil-cabriolet-fleurie-rose\/"]}]},{"@type":"ImageObject","inLanguage":"es","@id":"https:\/\/365-housse.com\/es\/productos\/housse-fauteuil-cabriolet-fleurie-rose\/#primaryimage","url":"https:\/\/365-housse.com\/wp-content\/uploads\/2023\/06\/housse-fauteuil-cabriolet-fleurie-rose.jpg","contentUrl":"https:\/\/365-housse.com\/wp-content\/uploads\/2023\/06\/housse-fauteuil-cabriolet-fleurie-rose.jpg","width":499,"height":475},{"@type":"BreadcrumbList","@id":"https:\/\/365-housse.com\/es\/productos\/housse-fauteuil-cabriolet-fleurie-rose\/#breadcrumb","itemListElement":[{"@type":"ListItem","position":1,"name":"Accueil","item":"https:\/\/365-housse.com\/es\/"},{"@type":"ListItem","position":2,"name":"Tienda","item":"https:\/\/365-housse.com\/es\/tienda\/"},{"@type":"ListItem","position":3,"name":"Funda sill\u00f3n Cabriolet Floral Rosa"}]},{"@type":"WebSite","@id":"https:\/\/365-housse.com\/es\/#website","url":"https:\/\/365-housse.com\/es\/","name":"Housse de Canap\u00e9","description":"Le N\u00b01 de la Housse","publisher":{"@id":"https:\/\/365-housse.com\/es\/#organization"},"potentialAction":[{"@type":"SearchAction","target":{"@type":"EntryPoint","urlTemplate":"https:\/\/365-housse.com\/es\/?s={search_term_string}"},"query-input":{"@type":"PropertyValueSpecification","valueRequired":true,"valueName":"search_term_string"}}],"inLanguage":"es"},{"@type":"Organization","@id":"https:\/\/365-housse.com\/es\/#organization","name":"Housse de Canap\u00e9","url":"https:\/\/365-housse.com\/es\/","logo":{"@type":"ImageObject","inLanguage":"es","@id":"https:\/\/365-housse.com\/es\/#\/schema\/logo\/image\/","url":"https:\/\/365-housse.com\/wp-content\/uploads\/2023\/06\/LOGO-400-\u00d7-200-px-392-x-134-px-16.png","contentUrl":"https:\/\/365-housse.com\/wp-content\/uploads\/2023\/06\/LOGO-400-\u00d7-200-px-392-x-134-px-16.png","width":392,"height":134,"caption":"Housse de Canap\u00e9"},"image":{"@id":"https:\/\/365-housse.com\/es\/#\/schema\/logo\/image\/"}}]}},"_links":{"self":[{"href":"https:\/\/365-housse.com\/es\/wp-json\/wp\/v2\/product\/17993"}],"collection":[{"href":"https:\/\/365-housse.com\/es\/wp-json\/wp\/v2\/product"}],"about":[{"href":"https:\/\/365-housse.com\/es\/wp-json\/wp\/v2\/types\/product"}],"replies":[{"embeddable":true,"href":"https:\/\/365-housse.com\/es\/wp-json\/wp\/v2\/comments?post=17993"}],"wp:featuredmedia":[{"embeddable":true,"href":"https:\/\/365-housse.com\/es\/wp-json\/wp\/v2\/media\/17412"}],"wp:attachment":[{"href":"https:\/\/365-housse.com\/es\/wp-json\/wp\/v2\/media?parent=17993"}],"wp:term":[{"taxonomy":"product_cat","embeddable":true,"href":"https:\/\/365-housse.com\/es\/wp-json\/wp\/v2\/product_cat?post=17993"},{"taxonomy":"product_tag","embeddable":true,"href":"https:\/\/365-housse.com\/es\/wp-json\/wp\/v2\/product_tag?post=17993"}],"curies":[{"name":"wp","href":"https:\/\/api.w.org\/{rel}","templated":true}]}}