{"id":17997,"date":"2023-06-12T08:44:54","date_gmt":"2023-06-12T08:44:54","guid":{"rendered":"https:\/\/365-housse.com\/products\/housse-fauteuil-cabriolet-tropicale-bleue\/"},"modified":"2024-09-17T14:53:28","modified_gmt":"2024-09-17T14:53:28","slug":"housse-fauteuil-cabriolet-tropicale-bleue","status":"publish","type":"product","link":"https:\/\/365-housse.com\/es\/productos\/housse-fauteuil-cabriolet-tropicale-bleue\/","title":{"rendered":"Funda sill\u00f3n Cabriolet Tropical Azul"},"content":{"rendered":"<h2 data-mce-fragment=\"1\" data-pm-slice=\"1 1 []\">Dale estilo a tu sill\u00f3n vintage eligiendo esta <strong data-mce-fragment=\"1\">Funda para Sill\u00f3n Cabriolet Azul Tropical <\/strong>. Con un fondo azul y un dise\u00f1o elegante con hojas tropicales doradas, quedar\u00e1 como en casa en los muebles de su dormitorio, sala de estar o jard\u00edn. Fabricado en poli\u00e9ster, se adapta a sillas convertibles de tama\u00f1o est\u00e1ndar.<\/h2>\n<h3>Ventajas de la Funda Sill\u00f3n Convertible Tropical Azul:<\/h3>\n<ul>\n<li>F\u00e1cil instalaci\u00f3n y mantenimiento gracias a las caracter\u00edsticas el\u00e1sticas de nuestras Fundas para Sillones Convertibles.<\/li>\n<li>Aporta un aspecto elegante y refinado a tu decoraci\u00f3n interior.<\/li>\n<li>Protege tu silla contra manchas, desgaste, etc.<\/li>\n<li>Fabricado con textiles de primera calidad.<\/li>\n<\/ul>\n<p><strong>Caracter\u00edsticas: <\/strong><\/p>\n<ul>\n<li>Composici\u00f3n: <strong>Poli\u00e9ster + Spandex<\/strong><\/li>\n<li>Tecnolog\u00eda de impresi\u00f3n de alto rendimiento para una extraordinaria resistencia del color a la luz y al lavado.<\/li>\n<li>Propiedades el\u00e1sticas para un ajuste perfecto.<\/li>\n<li>Acabados precisos y cuidados.<\/li>\n<li>Lavable a m\u00e1quina.<\/li>\n<\/ul>\n<p><strong>Gu\u00eda de tallas: <\/strong><\/p>\n<p><img decoding=\"async\" alt=\"taille-housse-armchair-cabriolet\" data-mce-src=\"https:\/\/365-housse.com\/wp-content\/uploads\/2023\/06\/guide-des-tailles-housse -fauteuil-cabriolet_480x480.jpg?v=1625156093\" data-mce-style=\"pantalla: bloque; margen izquierdo: autom\u00e1tico; margen derecho: autom\u00e1tico;\" height=\"397\" src=\"https:\/\/365-housse.com\/wp-content\/uploads\/2023\/06\/guide-des-tailles-housse-fauteuil-cabriolet_480x480.jpg?v=1625156093\" \/><\/p>\n<p>Nuestras Fundas para Sill\u00f3n Convertibles se adaptan a muchos sillones: <\/p>\n<p><img decoding=\"async\" alt=\"housse-fauteuil-cabriolet\" data-mce-src=\"https:\/\/365-housse.com\/wp-content\/uploads\/2023\/06\/housse-fauteuil-cabriolet_480x480.png?v =1625156140\" data-mce-style=\"pantalla: bloque; margen izquierdo: autom\u00e1tico; margen derecho: autom\u00e1tico;\" height=\"336\" src=\"https:\/\/365-housse.com\/wp-content\/uploads\/2023\/06\/housse-fauteuil-cabriolet_480x480.png?v=1625156140\" style=\"margin-left: auto\" \/><\/p>\n<\/p>\n<div>\n<span><\/span>\n<\/div>\n<div>\n<p><img decoding=\"async\" alt=\"\" data-mce-src=\"https:\/\/365-housse.com\/wp-content\/uploads\/2023\/06\/guide-installation-fauteuil-cabriolet_480x480.jpg?v=1625309321\" data-mce-style=\"display: bloque; margen izquierdo: autom\u00e1tico; margen derecho: autom\u00e1tico;\" src=\"https:\/\/365-housse.com\/wp-content\/uploads\/2023\/06\/guide-installation-fauteuil-cabriolet_480x480.jpg?v=1625309321\" \/><\/p>\n<p>El resultado: <\/p>\n<div><img decoding=\"async\" alt=\"\" data-mce-src=\"https:\/\/365-housse.com\/wp-content\/uploads\/2023\/06\/Capture_d_ecran_2021-07-03_a_12.47.28_480x480.png?v=1625309376 \" data-mce-style=\"display: block; margen izquierdo: auto; margen derecho: auto;\" src=\"https:\/\/365-housse.com\/wp-content\/uploads\/2023\/06\/Capture_d_ecran_2021-07-03_a_12.47.28_480x480.png?v=1625309376\" \/><span data-mce-fragment=\"1\">Si buscas otros modelos, visita nuestra colecci\u00f3n<\/span><a data-mce-fragment=\"1\" data-mce-href=\" \/?product_cat=cousse-fauteuil-cabriolet\" href=\"https:\/\/365-housse.com\/es\/collections\/funda-de-sillon-cabriolet\/\" rel=\"noopener\" target=\"_blank\" title=\"Portada Sill\u00f3n Cabriolet\"><strong data-mce-fragment=\"1\">Funda Sill\u00f3n Cabriolet<\/strong><\/a><span data-mce-fragment=\"1\">. Ofrecemos una amplia gama de fundas protectoras para proteger y alargar la vida \u00fatil de sus muebles. Descubra por ejemplo este encantador <\/span><\/p>\n<div>\n<p>Si est\u00e1s buscando una <strong>funda de sill\u00f3n convertible<\/strong> con un <strong>estampado floral rosa<\/strong>, \u00a1no busques m\u00e1s! Descubra nuestra selecci\u00f3n de <a href=\"https:\/\/365-housse.com\/es\/products\/housse-fauteuil-cabriolet-florale-rose\/\" rel=\"noopener noreferrer\" target=\"_blank\" title=\"Funda para sill\u00f3n Cabriolet Floral Rosa.\"><strong>\u00a1Fundas de sill\u00f3n convertible florales y coloridas<\/strong><\/a>! Si no encuentras la funda adecuada para tu sill\u00f3n, te aconsejamos que eches un vistazo a nuestra colecci\u00f3n <a data-mce-fragment=\"1\" data-mce-href=\"\/?product_cat=funda sill\u00f3n\" href=\"https:\/\/365-housse.com\/es\/collections\/funda-de-sillon\/\" rel=\"noopener\" target=\"_blank\" title=\"Funda para sill\u00f3n\"><strong>Funda para sill\u00f3n<\/strong><\/ a>.<\/p>\n<\/div>\n","protected":false},"excerpt":{"rendered":"<p>Dale estilo a tu sill\u00f3n vintage eligiendo esta Funda para Sill\u00f3n Cabriolet Azul Tropical . Con un fondo azul y un dise\u00f1o elegante con hojas tropicales doradas, quedar\u00e1 como en casa en los muebles de su dormitorio, sala de estar o jard\u00edn. Fabricado en poli\u00e9ster, se adapta a sillas convertibles de tama\u00f1o est\u00e1ndar. Ventajas de [&hellip;]<\/p>\n","protected":false},"featured_media":17410,"comment_status":"open","ping_status":"closed","template":"","meta":[],"product_cat":[160,161],"product_tag":[],"class_list":{"0":"post-17997","1":"product","2":"type-product","3":"status-publish","4":"has-post-thumbnail","6":"product_cat-funda-de-sillon-cabriolet","7":"product_cat-portada-interior","9":"first","10":"instock","11":"shipping-taxable","12":"purchasable","13":"product-type-simple"},"yoast_head":"<title>Funda sill\u00f3n Cabriolet Tropical Azul en entrega - gratis Ahorra un 30% en tu pedido<\/title>\n<meta name=\"description\" content=\"Recibe tu Funda sill\u00f3n Cabriolet Tropical Azul hoy y benef\u00edciate de la entrega - gratuita Env\u00edo en 24\/48h\" \/>\n<meta name=\"robots\" content=\"index, follow, max-snippet:-1, max-image-preview:large, max-video-preview:-1\" \/>\n<link rel=\"canonical\" href=\"https:\/\/365-housse.com\/es\/productos\/housse-fauteuil-cabriolet-tropicale-bleue\/\" \/>\n<meta property=\"og:locale\" content=\"es_ES\" \/>\n<meta property=\"og:type\" content=\"article\" \/>\n<meta property=\"og:title\" content=\"Funda sill\u00f3n Cabriolet Tropical Azul en entrega - gratis Ahorra un 30% en tu pedido\" \/>\n<meta property=\"og:description\" content=\"Recibe tu Funda sill\u00f3n Cabriolet Tropical Azul hoy y benef\u00edciate de la entrega - gratuita Env\u00edo en 24\/48h\" \/>\n<meta property=\"og:url\" content=\"https:\/\/365-housse.com\/es\/productos\/housse-fauteuil-cabriolet-tropicale-bleue\/\" \/>\n<meta property=\"og:site_name\" content=\"Housse de Canap\u00e9\" \/>\n<meta property=\"article:modified_time\" content=\"2024-09-17T14:53:28+00:00\" \/>\n<meta property=\"og:image\" content=\"https:\/\/365-housse.com\/wp-content\/uploads\/2023\/06\/housse-fauteuil-cabriolet-tropicale-bleue.jpg\" \/>\n\t<meta property=\"og:image:width\" content=\"496\" \/>\n\t<meta property=\"og:image:height\" content=\"471\" \/>\n\t<meta property=\"og:image:type\" content=\"image\/jpeg\" \/>\n<meta name=\"twitter:card\" content=\"summary_large_image\" \/>\n<meta name=\"twitter:label1\" content=\"Tiempo de lectura\" \/>\n\t<meta name=\"twitter:data1\" content=\"1 minuto\" \/>\n<script type=\"application\/ld+json\" class=\"yoast-schema-graph\">{\"@context\":\"https:\/\/schema.org\",\"@graph\":[{\"@type\":\"WebPage\",\"@id\":\"https:\/\/365-housse.com\/es\/productos\/housse-fauteuil-cabriolet-tropicale-bleue\/\",\"url\":\"https:\/\/365-housse.com\/es\/productos\/housse-fauteuil-cabriolet-tropicale-bleue\/\",\"name\":\"Funda sill\u00f3n Cabriolet Tropical Azul en entrega - gratis Ahorra un 30% en tu pedido\",\"isPartOf\":{\"@id\":\"https:\/\/365-housse.com\/es\/#website\"},\"primaryImageOfPage\":{\"@id\":\"https:\/\/365-housse.com\/es\/productos\/housse-fauteuil-cabriolet-tropicale-bleue\/#primaryimage\"},\"image\":{\"@id\":\"https:\/\/365-housse.com\/es\/productos\/housse-fauteuil-cabriolet-tropicale-bleue\/#primaryimage\"},\"thumbnailUrl\":\"https:\/\/365-housse.com\/wp-content\/uploads\/2023\/06\/housse-fauteuil-cabriolet-tropicale-bleue.jpg\",\"datePublished\":\"2023-06-12T08:44:54+00:00\",\"dateModified\":\"2024-09-17T14:53:28+00:00\",\"description\":\"Recibe tu Funda sill\u00f3n Cabriolet Tropical Azul hoy y benef\u00edciate de la entrega - gratuita Env\u00edo en 24\/48h\",\"breadcrumb\":{\"@id\":\"https:\/\/365-housse.com\/es\/productos\/housse-fauteuil-cabriolet-tropicale-bleue\/#breadcrumb\"},\"inLanguage\":\"es\",\"potentialAction\":[{\"@type\":\"ReadAction\",\"target\":[\"https:\/\/365-housse.com\/es\/productos\/housse-fauteuil-cabriolet-tropicale-bleue\/\"]}]},{\"@type\":\"ImageObject\",\"inLanguage\":\"es\",\"@id\":\"https:\/\/365-housse.com\/es\/productos\/housse-fauteuil-cabriolet-tropicale-bleue\/#primaryimage\",\"url\":\"https:\/\/365-housse.com\/wp-content\/uploads\/2023\/06\/housse-fauteuil-cabriolet-tropicale-bleue.jpg\",\"contentUrl\":\"https:\/\/365-housse.com\/wp-content\/uploads\/2023\/06\/housse-fauteuil-cabriolet-tropicale-bleue.jpg\",\"width\":496,\"height\":471},{\"@type\":\"BreadcrumbList\",\"@id\":\"https:\/\/365-housse.com\/es\/productos\/housse-fauteuil-cabriolet-tropicale-bleue\/#breadcrumb\",\"itemListElement\":[{\"@type\":\"ListItem\",\"position\":1,\"name\":\"Accueil\",\"item\":\"https:\/\/365-housse.com\/es\/\"},{\"@type\":\"ListItem\",\"position\":2,\"name\":\"Tienda\",\"item\":\"https:\/\/365-housse.com\/es\/tienda\/\"},{\"@type\":\"ListItem\",\"position\":3,\"name\":\"Funda sill\u00f3n Cabriolet Tropical Azul\"}]},{\"@type\":\"WebSite\",\"@id\":\"https:\/\/365-housse.com\/es\/#website\",\"url\":\"https:\/\/365-housse.com\/es\/\",\"name\":\"Housse de Canap\u00e9\",\"description\":\"Le N\u00b01 de la Housse\",\"publisher\":{\"@id\":\"https:\/\/365-housse.com\/es\/#organization\"},\"potentialAction\":[{\"@type\":\"SearchAction\",\"target\":{\"@type\":\"EntryPoint\",\"urlTemplate\":\"https:\/\/365-housse.com\/es\/?s={search_term_string}\"},\"query-input\":{\"@type\":\"PropertyValueSpecification\",\"valueRequired\":true,\"valueName\":\"search_term_string\"}}],\"inLanguage\":\"es\"},{\"@type\":\"Organization\",\"@id\":\"https:\/\/365-housse.com\/es\/#organization\",\"name\":\"Housse de Canap\u00e9\",\"url\":\"https:\/\/365-housse.com\/es\/\",\"logo\":{\"@type\":\"ImageObject\",\"inLanguage\":\"es\",\"@id\":\"https:\/\/365-housse.com\/es\/#\/schema\/logo\/image\/\",\"url\":\"https:\/\/365-housse.com\/wp-content\/uploads\/2023\/06\/LOGO-400-\u00d7-200-px-392-x-134-px-16.png\",\"contentUrl\":\"https:\/\/365-housse.com\/wp-content\/uploads\/2023\/06\/LOGO-400-\u00d7-200-px-392-x-134-px-16.png\",\"width\":392,\"height\":134,\"caption\":\"Housse de Canap\u00e9\"},\"image\":{\"@id\":\"https:\/\/365-housse.com\/es\/#\/schema\/logo\/image\/\"}}]}<\/script>","yoast_head_json":{"title":"Funda sill\u00f3n Cabriolet Tropical Azul en entrega - gratis Ahorra un 30% en tu pedido","description":"Recibe tu Funda sill\u00f3n Cabriolet Tropical Azul hoy y benef\u00edciate de la entrega - gratuita Env\u00edo en 24\/48h","robots":{"index":"index","follow":"follow","max-snippet":"max-snippet:-1","max-image-preview":"max-image-preview:large","max-video-preview":"max-video-preview:-1"},"canonical":"https:\/\/365-housse.com\/es\/productos\/housse-fauteuil-cabriolet-tropicale-bleue\/","og_locale":"es_ES","og_type":"article","og_title":"Funda sill\u00f3n Cabriolet Tropical Azul en entrega - gratis Ahorra un 30% en tu pedido","og_description":"Recibe tu Funda sill\u00f3n Cabriolet Tropical Azul hoy y benef\u00edciate de la entrega - gratuita Env\u00edo en 24\/48h","og_url":"https:\/\/365-housse.com\/es\/productos\/housse-fauteuil-cabriolet-tropicale-bleue\/","og_site_name":"Housse de Canap\u00e9","article_modified_time":"2024-09-17T14:53:28+00:00","og_image":[{"width":496,"height":471,"url":"https:\/\/365-housse.com\/wp-content\/uploads\/2023\/06\/housse-fauteuil-cabriolet-tropicale-bleue.jpg","type":"image\/jpeg"}],"twitter_card":"summary_large_image","twitter_misc":{"Tiempo de lectura":"1 minuto"},"schema":{"@context":"https:\/\/schema.org","@graph":[{"@type":"WebPage","@id":"https:\/\/365-housse.com\/es\/productos\/housse-fauteuil-cabriolet-tropicale-bleue\/","url":"https:\/\/365-housse.com\/es\/productos\/housse-fauteuil-cabriolet-tropicale-bleue\/","name":"Funda sill\u00f3n Cabriolet Tropical Azul en entrega - gratis Ahorra un 30% en tu pedido","isPartOf":{"@id":"https:\/\/365-housse.com\/es\/#website"},"primaryImageOfPage":{"@id":"https:\/\/365-housse.com\/es\/productos\/housse-fauteuil-cabriolet-tropicale-bleue\/#primaryimage"},"image":{"@id":"https:\/\/365-housse.com\/es\/productos\/housse-fauteuil-cabriolet-tropicale-bleue\/#primaryimage"},"thumbnailUrl":"https:\/\/365-housse.com\/wp-content\/uploads\/2023\/06\/housse-fauteuil-cabriolet-tropicale-bleue.jpg","datePublished":"2023-06-12T08:44:54+00:00","dateModified":"2024-09-17T14:53:28+00:00","description":"Recibe tu Funda sill\u00f3n Cabriolet Tropical Azul hoy y benef\u00edciate de la entrega - gratuita Env\u00edo en 24\/48h","breadcrumb":{"@id":"https:\/\/365-housse.com\/es\/productos\/housse-fauteuil-cabriolet-tropicale-bleue\/#breadcrumb"},"inLanguage":"es","potentialAction":[{"@type":"ReadAction","target":["https:\/\/365-housse.com\/es\/productos\/housse-fauteuil-cabriolet-tropicale-bleue\/"]}]},{"@type":"ImageObject","inLanguage":"es","@id":"https:\/\/365-housse.com\/es\/productos\/housse-fauteuil-cabriolet-tropicale-bleue\/#primaryimage","url":"https:\/\/365-housse.com\/wp-content\/uploads\/2023\/06\/housse-fauteuil-cabriolet-tropicale-bleue.jpg","contentUrl":"https:\/\/365-housse.com\/wp-content\/uploads\/2023\/06\/housse-fauteuil-cabriolet-tropicale-bleue.jpg","width":496,"height":471},{"@type":"BreadcrumbList","@id":"https:\/\/365-housse.com\/es\/productos\/housse-fauteuil-cabriolet-tropicale-bleue\/#breadcrumb","itemListElement":[{"@type":"ListItem","position":1,"name":"Accueil","item":"https:\/\/365-housse.com\/es\/"},{"@type":"ListItem","position":2,"name":"Tienda","item":"https:\/\/365-housse.com\/es\/tienda\/"},{"@type":"ListItem","position":3,"name":"Funda sill\u00f3n Cabriolet Tropical Azul"}]},{"@type":"WebSite","@id":"https:\/\/365-housse.com\/es\/#website","url":"https:\/\/365-housse.com\/es\/","name":"Housse de Canap\u00e9","description":"Le N\u00b01 de la Housse","publisher":{"@id":"https:\/\/365-housse.com\/es\/#organization"},"potentialAction":[{"@type":"SearchAction","target":{"@type":"EntryPoint","urlTemplate":"https:\/\/365-housse.com\/es\/?s={search_term_string}"},"query-input":{"@type":"PropertyValueSpecification","valueRequired":true,"valueName":"search_term_string"}}],"inLanguage":"es"},{"@type":"Organization","@id":"https:\/\/365-housse.com\/es\/#organization","name":"Housse de Canap\u00e9","url":"https:\/\/365-housse.com\/es\/","logo":{"@type":"ImageObject","inLanguage":"es","@id":"https:\/\/365-housse.com\/es\/#\/schema\/logo\/image\/","url":"https:\/\/365-housse.com\/wp-content\/uploads\/2023\/06\/LOGO-400-\u00d7-200-px-392-x-134-px-16.png","contentUrl":"https:\/\/365-housse.com\/wp-content\/uploads\/2023\/06\/LOGO-400-\u00d7-200-px-392-x-134-px-16.png","width":392,"height":134,"caption":"Housse de Canap\u00e9"},"image":{"@id":"https:\/\/365-housse.com\/es\/#\/schema\/logo\/image\/"}}]}},"_links":{"self":[{"href":"https:\/\/365-housse.com\/es\/wp-json\/wp\/v2\/product\/17997"}],"collection":[{"href":"https:\/\/365-housse.com\/es\/wp-json\/wp\/v2\/product"}],"about":[{"href":"https:\/\/365-housse.com\/es\/wp-json\/wp\/v2\/types\/product"}],"replies":[{"embeddable":true,"href":"https:\/\/365-housse.com\/es\/wp-json\/wp\/v2\/comments?post=17997"}],"wp:featuredmedia":[{"embeddable":true,"href":"https:\/\/365-housse.com\/es\/wp-json\/wp\/v2\/media\/17410"}],"wp:attachment":[{"href":"https:\/\/365-housse.com\/es\/wp-json\/wp\/v2\/media?parent=17997"}],"wp:term":[{"taxonomy":"product_cat","embeddable":true,"href":"https:\/\/365-housse.com\/es\/wp-json\/wp\/v2\/product_cat?post=17997"},{"taxonomy":"product_tag","embeddable":true,"href":"https:\/\/365-housse.com\/es\/wp-json\/wp\/v2\/product_tag?post=17997"}],"curies":[{"name":"wp","href":"https:\/\/api.w.org\/{rel}","templated":true}]}}