{"id":18036,"date":"2023-06-12T08:44:29","date_gmt":"2023-06-12T08:44:29","guid":{"rendered":"https:\/\/365-housse.com\/products\/housse-fauteuil-cabriolet-velours-gris\/"},"modified":"2024-09-17T14:53:53","modified_gmt":"2024-09-17T14:53:53","slug":"housse-fauteuil-cabriolet-velours-gris","status":"publish","type":"product","link":"https:\/\/365-housse.com\/es\/productos\/housse-fauteuil-cabriolet-velours-gris\/","title":{"rendered":"Funda Sill\u00f3n Cabriolet Terciopelo Gris"},"content":{"rendered":"<h2>\u00a1Transforma tu interior con la funda de sill\u00f3n convertible de terciopelo gris! Un estilo refinado para un cambio de decoraci\u00f3n.<\/h2>\n<h3>A\u00f1ade un ambiente c\u00e1lido y acogedor con la funda de sill\u00f3n convertible Terciopelo Gris:<\/h3>\n<ul>\n<li>\n<p>Instalaci\u00f3n f\u00e1cil y r\u00e1pida: <span data-mce-fragment=\"1\">Las caracter\u00edsticas el\u00e1sticas de nuestras fundas para sillones convertibles garantizan<\/span><strong data-mce-fragment=\"1\">un ajuste c\u00f3modo. ajuste \u00f3ptimo<\/strong><span data-mce-fragment=\"1\">y buena retenci\u00f3n.<\/span><\/p>\n<\/li>\n<li>\n<p>La funda aporta sofisticaci\u00f3n y elegancia a tu decoraci\u00f3n interior<\/p>\n<\/li>\n<li>\n<p>Protege perfectamente contra manchas, desgaste, etc.<\/p>\n<\/li>\n<li>Fabricado con materiales de primera calidad<\/li>\n<\/ul>\n<p><strong>Caracter\u00edsticas: <\/strong><\/p>\n<ul>\n<li>\n<p>Composici\u00f3n:<span> <\/span><strong>Peluche de terciopelo el\u00e1stico<\/strong><\/p>\n<\/li>\n<li>\n<p>Tecnolog\u00eda de impresi\u00f3n de alto rendimiento<span> <\/span><strong>para una excepcional solidez del color a la luz y al lavado<\/p>\n<\/li>\n<li>\n<p>Propiedades el\u00e1sticas que garantizan un<span> <\/span><strong>ajuste perfecto<\/strong><span> <\/span>y que persiste en el tiempo<\/p>\n<\/li>\n<li>\n<p>Acabados detallados<span> <\/span><strong><\/strong><span> <\/span> y <span> <\/span><strong>chic<\/strong><\/p>\n<\/li>\n<li>\n<p>Lavable a m\u00e1quina<\/p>\n<\/li>\n<\/ul>\n<p><strong>Gu\u00eda de tallas: <\/strong><\/p>\n<p><img fetchpriority=\"high\" decoding=\"async\" alt=\"taille-housse-armchair-cabriolet\" height=\"397\" src=\"https:\/\/365-housse.com\/wp-content\/uploads\/2023\/06\/guide-des-taililles- funda-sill\u00f3n-cabriolet_480x480.jpg?v=1625156093\" style=\"margin-left: auto;margin-right: auto\" width=\"397\" \/><\/p>\n<p><span>Nuestras fundas para sillones convertibles son universales y se adaptan a varios sillones:<\/span><\/p>\n<p><span><img decoding=\"async\" alt=\"housse-fauteuil-cabriolet\" height=\"336\" src=\"https:\/\/365-housse.com\/wp-content\/uploads\/2023\/06\/housse-fauteuil-cabriolet_480x480 .png?v=1625156140\" style=\"margin-left: auto;margin-right: auto\" width=\"336\" \/><\/span><\/p>\n<\/p>\n<div><span><\/span><\/div>\n<div><span><\/span><\/div>\n<div>\n<p><span><img decoding=\"async\" alt=\"\" src=\"https:\/\/365-housse.com\/wp-content\/uploads\/2023\/06\/guide-installation-fauteuil-cabriolet_480x480.jpg?v=1625309321\" \/><\/span><\/p>\n<p>Vea la diferencia Antes\/Despu\u00e9s:<\/p>\n<div><span><img decoding=\"async\" alt=\"\" src=\"https:\/\/365-housse.com\/wp-content\/uploads\/2023\/06\/Capture_d_ecran_2021-07-03_a_12.47.28_480x480.png?v=1625309376\" \/><\/span><\/div>\n<div><span>El gris combina f\u00e1cilmente con diferentes estilos de decoraci\u00f3n. Si optas por esta <a href=\"https:\/\/365-housse.com\/es\/collections\/funda-de-sillon-cabriolet\/\" rel=\"noopener\" target=\"_blank\" title=\"Funda Sill\u00f3n Cabrio\"><strong>Funda Sill\u00f3n Cabrio<\/strong><\/a>, no tendr\u00e1s problema en elegir el color perfecto para tu <a href=\"https:\/\/365-housse.com\/es\/collections\/funda- para- silla-escandinava\/\" rel=\"noopener\" target=\"_blank\" title=\"Fundas para sillas escandinavas\"><strong>Fundas para sillas escandinavas<\/strong><\/a>, por ejemplo. Si prefieres colores m\u00e1s vivos, puedes optar por este\u00a0<a href=\"https:\/\/365-housse.com\/es\/products\/housse-fauteuil-cabriolet-velours-violet\/\" rel=\"noopener\" target=\"_blank \" title=\"Funda para sill\u00f3n convertible de terciopelo morado\"><strong>Funda para sill\u00f3n convertible de terciopelo morado<\/strong><\/a>.<\/span><\/div>\n<\/div>\n","protected":false},"excerpt":{"rendered":"<p>\u00a1Transforma tu interior con la funda de sill\u00f3n convertible de terciopelo gris! Un estilo refinado para un cambio de decoraci\u00f3n. A\u00f1ade un ambiente c\u00e1lido y acogedor con la funda de sill\u00f3n convertible Terciopelo Gris: Instalaci\u00f3n f\u00e1cil y r\u00e1pida: Las caracter\u00edsticas el\u00e1sticas de nuestras fundas para sillones convertibles garantizanun ajuste c\u00f3modo. ajuste \u00f3ptimoy buena retenci\u00f3n. La [&hellip;]<\/p>\n","protected":false},"featured_media":17335,"comment_status":"open","ping_status":"closed","template":"","meta":[],"product_cat":[160,161],"product_tag":[200],"class_list":{"0":"post-18036","1":"product","2":"type-product","3":"status-publish","4":"has-post-thumbnail","6":"product_cat-funda-de-sillon-cabriolet","7":"product_cat-portada-interior","8":"product_tag-fauteuil-es","10":"first","11":"instock","12":"shipping-taxable","13":"purchasable","14":"product-type-simple"},"yoast_head":"<title>Funda Sill\u00f3n Cabriolet Terciopelo Gris en entrega - gratis Ahorra un 30% en tu pedido<\/title>\n<meta name=\"description\" content=\"Recibe tu Funda Sill\u00f3n Cabriolet Terciopelo Gris hoy y benef\u00edciate de la entrega - gratuita Env\u00edo en 24\/48h\" \/>\n<meta name=\"robots\" content=\"index, follow, max-snippet:-1, max-image-preview:large, max-video-preview:-1\" \/>\n<link rel=\"canonical\" href=\"https:\/\/365-housse.com\/es\/productos\/housse-fauteuil-cabriolet-velours-gris\/\" \/>\n<meta property=\"og:locale\" content=\"es_ES\" \/>\n<meta property=\"og:type\" content=\"article\" \/>\n<meta property=\"og:title\" content=\"Funda Sill\u00f3n Cabriolet Terciopelo Gris en entrega - gratis Ahorra un 30% en tu pedido\" \/>\n<meta property=\"og:description\" content=\"Recibe tu Funda Sill\u00f3n Cabriolet Terciopelo Gris hoy y benef\u00edciate de la entrega - gratuita Env\u00edo en 24\/48h\" \/>\n<meta property=\"og:url\" content=\"https:\/\/365-housse.com\/es\/productos\/housse-fauteuil-cabriolet-velours-gris\/\" \/>\n<meta property=\"og:site_name\" content=\"Housse de Canap\u00e9\" \/>\n<meta property=\"article:modified_time\" content=\"2024-09-17T14:53:53+00:00\" \/>\n<meta property=\"og:image\" content=\"https:\/\/365-housse.com\/wp-content\/uploads\/2023\/06\/housse-fauteuil-cabriolet-velours-gris.png\" \/>\n\t<meta property=\"og:image:width\" content=\"500\" \/>\n\t<meta property=\"og:image:height\" content=\"499\" \/>\n\t<meta property=\"og:image:type\" content=\"image\/png\" \/>\n<meta name=\"twitter:card\" content=\"summary_large_image\" \/>\n<meta name=\"twitter:label1\" content=\"Tiempo de lectura\" \/>\n\t<meta name=\"twitter:data1\" content=\"1 minuto\" \/>\n<script type=\"application\/ld+json\" class=\"yoast-schema-graph\">{\"@context\":\"https:\/\/schema.org\",\"@graph\":[{\"@type\":\"WebPage\",\"@id\":\"https:\/\/365-housse.com\/es\/productos\/housse-fauteuil-cabriolet-velours-gris\/\",\"url\":\"https:\/\/365-housse.com\/es\/productos\/housse-fauteuil-cabriolet-velours-gris\/\",\"name\":\"Funda Sill\u00f3n Cabriolet Terciopelo Gris en entrega - gratis Ahorra un 30% en tu pedido\",\"isPartOf\":{\"@id\":\"https:\/\/365-housse.com\/es\/#website\"},\"primaryImageOfPage\":{\"@id\":\"https:\/\/365-housse.com\/es\/productos\/housse-fauteuil-cabriolet-velours-gris\/#primaryimage\"},\"image\":{\"@id\":\"https:\/\/365-housse.com\/es\/productos\/housse-fauteuil-cabriolet-velours-gris\/#primaryimage\"},\"thumbnailUrl\":\"https:\/\/365-housse.com\/wp-content\/uploads\/2023\/06\/housse-fauteuil-cabriolet-velours-gris.png\",\"datePublished\":\"2023-06-12T08:44:29+00:00\",\"dateModified\":\"2024-09-17T14:53:53+00:00\",\"description\":\"Recibe tu Funda Sill\u00f3n Cabriolet Terciopelo Gris hoy y benef\u00edciate de la entrega - gratuita Env\u00edo en 24\/48h\",\"breadcrumb\":{\"@id\":\"https:\/\/365-housse.com\/es\/productos\/housse-fauteuil-cabriolet-velours-gris\/#breadcrumb\"},\"inLanguage\":\"es\",\"potentialAction\":[{\"@type\":\"ReadAction\",\"target\":[\"https:\/\/365-housse.com\/es\/productos\/housse-fauteuil-cabriolet-velours-gris\/\"]}]},{\"@type\":\"ImageObject\",\"inLanguage\":\"es\",\"@id\":\"https:\/\/365-housse.com\/es\/productos\/housse-fauteuil-cabriolet-velours-gris\/#primaryimage\",\"url\":\"https:\/\/365-housse.com\/wp-content\/uploads\/2023\/06\/housse-fauteuil-cabriolet-velours-gris.png\",\"contentUrl\":\"https:\/\/365-housse.com\/wp-content\/uploads\/2023\/06\/housse-fauteuil-cabriolet-velours-gris.png\",\"width\":500,\"height\":499},{\"@type\":\"BreadcrumbList\",\"@id\":\"https:\/\/365-housse.com\/es\/productos\/housse-fauteuil-cabriolet-velours-gris\/#breadcrumb\",\"itemListElement\":[{\"@type\":\"ListItem\",\"position\":1,\"name\":\"Accueil\",\"item\":\"https:\/\/365-housse.com\/es\/\"},{\"@type\":\"ListItem\",\"position\":2,\"name\":\"Tienda\",\"item\":\"https:\/\/365-housse.com\/es\/tienda\/\"},{\"@type\":\"ListItem\",\"position\":3,\"name\":\"Funda Sill\u00f3n Cabriolet Terciopelo Gris\"}]},{\"@type\":\"WebSite\",\"@id\":\"https:\/\/365-housse.com\/es\/#website\",\"url\":\"https:\/\/365-housse.com\/es\/\",\"name\":\"Housse de Canap\u00e9\",\"description\":\"Le N\u00b01 de la Housse\",\"publisher\":{\"@id\":\"https:\/\/365-housse.com\/es\/#organization\"},\"potentialAction\":[{\"@type\":\"SearchAction\",\"target\":{\"@type\":\"EntryPoint\",\"urlTemplate\":\"https:\/\/365-housse.com\/es\/?s={search_term_string}\"},\"query-input\":{\"@type\":\"PropertyValueSpecification\",\"valueRequired\":true,\"valueName\":\"search_term_string\"}}],\"inLanguage\":\"es\"},{\"@type\":\"Organization\",\"@id\":\"https:\/\/365-housse.com\/es\/#organization\",\"name\":\"Housse de Canap\u00e9\",\"url\":\"https:\/\/365-housse.com\/es\/\",\"logo\":{\"@type\":\"ImageObject\",\"inLanguage\":\"es\",\"@id\":\"https:\/\/365-housse.com\/es\/#\/schema\/logo\/image\/\",\"url\":\"https:\/\/365-housse.com\/wp-content\/uploads\/2023\/06\/LOGO-400-\u00d7-200-px-392-x-134-px-16.png\",\"contentUrl\":\"https:\/\/365-housse.com\/wp-content\/uploads\/2023\/06\/LOGO-400-\u00d7-200-px-392-x-134-px-16.png\",\"width\":392,\"height\":134,\"caption\":\"Housse de Canap\u00e9\"},\"image\":{\"@id\":\"https:\/\/365-housse.com\/es\/#\/schema\/logo\/image\/\"}}]}<\/script>","yoast_head_json":{"title":"Funda Sill\u00f3n Cabriolet Terciopelo Gris en entrega - gratis Ahorra un 30% en tu pedido","description":"Recibe tu Funda Sill\u00f3n Cabriolet Terciopelo Gris hoy y benef\u00edciate de la entrega - gratuita Env\u00edo en 24\/48h","robots":{"index":"index","follow":"follow","max-snippet":"max-snippet:-1","max-image-preview":"max-image-preview:large","max-video-preview":"max-video-preview:-1"},"canonical":"https:\/\/365-housse.com\/es\/productos\/housse-fauteuil-cabriolet-velours-gris\/","og_locale":"es_ES","og_type":"article","og_title":"Funda Sill\u00f3n Cabriolet Terciopelo Gris en entrega - gratis Ahorra un 30% en tu pedido","og_description":"Recibe tu Funda Sill\u00f3n Cabriolet Terciopelo Gris hoy y benef\u00edciate de la entrega - gratuita Env\u00edo en 24\/48h","og_url":"https:\/\/365-housse.com\/es\/productos\/housse-fauteuil-cabriolet-velours-gris\/","og_site_name":"Housse de Canap\u00e9","article_modified_time":"2024-09-17T14:53:53+00:00","og_image":[{"width":500,"height":499,"url":"https:\/\/365-housse.com\/wp-content\/uploads\/2023\/06\/housse-fauteuil-cabriolet-velours-gris.png","type":"image\/png"}],"twitter_card":"summary_large_image","twitter_misc":{"Tiempo de lectura":"1 minuto"},"schema":{"@context":"https:\/\/schema.org","@graph":[{"@type":"WebPage","@id":"https:\/\/365-housse.com\/es\/productos\/housse-fauteuil-cabriolet-velours-gris\/","url":"https:\/\/365-housse.com\/es\/productos\/housse-fauteuil-cabriolet-velours-gris\/","name":"Funda Sill\u00f3n Cabriolet Terciopelo Gris en entrega - gratis Ahorra un 30% en tu pedido","isPartOf":{"@id":"https:\/\/365-housse.com\/es\/#website"},"primaryImageOfPage":{"@id":"https:\/\/365-housse.com\/es\/productos\/housse-fauteuil-cabriolet-velours-gris\/#primaryimage"},"image":{"@id":"https:\/\/365-housse.com\/es\/productos\/housse-fauteuil-cabriolet-velours-gris\/#primaryimage"},"thumbnailUrl":"https:\/\/365-housse.com\/wp-content\/uploads\/2023\/06\/housse-fauteuil-cabriolet-velours-gris.png","datePublished":"2023-06-12T08:44:29+00:00","dateModified":"2024-09-17T14:53:53+00:00","description":"Recibe tu Funda Sill\u00f3n Cabriolet Terciopelo Gris hoy y benef\u00edciate de la entrega - gratuita Env\u00edo en 24\/48h","breadcrumb":{"@id":"https:\/\/365-housse.com\/es\/productos\/housse-fauteuil-cabriolet-velours-gris\/#breadcrumb"},"inLanguage":"es","potentialAction":[{"@type":"ReadAction","target":["https:\/\/365-housse.com\/es\/productos\/housse-fauteuil-cabriolet-velours-gris\/"]}]},{"@type":"ImageObject","inLanguage":"es","@id":"https:\/\/365-housse.com\/es\/productos\/housse-fauteuil-cabriolet-velours-gris\/#primaryimage","url":"https:\/\/365-housse.com\/wp-content\/uploads\/2023\/06\/housse-fauteuil-cabriolet-velours-gris.png","contentUrl":"https:\/\/365-housse.com\/wp-content\/uploads\/2023\/06\/housse-fauteuil-cabriolet-velours-gris.png","width":500,"height":499},{"@type":"BreadcrumbList","@id":"https:\/\/365-housse.com\/es\/productos\/housse-fauteuil-cabriolet-velours-gris\/#breadcrumb","itemListElement":[{"@type":"ListItem","position":1,"name":"Accueil","item":"https:\/\/365-housse.com\/es\/"},{"@type":"ListItem","position":2,"name":"Tienda","item":"https:\/\/365-housse.com\/es\/tienda\/"},{"@type":"ListItem","position":3,"name":"Funda Sill\u00f3n Cabriolet Terciopelo Gris"}]},{"@type":"WebSite","@id":"https:\/\/365-housse.com\/es\/#website","url":"https:\/\/365-housse.com\/es\/","name":"Housse de Canap\u00e9","description":"Le N\u00b01 de la Housse","publisher":{"@id":"https:\/\/365-housse.com\/es\/#organization"},"potentialAction":[{"@type":"SearchAction","target":{"@type":"EntryPoint","urlTemplate":"https:\/\/365-housse.com\/es\/?s={search_term_string}"},"query-input":{"@type":"PropertyValueSpecification","valueRequired":true,"valueName":"search_term_string"}}],"inLanguage":"es"},{"@type":"Organization","@id":"https:\/\/365-housse.com\/es\/#organization","name":"Housse de Canap\u00e9","url":"https:\/\/365-housse.com\/es\/","logo":{"@type":"ImageObject","inLanguage":"es","@id":"https:\/\/365-housse.com\/es\/#\/schema\/logo\/image\/","url":"https:\/\/365-housse.com\/wp-content\/uploads\/2023\/06\/LOGO-400-\u00d7-200-px-392-x-134-px-16.png","contentUrl":"https:\/\/365-housse.com\/wp-content\/uploads\/2023\/06\/LOGO-400-\u00d7-200-px-392-x-134-px-16.png","width":392,"height":134,"caption":"Housse de Canap\u00e9"},"image":{"@id":"https:\/\/365-housse.com\/es\/#\/schema\/logo\/image\/"}}]}},"_links":{"self":[{"href":"https:\/\/365-housse.com\/es\/wp-json\/wp\/v2\/product\/18036"}],"collection":[{"href":"https:\/\/365-housse.com\/es\/wp-json\/wp\/v2\/product"}],"about":[{"href":"https:\/\/365-housse.com\/es\/wp-json\/wp\/v2\/types\/product"}],"replies":[{"embeddable":true,"href":"https:\/\/365-housse.com\/es\/wp-json\/wp\/v2\/comments?post=18036"}],"wp:featuredmedia":[{"embeddable":true,"href":"https:\/\/365-housse.com\/es\/wp-json\/wp\/v2\/media\/17335"}],"wp:attachment":[{"href":"https:\/\/365-housse.com\/es\/wp-json\/wp\/v2\/media?parent=18036"}],"wp:term":[{"taxonomy":"product_cat","embeddable":true,"href":"https:\/\/365-housse.com\/es\/wp-json\/wp\/v2\/product_cat?post=18036"},{"taxonomy":"product_tag","embeddable":true,"href":"https:\/\/365-housse.com\/es\/wp-json\/wp\/v2\/product_tag?post=18036"}],"curies":[{"name":"wp","href":"https:\/\/api.w.org\/{rel}","templated":true}]}}