{"id":18043,"date":"2023-06-12T08:44:25","date_gmt":"2023-06-12T08:44:25","guid":{"rendered":"https:\/\/365-housse.com\/products\/housse-siege-fauteuil-cabriolet\/"},"modified":"2024-09-17T14:54:02","modified_gmt":"2024-09-17T14:54:02","slug":"housse-siege-fauteuil-cabriolet","status":"publish","type":"product","link":"https:\/\/365-housse.com\/es\/productos\/housse-siege-fauteuil-cabriolet\/","title":{"rendered":"Funda sill\u00f3n Lith Cabriolet"},"content":{"rendered":"<h2>\u00a1Revela tu espacio con la Funda para Sill\u00f3n Cabriolet y sus variados colores! <strong data-mce-fragment=\"1\">Los estampados gr\u00e1ficos se reinventan para ofrecer una decoraci\u00f3n \u00fanica, colorida y divertida<\/strong> <\/h2>\n<h3>Ventajas de la Funda de Asiento para Sill\u00f3n Convertible:<\/h3>\n<ul>\n<li>\n<p>Instalaci\u00f3n f\u00e1cil y r\u00e1pida: <span data-mce-fragment=\"1\">Las caracter\u00edsticas el\u00e1sticas de nuestras fundas para sillones convertibles garantizan adaptaci\u00f3n y soporte<\/span><\/p>\n<\/li>\n<li>\n<p>Aporta un toque de sofisticaci\u00f3n y distinci\u00f3n a tu interior<\/p>\n<\/li>\n<li>\n<p>Protege eficazmente contra manchas, desgaste,&#8230;<\/p>\n<\/li>\n<li> Confeccionado con textiles de primera calidad<\/li>\n<\/ul>\n<p><strong>Detalles: <\/strong><\/p>\n<ul>\n<li>\n<p>Composici\u00f3n:<span> <\/span><strong> 90% Poli\u00e9ster y Elastano + 10% Algod\u00f3n<\/strong><\/p>\n<\/li>\n<li>\n<p>Tecnolog\u00eda de impresi\u00f3n<span> <\/span><strong>ultra rendimiento<\/strong><span> <\/ span>para una longevidad del color, una ligereza y un lavado excepcionales<\/p>\n<\/li>\n<li>\n<p>Caracter\u00edsticas el\u00e1sticas que garantizan un <strong>ajuste perfecto<\/strong><span> <\/span>y duradero<\/p>\n<\/li>\n<li>\n<p>Acabado<span> <\/span><strong>preciso<\/strong> <span> <\/span>y<span> <\/span><strong>sofisticado<\/strong><\/p>\n<\/li>\n<li>\n<p>Lavable a m\u00e1quina<\/p>\n<\/li>\n<p> <\/ ul> <\/p>\n<p><strong>Tabla de tallas:<\/strong><\/p>\n<p><img decoding=\"async\" alt=\"tama\u00f1o-funda-sill\u00f3n-convertible\" src=\"https:\/\/365- Housse.com\/wp-content\/uploads\/2023\/06\/guide-des-tailes-housse-fauteuil-cabriolet_480x480. jpg?v=1625156093\" style=\"margin-left: auto;margin-right: auto\" width=\" 397\" \/><\/p>\n<p><span>Nuestras fundas para sillones convertibles tienen un tama\u00f1o universal y se adaptan a muchos Modelos de sill\u00f3n: <\/span><\/p>\n<p><span><img fetchpriority=\"high\" decoding=\"async\" alt=\"housse-fauteuil-cabriolet\" height=\"336\" src=\"https:\/\/365-housse.com\/wp-content\/ uploads\/2023\/06\/housse-fauteuil-cabriolet_480x480.png?v=1625156140\" style=\"margin-left: auto;margin-right: auto\" width=\"336\" \/><\/span><\/p>\n<\/p>\n<div><span><\/span><\/div>\n<div><span><\/span><\/div>\n<div>\n<p><span><img decoding=\"async\" alt=\"\" src=\"https:\/\/365-housse.com\/wp-content\/uploads\/2023 \/06\/guide-installation-fauteuil-cabriolet_480x480.jpg?v=1625309321\" \/><\/span><\/p>\n<p> Antes\/Despu\u00e9s de la transformaci\u00f3n: <\/p>\n<div><span><img decoding=\"async\" alt=\"\" src=\"https:\/\/365-housse.com\/wp-content \/uploads\/2023\/06\/Capture_d_ecran_2021-07-03_a_12.47.28_480x480.png? v=1625309376\" \/><\/span><\/div>\n<div> Est\u00e1s <span> encantado con esta <a href=\"https:\/\/365 -housse.com\/es\/collections\/funda-de-sillon-cabriolet\/\" rel=\"noopener noreferrer\" target=\"_blank\" title=\" Funda para sill\u00f3n Cabrio\"><strong>Funda para sill\u00f3n Cabrio<\/strong><\/a>, \u00bfverdad? Tambi\u00e9n te invitamos a optar por este <a href=\"https:\/\/365-housse.com\/es\/products\/housse-fauteuil-cabriolet-velours-vert-canard\/\" rel=\"noopener noreferrer\" target=\"_blank \" title=\"Funda para sill\u00f3n convertible de terciopelo verde pato\"><strong>Funda para sill\u00f3n convertible de terciopelo verde pato<\/strong><\/a>.\u00a0Puedes combinarlo con tu <a href=\"https:\/\/365-housse.com\/es\/collections\/funda-para-silla-escandinava\/\" rel=\"noopener noreferrer\" target=\"_blank\" title=\"Casa de Silla Escandinava\"><strong>Funda para Silla Escandinava<\/strong><\/a> en color amarillo o rosa. Esta combinaci\u00f3n de colores resalta tu decoraci\u00f3n.<\/span> <\/div>\n","protected":false},"excerpt":{"rendered":"<p>\u00a1Revela tu espacio con la Funda para Sill\u00f3n Cabriolet y sus variados colores! Los estampados gr\u00e1ficos se reinventan para ofrecer una decoraci\u00f3n \u00fanica, colorida y divertida Ventajas de la Funda de Asiento para Sill\u00f3n Convertible: Instalaci\u00f3n f\u00e1cil y r\u00e1pida: Las caracter\u00edsticas el\u00e1sticas de nuestras fundas para sillones convertibles garantizan adaptaci\u00f3n y soporte Aporta un toque [&hellip;]<\/p>\n","protected":false},"featured_media":17324,"comment_status":"open","ping_status":"closed","template":"","meta":[],"product_cat":[160,161],"product_tag":[200],"class_list":{"0":"post-18043","1":"product","2":"type-product","3":"status-publish","4":"has-post-thumbnail","6":"product_cat-funda-de-sillon-cabriolet","7":"product_cat-portada-interior","8":"product_tag-fauteuil-es","10":"first","11":"instock","12":"shipping-taxable","13":"purchasable","14":"product-type-simple"},"yoast_head":"<title>Funda sill\u00f3n Lith Cabriolet en entrega - gratis Ahorra un 30% en tu pedido<\/title>\n<meta name=\"description\" content=\"Recibe tu Funda sill\u00f3n Lith Cabriolet hoy y benef\u00edciate de la entrega - gratuita Env\u00edo en 24\/48h\" \/>\n<meta name=\"robots\" content=\"index, follow, max-snippet:-1, max-image-preview:large, max-video-preview:-1\" \/>\n<link rel=\"canonical\" href=\"https:\/\/365-housse.com\/es\/productos\/housse-siege-fauteuil-cabriolet\/\" \/>\n<meta property=\"og:locale\" content=\"es_ES\" \/>\n<meta property=\"og:type\" content=\"article\" \/>\n<meta property=\"og:title\" content=\"Funda sill\u00f3n Lith Cabriolet en entrega - gratis Ahorra un 30% en tu pedido\" \/>\n<meta property=\"og:description\" content=\"Recibe tu Funda sill\u00f3n Lith Cabriolet hoy y benef\u00edciate de la entrega - gratuita Env\u00edo en 24\/48h\" \/>\n<meta property=\"og:url\" content=\"https:\/\/365-housse.com\/es\/productos\/housse-siege-fauteuil-cabriolet\/\" \/>\n<meta property=\"og:site_name\" content=\"Housse de Canap\u00e9\" \/>\n<meta property=\"article:modified_time\" content=\"2024-09-17T14:54:02+00:00\" \/>\n<meta property=\"og:image\" content=\"https:\/\/365-housse.com\/wp-content\/uploads\/2023\/06\/housse-siege-fauteuil-cabriolet.jpg\" \/>\n\t<meta property=\"og:image:width\" content=\"498\" \/>\n\t<meta property=\"og:image:height\" content=\"501\" \/>\n\t<meta property=\"og:image:type\" content=\"image\/jpeg\" \/>\n<meta name=\"twitter:card\" content=\"summary_large_image\" \/>\n<meta name=\"twitter:label1\" content=\"Tiempo de lectura\" \/>\n\t<meta name=\"twitter:data1\" content=\"1 minuto\" \/>\n<script type=\"application\/ld+json\" class=\"yoast-schema-graph\">{\"@context\":\"https:\/\/schema.org\",\"@graph\":[{\"@type\":\"WebPage\",\"@id\":\"https:\/\/365-housse.com\/es\/productos\/housse-siege-fauteuil-cabriolet\/\",\"url\":\"https:\/\/365-housse.com\/es\/productos\/housse-siege-fauteuil-cabriolet\/\",\"name\":\"Funda sill\u00f3n Lith Cabriolet en entrega - gratis Ahorra un 30% en tu pedido\",\"isPartOf\":{\"@id\":\"https:\/\/365-housse.com\/es\/#website\"},\"primaryImageOfPage\":{\"@id\":\"https:\/\/365-housse.com\/es\/productos\/housse-siege-fauteuil-cabriolet\/#primaryimage\"},\"image\":{\"@id\":\"https:\/\/365-housse.com\/es\/productos\/housse-siege-fauteuil-cabriolet\/#primaryimage\"},\"thumbnailUrl\":\"https:\/\/365-housse.com\/wp-content\/uploads\/2023\/06\/housse-siege-fauteuil-cabriolet.jpg\",\"datePublished\":\"2023-06-12T08:44:25+00:00\",\"dateModified\":\"2024-09-17T14:54:02+00:00\",\"description\":\"Recibe tu Funda sill\u00f3n Lith Cabriolet hoy y benef\u00edciate de la entrega - gratuita Env\u00edo en 24\/48h\",\"breadcrumb\":{\"@id\":\"https:\/\/365-housse.com\/es\/productos\/housse-siege-fauteuil-cabriolet\/#breadcrumb\"},\"inLanguage\":\"es\",\"potentialAction\":[{\"@type\":\"ReadAction\",\"target\":[\"https:\/\/365-housse.com\/es\/productos\/housse-siege-fauteuil-cabriolet\/\"]}]},{\"@type\":\"ImageObject\",\"inLanguage\":\"es\",\"@id\":\"https:\/\/365-housse.com\/es\/productos\/housse-siege-fauteuil-cabriolet\/#primaryimage\",\"url\":\"https:\/\/365-housse.com\/wp-content\/uploads\/2023\/06\/housse-siege-fauteuil-cabriolet.jpg\",\"contentUrl\":\"https:\/\/365-housse.com\/wp-content\/uploads\/2023\/06\/housse-siege-fauteuil-cabriolet.jpg\",\"width\":498,\"height\":501},{\"@type\":\"BreadcrumbList\",\"@id\":\"https:\/\/365-housse.com\/es\/productos\/housse-siege-fauteuil-cabriolet\/#breadcrumb\",\"itemListElement\":[{\"@type\":\"ListItem\",\"position\":1,\"name\":\"Accueil\",\"item\":\"https:\/\/365-housse.com\/es\/\"},{\"@type\":\"ListItem\",\"position\":2,\"name\":\"Tienda\",\"item\":\"https:\/\/365-housse.com\/es\/tienda\/\"},{\"@type\":\"ListItem\",\"position\":3,\"name\":\"Funda sill\u00f3n Lith Cabriolet\"}]},{\"@type\":\"WebSite\",\"@id\":\"https:\/\/365-housse.com\/es\/#website\",\"url\":\"https:\/\/365-housse.com\/es\/\",\"name\":\"Housse de Canap\u00e9\",\"description\":\"Le N\u00b01 de la Housse\",\"publisher\":{\"@id\":\"https:\/\/365-housse.com\/es\/#organization\"},\"potentialAction\":[{\"@type\":\"SearchAction\",\"target\":{\"@type\":\"EntryPoint\",\"urlTemplate\":\"https:\/\/365-housse.com\/es\/?s={search_term_string}\"},\"query-input\":{\"@type\":\"PropertyValueSpecification\",\"valueRequired\":true,\"valueName\":\"search_term_string\"}}],\"inLanguage\":\"es\"},{\"@type\":\"Organization\",\"@id\":\"https:\/\/365-housse.com\/es\/#organization\",\"name\":\"Housse de Canap\u00e9\",\"url\":\"https:\/\/365-housse.com\/es\/\",\"logo\":{\"@type\":\"ImageObject\",\"inLanguage\":\"es\",\"@id\":\"https:\/\/365-housse.com\/es\/#\/schema\/logo\/image\/\",\"url\":\"https:\/\/365-housse.com\/wp-content\/uploads\/2023\/06\/LOGO-400-\u00d7-200-px-392-x-134-px-16.png\",\"contentUrl\":\"https:\/\/365-housse.com\/wp-content\/uploads\/2023\/06\/LOGO-400-\u00d7-200-px-392-x-134-px-16.png\",\"width\":392,\"height\":134,\"caption\":\"Housse de Canap\u00e9\"},\"image\":{\"@id\":\"https:\/\/365-housse.com\/es\/#\/schema\/logo\/image\/\"}}]}<\/script>","yoast_head_json":{"title":"Funda sill\u00f3n Lith Cabriolet en entrega - gratis Ahorra un 30% en tu pedido","description":"Recibe tu Funda sill\u00f3n Lith Cabriolet hoy y benef\u00edciate de la entrega - gratuita Env\u00edo en 24\/48h","robots":{"index":"index","follow":"follow","max-snippet":"max-snippet:-1","max-image-preview":"max-image-preview:large","max-video-preview":"max-video-preview:-1"},"canonical":"https:\/\/365-housse.com\/es\/productos\/housse-siege-fauteuil-cabriolet\/","og_locale":"es_ES","og_type":"article","og_title":"Funda sill\u00f3n Lith Cabriolet en entrega - gratis Ahorra un 30% en tu pedido","og_description":"Recibe tu Funda sill\u00f3n Lith Cabriolet hoy y benef\u00edciate de la entrega - gratuita Env\u00edo en 24\/48h","og_url":"https:\/\/365-housse.com\/es\/productos\/housse-siege-fauteuil-cabriolet\/","og_site_name":"Housse de Canap\u00e9","article_modified_time":"2024-09-17T14:54:02+00:00","og_image":[{"width":498,"height":501,"url":"https:\/\/365-housse.com\/wp-content\/uploads\/2023\/06\/housse-siege-fauteuil-cabriolet.jpg","type":"image\/jpeg"}],"twitter_card":"summary_large_image","twitter_misc":{"Tiempo de lectura":"1 minuto"},"schema":{"@context":"https:\/\/schema.org","@graph":[{"@type":"WebPage","@id":"https:\/\/365-housse.com\/es\/productos\/housse-siege-fauteuil-cabriolet\/","url":"https:\/\/365-housse.com\/es\/productos\/housse-siege-fauteuil-cabriolet\/","name":"Funda sill\u00f3n Lith Cabriolet en entrega - gratis Ahorra un 30% en tu pedido","isPartOf":{"@id":"https:\/\/365-housse.com\/es\/#website"},"primaryImageOfPage":{"@id":"https:\/\/365-housse.com\/es\/productos\/housse-siege-fauteuil-cabriolet\/#primaryimage"},"image":{"@id":"https:\/\/365-housse.com\/es\/productos\/housse-siege-fauteuil-cabriolet\/#primaryimage"},"thumbnailUrl":"https:\/\/365-housse.com\/wp-content\/uploads\/2023\/06\/housse-siege-fauteuil-cabriolet.jpg","datePublished":"2023-06-12T08:44:25+00:00","dateModified":"2024-09-17T14:54:02+00:00","description":"Recibe tu Funda sill\u00f3n Lith Cabriolet hoy y benef\u00edciate de la entrega - gratuita Env\u00edo en 24\/48h","breadcrumb":{"@id":"https:\/\/365-housse.com\/es\/productos\/housse-siege-fauteuil-cabriolet\/#breadcrumb"},"inLanguage":"es","potentialAction":[{"@type":"ReadAction","target":["https:\/\/365-housse.com\/es\/productos\/housse-siege-fauteuil-cabriolet\/"]}]},{"@type":"ImageObject","inLanguage":"es","@id":"https:\/\/365-housse.com\/es\/productos\/housse-siege-fauteuil-cabriolet\/#primaryimage","url":"https:\/\/365-housse.com\/wp-content\/uploads\/2023\/06\/housse-siege-fauteuil-cabriolet.jpg","contentUrl":"https:\/\/365-housse.com\/wp-content\/uploads\/2023\/06\/housse-siege-fauteuil-cabriolet.jpg","width":498,"height":501},{"@type":"BreadcrumbList","@id":"https:\/\/365-housse.com\/es\/productos\/housse-siege-fauteuil-cabriolet\/#breadcrumb","itemListElement":[{"@type":"ListItem","position":1,"name":"Accueil","item":"https:\/\/365-housse.com\/es\/"},{"@type":"ListItem","position":2,"name":"Tienda","item":"https:\/\/365-housse.com\/es\/tienda\/"},{"@type":"ListItem","position":3,"name":"Funda sill\u00f3n Lith Cabriolet"}]},{"@type":"WebSite","@id":"https:\/\/365-housse.com\/es\/#website","url":"https:\/\/365-housse.com\/es\/","name":"Housse de Canap\u00e9","description":"Le N\u00b01 de la Housse","publisher":{"@id":"https:\/\/365-housse.com\/es\/#organization"},"potentialAction":[{"@type":"SearchAction","target":{"@type":"EntryPoint","urlTemplate":"https:\/\/365-housse.com\/es\/?s={search_term_string}"},"query-input":{"@type":"PropertyValueSpecification","valueRequired":true,"valueName":"search_term_string"}}],"inLanguage":"es"},{"@type":"Organization","@id":"https:\/\/365-housse.com\/es\/#organization","name":"Housse de Canap\u00e9","url":"https:\/\/365-housse.com\/es\/","logo":{"@type":"ImageObject","inLanguage":"es","@id":"https:\/\/365-housse.com\/es\/#\/schema\/logo\/image\/","url":"https:\/\/365-housse.com\/wp-content\/uploads\/2023\/06\/LOGO-400-\u00d7-200-px-392-x-134-px-16.png","contentUrl":"https:\/\/365-housse.com\/wp-content\/uploads\/2023\/06\/LOGO-400-\u00d7-200-px-392-x-134-px-16.png","width":392,"height":134,"caption":"Housse de Canap\u00e9"},"image":{"@id":"https:\/\/365-housse.com\/es\/#\/schema\/logo\/image\/"}}]}},"_links":{"self":[{"href":"https:\/\/365-housse.com\/es\/wp-json\/wp\/v2\/product\/18043"}],"collection":[{"href":"https:\/\/365-housse.com\/es\/wp-json\/wp\/v2\/product"}],"about":[{"href":"https:\/\/365-housse.com\/es\/wp-json\/wp\/v2\/types\/product"}],"replies":[{"embeddable":true,"href":"https:\/\/365-housse.com\/es\/wp-json\/wp\/v2\/comments?post=18043"}],"wp:featuredmedia":[{"embeddable":true,"href":"https:\/\/365-housse.com\/es\/wp-json\/wp\/v2\/media\/17324"}],"wp:attachment":[{"href":"https:\/\/365-housse.com\/es\/wp-json\/wp\/v2\/media?parent=18043"}],"wp:term":[{"taxonomy":"product_cat","embeddable":true,"href":"https:\/\/365-housse.com\/es\/wp-json\/wp\/v2\/product_cat?post=18043"},{"taxonomy":"product_tag","embeddable":true,"href":"https:\/\/365-housse.com\/es\/wp-json\/wp\/v2\/product_tag?post=18043"}],"curies":[{"name":"wp","href":"https:\/\/api.w.org\/{rel}","templated":true}]}}