{"id":18087,"date":"2023-06-12T08:41:55","date_gmt":"2023-06-12T08:41:55","guid":{"rendered":"https:\/\/365-housse.com\/products\/housse-fauteuil-argente\/"},"modified":"2024-09-17T14:55:53","modified_gmt":"2024-09-17T14:55:53","slug":"housse-fauteuil-argente","status":"publish","type":"product","link":"https:\/\/365-housse.com\/es\/productos\/housse-fauteuil-argente\/","title":{"rendered":"Funda de sill\u00f3n plateada"},"content":{"rendered":"<h2>\u00bfNecesita renovar o proteger su habitaci\u00f3n interior? Descubre la <strong>funda de sill\u00f3n plateada<\/strong>, \u00a1su aspecto sofisticado y su color realzar\u00e1n tu espacio! \u00a1Con un estilo escandinavo muy de moda!<\/h2>\n<h3>Las ventajas de la<span> <\/span><strong>funda de sill\u00f3n plateada<\/strong>: <\/h3>\n<ul>\n<li>\n<p>Ofrece un toque de <strong>refinamiento<\/strong><span> <\/span>y un <strong>ambiente c\u00e1lido<\/strong><span> <\/span>a tu interior<\/p>\n<\/li>\n<li>\n<p>Perfecto para cambiar tu decoraci\u00f3n o transformar un espacio<\/p>\n<\/li>\n<li>\n<p>Garantiza<span> <\/span><strong>una protecci\u00f3n \u00f3ptima<\/strong><span> <\/span>contra la suciedad y las manchas<\/p>\n<\/li>\n<li>\n<p>Fabricado con <strong>tejido de calidad<\/strong><\/p>\n<\/li>\n<li>F\u00e1cil de poner y colocar<\/li>\n<\/ul>\n<p>Caracter\u00edsticas:<\/p>\n<ul>\n<li>\n<p>Material: Poli\u00e9ster y spandex (material el\u00e1stico)<\/p>\n<\/li>\n<p>Tela <\/p>\n<li>\n<p><strong>premium<\/strong> para proteger tu silla<\/p>\n<\/li>\n<li>\n<p>Tecnolog\u00eda de impresi\u00f3n ultraeficiente<\/strong><span><\/span>para una mejor solidez del color a la luz y al lavado<\/p>\n<\/li>\n<li>\n<p>Lavado a m\u00e1quina (sin planchado y secado r\u00e1pido)<\/p>\n<\/li>\n<li>\n<p>Diferentes usos: comedor, sal\u00f3n, despacho, dormitorio,&#8230;<\/p>\n<\/li>\n<li>Varios tama\u00f1os disponibles<\/li>\n<\/ul>\n","protected":false},"excerpt":{"rendered":"<p>\u00bfNecesita renovar o proteger su habitaci\u00f3n interior? Descubre la funda de sill\u00f3n plateada, \u00a1su aspecto sofisticado y su color realzar\u00e1n tu espacio! \u00a1Con un estilo escandinavo muy de moda! Las ventajas de la funda de sill\u00f3n plateada: Ofrece un toque de refinamiento y un ambiente c\u00e1lido a tu interior Perfecto para cambiar tu decoraci\u00f3n o [&hellip;]<\/p>\n","protected":false},"featured_media":17283,"comment_status":"open","ping_status":"closed","template":"","meta":[],"product_cat":[159,161],"product_tag":[200],"class_list":{"0":"post-18087","1":"product","2":"type-product","3":"status-publish","4":"has-post-thumbnail","6":"product_cat-funda-de-sillon","7":"product_cat-portada-interior","8":"product_tag-fauteuil-es","10":"first","11":"instock","12":"shipping-taxable","13":"purchasable","14":"product-type-variable"},"yoast_head":"<title>Funda de sill\u00f3n plateada en entrega - gratis Ahorra un 30% en tu pedido<\/title>\n<meta name=\"description\" content=\"Recibe tu Funda de sill\u00f3n plateada hoy y benef\u00edciate de la entrega - gratuita Env\u00edo en 24\/48h\" \/>\n<meta name=\"robots\" content=\"index, follow, max-snippet:-1, max-image-preview:large, max-video-preview:-1\" \/>\n<link rel=\"canonical\" href=\"https:\/\/365-housse.com\/es\/productos\/housse-fauteuil-argente\/\" \/>\n<meta property=\"og:locale\" content=\"es_ES\" \/>\n<meta property=\"og:type\" content=\"article\" \/>\n<meta property=\"og:title\" content=\"Funda de sill\u00f3n plateada en entrega - gratis Ahorra un 30% en tu pedido\" \/>\n<meta property=\"og:description\" content=\"Recibe tu Funda de sill\u00f3n plateada hoy y benef\u00edciate de la entrega - gratuita Env\u00edo en 24\/48h\" \/>\n<meta property=\"og:url\" content=\"https:\/\/365-housse.com\/es\/productos\/housse-fauteuil-argente\/\" \/>\n<meta property=\"og:site_name\" content=\"Housse de Canap\u00e9\" \/>\n<meta property=\"article:modified_time\" content=\"2024-09-17T14:55:53+00:00\" \/>\n<meta property=\"og:image\" content=\"https:\/\/365-housse.com\/wp-content\/uploads\/2023\/06\/housse-fauteuil-argente.png\" \/>\n\t<meta property=\"og:image:width\" content=\"501\" \/>\n\t<meta property=\"og:image:height\" content=\"498\" \/>\n\t<meta property=\"og:image:type\" content=\"image\/png\" \/>\n<meta name=\"twitter:card\" content=\"summary_large_image\" \/>\n<meta name=\"twitter:label1\" content=\"Tiempo de lectura\" \/>\n\t<meta name=\"twitter:data1\" content=\"1 minuto\" \/>\n<script type=\"application\/ld+json\" class=\"yoast-schema-graph\">{\"@context\":\"https:\/\/schema.org\",\"@graph\":[{\"@type\":\"WebPage\",\"@id\":\"https:\/\/365-housse.com\/es\/productos\/housse-fauteuil-argente\/\",\"url\":\"https:\/\/365-housse.com\/es\/productos\/housse-fauteuil-argente\/\",\"name\":\"Funda de sill\u00f3n plateada en entrega - gratis Ahorra un 30% en tu pedido\",\"isPartOf\":{\"@id\":\"https:\/\/365-housse.com\/es\/#website\"},\"primaryImageOfPage\":{\"@id\":\"https:\/\/365-housse.com\/es\/productos\/housse-fauteuil-argente\/#primaryimage\"},\"image\":{\"@id\":\"https:\/\/365-housse.com\/es\/productos\/housse-fauteuil-argente\/#primaryimage\"},\"thumbnailUrl\":\"https:\/\/365-housse.com\/wp-content\/uploads\/2023\/06\/housse-fauteuil-argente.png\",\"datePublished\":\"2023-06-12T08:41:55+00:00\",\"dateModified\":\"2024-09-17T14:55:53+00:00\",\"description\":\"Recibe tu Funda de sill\u00f3n plateada hoy y benef\u00edciate de la entrega - gratuita Env\u00edo en 24\/48h\",\"breadcrumb\":{\"@id\":\"https:\/\/365-housse.com\/es\/productos\/housse-fauteuil-argente\/#breadcrumb\"},\"inLanguage\":\"es\",\"potentialAction\":[{\"@type\":\"ReadAction\",\"target\":[\"https:\/\/365-housse.com\/es\/productos\/housse-fauteuil-argente\/\"]}]},{\"@type\":\"ImageObject\",\"inLanguage\":\"es\",\"@id\":\"https:\/\/365-housse.com\/es\/productos\/housse-fauteuil-argente\/#primaryimage\",\"url\":\"https:\/\/365-housse.com\/wp-content\/uploads\/2023\/06\/housse-fauteuil-argente.png\",\"contentUrl\":\"https:\/\/365-housse.com\/wp-content\/uploads\/2023\/06\/housse-fauteuil-argente.png\",\"width\":501,\"height\":498},{\"@type\":\"BreadcrumbList\",\"@id\":\"https:\/\/365-housse.com\/es\/productos\/housse-fauteuil-argente\/#breadcrumb\",\"itemListElement\":[{\"@type\":\"ListItem\",\"position\":1,\"name\":\"Accueil\",\"item\":\"https:\/\/365-housse.com\/es\/\"},{\"@type\":\"ListItem\",\"position\":2,\"name\":\"Tienda\",\"item\":\"https:\/\/365-housse.com\/es\/tienda\/\"},{\"@type\":\"ListItem\",\"position\":3,\"name\":\"Funda de sill\u00f3n plateada\"}]},{\"@type\":\"WebSite\",\"@id\":\"https:\/\/365-housse.com\/es\/#website\",\"url\":\"https:\/\/365-housse.com\/es\/\",\"name\":\"Housse de Canap\u00e9\",\"description\":\"Le N\u00b01 de la Housse\",\"publisher\":{\"@id\":\"https:\/\/365-housse.com\/es\/#organization\"},\"potentialAction\":[{\"@type\":\"SearchAction\",\"target\":{\"@type\":\"EntryPoint\",\"urlTemplate\":\"https:\/\/365-housse.com\/es\/?s={search_term_string}\"},\"query-input\":{\"@type\":\"PropertyValueSpecification\",\"valueRequired\":true,\"valueName\":\"search_term_string\"}}],\"inLanguage\":\"es\"},{\"@type\":\"Organization\",\"@id\":\"https:\/\/365-housse.com\/es\/#organization\",\"name\":\"Housse de Canap\u00e9\",\"url\":\"https:\/\/365-housse.com\/es\/\",\"logo\":{\"@type\":\"ImageObject\",\"inLanguage\":\"es\",\"@id\":\"https:\/\/365-housse.com\/es\/#\/schema\/logo\/image\/\",\"url\":\"https:\/\/365-housse.com\/wp-content\/uploads\/2023\/06\/LOGO-400-\u00d7-200-px-392-x-134-px-16.png\",\"contentUrl\":\"https:\/\/365-housse.com\/wp-content\/uploads\/2023\/06\/LOGO-400-\u00d7-200-px-392-x-134-px-16.png\",\"width\":392,\"height\":134,\"caption\":\"Housse de Canap\u00e9\"},\"image\":{\"@id\":\"https:\/\/365-housse.com\/es\/#\/schema\/logo\/image\/\"}}]}<\/script>","yoast_head_json":{"title":"Funda de sill\u00f3n plateada en entrega - gratis Ahorra un 30% en tu pedido","description":"Recibe tu Funda de sill\u00f3n plateada hoy y benef\u00edciate de la entrega - gratuita Env\u00edo en 24\/48h","robots":{"index":"index","follow":"follow","max-snippet":"max-snippet:-1","max-image-preview":"max-image-preview:large","max-video-preview":"max-video-preview:-1"},"canonical":"https:\/\/365-housse.com\/es\/productos\/housse-fauteuil-argente\/","og_locale":"es_ES","og_type":"article","og_title":"Funda de sill\u00f3n plateada en entrega - gratis Ahorra un 30% en tu pedido","og_description":"Recibe tu Funda de sill\u00f3n plateada hoy y benef\u00edciate de la entrega - gratuita Env\u00edo en 24\/48h","og_url":"https:\/\/365-housse.com\/es\/productos\/housse-fauteuil-argente\/","og_site_name":"Housse de Canap\u00e9","article_modified_time":"2024-09-17T14:55:53+00:00","og_image":[{"width":501,"height":498,"url":"https:\/\/365-housse.com\/wp-content\/uploads\/2023\/06\/housse-fauteuil-argente.png","type":"image\/png"}],"twitter_card":"summary_large_image","twitter_misc":{"Tiempo de lectura":"1 minuto"},"schema":{"@context":"https:\/\/schema.org","@graph":[{"@type":"WebPage","@id":"https:\/\/365-housse.com\/es\/productos\/housse-fauteuil-argente\/","url":"https:\/\/365-housse.com\/es\/productos\/housse-fauteuil-argente\/","name":"Funda de sill\u00f3n plateada en entrega - gratis Ahorra un 30% en tu pedido","isPartOf":{"@id":"https:\/\/365-housse.com\/es\/#website"},"primaryImageOfPage":{"@id":"https:\/\/365-housse.com\/es\/productos\/housse-fauteuil-argente\/#primaryimage"},"image":{"@id":"https:\/\/365-housse.com\/es\/productos\/housse-fauteuil-argente\/#primaryimage"},"thumbnailUrl":"https:\/\/365-housse.com\/wp-content\/uploads\/2023\/06\/housse-fauteuil-argente.png","datePublished":"2023-06-12T08:41:55+00:00","dateModified":"2024-09-17T14:55:53+00:00","description":"Recibe tu Funda de sill\u00f3n plateada hoy y benef\u00edciate de la entrega - gratuita Env\u00edo en 24\/48h","breadcrumb":{"@id":"https:\/\/365-housse.com\/es\/productos\/housse-fauteuil-argente\/#breadcrumb"},"inLanguage":"es","potentialAction":[{"@type":"ReadAction","target":["https:\/\/365-housse.com\/es\/productos\/housse-fauteuil-argente\/"]}]},{"@type":"ImageObject","inLanguage":"es","@id":"https:\/\/365-housse.com\/es\/productos\/housse-fauteuil-argente\/#primaryimage","url":"https:\/\/365-housse.com\/wp-content\/uploads\/2023\/06\/housse-fauteuil-argente.png","contentUrl":"https:\/\/365-housse.com\/wp-content\/uploads\/2023\/06\/housse-fauteuil-argente.png","width":501,"height":498},{"@type":"BreadcrumbList","@id":"https:\/\/365-housse.com\/es\/productos\/housse-fauteuil-argente\/#breadcrumb","itemListElement":[{"@type":"ListItem","position":1,"name":"Accueil","item":"https:\/\/365-housse.com\/es\/"},{"@type":"ListItem","position":2,"name":"Tienda","item":"https:\/\/365-housse.com\/es\/tienda\/"},{"@type":"ListItem","position":3,"name":"Funda de sill\u00f3n plateada"}]},{"@type":"WebSite","@id":"https:\/\/365-housse.com\/es\/#website","url":"https:\/\/365-housse.com\/es\/","name":"Housse de Canap\u00e9","description":"Le N\u00b01 de la Housse","publisher":{"@id":"https:\/\/365-housse.com\/es\/#organization"},"potentialAction":[{"@type":"SearchAction","target":{"@type":"EntryPoint","urlTemplate":"https:\/\/365-housse.com\/es\/?s={search_term_string}"},"query-input":{"@type":"PropertyValueSpecification","valueRequired":true,"valueName":"search_term_string"}}],"inLanguage":"es"},{"@type":"Organization","@id":"https:\/\/365-housse.com\/es\/#organization","name":"Housse de Canap\u00e9","url":"https:\/\/365-housse.com\/es\/","logo":{"@type":"ImageObject","inLanguage":"es","@id":"https:\/\/365-housse.com\/es\/#\/schema\/logo\/image\/","url":"https:\/\/365-housse.com\/wp-content\/uploads\/2023\/06\/LOGO-400-\u00d7-200-px-392-x-134-px-16.png","contentUrl":"https:\/\/365-housse.com\/wp-content\/uploads\/2023\/06\/LOGO-400-\u00d7-200-px-392-x-134-px-16.png","width":392,"height":134,"caption":"Housse de Canap\u00e9"},"image":{"@id":"https:\/\/365-housse.com\/es\/#\/schema\/logo\/image\/"}}]}},"_links":{"self":[{"href":"https:\/\/365-housse.com\/es\/wp-json\/wp\/v2\/product\/18087"}],"collection":[{"href":"https:\/\/365-housse.com\/es\/wp-json\/wp\/v2\/product"}],"about":[{"href":"https:\/\/365-housse.com\/es\/wp-json\/wp\/v2\/types\/product"}],"replies":[{"embeddable":true,"href":"https:\/\/365-housse.com\/es\/wp-json\/wp\/v2\/comments?post=18087"}],"wp:featuredmedia":[{"embeddable":true,"href":"https:\/\/365-housse.com\/es\/wp-json\/wp\/v2\/media\/17283"}],"wp:attachment":[{"href":"https:\/\/365-housse.com\/es\/wp-json\/wp\/v2\/media?parent=18087"}],"wp:term":[{"taxonomy":"product_cat","embeddable":true,"href":"https:\/\/365-housse.com\/es\/wp-json\/wp\/v2\/product_cat?post=18087"},{"taxonomy":"product_tag","embeddable":true,"href":"https:\/\/365-housse.com\/es\/wp-json\/wp\/v2\/product_tag?post=18087"}],"curies":[{"name":"wp","href":"https:\/\/api.w.org\/{rel}","templated":true}]}}