{"id":18092,"date":"2023-06-12T08:41:52","date_gmt":"2023-06-12T08:41:52","guid":{"rendered":"https:\/\/365-housse.com\/products\/housse-fauteuil-a-oreilles-bleu-canard\/"},"modified":"2024-09-17T14:54:17","modified_gmt":"2024-09-17T14:54:17","slug":"housse-fauteuil-a-oreilles-bleu-canard","status":"publish","type":"product","link":"https:\/\/365-housse.com\/es\/productos\/housse-fauteuil-a-oreilles-bleu-canard\/","title":{"rendered":"Funda para sill\u00f3n orejero azul pato"},"content":{"rendered":"<h2 data-mce-fragment=\"1\" data-pm-slice=\"1 1 []\">Agregar <strong data-mce-fragment=\"1\">Funda para sill\u00f3n orejero<\/strong> <strong>Verde azulado<\/strong>a su hogar es una excelente manera de mejorar la comodidad y la apariencia de su espacio. Aportar\u00e1 un toque de elegancia y calidez a tu interior y te permitir\u00e1 cambiar f\u00e1cilmente el estilo de tu sill\u00f3n. \u00a1Tu nueva portada atraer\u00e1 la admiraci\u00f3n de tus invitados!<\/h2>\n<h3>Ventajas de la<strong>funda para sill\u00f3n orejero azul pato<\/strong>:<\/h3>\n<ul>\n<li>Protege tu silla de manchas y suciedad.<\/li>\n<li>Hecho de tela de primera calidad.<\/li>\n<li>Tecnolog\u00eda de impresi\u00f3n de alto rendimiento para una mayor solidez del color.<\/li>\n<li>Lavable a m\u00e1quina y de secado r\u00e1pido.<\/li>\n<li>Ideal para uso en interiores o exteriores.<\/li>\n<\/ul>\n<p><strong>Caracter\u00edsticas:<\/strong><\/p>\n<ul>\n<li>Material: poli\u00e9ster y spandex.<\/li>\n<li>Tejido de calidad que preserva tu silla.<\/li>\n<li>Tecnolog\u00eda de impresi\u00f3n de alto rendimiento para una mayor solidez del color a la luz y al lavado.<\/li>\n<li>Lavable a m\u00e1quina y de secado r\u00e1pido (no requiere planchado).<\/li>\n<li>Diferentes usos: comedor, sal\u00f3n, despacho, dormitorio, etc.<\/li>\n<\/ul>\n<p><strong>Gu\u00eda de tallas:<\/strong><\/p>\n<p><img decoding=\"async\" alt=\"\" data-mce-src=\"https:\/\/365-housse.com\/wp-content\/uploads\/2023\/06\/housse-de-fauteuil-a-oreille-taille_480x480.jpg? v=1672164049\" data-mce-style=\"display: block; margen izquierdo: autom\u00e1tico; margen derecho: autom\u00e1tico;\" src=\"https:\/\/365-housse.com\/wp-content\/uploads\/2023\/06\/housse-de-fauteuil-a-oreille-taille_480x480.jpg?v=1672164049\" style=\"margin-left: auto\" \/><\/p>\n<p><strong>Gu\u00eda de instalaci\u00f3n:<\/strong><\/p>\n<p><img decoding=\"async\" alt=\"\" data-mce-src=\"https:\/\/365-housse.com\/wp-content\/uploads\/2023\/06\/GUIDED_INSTALLATION_480x480.jpg?v=1672164126\" data-mce-style=\"pantalla: bloque; margen izquierdo: autom\u00e1tico; margen derecho: autom\u00e1tico;\" src=\"https:\/\/365-housse.com\/wp-content\/uploads\/2023\/06\/GUIDED_INSTALLATION_480x480.jpg?v=1672164126\" \/><\/ >&gt;p&gt;<\/p>\n<p><strong>La diferencia Antes\/Despu\u00e9s: <\/strong><\/p>\n<p><img decoding=\"async\" alt=\"\" data-mce-fragment=\"1\" data-mce-src=\"https:\/\/365-housse.com\/wp-content\/uploads\/2023\/06\/Captured_ecran2022-12-26210827_480x480 .jpg?v=1672164367\" data-mce-style=\"display: block; margin-left: margin-right: auto;\" src=\"https:\/\/365-housse.com\/wp-content\/uploads\/2023\/06\/Captured_ecran2022-12-26210827_480x480.jpg?v=1672164367\" \/>Nuestras <a href=\"https:\/\/365-housse.com\/es\/collections\/funda-de-sillon\/\" rel=\"noopener\" target=\"_blank\" title=\"Fundas para Sillones\">Fundas para sillones<\/strong><\/a>tienen una variedad de colores y dise\u00f1os que se adaptan a tu estilo. Puedes elegir un <a href=\"https:\/\/365-housse.com\/es\/products\/housse-fauteuil-a-oreille-marron\/\" rel=\"noopener\" target=\"_blank\" title=\"Funda para sill\u00f3n con Respaldos marrones\"><strong data-mce-fragment=\"1\">Funda para sill\u00f3n con respaldo marr\u00f3n<\/strong><\/a> o una <strong data-mce-fragment=\"1\">Funda para sill\u00f3n con respaldo marr\u00f3n<\/strong>, dependiendo del modelo de tu silla. Se pueden utilizar tanto en interior como en exterior, lo que los convierte en una excelente opci\u00f3n para proteger tus muebles del mal tiempo y la suciedad.<\/p>\n","protected":false},"excerpt":{"rendered":"<p>Agregar Funda para sill\u00f3n orejero Verde azuladoa su hogar es una excelente manera de mejorar la comodidad y la apariencia de su espacio. Aportar\u00e1 un toque de elegancia y calidez a tu interior y te permitir\u00e1 cambiar f\u00e1cilmente el estilo de tu sill\u00f3n. \u00a1Tu nueva portada atraer\u00e1 la admiraci\u00f3n de tus invitados! Ventajas de lafunda [&hellip;]<\/p>\n","protected":false},"featured_media":17278,"comment_status":"open","ping_status":"closed","template":"","meta":[],"product_cat":[159,161],"product_tag":[200],"class_list":{"0":"post-18092","1":"product","2":"type-product","3":"status-publish","4":"has-post-thumbnail","6":"product_cat-funda-de-sillon","7":"product_cat-portada-interior","8":"product_tag-fauteuil-es","10":"first","11":"instock","12":"shipping-taxable","13":"purchasable","14":"product-type-simple"},"yoast_head":"<title>Funda para sill\u00f3n orejero azul pato en entrega - gratis Ahorra un 30% en tu pedido<\/title>\n<meta name=\"description\" content=\"Recibe tu Funda para sill\u00f3n orejero azul pato hoy y benef\u00edciate de la entrega - gratuita Env\u00edo en 24\/48h\" \/>\n<meta name=\"robots\" content=\"index, follow, max-snippet:-1, max-image-preview:large, max-video-preview:-1\" \/>\n<link rel=\"canonical\" href=\"https:\/\/365-housse.com\/es\/productos\/housse-fauteuil-a-oreilles-bleu-canard\/\" \/>\n<meta property=\"og:locale\" content=\"es_ES\" \/>\n<meta property=\"og:type\" content=\"article\" \/>\n<meta property=\"og:title\" content=\"Funda para sill\u00f3n orejero azul pato en entrega - gratis Ahorra un 30% en tu pedido\" \/>\n<meta property=\"og:description\" content=\"Recibe tu Funda para sill\u00f3n orejero azul pato hoy y benef\u00edciate de la entrega - gratuita Env\u00edo en 24\/48h\" \/>\n<meta property=\"og:url\" content=\"https:\/\/365-housse.com\/es\/productos\/housse-fauteuil-a-oreilles-bleu-canard\/\" \/>\n<meta property=\"og:site_name\" content=\"Housse de Canap\u00e9\" \/>\n<meta property=\"article:modified_time\" content=\"2024-09-17T14:54:17+00:00\" \/>\n<meta property=\"og:image\" content=\"https:\/\/365-housse.com\/wp-content\/uploads\/2023\/06\/housse-de-fauteuil-a-oreilles-bleu-canard.jpg\" \/>\n\t<meta property=\"og:image:width\" content=\"476\" \/>\n\t<meta property=\"og:image:height\" content=\"446\" \/>\n\t<meta property=\"og:image:type\" content=\"image\/jpeg\" \/>\n<meta name=\"twitter:card\" content=\"summary_large_image\" \/>\n<meta name=\"twitter:label1\" content=\"Tiempo de lectura\" \/>\n\t<meta name=\"twitter:data1\" content=\"1 minuto\" \/>\n<script type=\"application\/ld+json\" class=\"yoast-schema-graph\">{\"@context\":\"https:\/\/schema.org\",\"@graph\":[{\"@type\":\"WebPage\",\"@id\":\"https:\/\/365-housse.com\/es\/productos\/housse-fauteuil-a-oreilles-bleu-canard\/\",\"url\":\"https:\/\/365-housse.com\/es\/productos\/housse-fauteuil-a-oreilles-bleu-canard\/\",\"name\":\"Funda para sill\u00f3n orejero azul pato en entrega - gratis Ahorra un 30% en tu pedido\",\"isPartOf\":{\"@id\":\"https:\/\/365-housse.com\/es\/#website\"},\"primaryImageOfPage\":{\"@id\":\"https:\/\/365-housse.com\/es\/productos\/housse-fauteuil-a-oreilles-bleu-canard\/#primaryimage\"},\"image\":{\"@id\":\"https:\/\/365-housse.com\/es\/productos\/housse-fauteuil-a-oreilles-bleu-canard\/#primaryimage\"},\"thumbnailUrl\":\"https:\/\/365-housse.com\/wp-content\/uploads\/2023\/06\/housse-de-fauteuil-a-oreilles-bleu-canard.jpg\",\"datePublished\":\"2023-06-12T08:41:52+00:00\",\"dateModified\":\"2024-09-17T14:54:17+00:00\",\"description\":\"Recibe tu Funda para sill\u00f3n orejero azul pato hoy y benef\u00edciate de la entrega - gratuita Env\u00edo en 24\/48h\",\"breadcrumb\":{\"@id\":\"https:\/\/365-housse.com\/es\/productos\/housse-fauteuil-a-oreilles-bleu-canard\/#breadcrumb\"},\"inLanguage\":\"es\",\"potentialAction\":[{\"@type\":\"ReadAction\",\"target\":[\"https:\/\/365-housse.com\/es\/productos\/housse-fauteuil-a-oreilles-bleu-canard\/\"]}]},{\"@type\":\"ImageObject\",\"inLanguage\":\"es\",\"@id\":\"https:\/\/365-housse.com\/es\/productos\/housse-fauteuil-a-oreilles-bleu-canard\/#primaryimage\",\"url\":\"https:\/\/365-housse.com\/wp-content\/uploads\/2023\/06\/housse-de-fauteuil-a-oreilles-bleu-canard.jpg\",\"contentUrl\":\"https:\/\/365-housse.com\/wp-content\/uploads\/2023\/06\/housse-de-fauteuil-a-oreilles-bleu-canard.jpg\",\"width\":476,\"height\":446},{\"@type\":\"BreadcrumbList\",\"@id\":\"https:\/\/365-housse.com\/es\/productos\/housse-fauteuil-a-oreilles-bleu-canard\/#breadcrumb\",\"itemListElement\":[{\"@type\":\"ListItem\",\"position\":1,\"name\":\"Accueil\",\"item\":\"https:\/\/365-housse.com\/es\/\"},{\"@type\":\"ListItem\",\"position\":2,\"name\":\"Tienda\",\"item\":\"https:\/\/365-housse.com\/es\/tienda\/\"},{\"@type\":\"ListItem\",\"position\":3,\"name\":\"Funda para sill\u00f3n orejero azul pato\"}]},{\"@type\":\"WebSite\",\"@id\":\"https:\/\/365-housse.com\/es\/#website\",\"url\":\"https:\/\/365-housse.com\/es\/\",\"name\":\"Housse de Canap\u00e9\",\"description\":\"Le N\u00b01 de la Housse\",\"publisher\":{\"@id\":\"https:\/\/365-housse.com\/es\/#organization\"},\"potentialAction\":[{\"@type\":\"SearchAction\",\"target\":{\"@type\":\"EntryPoint\",\"urlTemplate\":\"https:\/\/365-housse.com\/es\/?s={search_term_string}\"},\"query-input\":{\"@type\":\"PropertyValueSpecification\",\"valueRequired\":true,\"valueName\":\"search_term_string\"}}],\"inLanguage\":\"es\"},{\"@type\":\"Organization\",\"@id\":\"https:\/\/365-housse.com\/es\/#organization\",\"name\":\"Housse de Canap\u00e9\",\"url\":\"https:\/\/365-housse.com\/es\/\",\"logo\":{\"@type\":\"ImageObject\",\"inLanguage\":\"es\",\"@id\":\"https:\/\/365-housse.com\/es\/#\/schema\/logo\/image\/\",\"url\":\"https:\/\/365-housse.com\/wp-content\/uploads\/2023\/06\/LOGO-400-\u00d7-200-px-392-x-134-px-16.png\",\"contentUrl\":\"https:\/\/365-housse.com\/wp-content\/uploads\/2023\/06\/LOGO-400-\u00d7-200-px-392-x-134-px-16.png\",\"width\":392,\"height\":134,\"caption\":\"Housse de Canap\u00e9\"},\"image\":{\"@id\":\"https:\/\/365-housse.com\/es\/#\/schema\/logo\/image\/\"}}]}<\/script>","yoast_head_json":{"title":"Funda para sill\u00f3n orejero azul pato en entrega - gratis Ahorra un 30% en tu pedido","description":"Recibe tu Funda para sill\u00f3n orejero azul pato hoy y benef\u00edciate de la entrega - gratuita Env\u00edo en 24\/48h","robots":{"index":"index","follow":"follow","max-snippet":"max-snippet:-1","max-image-preview":"max-image-preview:large","max-video-preview":"max-video-preview:-1"},"canonical":"https:\/\/365-housse.com\/es\/productos\/housse-fauteuil-a-oreilles-bleu-canard\/","og_locale":"es_ES","og_type":"article","og_title":"Funda para sill\u00f3n orejero azul pato en entrega - gratis Ahorra un 30% en tu pedido","og_description":"Recibe tu Funda para sill\u00f3n orejero azul pato hoy y benef\u00edciate de la entrega - gratuita Env\u00edo en 24\/48h","og_url":"https:\/\/365-housse.com\/es\/productos\/housse-fauteuil-a-oreilles-bleu-canard\/","og_site_name":"Housse de Canap\u00e9","article_modified_time":"2024-09-17T14:54:17+00:00","og_image":[{"width":476,"height":446,"url":"https:\/\/365-housse.com\/wp-content\/uploads\/2023\/06\/housse-de-fauteuil-a-oreilles-bleu-canard.jpg","type":"image\/jpeg"}],"twitter_card":"summary_large_image","twitter_misc":{"Tiempo de lectura":"1 minuto"},"schema":{"@context":"https:\/\/schema.org","@graph":[{"@type":"WebPage","@id":"https:\/\/365-housse.com\/es\/productos\/housse-fauteuil-a-oreilles-bleu-canard\/","url":"https:\/\/365-housse.com\/es\/productos\/housse-fauteuil-a-oreilles-bleu-canard\/","name":"Funda para sill\u00f3n orejero azul pato en entrega - gratis Ahorra un 30% en tu pedido","isPartOf":{"@id":"https:\/\/365-housse.com\/es\/#website"},"primaryImageOfPage":{"@id":"https:\/\/365-housse.com\/es\/productos\/housse-fauteuil-a-oreilles-bleu-canard\/#primaryimage"},"image":{"@id":"https:\/\/365-housse.com\/es\/productos\/housse-fauteuil-a-oreilles-bleu-canard\/#primaryimage"},"thumbnailUrl":"https:\/\/365-housse.com\/wp-content\/uploads\/2023\/06\/housse-de-fauteuil-a-oreilles-bleu-canard.jpg","datePublished":"2023-06-12T08:41:52+00:00","dateModified":"2024-09-17T14:54:17+00:00","description":"Recibe tu Funda para sill\u00f3n orejero azul pato hoy y benef\u00edciate de la entrega - gratuita Env\u00edo en 24\/48h","breadcrumb":{"@id":"https:\/\/365-housse.com\/es\/productos\/housse-fauteuil-a-oreilles-bleu-canard\/#breadcrumb"},"inLanguage":"es","potentialAction":[{"@type":"ReadAction","target":["https:\/\/365-housse.com\/es\/productos\/housse-fauteuil-a-oreilles-bleu-canard\/"]}]},{"@type":"ImageObject","inLanguage":"es","@id":"https:\/\/365-housse.com\/es\/productos\/housse-fauteuil-a-oreilles-bleu-canard\/#primaryimage","url":"https:\/\/365-housse.com\/wp-content\/uploads\/2023\/06\/housse-de-fauteuil-a-oreilles-bleu-canard.jpg","contentUrl":"https:\/\/365-housse.com\/wp-content\/uploads\/2023\/06\/housse-de-fauteuil-a-oreilles-bleu-canard.jpg","width":476,"height":446},{"@type":"BreadcrumbList","@id":"https:\/\/365-housse.com\/es\/productos\/housse-fauteuil-a-oreilles-bleu-canard\/#breadcrumb","itemListElement":[{"@type":"ListItem","position":1,"name":"Accueil","item":"https:\/\/365-housse.com\/es\/"},{"@type":"ListItem","position":2,"name":"Tienda","item":"https:\/\/365-housse.com\/es\/tienda\/"},{"@type":"ListItem","position":3,"name":"Funda para sill\u00f3n orejero azul pato"}]},{"@type":"WebSite","@id":"https:\/\/365-housse.com\/es\/#website","url":"https:\/\/365-housse.com\/es\/","name":"Housse de Canap\u00e9","description":"Le N\u00b01 de la Housse","publisher":{"@id":"https:\/\/365-housse.com\/es\/#organization"},"potentialAction":[{"@type":"SearchAction","target":{"@type":"EntryPoint","urlTemplate":"https:\/\/365-housse.com\/es\/?s={search_term_string}"},"query-input":{"@type":"PropertyValueSpecification","valueRequired":true,"valueName":"search_term_string"}}],"inLanguage":"es"},{"@type":"Organization","@id":"https:\/\/365-housse.com\/es\/#organization","name":"Housse de Canap\u00e9","url":"https:\/\/365-housse.com\/es\/","logo":{"@type":"ImageObject","inLanguage":"es","@id":"https:\/\/365-housse.com\/es\/#\/schema\/logo\/image\/","url":"https:\/\/365-housse.com\/wp-content\/uploads\/2023\/06\/LOGO-400-\u00d7-200-px-392-x-134-px-16.png","contentUrl":"https:\/\/365-housse.com\/wp-content\/uploads\/2023\/06\/LOGO-400-\u00d7-200-px-392-x-134-px-16.png","width":392,"height":134,"caption":"Housse de Canap\u00e9"},"image":{"@id":"https:\/\/365-housse.com\/es\/#\/schema\/logo\/image\/"}}]}},"_links":{"self":[{"href":"https:\/\/365-housse.com\/es\/wp-json\/wp\/v2\/product\/18092"}],"collection":[{"href":"https:\/\/365-housse.com\/es\/wp-json\/wp\/v2\/product"}],"about":[{"href":"https:\/\/365-housse.com\/es\/wp-json\/wp\/v2\/types\/product"}],"replies":[{"embeddable":true,"href":"https:\/\/365-housse.com\/es\/wp-json\/wp\/v2\/comments?post=18092"}],"wp:featuredmedia":[{"embeddable":true,"href":"https:\/\/365-housse.com\/es\/wp-json\/wp\/v2\/media\/17278"}],"wp:attachment":[{"href":"https:\/\/365-housse.com\/es\/wp-json\/wp\/v2\/media?parent=18092"}],"wp:term":[{"taxonomy":"product_cat","embeddable":true,"href":"https:\/\/365-housse.com\/es\/wp-json\/wp\/v2\/product_cat?post=18092"},{"taxonomy":"product_tag","embeddable":true,"href":"https:\/\/365-housse.com\/es\/wp-json\/wp\/v2\/product_tag?post=18092"}],"curies":[{"name":"wp","href":"https:\/\/api.w.org\/{rel}","templated":true}]}}