{"id":18098,"date":"2023-06-12T08:41:49","date_gmt":"2023-06-12T08:41:49","guid":{"rendered":"https:\/\/365-housse.com\/products\/housse-fauteuil-a-oreilles-rouge-vin\/"},"modified":"2024-09-17T14:54:18","modified_gmt":"2024-09-17T14:54:18","slug":"housse-fauteuil-a-oreilles-rouge-vin","status":"publish","type":"product","link":"https:\/\/365-housse.com\/es\/productos\/housse-fauteuil-a-oreilles-rouge-vin\/","title":{"rendered":"Funda para sill\u00f3n orejero rojo vino"},"content":{"rendered":"<h2>Encuentra tu <strong>Funda para Sill\u00f3n Orejero<\/strong> perfecta con un refinado y elegante color <strong>Rojo Vino<\/strong><\/h2>\n<p>\u00bfEst\u00e1s buscando un accesorio que cambie completamente el aspecto de tu interior? La <strong>Funda para Silla Orejero Rojo Vino<\/strong> ser\u00e1 perfecta para cualquier ocasi\u00f3n, ya sea una fiesta o una reuni\u00f3n familiar. Ofrece un dise\u00f1o elegante y un color muy atractivo que har\u00e1 que tu hogar luzca con mucho estilo. \u00a1Tambi\u00e9n es un gran regalo para los amantes del vino!<\/p>\n<h3>Las ventajas de la <strong>funda para sill\u00f3n orejero rojo vino<\/strong>:<\/h3>\n<ul>\n<li>Aporta un toque de <strong>elegancia<\/strong> y un lado <strong>c\u00e1lido<\/strong> a tu interior<\/li>\n<li>Ideal para cambiar de decoraci\u00f3n o transformar un espacio<\/li>\n<li>Proporciona una <strong>protecci\u00f3n \u00f3ptima<\/strong> contra la suciedad y las manchas<\/li>\n<li>Fabricado con <strong>tejido de calidad<\/strong><\/li>\n<li>F\u00e1cil de poner e instalar<\/li>\n<\/ul>\n<p><strong>Caracter\u00edsticas:<\/strong><\/p>\n<ul>\n<li>Material: poli\u00e9ster y spandex (material el\u00e1stico)<\/li>\n<li><strong>Tejidos de calidad superior<\/strong> preservando tu silla<\/li>\n<li><strong>tecnolog\u00eda de impresi\u00f3n de alto rendimiento<\/strong> para una mayor resistencia del color a la luz y al lavado<\/li>\n<li>Lavable a m\u00e1quina (sin planchado y de secado r\u00e1pido)<\/li>\n<li>Diferentes usos: comedor, sal\u00f3n, despacho, dormitorio,&#8230;<\/li>\n<\/ul>\n<p><strong>Gu\u00eda de tallas:<\/strong><\/p>\n<p><img decoding=\"async\" alt=\"\" src=\"https:\/\/365-housse.com\/wp-content\/uploads\/2023\/06\/housse-de-fauteuil-a-oreille-taille_480x480.jpg?v=1672164049\" \/><\/p>\n<p><strong>Gu\u00eda de instalaci\u00f3n:<\/strong><\/p>\n<p><img decoding=\"async\" alt=\"\" src=\"https:\/\/365-housse.com\/wp-content\/uploads\/2023\/06\/GUIDED_INSTALLATION_480x480.jpg?v=1672164126\" style=\"margin-left: auto\" \/><\/p>\n<p><strong>La diferencia Antes\/Despu\u00e9s:<\/strong><\/p>\n<p><img decoding=\"async\" alt=\"\" data-mce-fragment=\"1\" data-mce-src=\"https:\/\/365-housse.com\/wp-content\/uploads\/2023\/06\/Captured_ecran2022-12-26210827_480x480 .jpg?v=1672164367\" src=\"https:\/\/365-housse.com\/wp-content\/uploads\/2023\/06\/Captured_ecran2022-12-26210827_480x480.jpg?v=1672164367\" style=\"margin-left: auto;margin-right: auto\" \/>En nuestro sitio, tenemos una amplia variedad de <a href=\"https:\/\/365-housse.com\/es\/collections\/funda-de-sillon\/\" rel=\"noopener noreferrer\" target=\"_blank\" title=\"Funda para sill\u00f3n\"><strong data-mce-fragment=\"1\">Funda para sill\u00f3n<\/strong><\/a> para ofrecerle, incluidas fundas para sillones con respaldo. Este producto est\u00e1 disponible en una variedad de colores y patrones diferentes, incluidos colores s\u00f3lidos como el blanco o el negro, as\u00ed como estampados como patrones florales o geom\u00e9tricos. El m\u00e1s popular es el <a href=\"https:\/\/365-housse.com\/es\/products\/housse-fauteuil-a-oreille-jaune-moutarde\/\" rel=\"noopener noreferrer\" target=\"_blank\" title=\"Funda para sill\u00f3n orejero amarillo mostaza\"><strong data-mce-fragment=\"1\">Funda para sill\u00f3n orejero amarillo mostaza<\/strong><\/a>.<\/p>\n","protected":false},"excerpt":{"rendered":"<p>Encuentra tu Funda para Sill\u00f3n Orejero perfecta con un refinado y elegante color Rojo Vino \u00bfEst\u00e1s buscando un accesorio que cambie completamente el aspecto de tu interior? La Funda para Silla Orejero Rojo Vino ser\u00e1 perfecta para cualquier ocasi\u00f3n, ya sea una fiesta o una reuni\u00f3n familiar. Ofrece un dise\u00f1o elegante y un color muy [&hellip;]<\/p>\n","protected":false},"featured_media":17275,"comment_status":"open","ping_status":"closed","template":"","meta":[],"product_cat":[159,161],"product_tag":[200],"class_list":{"0":"post-18098","1":"product","2":"type-product","3":"status-publish","4":"has-post-thumbnail","6":"product_cat-funda-de-sillon","7":"product_cat-portada-interior","8":"product_tag-fauteuil-es","10":"first","11":"instock","12":"shipping-taxable","13":"purchasable","14":"product-type-simple"},"yoast_head":"<title>Funda para sill\u00f3n orejero rojo vino en entrega - gratis Ahorra un 30% en tu pedido<\/title>\n<meta name=\"description\" content=\"Recibe tu Funda para sill\u00f3n orejero rojo vino hoy y benef\u00edciate de la entrega - gratuita Env\u00edo en 24\/48h\" \/>\n<meta name=\"robots\" content=\"index, follow, max-snippet:-1, max-image-preview:large, max-video-preview:-1\" \/>\n<link rel=\"canonical\" href=\"https:\/\/365-housse.com\/es\/productos\/housse-fauteuil-a-oreilles-rouge-vin\/\" \/>\n<meta property=\"og:locale\" content=\"es_ES\" \/>\n<meta property=\"og:type\" content=\"article\" \/>\n<meta property=\"og:title\" content=\"Funda para sill\u00f3n orejero rojo vino en entrega - gratis Ahorra un 30% en tu pedido\" \/>\n<meta property=\"og:description\" content=\"Recibe tu Funda para sill\u00f3n orejero rojo vino hoy y benef\u00edciate de la entrega - gratuita Env\u00edo en 24\/48h\" \/>\n<meta property=\"og:url\" content=\"https:\/\/365-housse.com\/es\/productos\/housse-fauteuil-a-oreilles-rouge-vin\/\" \/>\n<meta property=\"og:site_name\" content=\"Housse de Canap\u00e9\" \/>\n<meta property=\"article:modified_time\" content=\"2024-09-17T14:54:18+00:00\" \/>\n<meta property=\"og:image\" content=\"https:\/\/365-housse.com\/wp-content\/uploads\/2023\/06\/housse-de-fauteuil-a-oreilles-rouge-vin.jpg\" \/>\n\t<meta property=\"og:image:width\" content=\"483\" \/>\n\t<meta property=\"og:image:height\" content=\"462\" \/>\n\t<meta property=\"og:image:type\" content=\"image\/jpeg\" \/>\n<meta name=\"twitter:card\" content=\"summary_large_image\" \/>\n<meta name=\"twitter:label1\" content=\"Tiempo de lectura\" \/>\n\t<meta name=\"twitter:data1\" content=\"1 minuto\" \/>\n<script type=\"application\/ld+json\" class=\"yoast-schema-graph\">{\"@context\":\"https:\/\/schema.org\",\"@graph\":[{\"@type\":\"WebPage\",\"@id\":\"https:\/\/365-housse.com\/es\/productos\/housse-fauteuil-a-oreilles-rouge-vin\/\",\"url\":\"https:\/\/365-housse.com\/es\/productos\/housse-fauteuil-a-oreilles-rouge-vin\/\",\"name\":\"Funda para sill\u00f3n orejero rojo vino en entrega - gratis Ahorra un 30% en tu pedido\",\"isPartOf\":{\"@id\":\"https:\/\/365-housse.com\/es\/#website\"},\"primaryImageOfPage\":{\"@id\":\"https:\/\/365-housse.com\/es\/productos\/housse-fauteuil-a-oreilles-rouge-vin\/#primaryimage\"},\"image\":{\"@id\":\"https:\/\/365-housse.com\/es\/productos\/housse-fauteuil-a-oreilles-rouge-vin\/#primaryimage\"},\"thumbnailUrl\":\"https:\/\/365-housse.com\/wp-content\/uploads\/2023\/06\/housse-de-fauteuil-a-oreilles-rouge-vin.jpg\",\"datePublished\":\"2023-06-12T08:41:49+00:00\",\"dateModified\":\"2024-09-17T14:54:18+00:00\",\"description\":\"Recibe tu Funda para sill\u00f3n orejero rojo vino hoy y benef\u00edciate de la entrega - gratuita Env\u00edo en 24\/48h\",\"breadcrumb\":{\"@id\":\"https:\/\/365-housse.com\/es\/productos\/housse-fauteuil-a-oreilles-rouge-vin\/#breadcrumb\"},\"inLanguage\":\"es\",\"potentialAction\":[{\"@type\":\"ReadAction\",\"target\":[\"https:\/\/365-housse.com\/es\/productos\/housse-fauteuil-a-oreilles-rouge-vin\/\"]}]},{\"@type\":\"ImageObject\",\"inLanguage\":\"es\",\"@id\":\"https:\/\/365-housse.com\/es\/productos\/housse-fauteuil-a-oreilles-rouge-vin\/#primaryimage\",\"url\":\"https:\/\/365-housse.com\/wp-content\/uploads\/2023\/06\/housse-de-fauteuil-a-oreilles-rouge-vin.jpg\",\"contentUrl\":\"https:\/\/365-housse.com\/wp-content\/uploads\/2023\/06\/housse-de-fauteuil-a-oreilles-rouge-vin.jpg\",\"width\":483,\"height\":462},{\"@type\":\"BreadcrumbList\",\"@id\":\"https:\/\/365-housse.com\/es\/productos\/housse-fauteuil-a-oreilles-rouge-vin\/#breadcrumb\",\"itemListElement\":[{\"@type\":\"ListItem\",\"position\":1,\"name\":\"Accueil\",\"item\":\"https:\/\/365-housse.com\/es\/\"},{\"@type\":\"ListItem\",\"position\":2,\"name\":\"Tienda\",\"item\":\"https:\/\/365-housse.com\/es\/tienda\/\"},{\"@type\":\"ListItem\",\"position\":3,\"name\":\"Funda para sill\u00f3n orejero rojo vino\"}]},{\"@type\":\"WebSite\",\"@id\":\"https:\/\/365-housse.com\/es\/#website\",\"url\":\"https:\/\/365-housse.com\/es\/\",\"name\":\"Housse de Canap\u00e9\",\"description\":\"Le N\u00b01 de la Housse\",\"publisher\":{\"@id\":\"https:\/\/365-housse.com\/es\/#organization\"},\"potentialAction\":[{\"@type\":\"SearchAction\",\"target\":{\"@type\":\"EntryPoint\",\"urlTemplate\":\"https:\/\/365-housse.com\/es\/?s={search_term_string}\"},\"query-input\":{\"@type\":\"PropertyValueSpecification\",\"valueRequired\":true,\"valueName\":\"search_term_string\"}}],\"inLanguage\":\"es\"},{\"@type\":\"Organization\",\"@id\":\"https:\/\/365-housse.com\/es\/#organization\",\"name\":\"Housse de Canap\u00e9\",\"url\":\"https:\/\/365-housse.com\/es\/\",\"logo\":{\"@type\":\"ImageObject\",\"inLanguage\":\"es\",\"@id\":\"https:\/\/365-housse.com\/es\/#\/schema\/logo\/image\/\",\"url\":\"https:\/\/365-housse.com\/wp-content\/uploads\/2023\/06\/LOGO-400-\u00d7-200-px-392-x-134-px-16.png\",\"contentUrl\":\"https:\/\/365-housse.com\/wp-content\/uploads\/2023\/06\/LOGO-400-\u00d7-200-px-392-x-134-px-16.png\",\"width\":392,\"height\":134,\"caption\":\"Housse de Canap\u00e9\"},\"image\":{\"@id\":\"https:\/\/365-housse.com\/es\/#\/schema\/logo\/image\/\"}}]}<\/script>","yoast_head_json":{"title":"Funda para sill\u00f3n orejero rojo vino en entrega - gratis Ahorra un 30% en tu pedido","description":"Recibe tu Funda para sill\u00f3n orejero rojo vino hoy y benef\u00edciate de la entrega - gratuita Env\u00edo en 24\/48h","robots":{"index":"index","follow":"follow","max-snippet":"max-snippet:-1","max-image-preview":"max-image-preview:large","max-video-preview":"max-video-preview:-1"},"canonical":"https:\/\/365-housse.com\/es\/productos\/housse-fauteuil-a-oreilles-rouge-vin\/","og_locale":"es_ES","og_type":"article","og_title":"Funda para sill\u00f3n orejero rojo vino en entrega - gratis Ahorra un 30% en tu pedido","og_description":"Recibe tu Funda para sill\u00f3n orejero rojo vino hoy y benef\u00edciate de la entrega - gratuita Env\u00edo en 24\/48h","og_url":"https:\/\/365-housse.com\/es\/productos\/housse-fauteuil-a-oreilles-rouge-vin\/","og_site_name":"Housse de Canap\u00e9","article_modified_time":"2024-09-17T14:54:18+00:00","og_image":[{"width":483,"height":462,"url":"https:\/\/365-housse.com\/wp-content\/uploads\/2023\/06\/housse-de-fauteuil-a-oreilles-rouge-vin.jpg","type":"image\/jpeg"}],"twitter_card":"summary_large_image","twitter_misc":{"Tiempo de lectura":"1 minuto"},"schema":{"@context":"https:\/\/schema.org","@graph":[{"@type":"WebPage","@id":"https:\/\/365-housse.com\/es\/productos\/housse-fauteuil-a-oreilles-rouge-vin\/","url":"https:\/\/365-housse.com\/es\/productos\/housse-fauteuil-a-oreilles-rouge-vin\/","name":"Funda para sill\u00f3n orejero rojo vino en entrega - gratis Ahorra un 30% en tu pedido","isPartOf":{"@id":"https:\/\/365-housse.com\/es\/#website"},"primaryImageOfPage":{"@id":"https:\/\/365-housse.com\/es\/productos\/housse-fauteuil-a-oreilles-rouge-vin\/#primaryimage"},"image":{"@id":"https:\/\/365-housse.com\/es\/productos\/housse-fauteuil-a-oreilles-rouge-vin\/#primaryimage"},"thumbnailUrl":"https:\/\/365-housse.com\/wp-content\/uploads\/2023\/06\/housse-de-fauteuil-a-oreilles-rouge-vin.jpg","datePublished":"2023-06-12T08:41:49+00:00","dateModified":"2024-09-17T14:54:18+00:00","description":"Recibe tu Funda para sill\u00f3n orejero rojo vino hoy y benef\u00edciate de la entrega - gratuita Env\u00edo en 24\/48h","breadcrumb":{"@id":"https:\/\/365-housse.com\/es\/productos\/housse-fauteuil-a-oreilles-rouge-vin\/#breadcrumb"},"inLanguage":"es","potentialAction":[{"@type":"ReadAction","target":["https:\/\/365-housse.com\/es\/productos\/housse-fauteuil-a-oreilles-rouge-vin\/"]}]},{"@type":"ImageObject","inLanguage":"es","@id":"https:\/\/365-housse.com\/es\/productos\/housse-fauteuil-a-oreilles-rouge-vin\/#primaryimage","url":"https:\/\/365-housse.com\/wp-content\/uploads\/2023\/06\/housse-de-fauteuil-a-oreilles-rouge-vin.jpg","contentUrl":"https:\/\/365-housse.com\/wp-content\/uploads\/2023\/06\/housse-de-fauteuil-a-oreilles-rouge-vin.jpg","width":483,"height":462},{"@type":"BreadcrumbList","@id":"https:\/\/365-housse.com\/es\/productos\/housse-fauteuil-a-oreilles-rouge-vin\/#breadcrumb","itemListElement":[{"@type":"ListItem","position":1,"name":"Accueil","item":"https:\/\/365-housse.com\/es\/"},{"@type":"ListItem","position":2,"name":"Tienda","item":"https:\/\/365-housse.com\/es\/tienda\/"},{"@type":"ListItem","position":3,"name":"Funda para sill\u00f3n orejero rojo vino"}]},{"@type":"WebSite","@id":"https:\/\/365-housse.com\/es\/#website","url":"https:\/\/365-housse.com\/es\/","name":"Housse de Canap\u00e9","description":"Le N\u00b01 de la Housse","publisher":{"@id":"https:\/\/365-housse.com\/es\/#organization"},"potentialAction":[{"@type":"SearchAction","target":{"@type":"EntryPoint","urlTemplate":"https:\/\/365-housse.com\/es\/?s={search_term_string}"},"query-input":{"@type":"PropertyValueSpecification","valueRequired":true,"valueName":"search_term_string"}}],"inLanguage":"es"},{"@type":"Organization","@id":"https:\/\/365-housse.com\/es\/#organization","name":"Housse de Canap\u00e9","url":"https:\/\/365-housse.com\/es\/","logo":{"@type":"ImageObject","inLanguage":"es","@id":"https:\/\/365-housse.com\/es\/#\/schema\/logo\/image\/","url":"https:\/\/365-housse.com\/wp-content\/uploads\/2023\/06\/LOGO-400-\u00d7-200-px-392-x-134-px-16.png","contentUrl":"https:\/\/365-housse.com\/wp-content\/uploads\/2023\/06\/LOGO-400-\u00d7-200-px-392-x-134-px-16.png","width":392,"height":134,"caption":"Housse de Canap\u00e9"},"image":{"@id":"https:\/\/365-housse.com\/es\/#\/schema\/logo\/image\/"}}]}},"_links":{"self":[{"href":"https:\/\/365-housse.com\/es\/wp-json\/wp\/v2\/product\/18098"}],"collection":[{"href":"https:\/\/365-housse.com\/es\/wp-json\/wp\/v2\/product"}],"about":[{"href":"https:\/\/365-housse.com\/es\/wp-json\/wp\/v2\/types\/product"}],"replies":[{"embeddable":true,"href":"https:\/\/365-housse.com\/es\/wp-json\/wp\/v2\/comments?post=18098"}],"wp:featuredmedia":[{"embeddable":true,"href":"https:\/\/365-housse.com\/es\/wp-json\/wp\/v2\/media\/17275"}],"wp:attachment":[{"href":"https:\/\/365-housse.com\/es\/wp-json\/wp\/v2\/media?parent=18098"}],"wp:term":[{"taxonomy":"product_cat","embeddable":true,"href":"https:\/\/365-housse.com\/es\/wp-json\/wp\/v2\/product_cat?post=18098"},{"taxonomy":"product_tag","embeddable":true,"href":"https:\/\/365-housse.com\/es\/wp-json\/wp\/v2\/product_tag?post=18098"}],"curies":[{"name":"wp","href":"https:\/\/api.w.org\/{rel}","templated":true}]}}