{"id":18107,"date":"2023-06-12T08:41:42","date_gmt":"2023-06-12T08:41:42","guid":{"rendered":"https:\/\/365-housse.com\/products\/housse-fauteuil-antiderapante-bleu-marine\/"},"modified":"2024-09-17T14:54:22","modified_gmt":"2024-09-17T14:54:22","slug":"housse-fauteuil-antiderapante-bleu-marine","status":"publish","type":"product","link":"https:\/\/365-housse.com\/es\/productos\/housse-fauteuil-antiderapante-bleu-marine\/","title":{"rendered":"Funda para sill\u00f3n antideslizante azul marino"},"content":{"rendered":"<h2 data-mce-fragment=\"1\" data-pm-slice=\"1 1 []\">A\u00f1ade un toque de <strong data-mce-fragment=\"1\">elegancia<\/strong><span> <\/span>y<span>\u00a0<\/span><strong>calidez<\/strong><span>\u00a0<\/span>a tu hogar con esta <strong data-mce-fragment=\"1\">Funda para sill\u00f3n<\/strong> <strong data-mce-fragment=\"1\">Antideslizante<\/strong> <strong data-mce-fragment=\"1\">Azul Marino<\/strong>. Una pieza \u00fanica de nuestra colecci\u00f3n, confeccionada con tejidos de alta calidad, es perfecta para cambiar la decoraci\u00f3n o transformar una habitaci\u00f3n. Ofrece una <strong>protecci\u00f3n \u00f3ptima<\/strong><span> <\/span>contra la suciedad y las manchas, y es muy f\u00e1cil de poner e instalar.<\/h2>\n<h3>Caracter\u00edsticas de la <strong>funda sill\u00f3n antideslizante azul marino<\/strong>: <\/h3>\n<ul>\n<li>Material: Jacquard (material el\u00e1stico)<\/li>\n<li><span> <\/span><strong>telas de primera calidad<\/strong> preservando tu silla<\/li>\n<li>Tecnolog\u00eda de impresi\u00f3n ultraeficiente<span> <\/span> para una mayor resistencia del color a la luz y al lavado<\/li>\n<li>Lavable a m\u00e1quina (sin planchado y de secado r\u00e1pido)<\/li>\n<li>Diferentes usos: comedor, sal\u00f3n, despacho, dormitorio,&#8230;<\/li>\n<\/ul>\n<p><strong>Gu\u00eda de tallas:<\/strong><\/p>\n<p><strong><img decoding=\"async\" alt=\"\" src=\"https:\/\/365-housse.com\/wp-content\/uploads\/2023\/06\/housse-de-fauteuil-antiderapante-taille_480x480.jpg?v=1672597947 \" \/><\/strong><\/p>\n<p data-mce-fragment=\"1\">Si buscas <a href=\"https:\/\/365-housse.com\/es\/collections\/funda-de-sillon\/\" rel=\"noopener noreferrer\" target=\"_blank\" title=\"Fundas para Sillones\"><strong data-mce-fragment=\"1\">Fundas para Sillones<\/strong><\/a> para tu evento, considera el estilo que quieres darle a tu espacio. The <a href=\"https:\/\/365-housse.com\/es\/products\/housse-fauteuil-antiderapante-gris\/\" rel=\"noopener noreferrer\" target=\"_blank\" title=\"Funda Sill\u00f3n Antideslizante Gris\"> <strong data-mce-fragment=\"1\">Funda para sill\u00f3n<\/strong> <strong data-mce-fragment=\"1\">Antideslizante<\/strong> <strong data-mce-fragment=\"1\"> El gris<\/strong><\/a> o el negro son perfectos para unir todos los elementos decorativos. Tambi\u00e9n puedes a\u00f1adir telas estampadas a tu interior que tengan significado para ti o tus invitados.<\/p>\n","protected":false},"excerpt":{"rendered":"<p>A\u00f1ade un toque de elegancia y\u00a0calidez\u00a0a tu hogar con esta Funda para sill\u00f3n Antideslizante Azul Marino. Una pieza \u00fanica de nuestra colecci\u00f3n, confeccionada con tejidos de alta calidad, es perfecta para cambiar la decoraci\u00f3n o transformar una habitaci\u00f3n. Ofrece una protecci\u00f3n \u00f3ptima contra la suciedad y las manchas, y es muy f\u00e1cil de poner e [&hellip;]<\/p>\n","protected":false},"featured_media":17262,"comment_status":"open","ping_status":"closed","template":"","meta":[],"product_cat":[159,161],"product_tag":[200],"class_list":{"0":"post-18107","1":"product","2":"type-product","3":"status-publish","4":"has-post-thumbnail","6":"product_cat-funda-de-sillon","7":"product_cat-portada-interior","8":"product_tag-fauteuil-es","10":"first","11":"instock","12":"shipping-taxable","13":"purchasable","14":"product-type-simple"},"yoast_head":"<title>Funda para sill\u00f3n antideslizante azul marino en entrega - gratis Ahorra un 30% en tu pedido<\/title>\n<meta name=\"description\" content=\"Recibe tu Funda para sill\u00f3n antideslizante azul marino hoy y benef\u00edciate de la entrega - gratuita Env\u00edo en 24\/48h\" \/>\n<meta name=\"robots\" content=\"index, follow, max-snippet:-1, max-image-preview:large, max-video-preview:-1\" \/>\n<link rel=\"canonical\" href=\"https:\/\/365-housse.com\/es\/productos\/housse-fauteuil-antiderapante-bleu-marine\/\" \/>\n<meta property=\"og:locale\" content=\"es_ES\" \/>\n<meta property=\"og:type\" content=\"article\" \/>\n<meta property=\"og:title\" content=\"Funda para sill\u00f3n antideslizante azul marino en entrega - gratis Ahorra un 30% en tu pedido\" \/>\n<meta property=\"og:description\" content=\"Recibe tu Funda para sill\u00f3n antideslizante azul marino hoy y benef\u00edciate de la entrega - gratuita Env\u00edo en 24\/48h\" \/>\n<meta property=\"og:url\" content=\"https:\/\/365-housse.com\/es\/productos\/housse-fauteuil-antiderapante-bleu-marine\/\" \/>\n<meta property=\"og:site_name\" content=\"Housse de Canap\u00e9\" \/>\n<meta property=\"article:modified_time\" content=\"2024-09-17T14:54:22+00:00\" \/>\n<meta property=\"og:image\" content=\"https:\/\/365-housse.com\/wp-content\/uploads\/2023\/06\/housse-de-fauteuil-antiderapante-bleu-marine.jpg\" \/>\n\t<meta property=\"og:image:width\" content=\"476\" \/>\n\t<meta property=\"og:image:height\" content=\"469\" \/>\n\t<meta property=\"og:image:type\" content=\"image\/jpeg\" \/>\n<meta name=\"twitter:card\" content=\"summary_large_image\" \/>\n<meta name=\"twitter:label1\" content=\"Tiempo de lectura\" \/>\n\t<meta name=\"twitter:data1\" content=\"1 minuto\" \/>\n<script type=\"application\/ld+json\" class=\"yoast-schema-graph\">{\"@context\":\"https:\/\/schema.org\",\"@graph\":[{\"@type\":\"WebPage\",\"@id\":\"https:\/\/365-housse.com\/es\/productos\/housse-fauteuil-antiderapante-bleu-marine\/\",\"url\":\"https:\/\/365-housse.com\/es\/productos\/housse-fauteuil-antiderapante-bleu-marine\/\",\"name\":\"Funda para sill\u00f3n antideslizante azul marino en entrega - gratis Ahorra un 30% en tu pedido\",\"isPartOf\":{\"@id\":\"https:\/\/365-housse.com\/es\/#website\"},\"primaryImageOfPage\":{\"@id\":\"https:\/\/365-housse.com\/es\/productos\/housse-fauteuil-antiderapante-bleu-marine\/#primaryimage\"},\"image\":{\"@id\":\"https:\/\/365-housse.com\/es\/productos\/housse-fauteuil-antiderapante-bleu-marine\/#primaryimage\"},\"thumbnailUrl\":\"https:\/\/365-housse.com\/wp-content\/uploads\/2023\/06\/housse-de-fauteuil-antiderapante-bleu-marine.jpg\",\"datePublished\":\"2023-06-12T08:41:42+00:00\",\"dateModified\":\"2024-09-17T14:54:22+00:00\",\"description\":\"Recibe tu Funda para sill\u00f3n antideslizante azul marino hoy y benef\u00edciate de la entrega - gratuita Env\u00edo en 24\/48h\",\"breadcrumb\":{\"@id\":\"https:\/\/365-housse.com\/es\/productos\/housse-fauteuil-antiderapante-bleu-marine\/#breadcrumb\"},\"inLanguage\":\"es\",\"potentialAction\":[{\"@type\":\"ReadAction\",\"target\":[\"https:\/\/365-housse.com\/es\/productos\/housse-fauteuil-antiderapante-bleu-marine\/\"]}]},{\"@type\":\"ImageObject\",\"inLanguage\":\"es\",\"@id\":\"https:\/\/365-housse.com\/es\/productos\/housse-fauteuil-antiderapante-bleu-marine\/#primaryimage\",\"url\":\"https:\/\/365-housse.com\/wp-content\/uploads\/2023\/06\/housse-de-fauteuil-antiderapante-bleu-marine.jpg\",\"contentUrl\":\"https:\/\/365-housse.com\/wp-content\/uploads\/2023\/06\/housse-de-fauteuil-antiderapante-bleu-marine.jpg\",\"width\":476,\"height\":469},{\"@type\":\"BreadcrumbList\",\"@id\":\"https:\/\/365-housse.com\/es\/productos\/housse-fauteuil-antiderapante-bleu-marine\/#breadcrumb\",\"itemListElement\":[{\"@type\":\"ListItem\",\"position\":1,\"name\":\"Accueil\",\"item\":\"https:\/\/365-housse.com\/es\/\"},{\"@type\":\"ListItem\",\"position\":2,\"name\":\"Tienda\",\"item\":\"https:\/\/365-housse.com\/es\/tienda\/\"},{\"@type\":\"ListItem\",\"position\":3,\"name\":\"Funda para sill\u00f3n antideslizante azul marino\"}]},{\"@type\":\"WebSite\",\"@id\":\"https:\/\/365-housse.com\/es\/#website\",\"url\":\"https:\/\/365-housse.com\/es\/\",\"name\":\"Housse de Canap\u00e9\",\"description\":\"Le N\u00b01 de la Housse\",\"publisher\":{\"@id\":\"https:\/\/365-housse.com\/es\/#organization\"},\"potentialAction\":[{\"@type\":\"SearchAction\",\"target\":{\"@type\":\"EntryPoint\",\"urlTemplate\":\"https:\/\/365-housse.com\/es\/?s={search_term_string}\"},\"query-input\":{\"@type\":\"PropertyValueSpecification\",\"valueRequired\":true,\"valueName\":\"search_term_string\"}}],\"inLanguage\":\"es\"},{\"@type\":\"Organization\",\"@id\":\"https:\/\/365-housse.com\/es\/#organization\",\"name\":\"Housse de Canap\u00e9\",\"url\":\"https:\/\/365-housse.com\/es\/\",\"logo\":{\"@type\":\"ImageObject\",\"inLanguage\":\"es\",\"@id\":\"https:\/\/365-housse.com\/es\/#\/schema\/logo\/image\/\",\"url\":\"https:\/\/365-housse.com\/wp-content\/uploads\/2023\/06\/LOGO-400-\u00d7-200-px-392-x-134-px-16.png\",\"contentUrl\":\"https:\/\/365-housse.com\/wp-content\/uploads\/2023\/06\/LOGO-400-\u00d7-200-px-392-x-134-px-16.png\",\"width\":392,\"height\":134,\"caption\":\"Housse de Canap\u00e9\"},\"image\":{\"@id\":\"https:\/\/365-housse.com\/es\/#\/schema\/logo\/image\/\"}}]}<\/script>","yoast_head_json":{"title":"Funda para sill\u00f3n antideslizante azul marino en entrega - gratis Ahorra un 30% en tu pedido","description":"Recibe tu Funda para sill\u00f3n antideslizante azul marino hoy y benef\u00edciate de la entrega - gratuita Env\u00edo en 24\/48h","robots":{"index":"index","follow":"follow","max-snippet":"max-snippet:-1","max-image-preview":"max-image-preview:large","max-video-preview":"max-video-preview:-1"},"canonical":"https:\/\/365-housse.com\/es\/productos\/housse-fauteuil-antiderapante-bleu-marine\/","og_locale":"es_ES","og_type":"article","og_title":"Funda para sill\u00f3n antideslizante azul marino en entrega - gratis Ahorra un 30% en tu pedido","og_description":"Recibe tu Funda para sill\u00f3n antideslizante azul marino hoy y benef\u00edciate de la entrega - gratuita Env\u00edo en 24\/48h","og_url":"https:\/\/365-housse.com\/es\/productos\/housse-fauteuil-antiderapante-bleu-marine\/","og_site_name":"Housse de Canap\u00e9","article_modified_time":"2024-09-17T14:54:22+00:00","og_image":[{"width":476,"height":469,"url":"https:\/\/365-housse.com\/wp-content\/uploads\/2023\/06\/housse-de-fauteuil-antiderapante-bleu-marine.jpg","type":"image\/jpeg"}],"twitter_card":"summary_large_image","twitter_misc":{"Tiempo de lectura":"1 minuto"},"schema":{"@context":"https:\/\/schema.org","@graph":[{"@type":"WebPage","@id":"https:\/\/365-housse.com\/es\/productos\/housse-fauteuil-antiderapante-bleu-marine\/","url":"https:\/\/365-housse.com\/es\/productos\/housse-fauteuil-antiderapante-bleu-marine\/","name":"Funda para sill\u00f3n antideslizante azul marino en entrega - gratis Ahorra un 30% en tu pedido","isPartOf":{"@id":"https:\/\/365-housse.com\/es\/#website"},"primaryImageOfPage":{"@id":"https:\/\/365-housse.com\/es\/productos\/housse-fauteuil-antiderapante-bleu-marine\/#primaryimage"},"image":{"@id":"https:\/\/365-housse.com\/es\/productos\/housse-fauteuil-antiderapante-bleu-marine\/#primaryimage"},"thumbnailUrl":"https:\/\/365-housse.com\/wp-content\/uploads\/2023\/06\/housse-de-fauteuil-antiderapante-bleu-marine.jpg","datePublished":"2023-06-12T08:41:42+00:00","dateModified":"2024-09-17T14:54:22+00:00","description":"Recibe tu Funda para sill\u00f3n antideslizante azul marino hoy y benef\u00edciate de la entrega - gratuita Env\u00edo en 24\/48h","breadcrumb":{"@id":"https:\/\/365-housse.com\/es\/productos\/housse-fauteuil-antiderapante-bleu-marine\/#breadcrumb"},"inLanguage":"es","potentialAction":[{"@type":"ReadAction","target":["https:\/\/365-housse.com\/es\/productos\/housse-fauteuil-antiderapante-bleu-marine\/"]}]},{"@type":"ImageObject","inLanguage":"es","@id":"https:\/\/365-housse.com\/es\/productos\/housse-fauteuil-antiderapante-bleu-marine\/#primaryimage","url":"https:\/\/365-housse.com\/wp-content\/uploads\/2023\/06\/housse-de-fauteuil-antiderapante-bleu-marine.jpg","contentUrl":"https:\/\/365-housse.com\/wp-content\/uploads\/2023\/06\/housse-de-fauteuil-antiderapante-bleu-marine.jpg","width":476,"height":469},{"@type":"BreadcrumbList","@id":"https:\/\/365-housse.com\/es\/productos\/housse-fauteuil-antiderapante-bleu-marine\/#breadcrumb","itemListElement":[{"@type":"ListItem","position":1,"name":"Accueil","item":"https:\/\/365-housse.com\/es\/"},{"@type":"ListItem","position":2,"name":"Tienda","item":"https:\/\/365-housse.com\/es\/tienda\/"},{"@type":"ListItem","position":3,"name":"Funda para sill\u00f3n antideslizante azul marino"}]},{"@type":"WebSite","@id":"https:\/\/365-housse.com\/es\/#website","url":"https:\/\/365-housse.com\/es\/","name":"Housse de Canap\u00e9","description":"Le N\u00b01 de la Housse","publisher":{"@id":"https:\/\/365-housse.com\/es\/#organization"},"potentialAction":[{"@type":"SearchAction","target":{"@type":"EntryPoint","urlTemplate":"https:\/\/365-housse.com\/es\/?s={search_term_string}"},"query-input":{"@type":"PropertyValueSpecification","valueRequired":true,"valueName":"search_term_string"}}],"inLanguage":"es"},{"@type":"Organization","@id":"https:\/\/365-housse.com\/es\/#organization","name":"Housse de Canap\u00e9","url":"https:\/\/365-housse.com\/es\/","logo":{"@type":"ImageObject","inLanguage":"es","@id":"https:\/\/365-housse.com\/es\/#\/schema\/logo\/image\/","url":"https:\/\/365-housse.com\/wp-content\/uploads\/2023\/06\/LOGO-400-\u00d7-200-px-392-x-134-px-16.png","contentUrl":"https:\/\/365-housse.com\/wp-content\/uploads\/2023\/06\/LOGO-400-\u00d7-200-px-392-x-134-px-16.png","width":392,"height":134,"caption":"Housse de Canap\u00e9"},"image":{"@id":"https:\/\/365-housse.com\/es\/#\/schema\/logo\/image\/"}}]}},"_links":{"self":[{"href":"https:\/\/365-housse.com\/es\/wp-json\/wp\/v2\/product\/18107"}],"collection":[{"href":"https:\/\/365-housse.com\/es\/wp-json\/wp\/v2\/product"}],"about":[{"href":"https:\/\/365-housse.com\/es\/wp-json\/wp\/v2\/types\/product"}],"replies":[{"embeddable":true,"href":"https:\/\/365-housse.com\/es\/wp-json\/wp\/v2\/comments?post=18107"}],"wp:featuredmedia":[{"embeddable":true,"href":"https:\/\/365-housse.com\/es\/wp-json\/wp\/v2\/media\/17262"}],"wp:attachment":[{"href":"https:\/\/365-housse.com\/es\/wp-json\/wp\/v2\/media?parent=18107"}],"wp:term":[{"taxonomy":"product_cat","embeddable":true,"href":"https:\/\/365-housse.com\/es\/wp-json\/wp\/v2\/product_cat?post=18107"},{"taxonomy":"product_tag","embeddable":true,"href":"https:\/\/365-housse.com\/es\/wp-json\/wp\/v2\/product_tag?post=18107"}],"curies":[{"name":"wp","href":"https:\/\/api.w.org\/{rel}","templated":true}]}}