{"id":18150,"date":"2023-06-12T08:41:12","date_gmt":"2023-06-12T08:41:12","guid":{"rendered":"https:\/\/365-housse.com\/products\/housse-fauteuil-extensible-florale-grise\/"},"modified":"2024-09-17T14:54:45","modified_gmt":"2024-09-17T14:54:45","slug":"housse-fauteuil-extensible-florale-grise","status":"publish","type":"product","link":"https:\/\/365-housse.com\/es\/productos\/housse-fauteuil-extensible-florale-grise\/","title":{"rendered":"Funda de sill\u00f3n el\u00e1stica floral gris"},"content":{"rendered":"<h2 data-pm-slice=\"1 1 []\">Admire la <strong>Funda el\u00e1stica para sill\u00f3n floral gris<\/strong>, una creaci\u00f3n impresionante que irradia elegancia y sofisticaci\u00f3n. Dise\u00f1ada para los amantes de la decoraci\u00f3n que buscan un estilo refinado y acogedor, esta funda realza armoniosamente su espacio vital. Sus delicados motivos florales aportan un toque de frescura buc\u00f3lica, mientras que el tono gris le da un car\u00e1cter atemporal y vers\u00e1til.<\/h2>\n<h3>Las ventajas de la<span> <\/span><strong>funda el\u00e1stica para sill\u00f3n floral gris<\/strong>: <\/h3>\n<ul>\n<li>\n<p>Aporta un toque de <strong>lujo<\/strong><span> <\/span> y un toque de <span> <\/span><strong>calidez<\/strong><span> <\/span> a tu interior<\/p>\n<\/li>\n<li>\n<p>Ideal para modificar la decoraci\u00f3n o transformar un espacio<\/p>\n<\/li>\n<li>\n<p>Asegura<span> <\/span><strong>una protecci\u00f3n \u00f3ptima<\/strong><span> <\/span>contra la suciedad y las manchas<\/p>\n<\/li>\n<li>\n<p>Fabricado con<span> <\/span><strong>tejido de calidad<\/strong><\/p>\n<\/li>\n<li>F\u00e1cil de poner e instalar<\/li>\n<\/ul>\n<p><strong>Caracter\u00edsticas:<\/strong><\/p>\n<ul>\n<li>\n<p>Material: Poli\u00e9ster y spandex (material el\u00e1stico)<\/p>\n<\/li>\n<li>\n<p><span> <\/span><strong>telas de alta calidad<\/strong> preservando tu sill\u00f3n<\/p>\n<\/li>\n<li>\n<p>Tecnolog\u00eda de impresi\u00f3n de alto rendimiento<span> <\/span><strong>para una mayor resistencia del color a la luz y al lavado<\/p>\n<\/li>\n<li>\n<p>Lavable a m\u00e1quina (sin planchado y de secado r\u00e1pido)<\/p>\n<\/li>\n<li>\n<p>Diferentes usos: comedor, sal\u00f3n, despacho, dormitorio,&#8230;<\/p>\n<\/li>\n<li>El paquete incluye una funda de sill\u00f3n y una funda de coj\u00edn<\/li>\n<\/ul>\n<p><strong>Gu\u00eda de tallas:<\/strong> <\/p>\n<p style=\"text-align: center\"><img decoding=\"async\" alt=\"\" data-mce-src=\"https:\/\/365-housse.com\/wp-content\/uploads\/2023\/06\/housse-fauteuil-extensible -fleurie-taille_480x480.jpg?v=1681328845\" src=\"https:\/\/365-housse.com\/wp-content\/uploads\/2023\/06\/housse-fauteuil-extensible-fleurie-taille_480x480.jpg?v=1681328845\" \/><\/p>\n<p><strong>Gu\u00eda de instalaci\u00f3n:<\/strong><\/p>\n<p style=\"text-align: center\"><img decoding=\"async\" alt=\"\" data-mce-src=\"https:\/\/365-housse.com\/wp-content\/uploads\/2023\/06\/housse-fauteuil-extensible -installation_480x480.jpg?v=1680201308\" src=\"https:\/\/365-housse.com\/wp-content\/uploads\/2023\/06\/housse-fauteuil-extensible-installation_480x480.jpg?v=1680201308\" \/><\/ p><\/p>\n<p><strong>La diferencia Antes\/Despu\u00e9s: <\/strong><\/p>\n<p><img decoding=\"async\" alt=\"\" data-mce-fragment=\"1\" data-mce-src=\"https:\/\/365-housse.com\/wp-content\/uploads\/2023\/06\/Captured_ecran2022-12-26210827_480x480 .jpg?v=1672164367\" src=\"https:\/\/365-housse.com\/wp-content\/uploads\/2023\/06\/Captured_ecran2022-12-26210827_480x480.jpg?v=1672164367\" style=\"margin-left: auto\" \/><\/p>\n<p>Cada detalle de esta pieza central se considera cuidadosamente, lo que refleja una artesan\u00eda excepcional en el dise\u00f1o de interiores. Esta <a href=\"https:\/\/365-housse.com\/es\/collections\/funda-de-sillon\/\" rel=\"noopener noreferrer\" target=\"_blank\" title=\"Funda para Sill\u00f3n\"><strong>Funda de El sill\u00f3n<\/strong><\/a> es un verdadero deleite para la vista, dinamizando tu decoraci\u00f3n con un toque de modernidad y originalidad.<\/p>\n<p>Eligiendo nuestro t\u00edtulo <a href=\"https:\/\/365-housse.com\/products\/housse-fauteuil-extensible-florale-bleu-et-orange\/\" rel=\"noopener noreferrer\" target=\"_blank\"><strong>Funda Sill\u00f3n Extensible Flores Azul y Naranja<\/strong><\/a>, demuestras gusto y atrevimiento, revelando una personalidad preocupada por las tendencias actuales y los ambientes c\u00e1lidos. Ofrezca tambi\u00e9n a su interior esta pieza \u00fanica que transformar\u00e1 su sill\u00f3n en una aut\u00e9ntica obra de arte, cautivando las miradas y provocando elogios de sus invitados.<\/p>\n","protected":false},"excerpt":{"rendered":"<p>Admire la Funda el\u00e1stica para sill\u00f3n floral gris, una creaci\u00f3n impresionante que irradia elegancia y sofisticaci\u00f3n. Dise\u00f1ada para los amantes de la decoraci\u00f3n que buscan un estilo refinado y acogedor, esta funda realza armoniosamente su espacio vital. Sus delicados motivos florales aportan un toque de frescura buc\u00f3lica, mientras que el tono gris le da un [&hellip;]<\/p>\n","protected":false},"featured_media":17191,"comment_status":"open","ping_status":"closed","template":"","meta":[],"product_cat":[159,161],"product_tag":[200],"class_list":{"0":"post-18150","1":"product","2":"type-product","3":"status-publish","4":"has-post-thumbnail","6":"product_cat-funda-de-sillon","7":"product_cat-portada-interior","8":"product_tag-fauteuil-es","10":"first","11":"instock","12":"shipping-taxable","13":"purchasable","14":"product-type-simple"},"yoast_head":"<title>Funda de sill\u00f3n el\u00e1stica floral gris en entrega - gratis Ahorra un 30% en tu pedido<\/title>\n<meta name=\"description\" content=\"Recibe tu Funda de sill\u00f3n el\u00e1stica floral gris hoy y benef\u00edciate de la entrega - gratuita Env\u00edo en 24\/48h\" \/>\n<meta name=\"robots\" content=\"index, follow, max-snippet:-1, max-image-preview:large, max-video-preview:-1\" \/>\n<link rel=\"canonical\" href=\"https:\/\/365-housse.com\/es\/productos\/housse-fauteuil-extensible-florale-grise\/\" \/>\n<meta property=\"og:locale\" content=\"es_ES\" \/>\n<meta property=\"og:type\" content=\"article\" \/>\n<meta property=\"og:title\" content=\"Funda de sill\u00f3n el\u00e1stica floral gris en entrega - gratis Ahorra un 30% en tu pedido\" \/>\n<meta property=\"og:description\" content=\"Recibe tu Funda de sill\u00f3n el\u00e1stica floral gris hoy y benef\u00edciate de la entrega - gratuita Env\u00edo en 24\/48h\" \/>\n<meta property=\"og:url\" content=\"https:\/\/365-housse.com\/es\/productos\/housse-fauteuil-extensible-florale-grise\/\" \/>\n<meta property=\"og:site_name\" content=\"Housse de Canap\u00e9\" \/>\n<meta property=\"article:modified_time\" content=\"2024-09-17T14:54:45+00:00\" \/>\n<meta property=\"og:image\" content=\"https:\/\/365-housse.com\/wp-content\/uploads\/2023\/06\/housse-de-fauteuil-extensible-florale-grise.png\" \/>\n\t<meta property=\"og:image:width\" content=\"500\" \/>\n\t<meta property=\"og:image:height\" content=\"500\" \/>\n\t<meta property=\"og:image:type\" content=\"image\/png\" \/>\n<meta name=\"twitter:card\" content=\"summary_large_image\" \/>\n<meta name=\"twitter:label1\" content=\"Tiempo de lectura\" \/>\n\t<meta name=\"twitter:data1\" content=\"2 minutos\" \/>\n<script type=\"application\/ld+json\" class=\"yoast-schema-graph\">{\"@context\":\"https:\/\/schema.org\",\"@graph\":[{\"@type\":\"WebPage\",\"@id\":\"https:\/\/365-housse.com\/es\/productos\/housse-fauteuil-extensible-florale-grise\/\",\"url\":\"https:\/\/365-housse.com\/es\/productos\/housse-fauteuil-extensible-florale-grise\/\",\"name\":\"Funda de sill\u00f3n el\u00e1stica floral gris en entrega - gratis Ahorra un 30% en tu pedido\",\"isPartOf\":{\"@id\":\"https:\/\/365-housse.com\/es\/#website\"},\"primaryImageOfPage\":{\"@id\":\"https:\/\/365-housse.com\/es\/productos\/housse-fauteuil-extensible-florale-grise\/#primaryimage\"},\"image\":{\"@id\":\"https:\/\/365-housse.com\/es\/productos\/housse-fauteuil-extensible-florale-grise\/#primaryimage\"},\"thumbnailUrl\":\"https:\/\/365-housse.com\/wp-content\/uploads\/2023\/06\/housse-de-fauteuil-extensible-florale-grise.png\",\"datePublished\":\"2023-06-12T08:41:12+00:00\",\"dateModified\":\"2024-09-17T14:54:45+00:00\",\"description\":\"Recibe tu Funda de sill\u00f3n el\u00e1stica floral gris hoy y benef\u00edciate de la entrega - gratuita Env\u00edo en 24\/48h\",\"breadcrumb\":{\"@id\":\"https:\/\/365-housse.com\/es\/productos\/housse-fauteuil-extensible-florale-grise\/#breadcrumb\"},\"inLanguage\":\"es\",\"potentialAction\":[{\"@type\":\"ReadAction\",\"target\":[\"https:\/\/365-housse.com\/es\/productos\/housse-fauteuil-extensible-florale-grise\/\"]}]},{\"@type\":\"ImageObject\",\"inLanguage\":\"es\",\"@id\":\"https:\/\/365-housse.com\/es\/productos\/housse-fauteuil-extensible-florale-grise\/#primaryimage\",\"url\":\"https:\/\/365-housse.com\/wp-content\/uploads\/2023\/06\/housse-de-fauteuil-extensible-florale-grise.png\",\"contentUrl\":\"https:\/\/365-housse.com\/wp-content\/uploads\/2023\/06\/housse-de-fauteuil-extensible-florale-grise.png\",\"width\":500,\"height\":500},{\"@type\":\"BreadcrumbList\",\"@id\":\"https:\/\/365-housse.com\/es\/productos\/housse-fauteuil-extensible-florale-grise\/#breadcrumb\",\"itemListElement\":[{\"@type\":\"ListItem\",\"position\":1,\"name\":\"Accueil\",\"item\":\"https:\/\/365-housse.com\/es\/\"},{\"@type\":\"ListItem\",\"position\":2,\"name\":\"Tienda\",\"item\":\"https:\/\/365-housse.com\/es\/tienda\/\"},{\"@type\":\"ListItem\",\"position\":3,\"name\":\"Funda de sill\u00f3n el\u00e1stica floral gris\"}]},{\"@type\":\"WebSite\",\"@id\":\"https:\/\/365-housse.com\/es\/#website\",\"url\":\"https:\/\/365-housse.com\/es\/\",\"name\":\"Housse de Canap\u00e9\",\"description\":\"Le N\u00b01 de la Housse\",\"publisher\":{\"@id\":\"https:\/\/365-housse.com\/es\/#organization\"},\"potentialAction\":[{\"@type\":\"SearchAction\",\"target\":{\"@type\":\"EntryPoint\",\"urlTemplate\":\"https:\/\/365-housse.com\/es\/?s={search_term_string}\"},\"query-input\":{\"@type\":\"PropertyValueSpecification\",\"valueRequired\":true,\"valueName\":\"search_term_string\"}}],\"inLanguage\":\"es\"},{\"@type\":\"Organization\",\"@id\":\"https:\/\/365-housse.com\/es\/#organization\",\"name\":\"Housse de Canap\u00e9\",\"url\":\"https:\/\/365-housse.com\/es\/\",\"logo\":{\"@type\":\"ImageObject\",\"inLanguage\":\"es\",\"@id\":\"https:\/\/365-housse.com\/es\/#\/schema\/logo\/image\/\",\"url\":\"https:\/\/365-housse.com\/wp-content\/uploads\/2023\/06\/LOGO-400-\u00d7-200-px-392-x-134-px-16.png\",\"contentUrl\":\"https:\/\/365-housse.com\/wp-content\/uploads\/2023\/06\/LOGO-400-\u00d7-200-px-392-x-134-px-16.png\",\"width\":392,\"height\":134,\"caption\":\"Housse de Canap\u00e9\"},\"image\":{\"@id\":\"https:\/\/365-housse.com\/es\/#\/schema\/logo\/image\/\"}}]}<\/script>","yoast_head_json":{"title":"Funda de sill\u00f3n el\u00e1stica floral gris en entrega - gratis Ahorra un 30% en tu pedido","description":"Recibe tu Funda de sill\u00f3n el\u00e1stica floral gris hoy y benef\u00edciate de la entrega - gratuita Env\u00edo en 24\/48h","robots":{"index":"index","follow":"follow","max-snippet":"max-snippet:-1","max-image-preview":"max-image-preview:large","max-video-preview":"max-video-preview:-1"},"canonical":"https:\/\/365-housse.com\/es\/productos\/housse-fauteuil-extensible-florale-grise\/","og_locale":"es_ES","og_type":"article","og_title":"Funda de sill\u00f3n el\u00e1stica floral gris en entrega - gratis Ahorra un 30% en tu pedido","og_description":"Recibe tu Funda de sill\u00f3n el\u00e1stica floral gris hoy y benef\u00edciate de la entrega - gratuita Env\u00edo en 24\/48h","og_url":"https:\/\/365-housse.com\/es\/productos\/housse-fauteuil-extensible-florale-grise\/","og_site_name":"Housse de Canap\u00e9","article_modified_time":"2024-09-17T14:54:45+00:00","og_image":[{"width":500,"height":500,"url":"https:\/\/365-housse.com\/wp-content\/uploads\/2023\/06\/housse-de-fauteuil-extensible-florale-grise.png","type":"image\/png"}],"twitter_card":"summary_large_image","twitter_misc":{"Tiempo de lectura":"2 minutos"},"schema":{"@context":"https:\/\/schema.org","@graph":[{"@type":"WebPage","@id":"https:\/\/365-housse.com\/es\/productos\/housse-fauteuil-extensible-florale-grise\/","url":"https:\/\/365-housse.com\/es\/productos\/housse-fauteuil-extensible-florale-grise\/","name":"Funda de sill\u00f3n el\u00e1stica floral gris en entrega - gratis Ahorra un 30% en tu pedido","isPartOf":{"@id":"https:\/\/365-housse.com\/es\/#website"},"primaryImageOfPage":{"@id":"https:\/\/365-housse.com\/es\/productos\/housse-fauteuil-extensible-florale-grise\/#primaryimage"},"image":{"@id":"https:\/\/365-housse.com\/es\/productos\/housse-fauteuil-extensible-florale-grise\/#primaryimage"},"thumbnailUrl":"https:\/\/365-housse.com\/wp-content\/uploads\/2023\/06\/housse-de-fauteuil-extensible-florale-grise.png","datePublished":"2023-06-12T08:41:12+00:00","dateModified":"2024-09-17T14:54:45+00:00","description":"Recibe tu Funda de sill\u00f3n el\u00e1stica floral gris hoy y benef\u00edciate de la entrega - gratuita Env\u00edo en 24\/48h","breadcrumb":{"@id":"https:\/\/365-housse.com\/es\/productos\/housse-fauteuil-extensible-florale-grise\/#breadcrumb"},"inLanguage":"es","potentialAction":[{"@type":"ReadAction","target":["https:\/\/365-housse.com\/es\/productos\/housse-fauteuil-extensible-florale-grise\/"]}]},{"@type":"ImageObject","inLanguage":"es","@id":"https:\/\/365-housse.com\/es\/productos\/housse-fauteuil-extensible-florale-grise\/#primaryimage","url":"https:\/\/365-housse.com\/wp-content\/uploads\/2023\/06\/housse-de-fauteuil-extensible-florale-grise.png","contentUrl":"https:\/\/365-housse.com\/wp-content\/uploads\/2023\/06\/housse-de-fauteuil-extensible-florale-grise.png","width":500,"height":500},{"@type":"BreadcrumbList","@id":"https:\/\/365-housse.com\/es\/productos\/housse-fauteuil-extensible-florale-grise\/#breadcrumb","itemListElement":[{"@type":"ListItem","position":1,"name":"Accueil","item":"https:\/\/365-housse.com\/es\/"},{"@type":"ListItem","position":2,"name":"Tienda","item":"https:\/\/365-housse.com\/es\/tienda\/"},{"@type":"ListItem","position":3,"name":"Funda de sill\u00f3n el\u00e1stica floral gris"}]},{"@type":"WebSite","@id":"https:\/\/365-housse.com\/es\/#website","url":"https:\/\/365-housse.com\/es\/","name":"Housse de Canap\u00e9","description":"Le N\u00b01 de la Housse","publisher":{"@id":"https:\/\/365-housse.com\/es\/#organization"},"potentialAction":[{"@type":"SearchAction","target":{"@type":"EntryPoint","urlTemplate":"https:\/\/365-housse.com\/es\/?s={search_term_string}"},"query-input":{"@type":"PropertyValueSpecification","valueRequired":true,"valueName":"search_term_string"}}],"inLanguage":"es"},{"@type":"Organization","@id":"https:\/\/365-housse.com\/es\/#organization","name":"Housse de Canap\u00e9","url":"https:\/\/365-housse.com\/es\/","logo":{"@type":"ImageObject","inLanguage":"es","@id":"https:\/\/365-housse.com\/es\/#\/schema\/logo\/image\/","url":"https:\/\/365-housse.com\/wp-content\/uploads\/2023\/06\/LOGO-400-\u00d7-200-px-392-x-134-px-16.png","contentUrl":"https:\/\/365-housse.com\/wp-content\/uploads\/2023\/06\/LOGO-400-\u00d7-200-px-392-x-134-px-16.png","width":392,"height":134,"caption":"Housse de Canap\u00e9"},"image":{"@id":"https:\/\/365-housse.com\/es\/#\/schema\/logo\/image\/"}}]}},"_links":{"self":[{"href":"https:\/\/365-housse.com\/es\/wp-json\/wp\/v2\/product\/18150"}],"collection":[{"href":"https:\/\/365-housse.com\/es\/wp-json\/wp\/v2\/product"}],"about":[{"href":"https:\/\/365-housse.com\/es\/wp-json\/wp\/v2\/types\/product"}],"replies":[{"embeddable":true,"href":"https:\/\/365-housse.com\/es\/wp-json\/wp\/v2\/comments?post=18150"}],"wp:featuredmedia":[{"embeddable":true,"href":"https:\/\/365-housse.com\/es\/wp-json\/wp\/v2\/media\/17191"}],"wp:attachment":[{"href":"https:\/\/365-housse.com\/es\/wp-json\/wp\/v2\/media?parent=18150"}],"wp:term":[{"taxonomy":"product_cat","embeddable":true,"href":"https:\/\/365-housse.com\/es\/wp-json\/wp\/v2\/product_cat?post=18150"},{"taxonomy":"product_tag","embeddable":true,"href":"https:\/\/365-housse.com\/es\/wp-json\/wp\/v2\/product_tag?post=18150"}],"curies":[{"name":"wp","href":"https:\/\/api.w.org\/{rel}","templated":true}]}}