{"id":18154,"date":"2023-06-12T08:41:11","date_gmt":"2023-06-12T08:41:11","guid":{"rendered":"https:\/\/365-housse.com\/products\/housse-fauteuil-extensible-florale-verte\/"},"modified":"2024-09-17T14:54:45","modified_gmt":"2024-09-17T14:54:45","slug":"housse-fauteuil-extensible-florale-verte","status":"publish","type":"product","link":"https:\/\/365-housse.com\/es\/productos\/housse-fauteuil-extensible-florale-verte\/","title":{"rendered":"Funda el\u00e1stica para sill\u00f3n floral verde"},"content":{"rendered":"<h2 data-pm-slice=\"1 1 []\">Renueva tu interior con la <strong>Funda el\u00e1stica para sill\u00f3n floral verde<\/strong>, un dise\u00f1o elegante y sofisticado que aporta un ambiente chic y fresco a tu sal\u00f3n. vida. Inspirada en la belleza eterna de los jardines en flor, esta cubierta seduce con su dise\u00f1o delicado y armonioso, mezclando tonos de verde y p\u00e1jaros con vitalidad.<\/h2>\n<h3>Las ventajas de la<span> <\/span><strong>funda el\u00e1stica para sill\u00f3n floral verde<\/strong>: <\/h3>\n<ul>\n<li>\n<p>A\u00f1ade un toque de <strong>elegancia<\/strong><span> <\/span>y un toque de calidez<\/strong><span> <\/span>a tu habitaci\u00f3n<\/p>\n<p><\/ li><\/p>\n<li>\n<p>Ideal para cambiar la decoraci\u00f3n o transformar un espacio<\/p>\n<\/li>\n<li>\n<p>Garantiza<span> <\/span><strong>una protecci\u00f3n \u00f3ptima<\/strong><span> <\/span>contra las manchas y la suciedad<\/p>\n<\/li>\n<li>\n<p>Hecho de<span> <\/span><strong>tejido de calidad<\/strong><\/p>\n<\/li>\n<li>F\u00e1cil de poner y quitar<\/li>\n<\/ul>\n<p><strong>Caracter\u00edsticas:<\/strong><\/p>\n<ul>\n<li>\n<p>Material: Poli\u00e9ster y spandex (material el\u00e1stico)<\/p>\n<\/li>\n<li>\n<p><span> <\/span><strong>telas de alta calidad<\/strong> preservando tu sill\u00f3n<\/p>\n<\/li>\n<li>\n<p>Tecnolog\u00eda de impresi\u00f3n ultraeficiente<span> <\/span><strong>para una mejor resistencia del color a la luz y al lavado<\/p>\n<\/li>\n<li>\n<p>Lavado a m\u00e1quina (sin planchado y secado r\u00e1pido)<\/p>\n<\/li>\n<li>\n<p>M\u00faltiples usos: comedor, sal\u00f3n, despacho, dormitorio,&#8230;<\/p>\n<\/li>\n<li>El paquete incluye una funda de sill\u00f3n y una funda de coj\u00edn<\/li>\n<\/ul>\n<p><strong>Gu\u00eda de tallas:<\/strong> <\/p>\n<p style=\"text-align: center\"><img decoding=\"async\" alt=\"\" data-mce-src=\"https:\/\/365-housse.com\/wp-content\/uploads\/2023\/06\/housse-fauteuil-extensible -fleurie-taille_480x480.jpg?v=1681328845\" src=\"https:\/\/365-housse.com\/wp-content\/uploads\/2023\/06\/housse-fauteuil-extensible-fleurie-taille_480x480.jpg?v=1681328845\" \/><\/p>\n<p><strong>Gu\u00eda de instalaci\u00f3n:<\/strong><\/p>\n<p style=\"text-align: center\"><img decoding=\"async\" alt=\"\" data-mce-src=\"https:\/\/365-housse.com\/wp-content\/uploads\/2023\/06\/housse-fauteuil-extensible -installation_480x480.jpg?v=1680201308\" src=\"https:\/\/365-housse.com\/wp-content\/uploads\/2023\/06\/housse-fauteuil-extensible-installation_480x480.jpg?v=1680201308\" \/><\/ p><\/p>\n<p><strong>El resultado Antes\/Despu\u00e9s: <\/strong><\/p>\n<p><img decoding=\"async\" alt=\"\" data-mce-fragment=\"1\" data-mce-src=\"https:\/\/365-housse.com\/wp-content\/uploads\/2023\/06\/Captured_ecran2022-12-26210827_480x480 .jpg?v=1672164367\" src=\"https:\/\/365-housse.com\/wp-content\/uploads\/2023\/06\/Captured_ecran2022-12-26210827_480x480.jpg?v=1672164367\" style=\"margin-left: auto\" \/><\/p>\n<p>Perfectamente adaptada a los amantes de la decoraci\u00f3n chic y buc\u00f3lica, esta <a href=\"https:\/\/365-housse.com\/es\/collections\/funda-de-sillon\/\" rel=\"noopener noreferrer\" target=\"_blank \" title=\"Funda para sill\u00f3n\"><strong>Funda para sill\u00f3n <\/strong><\/a>es un aut\u00e9ntico deleite para la vista. Su cuidado dise\u00f1o y l\u00edneas limpias aportan un ambiente tranquilo y rom\u00e1ntico a tu sal\u00f3n, convirti\u00e9ndolo en un aut\u00e9ntico lugar de relax. Adem\u00e1s de est\u00e9ticamente cautivador, tambi\u00e9n es pr\u00e1ctico y funcional.<\/p>\n<p>No pierdas m\u00e1s tiempo y dale una segunda vida a tu silla. Descubre tambi\u00e9n nuestra <a href=\"https:\/\/365-housse.com\/es\/products\/housse-fauteuil-extensible-florale-grise\/\" rel=\"noopener noreferrer\" target=\"_blank\" title=\"Funda Sill\u00f3n Extensible Grey Floral\"><strong>Funda de Sill\u00f3n El\u00e1stica Floral Gris<\/strong><\/a>, un complemento decorativo que combina maravillosamente encanto, elegancia y funcionalidad. Es una verdadera ventaja para transformar su interior en un capullo de verdor y tranquilidad.<\/p>\n","protected":false},"excerpt":{"rendered":"<p>Renueva tu interior con la Funda el\u00e1stica para sill\u00f3n floral verde, un dise\u00f1o elegante y sofisticado que aporta un ambiente chic y fresco a tu sal\u00f3n. vida. Inspirada en la belleza eterna de los jardines en flor, esta cubierta seduce con su dise\u00f1o delicado y armonioso, mezclando tonos de verde y p\u00e1jaros con vitalidad. Las [&hellip;]<\/p>\n","protected":false},"featured_media":17189,"comment_status":"open","ping_status":"closed","template":"","meta":[],"product_cat":[159,161],"product_tag":[200],"class_list":{"0":"post-18154","1":"product","2":"type-product","3":"status-publish","4":"has-post-thumbnail","6":"product_cat-funda-de-sillon","7":"product_cat-portada-interior","8":"product_tag-fauteuil-es","10":"first","11":"instock","12":"shipping-taxable","13":"purchasable","14":"product-type-simple"},"yoast_head":"<title>Funda el\u00e1stica para sill\u00f3n floral verde en entrega - gratis Ahorra un 30% en tu pedido<\/title>\n<meta name=\"description\" content=\"Recibe tu Funda el\u00e1stica para sill\u00f3n floral verde hoy y benef\u00edciate de la entrega - gratuita Env\u00edo en 24\/48h\" \/>\n<meta name=\"robots\" content=\"index, follow, max-snippet:-1, max-image-preview:large, max-video-preview:-1\" \/>\n<link rel=\"canonical\" href=\"https:\/\/365-housse.com\/es\/productos\/housse-fauteuil-extensible-florale-verte\/\" \/>\n<meta property=\"og:locale\" content=\"es_ES\" \/>\n<meta property=\"og:type\" content=\"article\" \/>\n<meta property=\"og:title\" content=\"Funda el\u00e1stica para sill\u00f3n floral verde en entrega - gratis Ahorra un 30% en tu pedido\" \/>\n<meta property=\"og:description\" content=\"Recibe tu Funda el\u00e1stica para sill\u00f3n floral verde hoy y benef\u00edciate de la entrega - gratuita Env\u00edo en 24\/48h\" \/>\n<meta property=\"og:url\" content=\"https:\/\/365-housse.com\/es\/productos\/housse-fauteuil-extensible-florale-verte\/\" \/>\n<meta property=\"og:site_name\" content=\"Housse de Canap\u00e9\" \/>\n<meta property=\"article:modified_time\" content=\"2024-09-17T14:54:45+00:00\" \/>\n<meta property=\"og:image\" content=\"https:\/\/365-housse.com\/wp-content\/uploads\/2023\/06\/housse-de-fauteuil-extensible-florale-verte.png\" \/>\n\t<meta property=\"og:image:width\" content=\"501\" \/>\n\t<meta property=\"og:image:height\" content=\"498\" \/>\n\t<meta property=\"og:image:type\" content=\"image\/png\" \/>\n<meta name=\"twitter:card\" content=\"summary_large_image\" \/>\n<meta name=\"twitter:label1\" content=\"Tiempo de lectura\" \/>\n\t<meta name=\"twitter:data1\" content=\"2 minutos\" \/>\n<script type=\"application\/ld+json\" class=\"yoast-schema-graph\">{\"@context\":\"https:\/\/schema.org\",\"@graph\":[{\"@type\":\"WebPage\",\"@id\":\"https:\/\/365-housse.com\/es\/productos\/housse-fauteuil-extensible-florale-verte\/\",\"url\":\"https:\/\/365-housse.com\/es\/productos\/housse-fauteuil-extensible-florale-verte\/\",\"name\":\"Funda el\u00e1stica para sill\u00f3n floral verde en entrega - gratis Ahorra un 30% en tu pedido\",\"isPartOf\":{\"@id\":\"https:\/\/365-housse.com\/es\/#website\"},\"primaryImageOfPage\":{\"@id\":\"https:\/\/365-housse.com\/es\/productos\/housse-fauteuil-extensible-florale-verte\/#primaryimage\"},\"image\":{\"@id\":\"https:\/\/365-housse.com\/es\/productos\/housse-fauteuil-extensible-florale-verte\/#primaryimage\"},\"thumbnailUrl\":\"https:\/\/365-housse.com\/wp-content\/uploads\/2023\/06\/housse-de-fauteuil-extensible-florale-verte.png\",\"datePublished\":\"2023-06-12T08:41:11+00:00\",\"dateModified\":\"2024-09-17T14:54:45+00:00\",\"description\":\"Recibe tu Funda el\u00e1stica para sill\u00f3n floral verde hoy y benef\u00edciate de la entrega - gratuita Env\u00edo en 24\/48h\",\"breadcrumb\":{\"@id\":\"https:\/\/365-housse.com\/es\/productos\/housse-fauteuil-extensible-florale-verte\/#breadcrumb\"},\"inLanguage\":\"es\",\"potentialAction\":[{\"@type\":\"ReadAction\",\"target\":[\"https:\/\/365-housse.com\/es\/productos\/housse-fauteuil-extensible-florale-verte\/\"]}]},{\"@type\":\"ImageObject\",\"inLanguage\":\"es\",\"@id\":\"https:\/\/365-housse.com\/es\/productos\/housse-fauteuil-extensible-florale-verte\/#primaryimage\",\"url\":\"https:\/\/365-housse.com\/wp-content\/uploads\/2023\/06\/housse-de-fauteuil-extensible-florale-verte.png\",\"contentUrl\":\"https:\/\/365-housse.com\/wp-content\/uploads\/2023\/06\/housse-de-fauteuil-extensible-florale-verte.png\",\"width\":501,\"height\":498},{\"@type\":\"BreadcrumbList\",\"@id\":\"https:\/\/365-housse.com\/es\/productos\/housse-fauteuil-extensible-florale-verte\/#breadcrumb\",\"itemListElement\":[{\"@type\":\"ListItem\",\"position\":1,\"name\":\"Accueil\",\"item\":\"https:\/\/365-housse.com\/es\/\"},{\"@type\":\"ListItem\",\"position\":2,\"name\":\"Tienda\",\"item\":\"https:\/\/365-housse.com\/es\/tienda\/\"},{\"@type\":\"ListItem\",\"position\":3,\"name\":\"Funda el\u00e1stica para sill\u00f3n floral verde\"}]},{\"@type\":\"WebSite\",\"@id\":\"https:\/\/365-housse.com\/es\/#website\",\"url\":\"https:\/\/365-housse.com\/es\/\",\"name\":\"Housse de Canap\u00e9\",\"description\":\"Le N\u00b01 de la Housse\",\"publisher\":{\"@id\":\"https:\/\/365-housse.com\/es\/#organization\"},\"potentialAction\":[{\"@type\":\"SearchAction\",\"target\":{\"@type\":\"EntryPoint\",\"urlTemplate\":\"https:\/\/365-housse.com\/es\/?s={search_term_string}\"},\"query-input\":{\"@type\":\"PropertyValueSpecification\",\"valueRequired\":true,\"valueName\":\"search_term_string\"}}],\"inLanguage\":\"es\"},{\"@type\":\"Organization\",\"@id\":\"https:\/\/365-housse.com\/es\/#organization\",\"name\":\"Housse de Canap\u00e9\",\"url\":\"https:\/\/365-housse.com\/es\/\",\"logo\":{\"@type\":\"ImageObject\",\"inLanguage\":\"es\",\"@id\":\"https:\/\/365-housse.com\/es\/#\/schema\/logo\/image\/\",\"url\":\"https:\/\/365-housse.com\/wp-content\/uploads\/2023\/06\/LOGO-400-\u00d7-200-px-392-x-134-px-16.png\",\"contentUrl\":\"https:\/\/365-housse.com\/wp-content\/uploads\/2023\/06\/LOGO-400-\u00d7-200-px-392-x-134-px-16.png\",\"width\":392,\"height\":134,\"caption\":\"Housse de Canap\u00e9\"},\"image\":{\"@id\":\"https:\/\/365-housse.com\/es\/#\/schema\/logo\/image\/\"}}]}<\/script>","yoast_head_json":{"title":"Funda el\u00e1stica para sill\u00f3n floral verde en entrega - gratis Ahorra un 30% en tu pedido","description":"Recibe tu Funda el\u00e1stica para sill\u00f3n floral verde hoy y benef\u00edciate de la entrega - gratuita Env\u00edo en 24\/48h","robots":{"index":"index","follow":"follow","max-snippet":"max-snippet:-1","max-image-preview":"max-image-preview:large","max-video-preview":"max-video-preview:-1"},"canonical":"https:\/\/365-housse.com\/es\/productos\/housse-fauteuil-extensible-florale-verte\/","og_locale":"es_ES","og_type":"article","og_title":"Funda el\u00e1stica para sill\u00f3n floral verde en entrega - gratis Ahorra un 30% en tu pedido","og_description":"Recibe tu Funda el\u00e1stica para sill\u00f3n floral verde hoy y benef\u00edciate de la entrega - gratuita Env\u00edo en 24\/48h","og_url":"https:\/\/365-housse.com\/es\/productos\/housse-fauteuil-extensible-florale-verte\/","og_site_name":"Housse de Canap\u00e9","article_modified_time":"2024-09-17T14:54:45+00:00","og_image":[{"width":501,"height":498,"url":"https:\/\/365-housse.com\/wp-content\/uploads\/2023\/06\/housse-de-fauteuil-extensible-florale-verte.png","type":"image\/png"}],"twitter_card":"summary_large_image","twitter_misc":{"Tiempo de lectura":"2 minutos"},"schema":{"@context":"https:\/\/schema.org","@graph":[{"@type":"WebPage","@id":"https:\/\/365-housse.com\/es\/productos\/housse-fauteuil-extensible-florale-verte\/","url":"https:\/\/365-housse.com\/es\/productos\/housse-fauteuil-extensible-florale-verte\/","name":"Funda el\u00e1stica para sill\u00f3n floral verde en entrega - gratis Ahorra un 30% en tu pedido","isPartOf":{"@id":"https:\/\/365-housse.com\/es\/#website"},"primaryImageOfPage":{"@id":"https:\/\/365-housse.com\/es\/productos\/housse-fauteuil-extensible-florale-verte\/#primaryimage"},"image":{"@id":"https:\/\/365-housse.com\/es\/productos\/housse-fauteuil-extensible-florale-verte\/#primaryimage"},"thumbnailUrl":"https:\/\/365-housse.com\/wp-content\/uploads\/2023\/06\/housse-de-fauteuil-extensible-florale-verte.png","datePublished":"2023-06-12T08:41:11+00:00","dateModified":"2024-09-17T14:54:45+00:00","description":"Recibe tu Funda el\u00e1stica para sill\u00f3n floral verde hoy y benef\u00edciate de la entrega - gratuita Env\u00edo en 24\/48h","breadcrumb":{"@id":"https:\/\/365-housse.com\/es\/productos\/housse-fauteuil-extensible-florale-verte\/#breadcrumb"},"inLanguage":"es","potentialAction":[{"@type":"ReadAction","target":["https:\/\/365-housse.com\/es\/productos\/housse-fauteuil-extensible-florale-verte\/"]}]},{"@type":"ImageObject","inLanguage":"es","@id":"https:\/\/365-housse.com\/es\/productos\/housse-fauteuil-extensible-florale-verte\/#primaryimage","url":"https:\/\/365-housse.com\/wp-content\/uploads\/2023\/06\/housse-de-fauteuil-extensible-florale-verte.png","contentUrl":"https:\/\/365-housse.com\/wp-content\/uploads\/2023\/06\/housse-de-fauteuil-extensible-florale-verte.png","width":501,"height":498},{"@type":"BreadcrumbList","@id":"https:\/\/365-housse.com\/es\/productos\/housse-fauteuil-extensible-florale-verte\/#breadcrumb","itemListElement":[{"@type":"ListItem","position":1,"name":"Accueil","item":"https:\/\/365-housse.com\/es\/"},{"@type":"ListItem","position":2,"name":"Tienda","item":"https:\/\/365-housse.com\/es\/tienda\/"},{"@type":"ListItem","position":3,"name":"Funda el\u00e1stica para sill\u00f3n floral verde"}]},{"@type":"WebSite","@id":"https:\/\/365-housse.com\/es\/#website","url":"https:\/\/365-housse.com\/es\/","name":"Housse de Canap\u00e9","description":"Le N\u00b01 de la Housse","publisher":{"@id":"https:\/\/365-housse.com\/es\/#organization"},"potentialAction":[{"@type":"SearchAction","target":{"@type":"EntryPoint","urlTemplate":"https:\/\/365-housse.com\/es\/?s={search_term_string}"},"query-input":{"@type":"PropertyValueSpecification","valueRequired":true,"valueName":"search_term_string"}}],"inLanguage":"es"},{"@type":"Organization","@id":"https:\/\/365-housse.com\/es\/#organization","name":"Housse de Canap\u00e9","url":"https:\/\/365-housse.com\/es\/","logo":{"@type":"ImageObject","inLanguage":"es","@id":"https:\/\/365-housse.com\/es\/#\/schema\/logo\/image\/","url":"https:\/\/365-housse.com\/wp-content\/uploads\/2023\/06\/LOGO-400-\u00d7-200-px-392-x-134-px-16.png","contentUrl":"https:\/\/365-housse.com\/wp-content\/uploads\/2023\/06\/LOGO-400-\u00d7-200-px-392-x-134-px-16.png","width":392,"height":134,"caption":"Housse de Canap\u00e9"},"image":{"@id":"https:\/\/365-housse.com\/es\/#\/schema\/logo\/image\/"}}]}},"_links":{"self":[{"href":"https:\/\/365-housse.com\/es\/wp-json\/wp\/v2\/product\/18154"}],"collection":[{"href":"https:\/\/365-housse.com\/es\/wp-json\/wp\/v2\/product"}],"about":[{"href":"https:\/\/365-housse.com\/es\/wp-json\/wp\/v2\/types\/product"}],"replies":[{"embeddable":true,"href":"https:\/\/365-housse.com\/es\/wp-json\/wp\/v2\/comments?post=18154"}],"wp:featuredmedia":[{"embeddable":true,"href":"https:\/\/365-housse.com\/es\/wp-json\/wp\/v2\/media\/17189"}],"wp:attachment":[{"href":"https:\/\/365-housse.com\/es\/wp-json\/wp\/v2\/media?parent=18154"}],"wp:term":[{"taxonomy":"product_cat","embeddable":true,"href":"https:\/\/365-housse.com\/es\/wp-json\/wp\/v2\/product_cat?post=18154"},{"taxonomy":"product_tag","embeddable":true,"href":"https:\/\/365-housse.com\/es\/wp-json\/wp\/v2\/product_tag?post=18154"}],"curies":[{"name":"wp","href":"https:\/\/api.w.org\/{rel}","templated":true}]}}