{"id":18183,"date":"2023-06-12T08:40:53","date_gmt":"2023-06-12T08:40:53","guid":{"rendered":"https:\/\/365-housse.com\/products\/housse-fauteuil-crapaud-beige\/"},"modified":"2024-09-17T14:55:06","modified_gmt":"2024-09-17T14:55:06","slug":"housse-fauteuil-crapaud-beige","status":"publish","type":"product","link":"https:\/\/365-housse.com\/es\/productos\/housse-fauteuil-crapaud-beige\/","title":{"rendered":"Crapaud Funda sill\u00f3n beige"},"content":{"rendered":"<h2 data-pm-slice=\"1 1 []\">\u00a1A\u00f1ade <strong>estilo y calidez<\/strong> a tu sill\u00f3n Toad con nuestra <strong>funda para sill\u00f3n Toad beige<\/strong>! Dise\u00f1ado con atenci\u00f3n al detalle, se adapta perfectamente a su silla para una apariencia elegante y chic. El color beige aporta un toque c\u00e1lido y suave a tu interior para abrigarte en los fr\u00edos d\u00edas de invierno.<\/h2>\n<h3>Las ventajas de la<span> <\/span><strong>funda sill\u00f3n sapo beige<\/strong>: <\/h3>\n<ul>\n<li>\n<p>Da un aspecto <strong>elegante<\/strong> y <strong>acogedor<\/strong> a tu interior<\/p>\n<\/li>\n<li>\n<p>Permite cambiar la decoraci\u00f3n o renovar un espacio<\/p>\n<\/li>\n<li>\n<p>Garantiza<span> <\/span><strong>una protecci\u00f3n \u00f3ptima<\/strong><span> <\/span>contra la suciedad y las manchas<\/p>\n<\/li>\n<li>\n<p>Fabricado con<span> <\/span><strong>tejido de calidad<\/strong><\/p>\n<\/li>\n<li>F\u00e1cil de poner e instalar<\/li>\n<\/ul>\n<p><strong>Caracter\u00edsticas:<\/strong><\/p>\n<ul>\n<li>\n<p>Material: Poli\u00e9ster y spandex (material el\u00e1stico)<\/p>\n<\/li>\n<li>\n<p>Tejidos de alta calidad que protegen tu silla<\/p>\n<\/li>\n<li>\n<p>Impresi\u00f3n<span> <\/span><strong>alto rendimiento<\/strong><span> <\/span>para mayor resistencia del color a la luz y al lavado<\/p>\n<\/li>\n<li>\n<p>Lavable a m\u00e1quina (sin planchado y de secado r\u00e1pido)<\/p>\n<\/li>\n<li>\n<p>Diferentes usos: comedor, sal\u00f3n, despacho, dormitorio,&#8230;<\/p>\n<\/li>\n<li>El paquete incluye una funda de sill\u00f3n y una funda de coj\u00edn<\/li>\n<\/ul>\n<p><strong>Gu\u00eda de tallas:<\/strong> <\/p>\n<p style=\"text-align: center\"><img decoding=\"async\" alt=\"\" data-mce-src=\"https:\/\/365-housse.com\/wp-content\/uploads\/2023\/06\/housse-fauteuil-dimension_480x480 .jpg?v=1682359790\" src=\"https:\/\/365-housse.com\/wp-content\/uploads\/2023\/06\/housse-fauteuil-dimension_480x480.jpg?v=1682359790\" \/>&gt;<\/p>\n<p><strong>Tipo de silla adecuada:<\/strong><\/p>\n<p style=\"text-align: center\"><strong><img decoding=\"async\" alt=\"\" data-mce-src=\"https:\/\/365-housse.com\/wp-content\/uploads\/2023\/06\/housse- armchair-type_480x480.jpg?v=1682359859\" src=\"https:\/\/365-housse.com\/wp-content\/uploads\/2023\/06\/housse-fauteuil-type_480x480.jpg?v=1682359859\" \/>&lt;\/strong <\/p>\n<p><strong>Gu\u00eda de instalaci\u00f3n:<\/strong><\/p>\n<p style=\"text-align: center\"><img decoding=\"async\" alt=\"\" data-mce-src=\"https:\/\/365-housse.com\/wp-content\/uploads\/2023\/06\/housse-fauteuil-extensible -installation_480x480.jpg?v=1680201308\" src=\"https:\/\/365-housse.com\/wp-content\/uploads\/2023\/06\/housse-fauteuil-extensible-installation_480x480.jpg?v=1680201308\" \/><\/ p><\/p>\n<p><strong>La diferencia Antes\/Despu\u00e9s: <\/strong><\/p>\n<p><img decoding=\"async\" alt=\"\" data-mce-fragment=\"1\" data-mce-src=\"https:\/\/365-housse.com\/wp-content\/uploads\/2023\/06\/Captured_ecran2022-12-26210827_480x480 .jpg?v=1672164367\" src=\"https:\/\/365-housse.com\/wp-content\/uploads\/2023\/06\/Captured_ecran2022-12-26210827_480x480.jpg?v=1672164367\" style=\"margin-left: auto\" \/><\/p>\n<p>Esta <a href=\"https:\/\/365-housse.com\/es\/collections\/funda-de-sillon\/\" rel=\"noopener noreferrer\" target=\"_blank\" title=\"Funda para sill\u00f3n\">Funda Sill\u00f3n<\/strong><\/a> es el resultado de un trabajo minucioso y cuidadoso. Presenta costuras bien alineadas y un ajuste preciso para envolver su silla de sapo. Adem\u00e1s, esta cubierta es f\u00e1cil de instalar y quitar para simplificar el mantenimiento.<\/p>\n<p>Nuestro <a href=\"https:\/\/365-housse.com\/es\/products\/housse-fauteuil-crapaud-kaki\/\" rel=\"noopener noreferrer\" target=\"_blank\" title=\"Funda Sill\u00f3n Crapaud Caqui \"><strong>Funda para sill\u00f3n Toad color caqui<\/strong><\/a><b> <\/b>aporta un toque elegante a tu sill\u00f3n Toad y embellece tu sal\u00f3n.<\/p>\n","protected":false},"excerpt":{"rendered":"<p>\u00a1A\u00f1ade estilo y calidez a tu sill\u00f3n Toad con nuestra funda para sill\u00f3n Toad beige! Dise\u00f1ado con atenci\u00f3n al detalle, se adapta perfectamente a su silla para una apariencia elegante y chic. El color beige aporta un toque c\u00e1lido y suave a tu interior para abrigarte en los fr\u00edos d\u00edas de invierno. Las ventajas de [&hellip;]<\/p>\n","protected":false},"featured_media":17143,"comment_status":"open","ping_status":"closed","template":"","meta":[],"product_cat":[159,161],"product_tag":[200],"class_list":{"0":"post-18183","1":"product","2":"type-product","3":"status-publish","4":"has-post-thumbnail","6":"product_cat-funda-de-sillon","7":"product_cat-portada-interior","8":"product_tag-fauteuil-es","10":"first","11":"instock","12":"shipping-taxable","13":"purchasable","14":"product-type-simple"},"yoast_head":"<title>Crapaud Funda sill\u00f3n beige en entrega - gratis Ahorra un 30% en tu pedido<\/title>\n<meta name=\"description\" content=\"Recibe tu Crapaud Funda sill\u00f3n beige hoy y benef\u00edciate de la entrega - gratuita Env\u00edo en 24\/48h\" \/>\n<meta name=\"robots\" content=\"index, follow, max-snippet:-1, max-image-preview:large, max-video-preview:-1\" \/>\n<link rel=\"canonical\" href=\"https:\/\/365-housse.com\/es\/productos\/housse-fauteuil-crapaud-beige\/\" \/>\n<meta property=\"og:locale\" content=\"es_ES\" \/>\n<meta property=\"og:type\" content=\"article\" \/>\n<meta property=\"og:title\" content=\"Crapaud Funda sill\u00f3n beige en entrega - gratis Ahorra un 30% en tu pedido\" \/>\n<meta property=\"og:description\" content=\"Recibe tu Crapaud Funda sill\u00f3n beige hoy y benef\u00edciate de la entrega - gratuita Env\u00edo en 24\/48h\" \/>\n<meta property=\"og:url\" content=\"https:\/\/365-housse.com\/es\/productos\/housse-fauteuil-crapaud-beige\/\" \/>\n<meta property=\"og:site_name\" content=\"Housse de Canap\u00e9\" \/>\n<meta property=\"article:modified_time\" content=\"2024-09-17T14:55:06+00:00\" \/>\n<meta property=\"og:image\" content=\"https:\/\/365-housse.com\/wp-content\/uploads\/2023\/06\/housse-fauteuil-crapaud-beige.jpg\" \/>\n\t<meta property=\"og:image:width\" content=\"466\" \/>\n\t<meta property=\"og:image:height\" content=\"454\" \/>\n\t<meta property=\"og:image:type\" content=\"image\/jpeg\" \/>\n<meta name=\"twitter:card\" content=\"summary_large_image\" \/>\n<meta name=\"twitter:label1\" content=\"Tiempo de lectura\" \/>\n\t<meta name=\"twitter:data1\" content=\"1 minuto\" \/>\n<script type=\"application\/ld+json\" class=\"yoast-schema-graph\">{\"@context\":\"https:\/\/schema.org\",\"@graph\":[{\"@type\":\"WebPage\",\"@id\":\"https:\/\/365-housse.com\/es\/productos\/housse-fauteuil-crapaud-beige\/\",\"url\":\"https:\/\/365-housse.com\/es\/productos\/housse-fauteuil-crapaud-beige\/\",\"name\":\"Crapaud Funda sill\u00f3n beige en entrega - gratis Ahorra un 30% en tu pedido\",\"isPartOf\":{\"@id\":\"https:\/\/365-housse.com\/es\/#website\"},\"primaryImageOfPage\":{\"@id\":\"https:\/\/365-housse.com\/es\/productos\/housse-fauteuil-crapaud-beige\/#primaryimage\"},\"image\":{\"@id\":\"https:\/\/365-housse.com\/es\/productos\/housse-fauteuil-crapaud-beige\/#primaryimage\"},\"thumbnailUrl\":\"https:\/\/365-housse.com\/wp-content\/uploads\/2023\/06\/housse-fauteuil-crapaud-beige.jpg\",\"datePublished\":\"2023-06-12T08:40:53+00:00\",\"dateModified\":\"2024-09-17T14:55:06+00:00\",\"description\":\"Recibe tu Crapaud Funda sill\u00f3n beige hoy y benef\u00edciate de la entrega - gratuita Env\u00edo en 24\/48h\",\"breadcrumb\":{\"@id\":\"https:\/\/365-housse.com\/es\/productos\/housse-fauteuil-crapaud-beige\/#breadcrumb\"},\"inLanguage\":\"es\",\"potentialAction\":[{\"@type\":\"ReadAction\",\"target\":[\"https:\/\/365-housse.com\/es\/productos\/housse-fauteuil-crapaud-beige\/\"]}]},{\"@type\":\"ImageObject\",\"inLanguage\":\"es\",\"@id\":\"https:\/\/365-housse.com\/es\/productos\/housse-fauteuil-crapaud-beige\/#primaryimage\",\"url\":\"https:\/\/365-housse.com\/wp-content\/uploads\/2023\/06\/housse-fauteuil-crapaud-beige.jpg\",\"contentUrl\":\"https:\/\/365-housse.com\/wp-content\/uploads\/2023\/06\/housse-fauteuil-crapaud-beige.jpg\",\"width\":466,\"height\":454},{\"@type\":\"BreadcrumbList\",\"@id\":\"https:\/\/365-housse.com\/es\/productos\/housse-fauteuil-crapaud-beige\/#breadcrumb\",\"itemListElement\":[{\"@type\":\"ListItem\",\"position\":1,\"name\":\"Accueil\",\"item\":\"https:\/\/365-housse.com\/es\/\"},{\"@type\":\"ListItem\",\"position\":2,\"name\":\"Tienda\",\"item\":\"https:\/\/365-housse.com\/es\/tienda\/\"},{\"@type\":\"ListItem\",\"position\":3,\"name\":\"Crapaud Funda sill\u00f3n beige\"}]},{\"@type\":\"WebSite\",\"@id\":\"https:\/\/365-housse.com\/es\/#website\",\"url\":\"https:\/\/365-housse.com\/es\/\",\"name\":\"Housse de Canap\u00e9\",\"description\":\"Le N\u00b01 de la Housse\",\"publisher\":{\"@id\":\"https:\/\/365-housse.com\/es\/#organization\"},\"potentialAction\":[{\"@type\":\"SearchAction\",\"target\":{\"@type\":\"EntryPoint\",\"urlTemplate\":\"https:\/\/365-housse.com\/es\/?s={search_term_string}\"},\"query-input\":{\"@type\":\"PropertyValueSpecification\",\"valueRequired\":true,\"valueName\":\"search_term_string\"}}],\"inLanguage\":\"es\"},{\"@type\":\"Organization\",\"@id\":\"https:\/\/365-housse.com\/es\/#organization\",\"name\":\"Housse de Canap\u00e9\",\"url\":\"https:\/\/365-housse.com\/es\/\",\"logo\":{\"@type\":\"ImageObject\",\"inLanguage\":\"es\",\"@id\":\"https:\/\/365-housse.com\/es\/#\/schema\/logo\/image\/\",\"url\":\"https:\/\/365-housse.com\/wp-content\/uploads\/2023\/06\/LOGO-400-\u00d7-200-px-392-x-134-px-16.png\",\"contentUrl\":\"https:\/\/365-housse.com\/wp-content\/uploads\/2023\/06\/LOGO-400-\u00d7-200-px-392-x-134-px-16.png\",\"width\":392,\"height\":134,\"caption\":\"Housse de Canap\u00e9\"},\"image\":{\"@id\":\"https:\/\/365-housse.com\/es\/#\/schema\/logo\/image\/\"}}]}<\/script>","yoast_head_json":{"title":"Crapaud Funda sill\u00f3n beige en entrega - gratis Ahorra un 30% en tu pedido","description":"Recibe tu Crapaud Funda sill\u00f3n beige hoy y benef\u00edciate de la entrega - gratuita Env\u00edo en 24\/48h","robots":{"index":"index","follow":"follow","max-snippet":"max-snippet:-1","max-image-preview":"max-image-preview:large","max-video-preview":"max-video-preview:-1"},"canonical":"https:\/\/365-housse.com\/es\/productos\/housse-fauteuil-crapaud-beige\/","og_locale":"es_ES","og_type":"article","og_title":"Crapaud Funda sill\u00f3n beige en entrega - gratis Ahorra un 30% en tu pedido","og_description":"Recibe tu Crapaud Funda sill\u00f3n beige hoy y benef\u00edciate de la entrega - gratuita Env\u00edo en 24\/48h","og_url":"https:\/\/365-housse.com\/es\/productos\/housse-fauteuil-crapaud-beige\/","og_site_name":"Housse de Canap\u00e9","article_modified_time":"2024-09-17T14:55:06+00:00","og_image":[{"width":466,"height":454,"url":"https:\/\/365-housse.com\/wp-content\/uploads\/2023\/06\/housse-fauteuil-crapaud-beige.jpg","type":"image\/jpeg"}],"twitter_card":"summary_large_image","twitter_misc":{"Tiempo de lectura":"1 minuto"},"schema":{"@context":"https:\/\/schema.org","@graph":[{"@type":"WebPage","@id":"https:\/\/365-housse.com\/es\/productos\/housse-fauteuil-crapaud-beige\/","url":"https:\/\/365-housse.com\/es\/productos\/housse-fauteuil-crapaud-beige\/","name":"Crapaud Funda sill\u00f3n beige en entrega - gratis Ahorra un 30% en tu pedido","isPartOf":{"@id":"https:\/\/365-housse.com\/es\/#website"},"primaryImageOfPage":{"@id":"https:\/\/365-housse.com\/es\/productos\/housse-fauteuil-crapaud-beige\/#primaryimage"},"image":{"@id":"https:\/\/365-housse.com\/es\/productos\/housse-fauteuil-crapaud-beige\/#primaryimage"},"thumbnailUrl":"https:\/\/365-housse.com\/wp-content\/uploads\/2023\/06\/housse-fauteuil-crapaud-beige.jpg","datePublished":"2023-06-12T08:40:53+00:00","dateModified":"2024-09-17T14:55:06+00:00","description":"Recibe tu Crapaud Funda sill\u00f3n beige hoy y benef\u00edciate de la entrega - gratuita Env\u00edo en 24\/48h","breadcrumb":{"@id":"https:\/\/365-housse.com\/es\/productos\/housse-fauteuil-crapaud-beige\/#breadcrumb"},"inLanguage":"es","potentialAction":[{"@type":"ReadAction","target":["https:\/\/365-housse.com\/es\/productos\/housse-fauteuil-crapaud-beige\/"]}]},{"@type":"ImageObject","inLanguage":"es","@id":"https:\/\/365-housse.com\/es\/productos\/housse-fauteuil-crapaud-beige\/#primaryimage","url":"https:\/\/365-housse.com\/wp-content\/uploads\/2023\/06\/housse-fauteuil-crapaud-beige.jpg","contentUrl":"https:\/\/365-housse.com\/wp-content\/uploads\/2023\/06\/housse-fauteuil-crapaud-beige.jpg","width":466,"height":454},{"@type":"BreadcrumbList","@id":"https:\/\/365-housse.com\/es\/productos\/housse-fauteuil-crapaud-beige\/#breadcrumb","itemListElement":[{"@type":"ListItem","position":1,"name":"Accueil","item":"https:\/\/365-housse.com\/es\/"},{"@type":"ListItem","position":2,"name":"Tienda","item":"https:\/\/365-housse.com\/es\/tienda\/"},{"@type":"ListItem","position":3,"name":"Crapaud Funda sill\u00f3n beige"}]},{"@type":"WebSite","@id":"https:\/\/365-housse.com\/es\/#website","url":"https:\/\/365-housse.com\/es\/","name":"Housse de Canap\u00e9","description":"Le N\u00b01 de la Housse","publisher":{"@id":"https:\/\/365-housse.com\/es\/#organization"},"potentialAction":[{"@type":"SearchAction","target":{"@type":"EntryPoint","urlTemplate":"https:\/\/365-housse.com\/es\/?s={search_term_string}"},"query-input":{"@type":"PropertyValueSpecification","valueRequired":true,"valueName":"search_term_string"}}],"inLanguage":"es"},{"@type":"Organization","@id":"https:\/\/365-housse.com\/es\/#organization","name":"Housse de Canap\u00e9","url":"https:\/\/365-housse.com\/es\/","logo":{"@type":"ImageObject","inLanguage":"es","@id":"https:\/\/365-housse.com\/es\/#\/schema\/logo\/image\/","url":"https:\/\/365-housse.com\/wp-content\/uploads\/2023\/06\/LOGO-400-\u00d7-200-px-392-x-134-px-16.png","contentUrl":"https:\/\/365-housse.com\/wp-content\/uploads\/2023\/06\/LOGO-400-\u00d7-200-px-392-x-134-px-16.png","width":392,"height":134,"caption":"Housse de Canap\u00e9"},"image":{"@id":"https:\/\/365-housse.com\/es\/#\/schema\/logo\/image\/"}}]}},"_links":{"self":[{"href":"https:\/\/365-housse.com\/es\/wp-json\/wp\/v2\/product\/18183"}],"collection":[{"href":"https:\/\/365-housse.com\/es\/wp-json\/wp\/v2\/product"}],"about":[{"href":"https:\/\/365-housse.com\/es\/wp-json\/wp\/v2\/types\/product"}],"replies":[{"embeddable":true,"href":"https:\/\/365-housse.com\/es\/wp-json\/wp\/v2\/comments?post=18183"}],"wp:featuredmedia":[{"embeddable":true,"href":"https:\/\/365-housse.com\/es\/wp-json\/wp\/v2\/media\/17143"}],"wp:attachment":[{"href":"https:\/\/365-housse.com\/es\/wp-json\/wp\/v2\/media?parent=18183"}],"wp:term":[{"taxonomy":"product_cat","embeddable":true,"href":"https:\/\/365-housse.com\/es\/wp-json\/wp\/v2\/product_cat?post=18183"},{"taxonomy":"product_tag","embeddable":true,"href":"https:\/\/365-housse.com\/es\/wp-json\/wp\/v2\/product_tag?post=18183"}],"curies":[{"name":"wp","href":"https:\/\/api.w.org\/{rel}","templated":true}]}}