{"id":18188,"date":"2023-06-12T08:40:50","date_gmt":"2023-06-12T08:40:50","guid":{"rendered":"https:\/\/365-housse.com\/products\/housse-fauteuil-crapaud-gris-clair\/"},"modified":"2024-09-17T14:55:07","modified_gmt":"2024-09-17T14:55:07","slug":"housse-fauteuil-crapaud-gris-clair","status":"publish","type":"product","link":"https:\/\/365-housse.com\/es\/productos\/housse-fauteuil-crapaud-gris-clair\/","title":{"rendered":"Funda para sill\u00f3n Crapaud Gris Claro"},"content":{"rendered":"<h2 data-pm-slice=\"1 1 []\">La <strong>Funda para Sill\u00f3n Toad Gris Claro<\/strong> es una excelente alternativa para darle un toque de modernidad a cualquier interior. Este accesorio decorativo a\u00f1ade car\u00e1cter a tu sal\u00f3n o dormitorio a la vez que proporciona un confort acogedor. Su tono gris claro es suave y sutil, lo que la convierte en una opci\u00f3n ideal para decoraciones de interiores contempor\u00e1neas y minimalistas.<\/h2>\n<h3>Las ventajas de la<span> <\/span><strong>funda para sill\u00f3n sapo gris claro<\/strong>: <\/h3>\n<ul>\n<li>\n<p>Aporta una nota de <strong>elegancia<\/strong><span> <\/span>y un lado<span> <\/span><strong>c\u00e1lido<\/ fuerte><span> <\/span>en tu interior<\/p>\n<\/li>\n<li>\n<p>Ideal para cambiar tu decoraci\u00f3n o renovar un espacio<\/p>\n<\/li>\n<li>\n<p>Hecho utilizando<span> <\/span><strong>tejido de calidad<\/strong><span> <\/span>para ofrecer una<strong>protecci\u00f3n \u00f3ptima<\/strong><span> <\/ span>contra la suciedad y las manchas<\/p>\n<\/li>\n<li>\n<p>F\u00e1cil de poner e instalar<\/p>\n<\/li>\n<\/ul>\n<p><strong>Caracter\u00edsticas:<\/ strong><\/p>\n<ul>\n<li>\n<p>Material: Poli\u00e9ster y spandex (material el\u00e1stico)<\/p>\n<\/li>\n<li>\n<p><span> <\/span><strong> tejidos de alta calidad<\/strong><span>\u00a0<\/span> para proteger tu sill\u00f3n<\/p>\n<\/li>\n<li>\n<p>Tecnolog\u00eda de impresi\u00f3n ultraeficiente<span>\u00a0<\/span><strong> &gt;<span> <\/span>para una mayor resistencia del color a la luz y al lavado<\/p>\n<\/li>\n<li>\n<p>Lavable a m\u00e1quina (no necesita planchado y secado r\u00e1pido)<\/p>\n<\/li>\n<li>\n<p>Diferentes usos: comedor, sal\u00f3n, despacho, dormitorio ,&#8230;<\/p>\n<\/li>\n<li>El paquete incluye una funda de sill\u00f3n y una funda de coj\u00edn<\/li>\n<\/ul>\n<p><strong>Gu\u00eda de tallas:<\/strong> <\/p>\n<p style=\"text-align: center\"><img decoding=\"async\" alt=\"\" data-mce-src=\" https:\/\/365-housse.com\/wp-content\/uploads\/2023\/06\/housse-fauteuil-dimension_480x480 .jpg?v=1682359790\" src=\"https:\/\/365-housse.com\/wp-content\/uploads \/2023\/06\/housse-fauteuil-dimension_480x480.jpg?v=1682359790\" \/><\/p>\n<p><strong>Tipo de sill\u00f3n adecuado:<\/strong><\/p>\n<p style=\"text-align : center\"><strong><img decoding=\"async\" alt=\"\" data-mce-src=\"https:\/\/365- housse.com\/wp-content\/uploads\/2023\/06\/housse-fauteuil-type_480x480.jpg?v= 1682359859\" src=\"https:\/\/365-housse.com\/wp-content\/uploads\/2023\/06\/housse -fauteuil-type_480x480.jpg?v=1682359859\" \/><\/strong><\/p>\n<p> <strong>Gu\u00eda de instalaci\u00f3n:<\/strong><\/p>\n<p style=\"text-align: center\"> <img decoding=\"async\" alt=\"\" data-mce-src=\"https:\/\/365-housse.com \/wp-content\/uploads\/2023\/06\/housse-fauteuil-extensible-installation_480x480.jpg?v=1680201308\" src=\"https:\/\/365-housse.com\/wp-content\/uploads\/2023\/06\/housse- armchair-extensible-installation_480x480.jpg?v=1680201308\" \/><\/p>\n<p><strong>La diferencia Antes\/ Despu\u00e9s: <\/strong><\/p>\n<p><img decoding=\"async\" alt=\"\" data-mce data-mce-src=\"https:\/\/365-housse.com\/wp-content\/uploads \/2023\/06\/Captured_ecran2022-12-26210827_480x480.jpg?v=1672164367\" src=\"https:\/\/365-housse.com\/wp-content\/uploads\/2023\/06\/Captured_ecran2022-12-26210827_480x480.jpg?v = 1672164367\" style=\"margin-left: auto;margin-right: auto\" \/><\/p>\n<p>Esta <a href=\"https:\/\/365-housse.com\/es\/collections\/funda-de- sillon\/\" rel=\"noopener noreferrer\" target=\"_blank\" title=\"Funda para sill\u00f3n\"> <strong>Funda para sill\u00f3n<\/strong><\/a> es muy pr\u00e1ctica. Util\u00edzalo para darle un nuevo aspecto a tu sill\u00f3n y transformar instant\u00e1neamente tu habitaci\u00f3n en un espacio agradable y acogedor. Su dise\u00f1o se adapta perfectamente a la forma de tu silla, siguiendo sus curvas y contornos para una apariencia cuidada y elegante. Los acabados son cuidados y de alta gama para un resultado profesional e impecable.<\/p>\n<p>Nuestro <a href=\"https:\/\/365-housse.com\/es\/products\/housse-fauteuil-crapaud-grise\/ \" rel=\"noopener noreferrer\" target=\"_blank\" title=\"Funda Sill\u00f3n Toad Gris\"><strong>Funda Sill\u00f3n Toad Gris<\/strong><\/a> es la soluci\u00f3n perfecta para reinventar tu decoraci\u00f3n y disfrutar de un interior a la vez moderno y elegante.<\/p>\n<p><a><strong>Proporcionar<\/strong><\/a> un ambiente relajante y elegante es una excelente soluci\u00f3n para aquellos que desean aportar un toque de elegancia y comodidad a su espacio vital.<\/p>\n","protected":false},"excerpt":{"rendered":"<p>La Funda para Sill\u00f3n Toad Gris Claro es una excelente alternativa para darle un toque de modernidad a cualquier interior. Este accesorio decorativo a\u00f1ade car\u00e1cter a tu sal\u00f3n o dormitorio a la vez que proporciona un confort acogedor. Su tono gris claro es suave y sutil, lo que la convierte en una opci\u00f3n ideal para [&hellip;]<\/p>\n","protected":false},"featured_media":17138,"comment_status":"open","ping_status":"closed","template":"","meta":[],"product_cat":[159,161],"product_tag":[200],"class_list":{"0":"post-18188","1":"product","2":"type-product","3":"status-publish","4":"has-post-thumbnail","6":"product_cat-funda-de-sillon","7":"product_cat-portada-interior","8":"product_tag-fauteuil-es","10":"first","11":"instock","12":"shipping-taxable","13":"purchasable","14":"product-type-simple"},"yoast_head":"<title>Funda para sill\u00f3n Crapaud Gris Claro en entrega - gratis Ahorra un 30% en tu pedido<\/title>\n<meta name=\"description\" content=\"Recibe tu Funda para sill\u00f3n Crapaud Gris Claro hoy y benef\u00edciate de la entrega - gratuita Env\u00edo en 24\/48h\" \/>\n<meta name=\"robots\" content=\"index, follow, max-snippet:-1, max-image-preview:large, max-video-preview:-1\" \/>\n<link rel=\"canonical\" href=\"https:\/\/365-housse.com\/es\/productos\/housse-fauteuil-crapaud-gris-clair\/\" \/>\n<meta property=\"og:locale\" content=\"es_ES\" \/>\n<meta property=\"og:type\" content=\"article\" \/>\n<meta property=\"og:title\" content=\"Funda para sill\u00f3n Crapaud Gris Claro en entrega - gratis Ahorra un 30% en tu pedido\" \/>\n<meta property=\"og:description\" content=\"Recibe tu Funda para sill\u00f3n Crapaud Gris Claro hoy y benef\u00edciate de la entrega - gratuita Env\u00edo en 24\/48h\" \/>\n<meta property=\"og:url\" content=\"https:\/\/365-housse.com\/es\/productos\/housse-fauteuil-crapaud-gris-clair\/\" \/>\n<meta property=\"og:site_name\" content=\"Housse de Canap\u00e9\" \/>\n<meta property=\"article:modified_time\" content=\"2024-09-17T14:55:07+00:00\" \/>\n<meta property=\"og:image\" content=\"https:\/\/365-housse.com\/wp-content\/uploads\/2023\/06\/housse-fauteuil-crapaud-gris-clair.jpg\" \/>\n\t<meta property=\"og:image:width\" content=\"435\" \/>\n\t<meta property=\"og:image:height\" content=\"448\" \/>\n\t<meta property=\"og:image:type\" content=\"image\/jpeg\" \/>\n<meta name=\"twitter:card\" content=\"summary_large_image\" \/>\n<meta name=\"twitter:label1\" content=\"Tiempo de lectura\" \/>\n\t<meta name=\"twitter:data1\" content=\"2 minutos\" \/>\n<script type=\"application\/ld+json\" class=\"yoast-schema-graph\">{\"@context\":\"https:\/\/schema.org\",\"@graph\":[{\"@type\":\"WebPage\",\"@id\":\"https:\/\/365-housse.com\/es\/productos\/housse-fauteuil-crapaud-gris-clair\/\",\"url\":\"https:\/\/365-housse.com\/es\/productos\/housse-fauteuil-crapaud-gris-clair\/\",\"name\":\"Funda para sill\u00f3n Crapaud Gris Claro en entrega - gratis Ahorra un 30% en tu pedido\",\"isPartOf\":{\"@id\":\"https:\/\/365-housse.com\/es\/#website\"},\"primaryImageOfPage\":{\"@id\":\"https:\/\/365-housse.com\/es\/productos\/housse-fauteuil-crapaud-gris-clair\/#primaryimage\"},\"image\":{\"@id\":\"https:\/\/365-housse.com\/es\/productos\/housse-fauteuil-crapaud-gris-clair\/#primaryimage\"},\"thumbnailUrl\":\"https:\/\/365-housse.com\/wp-content\/uploads\/2023\/06\/housse-fauteuil-crapaud-gris-clair.jpg\",\"datePublished\":\"2023-06-12T08:40:50+00:00\",\"dateModified\":\"2024-09-17T14:55:07+00:00\",\"description\":\"Recibe tu Funda para sill\u00f3n Crapaud Gris Claro hoy y benef\u00edciate de la entrega - gratuita Env\u00edo en 24\/48h\",\"breadcrumb\":{\"@id\":\"https:\/\/365-housse.com\/es\/productos\/housse-fauteuil-crapaud-gris-clair\/#breadcrumb\"},\"inLanguage\":\"es\",\"potentialAction\":[{\"@type\":\"ReadAction\",\"target\":[\"https:\/\/365-housse.com\/es\/productos\/housse-fauteuil-crapaud-gris-clair\/\"]}]},{\"@type\":\"ImageObject\",\"inLanguage\":\"es\",\"@id\":\"https:\/\/365-housse.com\/es\/productos\/housse-fauteuil-crapaud-gris-clair\/#primaryimage\",\"url\":\"https:\/\/365-housse.com\/wp-content\/uploads\/2023\/06\/housse-fauteuil-crapaud-gris-clair.jpg\",\"contentUrl\":\"https:\/\/365-housse.com\/wp-content\/uploads\/2023\/06\/housse-fauteuil-crapaud-gris-clair.jpg\",\"width\":435,\"height\":448},{\"@type\":\"BreadcrumbList\",\"@id\":\"https:\/\/365-housse.com\/es\/productos\/housse-fauteuil-crapaud-gris-clair\/#breadcrumb\",\"itemListElement\":[{\"@type\":\"ListItem\",\"position\":1,\"name\":\"Accueil\",\"item\":\"https:\/\/365-housse.com\/es\/\"},{\"@type\":\"ListItem\",\"position\":2,\"name\":\"Tienda\",\"item\":\"https:\/\/365-housse.com\/es\/tienda\/\"},{\"@type\":\"ListItem\",\"position\":3,\"name\":\"Funda para sill\u00f3n Crapaud Gris Claro\"}]},{\"@type\":\"WebSite\",\"@id\":\"https:\/\/365-housse.com\/es\/#website\",\"url\":\"https:\/\/365-housse.com\/es\/\",\"name\":\"Housse de Canap\u00e9\",\"description\":\"Le N\u00b01 de la Housse\",\"publisher\":{\"@id\":\"https:\/\/365-housse.com\/es\/#organization\"},\"potentialAction\":[{\"@type\":\"SearchAction\",\"target\":{\"@type\":\"EntryPoint\",\"urlTemplate\":\"https:\/\/365-housse.com\/es\/?s={search_term_string}\"},\"query-input\":{\"@type\":\"PropertyValueSpecification\",\"valueRequired\":true,\"valueName\":\"search_term_string\"}}],\"inLanguage\":\"es\"},{\"@type\":\"Organization\",\"@id\":\"https:\/\/365-housse.com\/es\/#organization\",\"name\":\"Housse de Canap\u00e9\",\"url\":\"https:\/\/365-housse.com\/es\/\",\"logo\":{\"@type\":\"ImageObject\",\"inLanguage\":\"es\",\"@id\":\"https:\/\/365-housse.com\/es\/#\/schema\/logo\/image\/\",\"url\":\"https:\/\/365-housse.com\/wp-content\/uploads\/2023\/06\/LOGO-400-\u00d7-200-px-392-x-134-px-16.png\",\"contentUrl\":\"https:\/\/365-housse.com\/wp-content\/uploads\/2023\/06\/LOGO-400-\u00d7-200-px-392-x-134-px-16.png\",\"width\":392,\"height\":134,\"caption\":\"Housse de Canap\u00e9\"},\"image\":{\"@id\":\"https:\/\/365-housse.com\/es\/#\/schema\/logo\/image\/\"}}]}<\/script>","yoast_head_json":{"title":"Funda para sill\u00f3n Crapaud Gris Claro en entrega - gratis Ahorra un 30% en tu pedido","description":"Recibe tu Funda para sill\u00f3n Crapaud Gris Claro hoy y benef\u00edciate de la entrega - gratuita Env\u00edo en 24\/48h","robots":{"index":"index","follow":"follow","max-snippet":"max-snippet:-1","max-image-preview":"max-image-preview:large","max-video-preview":"max-video-preview:-1"},"canonical":"https:\/\/365-housse.com\/es\/productos\/housse-fauteuil-crapaud-gris-clair\/","og_locale":"es_ES","og_type":"article","og_title":"Funda para sill\u00f3n Crapaud Gris Claro en entrega - gratis Ahorra un 30% en tu pedido","og_description":"Recibe tu Funda para sill\u00f3n Crapaud Gris Claro hoy y benef\u00edciate de la entrega - gratuita Env\u00edo en 24\/48h","og_url":"https:\/\/365-housse.com\/es\/productos\/housse-fauteuil-crapaud-gris-clair\/","og_site_name":"Housse de Canap\u00e9","article_modified_time":"2024-09-17T14:55:07+00:00","og_image":[{"width":435,"height":448,"url":"https:\/\/365-housse.com\/wp-content\/uploads\/2023\/06\/housse-fauteuil-crapaud-gris-clair.jpg","type":"image\/jpeg"}],"twitter_card":"summary_large_image","twitter_misc":{"Tiempo de lectura":"2 minutos"},"schema":{"@context":"https:\/\/schema.org","@graph":[{"@type":"WebPage","@id":"https:\/\/365-housse.com\/es\/productos\/housse-fauteuil-crapaud-gris-clair\/","url":"https:\/\/365-housse.com\/es\/productos\/housse-fauteuil-crapaud-gris-clair\/","name":"Funda para sill\u00f3n Crapaud Gris Claro en entrega - gratis Ahorra un 30% en tu pedido","isPartOf":{"@id":"https:\/\/365-housse.com\/es\/#website"},"primaryImageOfPage":{"@id":"https:\/\/365-housse.com\/es\/productos\/housse-fauteuil-crapaud-gris-clair\/#primaryimage"},"image":{"@id":"https:\/\/365-housse.com\/es\/productos\/housse-fauteuil-crapaud-gris-clair\/#primaryimage"},"thumbnailUrl":"https:\/\/365-housse.com\/wp-content\/uploads\/2023\/06\/housse-fauteuil-crapaud-gris-clair.jpg","datePublished":"2023-06-12T08:40:50+00:00","dateModified":"2024-09-17T14:55:07+00:00","description":"Recibe tu Funda para sill\u00f3n Crapaud Gris Claro hoy y benef\u00edciate de la entrega - gratuita Env\u00edo en 24\/48h","breadcrumb":{"@id":"https:\/\/365-housse.com\/es\/productos\/housse-fauteuil-crapaud-gris-clair\/#breadcrumb"},"inLanguage":"es","potentialAction":[{"@type":"ReadAction","target":["https:\/\/365-housse.com\/es\/productos\/housse-fauteuil-crapaud-gris-clair\/"]}]},{"@type":"ImageObject","inLanguage":"es","@id":"https:\/\/365-housse.com\/es\/productos\/housse-fauteuil-crapaud-gris-clair\/#primaryimage","url":"https:\/\/365-housse.com\/wp-content\/uploads\/2023\/06\/housse-fauteuil-crapaud-gris-clair.jpg","contentUrl":"https:\/\/365-housse.com\/wp-content\/uploads\/2023\/06\/housse-fauteuil-crapaud-gris-clair.jpg","width":435,"height":448},{"@type":"BreadcrumbList","@id":"https:\/\/365-housse.com\/es\/productos\/housse-fauteuil-crapaud-gris-clair\/#breadcrumb","itemListElement":[{"@type":"ListItem","position":1,"name":"Accueil","item":"https:\/\/365-housse.com\/es\/"},{"@type":"ListItem","position":2,"name":"Tienda","item":"https:\/\/365-housse.com\/es\/tienda\/"},{"@type":"ListItem","position":3,"name":"Funda para sill\u00f3n Crapaud Gris Claro"}]},{"@type":"WebSite","@id":"https:\/\/365-housse.com\/es\/#website","url":"https:\/\/365-housse.com\/es\/","name":"Housse de Canap\u00e9","description":"Le N\u00b01 de la Housse","publisher":{"@id":"https:\/\/365-housse.com\/es\/#organization"},"potentialAction":[{"@type":"SearchAction","target":{"@type":"EntryPoint","urlTemplate":"https:\/\/365-housse.com\/es\/?s={search_term_string}"},"query-input":{"@type":"PropertyValueSpecification","valueRequired":true,"valueName":"search_term_string"}}],"inLanguage":"es"},{"@type":"Organization","@id":"https:\/\/365-housse.com\/es\/#organization","name":"Housse de Canap\u00e9","url":"https:\/\/365-housse.com\/es\/","logo":{"@type":"ImageObject","inLanguage":"es","@id":"https:\/\/365-housse.com\/es\/#\/schema\/logo\/image\/","url":"https:\/\/365-housse.com\/wp-content\/uploads\/2023\/06\/LOGO-400-\u00d7-200-px-392-x-134-px-16.png","contentUrl":"https:\/\/365-housse.com\/wp-content\/uploads\/2023\/06\/LOGO-400-\u00d7-200-px-392-x-134-px-16.png","width":392,"height":134,"caption":"Housse de Canap\u00e9"},"image":{"@id":"https:\/\/365-housse.com\/es\/#\/schema\/logo\/image\/"}}]}},"_links":{"self":[{"href":"https:\/\/365-housse.com\/es\/wp-json\/wp\/v2\/product\/18188"}],"collection":[{"href":"https:\/\/365-housse.com\/es\/wp-json\/wp\/v2\/product"}],"about":[{"href":"https:\/\/365-housse.com\/es\/wp-json\/wp\/v2\/types\/product"}],"replies":[{"embeddable":true,"href":"https:\/\/365-housse.com\/es\/wp-json\/wp\/v2\/comments?post=18188"}],"wp:featuredmedia":[{"embeddable":true,"href":"https:\/\/365-housse.com\/es\/wp-json\/wp\/v2\/media\/17138"}],"wp:attachment":[{"href":"https:\/\/365-housse.com\/es\/wp-json\/wp\/v2\/media?parent=18188"}],"wp:term":[{"taxonomy":"product_cat","embeddable":true,"href":"https:\/\/365-housse.com\/es\/wp-json\/wp\/v2\/product_cat?post=18188"},{"taxonomy":"product_tag","embeddable":true,"href":"https:\/\/365-housse.com\/es\/wp-json\/wp\/v2\/product_tag?post=18188"}],"curies":[{"name":"wp","href":"https:\/\/api.w.org\/{rel}","templated":true}]}}