{"id":18224,"date":"2023-06-12T08:40:24","date_gmt":"2023-06-12T08:40:24","guid":{"rendered":"https:\/\/365-housse.com\/products\/housse-fauteuil-crapaud-geometrique-bleu\/"},"modified":"2024-09-17T14:55:29","modified_gmt":"2024-09-17T14:55:29","slug":"housse-fauteuil-crapaud-geometrique-bleu","status":"publish","type":"product","link":"https:\/\/365-housse.com\/es\/productos\/housse-fauteuil-crapaud-geometrique-bleu\/","title":{"rendered":"Funda sill\u00f3n Sapo Geom\u00e9trico Azul"},"content":{"rendered":"<h2 data-pm-slice=\"1 1 []\">Elegante y contempor\u00e1nea, la <strong>Funda para sill\u00f3n Sapo Geom\u00e9trico Azul<\/strong> puede a\u00f1adir un toque de modernidad a tu decoraci\u00f3n interior. Atrevidos patrones geom\u00e9tricos y colores vibrantes se combinan para crear un efecto visual din\u00e1mico y cautivador. Los dise\u00f1os son vivos y animados, aportando un toque de sofisticaci\u00f3n y elegancia a tu decoraci\u00f3n.<\/h2>\n<h3>Ventajas de la<span> <\/span><strong>funda para sill\u00f3n sapo geom\u00e9trico azul<\/strong>: <\/h3>\n<ul>\n<li>\n<p>A\u00f1ade un toque de <strong>elegancia<\/strong><span>\u00a0<\/span>y un ambiente <strong>c\u00e1lido<\/strong><span>\u00a0<\/span> a tu interior&lt;\/p <\/li>\n<li>\n<p>Perfecto para cambiar de decoraci\u00f3n o renovar un espacio<\/p>\n<\/li>\n<li>\n<p>Protecci\u00f3n \u00f3ptima<\/strong><span><\/span>contra la suciedad y las manchas<\/p>\n<\/li>\n<li>\n<p>Hecho de<span> <\/span><strong>tela de alta calidad<\/strong><\/p>\n<\/li>\n<li>F\u00e1cil de poner e instalar<\/li>\n<\/ul>\n<p><strong>Caracter\u00edsticas:<\/strong><\/p>\n<ul>\n<li>\n<p>Material: Poli\u00e9ster y spandex (material el\u00e1stico)<\/p>\n<\/li>\n<li>\n<p>Tela de alta calidad<span> <\/span><strong><\/strong><span> <\/span>para proteger tu silla<\/p>\n<\/li>\n<li>\n<p>Tecnolog\u00eda de impresi\u00f3n ultraeficiente<span> <\/span><strong>para colores m\u00e1s resistentes a la luz y al lavado<\/p>\n<p><\/ li><\/p>\n<li>\n<p>Lavado a m\u00e1quina (sin planchado y secado r\u00e1pido)<\/p>\n<\/li>\n<li>\n<p>Ideal para el comedor, sal\u00f3n, despacho, dormitorio,&#8230;<\/p>\n<\/li>\n<li>El paquete incluye una funda de sill\u00f3n y una funda de coj\u00edn<\/li>\n<\/ul>\n<p><strong>Gu\u00eda de tallas:<\/strong> <\/p>\n<p style=\"text-align: center\"><img decoding=\"async\" alt=\"\" data-mce-src=\"https:\/\/365-housse.com\/wp-content\/uploads\/2023\/06\/housse-fauteuil-dimension_480x480 .jpg?v=1682359790\" src=\"https:\/\/365-housse.com\/wp-content\/uploads\/2023\/06\/housse-fauteuil-dimension_480x480.jpg?v=1682359790\" \/>&gt;<\/p>\n<p><strong>Tipo de silla adecuada:<\/strong><\/p>\n<p style=\"text-align: center\"><strong><img decoding=\"async\" alt=\"\" data-mce-src=\"https:\/\/365-housse.com\/wp-content\/uploads\/2023\/06\/housse- armchair-type_480x480.jpg?v=1682359859\" src=\"https:\/\/365-housse.com\/wp-content\/uploads\/2023\/06\/housse-fauteuil-type_480x480.jpg?v=1682359859\" \/>&lt;\/strong <\/p>\n<p><strong>Gu\u00eda de instalaci\u00f3n:<\/strong><\/p>\n<p style=\"text-align: center\"><img decoding=\"async\" alt=\"\" data-mce-src=\"https:\/\/365-housse.com\/wp-content\/uploads\/2023\/06\/housse-fauteuil-extensible -installation_480x480.jpg?v=1680201308\" src=\"https:\/\/365-housse.com\/wp-content\/uploads\/2023\/06\/housse-fauteuil-extensible-installation_480x480.jpg?v=1680201308\" \/><\/ p><\/p>\n<p><strong>La diferencia antes\/despu\u00e9s: <\/strong><\/p>\n<p style=\"text-align: center\"><img decoding=\"async\" alt=\"\" data-mce-fragment=\"1\" data-mce-src=\"https:\/\/365-housse.com\/wp-content\/uploads\/ 2023\/06\/Captured_ecran2022-12-26210827_480x480.jpg?v=1672164367\" src=\"https:\/\/365-housse.com\/wp-content\/uploads\/2023\/06\/Captured_ecran2022-12-26210827_480x480.jpg?v= 16 72164367 \" \/><\/p>\n<p>Esta <a href=\"https:\/\/365-housse.com\/es\/collections\/funda-de-sillon\/\" rel=\"noopener\" target=\"_blank\" title=\"Funda para sill\u00f3n\"><strong> La Funda para Sill\u00f3n <\/strong><\/a>en tonos vivos es perfecta para quienes buscan a\u00f1adir un poco de color a su decoraci\u00f3n. El azul es un color brillante y alegre que aporta una atm\u00f3sfera positiva y din\u00e1mica a tu interior. Adem\u00e1s es atemporal y elegante, y combina bien con otros colores.<\/p>\n<p>Nuestra <strong>Funda para Sill\u00f3n Sapo Geom\u00e9trico<\/strong> es un complemento decorativo elegante y pr\u00e1ctico que puede aportar un toque de modernidad y dinamismo a cualquier espacio.<\/p>\n<p>p&gt;<\/p>\n","protected":false},"excerpt":{"rendered":"<p>Elegante y contempor\u00e1nea, la Funda para sill\u00f3n Sapo Geom\u00e9trico Azul puede a\u00f1adir un toque de modernidad a tu decoraci\u00f3n interior. Atrevidos patrones geom\u00e9tricos y colores vibrantes se combinan para crear un efecto visual din\u00e1mico y cautivador. Los dise\u00f1os son vivos y animados, aportando un toque de sofisticaci\u00f3n y elegancia a tu decoraci\u00f3n. Ventajas de la [&hellip;]<\/p>\n","protected":false},"featured_media":17086,"comment_status":"open","ping_status":"closed","template":"","meta":[],"product_cat":[159,161],"product_tag":[200],"class_list":{"0":"post-18224","1":"product","2":"type-product","3":"status-publish","4":"has-post-thumbnail","6":"product_cat-funda-de-sillon","7":"product_cat-portada-interior","8":"product_tag-fauteuil-es","10":"first","11":"instock","12":"shipping-taxable","13":"purchasable","14":"product-type-simple"},"yoast_head":"<title>Funda sill\u00f3n Sapo Geom\u00e9trico Azul en entrega - gratis Ahorra un 30% en tu pedido<\/title>\n<meta name=\"description\" content=\"Recibe tu Funda sill\u00f3n Sapo Geom\u00e9trico Azul hoy y benef\u00edciate de la entrega - gratuita Env\u00edo en 24\/48h\" \/>\n<meta name=\"robots\" content=\"index, follow, max-snippet:-1, max-image-preview:large, max-video-preview:-1\" \/>\n<link rel=\"canonical\" href=\"https:\/\/365-housse.com\/es\/productos\/housse-fauteuil-crapaud-geometrique-bleu\/\" \/>\n<meta property=\"og:locale\" content=\"es_ES\" \/>\n<meta property=\"og:type\" content=\"article\" \/>\n<meta property=\"og:title\" content=\"Funda sill\u00f3n Sapo Geom\u00e9trico Azul en entrega - gratis Ahorra un 30% en tu pedido\" \/>\n<meta property=\"og:description\" content=\"Recibe tu Funda sill\u00f3n Sapo Geom\u00e9trico Azul hoy y benef\u00edciate de la entrega - gratuita Env\u00edo en 24\/48h\" \/>\n<meta property=\"og:url\" content=\"https:\/\/365-housse.com\/es\/productos\/housse-fauteuil-crapaud-geometrique-bleu\/\" \/>\n<meta property=\"og:site_name\" content=\"Housse de Canap\u00e9\" \/>\n<meta property=\"article:modified_time\" content=\"2024-09-17T14:55:29+00:00\" \/>\n<meta property=\"og:image\" content=\"https:\/\/365-housse.com\/wp-content\/uploads\/2023\/06\/housse-fauteuil-crapaud-geometrique-bleu.png\" \/>\n\t<meta property=\"og:image:width\" content=\"501\" \/>\n\t<meta property=\"og:image:height\" content=\"498\" \/>\n\t<meta property=\"og:image:type\" content=\"image\/png\" \/>\n<meta name=\"twitter:card\" content=\"summary_large_image\" \/>\n<meta name=\"twitter:label1\" content=\"Tiempo de lectura\" \/>\n\t<meta name=\"twitter:data1\" content=\"1 minuto\" \/>\n<script type=\"application\/ld+json\" class=\"yoast-schema-graph\">{\"@context\":\"https:\/\/schema.org\",\"@graph\":[{\"@type\":\"WebPage\",\"@id\":\"https:\/\/365-housse.com\/es\/productos\/housse-fauteuil-crapaud-geometrique-bleu\/\",\"url\":\"https:\/\/365-housse.com\/es\/productos\/housse-fauteuil-crapaud-geometrique-bleu\/\",\"name\":\"Funda sill\u00f3n Sapo Geom\u00e9trico Azul en entrega - gratis Ahorra un 30% en tu pedido\",\"isPartOf\":{\"@id\":\"https:\/\/365-housse.com\/es\/#website\"},\"primaryImageOfPage\":{\"@id\":\"https:\/\/365-housse.com\/es\/productos\/housse-fauteuil-crapaud-geometrique-bleu\/#primaryimage\"},\"image\":{\"@id\":\"https:\/\/365-housse.com\/es\/productos\/housse-fauteuil-crapaud-geometrique-bleu\/#primaryimage\"},\"thumbnailUrl\":\"https:\/\/365-housse.com\/wp-content\/uploads\/2023\/06\/housse-fauteuil-crapaud-geometrique-bleu.png\",\"datePublished\":\"2023-06-12T08:40:24+00:00\",\"dateModified\":\"2024-09-17T14:55:29+00:00\",\"description\":\"Recibe tu Funda sill\u00f3n Sapo Geom\u00e9trico Azul hoy y benef\u00edciate de la entrega - gratuita Env\u00edo en 24\/48h\",\"breadcrumb\":{\"@id\":\"https:\/\/365-housse.com\/es\/productos\/housse-fauteuil-crapaud-geometrique-bleu\/#breadcrumb\"},\"inLanguage\":\"es\",\"potentialAction\":[{\"@type\":\"ReadAction\",\"target\":[\"https:\/\/365-housse.com\/es\/productos\/housse-fauteuil-crapaud-geometrique-bleu\/\"]}]},{\"@type\":\"ImageObject\",\"inLanguage\":\"es\",\"@id\":\"https:\/\/365-housse.com\/es\/productos\/housse-fauteuil-crapaud-geometrique-bleu\/#primaryimage\",\"url\":\"https:\/\/365-housse.com\/wp-content\/uploads\/2023\/06\/housse-fauteuil-crapaud-geometrique-bleu.png\",\"contentUrl\":\"https:\/\/365-housse.com\/wp-content\/uploads\/2023\/06\/housse-fauteuil-crapaud-geometrique-bleu.png\",\"width\":501,\"height\":498},{\"@type\":\"BreadcrumbList\",\"@id\":\"https:\/\/365-housse.com\/es\/productos\/housse-fauteuil-crapaud-geometrique-bleu\/#breadcrumb\",\"itemListElement\":[{\"@type\":\"ListItem\",\"position\":1,\"name\":\"Accueil\",\"item\":\"https:\/\/365-housse.com\/es\/\"},{\"@type\":\"ListItem\",\"position\":2,\"name\":\"Tienda\",\"item\":\"https:\/\/365-housse.com\/es\/tienda\/\"},{\"@type\":\"ListItem\",\"position\":3,\"name\":\"Funda sill\u00f3n Sapo Geom\u00e9trico Azul\"}]},{\"@type\":\"WebSite\",\"@id\":\"https:\/\/365-housse.com\/es\/#website\",\"url\":\"https:\/\/365-housse.com\/es\/\",\"name\":\"Housse de Canap\u00e9\",\"description\":\"Le N\u00b01 de la Housse\",\"publisher\":{\"@id\":\"https:\/\/365-housse.com\/es\/#organization\"},\"potentialAction\":[{\"@type\":\"SearchAction\",\"target\":{\"@type\":\"EntryPoint\",\"urlTemplate\":\"https:\/\/365-housse.com\/es\/?s={search_term_string}\"},\"query-input\":{\"@type\":\"PropertyValueSpecification\",\"valueRequired\":true,\"valueName\":\"search_term_string\"}}],\"inLanguage\":\"es\"},{\"@type\":\"Organization\",\"@id\":\"https:\/\/365-housse.com\/es\/#organization\",\"name\":\"Housse de Canap\u00e9\",\"url\":\"https:\/\/365-housse.com\/es\/\",\"logo\":{\"@type\":\"ImageObject\",\"inLanguage\":\"es\",\"@id\":\"https:\/\/365-housse.com\/es\/#\/schema\/logo\/image\/\",\"url\":\"https:\/\/365-housse.com\/wp-content\/uploads\/2023\/06\/LOGO-400-\u00d7-200-px-392-x-134-px-16.png\",\"contentUrl\":\"https:\/\/365-housse.com\/wp-content\/uploads\/2023\/06\/LOGO-400-\u00d7-200-px-392-x-134-px-16.png\",\"width\":392,\"height\":134,\"caption\":\"Housse de Canap\u00e9\"},\"image\":{\"@id\":\"https:\/\/365-housse.com\/es\/#\/schema\/logo\/image\/\"}}]}<\/script>","yoast_head_json":{"title":"Funda sill\u00f3n Sapo Geom\u00e9trico Azul en entrega - gratis Ahorra un 30% en tu pedido","description":"Recibe tu Funda sill\u00f3n Sapo Geom\u00e9trico Azul hoy y benef\u00edciate de la entrega - gratuita Env\u00edo en 24\/48h","robots":{"index":"index","follow":"follow","max-snippet":"max-snippet:-1","max-image-preview":"max-image-preview:large","max-video-preview":"max-video-preview:-1"},"canonical":"https:\/\/365-housse.com\/es\/productos\/housse-fauteuil-crapaud-geometrique-bleu\/","og_locale":"es_ES","og_type":"article","og_title":"Funda sill\u00f3n Sapo Geom\u00e9trico Azul en entrega - gratis Ahorra un 30% en tu pedido","og_description":"Recibe tu Funda sill\u00f3n Sapo Geom\u00e9trico Azul hoy y benef\u00edciate de la entrega - gratuita Env\u00edo en 24\/48h","og_url":"https:\/\/365-housse.com\/es\/productos\/housse-fauteuil-crapaud-geometrique-bleu\/","og_site_name":"Housse de Canap\u00e9","article_modified_time":"2024-09-17T14:55:29+00:00","og_image":[{"width":501,"height":498,"url":"https:\/\/365-housse.com\/wp-content\/uploads\/2023\/06\/housse-fauteuil-crapaud-geometrique-bleu.png","type":"image\/png"}],"twitter_card":"summary_large_image","twitter_misc":{"Tiempo de lectura":"1 minuto"},"schema":{"@context":"https:\/\/schema.org","@graph":[{"@type":"WebPage","@id":"https:\/\/365-housse.com\/es\/productos\/housse-fauteuil-crapaud-geometrique-bleu\/","url":"https:\/\/365-housse.com\/es\/productos\/housse-fauteuil-crapaud-geometrique-bleu\/","name":"Funda sill\u00f3n Sapo Geom\u00e9trico Azul en entrega - gratis Ahorra un 30% en tu pedido","isPartOf":{"@id":"https:\/\/365-housse.com\/es\/#website"},"primaryImageOfPage":{"@id":"https:\/\/365-housse.com\/es\/productos\/housse-fauteuil-crapaud-geometrique-bleu\/#primaryimage"},"image":{"@id":"https:\/\/365-housse.com\/es\/productos\/housse-fauteuil-crapaud-geometrique-bleu\/#primaryimage"},"thumbnailUrl":"https:\/\/365-housse.com\/wp-content\/uploads\/2023\/06\/housse-fauteuil-crapaud-geometrique-bleu.png","datePublished":"2023-06-12T08:40:24+00:00","dateModified":"2024-09-17T14:55:29+00:00","description":"Recibe tu Funda sill\u00f3n Sapo Geom\u00e9trico Azul hoy y benef\u00edciate de la entrega - gratuita Env\u00edo en 24\/48h","breadcrumb":{"@id":"https:\/\/365-housse.com\/es\/productos\/housse-fauteuil-crapaud-geometrique-bleu\/#breadcrumb"},"inLanguage":"es","potentialAction":[{"@type":"ReadAction","target":["https:\/\/365-housse.com\/es\/productos\/housse-fauteuil-crapaud-geometrique-bleu\/"]}]},{"@type":"ImageObject","inLanguage":"es","@id":"https:\/\/365-housse.com\/es\/productos\/housse-fauteuil-crapaud-geometrique-bleu\/#primaryimage","url":"https:\/\/365-housse.com\/wp-content\/uploads\/2023\/06\/housse-fauteuil-crapaud-geometrique-bleu.png","contentUrl":"https:\/\/365-housse.com\/wp-content\/uploads\/2023\/06\/housse-fauteuil-crapaud-geometrique-bleu.png","width":501,"height":498},{"@type":"BreadcrumbList","@id":"https:\/\/365-housse.com\/es\/productos\/housse-fauteuil-crapaud-geometrique-bleu\/#breadcrumb","itemListElement":[{"@type":"ListItem","position":1,"name":"Accueil","item":"https:\/\/365-housse.com\/es\/"},{"@type":"ListItem","position":2,"name":"Tienda","item":"https:\/\/365-housse.com\/es\/tienda\/"},{"@type":"ListItem","position":3,"name":"Funda sill\u00f3n Sapo Geom\u00e9trico Azul"}]},{"@type":"WebSite","@id":"https:\/\/365-housse.com\/es\/#website","url":"https:\/\/365-housse.com\/es\/","name":"Housse de Canap\u00e9","description":"Le N\u00b01 de la Housse","publisher":{"@id":"https:\/\/365-housse.com\/es\/#organization"},"potentialAction":[{"@type":"SearchAction","target":{"@type":"EntryPoint","urlTemplate":"https:\/\/365-housse.com\/es\/?s={search_term_string}"},"query-input":{"@type":"PropertyValueSpecification","valueRequired":true,"valueName":"search_term_string"}}],"inLanguage":"es"},{"@type":"Organization","@id":"https:\/\/365-housse.com\/es\/#organization","name":"Housse de Canap\u00e9","url":"https:\/\/365-housse.com\/es\/","logo":{"@type":"ImageObject","inLanguage":"es","@id":"https:\/\/365-housse.com\/es\/#\/schema\/logo\/image\/","url":"https:\/\/365-housse.com\/wp-content\/uploads\/2023\/06\/LOGO-400-\u00d7-200-px-392-x-134-px-16.png","contentUrl":"https:\/\/365-housse.com\/wp-content\/uploads\/2023\/06\/LOGO-400-\u00d7-200-px-392-x-134-px-16.png","width":392,"height":134,"caption":"Housse de Canap\u00e9"},"image":{"@id":"https:\/\/365-housse.com\/es\/#\/schema\/logo\/image\/"}}]}},"_links":{"self":[{"href":"https:\/\/365-housse.com\/es\/wp-json\/wp\/v2\/product\/18224"}],"collection":[{"href":"https:\/\/365-housse.com\/es\/wp-json\/wp\/v2\/product"}],"about":[{"href":"https:\/\/365-housse.com\/es\/wp-json\/wp\/v2\/types\/product"}],"replies":[{"embeddable":true,"href":"https:\/\/365-housse.com\/es\/wp-json\/wp\/v2\/comments?post=18224"}],"wp:featuredmedia":[{"embeddable":true,"href":"https:\/\/365-housse.com\/es\/wp-json\/wp\/v2\/media\/17086"}],"wp:attachment":[{"href":"https:\/\/365-housse.com\/es\/wp-json\/wp\/v2\/media?parent=18224"}],"wp:term":[{"taxonomy":"product_cat","embeddable":true,"href":"https:\/\/365-housse.com\/es\/wp-json\/wp\/v2\/product_cat?post=18224"},{"taxonomy":"product_tag","embeddable":true,"href":"https:\/\/365-housse.com\/es\/wp-json\/wp\/v2\/product_tag?post=18224"}],"curies":[{"name":"wp","href":"https:\/\/api.w.org\/{rel}","templated":true}]}}