{"id":18225,"date":"2023-06-12T08:40:22","date_gmt":"2023-06-12T08:40:22","guid":{"rendered":"https:\/\/365-housse.com\/products\/housse-fauteuil-crapaud-geometrique-rouge\/"},"modified":"2024-09-17T14:55:29","modified_gmt":"2024-09-17T14:55:29","slug":"housse-fauteuil-crapaud-geometrique-rouge","status":"publish","type":"product","link":"https:\/\/365-housse.com\/es\/productos\/housse-fauteuil-crapaud-geometrique-rouge\/","title":{"rendered":"Funda sill\u00f3n Sapo Geom\u00e9trico Rojo"},"content":{"rendered":"<p>&gt;La <strong>Funda para Sill\u00f3n Sapo Geom\u00e9trico Rojo<\/strong> es un accesorio decorativo atrevido y din\u00e1mico que le dar\u00e1 a tu interior un toque vibrante y apasionado. Elegir el color rojo es una elecci\u00f3n valiente pero elegante que aporta calidez y vida a tu espacio. El patr\u00f3n geom\u00e9trico de la funda est\u00e1 perfectamente proporcionado con formas equilibradas que crean un efecto visualmente calmante y armonioso.<\/p>\n<p>Las ventajas de la <strong>funda para sill\u00f3n sapo geom\u00e9trico rojo<\/strong> son numerosas: ofrece un toque de elegancia y calidez a tu decoraci\u00f3n, es perfecta para cambiar la decoraci\u00f3n o transformar tu espacio, proporciona una protecci\u00f3n \u00f3ptima contra la suciedad y las tareas, es Fabricado con tela de calidad, es f\u00e1cil de poner e instalar.<\/p>\n<p>Las caracter\u00edsticas incluyen: material de poli\u00e9ster y spandex (material el\u00e1stico), tela de primera calidad para proteger su silla, tecnolog\u00eda de impresi\u00f3n de alto rendimiento para una mayor solidez del color a la decoloraci\u00f3n y al lavado, lavable a m\u00e1quina (no requiere planchado) y secado r\u00e1pido), diferentes usos para comedores , salones, oficinas y dormitorios y el paquete incluye una funda de sill\u00f3n y una funda de coj\u00edn.<\/p>\n<p>La gu\u00eda de tallas, el tipo de silla adecuado y la gu\u00eda de instalaci\u00f3n est\u00e1n disponibles en nuestro sitio. La diferencia antes\/despu\u00e9s es realmente impresionante.<\/p>\n<p>Esta <a href=\"https:\/\/365-housse.com\/es\/collections\/funda-de-sillon\/\" rel=\"noopener noreferrer\" target=\"_blank\" title=\"Funda Sill\u00f3n\"><strong>Funda Sill\u00f3n <\/strong><\/a> es perfecto para a\u00f1adir un toque de pasi\u00f3n y vivacidad a tu interior. Es un accesorio decorativo ideal para quienes buscan a\u00f1adir un toque atrevido a su espacio vital. Tambi\u00e9n es excelente para transformar su interior en un espacio din\u00e1mico y apasionante. El color rojo de la funda es un color fuerte y expresivo que aporta energ\u00eda y vitalidad a tu estancia, creando un ambiente vibrante y din\u00e1mico.<\/p>\n<p>Para un tono m\u00e1s neutro, no dudes en descubrir nuestra <strong>Funda de Sill\u00f3n Sapo Geom\u00e9trico Marr\u00f3n<\/strong>.<\/p>\n<p>A\u00f1ade una nota de vitalidad y pasi\u00f3n a tu interior con esta pieza de decoraci\u00f3n atrevida y elegante.<\/p>\n","protected":false},"excerpt":{"rendered":"<p>&gt;La Funda para Sill\u00f3n Sapo Geom\u00e9trico Rojo es un accesorio decorativo atrevido y din\u00e1mico que le dar\u00e1 a tu interior un toque vibrante y apasionado. Elegir el color rojo es una elecci\u00f3n valiente pero elegante que aporta calidez y vida a tu espacio. El patr\u00f3n geom\u00e9trico de la funda est\u00e1 perfectamente proporcionado con formas equilibradas [&hellip;]<\/p>\n","protected":false},"featured_media":17076,"comment_status":"open","ping_status":"closed","template":"","meta":[],"product_cat":[159,161],"product_tag":[200],"class_list":{"0":"post-18225","1":"product","2":"type-product","3":"status-publish","4":"has-post-thumbnail","6":"product_cat-funda-de-sillon","7":"product_cat-portada-interior","8":"product_tag-fauteuil-es","10":"first","11":"instock","12":"shipping-taxable","13":"purchasable","14":"product-type-simple"},"yoast_head":"<title>Funda sill\u00f3n Sapo Geom\u00e9trico Rojo en entrega - gratis Ahorra un 30% en tu pedido<\/title>\n<meta name=\"description\" content=\"Recibe tu Funda sill\u00f3n Sapo Geom\u00e9trico Rojo hoy y benef\u00edciate de la entrega - gratuita Env\u00edo en 24\/48h\" \/>\n<meta name=\"robots\" content=\"index, follow, max-snippet:-1, max-image-preview:large, max-video-preview:-1\" \/>\n<link rel=\"canonical\" href=\"https:\/\/365-housse.com\/es\/productos\/housse-fauteuil-crapaud-geometrique-rouge\/\" \/>\n<meta property=\"og:locale\" content=\"es_ES\" \/>\n<meta property=\"og:type\" content=\"article\" \/>\n<meta property=\"og:title\" content=\"Funda sill\u00f3n Sapo Geom\u00e9trico Rojo en entrega - gratis Ahorra un 30% en tu pedido\" \/>\n<meta property=\"og:description\" content=\"Recibe tu Funda sill\u00f3n Sapo Geom\u00e9trico Rojo hoy y benef\u00edciate de la entrega - gratuita Env\u00edo en 24\/48h\" \/>\n<meta property=\"og:url\" content=\"https:\/\/365-housse.com\/es\/productos\/housse-fauteuil-crapaud-geometrique-rouge\/\" \/>\n<meta property=\"og:site_name\" content=\"Housse de Canap\u00e9\" \/>\n<meta property=\"article:modified_time\" content=\"2024-09-17T14:55:29+00:00\" \/>\n<meta property=\"og:image\" content=\"https:\/\/365-housse.com\/wp-content\/uploads\/2023\/06\/housse-fauteuil-crapaud-geometrique-rouge.png\" \/>\n\t<meta property=\"og:image:width\" content=\"501\" \/>\n\t<meta property=\"og:image:height\" content=\"498\" \/>\n\t<meta property=\"og:image:type\" content=\"image\/png\" \/>\n<meta name=\"twitter:card\" content=\"summary_large_image\" \/>\n<meta name=\"twitter:label1\" content=\"Tiempo de lectura\" \/>\n\t<meta name=\"twitter:data1\" content=\"2 minutos\" \/>\n<script type=\"application\/ld+json\" class=\"yoast-schema-graph\">{\"@context\":\"https:\/\/schema.org\",\"@graph\":[{\"@type\":\"WebPage\",\"@id\":\"https:\/\/365-housse.com\/es\/productos\/housse-fauteuil-crapaud-geometrique-rouge\/\",\"url\":\"https:\/\/365-housse.com\/es\/productos\/housse-fauteuil-crapaud-geometrique-rouge\/\",\"name\":\"Funda sill\u00f3n Sapo Geom\u00e9trico Rojo en entrega - gratis Ahorra un 30% en tu pedido\",\"isPartOf\":{\"@id\":\"https:\/\/365-housse.com\/es\/#website\"},\"primaryImageOfPage\":{\"@id\":\"https:\/\/365-housse.com\/es\/productos\/housse-fauteuil-crapaud-geometrique-rouge\/#primaryimage\"},\"image\":{\"@id\":\"https:\/\/365-housse.com\/es\/productos\/housse-fauteuil-crapaud-geometrique-rouge\/#primaryimage\"},\"thumbnailUrl\":\"https:\/\/365-housse.com\/wp-content\/uploads\/2023\/06\/housse-fauteuil-crapaud-geometrique-rouge.png\",\"datePublished\":\"2023-06-12T08:40:22+00:00\",\"dateModified\":\"2024-09-17T14:55:29+00:00\",\"description\":\"Recibe tu Funda sill\u00f3n Sapo Geom\u00e9trico Rojo hoy y benef\u00edciate de la entrega - gratuita Env\u00edo en 24\/48h\",\"breadcrumb\":{\"@id\":\"https:\/\/365-housse.com\/es\/productos\/housse-fauteuil-crapaud-geometrique-rouge\/#breadcrumb\"},\"inLanguage\":\"es\",\"potentialAction\":[{\"@type\":\"ReadAction\",\"target\":[\"https:\/\/365-housse.com\/es\/productos\/housse-fauteuil-crapaud-geometrique-rouge\/\"]}]},{\"@type\":\"ImageObject\",\"inLanguage\":\"es\",\"@id\":\"https:\/\/365-housse.com\/es\/productos\/housse-fauteuil-crapaud-geometrique-rouge\/#primaryimage\",\"url\":\"https:\/\/365-housse.com\/wp-content\/uploads\/2023\/06\/housse-fauteuil-crapaud-geometrique-rouge.png\",\"contentUrl\":\"https:\/\/365-housse.com\/wp-content\/uploads\/2023\/06\/housse-fauteuil-crapaud-geometrique-rouge.png\",\"width\":501,\"height\":498},{\"@type\":\"BreadcrumbList\",\"@id\":\"https:\/\/365-housse.com\/es\/productos\/housse-fauteuil-crapaud-geometrique-rouge\/#breadcrumb\",\"itemListElement\":[{\"@type\":\"ListItem\",\"position\":1,\"name\":\"Accueil\",\"item\":\"https:\/\/365-housse.com\/es\/\"},{\"@type\":\"ListItem\",\"position\":2,\"name\":\"Tienda\",\"item\":\"https:\/\/365-housse.com\/es\/tienda\/\"},{\"@type\":\"ListItem\",\"position\":3,\"name\":\"Funda sill\u00f3n Sapo Geom\u00e9trico Rojo\"}]},{\"@type\":\"WebSite\",\"@id\":\"https:\/\/365-housse.com\/es\/#website\",\"url\":\"https:\/\/365-housse.com\/es\/\",\"name\":\"Housse de Canap\u00e9\",\"description\":\"Le N\u00b01 de la Housse\",\"publisher\":{\"@id\":\"https:\/\/365-housse.com\/es\/#organization\"},\"potentialAction\":[{\"@type\":\"SearchAction\",\"target\":{\"@type\":\"EntryPoint\",\"urlTemplate\":\"https:\/\/365-housse.com\/es\/?s={search_term_string}\"},\"query-input\":{\"@type\":\"PropertyValueSpecification\",\"valueRequired\":true,\"valueName\":\"search_term_string\"}}],\"inLanguage\":\"es\"},{\"@type\":\"Organization\",\"@id\":\"https:\/\/365-housse.com\/es\/#organization\",\"name\":\"Housse de Canap\u00e9\",\"url\":\"https:\/\/365-housse.com\/es\/\",\"logo\":{\"@type\":\"ImageObject\",\"inLanguage\":\"es\",\"@id\":\"https:\/\/365-housse.com\/es\/#\/schema\/logo\/image\/\",\"url\":\"https:\/\/365-housse.com\/wp-content\/uploads\/2023\/06\/LOGO-400-\u00d7-200-px-392-x-134-px-16.png\",\"contentUrl\":\"https:\/\/365-housse.com\/wp-content\/uploads\/2023\/06\/LOGO-400-\u00d7-200-px-392-x-134-px-16.png\",\"width\":392,\"height\":134,\"caption\":\"Housse de Canap\u00e9\"},\"image\":{\"@id\":\"https:\/\/365-housse.com\/es\/#\/schema\/logo\/image\/\"}}]}<\/script>","yoast_head_json":{"title":"Funda sill\u00f3n Sapo Geom\u00e9trico Rojo en entrega - gratis Ahorra un 30% en tu pedido","description":"Recibe tu Funda sill\u00f3n Sapo Geom\u00e9trico Rojo hoy y benef\u00edciate de la entrega - gratuita Env\u00edo en 24\/48h","robots":{"index":"index","follow":"follow","max-snippet":"max-snippet:-1","max-image-preview":"max-image-preview:large","max-video-preview":"max-video-preview:-1"},"canonical":"https:\/\/365-housse.com\/es\/productos\/housse-fauteuil-crapaud-geometrique-rouge\/","og_locale":"es_ES","og_type":"article","og_title":"Funda sill\u00f3n Sapo Geom\u00e9trico Rojo en entrega - gratis Ahorra un 30% en tu pedido","og_description":"Recibe tu Funda sill\u00f3n Sapo Geom\u00e9trico Rojo hoy y benef\u00edciate de la entrega - gratuita Env\u00edo en 24\/48h","og_url":"https:\/\/365-housse.com\/es\/productos\/housse-fauteuil-crapaud-geometrique-rouge\/","og_site_name":"Housse de Canap\u00e9","article_modified_time":"2024-09-17T14:55:29+00:00","og_image":[{"width":501,"height":498,"url":"https:\/\/365-housse.com\/wp-content\/uploads\/2023\/06\/housse-fauteuil-crapaud-geometrique-rouge.png","type":"image\/png"}],"twitter_card":"summary_large_image","twitter_misc":{"Tiempo de lectura":"2 minutos"},"schema":{"@context":"https:\/\/schema.org","@graph":[{"@type":"WebPage","@id":"https:\/\/365-housse.com\/es\/productos\/housse-fauteuil-crapaud-geometrique-rouge\/","url":"https:\/\/365-housse.com\/es\/productos\/housse-fauteuil-crapaud-geometrique-rouge\/","name":"Funda sill\u00f3n Sapo Geom\u00e9trico Rojo en entrega - gratis Ahorra un 30% en tu pedido","isPartOf":{"@id":"https:\/\/365-housse.com\/es\/#website"},"primaryImageOfPage":{"@id":"https:\/\/365-housse.com\/es\/productos\/housse-fauteuil-crapaud-geometrique-rouge\/#primaryimage"},"image":{"@id":"https:\/\/365-housse.com\/es\/productos\/housse-fauteuil-crapaud-geometrique-rouge\/#primaryimage"},"thumbnailUrl":"https:\/\/365-housse.com\/wp-content\/uploads\/2023\/06\/housse-fauteuil-crapaud-geometrique-rouge.png","datePublished":"2023-06-12T08:40:22+00:00","dateModified":"2024-09-17T14:55:29+00:00","description":"Recibe tu Funda sill\u00f3n Sapo Geom\u00e9trico Rojo hoy y benef\u00edciate de la entrega - gratuita Env\u00edo en 24\/48h","breadcrumb":{"@id":"https:\/\/365-housse.com\/es\/productos\/housse-fauteuil-crapaud-geometrique-rouge\/#breadcrumb"},"inLanguage":"es","potentialAction":[{"@type":"ReadAction","target":["https:\/\/365-housse.com\/es\/productos\/housse-fauteuil-crapaud-geometrique-rouge\/"]}]},{"@type":"ImageObject","inLanguage":"es","@id":"https:\/\/365-housse.com\/es\/productos\/housse-fauteuil-crapaud-geometrique-rouge\/#primaryimage","url":"https:\/\/365-housse.com\/wp-content\/uploads\/2023\/06\/housse-fauteuil-crapaud-geometrique-rouge.png","contentUrl":"https:\/\/365-housse.com\/wp-content\/uploads\/2023\/06\/housse-fauteuil-crapaud-geometrique-rouge.png","width":501,"height":498},{"@type":"BreadcrumbList","@id":"https:\/\/365-housse.com\/es\/productos\/housse-fauteuil-crapaud-geometrique-rouge\/#breadcrumb","itemListElement":[{"@type":"ListItem","position":1,"name":"Accueil","item":"https:\/\/365-housse.com\/es\/"},{"@type":"ListItem","position":2,"name":"Tienda","item":"https:\/\/365-housse.com\/es\/tienda\/"},{"@type":"ListItem","position":3,"name":"Funda sill\u00f3n Sapo Geom\u00e9trico Rojo"}]},{"@type":"WebSite","@id":"https:\/\/365-housse.com\/es\/#website","url":"https:\/\/365-housse.com\/es\/","name":"Housse de Canap\u00e9","description":"Le N\u00b01 de la Housse","publisher":{"@id":"https:\/\/365-housse.com\/es\/#organization"},"potentialAction":[{"@type":"SearchAction","target":{"@type":"EntryPoint","urlTemplate":"https:\/\/365-housse.com\/es\/?s={search_term_string}"},"query-input":{"@type":"PropertyValueSpecification","valueRequired":true,"valueName":"search_term_string"}}],"inLanguage":"es"},{"@type":"Organization","@id":"https:\/\/365-housse.com\/es\/#organization","name":"Housse de Canap\u00e9","url":"https:\/\/365-housse.com\/es\/","logo":{"@type":"ImageObject","inLanguage":"es","@id":"https:\/\/365-housse.com\/es\/#\/schema\/logo\/image\/","url":"https:\/\/365-housse.com\/wp-content\/uploads\/2023\/06\/LOGO-400-\u00d7-200-px-392-x-134-px-16.png","contentUrl":"https:\/\/365-housse.com\/wp-content\/uploads\/2023\/06\/LOGO-400-\u00d7-200-px-392-x-134-px-16.png","width":392,"height":134,"caption":"Housse de Canap\u00e9"},"image":{"@id":"https:\/\/365-housse.com\/es\/#\/schema\/logo\/image\/"}}]}},"_links":{"self":[{"href":"https:\/\/365-housse.com\/es\/wp-json\/wp\/v2\/product\/18225"}],"collection":[{"href":"https:\/\/365-housse.com\/es\/wp-json\/wp\/v2\/product"}],"about":[{"href":"https:\/\/365-housse.com\/es\/wp-json\/wp\/v2\/types\/product"}],"replies":[{"embeddable":true,"href":"https:\/\/365-housse.com\/es\/wp-json\/wp\/v2\/comments?post=18225"}],"wp:featuredmedia":[{"embeddable":true,"href":"https:\/\/365-housse.com\/es\/wp-json\/wp\/v2\/media\/17076"}],"wp:attachment":[{"href":"https:\/\/365-housse.com\/es\/wp-json\/wp\/v2\/media?parent=18225"}],"wp:term":[{"taxonomy":"product_cat","embeddable":true,"href":"https:\/\/365-housse.com\/es\/wp-json\/wp\/v2\/product_cat?post=18225"},{"taxonomy":"product_tag","embeddable":true,"href":"https:\/\/365-housse.com\/es\/wp-json\/wp\/v2\/product_tag?post=18225"}],"curies":[{"name":"wp","href":"https:\/\/api.w.org\/{rel}","templated":true}]}}