{"id":18251,"date":"2023-06-12T08:40:06","date_gmt":"2023-06-12T08:40:06","guid":{"rendered":"https:\/\/365-housse.com\/products\/housse-fauteuil-scandinave-vert-cyan\/"},"modified":"2024-09-17T14:55:42","modified_gmt":"2024-09-17T14:55:42","slug":"housse-fauteuil-scandinave-vert-cyan","status":"publish","type":"product","link":"https:\/\/365-housse.com\/es\/productos\/housse-fauteuil-scandinave-vert-cyan\/","title":{"rendered":"Funda sill\u00f3n escandinavo verde cian"},"content":{"rendered":"<h2>\u00a1Vive una experiencia de los sentidos con la <strong>Funda de Sill\u00f3n Escandinavo Verde Cian<\/strong>! Este color de moda aportar\u00e1 una explosi\u00f3n de frescura y color a tu interior. Representa perfectamente la armon\u00eda entre la naturaleza y el dise\u00f1o contempor\u00e1neo. Aprovecha su color vibrante y sus tonalidades vivas para realzar tu sill\u00f3n y transformarlo en una aut\u00e9ntica obra de arte.<\/h2>\n<h3>Las ventajas de la<span> <\/span><strong>funda sill\u00f3n escandinavo verde cian<\/strong>:<\/h3>\n<ul>\n<li>\n<p>A\u00f1ade un toque de <strong>elegancia<\/strong><span> <\/span>y un ambiente<span> <\/span><strong>amigable<\/strong><span> <\/span> a tu decoraci\u00f3n interior<\/p>\n<\/li>\n<li>\n<p>Ideal para remodelar tu interior o cambiar tu decoraci\u00f3n<\/p>\n<\/li>\n<li>\n<p>Ofrece<span> <\/span><strong>protecci\u00f3n \u00f3ptima<\/strong><span> <\/span>contra la suciedad y las manchas<\/p>\n<\/li>\n<li>\n<p>Hecho de<span> <\/span><strong>tejido de calidad<\/strong><\/p>\n<\/li>\n<li>\n<p>F\u00e1cil de instalar y configurar<\/p>\n<\/li>\n<\/ul>\n<p><strong>Caracter\u00edsticas:<\/strong><\/p>\n<ul>\n<li>\n<p>Material: Poli\u00e9ster y spandex (material el\u00e1stico)<\/p>\n<\/li>\n<li>\n<p>Tejido de primera calidad<span> <\/span><strong><\/strong><span> <\/span>para preservar tu sill\u00f3n<\/p>\n<\/li>\n<li>\n<p>Tecnolog\u00eda de impresi\u00f3n<span> <\/span><strong>ultrarendimiento<\/strong><span> <\/span>con mayor resistencia del color a la luz y al lavado<\/p>\n<\/li>\n<li>\n<p>Lavado a m\u00e1quina (sin planchado y secado r\u00e1pido)<\/p>\n<\/li>\n<li>\n<p>Diferentes usos: comedor, sal\u00f3n, despacho, dormitorio,&#8230;<\/p>\n<\/li>\n<li>\n<p>El paquete incluye una funda de sill\u00f3n y una funda de coj\u00edn<\/p>\n<\/li>\n<\/ul>\n<p><strong>Gu\u00eda de tallas:<\/strong> <\/p>\n<p data-mce-style=\"text-align: centro;\" style=\"text-align: center\"><img decoding=\"async\" alt=\"funda para sill\u00f3n escandinavo\" data-mce-src=\"https:\/\/365-housse.com\/wp-content\/uploads\/2023\/06\/housse-fauteuil- scandinave-taille_480x480.jpg?v=1683568242\" src=\"https:\/\/365-housse.com\/wp-content\/uploads\/2023\/06\/housse-fauteuil-scandinave-taille_480x480.jpg?v=1683568242\" \/> \/p&gt;<\/p>\n<p>Con esta <a href=\"https:\/\/365-housse.com\/es\/collections\/funda-de-sillon\/\" rel=\"noopener noreferrer\" target=\"_blank\" title=\"Funda para sill\u00f3n\"> <strong>Funda para sill\u00f3n <\/strong><\/a>, su espacio vital quedar\u00e1 adornado con una atm\u00f3sfera alegre y estimulante, propicia para la relajaci\u00f3n y la creatividad. Deja que este color brillante aporte un toque de alegr\u00eda a tu decoraci\u00f3n.<\/p>\n<p>Echa un vistazo tambi\u00e9n a nuestra <strong>Funda para Sill\u00f3n Escandinavo Negro<\/strong>, para quienes buscan una est\u00e9tica m\u00e1s sutil y sobria. Personaliza tu sill\u00f3n escandinavo y transforma tu espacio vital en un lugar a tu medida.<\/p>\n","protected":false},"excerpt":{"rendered":"<p>\u00a1Vive una experiencia de los sentidos con la Funda de Sill\u00f3n Escandinavo Verde Cian! Este color de moda aportar\u00e1 una explosi\u00f3n de frescura y color a tu interior. Representa perfectamente la armon\u00eda entre la naturaleza y el dise\u00f1o contempor\u00e1neo. Aprovecha su color vibrante y sus tonalidades vivas para realzar tu sill\u00f3n y transformarlo en una [&hellip;]<\/p>\n","protected":false},"featured_media":17026,"comment_status":"open","ping_status":"closed","template":"","meta":[],"product_cat":[159,161],"product_tag":[200],"class_list":{"0":"post-18251","1":"product","2":"type-product","3":"status-publish","4":"has-post-thumbnail","6":"product_cat-funda-de-sillon","7":"product_cat-portada-interior","8":"product_tag-fauteuil-es","10":"first","11":"instock","12":"shipping-taxable","13":"purchasable","14":"product-type-simple"},"yoast_head":"<title>Funda sill\u00f3n escandinavo verde cian en entrega - gratis Ahorra un 30% en tu pedido<\/title>\n<meta name=\"description\" content=\"Recibe tu Funda sill\u00f3n escandinavo verde cian hoy y benef\u00edciate de la entrega - gratuita Env\u00edo en 24\/48h\" \/>\n<meta name=\"robots\" content=\"index, follow, max-snippet:-1, max-image-preview:large, max-video-preview:-1\" \/>\n<link rel=\"canonical\" href=\"https:\/\/365-housse.com\/es\/productos\/housse-fauteuil-scandinave-vert-cyan\/\" \/>\n<meta property=\"og:locale\" content=\"es_ES\" \/>\n<meta property=\"og:type\" content=\"article\" \/>\n<meta property=\"og:title\" content=\"Funda sill\u00f3n escandinavo verde cian en entrega - gratis Ahorra un 30% en tu pedido\" \/>\n<meta property=\"og:description\" content=\"Recibe tu Funda sill\u00f3n escandinavo verde cian hoy y benef\u00edciate de la entrega - gratuita Env\u00edo en 24\/48h\" \/>\n<meta property=\"og:url\" content=\"https:\/\/365-housse.com\/es\/productos\/housse-fauteuil-scandinave-vert-cyan\/\" \/>\n<meta property=\"og:site_name\" content=\"Housse de Canap\u00e9\" \/>\n<meta property=\"article:modified_time\" content=\"2024-09-17T14:55:42+00:00\" \/>\n<meta property=\"og:image\" content=\"https:\/\/365-housse.com\/wp-content\/uploads\/2023\/06\/housse-fauteuil-scandinave-vert-cyan.png\" \/>\n\t<meta property=\"og:image:width\" content=\"498\" \/>\n\t<meta property=\"og:image:height\" content=\"501\" \/>\n\t<meta property=\"og:image:type\" content=\"image\/png\" \/>\n<meta name=\"twitter:card\" content=\"summary_large_image\" \/>\n<meta name=\"twitter:label1\" content=\"Tiempo de lectura\" \/>\n\t<meta name=\"twitter:data1\" content=\"1 minuto\" \/>\n<script type=\"application\/ld+json\" class=\"yoast-schema-graph\">{\"@context\":\"https:\/\/schema.org\",\"@graph\":[{\"@type\":\"WebPage\",\"@id\":\"https:\/\/365-housse.com\/es\/productos\/housse-fauteuil-scandinave-vert-cyan\/\",\"url\":\"https:\/\/365-housse.com\/es\/productos\/housse-fauteuil-scandinave-vert-cyan\/\",\"name\":\"Funda sill\u00f3n escandinavo verde cian en entrega - gratis Ahorra un 30% en tu pedido\",\"isPartOf\":{\"@id\":\"https:\/\/365-housse.com\/es\/#website\"},\"primaryImageOfPage\":{\"@id\":\"https:\/\/365-housse.com\/es\/productos\/housse-fauteuil-scandinave-vert-cyan\/#primaryimage\"},\"image\":{\"@id\":\"https:\/\/365-housse.com\/es\/productos\/housse-fauteuil-scandinave-vert-cyan\/#primaryimage\"},\"thumbnailUrl\":\"https:\/\/365-housse.com\/wp-content\/uploads\/2023\/06\/housse-fauteuil-scandinave-vert-cyan.png\",\"datePublished\":\"2023-06-12T08:40:06+00:00\",\"dateModified\":\"2024-09-17T14:55:42+00:00\",\"description\":\"Recibe tu Funda sill\u00f3n escandinavo verde cian hoy y benef\u00edciate de la entrega - gratuita Env\u00edo en 24\/48h\",\"breadcrumb\":{\"@id\":\"https:\/\/365-housse.com\/es\/productos\/housse-fauteuil-scandinave-vert-cyan\/#breadcrumb\"},\"inLanguage\":\"es\",\"potentialAction\":[{\"@type\":\"ReadAction\",\"target\":[\"https:\/\/365-housse.com\/es\/productos\/housse-fauteuil-scandinave-vert-cyan\/\"]}]},{\"@type\":\"ImageObject\",\"inLanguage\":\"es\",\"@id\":\"https:\/\/365-housse.com\/es\/productos\/housse-fauteuil-scandinave-vert-cyan\/#primaryimage\",\"url\":\"https:\/\/365-housse.com\/wp-content\/uploads\/2023\/06\/housse-fauteuil-scandinave-vert-cyan.png\",\"contentUrl\":\"https:\/\/365-housse.com\/wp-content\/uploads\/2023\/06\/housse-fauteuil-scandinave-vert-cyan.png\",\"width\":498,\"height\":501},{\"@type\":\"BreadcrumbList\",\"@id\":\"https:\/\/365-housse.com\/es\/productos\/housse-fauteuil-scandinave-vert-cyan\/#breadcrumb\",\"itemListElement\":[{\"@type\":\"ListItem\",\"position\":1,\"name\":\"Accueil\",\"item\":\"https:\/\/365-housse.com\/es\/\"},{\"@type\":\"ListItem\",\"position\":2,\"name\":\"Tienda\",\"item\":\"https:\/\/365-housse.com\/es\/tienda\/\"},{\"@type\":\"ListItem\",\"position\":3,\"name\":\"Funda sill\u00f3n escandinavo verde cian\"}]},{\"@type\":\"WebSite\",\"@id\":\"https:\/\/365-housse.com\/es\/#website\",\"url\":\"https:\/\/365-housse.com\/es\/\",\"name\":\"Housse de Canap\u00e9\",\"description\":\"Le N\u00b01 de la Housse\",\"publisher\":{\"@id\":\"https:\/\/365-housse.com\/es\/#organization\"},\"potentialAction\":[{\"@type\":\"SearchAction\",\"target\":{\"@type\":\"EntryPoint\",\"urlTemplate\":\"https:\/\/365-housse.com\/es\/?s={search_term_string}\"},\"query-input\":{\"@type\":\"PropertyValueSpecification\",\"valueRequired\":true,\"valueName\":\"search_term_string\"}}],\"inLanguage\":\"es\"},{\"@type\":\"Organization\",\"@id\":\"https:\/\/365-housse.com\/es\/#organization\",\"name\":\"Housse de Canap\u00e9\",\"url\":\"https:\/\/365-housse.com\/es\/\",\"logo\":{\"@type\":\"ImageObject\",\"inLanguage\":\"es\",\"@id\":\"https:\/\/365-housse.com\/es\/#\/schema\/logo\/image\/\",\"url\":\"https:\/\/365-housse.com\/wp-content\/uploads\/2023\/06\/LOGO-400-\u00d7-200-px-392-x-134-px-16.png\",\"contentUrl\":\"https:\/\/365-housse.com\/wp-content\/uploads\/2023\/06\/LOGO-400-\u00d7-200-px-392-x-134-px-16.png\",\"width\":392,\"height\":134,\"caption\":\"Housse de Canap\u00e9\"},\"image\":{\"@id\":\"https:\/\/365-housse.com\/es\/#\/schema\/logo\/image\/\"}}]}<\/script>","yoast_head_json":{"title":"Funda sill\u00f3n escandinavo verde cian en entrega - gratis Ahorra un 30% en tu pedido","description":"Recibe tu Funda sill\u00f3n escandinavo verde cian hoy y benef\u00edciate de la entrega - gratuita Env\u00edo en 24\/48h","robots":{"index":"index","follow":"follow","max-snippet":"max-snippet:-1","max-image-preview":"max-image-preview:large","max-video-preview":"max-video-preview:-1"},"canonical":"https:\/\/365-housse.com\/es\/productos\/housse-fauteuil-scandinave-vert-cyan\/","og_locale":"es_ES","og_type":"article","og_title":"Funda sill\u00f3n escandinavo verde cian en entrega - gratis Ahorra un 30% en tu pedido","og_description":"Recibe tu Funda sill\u00f3n escandinavo verde cian hoy y benef\u00edciate de la entrega - gratuita Env\u00edo en 24\/48h","og_url":"https:\/\/365-housse.com\/es\/productos\/housse-fauteuil-scandinave-vert-cyan\/","og_site_name":"Housse de Canap\u00e9","article_modified_time":"2024-09-17T14:55:42+00:00","og_image":[{"width":498,"height":501,"url":"https:\/\/365-housse.com\/wp-content\/uploads\/2023\/06\/housse-fauteuil-scandinave-vert-cyan.png","type":"image\/png"}],"twitter_card":"summary_large_image","twitter_misc":{"Tiempo de lectura":"1 minuto"},"schema":{"@context":"https:\/\/schema.org","@graph":[{"@type":"WebPage","@id":"https:\/\/365-housse.com\/es\/productos\/housse-fauteuil-scandinave-vert-cyan\/","url":"https:\/\/365-housse.com\/es\/productos\/housse-fauteuil-scandinave-vert-cyan\/","name":"Funda sill\u00f3n escandinavo verde cian en entrega - gratis Ahorra un 30% en tu pedido","isPartOf":{"@id":"https:\/\/365-housse.com\/es\/#website"},"primaryImageOfPage":{"@id":"https:\/\/365-housse.com\/es\/productos\/housse-fauteuil-scandinave-vert-cyan\/#primaryimage"},"image":{"@id":"https:\/\/365-housse.com\/es\/productos\/housse-fauteuil-scandinave-vert-cyan\/#primaryimage"},"thumbnailUrl":"https:\/\/365-housse.com\/wp-content\/uploads\/2023\/06\/housse-fauteuil-scandinave-vert-cyan.png","datePublished":"2023-06-12T08:40:06+00:00","dateModified":"2024-09-17T14:55:42+00:00","description":"Recibe tu Funda sill\u00f3n escandinavo verde cian hoy y benef\u00edciate de la entrega - gratuita Env\u00edo en 24\/48h","breadcrumb":{"@id":"https:\/\/365-housse.com\/es\/productos\/housse-fauteuil-scandinave-vert-cyan\/#breadcrumb"},"inLanguage":"es","potentialAction":[{"@type":"ReadAction","target":["https:\/\/365-housse.com\/es\/productos\/housse-fauteuil-scandinave-vert-cyan\/"]}]},{"@type":"ImageObject","inLanguage":"es","@id":"https:\/\/365-housse.com\/es\/productos\/housse-fauteuil-scandinave-vert-cyan\/#primaryimage","url":"https:\/\/365-housse.com\/wp-content\/uploads\/2023\/06\/housse-fauteuil-scandinave-vert-cyan.png","contentUrl":"https:\/\/365-housse.com\/wp-content\/uploads\/2023\/06\/housse-fauteuil-scandinave-vert-cyan.png","width":498,"height":501},{"@type":"BreadcrumbList","@id":"https:\/\/365-housse.com\/es\/productos\/housse-fauteuil-scandinave-vert-cyan\/#breadcrumb","itemListElement":[{"@type":"ListItem","position":1,"name":"Accueil","item":"https:\/\/365-housse.com\/es\/"},{"@type":"ListItem","position":2,"name":"Tienda","item":"https:\/\/365-housse.com\/es\/tienda\/"},{"@type":"ListItem","position":3,"name":"Funda sill\u00f3n escandinavo verde cian"}]},{"@type":"WebSite","@id":"https:\/\/365-housse.com\/es\/#website","url":"https:\/\/365-housse.com\/es\/","name":"Housse de Canap\u00e9","description":"Le N\u00b01 de la Housse","publisher":{"@id":"https:\/\/365-housse.com\/es\/#organization"},"potentialAction":[{"@type":"SearchAction","target":{"@type":"EntryPoint","urlTemplate":"https:\/\/365-housse.com\/es\/?s={search_term_string}"},"query-input":{"@type":"PropertyValueSpecification","valueRequired":true,"valueName":"search_term_string"}}],"inLanguage":"es"},{"@type":"Organization","@id":"https:\/\/365-housse.com\/es\/#organization","name":"Housse de Canap\u00e9","url":"https:\/\/365-housse.com\/es\/","logo":{"@type":"ImageObject","inLanguage":"es","@id":"https:\/\/365-housse.com\/es\/#\/schema\/logo\/image\/","url":"https:\/\/365-housse.com\/wp-content\/uploads\/2023\/06\/LOGO-400-\u00d7-200-px-392-x-134-px-16.png","contentUrl":"https:\/\/365-housse.com\/wp-content\/uploads\/2023\/06\/LOGO-400-\u00d7-200-px-392-x-134-px-16.png","width":392,"height":134,"caption":"Housse de Canap\u00e9"},"image":{"@id":"https:\/\/365-housse.com\/es\/#\/schema\/logo\/image\/"}}]}},"_links":{"self":[{"href":"https:\/\/365-housse.com\/es\/wp-json\/wp\/v2\/product\/18251"}],"collection":[{"href":"https:\/\/365-housse.com\/es\/wp-json\/wp\/v2\/product"}],"about":[{"href":"https:\/\/365-housse.com\/es\/wp-json\/wp\/v2\/types\/product"}],"replies":[{"embeddable":true,"href":"https:\/\/365-housse.com\/es\/wp-json\/wp\/v2\/comments?post=18251"}],"wp:featuredmedia":[{"embeddable":true,"href":"https:\/\/365-housse.com\/es\/wp-json\/wp\/v2\/media\/17026"}],"wp:attachment":[{"href":"https:\/\/365-housse.com\/es\/wp-json\/wp\/v2\/media?parent=18251"}],"wp:term":[{"taxonomy":"product_cat","embeddable":true,"href":"https:\/\/365-housse.com\/es\/wp-json\/wp\/v2\/product_cat?post=18251"},{"taxonomy":"product_tag","embeddable":true,"href":"https:\/\/365-housse.com\/es\/wp-json\/wp\/v2\/product_tag?post=18251"}],"curies":[{"name":"wp","href":"https:\/\/api.w.org\/{rel}","templated":true}]}}