{"id":18252,"date":"2023-06-12T08:40:05","date_gmt":"2023-06-12T08:40:05","guid":{"rendered":"https:\/\/365-housse.com\/products\/housse-fauteuil-scandinave-cafe\/"},"modified":"2024-09-17T14:55:42","modified_gmt":"2024-09-17T14:55:42","slug":"housse-fauteuil-scandinave-cafe","status":"publish","type":"product","link":"https:\/\/365-housse.com\/es\/productos\/housse-fauteuil-scandinave-cafe\/","title":{"rendered":"Funda sill\u00f3n caf\u00e9 escandinavo"},"content":{"rendered":"<h2>\u00bfEst\u00e1s buscando una manera de devolverle vida a tu sill\u00f3n escandinavo y al mismo tiempo aportar un toque de calidez y elegancia a tu sal\u00f3n? \u00a1La <strong>Funda para Sill\u00f3n de Caf\u00e9 Escandinavo<\/strong> es la soluci\u00f3n perfecta para ti! Envu\u00e9lvete en tu sill\u00f3n escandinavo y disfruta de un ambiente de cafeter\u00eda c\u00e1lido y acogedor.<\/h2>\n<h3>Las ventajas de la<span> <\/span><strong>Funda sill\u00f3n caf\u00e9 escandinavo<\/strong>: <\/h3>\n<ul>\n<li>\n<p>A\u00f1ade un toque de <strong>estilo<\/strong> y <strong>comodidad<\/strong> a tu decoraci\u00f3n<\/p>\n<\/li>\n<li>\n<p>Ideal para cambiar de look o renovar un espacio<\/p>\n<\/li>\n<li>\n<p>Ofrece una <strong>protecci\u00f3n \u00f3ptima<\/strong> contra el polvo y las manchas<\/p>\n<\/li>\n<li>\n<p>Fabricado con materiales de <strong>calidad<\/strong><\/p>\n<\/li>\n<li>\n<p>F\u00e1cil de colocar e instalar<\/p>\n<\/li>\n<\/ul>\n<p><strong>Caracter\u00edsticas:<\/strong><\/p>\n<ul>\n<li>\n<p>Material: Poli\u00e9ster y spandex (material el\u00e1stico)<\/p>\n<\/li>\n<li>\n<p><strong>Tejido duradero<\/strong> para proteger tu silla<\/p>\n<\/li>\n<li>\n<p>Impreso con <strong>tecnolog\u00eda avanzada<\/strong> para una mayor resistencia del color a los rayos UV y al lavado<\/p>\n<\/li>\n<li>\n<p>Lavado a m\u00e1quina (sin planchado y secado r\u00e1pido)<\/p>\n<\/li>\n<li>\n<p>Uso polivalente: comedores, salones, despachos, dormitorios,&#8230;<\/p>\n<\/li>\n<li>\n<p>Contiene una funda de sill\u00f3n y una funda de coj\u00edn<\/p>\n<\/li>\n<\/ul>\n<p><strong>Gu\u00eda de tallas:<\/strong> <\/p>\n<p data-mce-style=\"text-align: centro;\" style=\"text-align: center\"><img decoding=\"async\" alt=\"funda para sill\u00f3n escandinavo\" data-mce-src=\"https:\/\/365-housse.com\/wp-content\/uploads\/2023\/06\/housse-fauteuil- scandinave-taille_480x480.jpg?v=1683568242\" src=\"https:\/\/365-housse.com\/wp-content\/uploads\/2023\/06\/housse-fauteuil-scandinave-taille_480x480.jpg?v=1683568242\" \/> \/p&gt;<\/p>\n<p>Esta <a href=\"https:\/\/365-housse.com\/es\/collections\/funda-de-sillon\/\" rel=\"noopener noreferrer\" target=\"_blank\" title=\"Funda para sill\u00f3n\">Funda Sill\u00f3n<\/strong><\/a> est\u00e1 especialmente dise\u00f1ada para recrear intimidad y convivencia en tu hogar. Su rico y profundo color caf\u00e9 le da un toque de sofisticaci\u00f3n y modernidad a su interior, respetando al mismo tiempo el dise\u00f1o minimalista escandinavo. Tanto si buscas potenciar tu zona de relax como crear un c\u00f3modo rinc\u00f3n de lectura, esta funda satisfar\u00e1 todas tus necesidades.<\/p>\n<p>\u00a1Pero no te detengas ah\u00ed! Si quieres explorar el resto de posibilidades que te ofrecen nuestras fundas para sill\u00f3n escandinavo, te invitamos a descubrir nuestra <strong>Funda para sill\u00f3n escandinavo naranja<\/strong>. Gracias a su color vibrante y su aspecto moderno, a\u00f1adir\u00e1 un toque de energ\u00eda a tu decoraci\u00f3n, sin dejar de ser fiel a la est\u00e9tica escandinava que te atrae.<\/p>\n","protected":false},"excerpt":{"rendered":"<p>\u00bfEst\u00e1s buscando una manera de devolverle vida a tu sill\u00f3n escandinavo y al mismo tiempo aportar un toque de calidez y elegancia a tu sal\u00f3n? \u00a1La Funda para Sill\u00f3n de Caf\u00e9 Escandinavo es la soluci\u00f3n perfecta para ti! Envu\u00e9lvete en tu sill\u00f3n escandinavo y disfruta de un ambiente de cafeter\u00eda c\u00e1lido y acogedor. Las ventajas [&hellip;]<\/p>\n","protected":false},"featured_media":17018,"comment_status":"open","ping_status":"closed","template":"","meta":[],"product_cat":[159,161],"product_tag":[200],"class_list":{"0":"post-18252","1":"product","2":"type-product","3":"status-publish","4":"has-post-thumbnail","6":"product_cat-funda-de-sillon","7":"product_cat-portada-interior","8":"product_tag-fauteuil-es","10":"first","11":"instock","12":"shipping-taxable","13":"purchasable","14":"product-type-simple"},"yoast_head":"<title>Funda sill\u00f3n caf\u00e9 escandinavo en entrega - gratis Ahorra un 30% en tu pedido<\/title>\n<meta name=\"description\" content=\"Recibe tu Funda sill\u00f3n caf\u00e9 escandinavo hoy y benef\u00edciate de la entrega - gratuita Env\u00edo en 24\/48h\" \/>\n<meta name=\"robots\" content=\"index, follow, max-snippet:-1, max-image-preview:large, max-video-preview:-1\" \/>\n<link rel=\"canonical\" href=\"https:\/\/365-housse.com\/es\/productos\/housse-fauteuil-scandinave-cafe\/\" \/>\n<meta property=\"og:locale\" content=\"es_ES\" \/>\n<meta property=\"og:type\" content=\"article\" \/>\n<meta property=\"og:title\" content=\"Funda sill\u00f3n caf\u00e9 escandinavo en entrega - gratis Ahorra un 30% en tu pedido\" \/>\n<meta property=\"og:description\" content=\"Recibe tu Funda sill\u00f3n caf\u00e9 escandinavo hoy y benef\u00edciate de la entrega - gratuita Env\u00edo en 24\/48h\" \/>\n<meta property=\"og:url\" content=\"https:\/\/365-housse.com\/es\/productos\/housse-fauteuil-scandinave-cafe\/\" \/>\n<meta property=\"og:site_name\" content=\"Housse de Canap\u00e9\" \/>\n<meta property=\"article:modified_time\" content=\"2024-09-17T14:55:42+00:00\" \/>\n<meta property=\"og:image\" content=\"https:\/\/365-housse.com\/wp-content\/uploads\/2023\/06\/housse-fauteuil-scandinave-cafe.png\" \/>\n\t<meta property=\"og:image:width\" content=\"531\" \/>\n\t<meta property=\"og:image:height\" content=\"470\" \/>\n\t<meta property=\"og:image:type\" content=\"image\/png\" \/>\n<meta name=\"twitter:card\" content=\"summary_large_image\" \/>\n<meta name=\"twitter:label1\" content=\"Tiempo de lectura\" \/>\n\t<meta name=\"twitter:data1\" content=\"2 minutos\" \/>\n<script type=\"application\/ld+json\" class=\"yoast-schema-graph\">{\"@context\":\"https:\/\/schema.org\",\"@graph\":[{\"@type\":\"WebPage\",\"@id\":\"https:\/\/365-housse.com\/es\/productos\/housse-fauteuil-scandinave-cafe\/\",\"url\":\"https:\/\/365-housse.com\/es\/productos\/housse-fauteuil-scandinave-cafe\/\",\"name\":\"Funda sill\u00f3n caf\u00e9 escandinavo en entrega - gratis Ahorra un 30% en tu pedido\",\"isPartOf\":{\"@id\":\"https:\/\/365-housse.com\/es\/#website\"},\"primaryImageOfPage\":{\"@id\":\"https:\/\/365-housse.com\/es\/productos\/housse-fauteuil-scandinave-cafe\/#primaryimage\"},\"image\":{\"@id\":\"https:\/\/365-housse.com\/es\/productos\/housse-fauteuil-scandinave-cafe\/#primaryimage\"},\"thumbnailUrl\":\"https:\/\/365-housse.com\/wp-content\/uploads\/2023\/06\/housse-fauteuil-scandinave-cafe.png\",\"datePublished\":\"2023-06-12T08:40:05+00:00\",\"dateModified\":\"2024-09-17T14:55:42+00:00\",\"description\":\"Recibe tu Funda sill\u00f3n caf\u00e9 escandinavo hoy y benef\u00edciate de la entrega - gratuita Env\u00edo en 24\/48h\",\"breadcrumb\":{\"@id\":\"https:\/\/365-housse.com\/es\/productos\/housse-fauteuil-scandinave-cafe\/#breadcrumb\"},\"inLanguage\":\"es\",\"potentialAction\":[{\"@type\":\"ReadAction\",\"target\":[\"https:\/\/365-housse.com\/es\/productos\/housse-fauteuil-scandinave-cafe\/\"]}]},{\"@type\":\"ImageObject\",\"inLanguage\":\"es\",\"@id\":\"https:\/\/365-housse.com\/es\/productos\/housse-fauteuil-scandinave-cafe\/#primaryimage\",\"url\":\"https:\/\/365-housse.com\/wp-content\/uploads\/2023\/06\/housse-fauteuil-scandinave-cafe.png\",\"contentUrl\":\"https:\/\/365-housse.com\/wp-content\/uploads\/2023\/06\/housse-fauteuil-scandinave-cafe.png\",\"width\":531,\"height\":470},{\"@type\":\"BreadcrumbList\",\"@id\":\"https:\/\/365-housse.com\/es\/productos\/housse-fauteuil-scandinave-cafe\/#breadcrumb\",\"itemListElement\":[{\"@type\":\"ListItem\",\"position\":1,\"name\":\"Accueil\",\"item\":\"https:\/\/365-housse.com\/es\/\"},{\"@type\":\"ListItem\",\"position\":2,\"name\":\"Tienda\",\"item\":\"https:\/\/365-housse.com\/es\/tienda\/\"},{\"@type\":\"ListItem\",\"position\":3,\"name\":\"Funda sill\u00f3n caf\u00e9 escandinavo\"}]},{\"@type\":\"WebSite\",\"@id\":\"https:\/\/365-housse.com\/es\/#website\",\"url\":\"https:\/\/365-housse.com\/es\/\",\"name\":\"Housse de Canap\u00e9\",\"description\":\"Le N\u00b01 de la Housse\",\"publisher\":{\"@id\":\"https:\/\/365-housse.com\/es\/#organization\"},\"potentialAction\":[{\"@type\":\"SearchAction\",\"target\":{\"@type\":\"EntryPoint\",\"urlTemplate\":\"https:\/\/365-housse.com\/es\/?s={search_term_string}\"},\"query-input\":{\"@type\":\"PropertyValueSpecification\",\"valueRequired\":true,\"valueName\":\"search_term_string\"}}],\"inLanguage\":\"es\"},{\"@type\":\"Organization\",\"@id\":\"https:\/\/365-housse.com\/es\/#organization\",\"name\":\"Housse de Canap\u00e9\",\"url\":\"https:\/\/365-housse.com\/es\/\",\"logo\":{\"@type\":\"ImageObject\",\"inLanguage\":\"es\",\"@id\":\"https:\/\/365-housse.com\/es\/#\/schema\/logo\/image\/\",\"url\":\"https:\/\/365-housse.com\/wp-content\/uploads\/2023\/06\/LOGO-400-\u00d7-200-px-392-x-134-px-16.png\",\"contentUrl\":\"https:\/\/365-housse.com\/wp-content\/uploads\/2023\/06\/LOGO-400-\u00d7-200-px-392-x-134-px-16.png\",\"width\":392,\"height\":134,\"caption\":\"Housse de Canap\u00e9\"},\"image\":{\"@id\":\"https:\/\/365-housse.com\/es\/#\/schema\/logo\/image\/\"}}]}<\/script>","yoast_head_json":{"title":"Funda sill\u00f3n caf\u00e9 escandinavo en entrega - gratis Ahorra un 30% en tu pedido","description":"Recibe tu Funda sill\u00f3n caf\u00e9 escandinavo hoy y benef\u00edciate de la entrega - gratuita Env\u00edo en 24\/48h","robots":{"index":"index","follow":"follow","max-snippet":"max-snippet:-1","max-image-preview":"max-image-preview:large","max-video-preview":"max-video-preview:-1"},"canonical":"https:\/\/365-housse.com\/es\/productos\/housse-fauteuil-scandinave-cafe\/","og_locale":"es_ES","og_type":"article","og_title":"Funda sill\u00f3n caf\u00e9 escandinavo en entrega - gratis Ahorra un 30% en tu pedido","og_description":"Recibe tu Funda sill\u00f3n caf\u00e9 escandinavo hoy y benef\u00edciate de la entrega - gratuita Env\u00edo en 24\/48h","og_url":"https:\/\/365-housse.com\/es\/productos\/housse-fauteuil-scandinave-cafe\/","og_site_name":"Housse de Canap\u00e9","article_modified_time":"2024-09-17T14:55:42+00:00","og_image":[{"width":531,"height":470,"url":"https:\/\/365-housse.com\/wp-content\/uploads\/2023\/06\/housse-fauteuil-scandinave-cafe.png","type":"image\/png"}],"twitter_card":"summary_large_image","twitter_misc":{"Tiempo de lectura":"2 minutos"},"schema":{"@context":"https:\/\/schema.org","@graph":[{"@type":"WebPage","@id":"https:\/\/365-housse.com\/es\/productos\/housse-fauteuil-scandinave-cafe\/","url":"https:\/\/365-housse.com\/es\/productos\/housse-fauteuil-scandinave-cafe\/","name":"Funda sill\u00f3n caf\u00e9 escandinavo en entrega - gratis Ahorra un 30% en tu pedido","isPartOf":{"@id":"https:\/\/365-housse.com\/es\/#website"},"primaryImageOfPage":{"@id":"https:\/\/365-housse.com\/es\/productos\/housse-fauteuil-scandinave-cafe\/#primaryimage"},"image":{"@id":"https:\/\/365-housse.com\/es\/productos\/housse-fauteuil-scandinave-cafe\/#primaryimage"},"thumbnailUrl":"https:\/\/365-housse.com\/wp-content\/uploads\/2023\/06\/housse-fauteuil-scandinave-cafe.png","datePublished":"2023-06-12T08:40:05+00:00","dateModified":"2024-09-17T14:55:42+00:00","description":"Recibe tu Funda sill\u00f3n caf\u00e9 escandinavo hoy y benef\u00edciate de la entrega - gratuita Env\u00edo en 24\/48h","breadcrumb":{"@id":"https:\/\/365-housse.com\/es\/productos\/housse-fauteuil-scandinave-cafe\/#breadcrumb"},"inLanguage":"es","potentialAction":[{"@type":"ReadAction","target":["https:\/\/365-housse.com\/es\/productos\/housse-fauteuil-scandinave-cafe\/"]}]},{"@type":"ImageObject","inLanguage":"es","@id":"https:\/\/365-housse.com\/es\/productos\/housse-fauteuil-scandinave-cafe\/#primaryimage","url":"https:\/\/365-housse.com\/wp-content\/uploads\/2023\/06\/housse-fauteuil-scandinave-cafe.png","contentUrl":"https:\/\/365-housse.com\/wp-content\/uploads\/2023\/06\/housse-fauteuil-scandinave-cafe.png","width":531,"height":470},{"@type":"BreadcrumbList","@id":"https:\/\/365-housse.com\/es\/productos\/housse-fauteuil-scandinave-cafe\/#breadcrumb","itemListElement":[{"@type":"ListItem","position":1,"name":"Accueil","item":"https:\/\/365-housse.com\/es\/"},{"@type":"ListItem","position":2,"name":"Tienda","item":"https:\/\/365-housse.com\/es\/tienda\/"},{"@type":"ListItem","position":3,"name":"Funda sill\u00f3n caf\u00e9 escandinavo"}]},{"@type":"WebSite","@id":"https:\/\/365-housse.com\/es\/#website","url":"https:\/\/365-housse.com\/es\/","name":"Housse de Canap\u00e9","description":"Le N\u00b01 de la Housse","publisher":{"@id":"https:\/\/365-housse.com\/es\/#organization"},"potentialAction":[{"@type":"SearchAction","target":{"@type":"EntryPoint","urlTemplate":"https:\/\/365-housse.com\/es\/?s={search_term_string}"},"query-input":{"@type":"PropertyValueSpecification","valueRequired":true,"valueName":"search_term_string"}}],"inLanguage":"es"},{"@type":"Organization","@id":"https:\/\/365-housse.com\/es\/#organization","name":"Housse de Canap\u00e9","url":"https:\/\/365-housse.com\/es\/","logo":{"@type":"ImageObject","inLanguage":"es","@id":"https:\/\/365-housse.com\/es\/#\/schema\/logo\/image\/","url":"https:\/\/365-housse.com\/wp-content\/uploads\/2023\/06\/LOGO-400-\u00d7-200-px-392-x-134-px-16.png","contentUrl":"https:\/\/365-housse.com\/wp-content\/uploads\/2023\/06\/LOGO-400-\u00d7-200-px-392-x-134-px-16.png","width":392,"height":134,"caption":"Housse de Canap\u00e9"},"image":{"@id":"https:\/\/365-housse.com\/es\/#\/schema\/logo\/image\/"}}]}},"_links":{"self":[{"href":"https:\/\/365-housse.com\/es\/wp-json\/wp\/v2\/product\/18252"}],"collection":[{"href":"https:\/\/365-housse.com\/es\/wp-json\/wp\/v2\/product"}],"about":[{"href":"https:\/\/365-housse.com\/es\/wp-json\/wp\/v2\/types\/product"}],"replies":[{"embeddable":true,"href":"https:\/\/365-housse.com\/es\/wp-json\/wp\/v2\/comments?post=18252"}],"wp:featuredmedia":[{"embeddable":true,"href":"https:\/\/365-housse.com\/es\/wp-json\/wp\/v2\/media\/17018"}],"wp:attachment":[{"href":"https:\/\/365-housse.com\/es\/wp-json\/wp\/v2\/media?parent=18252"}],"wp:term":[{"taxonomy":"product_cat","embeddable":true,"href":"https:\/\/365-housse.com\/es\/wp-json\/wp\/v2\/product_cat?post=18252"},{"taxonomy":"product_tag","embeddable":true,"href":"https:\/\/365-housse.com\/es\/wp-json\/wp\/v2\/product_tag?post=18252"}],"curies":[{"name":"wp","href":"https:\/\/api.w.org\/{rel}","templated":true}]}}