{"id":18267,"date":"2023-06-12T08:39:56","date_gmt":"2023-06-12T08:39:56","guid":{"rendered":"https:\/\/365-housse.com\/products\/housse-fauteuil-scandinave-fleurie-bleue\/"},"modified":"2024-09-17T14:55:52","modified_gmt":"2024-09-17T14:55:52","slug":"housse-fauteuil-scandinave-fleurie-bleue","status":"publish","type":"product","link":"https:\/\/365-housse.com\/es\/productos\/housse-fauteuil-scandinave-fleurie-bleue\/","title":{"rendered":"Funda para sill\u00f3n escandinavo con flores azules"},"content":{"rendered":"<h2>\u00a1Dale una nueva vida a tu sill\u00f3n escandinavo con la <strong>Funda para sill\u00f3n escandinavo de flores azules<\/strong>! Esta funda combina elegancia y estilo, creando un ambiente c\u00e1lido y acogedor. El delicado estampado floral y la armon\u00eda de colores ofrecen un toque de frescura y alegr\u00eda a su interior. Cada detalle ha sido cuidadosamente pensado para crear un equilibrio est\u00e9tico, destacando la forma limpia del sill\u00f3n escandinavo.<\/h2>\n<h3>Las ventajas de la <strong>Funda para Sill\u00f3n Escandinavo Flores Azules<\/strong>:<\/h3>\n<ul>\n<li><strong>Elegancia<\/strong> y calidez para tu decoraci\u00f3n interior<\/li>\n<li>Ideal para cambiar la apariencia de un espacio<\/li>\n<li><strong>Protecci\u00f3n<\/strong> contra el polvo y las manchas<\/li>\n<li>Hecho de <strong>tejido de calidad<\/strong><\/li>\n<li>F\u00e1cil instalaci\u00f3n<\/li>\n<\/ul>\n<p><strong>Caracter\u00edsticas:<\/strong><\/p>\n<ul>\n<li>Material: poli\u00e9ster y spandex (material el\u00e1stico)<\/li>\n<li><strong>Tejido de alta calidad<\/strong> para proteger tu silla<\/li>\n<li><strong>tecnolog\u00eda de impresi\u00f3n de ultra rendimiento<\/strong> para una mejor resistencia al color y al lavado<\/li>\n<li>Lavable a m\u00e1quina (sin planchado y de secado r\u00e1pido)<\/li>\n<li>Diferentes usos: comedor, sal\u00f3n, despacho, dormitorio, etc.<\/li>\n<li>El paquete incluye una funda de sill\u00f3n y una funda de coj\u00edn<\/li>\n<\/ul>\n<p><strong>Gu\u00eda de tallas:<\/strong><\/p>\n<p data-mce-style=\"text-align: centro;\" style=\"text-align: center\"><img decoding=\"async\" alt=\"funda para sill\u00f3n escandinavo\" data-mce-src=\"https:\/\/365-housse.com\/wp-content\/uploads\/2023\/06\/housse-fauteuil- scandinave-taille_480x480.jpg?v=1683568242\" src=\"https:\/\/365-housse.com\/wp-content\/uploads\/2023\/06\/housse-fauteuil-scandinave-taille_480x480.jpg?v=1683568242\" \/> \/p&gt;<\/p>\n<p>Esta <a href=\"https:\/\/365-housse.com\/es\/collections\/funda-de-sillon\/\" rel=\"noopener noreferrer\" target=\"_blank\" title=\"Funda para sill\u00f3n\">Funda de Sill\u00f3n<\/strong><\/a> es la soluci\u00f3n perfecta para darle un elegante toque floral a tu sal\u00f3n. Dise\u00f1ado con gran atenci\u00f3n al detalle y cuidada est\u00e9tica, refleja el encanto del estilo escandinavo a la vez que aporta un toque de frescura gracias a su estampado floral. Es m\u00e1s que una simple protecci\u00f3n para su silla. Tanto si quieres renovar por completo tu sal\u00f3n como simplemente cambiar el ambiente de una estancia, esta funda se adapta a todo tipo de decoraci\u00f3n. Representa un estilo refinado y creativo, a\u00f1adiendo una nota floral armoniosa a su interior. Resalta la elegancia de tu sill\u00f3n escandinavo con la <strong>Funda para Sill\u00f3n Escandinavo Flores<\/strong>, dise\u00f1ada para durar.<\/p>\n","protected":false},"excerpt":{"rendered":"<p>\u00a1Dale una nueva vida a tu sill\u00f3n escandinavo con la Funda para sill\u00f3n escandinavo de flores azules! Esta funda combina elegancia y estilo, creando un ambiente c\u00e1lido y acogedor. El delicado estampado floral y la armon\u00eda de colores ofrecen un toque de frescura y alegr\u00eda a su interior. Cada detalle ha sido cuidadosamente pensado para [&hellip;]<\/p>\n","protected":false},"featured_media":16994,"comment_status":"open","ping_status":"closed","template":"","meta":[],"product_cat":[159,161],"product_tag":[200],"class_list":{"0":"post-18267","1":"product","2":"type-product","3":"status-publish","4":"has-post-thumbnail","6":"product_cat-funda-de-sillon","7":"product_cat-portada-interior","8":"product_tag-fauteuil-es","10":"first","11":"instock","12":"shipping-taxable","13":"purchasable","14":"product-type-simple"},"yoast_head":"<title>Funda para sill\u00f3n escandinavo con flores azules en entrega - gratis Ahorra un 30% en tu pedido<\/title>\n<meta name=\"description\" content=\"Recibe tu Funda para sill\u00f3n escandinavo con flores azules hoy y benef\u00edciate de la entrega - gratuita Env\u00edo en 24\/48h\" \/>\n<meta name=\"robots\" content=\"index, follow, max-snippet:-1, max-image-preview:large, max-video-preview:-1\" \/>\n<link rel=\"canonical\" href=\"https:\/\/365-housse.com\/es\/productos\/housse-fauteuil-scandinave-fleurie-bleue\/\" \/>\n<meta property=\"og:locale\" content=\"es_ES\" \/>\n<meta property=\"og:type\" content=\"article\" \/>\n<meta property=\"og:title\" content=\"Funda para sill\u00f3n escandinavo con flores azules en entrega - gratis Ahorra un 30% en tu pedido\" \/>\n<meta property=\"og:description\" content=\"Recibe tu Funda para sill\u00f3n escandinavo con flores azules hoy y benef\u00edciate de la entrega - gratuita Env\u00edo en 24\/48h\" \/>\n<meta property=\"og:url\" content=\"https:\/\/365-housse.com\/es\/productos\/housse-fauteuil-scandinave-fleurie-bleue\/\" \/>\n<meta property=\"og:site_name\" content=\"Housse de Canap\u00e9\" \/>\n<meta property=\"article:modified_time\" content=\"2024-09-17T14:55:52+00:00\" \/>\n<meta property=\"og:image\" content=\"https:\/\/365-housse.com\/wp-content\/uploads\/2023\/06\/housse-de-fauteuil-scandinave-fleurie-bleue.png\" \/>\n\t<meta property=\"og:image:width\" content=\"500\" \/>\n\t<meta property=\"og:image:height\" content=\"500\" \/>\n\t<meta property=\"og:image:type\" content=\"image\/png\" \/>\n<meta name=\"twitter:card\" content=\"summary_large_image\" \/>\n<meta name=\"twitter:label1\" content=\"Tiempo de lectura\" \/>\n\t<meta name=\"twitter:data1\" content=\"2 minutos\" \/>\n<script type=\"application\/ld+json\" class=\"yoast-schema-graph\">{\"@context\":\"https:\/\/schema.org\",\"@graph\":[{\"@type\":\"WebPage\",\"@id\":\"https:\/\/365-housse.com\/es\/productos\/housse-fauteuil-scandinave-fleurie-bleue\/\",\"url\":\"https:\/\/365-housse.com\/es\/productos\/housse-fauteuil-scandinave-fleurie-bleue\/\",\"name\":\"Funda para sill\u00f3n escandinavo con flores azules en entrega - gratis Ahorra un 30% en tu pedido\",\"isPartOf\":{\"@id\":\"https:\/\/365-housse.com\/es\/#website\"},\"primaryImageOfPage\":{\"@id\":\"https:\/\/365-housse.com\/es\/productos\/housse-fauteuil-scandinave-fleurie-bleue\/#primaryimage\"},\"image\":{\"@id\":\"https:\/\/365-housse.com\/es\/productos\/housse-fauteuil-scandinave-fleurie-bleue\/#primaryimage\"},\"thumbnailUrl\":\"https:\/\/365-housse.com\/wp-content\/uploads\/2023\/06\/housse-de-fauteuil-scandinave-fleurie-bleue.png\",\"datePublished\":\"2023-06-12T08:39:56+00:00\",\"dateModified\":\"2024-09-17T14:55:52+00:00\",\"description\":\"Recibe tu Funda para sill\u00f3n escandinavo con flores azules hoy y benef\u00edciate de la entrega - gratuita Env\u00edo en 24\/48h\",\"breadcrumb\":{\"@id\":\"https:\/\/365-housse.com\/es\/productos\/housse-fauteuil-scandinave-fleurie-bleue\/#breadcrumb\"},\"inLanguage\":\"es\",\"potentialAction\":[{\"@type\":\"ReadAction\",\"target\":[\"https:\/\/365-housse.com\/es\/productos\/housse-fauteuil-scandinave-fleurie-bleue\/\"]}]},{\"@type\":\"ImageObject\",\"inLanguage\":\"es\",\"@id\":\"https:\/\/365-housse.com\/es\/productos\/housse-fauteuil-scandinave-fleurie-bleue\/#primaryimage\",\"url\":\"https:\/\/365-housse.com\/wp-content\/uploads\/2023\/06\/housse-de-fauteuil-scandinave-fleurie-bleue.png\",\"contentUrl\":\"https:\/\/365-housse.com\/wp-content\/uploads\/2023\/06\/housse-de-fauteuil-scandinave-fleurie-bleue.png\",\"width\":500,\"height\":500},{\"@type\":\"BreadcrumbList\",\"@id\":\"https:\/\/365-housse.com\/es\/productos\/housse-fauteuil-scandinave-fleurie-bleue\/#breadcrumb\",\"itemListElement\":[{\"@type\":\"ListItem\",\"position\":1,\"name\":\"Accueil\",\"item\":\"https:\/\/365-housse.com\/es\/\"},{\"@type\":\"ListItem\",\"position\":2,\"name\":\"Tienda\",\"item\":\"https:\/\/365-housse.com\/es\/tienda\/\"},{\"@type\":\"ListItem\",\"position\":3,\"name\":\"Funda para sill\u00f3n escandinavo con flores azules\"}]},{\"@type\":\"WebSite\",\"@id\":\"https:\/\/365-housse.com\/es\/#website\",\"url\":\"https:\/\/365-housse.com\/es\/\",\"name\":\"Housse de Canap\u00e9\",\"description\":\"Le N\u00b01 de la Housse\",\"publisher\":{\"@id\":\"https:\/\/365-housse.com\/es\/#organization\"},\"potentialAction\":[{\"@type\":\"SearchAction\",\"target\":{\"@type\":\"EntryPoint\",\"urlTemplate\":\"https:\/\/365-housse.com\/es\/?s={search_term_string}\"},\"query-input\":{\"@type\":\"PropertyValueSpecification\",\"valueRequired\":true,\"valueName\":\"search_term_string\"}}],\"inLanguage\":\"es\"},{\"@type\":\"Organization\",\"@id\":\"https:\/\/365-housse.com\/es\/#organization\",\"name\":\"Housse de Canap\u00e9\",\"url\":\"https:\/\/365-housse.com\/es\/\",\"logo\":{\"@type\":\"ImageObject\",\"inLanguage\":\"es\",\"@id\":\"https:\/\/365-housse.com\/es\/#\/schema\/logo\/image\/\",\"url\":\"https:\/\/365-housse.com\/wp-content\/uploads\/2023\/06\/LOGO-400-\u00d7-200-px-392-x-134-px-16.png\",\"contentUrl\":\"https:\/\/365-housse.com\/wp-content\/uploads\/2023\/06\/LOGO-400-\u00d7-200-px-392-x-134-px-16.png\",\"width\":392,\"height\":134,\"caption\":\"Housse de Canap\u00e9\"},\"image\":{\"@id\":\"https:\/\/365-housse.com\/es\/#\/schema\/logo\/image\/\"}}]}<\/script>","yoast_head_json":{"title":"Funda para sill\u00f3n escandinavo con flores azules en entrega - gratis Ahorra un 30% en tu pedido","description":"Recibe tu Funda para sill\u00f3n escandinavo con flores azules hoy y benef\u00edciate de la entrega - gratuita Env\u00edo en 24\/48h","robots":{"index":"index","follow":"follow","max-snippet":"max-snippet:-1","max-image-preview":"max-image-preview:large","max-video-preview":"max-video-preview:-1"},"canonical":"https:\/\/365-housse.com\/es\/productos\/housse-fauteuil-scandinave-fleurie-bleue\/","og_locale":"es_ES","og_type":"article","og_title":"Funda para sill\u00f3n escandinavo con flores azules en entrega - gratis Ahorra un 30% en tu pedido","og_description":"Recibe tu Funda para sill\u00f3n escandinavo con flores azules hoy y benef\u00edciate de la entrega - gratuita Env\u00edo en 24\/48h","og_url":"https:\/\/365-housse.com\/es\/productos\/housse-fauteuil-scandinave-fleurie-bleue\/","og_site_name":"Housse de Canap\u00e9","article_modified_time":"2024-09-17T14:55:52+00:00","og_image":[{"width":500,"height":500,"url":"https:\/\/365-housse.com\/wp-content\/uploads\/2023\/06\/housse-de-fauteuil-scandinave-fleurie-bleue.png","type":"image\/png"}],"twitter_card":"summary_large_image","twitter_misc":{"Tiempo de lectura":"2 minutos"},"schema":{"@context":"https:\/\/schema.org","@graph":[{"@type":"WebPage","@id":"https:\/\/365-housse.com\/es\/productos\/housse-fauteuil-scandinave-fleurie-bleue\/","url":"https:\/\/365-housse.com\/es\/productos\/housse-fauteuil-scandinave-fleurie-bleue\/","name":"Funda para sill\u00f3n escandinavo con flores azules en entrega - gratis Ahorra un 30% en tu pedido","isPartOf":{"@id":"https:\/\/365-housse.com\/es\/#website"},"primaryImageOfPage":{"@id":"https:\/\/365-housse.com\/es\/productos\/housse-fauteuil-scandinave-fleurie-bleue\/#primaryimage"},"image":{"@id":"https:\/\/365-housse.com\/es\/productos\/housse-fauteuil-scandinave-fleurie-bleue\/#primaryimage"},"thumbnailUrl":"https:\/\/365-housse.com\/wp-content\/uploads\/2023\/06\/housse-de-fauteuil-scandinave-fleurie-bleue.png","datePublished":"2023-06-12T08:39:56+00:00","dateModified":"2024-09-17T14:55:52+00:00","description":"Recibe tu Funda para sill\u00f3n escandinavo con flores azules hoy y benef\u00edciate de la entrega - gratuita Env\u00edo en 24\/48h","breadcrumb":{"@id":"https:\/\/365-housse.com\/es\/productos\/housse-fauteuil-scandinave-fleurie-bleue\/#breadcrumb"},"inLanguage":"es","potentialAction":[{"@type":"ReadAction","target":["https:\/\/365-housse.com\/es\/productos\/housse-fauteuil-scandinave-fleurie-bleue\/"]}]},{"@type":"ImageObject","inLanguage":"es","@id":"https:\/\/365-housse.com\/es\/productos\/housse-fauteuil-scandinave-fleurie-bleue\/#primaryimage","url":"https:\/\/365-housse.com\/wp-content\/uploads\/2023\/06\/housse-de-fauteuil-scandinave-fleurie-bleue.png","contentUrl":"https:\/\/365-housse.com\/wp-content\/uploads\/2023\/06\/housse-de-fauteuil-scandinave-fleurie-bleue.png","width":500,"height":500},{"@type":"BreadcrumbList","@id":"https:\/\/365-housse.com\/es\/productos\/housse-fauteuil-scandinave-fleurie-bleue\/#breadcrumb","itemListElement":[{"@type":"ListItem","position":1,"name":"Accueil","item":"https:\/\/365-housse.com\/es\/"},{"@type":"ListItem","position":2,"name":"Tienda","item":"https:\/\/365-housse.com\/es\/tienda\/"},{"@type":"ListItem","position":3,"name":"Funda para sill\u00f3n escandinavo con flores azules"}]},{"@type":"WebSite","@id":"https:\/\/365-housse.com\/es\/#website","url":"https:\/\/365-housse.com\/es\/","name":"Housse de Canap\u00e9","description":"Le N\u00b01 de la Housse","publisher":{"@id":"https:\/\/365-housse.com\/es\/#organization"},"potentialAction":[{"@type":"SearchAction","target":{"@type":"EntryPoint","urlTemplate":"https:\/\/365-housse.com\/es\/?s={search_term_string}"},"query-input":{"@type":"PropertyValueSpecification","valueRequired":true,"valueName":"search_term_string"}}],"inLanguage":"es"},{"@type":"Organization","@id":"https:\/\/365-housse.com\/es\/#organization","name":"Housse de Canap\u00e9","url":"https:\/\/365-housse.com\/es\/","logo":{"@type":"ImageObject","inLanguage":"es","@id":"https:\/\/365-housse.com\/es\/#\/schema\/logo\/image\/","url":"https:\/\/365-housse.com\/wp-content\/uploads\/2023\/06\/LOGO-400-\u00d7-200-px-392-x-134-px-16.png","contentUrl":"https:\/\/365-housse.com\/wp-content\/uploads\/2023\/06\/LOGO-400-\u00d7-200-px-392-x-134-px-16.png","width":392,"height":134,"caption":"Housse de Canap\u00e9"},"image":{"@id":"https:\/\/365-housse.com\/es\/#\/schema\/logo\/image\/"}}]}},"_links":{"self":[{"href":"https:\/\/365-housse.com\/es\/wp-json\/wp\/v2\/product\/18267"}],"collection":[{"href":"https:\/\/365-housse.com\/es\/wp-json\/wp\/v2\/product"}],"about":[{"href":"https:\/\/365-housse.com\/es\/wp-json\/wp\/v2\/types\/product"}],"replies":[{"embeddable":true,"href":"https:\/\/365-housse.com\/es\/wp-json\/wp\/v2\/comments?post=18267"}],"wp:featuredmedia":[{"embeddable":true,"href":"https:\/\/365-housse.com\/es\/wp-json\/wp\/v2\/media\/16994"}],"wp:attachment":[{"href":"https:\/\/365-housse.com\/es\/wp-json\/wp\/v2\/media?parent=18267"}],"wp:term":[{"taxonomy":"product_cat","embeddable":true,"href":"https:\/\/365-housse.com\/es\/wp-json\/wp\/v2\/product_cat?post=18267"},{"taxonomy":"product_tag","embeddable":true,"href":"https:\/\/365-housse.com\/es\/wp-json\/wp\/v2\/product_tag?post=18267"}],"curies":[{"name":"wp","href":"https:\/\/api.w.org\/{rel}","templated":true}]}}