{"id":18337,"date":"2023-06-12T08:37:18","date_gmt":"2023-06-12T08:37:18","guid":{"rendered":"https:\/\/365-housse.com\/products\/housse-de-velo-camouflage\/"},"modified":"2024-09-17T14:56:14","modified_gmt":"2024-09-17T14:56:14","slug":"housse-de-velo-camouflage","status":"publish","type":"product","link":"https:\/\/365-housse.com\/es\/productos\/housse-de-velo-camouflage\/","title":{"rendered":"Funda de bicicleta de camuflaje"},"content":{"rendered":"<h2>La <strong>funda de camuflaje para bicicletas<\/strong> te permite integrarte entre la multitud con una protecci\u00f3n para bicicletas pr\u00e1ctica y f\u00e1cil de usar. \u00a1Se pliega y se guarda f\u00e1cilmente!<\/h2>\n<h3>Las ventajas de la <strong>funda para bicicleta de camuflaje<\/strong>, una forma pr\u00e1ctica de protegerse:<\/h3>\n<ul>\n<li>\n<p>Da un <strong>Estilo \u00fanico y especial<\/strong> para tu bicicleta<\/p>\n<\/li>\n<li>\n<p>Protege tu bicicleta de da\u00f1os, golpes y rayones.<\/p>\n<\/li>\n<li>\n<p><strong>Tela de calidad<\/strong> para preservar tu bicicleta<\/p>\n<\/li>\n<li><strong>Aumenta la vida \u00fatil<\/strong>de tu bicicleta<\/li>\n<\/ul>\n<p><span>Caracter\u00edsticas:<\/span><\/p>\n<ul>\n<li>\n<p><span>Protege la bicicleta de precipitaciones, mal tiempo, polvo, rayos UV, etc.<\/span><\/p>\n<\/li>\n<li>\n<p><span><b>Orificio para cierre de seguridad<\/b>(Compatible con todas las cadenas, cables,&#8230;)<\/span><\/p>\n<\/li>\n<li>\n<p><span><\/span><b>Ergon\u00f3mico<\/b>: se puede plegar a un tama\u00f1o peque\u00f1o para facilitar su almacenamiento<\/p>\n<\/li>\n<li><span>Tama\u00f1o: 190x65x98 cm<\/span> <\/li>\n<\/ul>\n<ul>\n<li>\n<p>Impermeable y anti-UV<\/p>\n<\/li>\n<li>\n<p><span>Adecuado para bicicleta de monta\u00f1a, bicicleta de carretera, bicicleta plegable, etc. <\/span><\/p>\n<\/li>\n<\/ul>\n<p><span>Nuestras fundas para bicicletas se adaptan a muchos tipos de bicicletas <\/span><\/p>\n<div><img fetchpriority=\"high\" decoding=\"async\" alt=\"housse-velo\" height=\"446\" src=\"https:\/\/365-housse.com\/wp-content\/uploads\/ 2023\/06\/housse-velo_465ad1fb-9b82-4fd7-8656-46d0cb56176b_480x480. jpg?v=1628618100\" style=\"margin-left: auto;margin-right: auto\" width=\"446\" \/><\/div><\/p>\n","protected":false},"excerpt":{"rendered":"<p>La funda de camuflaje para bicicletas te permite integrarte entre la multitud con una protecci\u00f3n para bicicletas pr\u00e1ctica y f\u00e1cil de usar. \u00a1Se pliega y se guarda f\u00e1cilmente! Las ventajas de la funda para bicicleta de camuflaje, una forma pr\u00e1ctica de protegerse: Da un Estilo \u00fanico y especial para tu bicicleta Protege tu bicicleta de [&hellip;]<\/p>\n","protected":false},"featured_media":16909,"comment_status":"open","ping_status":"closed","template":"","meta":[],"product_cat":[158,174],"product_tag":[203],"class_list":{"0":"post-18337","1":"product","2":"type-product","3":"status-publish","4":"has-post-thumbnail","6":"product_cat-cubierta-exterior","7":"product_cat-cubierta-para-bicicletas","8":"product_tag-velo-es","10":"first","11":"instock","12":"shipping-taxable","13":"purchasable","14":"product-type-simple"},"yoast_head":"<title>Funda de bicicleta de camuflaje en entrega - gratis Ahorra un 30% en tu pedido<\/title>\n<meta name=\"description\" content=\"Recibe tu Funda de bicicleta de camuflaje hoy y benef\u00edciate de la entrega - gratuita Env\u00edo en 24\/48h\" \/>\n<meta name=\"robots\" content=\"index, follow, max-snippet:-1, max-image-preview:large, max-video-preview:-1\" \/>\n<link rel=\"canonical\" href=\"https:\/\/365-housse.com\/es\/productos\/housse-de-velo-camouflage\/\" \/>\n<meta property=\"og:locale\" content=\"es_ES\" \/>\n<meta property=\"og:type\" content=\"article\" \/>\n<meta property=\"og:title\" content=\"Funda de bicicleta de camuflaje en entrega - gratis Ahorra un 30% en tu pedido\" \/>\n<meta property=\"og:description\" content=\"Recibe tu Funda de bicicleta de camuflaje hoy y benef\u00edciate de la entrega - gratuita Env\u00edo en 24\/48h\" \/>\n<meta property=\"og:url\" content=\"https:\/\/365-housse.com\/es\/productos\/housse-de-velo-camouflage\/\" \/>\n<meta property=\"og:site_name\" content=\"Housse de Canap\u00e9\" \/>\n<meta property=\"article:modified_time\" content=\"2024-09-17T14:56:14+00:00\" \/>\n<meta property=\"og:image\" content=\"https:\/\/365-housse.com\/wp-content\/uploads\/2023\/06\/Houssedevelolegere.png\" \/>\n\t<meta property=\"og:image:width\" content=\"900\" \/>\n\t<meta property=\"og:image:height\" content=\"876\" \/>\n\t<meta property=\"og:image:type\" content=\"image\/png\" \/>\n<meta name=\"twitter:card\" content=\"summary_large_image\" \/>\n<meta name=\"twitter:label1\" content=\"Tiempo de lectura\" \/>\n\t<meta name=\"twitter:data1\" content=\"1 minuto\" \/>\n<script type=\"application\/ld+json\" class=\"yoast-schema-graph\">{\"@context\":\"https:\/\/schema.org\",\"@graph\":[{\"@type\":\"WebPage\",\"@id\":\"https:\/\/365-housse.com\/es\/productos\/housse-de-velo-camouflage\/\",\"url\":\"https:\/\/365-housse.com\/es\/productos\/housse-de-velo-camouflage\/\",\"name\":\"Funda de bicicleta de camuflaje en entrega - gratis Ahorra un 30% en tu pedido\",\"isPartOf\":{\"@id\":\"https:\/\/365-housse.com\/es\/#website\"},\"primaryImageOfPage\":{\"@id\":\"https:\/\/365-housse.com\/es\/productos\/housse-de-velo-camouflage\/#primaryimage\"},\"image\":{\"@id\":\"https:\/\/365-housse.com\/es\/productos\/housse-de-velo-camouflage\/#primaryimage\"},\"thumbnailUrl\":\"https:\/\/365-housse.com\/wp-content\/uploads\/2023\/06\/Houssedevelolegere.jpg\",\"datePublished\":\"2023-06-12T08:37:18+00:00\",\"dateModified\":\"2024-09-17T14:56:14+00:00\",\"description\":\"Recibe tu Funda de bicicleta de camuflaje hoy y benef\u00edciate de la entrega - gratuita Env\u00edo en 24\/48h\",\"breadcrumb\":{\"@id\":\"https:\/\/365-housse.com\/es\/productos\/housse-de-velo-camouflage\/#breadcrumb\"},\"inLanguage\":\"es\",\"potentialAction\":[{\"@type\":\"ReadAction\",\"target\":[\"https:\/\/365-housse.com\/es\/productos\/housse-de-velo-camouflage\/\"]}]},{\"@type\":\"ImageObject\",\"inLanguage\":\"es\",\"@id\":\"https:\/\/365-housse.com\/es\/productos\/housse-de-velo-camouflage\/#primaryimage\",\"url\":\"https:\/\/365-housse.com\/wp-content\/uploads\/2023\/06\/Houssedevelolegere.jpg\",\"contentUrl\":\"https:\/\/365-housse.com\/wp-content\/uploads\/2023\/06\/Houssedevelolegere.jpg\",\"width\":900,\"height\":876},{\"@type\":\"BreadcrumbList\",\"@id\":\"https:\/\/365-housse.com\/es\/productos\/housse-de-velo-camouflage\/#breadcrumb\",\"itemListElement\":[{\"@type\":\"ListItem\",\"position\":1,\"name\":\"Accueil\",\"item\":\"https:\/\/365-housse.com\/es\/\"},{\"@type\":\"ListItem\",\"position\":2,\"name\":\"Tienda\",\"item\":\"https:\/\/365-housse.com\/es\/tienda\/\"},{\"@type\":\"ListItem\",\"position\":3,\"name\":\"Funda de bicicleta de camuflaje\"}]},{\"@type\":\"WebSite\",\"@id\":\"https:\/\/365-housse.com\/es\/#website\",\"url\":\"https:\/\/365-housse.com\/es\/\",\"name\":\"Housse de Canap\u00e9\",\"description\":\"Le N\u00b01 de la Housse\",\"publisher\":{\"@id\":\"https:\/\/365-housse.com\/es\/#organization\"},\"potentialAction\":[{\"@type\":\"SearchAction\",\"target\":{\"@type\":\"EntryPoint\",\"urlTemplate\":\"https:\/\/365-housse.com\/es\/?s={search_term_string}\"},\"query-input\":{\"@type\":\"PropertyValueSpecification\",\"valueRequired\":true,\"valueName\":\"search_term_string\"}}],\"inLanguage\":\"es\"},{\"@type\":\"Organization\",\"@id\":\"https:\/\/365-housse.com\/es\/#organization\",\"name\":\"Housse de Canap\u00e9\",\"url\":\"https:\/\/365-housse.com\/es\/\",\"logo\":{\"@type\":\"ImageObject\",\"inLanguage\":\"es\",\"@id\":\"https:\/\/365-housse.com\/es\/#\/schema\/logo\/image\/\",\"url\":\"https:\/\/365-housse.com\/wp-content\/uploads\/2023\/06\/LOGO-400-\u00d7-200-px-392-x-134-px-16.png\",\"contentUrl\":\"https:\/\/365-housse.com\/wp-content\/uploads\/2023\/06\/LOGO-400-\u00d7-200-px-392-x-134-px-16.png\",\"width\":392,\"height\":134,\"caption\":\"Housse de Canap\u00e9\"},\"image\":{\"@id\":\"https:\/\/365-housse.com\/es\/#\/schema\/logo\/image\/\"}}]}<\/script>","yoast_head_json":{"title":"Funda de bicicleta de camuflaje en entrega - gratis Ahorra un 30% en tu pedido","description":"Recibe tu Funda de bicicleta de camuflaje hoy y benef\u00edciate de la entrega - gratuita Env\u00edo en 24\/48h","robots":{"index":"index","follow":"follow","max-snippet":"max-snippet:-1","max-image-preview":"max-image-preview:large","max-video-preview":"max-video-preview:-1"},"canonical":"https:\/\/365-housse.com\/es\/productos\/housse-de-velo-camouflage\/","og_locale":"es_ES","og_type":"article","og_title":"Funda de bicicleta de camuflaje en entrega - gratis Ahorra un 30% en tu pedido","og_description":"Recibe tu Funda de bicicleta de camuflaje hoy y benef\u00edciate de la entrega - gratuita Env\u00edo en 24\/48h","og_url":"https:\/\/365-housse.com\/es\/productos\/housse-de-velo-camouflage\/","og_site_name":"Housse de Canap\u00e9","article_modified_time":"2024-09-17T14:56:14+00:00","og_image":[{"width":900,"height":876,"url":"https:\/\/365-housse.com\/wp-content\/uploads\/2023\/06\/Houssedevelolegere.png","type":"image\/png"}],"twitter_card":"summary_large_image","twitter_misc":{"Tiempo de lectura":"1 minuto"},"schema":{"@context":"https:\/\/schema.org","@graph":[{"@type":"WebPage","@id":"https:\/\/365-housse.com\/es\/productos\/housse-de-velo-camouflage\/","url":"https:\/\/365-housse.com\/es\/productos\/housse-de-velo-camouflage\/","name":"Funda de bicicleta de camuflaje en entrega - gratis Ahorra un 30% en tu pedido","isPartOf":{"@id":"https:\/\/365-housse.com\/es\/#website"},"primaryImageOfPage":{"@id":"https:\/\/365-housse.com\/es\/productos\/housse-de-velo-camouflage\/#primaryimage"},"image":{"@id":"https:\/\/365-housse.com\/es\/productos\/housse-de-velo-camouflage\/#primaryimage"},"thumbnailUrl":"https:\/\/365-housse.com\/wp-content\/uploads\/2023\/06\/Houssedevelolegere.jpg","datePublished":"2023-06-12T08:37:18+00:00","dateModified":"2024-09-17T14:56:14+00:00","description":"Recibe tu Funda de bicicleta de camuflaje hoy y benef\u00edciate de la entrega - gratuita Env\u00edo en 24\/48h","breadcrumb":{"@id":"https:\/\/365-housse.com\/es\/productos\/housse-de-velo-camouflage\/#breadcrumb"},"inLanguage":"es","potentialAction":[{"@type":"ReadAction","target":["https:\/\/365-housse.com\/es\/productos\/housse-de-velo-camouflage\/"]}]},{"@type":"ImageObject","inLanguage":"es","@id":"https:\/\/365-housse.com\/es\/productos\/housse-de-velo-camouflage\/#primaryimage","url":"https:\/\/365-housse.com\/wp-content\/uploads\/2023\/06\/Houssedevelolegere.jpg","contentUrl":"https:\/\/365-housse.com\/wp-content\/uploads\/2023\/06\/Houssedevelolegere.jpg","width":900,"height":876},{"@type":"BreadcrumbList","@id":"https:\/\/365-housse.com\/es\/productos\/housse-de-velo-camouflage\/#breadcrumb","itemListElement":[{"@type":"ListItem","position":1,"name":"Accueil","item":"https:\/\/365-housse.com\/es\/"},{"@type":"ListItem","position":2,"name":"Tienda","item":"https:\/\/365-housse.com\/es\/tienda\/"},{"@type":"ListItem","position":3,"name":"Funda de bicicleta de camuflaje"}]},{"@type":"WebSite","@id":"https:\/\/365-housse.com\/es\/#website","url":"https:\/\/365-housse.com\/es\/","name":"Housse de Canap\u00e9","description":"Le N\u00b01 de la Housse","publisher":{"@id":"https:\/\/365-housse.com\/es\/#organization"},"potentialAction":[{"@type":"SearchAction","target":{"@type":"EntryPoint","urlTemplate":"https:\/\/365-housse.com\/es\/?s={search_term_string}"},"query-input":{"@type":"PropertyValueSpecification","valueRequired":true,"valueName":"search_term_string"}}],"inLanguage":"es"},{"@type":"Organization","@id":"https:\/\/365-housse.com\/es\/#organization","name":"Housse de Canap\u00e9","url":"https:\/\/365-housse.com\/es\/","logo":{"@type":"ImageObject","inLanguage":"es","@id":"https:\/\/365-housse.com\/es\/#\/schema\/logo\/image\/","url":"https:\/\/365-housse.com\/wp-content\/uploads\/2023\/06\/LOGO-400-\u00d7-200-px-392-x-134-px-16.png","contentUrl":"https:\/\/365-housse.com\/wp-content\/uploads\/2023\/06\/LOGO-400-\u00d7-200-px-392-x-134-px-16.png","width":392,"height":134,"caption":"Housse de Canap\u00e9"},"image":{"@id":"https:\/\/365-housse.com\/es\/#\/schema\/logo\/image\/"}}]}},"_links":{"self":[{"href":"https:\/\/365-housse.com\/es\/wp-json\/wp\/v2\/product\/18337"}],"collection":[{"href":"https:\/\/365-housse.com\/es\/wp-json\/wp\/v2\/product"}],"about":[{"href":"https:\/\/365-housse.com\/es\/wp-json\/wp\/v2\/types\/product"}],"replies":[{"embeddable":true,"href":"https:\/\/365-housse.com\/es\/wp-json\/wp\/v2\/comments?post=18337"}],"wp:featuredmedia":[{"embeddable":true,"href":"https:\/\/365-housse.com\/es\/wp-json\/wp\/v2\/media\/16909"}],"wp:attachment":[{"href":"https:\/\/365-housse.com\/es\/wp-json\/wp\/v2\/media?parent=18337"}],"wp:term":[{"taxonomy":"product_cat","embeddable":true,"href":"https:\/\/365-housse.com\/es\/wp-json\/wp\/v2\/product_cat?post=18337"},{"taxonomy":"product_tag","embeddable":true,"href":"https:\/\/365-housse.com\/es\/wp-json\/wp\/v2\/product_tag?post=18337"}],"curies":[{"name":"wp","href":"https:\/\/api.w.org\/{rel}","templated":true}]}}