{"id":18386,"date":"2023-06-12T08:37:01","date_gmt":"2023-06-12T08:37:01","guid":{"rendered":"https:\/\/365-housse.com\/products\/sacoche-ordinateur-originale-femme\/"},"modified":"2024-09-17T14:56:32","modified_gmt":"2024-09-17T14:56:32","slug":"sacoche-ordinateur-originale-femme","status":"publish","type":"product","link":"https:\/\/365-housse.com\/es\/productos\/sacoche-ordinateur-originale-femme\/","title":{"rendered":"Funda de ordenador original para mujer."},"content":{"rendered":"<h2>Se\u00f1oras, aseguren la protecci\u00f3n y longevidad de su computadora con la <strong>bolsa para computadora original para mujer<\/strong>. Afirma tu estilo con tu futuro accesorio imprescindible.<\/h2>\n<ul>\n<li>\n<p><span>Material: nailon y piel sint\u00e9tica<\/span><span><\/span><\/p>\n<\/li>\n<li>\n<p>Impermeable y resistente a golpes y ca\u00eddas<\/p>\n<\/li>\n<li>\n<p>Mant\u00e9n tu ordenador limpio y en buen estado<\/p>\n<\/li>\n<li>\n<p>Dos bolsillos separados (compartimento para ordenador y otros objetos)<\/p>\n<\/li>\n<li>\n<p>Diferentes tama\u00f1os disponibles<\/p>\n<\/li>\n<li>Se adapta a todas las marcas de ordenadores <\/li>\n<\/ul>\n<h3>NOTA: \u00a1El <strong>bolso para computadora original para mujer<\/strong> est\u00e1 equipado con una correa para el hombro extra\u00edble!\u00a0<br \/><\/h3>\n<h3>Ayuda a mantener su computadora en \u00f3ptimas condiciones<\/h3>\n<h3><\/h3>\n","protected":false},"excerpt":{"rendered":"<p>Se\u00f1oras, aseguren la protecci\u00f3n y longevidad de su computadora con la bolsa para computadora original para mujer. Afirma tu estilo con tu futuro accesorio imprescindible. Material: nailon y piel sint\u00e9tica Impermeable y resistente a golpes y ca\u00eddas Mant\u00e9n tu ordenador limpio y en buen estado Dos bolsillos separados (compartimento para ordenador y otros objetos) Diferentes [&hellip;]<\/p>\n","protected":false},"featured_media":16888,"comment_status":"open","ping_status":"closed","template":"","meta":[],"product_cat":[164,158],"product_tag":[198],"class_list":{"0":"post-18386","1":"product","2":"type-product","3":"status-publish","4":"has-post-thumbnail","6":"product_cat-bolsa-de-ordenador","7":"product_cat-cubierta-exterior","8":"product_tag-ordinateur-es","10":"first","11":"instock","12":"shipping-taxable","13":"purchasable","14":"product-type-variable"},"yoast_head":"<title>Funda de ordenador original para mujer. en entrega - gratis Ahorra un 30% en tu pedido<\/title>\n<meta name=\"description\" content=\"Recibe tu Funda de ordenador original para mujer. hoy y benef\u00edciate de la entrega - gratuita Env\u00edo en 24\/48h\" \/>\n<meta name=\"robots\" content=\"index, follow, max-snippet:-1, max-image-preview:large, max-video-preview:-1\" \/>\n<link rel=\"canonical\" href=\"https:\/\/365-housse.com\/es\/productos\/sacoche-ordinateur-originale-femme\/\" \/>\n<meta property=\"og:locale\" content=\"es_ES\" \/>\n<meta property=\"og:type\" content=\"article\" \/>\n<meta property=\"og:title\" content=\"Funda de ordenador original para mujer. en entrega - gratis Ahorra un 30% en tu pedido\" \/>\n<meta property=\"og:description\" content=\"Recibe tu Funda de ordenador original para mujer. hoy y benef\u00edciate de la entrega - gratuita Env\u00edo en 24\/48h\" \/>\n<meta property=\"og:url\" content=\"https:\/\/365-housse.com\/es\/productos\/sacoche-ordinateur-originale-femme\/\" \/>\n<meta property=\"og:site_name\" content=\"Housse de Canap\u00e9\" \/>\n<meta property=\"article:modified_time\" content=\"2024-09-17T14:56:32+00:00\" \/>\n<meta property=\"og:image\" content=\"https:\/\/365-housse.com\/wp-content\/uploads\/2023\/06\/Sacoche-tanche-pour-ordinateur-portable-tui-pour-ordinateur-portable-13-3-14-15-6-pouces-pour.jpg_640x640_6a5fdaa7-2f0c-46ab-98c6-ecb0785a2fef.jpg\" \/>\n\t<meta property=\"og:image:width\" content=\"640\" \/>\n\t<meta property=\"og:image:height\" content=\"549\" \/>\n\t<meta property=\"og:image:type\" content=\"image\/jpeg\" \/>\n<meta name=\"twitter:card\" content=\"summary_large_image\" \/>\n<script type=\"application\/ld+json\" class=\"yoast-schema-graph\">{\"@context\":\"https:\/\/schema.org\",\"@graph\":[{\"@type\":\"WebPage\",\"@id\":\"https:\/\/365-housse.com\/es\/productos\/sacoche-ordinateur-originale-femme\/\",\"url\":\"https:\/\/365-housse.com\/es\/productos\/sacoche-ordinateur-originale-femme\/\",\"name\":\"Funda de ordenador original para mujer. en entrega - gratis Ahorra un 30% en tu pedido\",\"isPartOf\":{\"@id\":\"https:\/\/365-housse.com\/es\/#website\"},\"primaryImageOfPage\":{\"@id\":\"https:\/\/365-housse.com\/es\/productos\/sacoche-ordinateur-originale-femme\/#primaryimage\"},\"image\":{\"@id\":\"https:\/\/365-housse.com\/es\/productos\/sacoche-ordinateur-originale-femme\/#primaryimage\"},\"thumbnailUrl\":\"https:\/\/365-housse.com\/wp-content\/uploads\/2023\/06\/Sacoche-tanche-pour-ordinateur-portable-tui-pour-ordinateur-portable-13-3-14-15-6-pouces-pour.jpg_640x640_6a5fdaa7-2f0c-46ab-98c6-ecb0785a2fef.jpg\",\"datePublished\":\"2023-06-12T08:37:01+00:00\",\"dateModified\":\"2024-09-17T14:56:32+00:00\",\"description\":\"Recibe tu Funda de ordenador original para mujer. hoy y benef\u00edciate de la entrega - gratuita Env\u00edo en 24\/48h\",\"breadcrumb\":{\"@id\":\"https:\/\/365-housse.com\/es\/productos\/sacoche-ordinateur-originale-femme\/#breadcrumb\"},\"inLanguage\":\"es\",\"potentialAction\":[{\"@type\":\"ReadAction\",\"target\":[\"https:\/\/365-housse.com\/es\/productos\/sacoche-ordinateur-originale-femme\/\"]}]},{\"@type\":\"ImageObject\",\"inLanguage\":\"es\",\"@id\":\"https:\/\/365-housse.com\/es\/productos\/sacoche-ordinateur-originale-femme\/#primaryimage\",\"url\":\"https:\/\/365-housse.com\/wp-content\/uploads\/2023\/06\/Sacoche-tanche-pour-ordinateur-portable-tui-pour-ordinateur-portable-13-3-14-15-6-pouces-pour.jpg_640x640_6a5fdaa7-2f0c-46ab-98c6-ecb0785a2fef.jpg\",\"contentUrl\":\"https:\/\/365-housse.com\/wp-content\/uploads\/2023\/06\/Sacoche-tanche-pour-ordinateur-portable-tui-pour-ordinateur-portable-13-3-14-15-6-pouces-pour.jpg_640x640_6a5fdaa7-2f0c-46ab-98c6-ecb0785a2fef.jpg\",\"width\":640,\"height\":549},{\"@type\":\"BreadcrumbList\",\"@id\":\"https:\/\/365-housse.com\/es\/productos\/sacoche-ordinateur-originale-femme\/#breadcrumb\",\"itemListElement\":[{\"@type\":\"ListItem\",\"position\":1,\"name\":\"Accueil\",\"item\":\"https:\/\/365-housse.com\/es\/\"},{\"@type\":\"ListItem\",\"position\":2,\"name\":\"Tienda\",\"item\":\"https:\/\/365-housse.com\/es\/tienda\/\"},{\"@type\":\"ListItem\",\"position\":3,\"name\":\"Funda de ordenador original para mujer.\"}]},{\"@type\":\"WebSite\",\"@id\":\"https:\/\/365-housse.com\/es\/#website\",\"url\":\"https:\/\/365-housse.com\/es\/\",\"name\":\"Housse de Canap\u00e9\",\"description\":\"Le N\u00b01 de la Housse\",\"publisher\":{\"@id\":\"https:\/\/365-housse.com\/es\/#organization\"},\"potentialAction\":[{\"@type\":\"SearchAction\",\"target\":{\"@type\":\"EntryPoint\",\"urlTemplate\":\"https:\/\/365-housse.com\/es\/?s={search_term_string}\"},\"query-input\":{\"@type\":\"PropertyValueSpecification\",\"valueRequired\":true,\"valueName\":\"search_term_string\"}}],\"inLanguage\":\"es\"},{\"@type\":\"Organization\",\"@id\":\"https:\/\/365-housse.com\/es\/#organization\",\"name\":\"Housse de Canap\u00e9\",\"url\":\"https:\/\/365-housse.com\/es\/\",\"logo\":{\"@type\":\"ImageObject\",\"inLanguage\":\"es\",\"@id\":\"https:\/\/365-housse.com\/es\/#\/schema\/logo\/image\/\",\"url\":\"https:\/\/365-housse.com\/wp-content\/uploads\/2023\/06\/LOGO-400-\u00d7-200-px-392-x-134-px-16.png\",\"contentUrl\":\"https:\/\/365-housse.com\/wp-content\/uploads\/2023\/06\/LOGO-400-\u00d7-200-px-392-x-134-px-16.png\",\"width\":392,\"height\":134,\"caption\":\"Housse de Canap\u00e9\"},\"image\":{\"@id\":\"https:\/\/365-housse.com\/es\/#\/schema\/logo\/image\/\"}}]}<\/script>","yoast_head_json":{"title":"Funda de ordenador original para mujer. en entrega - gratis Ahorra un 30% en tu pedido","description":"Recibe tu Funda de ordenador original para mujer. hoy y benef\u00edciate de la entrega - gratuita Env\u00edo en 24\/48h","robots":{"index":"index","follow":"follow","max-snippet":"max-snippet:-1","max-image-preview":"max-image-preview:large","max-video-preview":"max-video-preview:-1"},"canonical":"https:\/\/365-housse.com\/es\/productos\/sacoche-ordinateur-originale-femme\/","og_locale":"es_ES","og_type":"article","og_title":"Funda de ordenador original para mujer. en entrega - gratis Ahorra un 30% en tu pedido","og_description":"Recibe tu Funda de ordenador original para mujer. hoy y benef\u00edciate de la entrega - gratuita Env\u00edo en 24\/48h","og_url":"https:\/\/365-housse.com\/es\/productos\/sacoche-ordinateur-originale-femme\/","og_site_name":"Housse de Canap\u00e9","article_modified_time":"2024-09-17T14:56:32+00:00","og_image":[{"width":640,"height":549,"url":"https:\/\/365-housse.com\/wp-content\/uploads\/2023\/06\/Sacoche-tanche-pour-ordinateur-portable-tui-pour-ordinateur-portable-13-3-14-15-6-pouces-pour.jpg_640x640_6a5fdaa7-2f0c-46ab-98c6-ecb0785a2fef.jpg","type":"image\/jpeg"}],"twitter_card":"summary_large_image","schema":{"@context":"https:\/\/schema.org","@graph":[{"@type":"WebPage","@id":"https:\/\/365-housse.com\/es\/productos\/sacoche-ordinateur-originale-femme\/","url":"https:\/\/365-housse.com\/es\/productos\/sacoche-ordinateur-originale-femme\/","name":"Funda de ordenador original para mujer. en entrega - gratis Ahorra un 30% en tu pedido","isPartOf":{"@id":"https:\/\/365-housse.com\/es\/#website"},"primaryImageOfPage":{"@id":"https:\/\/365-housse.com\/es\/productos\/sacoche-ordinateur-originale-femme\/#primaryimage"},"image":{"@id":"https:\/\/365-housse.com\/es\/productos\/sacoche-ordinateur-originale-femme\/#primaryimage"},"thumbnailUrl":"https:\/\/365-housse.com\/wp-content\/uploads\/2023\/06\/Sacoche-tanche-pour-ordinateur-portable-tui-pour-ordinateur-portable-13-3-14-15-6-pouces-pour.jpg_640x640_6a5fdaa7-2f0c-46ab-98c6-ecb0785a2fef.jpg","datePublished":"2023-06-12T08:37:01+00:00","dateModified":"2024-09-17T14:56:32+00:00","description":"Recibe tu Funda de ordenador original para mujer. hoy y benef\u00edciate de la entrega - gratuita Env\u00edo en 24\/48h","breadcrumb":{"@id":"https:\/\/365-housse.com\/es\/productos\/sacoche-ordinateur-originale-femme\/#breadcrumb"},"inLanguage":"es","potentialAction":[{"@type":"ReadAction","target":["https:\/\/365-housse.com\/es\/productos\/sacoche-ordinateur-originale-femme\/"]}]},{"@type":"ImageObject","inLanguage":"es","@id":"https:\/\/365-housse.com\/es\/productos\/sacoche-ordinateur-originale-femme\/#primaryimage","url":"https:\/\/365-housse.com\/wp-content\/uploads\/2023\/06\/Sacoche-tanche-pour-ordinateur-portable-tui-pour-ordinateur-portable-13-3-14-15-6-pouces-pour.jpg_640x640_6a5fdaa7-2f0c-46ab-98c6-ecb0785a2fef.jpg","contentUrl":"https:\/\/365-housse.com\/wp-content\/uploads\/2023\/06\/Sacoche-tanche-pour-ordinateur-portable-tui-pour-ordinateur-portable-13-3-14-15-6-pouces-pour.jpg_640x640_6a5fdaa7-2f0c-46ab-98c6-ecb0785a2fef.jpg","width":640,"height":549},{"@type":"BreadcrumbList","@id":"https:\/\/365-housse.com\/es\/productos\/sacoche-ordinateur-originale-femme\/#breadcrumb","itemListElement":[{"@type":"ListItem","position":1,"name":"Accueil","item":"https:\/\/365-housse.com\/es\/"},{"@type":"ListItem","position":2,"name":"Tienda","item":"https:\/\/365-housse.com\/es\/tienda\/"},{"@type":"ListItem","position":3,"name":"Funda de ordenador original para mujer."}]},{"@type":"WebSite","@id":"https:\/\/365-housse.com\/es\/#website","url":"https:\/\/365-housse.com\/es\/","name":"Housse de Canap\u00e9","description":"Le N\u00b01 de la Housse","publisher":{"@id":"https:\/\/365-housse.com\/es\/#organization"},"potentialAction":[{"@type":"SearchAction","target":{"@type":"EntryPoint","urlTemplate":"https:\/\/365-housse.com\/es\/?s={search_term_string}"},"query-input":{"@type":"PropertyValueSpecification","valueRequired":true,"valueName":"search_term_string"}}],"inLanguage":"es"},{"@type":"Organization","@id":"https:\/\/365-housse.com\/es\/#organization","name":"Housse de Canap\u00e9","url":"https:\/\/365-housse.com\/es\/","logo":{"@type":"ImageObject","inLanguage":"es","@id":"https:\/\/365-housse.com\/es\/#\/schema\/logo\/image\/","url":"https:\/\/365-housse.com\/wp-content\/uploads\/2023\/06\/LOGO-400-\u00d7-200-px-392-x-134-px-16.png","contentUrl":"https:\/\/365-housse.com\/wp-content\/uploads\/2023\/06\/LOGO-400-\u00d7-200-px-392-x-134-px-16.png","width":392,"height":134,"caption":"Housse de Canap\u00e9"},"image":{"@id":"https:\/\/365-housse.com\/es\/#\/schema\/logo\/image\/"}}]}},"_links":{"self":[{"href":"https:\/\/365-housse.com\/es\/wp-json\/wp\/v2\/product\/18386"}],"collection":[{"href":"https:\/\/365-housse.com\/es\/wp-json\/wp\/v2\/product"}],"about":[{"href":"https:\/\/365-housse.com\/es\/wp-json\/wp\/v2\/types\/product"}],"replies":[{"embeddable":true,"href":"https:\/\/365-housse.com\/es\/wp-json\/wp\/v2\/comments?post=18386"}],"wp:featuredmedia":[{"embeddable":true,"href":"https:\/\/365-housse.com\/es\/wp-json\/wp\/v2\/media\/16888"}],"wp:attachment":[{"href":"https:\/\/365-housse.com\/es\/wp-json\/wp\/v2\/media?parent=18386"}],"wp:term":[{"taxonomy":"product_cat","embeddable":true,"href":"https:\/\/365-housse.com\/es\/wp-json\/wp\/v2\/product_cat?post=18386"},{"taxonomy":"product_tag","embeddable":true,"href":"https:\/\/365-housse.com\/es\/wp-json\/wp\/v2\/product_tag?post=18386"}],"curies":[{"name":"wp","href":"https:\/\/api.w.org\/{rel}","templated":true}]}}