{"id":18415,"date":"2023-06-12T08:36:52","date_gmt":"2023-06-12T08:36:52","guid":{"rendered":"https:\/\/365-housse.com\/products\/housse-d-hivernage-salon-de-jardin\/"},"modified":"2024-09-17T14:56:41","modified_gmt":"2024-09-17T14:56:41","slug":"housse-d-hivernage-salon-de-jardin","status":"publish","type":"product","link":"https:\/\/365-housse.com\/es\/productos\/housse-d-hivernage-salon-de-jardin\/","title":{"rendered":"Funda para muebles de jard\u00edn nevada"},"content":{"rendered":"<h2>\u00a1Protege tus muebles de jard\u00edn del mal tiempo con la <strong>Funda de invierno para muebles de jard\u00edn<\/strong>!<\/h2>\n<p><strong>Ventajas: <\/strong><\/p>\n<ul>\n<li>Ofrece una <strong>protecci\u00f3n \u00f3ptima<\/strong> contra las condiciones clim\u00e1ticas externas<\/li>\n<li>Da un <strong>estilo \u00fanico<\/strong> al espacio de tu jard\u00edn<\/li>\n<li><strong>tela de alta calidad<\/strong> manteniendo la calidad de tus muebles de jard\u00edn<\/li>\n<li><strong>F\u00e1cil<\/strong> de instalar y quitar<\/li>\n<li><strong>Ampl\u00eda<\/strong> la vida \u00fatil de tus muebles de jard\u00edn<\/li>\n<\/ul>\n<p><strong>Caracter\u00edsticas:<\/strong><\/p>\n<ul>\n<li>Material: poli\u00e9ster<\/li>\n<li>Resistente a la nieve y al agua<\/li>\n<li>Mant\u00e9n tus muebles de jard\u00edn limpios y en buen estado<\/li>\n<li>Cord\u00f3n ajustable<\/li>\n<li>Diferentes tama\u00f1os disponibles<\/li>\n<\/ul>\n<h3>NOTA: La <strong>Funda de Invierno para Muebles de Jard\u00edn<\/strong> es una funda ecol\u00f3gica \u267b\ufe0f<\/h3>\n","protected":false},"excerpt":{"rendered":"<p>\u00a1Protege tus muebles de jard\u00edn del mal tiempo con la Funda de invierno para muebles de jard\u00edn! Ventajas: Ofrece una protecci\u00f3n \u00f3ptima contra las condiciones clim\u00e1ticas externas Da un estilo \u00fanico al espacio de tu jard\u00edn tela de alta calidad manteniendo la calidad de tus muebles de jard\u00edn F\u00e1cil de instalar y quitar Ampl\u00eda la [&hellip;]<\/p>\n","protected":false},"featured_media":16875,"comment_status":"open","ping_status":"closed","template":"","meta":[],"product_cat":[158,169],"product_tag":[202],"class_list":{"0":"post-18415","1":"product","2":"type-product","3":"status-publish","4":"has-post-thumbnail","6":"product_cat-cubierta-exterior","7":"product_cat-funda-para-muebles-de-jardin","8":"product_tag-jardin-es","10":"first","11":"instock","12":"shipping-taxable","13":"purchasable","14":"product-type-variable"},"yoast_head":"<title>Funda para muebles de jard\u00edn nevada en entrega - gratis Ahorra un 30% en tu pedido<\/title>\n<meta name=\"description\" content=\"Recibe tu Funda para muebles de jard\u00edn nevada hoy y benef\u00edciate de la entrega - gratuita Env\u00edo en 24\/48h\" \/>\n<meta name=\"robots\" content=\"index, follow, max-snippet:-1, max-image-preview:large, max-video-preview:-1\" \/>\n<link rel=\"canonical\" href=\"https:\/\/365-housse.com\/es\/productos\/housse-d-hivernage-salon-de-jardin\/\" \/>\n<meta property=\"og:locale\" content=\"es_ES\" \/>\n<meta property=\"og:type\" content=\"article\" \/>\n<meta property=\"og:title\" content=\"Funda para muebles de jard\u00edn nevada en entrega - gratis Ahorra un 30% en tu pedido\" \/>\n<meta property=\"og:description\" content=\"Recibe tu Funda para muebles de jard\u00edn nevada hoy y benef\u00edciate de la entrega - gratuita Env\u00edo en 24\/48h\" \/>\n<meta property=\"og:url\" content=\"https:\/\/365-housse.com\/es\/productos\/housse-d-hivernage-salon-de-jardin\/\" \/>\n<meta property=\"og:site_name\" content=\"Housse de Canap\u00e9\" \/>\n<meta property=\"article:modified_time\" content=\"2024-09-17T14:56:41+00:00\" \/>\n<meta property=\"og:image\" content=\"https:\/\/365-housse.com\/wp-content\/uploads\/2023\/06\/housse-d-hivernage-salon-de-jardin.png\" \/>\n\t<meta property=\"og:image:width\" content=\"467\" \/>\n\t<meta property=\"og:image:height\" content=\"430\" \/>\n\t<meta property=\"og:image:type\" content=\"image\/png\" \/>\n<meta name=\"twitter:card\" content=\"summary_large_image\" \/>\n<meta name=\"twitter:label1\" content=\"Tiempo de lectura\" \/>\n\t<meta name=\"twitter:data1\" content=\"1 minuto\" \/>\n<script type=\"application\/ld+json\" class=\"yoast-schema-graph\">{\"@context\":\"https:\/\/schema.org\",\"@graph\":[{\"@type\":\"WebPage\",\"@id\":\"https:\/\/365-housse.com\/es\/productos\/housse-d-hivernage-salon-de-jardin\/\",\"url\":\"https:\/\/365-housse.com\/es\/productos\/housse-d-hivernage-salon-de-jardin\/\",\"name\":\"Funda para muebles de jard\u00edn nevada en entrega - gratis Ahorra un 30% en tu pedido\",\"isPartOf\":{\"@id\":\"https:\/\/365-housse.com\/es\/#website\"},\"primaryImageOfPage\":{\"@id\":\"https:\/\/365-housse.com\/es\/productos\/housse-d-hivernage-salon-de-jardin\/#primaryimage\"},\"image\":{\"@id\":\"https:\/\/365-housse.com\/es\/productos\/housse-d-hivernage-salon-de-jardin\/#primaryimage\"},\"thumbnailUrl\":\"https:\/\/365-housse.com\/wp-content\/uploads\/2023\/06\/housse-d-hivernage-salon-de-jardin.png\",\"datePublished\":\"2023-06-12T08:36:52+00:00\",\"dateModified\":\"2024-09-17T14:56:41+00:00\",\"description\":\"Recibe tu Funda para muebles de jard\u00edn nevada hoy y benef\u00edciate de la entrega - gratuita Env\u00edo en 24\/48h\",\"breadcrumb\":{\"@id\":\"https:\/\/365-housse.com\/es\/productos\/housse-d-hivernage-salon-de-jardin\/#breadcrumb\"},\"inLanguage\":\"es\",\"potentialAction\":[{\"@type\":\"ReadAction\",\"target\":[\"https:\/\/365-housse.com\/es\/productos\/housse-d-hivernage-salon-de-jardin\/\"]}]},{\"@type\":\"ImageObject\",\"inLanguage\":\"es\",\"@id\":\"https:\/\/365-housse.com\/es\/productos\/housse-d-hivernage-salon-de-jardin\/#primaryimage\",\"url\":\"https:\/\/365-housse.com\/wp-content\/uploads\/2023\/06\/housse-d-hivernage-salon-de-jardin.png\",\"contentUrl\":\"https:\/\/365-housse.com\/wp-content\/uploads\/2023\/06\/housse-d-hivernage-salon-de-jardin.png\",\"width\":467,\"height\":430},{\"@type\":\"BreadcrumbList\",\"@id\":\"https:\/\/365-housse.com\/es\/productos\/housse-d-hivernage-salon-de-jardin\/#breadcrumb\",\"itemListElement\":[{\"@type\":\"ListItem\",\"position\":1,\"name\":\"Accueil\",\"item\":\"https:\/\/365-housse.com\/es\/\"},{\"@type\":\"ListItem\",\"position\":2,\"name\":\"Tienda\",\"item\":\"https:\/\/365-housse.com\/es\/tienda\/\"},{\"@type\":\"ListItem\",\"position\":3,\"name\":\"Funda para muebles de jard\u00edn nevada\"}]},{\"@type\":\"WebSite\",\"@id\":\"https:\/\/365-housse.com\/es\/#website\",\"url\":\"https:\/\/365-housse.com\/es\/\",\"name\":\"Housse de Canap\u00e9\",\"description\":\"Le N\u00b01 de la Housse\",\"publisher\":{\"@id\":\"https:\/\/365-housse.com\/es\/#organization\"},\"potentialAction\":[{\"@type\":\"SearchAction\",\"target\":{\"@type\":\"EntryPoint\",\"urlTemplate\":\"https:\/\/365-housse.com\/es\/?s={search_term_string}\"},\"query-input\":{\"@type\":\"PropertyValueSpecification\",\"valueRequired\":true,\"valueName\":\"search_term_string\"}}],\"inLanguage\":\"es\"},{\"@type\":\"Organization\",\"@id\":\"https:\/\/365-housse.com\/es\/#organization\",\"name\":\"Housse de Canap\u00e9\",\"url\":\"https:\/\/365-housse.com\/es\/\",\"logo\":{\"@type\":\"ImageObject\",\"inLanguage\":\"es\",\"@id\":\"https:\/\/365-housse.com\/es\/#\/schema\/logo\/image\/\",\"url\":\"https:\/\/365-housse.com\/wp-content\/uploads\/2023\/06\/LOGO-400-\u00d7-200-px-392-x-134-px-16.png\",\"contentUrl\":\"https:\/\/365-housse.com\/wp-content\/uploads\/2023\/06\/LOGO-400-\u00d7-200-px-392-x-134-px-16.png\",\"width\":392,\"height\":134,\"caption\":\"Housse de Canap\u00e9\"},\"image\":{\"@id\":\"https:\/\/365-housse.com\/es\/#\/schema\/logo\/image\/\"}}]}<\/script>","yoast_head_json":{"title":"Funda para muebles de jard\u00edn nevada en entrega - gratis Ahorra un 30% en tu pedido","description":"Recibe tu Funda para muebles de jard\u00edn nevada hoy y benef\u00edciate de la entrega - gratuita Env\u00edo en 24\/48h","robots":{"index":"index","follow":"follow","max-snippet":"max-snippet:-1","max-image-preview":"max-image-preview:large","max-video-preview":"max-video-preview:-1"},"canonical":"https:\/\/365-housse.com\/es\/productos\/housse-d-hivernage-salon-de-jardin\/","og_locale":"es_ES","og_type":"article","og_title":"Funda para muebles de jard\u00edn nevada en entrega - gratis Ahorra un 30% en tu pedido","og_description":"Recibe tu Funda para muebles de jard\u00edn nevada hoy y benef\u00edciate de la entrega - gratuita Env\u00edo en 24\/48h","og_url":"https:\/\/365-housse.com\/es\/productos\/housse-d-hivernage-salon-de-jardin\/","og_site_name":"Housse de Canap\u00e9","article_modified_time":"2024-09-17T14:56:41+00:00","og_image":[{"width":467,"height":430,"url":"https:\/\/365-housse.com\/wp-content\/uploads\/2023\/06\/housse-d-hivernage-salon-de-jardin.png","type":"image\/png"}],"twitter_card":"summary_large_image","twitter_misc":{"Tiempo de lectura":"1 minuto"},"schema":{"@context":"https:\/\/schema.org","@graph":[{"@type":"WebPage","@id":"https:\/\/365-housse.com\/es\/productos\/housse-d-hivernage-salon-de-jardin\/","url":"https:\/\/365-housse.com\/es\/productos\/housse-d-hivernage-salon-de-jardin\/","name":"Funda para muebles de jard\u00edn nevada en entrega - gratis Ahorra un 30% en tu pedido","isPartOf":{"@id":"https:\/\/365-housse.com\/es\/#website"},"primaryImageOfPage":{"@id":"https:\/\/365-housse.com\/es\/productos\/housse-d-hivernage-salon-de-jardin\/#primaryimage"},"image":{"@id":"https:\/\/365-housse.com\/es\/productos\/housse-d-hivernage-salon-de-jardin\/#primaryimage"},"thumbnailUrl":"https:\/\/365-housse.com\/wp-content\/uploads\/2023\/06\/housse-d-hivernage-salon-de-jardin.png","datePublished":"2023-06-12T08:36:52+00:00","dateModified":"2024-09-17T14:56:41+00:00","description":"Recibe tu Funda para muebles de jard\u00edn nevada hoy y benef\u00edciate de la entrega - gratuita Env\u00edo en 24\/48h","breadcrumb":{"@id":"https:\/\/365-housse.com\/es\/productos\/housse-d-hivernage-salon-de-jardin\/#breadcrumb"},"inLanguage":"es","potentialAction":[{"@type":"ReadAction","target":["https:\/\/365-housse.com\/es\/productos\/housse-d-hivernage-salon-de-jardin\/"]}]},{"@type":"ImageObject","inLanguage":"es","@id":"https:\/\/365-housse.com\/es\/productos\/housse-d-hivernage-salon-de-jardin\/#primaryimage","url":"https:\/\/365-housse.com\/wp-content\/uploads\/2023\/06\/housse-d-hivernage-salon-de-jardin.png","contentUrl":"https:\/\/365-housse.com\/wp-content\/uploads\/2023\/06\/housse-d-hivernage-salon-de-jardin.png","width":467,"height":430},{"@type":"BreadcrumbList","@id":"https:\/\/365-housse.com\/es\/productos\/housse-d-hivernage-salon-de-jardin\/#breadcrumb","itemListElement":[{"@type":"ListItem","position":1,"name":"Accueil","item":"https:\/\/365-housse.com\/es\/"},{"@type":"ListItem","position":2,"name":"Tienda","item":"https:\/\/365-housse.com\/es\/tienda\/"},{"@type":"ListItem","position":3,"name":"Funda para muebles de jard\u00edn nevada"}]},{"@type":"WebSite","@id":"https:\/\/365-housse.com\/es\/#website","url":"https:\/\/365-housse.com\/es\/","name":"Housse de Canap\u00e9","description":"Le N\u00b01 de la Housse","publisher":{"@id":"https:\/\/365-housse.com\/es\/#organization"},"potentialAction":[{"@type":"SearchAction","target":{"@type":"EntryPoint","urlTemplate":"https:\/\/365-housse.com\/es\/?s={search_term_string}"},"query-input":{"@type":"PropertyValueSpecification","valueRequired":true,"valueName":"search_term_string"}}],"inLanguage":"es"},{"@type":"Organization","@id":"https:\/\/365-housse.com\/es\/#organization","name":"Housse de Canap\u00e9","url":"https:\/\/365-housse.com\/es\/","logo":{"@type":"ImageObject","inLanguage":"es","@id":"https:\/\/365-housse.com\/es\/#\/schema\/logo\/image\/","url":"https:\/\/365-housse.com\/wp-content\/uploads\/2023\/06\/LOGO-400-\u00d7-200-px-392-x-134-px-16.png","contentUrl":"https:\/\/365-housse.com\/wp-content\/uploads\/2023\/06\/LOGO-400-\u00d7-200-px-392-x-134-px-16.png","width":392,"height":134,"caption":"Housse de Canap\u00e9"},"image":{"@id":"https:\/\/365-housse.com\/es\/#\/schema\/logo\/image\/"}}]}},"_links":{"self":[{"href":"https:\/\/365-housse.com\/es\/wp-json\/wp\/v2\/product\/18415"}],"collection":[{"href":"https:\/\/365-housse.com\/es\/wp-json\/wp\/v2\/product"}],"about":[{"href":"https:\/\/365-housse.com\/es\/wp-json\/wp\/v2\/types\/product"}],"replies":[{"embeddable":true,"href":"https:\/\/365-housse.com\/es\/wp-json\/wp\/v2\/comments?post=18415"}],"wp:featuredmedia":[{"embeddable":true,"href":"https:\/\/365-housse.com\/es\/wp-json\/wp\/v2\/media\/16875"}],"wp:attachment":[{"href":"https:\/\/365-housse.com\/es\/wp-json\/wp\/v2\/media?parent=18415"}],"wp:term":[{"taxonomy":"product_cat","embeddable":true,"href":"https:\/\/365-housse.com\/es\/wp-json\/wp\/v2\/product_cat?post=18415"},{"taxonomy":"product_tag","embeddable":true,"href":"https:\/\/365-housse.com\/es\/wp-json\/wp\/v2\/product_tag?post=18415"}],"curies":[{"name":"wp","href":"https:\/\/api.w.org\/{rel}","templated":true}]}}