{"id":18493,"date":"2023-06-12T08:36:23","date_gmt":"2023-06-12T08:36:23","guid":{"rendered":"https:\/\/365-housse.com\/products\/housse-ordinateur-14-pouces-monde\/"},"modified":"2024-09-17T14:57:06","modified_gmt":"2024-09-17T14:57:06","slug":"housse-ordinateur-14-pouces-monde","status":"publish","type":"product","link":"https:\/\/365-housse.com\/es\/productos\/housse-ordinateur-14-pouces-monde\/","title":{"rendered":"Caja de computadora de 14 pulgadas Mundo"},"content":{"rendered":"<h2>\u00a1Viaja por el mundo sin moverte de tu asiento! Nuestra <strong>caja para computadora de 14 pulgadas en todo el mundo<\/strong> est\u00e1 aqu\u00ed para ayudarlo en ciudades como Nueva York, Par\u00eds y mucho m\u00e1s  <\/h2>\n<ul>\n<li>\n<p>Fabricado en neopreno con acolchado de espuma para proteger tu ordenador de golpes y ara\u00f1azos.<\/p>\n<\/li>\n<li>\n<p>Impermeable y resistente al agua para viajar sin preocupaciones.<\/p>\n<\/li>\n<li>\n<p>Ligero y f\u00e1cil de transportar gracias a su asa.<\/p>\n<\/li>\n<li>\n<p>Dise\u00f1o de doble cremallera.<\/p>\n<\/li>\n<li>\n<p>Compatible con todas las marcas de ordenadores de 14 pulgadas.<\/p>\n<\/li>\n<\/ul>\n<h3>NOTA: \u00a1Extienda la vida \u00fatil de su computadora con la carcasa para computadora mundial de 14 pulgadas!\u00a0<\/h3><\/p>\n","protected":false},"excerpt":{"rendered":"<p>\u00a1Viaja por el mundo sin moverte de tu asiento! Nuestra caja para computadora de 14 pulgadas en todo el mundo est\u00e1 aqu\u00ed para ayudarlo en ciudades como Nueva York, Par\u00eds y mucho m\u00e1s Fabricado en neopreno con acolchado de espuma para proteger tu ordenador de golpes y ara\u00f1azos. Impermeable y resistente al agua para viajar [&hellip;]<\/p>\n","protected":false},"featured_media":16830,"comment_status":"open","ping_status":"closed","template":"","meta":[],"product_cat":[158,166],"product_tag":[198],"class_list":{"0":"post-18493","1":"product","2":"type-product","3":"status-publish","4":"has-post-thumbnail","6":"product_cat-cubierta-exterior","7":"product_cat-funda-para-ordenador-14-pulgadas","8":"product_tag-ordinateur-es","10":"first","11":"instock","12":"shipping-taxable","13":"purchasable","14":"product-type-simple"},"yoast_head":"<title>Caja de computadora de 14 pulgadas Mundo en entrega - gratis Ahorra un 30% en tu pedido<\/title>\n<meta name=\"description\" content=\"Recibe tu Caja de computadora de 14 pulgadas Mundo hoy y benef\u00edciate de la entrega - gratuita Env\u00edo en 24\/48h\" \/>\n<meta name=\"robots\" content=\"index, follow, max-snippet:-1, max-image-preview:large, max-video-preview:-1\" \/>\n<link rel=\"canonical\" href=\"https:\/\/365-housse.com\/es\/productos\/housse-ordinateur-14-pouces-monde\/\" \/>\n<meta property=\"og:locale\" content=\"es_ES\" \/>\n<meta property=\"og:type\" content=\"article\" \/>\n<meta property=\"og:title\" content=\"Caja de computadora de 14 pulgadas Mundo en entrega - gratis Ahorra un 30% en tu pedido\" \/>\n<meta property=\"og:description\" content=\"Recibe tu Caja de computadora de 14 pulgadas Mundo hoy y benef\u00edciate de la entrega - gratuita Env\u00edo en 24\/48h\" \/>\n<meta property=\"og:url\" content=\"https:\/\/365-housse.com\/es\/productos\/housse-ordinateur-14-pouces-monde\/\" \/>\n<meta property=\"og:site_name\" content=\"Housse de Canap\u00e9\" \/>\n<meta property=\"article:modified_time\" content=\"2024-09-17T14:57:06+00:00\" \/>\n<meta property=\"og:image\" content=\"https:\/\/365-housse.com\/wp-content\/uploads\/2023\/06\/housse-ordinateur-14-pouces-monde.jpg\" \/>\n\t<meta property=\"og:image:width\" content=\"1024\" \/>\n\t<meta property=\"og:image:height\" content=\"1020\" \/>\n\t<meta property=\"og:image:type\" content=\"image\/jpeg\" \/>\n<meta name=\"twitter:card\" content=\"summary_large_image\" \/>\n<script type=\"application\/ld+json\" class=\"yoast-schema-graph\">{\"@context\":\"https:\/\/schema.org\",\"@graph\":[{\"@type\":\"WebPage\",\"@id\":\"https:\/\/365-housse.com\/es\/productos\/housse-ordinateur-14-pouces-monde\/\",\"url\":\"https:\/\/365-housse.com\/es\/productos\/housse-ordinateur-14-pouces-monde\/\",\"name\":\"Caja de computadora de 14 pulgadas Mundo en entrega - gratis Ahorra un 30% en tu pedido\",\"isPartOf\":{\"@id\":\"https:\/\/365-housse.com\/es\/#website\"},\"primaryImageOfPage\":{\"@id\":\"https:\/\/365-housse.com\/es\/productos\/housse-ordinateur-14-pouces-monde\/#primaryimage\"},\"image\":{\"@id\":\"https:\/\/365-housse.com\/es\/productos\/housse-ordinateur-14-pouces-monde\/#primaryimage\"},\"thumbnailUrl\":\"https:\/\/365-housse.com\/wp-content\/uploads\/2023\/06\/housse-ordinateur-14-pouces-monde.jpg\",\"datePublished\":\"2023-06-12T08:36:23+00:00\",\"dateModified\":\"2024-09-17T14:57:06+00:00\",\"description\":\"Recibe tu Caja de computadora de 14 pulgadas Mundo hoy y benef\u00edciate de la entrega - gratuita Env\u00edo en 24\/48h\",\"breadcrumb\":{\"@id\":\"https:\/\/365-housse.com\/es\/productos\/housse-ordinateur-14-pouces-monde\/#breadcrumb\"},\"inLanguage\":\"es\",\"potentialAction\":[{\"@type\":\"ReadAction\",\"target\":[\"https:\/\/365-housse.com\/es\/productos\/housse-ordinateur-14-pouces-monde\/\"]}]},{\"@type\":\"ImageObject\",\"inLanguage\":\"es\",\"@id\":\"https:\/\/365-housse.com\/es\/productos\/housse-ordinateur-14-pouces-monde\/#primaryimage\",\"url\":\"https:\/\/365-housse.com\/wp-content\/uploads\/2023\/06\/housse-ordinateur-14-pouces-monde.jpg\",\"contentUrl\":\"https:\/\/365-housse.com\/wp-content\/uploads\/2023\/06\/housse-ordinateur-14-pouces-monde.jpg\",\"width\":1024,\"height\":1020},{\"@type\":\"BreadcrumbList\",\"@id\":\"https:\/\/365-housse.com\/es\/productos\/housse-ordinateur-14-pouces-monde\/#breadcrumb\",\"itemListElement\":[{\"@type\":\"ListItem\",\"position\":1,\"name\":\"Accueil\",\"item\":\"https:\/\/365-housse.com\/es\/\"},{\"@type\":\"ListItem\",\"position\":2,\"name\":\"Tienda\",\"item\":\"https:\/\/365-housse.com\/es\/tienda\/\"},{\"@type\":\"ListItem\",\"position\":3,\"name\":\"Caja de computadora de 14 pulgadas Mundo\"}]},{\"@type\":\"WebSite\",\"@id\":\"https:\/\/365-housse.com\/es\/#website\",\"url\":\"https:\/\/365-housse.com\/es\/\",\"name\":\"Housse de Canap\u00e9\",\"description\":\"Le N\u00b01 de la Housse\",\"publisher\":{\"@id\":\"https:\/\/365-housse.com\/es\/#organization\"},\"potentialAction\":[{\"@type\":\"SearchAction\",\"target\":{\"@type\":\"EntryPoint\",\"urlTemplate\":\"https:\/\/365-housse.com\/es\/?s={search_term_string}\"},\"query-input\":{\"@type\":\"PropertyValueSpecification\",\"valueRequired\":true,\"valueName\":\"search_term_string\"}}],\"inLanguage\":\"es\"},{\"@type\":\"Organization\",\"@id\":\"https:\/\/365-housse.com\/es\/#organization\",\"name\":\"Housse de Canap\u00e9\",\"url\":\"https:\/\/365-housse.com\/es\/\",\"logo\":{\"@type\":\"ImageObject\",\"inLanguage\":\"es\",\"@id\":\"https:\/\/365-housse.com\/es\/#\/schema\/logo\/image\/\",\"url\":\"https:\/\/365-housse.com\/wp-content\/uploads\/2023\/06\/LOGO-400-\u00d7-200-px-392-x-134-px-16.png\",\"contentUrl\":\"https:\/\/365-housse.com\/wp-content\/uploads\/2023\/06\/LOGO-400-\u00d7-200-px-392-x-134-px-16.png\",\"width\":392,\"height\":134,\"caption\":\"Housse de Canap\u00e9\"},\"image\":{\"@id\":\"https:\/\/365-housse.com\/es\/#\/schema\/logo\/image\/\"}}]}<\/script>","yoast_head_json":{"title":"Caja de computadora de 14 pulgadas Mundo en entrega - gratis Ahorra un 30% en tu pedido","description":"Recibe tu Caja de computadora de 14 pulgadas Mundo hoy y benef\u00edciate de la entrega - gratuita Env\u00edo en 24\/48h","robots":{"index":"index","follow":"follow","max-snippet":"max-snippet:-1","max-image-preview":"max-image-preview:large","max-video-preview":"max-video-preview:-1"},"canonical":"https:\/\/365-housse.com\/es\/productos\/housse-ordinateur-14-pouces-monde\/","og_locale":"es_ES","og_type":"article","og_title":"Caja de computadora de 14 pulgadas Mundo en entrega - gratis Ahorra un 30% en tu pedido","og_description":"Recibe tu Caja de computadora de 14 pulgadas Mundo hoy y benef\u00edciate de la entrega - gratuita Env\u00edo en 24\/48h","og_url":"https:\/\/365-housse.com\/es\/productos\/housse-ordinateur-14-pouces-monde\/","og_site_name":"Housse de Canap\u00e9","article_modified_time":"2024-09-17T14:57:06+00:00","og_image":[{"width":1024,"height":1020,"url":"https:\/\/365-housse.com\/wp-content\/uploads\/2023\/06\/housse-ordinateur-14-pouces-monde.jpg","type":"image\/jpeg"}],"twitter_card":"summary_large_image","schema":{"@context":"https:\/\/schema.org","@graph":[{"@type":"WebPage","@id":"https:\/\/365-housse.com\/es\/productos\/housse-ordinateur-14-pouces-monde\/","url":"https:\/\/365-housse.com\/es\/productos\/housse-ordinateur-14-pouces-monde\/","name":"Caja de computadora de 14 pulgadas Mundo en entrega - gratis Ahorra un 30% en tu pedido","isPartOf":{"@id":"https:\/\/365-housse.com\/es\/#website"},"primaryImageOfPage":{"@id":"https:\/\/365-housse.com\/es\/productos\/housse-ordinateur-14-pouces-monde\/#primaryimage"},"image":{"@id":"https:\/\/365-housse.com\/es\/productos\/housse-ordinateur-14-pouces-monde\/#primaryimage"},"thumbnailUrl":"https:\/\/365-housse.com\/wp-content\/uploads\/2023\/06\/housse-ordinateur-14-pouces-monde.jpg","datePublished":"2023-06-12T08:36:23+00:00","dateModified":"2024-09-17T14:57:06+00:00","description":"Recibe tu Caja de computadora de 14 pulgadas Mundo hoy y benef\u00edciate de la entrega - gratuita Env\u00edo en 24\/48h","breadcrumb":{"@id":"https:\/\/365-housse.com\/es\/productos\/housse-ordinateur-14-pouces-monde\/#breadcrumb"},"inLanguage":"es","potentialAction":[{"@type":"ReadAction","target":["https:\/\/365-housse.com\/es\/productos\/housse-ordinateur-14-pouces-monde\/"]}]},{"@type":"ImageObject","inLanguage":"es","@id":"https:\/\/365-housse.com\/es\/productos\/housse-ordinateur-14-pouces-monde\/#primaryimage","url":"https:\/\/365-housse.com\/wp-content\/uploads\/2023\/06\/housse-ordinateur-14-pouces-monde.jpg","contentUrl":"https:\/\/365-housse.com\/wp-content\/uploads\/2023\/06\/housse-ordinateur-14-pouces-monde.jpg","width":1024,"height":1020},{"@type":"BreadcrumbList","@id":"https:\/\/365-housse.com\/es\/productos\/housse-ordinateur-14-pouces-monde\/#breadcrumb","itemListElement":[{"@type":"ListItem","position":1,"name":"Accueil","item":"https:\/\/365-housse.com\/es\/"},{"@type":"ListItem","position":2,"name":"Tienda","item":"https:\/\/365-housse.com\/es\/tienda\/"},{"@type":"ListItem","position":3,"name":"Caja de computadora de 14 pulgadas Mundo"}]},{"@type":"WebSite","@id":"https:\/\/365-housse.com\/es\/#website","url":"https:\/\/365-housse.com\/es\/","name":"Housse de Canap\u00e9","description":"Le N\u00b01 de la Housse","publisher":{"@id":"https:\/\/365-housse.com\/es\/#organization"},"potentialAction":[{"@type":"SearchAction","target":{"@type":"EntryPoint","urlTemplate":"https:\/\/365-housse.com\/es\/?s={search_term_string}"},"query-input":{"@type":"PropertyValueSpecification","valueRequired":true,"valueName":"search_term_string"}}],"inLanguage":"es"},{"@type":"Organization","@id":"https:\/\/365-housse.com\/es\/#organization","name":"Housse de Canap\u00e9","url":"https:\/\/365-housse.com\/es\/","logo":{"@type":"ImageObject","inLanguage":"es","@id":"https:\/\/365-housse.com\/es\/#\/schema\/logo\/image\/","url":"https:\/\/365-housse.com\/wp-content\/uploads\/2023\/06\/LOGO-400-\u00d7-200-px-392-x-134-px-16.png","contentUrl":"https:\/\/365-housse.com\/wp-content\/uploads\/2023\/06\/LOGO-400-\u00d7-200-px-392-x-134-px-16.png","width":392,"height":134,"caption":"Housse de Canap\u00e9"},"image":{"@id":"https:\/\/365-housse.com\/es\/#\/schema\/logo\/image\/"}}]}},"_links":{"self":[{"href":"https:\/\/365-housse.com\/es\/wp-json\/wp\/v2\/product\/18493"}],"collection":[{"href":"https:\/\/365-housse.com\/es\/wp-json\/wp\/v2\/product"}],"about":[{"href":"https:\/\/365-housse.com\/es\/wp-json\/wp\/v2\/types\/product"}],"replies":[{"embeddable":true,"href":"https:\/\/365-housse.com\/es\/wp-json\/wp\/v2\/comments?post=18493"}],"wp:featuredmedia":[{"embeddable":true,"href":"https:\/\/365-housse.com\/es\/wp-json\/wp\/v2\/media\/16830"}],"wp:attachment":[{"href":"https:\/\/365-housse.com\/es\/wp-json\/wp\/v2\/media?parent=18493"}],"wp:term":[{"taxonomy":"product_cat","embeddable":true,"href":"https:\/\/365-housse.com\/es\/wp-json\/wp\/v2\/product_cat?post=18493"},{"taxonomy":"product_tag","embeddable":true,"href":"https:\/\/365-housse.com\/es\/wp-json\/wp\/v2\/product_tag?post=18493"}],"curies":[{"name":"wp","href":"https:\/\/api.w.org\/{rel}","templated":true}]}}