{"id":18494,"date":"2023-06-12T08:36:23","date_gmt":"2023-06-12T08:36:23","guid":{"rendered":"https:\/\/365-housse.com\/products\/housse-ordinateur-14-pouces-violette\/"},"modified":"2024-09-17T14:57:06","modified_gmt":"2024-09-17T14:57:06","slug":"housse-ordinateur-14-pouces-violette","status":"publish","type":"product","link":"https:\/\/365-housse.com\/es\/productos\/housse-ordinateur-14-pouces-violette\/","title":{"rendered":"Caja de computadora morada de 14 pulgadas"},"content":{"rendered":"<h2>Explora la <strong>funda para port\u00e1til<\/strong> de 14 pulgadas <span style=\"color: #FF00FF\">p\u00farpura<\/span>, un color que alguna vez estuvo vinculado a la soberan\u00eda porque era un pigmento raro y costoso .<\/h2>\n<h2>Consejo: \u00a1Combina azul y rojo para crear morado!<\/h2>\n<ul>\n<li>\n<p><span>Material: Poli\u00e9ster<\/span>&lt;span <\/span><\/p>\n<\/li>\n<li>\n<p><span>Impermeable y repelente al agua <\/span><\/p>\n<\/li>\n<li>\n<p>Preserve su computadora de da\u00f1os y rayones<br \/><\/ p> <\/li>\n<li>\n<p>Ligero y f\u00e1cil de transportar<\/p>\n<\/li>\n<li>\n<p><span>El asa est\u00e1 en el lateral&lt;\/span <\/p>\n<\/li>\n<li>Dimensi\u00f3n: 14 pulgadas (apto para todas las marcas de PC)<\/li>\n<\/ul>\n<h3><\/h3>\n<h3> NOTA: \u00a1Ayude a aumentar la longevidad de su PC!<\/h3>\n<h3><\/h3>\n","protected":false},"excerpt":{"rendered":"<p>Explora la funda para port\u00e1til de 14 pulgadas p\u00farpura, un color que alguna vez estuvo vinculado a la soberan\u00eda porque era un pigmento raro y costoso . Consejo: \u00a1Combina azul y rojo para crear morado! Material: Poli\u00e9ster&lt;span Impermeable y repelente al agua Preserve su computadora de da\u00f1os y rayones Ligero y f\u00e1cil de transportar El [&hellip;]<\/p>\n","protected":false},"featured_media":16831,"comment_status":"open","ping_status":"closed","template":"","meta":[],"product_cat":[158,166],"product_tag":[198],"class_list":{"0":"post-18494","1":"product","2":"type-product","3":"status-publish","4":"has-post-thumbnail","6":"product_cat-cubierta-exterior","7":"product_cat-funda-para-ordenador-14-pulgadas","8":"product_tag-ordinateur-es","10":"first","11":"instock","12":"shipping-taxable","13":"purchasable","14":"product-type-simple"},"yoast_head":"<title>Caja de computadora morada de 14 pulgadas en entrega - gratis Ahorra un 30% en tu pedido<\/title>\n<meta name=\"description\" content=\"Recibe tu Caja de computadora morada de 14 pulgadas hoy y benef\u00edciate de la entrega - gratuita Env\u00edo en 24\/48h\" \/>\n<meta name=\"robots\" content=\"index, follow, max-snippet:-1, max-image-preview:large, max-video-preview:-1\" \/>\n<link rel=\"canonical\" href=\"https:\/\/365-housse.com\/es\/productos\/housse-ordinateur-14-pouces-violette\/\" \/>\n<meta property=\"og:locale\" content=\"es_ES\" \/>\n<meta property=\"og:type\" content=\"article\" \/>\n<meta property=\"og:title\" content=\"Caja de computadora morada de 14 pulgadas en entrega - gratis Ahorra un 30% en tu pedido\" \/>\n<meta property=\"og:description\" content=\"Recibe tu Caja de computadora morada de 14 pulgadas hoy y benef\u00edciate de la entrega - gratuita Env\u00edo en 24\/48h\" \/>\n<meta property=\"og:url\" content=\"https:\/\/365-housse.com\/es\/productos\/housse-ordinateur-14-pouces-violette\/\" \/>\n<meta property=\"og:site_name\" content=\"Housse de Canap\u00e9\" \/>\n<meta property=\"article:modified_time\" content=\"2024-09-17T14:57:06+00:00\" \/>\n<meta property=\"og:image\" content=\"https:\/\/365-housse.com\/wp-content\/uploads\/2023\/06\/housse-ordinateur-14-pouces-violette.jpg\" \/>\n\t<meta property=\"og:image:width\" content=\"916\" \/>\n\t<meta property=\"og:image:height\" content=\"888\" \/>\n\t<meta property=\"og:image:type\" content=\"image\/jpeg\" \/>\n<meta name=\"twitter:card\" content=\"summary_large_image\" \/>\n<script type=\"application\/ld+json\" class=\"yoast-schema-graph\">{\"@context\":\"https:\/\/schema.org\",\"@graph\":[{\"@type\":\"WebPage\",\"@id\":\"https:\/\/365-housse.com\/es\/productos\/housse-ordinateur-14-pouces-violette\/\",\"url\":\"https:\/\/365-housse.com\/es\/productos\/housse-ordinateur-14-pouces-violette\/\",\"name\":\"Caja de computadora morada de 14 pulgadas en entrega - gratis Ahorra un 30% en tu pedido\",\"isPartOf\":{\"@id\":\"https:\/\/365-housse.com\/es\/#website\"},\"primaryImageOfPage\":{\"@id\":\"https:\/\/365-housse.com\/es\/productos\/housse-ordinateur-14-pouces-violette\/#primaryimage\"},\"image\":{\"@id\":\"https:\/\/365-housse.com\/es\/productos\/housse-ordinateur-14-pouces-violette\/#primaryimage\"},\"thumbnailUrl\":\"https:\/\/365-housse.com\/wp-content\/uploads\/2023\/06\/housse-ordinateur-14-pouces-violette.jpg\",\"datePublished\":\"2023-06-12T08:36:23+00:00\",\"dateModified\":\"2024-09-17T14:57:06+00:00\",\"description\":\"Recibe tu Caja de computadora morada de 14 pulgadas hoy y benef\u00edciate de la entrega - gratuita Env\u00edo en 24\/48h\",\"breadcrumb\":{\"@id\":\"https:\/\/365-housse.com\/es\/productos\/housse-ordinateur-14-pouces-violette\/#breadcrumb\"},\"inLanguage\":\"es\",\"potentialAction\":[{\"@type\":\"ReadAction\",\"target\":[\"https:\/\/365-housse.com\/es\/productos\/housse-ordinateur-14-pouces-violette\/\"]}]},{\"@type\":\"ImageObject\",\"inLanguage\":\"es\",\"@id\":\"https:\/\/365-housse.com\/es\/productos\/housse-ordinateur-14-pouces-violette\/#primaryimage\",\"url\":\"https:\/\/365-housse.com\/wp-content\/uploads\/2023\/06\/housse-ordinateur-14-pouces-violette.jpg\",\"contentUrl\":\"https:\/\/365-housse.com\/wp-content\/uploads\/2023\/06\/housse-ordinateur-14-pouces-violette.jpg\",\"width\":916,\"height\":888},{\"@type\":\"BreadcrumbList\",\"@id\":\"https:\/\/365-housse.com\/es\/productos\/housse-ordinateur-14-pouces-violette\/#breadcrumb\",\"itemListElement\":[{\"@type\":\"ListItem\",\"position\":1,\"name\":\"Accueil\",\"item\":\"https:\/\/365-housse.com\/es\/\"},{\"@type\":\"ListItem\",\"position\":2,\"name\":\"Tienda\",\"item\":\"https:\/\/365-housse.com\/es\/tienda\/\"},{\"@type\":\"ListItem\",\"position\":3,\"name\":\"Caja de computadora morada de 14 pulgadas\"}]},{\"@type\":\"WebSite\",\"@id\":\"https:\/\/365-housse.com\/es\/#website\",\"url\":\"https:\/\/365-housse.com\/es\/\",\"name\":\"Housse de Canap\u00e9\",\"description\":\"Le N\u00b01 de la Housse\",\"publisher\":{\"@id\":\"https:\/\/365-housse.com\/es\/#organization\"},\"potentialAction\":[{\"@type\":\"SearchAction\",\"target\":{\"@type\":\"EntryPoint\",\"urlTemplate\":\"https:\/\/365-housse.com\/es\/?s={search_term_string}\"},\"query-input\":{\"@type\":\"PropertyValueSpecification\",\"valueRequired\":true,\"valueName\":\"search_term_string\"}}],\"inLanguage\":\"es\"},{\"@type\":\"Organization\",\"@id\":\"https:\/\/365-housse.com\/es\/#organization\",\"name\":\"Housse de Canap\u00e9\",\"url\":\"https:\/\/365-housse.com\/es\/\",\"logo\":{\"@type\":\"ImageObject\",\"inLanguage\":\"es\",\"@id\":\"https:\/\/365-housse.com\/es\/#\/schema\/logo\/image\/\",\"url\":\"https:\/\/365-housse.com\/wp-content\/uploads\/2023\/06\/LOGO-400-\u00d7-200-px-392-x-134-px-16.png\",\"contentUrl\":\"https:\/\/365-housse.com\/wp-content\/uploads\/2023\/06\/LOGO-400-\u00d7-200-px-392-x-134-px-16.png\",\"width\":392,\"height\":134,\"caption\":\"Housse de Canap\u00e9\"},\"image\":{\"@id\":\"https:\/\/365-housse.com\/es\/#\/schema\/logo\/image\/\"}}]}<\/script>","yoast_head_json":{"title":"Caja de computadora morada de 14 pulgadas en entrega - gratis Ahorra un 30% en tu pedido","description":"Recibe tu Caja de computadora morada de 14 pulgadas hoy y benef\u00edciate de la entrega - gratuita Env\u00edo en 24\/48h","robots":{"index":"index","follow":"follow","max-snippet":"max-snippet:-1","max-image-preview":"max-image-preview:large","max-video-preview":"max-video-preview:-1"},"canonical":"https:\/\/365-housse.com\/es\/productos\/housse-ordinateur-14-pouces-violette\/","og_locale":"es_ES","og_type":"article","og_title":"Caja de computadora morada de 14 pulgadas en entrega - gratis Ahorra un 30% en tu pedido","og_description":"Recibe tu Caja de computadora morada de 14 pulgadas hoy y benef\u00edciate de la entrega - gratuita Env\u00edo en 24\/48h","og_url":"https:\/\/365-housse.com\/es\/productos\/housse-ordinateur-14-pouces-violette\/","og_site_name":"Housse de Canap\u00e9","article_modified_time":"2024-09-17T14:57:06+00:00","og_image":[{"width":916,"height":888,"url":"https:\/\/365-housse.com\/wp-content\/uploads\/2023\/06\/housse-ordinateur-14-pouces-violette.jpg","type":"image\/jpeg"}],"twitter_card":"summary_large_image","schema":{"@context":"https:\/\/schema.org","@graph":[{"@type":"WebPage","@id":"https:\/\/365-housse.com\/es\/productos\/housse-ordinateur-14-pouces-violette\/","url":"https:\/\/365-housse.com\/es\/productos\/housse-ordinateur-14-pouces-violette\/","name":"Caja de computadora morada de 14 pulgadas en entrega - gratis Ahorra un 30% en tu pedido","isPartOf":{"@id":"https:\/\/365-housse.com\/es\/#website"},"primaryImageOfPage":{"@id":"https:\/\/365-housse.com\/es\/productos\/housse-ordinateur-14-pouces-violette\/#primaryimage"},"image":{"@id":"https:\/\/365-housse.com\/es\/productos\/housse-ordinateur-14-pouces-violette\/#primaryimage"},"thumbnailUrl":"https:\/\/365-housse.com\/wp-content\/uploads\/2023\/06\/housse-ordinateur-14-pouces-violette.jpg","datePublished":"2023-06-12T08:36:23+00:00","dateModified":"2024-09-17T14:57:06+00:00","description":"Recibe tu Caja de computadora morada de 14 pulgadas hoy y benef\u00edciate de la entrega - gratuita Env\u00edo en 24\/48h","breadcrumb":{"@id":"https:\/\/365-housse.com\/es\/productos\/housse-ordinateur-14-pouces-violette\/#breadcrumb"},"inLanguage":"es","potentialAction":[{"@type":"ReadAction","target":["https:\/\/365-housse.com\/es\/productos\/housse-ordinateur-14-pouces-violette\/"]}]},{"@type":"ImageObject","inLanguage":"es","@id":"https:\/\/365-housse.com\/es\/productos\/housse-ordinateur-14-pouces-violette\/#primaryimage","url":"https:\/\/365-housse.com\/wp-content\/uploads\/2023\/06\/housse-ordinateur-14-pouces-violette.jpg","contentUrl":"https:\/\/365-housse.com\/wp-content\/uploads\/2023\/06\/housse-ordinateur-14-pouces-violette.jpg","width":916,"height":888},{"@type":"BreadcrumbList","@id":"https:\/\/365-housse.com\/es\/productos\/housse-ordinateur-14-pouces-violette\/#breadcrumb","itemListElement":[{"@type":"ListItem","position":1,"name":"Accueil","item":"https:\/\/365-housse.com\/es\/"},{"@type":"ListItem","position":2,"name":"Tienda","item":"https:\/\/365-housse.com\/es\/tienda\/"},{"@type":"ListItem","position":3,"name":"Caja de computadora morada de 14 pulgadas"}]},{"@type":"WebSite","@id":"https:\/\/365-housse.com\/es\/#website","url":"https:\/\/365-housse.com\/es\/","name":"Housse de Canap\u00e9","description":"Le N\u00b01 de la Housse","publisher":{"@id":"https:\/\/365-housse.com\/es\/#organization"},"potentialAction":[{"@type":"SearchAction","target":{"@type":"EntryPoint","urlTemplate":"https:\/\/365-housse.com\/es\/?s={search_term_string}"},"query-input":{"@type":"PropertyValueSpecification","valueRequired":true,"valueName":"search_term_string"}}],"inLanguage":"es"},{"@type":"Organization","@id":"https:\/\/365-housse.com\/es\/#organization","name":"Housse de Canap\u00e9","url":"https:\/\/365-housse.com\/es\/","logo":{"@type":"ImageObject","inLanguage":"es","@id":"https:\/\/365-housse.com\/es\/#\/schema\/logo\/image\/","url":"https:\/\/365-housse.com\/wp-content\/uploads\/2023\/06\/LOGO-400-\u00d7-200-px-392-x-134-px-16.png","contentUrl":"https:\/\/365-housse.com\/wp-content\/uploads\/2023\/06\/LOGO-400-\u00d7-200-px-392-x-134-px-16.png","width":392,"height":134,"caption":"Housse de Canap\u00e9"},"image":{"@id":"https:\/\/365-housse.com\/es\/#\/schema\/logo\/image\/"}}]}},"_links":{"self":[{"href":"https:\/\/365-housse.com\/es\/wp-json\/wp\/v2\/product\/18494"}],"collection":[{"href":"https:\/\/365-housse.com\/es\/wp-json\/wp\/v2\/product"}],"about":[{"href":"https:\/\/365-housse.com\/es\/wp-json\/wp\/v2\/types\/product"}],"replies":[{"embeddable":true,"href":"https:\/\/365-housse.com\/es\/wp-json\/wp\/v2\/comments?post=18494"}],"wp:featuredmedia":[{"embeddable":true,"href":"https:\/\/365-housse.com\/es\/wp-json\/wp\/v2\/media\/16831"}],"wp:attachment":[{"href":"https:\/\/365-housse.com\/es\/wp-json\/wp\/v2\/media?parent=18494"}],"wp:term":[{"taxonomy":"product_cat","embeddable":true,"href":"https:\/\/365-housse.com\/es\/wp-json\/wp\/v2\/product_cat?post=18494"},{"taxonomy":"product_tag","embeddable":true,"href":"https:\/\/365-housse.com\/es\/wp-json\/wp\/v2\/product_tag?post=18494"}],"curies":[{"name":"wp","href":"https:\/\/api.w.org\/{rel}","templated":true}]}}