{"id":18499,"date":"2023-06-12T08:36:19","date_gmt":"2023-06-12T08:36:19","guid":{"rendered":"https:\/\/365-housse.com\/products\/sac-ordinateur-13-pouces-femme\/"},"modified":"2024-09-17T14:57:07","modified_gmt":"2024-09-17T14:57:07","slug":"sac-ordinateur-13-pouces-femme","status":"publish","type":"product","link":"https:\/\/365-housse.com\/es\/productos\/sac-ordinateur-13-pouces-femme\/","title":{"rendered":"Malet\u00edn para ordenador de 13 pulgadas para mujer."},"content":{"rendered":"<h2>Se\u00f1oras, denle a su PC un <strong>nuevo aspecto<\/strong> y prot\u00e9janla contra da\u00f1os. Descubra el <strong>bolso PC de 13 pulgadas para mujer<\/strong>, un accesorio de moda para vosotras, se\u00f1oras. Comb\u00ednalo con tus tacones  <\/h2>\n<h3>Las ventajas de la <strong>bolsa para PC de 13 pulgadas<\/strong>, tambi\u00e9n se puede utilizar como alfombrilla para rat\u00f3n: <\/h3>\n<ul>\n<li><span class=\"a-list-item\">Cubierta con apertura superior para <strong>acceso c\u00f3modo<\/strong><\/span><\/li>\n<li><span class=\"a-list-item\">Transp\u00f3rtelo <strong>de forma segura<\/strong> y prot\u00e9jalo de las manchas y la suciedad<\/span><\/li>\n<li><span class=\"a-list-item\">Aporta <strong>estilo y clase<\/strong> a tu look cuando lo uses.<\/span><\/li>\n<li><span class=\"a-list-item\">Ayuda a <strong>extender la vida \u00fatil<\/strong> de su computadora<\/span><\/li>\n<\/ul>\n<p>Caracter\u00edsticas:<\/p>\n<ul>\n<li><span>Composici\u00f3n (Material): Neopreno de alta calidad<\/span><\/li>\n<li><span>Impermeable y resistente al agua <\/span><\/li>\n<li>Protege tu ordenador de golpes y ara\u00f1azos<\/li>\n<li>Cremallera resistente con construcci\u00f3n de sello cerrado<\/li>\n<li>Acabados precisos y delicados<\/strong><\/li>\n<li>Tama\u00f1o: 13 pulgadas (apto para todas las marcas de computadoras)<\/li>\n<\/ul>\n<p><span> <\/span><\/p>\n","protected":false},"excerpt":{"rendered":"<p>Se\u00f1oras, denle a su PC un nuevo aspecto y prot\u00e9janla contra da\u00f1os. Descubra el bolso PC de 13 pulgadas para mujer, un accesorio de moda para vosotras, se\u00f1oras. Comb\u00ednalo con tus tacones Las ventajas de la bolsa para PC de 13 pulgadas, tambi\u00e9n se puede utilizar como alfombrilla para rat\u00f3n: Cubierta con apertura superior para [&hellip;]<\/p>\n","protected":false},"featured_media":16824,"comment_status":"open","ping_status":"closed","template":"","meta":[],"product_cat":[158,165],"product_tag":[198],"class_list":{"0":"post-18499","1":"product","2":"type-product","3":"status-publish","4":"has-post-thumbnail","6":"product_cat-cubierta-exterior","7":"product_cat-funda-para-ordenador-13-pulgadas","8":"product_tag-ordinateur-es","10":"first","11":"instock","12":"shipping-taxable","13":"purchasable","14":"product-type-simple"},"yoast_head":"<title>Malet\u00edn para ordenador de 13 pulgadas para mujer. en entrega - gratis Ahorra un 30% en tu pedido<\/title>\n<meta name=\"description\" content=\"Recibe tu Malet\u00edn para ordenador de 13 pulgadas para mujer. hoy y benef\u00edciate de la entrega - gratuita Env\u00edo en 24\/48h\" \/>\n<meta name=\"robots\" content=\"index, follow, max-snippet:-1, max-image-preview:large, max-video-preview:-1\" \/>\n<link rel=\"canonical\" href=\"https:\/\/365-housse.com\/es\/productos\/sac-ordinateur-13-pouces-femme\/\" \/>\n<meta property=\"og:locale\" content=\"es_ES\" \/>\n<meta property=\"og:type\" content=\"article\" \/>\n<meta property=\"og:title\" content=\"Malet\u00edn para ordenador de 13 pulgadas para mujer. en entrega - gratis Ahorra un 30% en tu pedido\" \/>\n<meta property=\"og:description\" content=\"Recibe tu Malet\u00edn para ordenador de 13 pulgadas para mujer. hoy y benef\u00edciate de la entrega - gratuita Env\u00edo en 24\/48h\" \/>\n<meta property=\"og:url\" content=\"https:\/\/365-housse.com\/es\/productos\/sac-ordinateur-13-pouces-femme\/\" \/>\n<meta property=\"og:site_name\" content=\"Housse de Canap\u00e9\" \/>\n<meta property=\"article:modified_time\" content=\"2024-09-17T14:57:07+00:00\" \/>\n<meta property=\"og:image\" content=\"https:\/\/365-housse.com\/wp-content\/uploads\/2023\/06\/sac-ordinateur-13-pouces-femme.png\" \/>\n\t<meta property=\"og:image:width\" content=\"479\" \/>\n\t<meta property=\"og:image:height\" content=\"447\" \/>\n\t<meta property=\"og:image:type\" content=\"image\/png\" \/>\n<meta name=\"twitter:card\" content=\"summary_large_image\" \/>\n<meta name=\"twitter:label1\" content=\"Tiempo de lectura\" \/>\n\t<meta name=\"twitter:data1\" content=\"1 minuto\" \/>\n<script type=\"application\/ld+json\" class=\"yoast-schema-graph\">{\"@context\":\"https:\/\/schema.org\",\"@graph\":[{\"@type\":\"WebPage\",\"@id\":\"https:\/\/365-housse.com\/es\/productos\/sac-ordinateur-13-pouces-femme\/\",\"url\":\"https:\/\/365-housse.com\/es\/productos\/sac-ordinateur-13-pouces-femme\/\",\"name\":\"Malet\u00edn para ordenador de 13 pulgadas para mujer. en entrega - gratis Ahorra un 30% en tu pedido\",\"isPartOf\":{\"@id\":\"https:\/\/365-housse.com\/es\/#website\"},\"primaryImageOfPage\":{\"@id\":\"https:\/\/365-housse.com\/es\/productos\/sac-ordinateur-13-pouces-femme\/#primaryimage\"},\"image\":{\"@id\":\"https:\/\/365-housse.com\/es\/productos\/sac-ordinateur-13-pouces-femme\/#primaryimage\"},\"thumbnailUrl\":\"https:\/\/365-housse.com\/wp-content\/uploads\/2023\/06\/sac-ordinateur-13-pouces-femme.png\",\"datePublished\":\"2023-06-12T08:36:19+00:00\",\"dateModified\":\"2024-09-17T14:57:07+00:00\",\"description\":\"Recibe tu Malet\u00edn para ordenador de 13 pulgadas para mujer. hoy y benef\u00edciate de la entrega - gratuita Env\u00edo en 24\/48h\",\"breadcrumb\":{\"@id\":\"https:\/\/365-housse.com\/es\/productos\/sac-ordinateur-13-pouces-femme\/#breadcrumb\"},\"inLanguage\":\"es\",\"potentialAction\":[{\"@type\":\"ReadAction\",\"target\":[\"https:\/\/365-housse.com\/es\/productos\/sac-ordinateur-13-pouces-femme\/\"]}]},{\"@type\":\"ImageObject\",\"inLanguage\":\"es\",\"@id\":\"https:\/\/365-housse.com\/es\/productos\/sac-ordinateur-13-pouces-femme\/#primaryimage\",\"url\":\"https:\/\/365-housse.com\/wp-content\/uploads\/2023\/06\/sac-ordinateur-13-pouces-femme.png\",\"contentUrl\":\"https:\/\/365-housse.com\/wp-content\/uploads\/2023\/06\/sac-ordinateur-13-pouces-femme.png\",\"width\":479,\"height\":447},{\"@type\":\"BreadcrumbList\",\"@id\":\"https:\/\/365-housse.com\/es\/productos\/sac-ordinateur-13-pouces-femme\/#breadcrumb\",\"itemListElement\":[{\"@type\":\"ListItem\",\"position\":1,\"name\":\"Accueil\",\"item\":\"https:\/\/365-housse.com\/es\/\"},{\"@type\":\"ListItem\",\"position\":2,\"name\":\"Tienda\",\"item\":\"https:\/\/365-housse.com\/es\/tienda\/\"},{\"@type\":\"ListItem\",\"position\":3,\"name\":\"Malet\u00edn para ordenador de 13 pulgadas para mujer.\"}]},{\"@type\":\"WebSite\",\"@id\":\"https:\/\/365-housse.com\/es\/#website\",\"url\":\"https:\/\/365-housse.com\/es\/\",\"name\":\"Housse de Canap\u00e9\",\"description\":\"Le N\u00b01 de la Housse\",\"publisher\":{\"@id\":\"https:\/\/365-housse.com\/es\/#organization\"},\"potentialAction\":[{\"@type\":\"SearchAction\",\"target\":{\"@type\":\"EntryPoint\",\"urlTemplate\":\"https:\/\/365-housse.com\/es\/?s={search_term_string}\"},\"query-input\":{\"@type\":\"PropertyValueSpecification\",\"valueRequired\":true,\"valueName\":\"search_term_string\"}}],\"inLanguage\":\"es\"},{\"@type\":\"Organization\",\"@id\":\"https:\/\/365-housse.com\/es\/#organization\",\"name\":\"Housse de Canap\u00e9\",\"url\":\"https:\/\/365-housse.com\/es\/\",\"logo\":{\"@type\":\"ImageObject\",\"inLanguage\":\"es\",\"@id\":\"https:\/\/365-housse.com\/es\/#\/schema\/logo\/image\/\",\"url\":\"https:\/\/365-housse.com\/wp-content\/uploads\/2023\/06\/LOGO-400-\u00d7-200-px-392-x-134-px-16.png\",\"contentUrl\":\"https:\/\/365-housse.com\/wp-content\/uploads\/2023\/06\/LOGO-400-\u00d7-200-px-392-x-134-px-16.png\",\"width\":392,\"height\":134,\"caption\":\"Housse de Canap\u00e9\"},\"image\":{\"@id\":\"https:\/\/365-housse.com\/es\/#\/schema\/logo\/image\/\"}}]}<\/script>","yoast_head_json":{"title":"Malet\u00edn para ordenador de 13 pulgadas para mujer. en entrega - gratis Ahorra un 30% en tu pedido","description":"Recibe tu Malet\u00edn para ordenador de 13 pulgadas para mujer. hoy y benef\u00edciate de la entrega - gratuita Env\u00edo en 24\/48h","robots":{"index":"index","follow":"follow","max-snippet":"max-snippet:-1","max-image-preview":"max-image-preview:large","max-video-preview":"max-video-preview:-1"},"canonical":"https:\/\/365-housse.com\/es\/productos\/sac-ordinateur-13-pouces-femme\/","og_locale":"es_ES","og_type":"article","og_title":"Malet\u00edn para ordenador de 13 pulgadas para mujer. en entrega - gratis Ahorra un 30% en tu pedido","og_description":"Recibe tu Malet\u00edn para ordenador de 13 pulgadas para mujer. hoy y benef\u00edciate de la entrega - gratuita Env\u00edo en 24\/48h","og_url":"https:\/\/365-housse.com\/es\/productos\/sac-ordinateur-13-pouces-femme\/","og_site_name":"Housse de Canap\u00e9","article_modified_time":"2024-09-17T14:57:07+00:00","og_image":[{"width":479,"height":447,"url":"https:\/\/365-housse.com\/wp-content\/uploads\/2023\/06\/sac-ordinateur-13-pouces-femme.png","type":"image\/png"}],"twitter_card":"summary_large_image","twitter_misc":{"Tiempo de lectura":"1 minuto"},"schema":{"@context":"https:\/\/schema.org","@graph":[{"@type":"WebPage","@id":"https:\/\/365-housse.com\/es\/productos\/sac-ordinateur-13-pouces-femme\/","url":"https:\/\/365-housse.com\/es\/productos\/sac-ordinateur-13-pouces-femme\/","name":"Malet\u00edn para ordenador de 13 pulgadas para mujer. en entrega - gratis Ahorra un 30% en tu pedido","isPartOf":{"@id":"https:\/\/365-housse.com\/es\/#website"},"primaryImageOfPage":{"@id":"https:\/\/365-housse.com\/es\/productos\/sac-ordinateur-13-pouces-femme\/#primaryimage"},"image":{"@id":"https:\/\/365-housse.com\/es\/productos\/sac-ordinateur-13-pouces-femme\/#primaryimage"},"thumbnailUrl":"https:\/\/365-housse.com\/wp-content\/uploads\/2023\/06\/sac-ordinateur-13-pouces-femme.png","datePublished":"2023-06-12T08:36:19+00:00","dateModified":"2024-09-17T14:57:07+00:00","description":"Recibe tu Malet\u00edn para ordenador de 13 pulgadas para mujer. hoy y benef\u00edciate de la entrega - gratuita Env\u00edo en 24\/48h","breadcrumb":{"@id":"https:\/\/365-housse.com\/es\/productos\/sac-ordinateur-13-pouces-femme\/#breadcrumb"},"inLanguage":"es","potentialAction":[{"@type":"ReadAction","target":["https:\/\/365-housse.com\/es\/productos\/sac-ordinateur-13-pouces-femme\/"]}]},{"@type":"ImageObject","inLanguage":"es","@id":"https:\/\/365-housse.com\/es\/productos\/sac-ordinateur-13-pouces-femme\/#primaryimage","url":"https:\/\/365-housse.com\/wp-content\/uploads\/2023\/06\/sac-ordinateur-13-pouces-femme.png","contentUrl":"https:\/\/365-housse.com\/wp-content\/uploads\/2023\/06\/sac-ordinateur-13-pouces-femme.png","width":479,"height":447},{"@type":"BreadcrumbList","@id":"https:\/\/365-housse.com\/es\/productos\/sac-ordinateur-13-pouces-femme\/#breadcrumb","itemListElement":[{"@type":"ListItem","position":1,"name":"Accueil","item":"https:\/\/365-housse.com\/es\/"},{"@type":"ListItem","position":2,"name":"Tienda","item":"https:\/\/365-housse.com\/es\/tienda\/"},{"@type":"ListItem","position":3,"name":"Malet\u00edn para ordenador de 13 pulgadas para mujer."}]},{"@type":"WebSite","@id":"https:\/\/365-housse.com\/es\/#website","url":"https:\/\/365-housse.com\/es\/","name":"Housse de Canap\u00e9","description":"Le N\u00b01 de la Housse","publisher":{"@id":"https:\/\/365-housse.com\/es\/#organization"},"potentialAction":[{"@type":"SearchAction","target":{"@type":"EntryPoint","urlTemplate":"https:\/\/365-housse.com\/es\/?s={search_term_string}"},"query-input":{"@type":"PropertyValueSpecification","valueRequired":true,"valueName":"search_term_string"}}],"inLanguage":"es"},{"@type":"Organization","@id":"https:\/\/365-housse.com\/es\/#organization","name":"Housse de Canap\u00e9","url":"https:\/\/365-housse.com\/es\/","logo":{"@type":"ImageObject","inLanguage":"es","@id":"https:\/\/365-housse.com\/es\/#\/schema\/logo\/image\/","url":"https:\/\/365-housse.com\/wp-content\/uploads\/2023\/06\/LOGO-400-\u00d7-200-px-392-x-134-px-16.png","contentUrl":"https:\/\/365-housse.com\/wp-content\/uploads\/2023\/06\/LOGO-400-\u00d7-200-px-392-x-134-px-16.png","width":392,"height":134,"caption":"Housse de Canap\u00e9"},"image":{"@id":"https:\/\/365-housse.com\/es\/#\/schema\/logo\/image\/"}}]}},"_links":{"self":[{"href":"https:\/\/365-housse.com\/es\/wp-json\/wp\/v2\/product\/18499"}],"collection":[{"href":"https:\/\/365-housse.com\/es\/wp-json\/wp\/v2\/product"}],"about":[{"href":"https:\/\/365-housse.com\/es\/wp-json\/wp\/v2\/types\/product"}],"replies":[{"embeddable":true,"href":"https:\/\/365-housse.com\/es\/wp-json\/wp\/v2\/comments?post=18499"}],"wp:featuredmedia":[{"embeddable":true,"href":"https:\/\/365-housse.com\/es\/wp-json\/wp\/v2\/media\/16824"}],"wp:attachment":[{"href":"https:\/\/365-housse.com\/es\/wp-json\/wp\/v2\/media?parent=18499"}],"wp:term":[{"taxonomy":"product_cat","embeddable":true,"href":"https:\/\/365-housse.com\/es\/wp-json\/wp\/v2\/product_cat?post=18499"},{"taxonomy":"product_tag","embeddable":true,"href":"https:\/\/365-housse.com\/es\/wp-json\/wp\/v2\/product_tag?post=18499"}],"curies":[{"name":"wp","href":"https:\/\/api.w.org\/{rel}","templated":true}]}}