{"id":18504,"date":"2023-06-12T08:36:10","date_gmt":"2023-06-12T08:36:10","guid":{"rendered":"https:\/\/365-housse.com\/products\/toile-de-parasol-deporte\/"},"modified":"2024-09-17T14:57:15","modified_gmt":"2024-09-17T14:57:15","slug":"toile-de-parasol-deporte","status":"publish","type":"product","link":"https:\/\/365-housse.com\/es\/productos\/toile-de-parasol-deporte\/","title":{"rendered":"Funda para sombrilla desplazada Klavyo"},"content":{"rendered":"<h2>\u00a1Aumenta la longevidad de tu sombrilla con la lona desplazada! \u00a1Previene y protege los efectos del sol y la lluvia! \u00a1Instalaci\u00f3n en un instante!<\/h2>\n<ul>\n<li><span>Material: Oxford 210<\/span><\/li>\n<li><span><strong>tejido de alta calidad<\/strong> para preservar tu sombrilla<\/span><\/li>\n<li><span>Impermeable y antirradiaci\u00f3n UV<\/span><\/li>\n<li><span>Resiste grietas, decoloraci\u00f3n, desgarros y moho<\/span><\/li>\n<li><span>Mantiene tu sombrilla limpia y en buen estado<\/span><\/li>\n<li><span>Cord\u00f3n y cremallera ajustables<\/span><\/li>\n<li>Tallas disponibles (S, M, L)<\/li>\n<\/ul>\n<h3><span>NOTA:<\/span> <strong>\u00a1Mejora la longevidad de tu sombrilla!<\/strong><\/h3>\n","protected":false},"excerpt":{"rendered":"<p>\u00a1Aumenta la longevidad de tu sombrilla con la lona desplazada! \u00a1Previene y protege los efectos del sol y la lluvia! \u00a1Instalaci\u00f3n en un instante! Material: Oxford 210 tejido de alta calidad para preservar tu sombrilla Impermeable y antirradiaci\u00f3n UV Resiste grietas, decoloraci\u00f3n, desgarros y moho Mantiene tu sombrilla limpia y en buen estado Cord\u00f3n y [&hellip;]<\/p>\n","protected":false},"featured_media":16816,"comment_status":"open","ping_status":"closed","template":"","meta":[],"product_cat":[158,167],"product_tag":[204],"class_list":{"0":"post-18504","1":"product","2":"type-product","3":"status-publish","4":"has-post-thumbnail","6":"product_cat-cubierta-exterior","7":"product_cat-funda-de-paraguas","8":"product_tag-parasol-es","10":"first","11":"instock","12":"shipping-taxable","13":"product-type-variable"},"yoast_head":"<title>Funda para sombrilla desplazada Klavyo en entrega - gratis Ahorra un 30% en tu pedido<\/title>\n<meta name=\"description\" content=\"Recibe tu Funda para sombrilla desplazada Klavyo hoy y benef\u00edciate de la entrega - gratuita Env\u00edo en 24\/48h\" \/>\n<meta name=\"robots\" content=\"index, follow, max-snippet:-1, max-image-preview:large, max-video-preview:-1\" \/>\n<link rel=\"canonical\" href=\"https:\/\/365-housse.com\/es\/productos\/toile-de-parasol-deporte\/\" \/>\n<meta property=\"og:locale\" content=\"es_ES\" \/>\n<meta property=\"og:type\" content=\"article\" \/>\n<meta property=\"og:title\" content=\"Funda para sombrilla desplazada Klavyo en entrega - gratis Ahorra un 30% en tu pedido\" \/>\n<meta property=\"og:description\" content=\"Recibe tu Funda para sombrilla desplazada Klavyo hoy y benef\u00edciate de la entrega - gratuita Env\u00edo en 24\/48h\" \/>\n<meta property=\"og:url\" content=\"https:\/\/365-housse.com\/es\/productos\/toile-de-parasol-deporte\/\" \/>\n<meta property=\"og:site_name\" content=\"Housse de Canap\u00e9\" \/>\n<meta property=\"article:modified_time\" content=\"2024-09-17T14:57:15+00:00\" \/>\n<meta property=\"og:image\" content=\"https:\/\/365-housse.com\/wp-content\/uploads\/2023\/06\/toile-de-parasol-deporte.jpg\" \/>\n\t<meta property=\"og:image:width\" content=\"1016\" \/>\n\t<meta property=\"og:image:height\" content=\"1026\" \/>\n\t<meta property=\"og:image:type\" content=\"image\/jpeg\" \/>\n<meta name=\"twitter:card\" content=\"summary_large_image\" \/>\n<script type=\"application\/ld+json\" class=\"yoast-schema-graph\">{\"@context\":\"https:\/\/schema.org\",\"@graph\":[{\"@type\":\"WebPage\",\"@id\":\"https:\/\/365-housse.com\/es\/productos\/toile-de-parasol-deporte\/\",\"url\":\"https:\/\/365-housse.com\/es\/productos\/toile-de-parasol-deporte\/\",\"name\":\"Funda para sombrilla desplazada Klavyo en entrega - gratis Ahorra un 30% en tu pedido\",\"isPartOf\":{\"@id\":\"https:\/\/365-housse.com\/es\/#website\"},\"primaryImageOfPage\":{\"@id\":\"https:\/\/365-housse.com\/es\/productos\/toile-de-parasol-deporte\/#primaryimage\"},\"image\":{\"@id\":\"https:\/\/365-housse.com\/es\/productos\/toile-de-parasol-deporte\/#primaryimage\"},\"thumbnailUrl\":\"https:\/\/365-housse.com\/wp-content\/uploads\/2023\/06\/toile-de-parasol-deporte.jpg\",\"datePublished\":\"2023-06-12T08:36:10+00:00\",\"dateModified\":\"2024-09-17T14:57:15+00:00\",\"description\":\"Recibe tu Funda para sombrilla desplazada Klavyo hoy y benef\u00edciate de la entrega - gratuita Env\u00edo en 24\/48h\",\"breadcrumb\":{\"@id\":\"https:\/\/365-housse.com\/es\/productos\/toile-de-parasol-deporte\/#breadcrumb\"},\"inLanguage\":\"es\",\"potentialAction\":[{\"@type\":\"ReadAction\",\"target\":[\"https:\/\/365-housse.com\/es\/productos\/toile-de-parasol-deporte\/\"]}]},{\"@type\":\"ImageObject\",\"inLanguage\":\"es\",\"@id\":\"https:\/\/365-housse.com\/es\/productos\/toile-de-parasol-deporte\/#primaryimage\",\"url\":\"https:\/\/365-housse.com\/wp-content\/uploads\/2023\/06\/toile-de-parasol-deporte.jpg\",\"contentUrl\":\"https:\/\/365-housse.com\/wp-content\/uploads\/2023\/06\/toile-de-parasol-deporte.jpg\",\"width\":1016,\"height\":1026},{\"@type\":\"BreadcrumbList\",\"@id\":\"https:\/\/365-housse.com\/es\/productos\/toile-de-parasol-deporte\/#breadcrumb\",\"itemListElement\":[{\"@type\":\"ListItem\",\"position\":1,\"name\":\"Accueil\",\"item\":\"https:\/\/365-housse.com\/es\/\"},{\"@type\":\"ListItem\",\"position\":2,\"name\":\"Tienda\",\"item\":\"https:\/\/365-housse.com\/es\/tienda\/\"},{\"@type\":\"ListItem\",\"position\":3,\"name\":\"Funda para sombrilla desplazada Klavyo\"}]},{\"@type\":\"WebSite\",\"@id\":\"https:\/\/365-housse.com\/es\/#website\",\"url\":\"https:\/\/365-housse.com\/es\/\",\"name\":\"Housse de Canap\u00e9\",\"description\":\"Le N\u00b01 de la Housse\",\"publisher\":{\"@id\":\"https:\/\/365-housse.com\/es\/#organization\"},\"potentialAction\":[{\"@type\":\"SearchAction\",\"target\":{\"@type\":\"EntryPoint\",\"urlTemplate\":\"https:\/\/365-housse.com\/es\/?s={search_term_string}\"},\"query-input\":{\"@type\":\"PropertyValueSpecification\",\"valueRequired\":true,\"valueName\":\"search_term_string\"}}],\"inLanguage\":\"es\"},{\"@type\":\"Organization\",\"@id\":\"https:\/\/365-housse.com\/es\/#organization\",\"name\":\"Housse de Canap\u00e9\",\"url\":\"https:\/\/365-housse.com\/es\/\",\"logo\":{\"@type\":\"ImageObject\",\"inLanguage\":\"es\",\"@id\":\"https:\/\/365-housse.com\/es\/#\/schema\/logo\/image\/\",\"url\":\"https:\/\/365-housse.com\/wp-content\/uploads\/2023\/06\/LOGO-400-\u00d7-200-px-392-x-134-px-16.png\",\"contentUrl\":\"https:\/\/365-housse.com\/wp-content\/uploads\/2023\/06\/LOGO-400-\u00d7-200-px-392-x-134-px-16.png\",\"width\":392,\"height\":134,\"caption\":\"Housse de Canap\u00e9\"},\"image\":{\"@id\":\"https:\/\/365-housse.com\/es\/#\/schema\/logo\/image\/\"}}]}<\/script>","yoast_head_json":{"title":"Funda para sombrilla desplazada Klavyo en entrega - gratis Ahorra un 30% en tu pedido","description":"Recibe tu Funda para sombrilla desplazada Klavyo hoy y benef\u00edciate de la entrega - gratuita Env\u00edo en 24\/48h","robots":{"index":"index","follow":"follow","max-snippet":"max-snippet:-1","max-image-preview":"max-image-preview:large","max-video-preview":"max-video-preview:-1"},"canonical":"https:\/\/365-housse.com\/es\/productos\/toile-de-parasol-deporte\/","og_locale":"es_ES","og_type":"article","og_title":"Funda para sombrilla desplazada Klavyo en entrega - gratis Ahorra un 30% en tu pedido","og_description":"Recibe tu Funda para sombrilla desplazada Klavyo hoy y benef\u00edciate de la entrega - gratuita Env\u00edo en 24\/48h","og_url":"https:\/\/365-housse.com\/es\/productos\/toile-de-parasol-deporte\/","og_site_name":"Housse de Canap\u00e9","article_modified_time":"2024-09-17T14:57:15+00:00","og_image":[{"width":1016,"height":1026,"url":"https:\/\/365-housse.com\/wp-content\/uploads\/2023\/06\/toile-de-parasol-deporte.jpg","type":"image\/jpeg"}],"twitter_card":"summary_large_image","schema":{"@context":"https:\/\/schema.org","@graph":[{"@type":"WebPage","@id":"https:\/\/365-housse.com\/es\/productos\/toile-de-parasol-deporte\/","url":"https:\/\/365-housse.com\/es\/productos\/toile-de-parasol-deporte\/","name":"Funda para sombrilla desplazada Klavyo en entrega - gratis Ahorra un 30% en tu pedido","isPartOf":{"@id":"https:\/\/365-housse.com\/es\/#website"},"primaryImageOfPage":{"@id":"https:\/\/365-housse.com\/es\/productos\/toile-de-parasol-deporte\/#primaryimage"},"image":{"@id":"https:\/\/365-housse.com\/es\/productos\/toile-de-parasol-deporte\/#primaryimage"},"thumbnailUrl":"https:\/\/365-housse.com\/wp-content\/uploads\/2023\/06\/toile-de-parasol-deporte.jpg","datePublished":"2023-06-12T08:36:10+00:00","dateModified":"2024-09-17T14:57:15+00:00","description":"Recibe tu Funda para sombrilla desplazada Klavyo hoy y benef\u00edciate de la entrega - gratuita Env\u00edo en 24\/48h","breadcrumb":{"@id":"https:\/\/365-housse.com\/es\/productos\/toile-de-parasol-deporte\/#breadcrumb"},"inLanguage":"es","potentialAction":[{"@type":"ReadAction","target":["https:\/\/365-housse.com\/es\/productos\/toile-de-parasol-deporte\/"]}]},{"@type":"ImageObject","inLanguage":"es","@id":"https:\/\/365-housse.com\/es\/productos\/toile-de-parasol-deporte\/#primaryimage","url":"https:\/\/365-housse.com\/wp-content\/uploads\/2023\/06\/toile-de-parasol-deporte.jpg","contentUrl":"https:\/\/365-housse.com\/wp-content\/uploads\/2023\/06\/toile-de-parasol-deporte.jpg","width":1016,"height":1026},{"@type":"BreadcrumbList","@id":"https:\/\/365-housse.com\/es\/productos\/toile-de-parasol-deporte\/#breadcrumb","itemListElement":[{"@type":"ListItem","position":1,"name":"Accueil","item":"https:\/\/365-housse.com\/es\/"},{"@type":"ListItem","position":2,"name":"Tienda","item":"https:\/\/365-housse.com\/es\/tienda\/"},{"@type":"ListItem","position":3,"name":"Funda para sombrilla desplazada Klavyo"}]},{"@type":"WebSite","@id":"https:\/\/365-housse.com\/es\/#website","url":"https:\/\/365-housse.com\/es\/","name":"Housse de Canap\u00e9","description":"Le N\u00b01 de la Housse","publisher":{"@id":"https:\/\/365-housse.com\/es\/#organization"},"potentialAction":[{"@type":"SearchAction","target":{"@type":"EntryPoint","urlTemplate":"https:\/\/365-housse.com\/es\/?s={search_term_string}"},"query-input":{"@type":"PropertyValueSpecification","valueRequired":true,"valueName":"search_term_string"}}],"inLanguage":"es"},{"@type":"Organization","@id":"https:\/\/365-housse.com\/es\/#organization","name":"Housse de Canap\u00e9","url":"https:\/\/365-housse.com\/es\/","logo":{"@type":"ImageObject","inLanguage":"es","@id":"https:\/\/365-housse.com\/es\/#\/schema\/logo\/image\/","url":"https:\/\/365-housse.com\/wp-content\/uploads\/2023\/06\/LOGO-400-\u00d7-200-px-392-x-134-px-16.png","contentUrl":"https:\/\/365-housse.com\/wp-content\/uploads\/2023\/06\/LOGO-400-\u00d7-200-px-392-x-134-px-16.png","width":392,"height":134,"caption":"Housse de Canap\u00e9"},"image":{"@id":"https:\/\/365-housse.com\/es\/#\/schema\/logo\/image\/"}}]}},"_links":{"self":[{"href":"https:\/\/365-housse.com\/es\/wp-json\/wp\/v2\/product\/18504"}],"collection":[{"href":"https:\/\/365-housse.com\/es\/wp-json\/wp\/v2\/product"}],"about":[{"href":"https:\/\/365-housse.com\/es\/wp-json\/wp\/v2\/types\/product"}],"replies":[{"embeddable":true,"href":"https:\/\/365-housse.com\/es\/wp-json\/wp\/v2\/comments?post=18504"}],"wp:featuredmedia":[{"embeddable":true,"href":"https:\/\/365-housse.com\/es\/wp-json\/wp\/v2\/media\/16816"}],"wp:attachment":[{"href":"https:\/\/365-housse.com\/es\/wp-json\/wp\/v2\/media?parent=18504"}],"wp:term":[{"taxonomy":"product_cat","embeddable":true,"href":"https:\/\/365-housse.com\/es\/wp-json\/wp\/v2\/product_cat?post=18504"},{"taxonomy":"product_tag","embeddable":true,"href":"https:\/\/365-housse.com\/es\/wp-json\/wp\/v2\/product_tag?post=18504"}],"curies":[{"name":"wp","href":"https:\/\/api.w.org\/{rel}","templated":true}]}}