{"id":18524,"date":"2023-06-12T08:36:03","date_gmt":"2023-06-12T08:36:03","guid":{"rendered":"https:\/\/365-housse.com\/products\/housse-de-protection-ordinateur-13-pouces\/"},"modified":"2024-09-17T14:57:21","modified_gmt":"2024-09-17T14:57:21","slug":"housse-de-protection-ordinateur-13-pouces","status":"publish","type":"product","link":"https:\/\/365-housse.com\/es\/productos\/housse-de-protection-ordinateur-13-pouces\/","title":{"rendered":"Caja gris para computadora de 13 pulgadas"},"content":{"rendered":"<h2>A\u00f1ade un toque decorativo a tu ordenador con una <strong>funda protectora gris de 13 pulgadas<\/strong>. Dise\u00f1ado con un estilo elegante, es el toque discreto y sobrio que combina con cualquier estilo y te seducir\u00e1!<\/h2>\n<h3>Las ventajas de esta <strong>caja gris para ordenador de 13 pulgadas<\/strong>:<\/h3>\n<ul>\n<li><span class=\"a-list-item\">Apertura superior para <strong>acceso r\u00e1pido<\/strong><\/span><\/li>\n<li><span class=\"a-list-item\">Evita la suciedad y las manchas y proporciona una <strong>protecci\u00f3n \u00f3ptima<\/strong><\/span><\/li>\n<li><span class=\"a-list-item\">A\u00f1ade <strong>clase y elegancia<\/strong> a tu look<\/span><\/li>\n<li><span class=\"a-list-item\">Ayuda a <strong>extender la vida \u00fatil<\/strong> de su computadora<\/span><\/li>\n<\/ul>\n<p>Caracter\u00edsticas:<\/p>\n<ul>\n<li><span>Material: Piel y tejido de poli\u00e9ster 600 D impermeable<\/span><\/li>\n<li><span>Interior de felpa suave y acolchado de espuma<\/span><\/li>\n<li><span>Resistente a ara\u00f1azos, golpes y salpicaduras de agua<\/span><\/li>\n<li><span>Asa de manga en la espalda<\/span><\/li>\n<li><span>Ligero y f\u00e1cil de transportar (en el asa de mano o en la maleta)<\/span><\/li>\n<li><span>Cremallera suave de buena calidad<\/span><\/li>\n<li><span>Dos bolsillos exteriores para otros art\u00edculos<\/span><\/li>\n<li><span>Tama\u00f1o: 13 pulgadas (apto para todas las marcas de computadoras)<\/span><\/li>\n<\/ul>\n","protected":false},"excerpt":{"rendered":"<p>A\u00f1ade un toque decorativo a tu ordenador con una funda protectora gris de 13 pulgadas. Dise\u00f1ado con un estilo elegante, es el toque discreto y sobrio que combina con cualquier estilo y te seducir\u00e1! Las ventajas de esta caja gris para ordenador de 13 pulgadas: Apertura superior para acceso r\u00e1pido Evita la suciedad y las [&hellip;]<\/p>\n","protected":false},"featured_media":16802,"comment_status":"open","ping_status":"closed","template":"","meta":[],"product_cat":[158,165],"product_tag":[198],"class_list":{"0":"post-18524","1":"product","2":"type-product","3":"status-publish","4":"has-post-thumbnail","6":"product_cat-cubierta-exterior","7":"product_cat-funda-para-ordenador-13-pulgadas","8":"product_tag-ordinateur-es","10":"first","11":"instock","12":"shipping-taxable","13":"purchasable","14":"product-type-simple"},"yoast_head":"<title>Caja gris para computadora de 13 pulgadas en entrega - gratis Ahorra un 30% en tu pedido<\/title>\n<meta name=\"description\" content=\"Recibe tu Caja gris para computadora de 13 pulgadas hoy y benef\u00edciate de la entrega - gratuita Env\u00edo en 24\/48h\" \/>\n<meta name=\"robots\" content=\"index, follow, max-snippet:-1, max-image-preview:large, max-video-preview:-1\" \/>\n<link rel=\"canonical\" href=\"https:\/\/365-housse.com\/es\/productos\/housse-de-protection-ordinateur-13-pouces\/\" \/>\n<meta property=\"og:locale\" content=\"es_ES\" \/>\n<meta property=\"og:type\" content=\"article\" \/>\n<meta property=\"og:title\" content=\"Caja gris para computadora de 13 pulgadas en entrega - gratis Ahorra un 30% en tu pedido\" \/>\n<meta property=\"og:description\" content=\"Recibe tu Caja gris para computadora de 13 pulgadas hoy y benef\u00edciate de la entrega - gratuita Env\u00edo en 24\/48h\" \/>\n<meta property=\"og:url\" content=\"https:\/\/365-housse.com\/es\/productos\/housse-de-protection-ordinateur-13-pouces\/\" \/>\n<meta property=\"og:site_name\" content=\"Housse de Canap\u00e9\" \/>\n<meta property=\"article:modified_time\" content=\"2024-09-17T14:57:21+00:00\" \/>\n<meta property=\"og:image\" content=\"https:\/\/365-housse.com\/wp-content\/uploads\/2023\/06\/housse-de-protection-ordinateur-13-pouces.png\" \/>\n\t<meta property=\"og:image:width\" content=\"478\" \/>\n\t<meta property=\"og:image:height\" content=\"396\" \/>\n\t<meta property=\"og:image:type\" content=\"image\/png\" \/>\n<meta name=\"twitter:card\" content=\"summary_large_image\" \/>\n<meta name=\"twitter:label1\" content=\"Tiempo de lectura\" \/>\n\t<meta name=\"twitter:data1\" content=\"1 minuto\" \/>\n<script type=\"application\/ld+json\" class=\"yoast-schema-graph\">{\"@context\":\"https:\/\/schema.org\",\"@graph\":[{\"@type\":\"WebPage\",\"@id\":\"https:\/\/365-housse.com\/es\/productos\/housse-de-protection-ordinateur-13-pouces\/\",\"url\":\"https:\/\/365-housse.com\/es\/productos\/housse-de-protection-ordinateur-13-pouces\/\",\"name\":\"Caja gris para computadora de 13 pulgadas en entrega - gratis Ahorra un 30% en tu pedido\",\"isPartOf\":{\"@id\":\"https:\/\/365-housse.com\/es\/#website\"},\"primaryImageOfPage\":{\"@id\":\"https:\/\/365-housse.com\/es\/productos\/housse-de-protection-ordinateur-13-pouces\/#primaryimage\"},\"image\":{\"@id\":\"https:\/\/365-housse.com\/es\/productos\/housse-de-protection-ordinateur-13-pouces\/#primaryimage\"},\"thumbnailUrl\":\"https:\/\/365-housse.com\/wp-content\/uploads\/2023\/06\/housse-de-protection-ordinateur-13-pouces.png\",\"datePublished\":\"2023-06-12T08:36:03+00:00\",\"dateModified\":\"2024-09-17T14:57:21+00:00\",\"description\":\"Recibe tu Caja gris para computadora de 13 pulgadas hoy y benef\u00edciate de la entrega - gratuita Env\u00edo en 24\/48h\",\"breadcrumb\":{\"@id\":\"https:\/\/365-housse.com\/es\/productos\/housse-de-protection-ordinateur-13-pouces\/#breadcrumb\"},\"inLanguage\":\"es\",\"potentialAction\":[{\"@type\":\"ReadAction\",\"target\":[\"https:\/\/365-housse.com\/es\/productos\/housse-de-protection-ordinateur-13-pouces\/\"]}]},{\"@type\":\"ImageObject\",\"inLanguage\":\"es\",\"@id\":\"https:\/\/365-housse.com\/es\/productos\/housse-de-protection-ordinateur-13-pouces\/#primaryimage\",\"url\":\"https:\/\/365-housse.com\/wp-content\/uploads\/2023\/06\/housse-de-protection-ordinateur-13-pouces.png\",\"contentUrl\":\"https:\/\/365-housse.com\/wp-content\/uploads\/2023\/06\/housse-de-protection-ordinateur-13-pouces.png\",\"width\":478,\"height\":396},{\"@type\":\"BreadcrumbList\",\"@id\":\"https:\/\/365-housse.com\/es\/productos\/housse-de-protection-ordinateur-13-pouces\/#breadcrumb\",\"itemListElement\":[{\"@type\":\"ListItem\",\"position\":1,\"name\":\"Accueil\",\"item\":\"https:\/\/365-housse.com\/es\/\"},{\"@type\":\"ListItem\",\"position\":2,\"name\":\"Tienda\",\"item\":\"https:\/\/365-housse.com\/es\/tienda\/\"},{\"@type\":\"ListItem\",\"position\":3,\"name\":\"Caja gris para computadora de 13 pulgadas\"}]},{\"@type\":\"WebSite\",\"@id\":\"https:\/\/365-housse.com\/es\/#website\",\"url\":\"https:\/\/365-housse.com\/es\/\",\"name\":\"Housse de Canap\u00e9\",\"description\":\"Le N\u00b01 de la Housse\",\"publisher\":{\"@id\":\"https:\/\/365-housse.com\/es\/#organization\"},\"potentialAction\":[{\"@type\":\"SearchAction\",\"target\":{\"@type\":\"EntryPoint\",\"urlTemplate\":\"https:\/\/365-housse.com\/es\/?s={search_term_string}\"},\"query-input\":{\"@type\":\"PropertyValueSpecification\",\"valueRequired\":true,\"valueName\":\"search_term_string\"}}],\"inLanguage\":\"es\"},{\"@type\":\"Organization\",\"@id\":\"https:\/\/365-housse.com\/es\/#organization\",\"name\":\"Housse de Canap\u00e9\",\"url\":\"https:\/\/365-housse.com\/es\/\",\"logo\":{\"@type\":\"ImageObject\",\"inLanguage\":\"es\",\"@id\":\"https:\/\/365-housse.com\/es\/#\/schema\/logo\/image\/\",\"url\":\"https:\/\/365-housse.com\/wp-content\/uploads\/2023\/06\/LOGO-400-\u00d7-200-px-392-x-134-px-16.png\",\"contentUrl\":\"https:\/\/365-housse.com\/wp-content\/uploads\/2023\/06\/LOGO-400-\u00d7-200-px-392-x-134-px-16.png\",\"width\":392,\"height\":134,\"caption\":\"Housse de Canap\u00e9\"},\"image\":{\"@id\":\"https:\/\/365-housse.com\/es\/#\/schema\/logo\/image\/\"}}]}<\/script>","yoast_head_json":{"title":"Caja gris para computadora de 13 pulgadas en entrega - gratis Ahorra un 30% en tu pedido","description":"Recibe tu Caja gris para computadora de 13 pulgadas hoy y benef\u00edciate de la entrega - gratuita Env\u00edo en 24\/48h","robots":{"index":"index","follow":"follow","max-snippet":"max-snippet:-1","max-image-preview":"max-image-preview:large","max-video-preview":"max-video-preview:-1"},"canonical":"https:\/\/365-housse.com\/es\/productos\/housse-de-protection-ordinateur-13-pouces\/","og_locale":"es_ES","og_type":"article","og_title":"Caja gris para computadora de 13 pulgadas en entrega - gratis Ahorra un 30% en tu pedido","og_description":"Recibe tu Caja gris para computadora de 13 pulgadas hoy y benef\u00edciate de la entrega - gratuita Env\u00edo en 24\/48h","og_url":"https:\/\/365-housse.com\/es\/productos\/housse-de-protection-ordinateur-13-pouces\/","og_site_name":"Housse de Canap\u00e9","article_modified_time":"2024-09-17T14:57:21+00:00","og_image":[{"width":478,"height":396,"url":"https:\/\/365-housse.com\/wp-content\/uploads\/2023\/06\/housse-de-protection-ordinateur-13-pouces.png","type":"image\/png"}],"twitter_card":"summary_large_image","twitter_misc":{"Tiempo de lectura":"1 minuto"},"schema":{"@context":"https:\/\/schema.org","@graph":[{"@type":"WebPage","@id":"https:\/\/365-housse.com\/es\/productos\/housse-de-protection-ordinateur-13-pouces\/","url":"https:\/\/365-housse.com\/es\/productos\/housse-de-protection-ordinateur-13-pouces\/","name":"Caja gris para computadora de 13 pulgadas en entrega - gratis Ahorra un 30% en tu pedido","isPartOf":{"@id":"https:\/\/365-housse.com\/es\/#website"},"primaryImageOfPage":{"@id":"https:\/\/365-housse.com\/es\/productos\/housse-de-protection-ordinateur-13-pouces\/#primaryimage"},"image":{"@id":"https:\/\/365-housse.com\/es\/productos\/housse-de-protection-ordinateur-13-pouces\/#primaryimage"},"thumbnailUrl":"https:\/\/365-housse.com\/wp-content\/uploads\/2023\/06\/housse-de-protection-ordinateur-13-pouces.png","datePublished":"2023-06-12T08:36:03+00:00","dateModified":"2024-09-17T14:57:21+00:00","description":"Recibe tu Caja gris para computadora de 13 pulgadas hoy y benef\u00edciate de la entrega - gratuita Env\u00edo en 24\/48h","breadcrumb":{"@id":"https:\/\/365-housse.com\/es\/productos\/housse-de-protection-ordinateur-13-pouces\/#breadcrumb"},"inLanguage":"es","potentialAction":[{"@type":"ReadAction","target":["https:\/\/365-housse.com\/es\/productos\/housse-de-protection-ordinateur-13-pouces\/"]}]},{"@type":"ImageObject","inLanguage":"es","@id":"https:\/\/365-housse.com\/es\/productos\/housse-de-protection-ordinateur-13-pouces\/#primaryimage","url":"https:\/\/365-housse.com\/wp-content\/uploads\/2023\/06\/housse-de-protection-ordinateur-13-pouces.png","contentUrl":"https:\/\/365-housse.com\/wp-content\/uploads\/2023\/06\/housse-de-protection-ordinateur-13-pouces.png","width":478,"height":396},{"@type":"BreadcrumbList","@id":"https:\/\/365-housse.com\/es\/productos\/housse-de-protection-ordinateur-13-pouces\/#breadcrumb","itemListElement":[{"@type":"ListItem","position":1,"name":"Accueil","item":"https:\/\/365-housse.com\/es\/"},{"@type":"ListItem","position":2,"name":"Tienda","item":"https:\/\/365-housse.com\/es\/tienda\/"},{"@type":"ListItem","position":3,"name":"Caja gris para computadora de 13 pulgadas"}]},{"@type":"WebSite","@id":"https:\/\/365-housse.com\/es\/#website","url":"https:\/\/365-housse.com\/es\/","name":"Housse de Canap\u00e9","description":"Le N\u00b01 de la Housse","publisher":{"@id":"https:\/\/365-housse.com\/es\/#organization"},"potentialAction":[{"@type":"SearchAction","target":{"@type":"EntryPoint","urlTemplate":"https:\/\/365-housse.com\/es\/?s={search_term_string}"},"query-input":{"@type":"PropertyValueSpecification","valueRequired":true,"valueName":"search_term_string"}}],"inLanguage":"es"},{"@type":"Organization","@id":"https:\/\/365-housse.com\/es\/#organization","name":"Housse de Canap\u00e9","url":"https:\/\/365-housse.com\/es\/","logo":{"@type":"ImageObject","inLanguage":"es","@id":"https:\/\/365-housse.com\/es\/#\/schema\/logo\/image\/","url":"https:\/\/365-housse.com\/wp-content\/uploads\/2023\/06\/LOGO-400-\u00d7-200-px-392-x-134-px-16.png","contentUrl":"https:\/\/365-housse.com\/wp-content\/uploads\/2023\/06\/LOGO-400-\u00d7-200-px-392-x-134-px-16.png","width":392,"height":134,"caption":"Housse de Canap\u00e9"},"image":{"@id":"https:\/\/365-housse.com\/es\/#\/schema\/logo\/image\/"}}]}},"_links":{"self":[{"href":"https:\/\/365-housse.com\/es\/wp-json\/wp\/v2\/product\/18524"}],"collection":[{"href":"https:\/\/365-housse.com\/es\/wp-json\/wp\/v2\/product"}],"about":[{"href":"https:\/\/365-housse.com\/es\/wp-json\/wp\/v2\/types\/product"}],"replies":[{"embeddable":true,"href":"https:\/\/365-housse.com\/es\/wp-json\/wp\/v2\/comments?post=18524"}],"wp:featuredmedia":[{"embeddable":true,"href":"https:\/\/365-housse.com\/es\/wp-json\/wp\/v2\/media\/16802"}],"wp:attachment":[{"href":"https:\/\/365-housse.com\/es\/wp-json\/wp\/v2\/media?parent=18524"}],"wp:term":[{"taxonomy":"product_cat","embeddable":true,"href":"https:\/\/365-housse.com\/es\/wp-json\/wp\/v2\/product_cat?post=18524"},{"taxonomy":"product_tag","embeddable":true,"href":"https:\/\/365-housse.com\/es\/wp-json\/wp\/v2\/product_tag?post=18524"}],"curies":[{"name":"wp","href":"https:\/\/api.w.org\/{rel}","templated":true}]}}