{"id":18525,"date":"2023-06-12T08:36:03","date_gmt":"2023-06-12T08:36:03","guid":{"rendered":"https:\/\/365-housse.com\/products\/sac-a-dos-ordinateur-13-pouces-femme\/"},"modified":"2024-09-17T14:57:21","modified_gmt":"2024-09-17T14:57:21","slug":"sac-a-dos-ordinateur-13-pouces-femme","status":"publish","type":"product","link":"https:\/\/365-housse.com\/es\/productos\/sac-a-dos-ordinateur-13-pouces-femme\/","title":{"rendered":"Caja de computadora de 13 pulgadas de moda"},"content":{"rendered":"<h2>\u00a1Se\u00f1oras, combinen elegancia y seguridad! \u00a1Consigue esta <strong>mochila para ordenador de 13 pulgadas para mujer<\/strong> para proteger tu PC! Dise\u00f1o sobrio y muy de moda  <\/h2>\n<h3>Las ventajas de esta mochila para PC:<\/h3>\n<ul>\n<li><span class=\"a-list-item\">Apertura superior para <strong>acceso r\u00e1pido<\/strong><\/span><\/li>\n<li><span class=\"a-list-item\">Transp\u00f3rtelo siempre <strong>de forma segura<\/strong> y prot\u00e9jalo de la suciedad y las manchas<\/span><\/li>\n<li><span class=\"a-list-item\">A\u00f1ade <strong>elegancia<\/strong> y <strong>clase<\/strong> a tu look cuando lo tomes<\/span><\/li>\n<li><span class=\"a-list-item\">Ayuda a <strong>extender la vida \u00fatil<\/strong> de su computadora<\/span><\/li>\n<\/ul>\n<p>Caracter\u00edsticas:<\/p>\n<ul>\n<li><span>Material: tela Oxford de alta calidad y forro de poli\u00e9ster<\/span><\/li>\n<li><span>Impermeable, antirayaduras y resistente al uso<\/span><\/li>\n<li><span>Doble cremallera<\/span><\/li>\n<li><span>Gran capacidad (compartimento separado para computadora)<\/span><\/li>\n<li><span>Bolsillos exteriores para otros art\u00edculos<\/span><\/li>\n<li><span>Ligero y f\u00e1cil de transportar<\/span><\/li>\n<li><span>Multifuncional<\/span><\/li>\n<li><span>Tama\u00f1o: 13,3 pulgadas (se adapta a todas las marcas de computadoras)<\/span><\/li>\n<\/ul>\n","protected":false},"excerpt":{"rendered":"<p>\u00a1Se\u00f1oras, combinen elegancia y seguridad! \u00a1Consigue esta mochila para ordenador de 13 pulgadas para mujer para proteger tu PC! Dise\u00f1o sobrio y muy de moda Las ventajas de esta mochila para PC: Apertura superior para acceso r\u00e1pido Transp\u00f3rtelo siempre de forma segura y prot\u00e9jalo de la suciedad y las manchas A\u00f1ade elegancia y clase a [&hellip;]<\/p>\n","protected":false},"featured_media":16803,"comment_status":"open","ping_status":"closed","template":"","meta":[],"product_cat":[158,165],"product_tag":[198],"class_list":{"0":"post-18525","1":"product","2":"type-product","3":"status-publish","4":"has-post-thumbnail","6":"product_cat-cubierta-exterior","7":"product_cat-funda-para-ordenador-13-pulgadas","8":"product_tag-ordinateur-es","10":"first","11":"instock","12":"shipping-taxable","13":"purchasable","14":"product-type-simple"},"yoast_head":"<title>Caja de computadora de 13 pulgadas de moda en entrega - gratis Ahorra un 30% en tu pedido<\/title>\n<meta name=\"description\" content=\"Recibe tu Caja de computadora de 13 pulgadas de moda hoy y benef\u00edciate de la entrega - gratuita Env\u00edo en 24\/48h\" \/>\n<meta name=\"robots\" content=\"index, follow, max-snippet:-1, max-image-preview:large, max-video-preview:-1\" \/>\n<link rel=\"canonical\" href=\"https:\/\/365-housse.com\/es\/productos\/sac-a-dos-ordinateur-13-pouces-femme\/\" \/>\n<meta property=\"og:locale\" content=\"es_ES\" \/>\n<meta property=\"og:type\" content=\"article\" \/>\n<meta property=\"og:title\" content=\"Caja de computadora de 13 pulgadas de moda en entrega - gratis Ahorra un 30% en tu pedido\" \/>\n<meta property=\"og:description\" content=\"Recibe tu Caja de computadora de 13 pulgadas de moda hoy y benef\u00edciate de la entrega - gratuita Env\u00edo en 24\/48h\" \/>\n<meta property=\"og:url\" content=\"https:\/\/365-housse.com\/es\/productos\/sac-a-dos-ordinateur-13-pouces-femme\/\" \/>\n<meta property=\"og:site_name\" content=\"Housse de Canap\u00e9\" \/>\n<meta property=\"article:modified_time\" content=\"2024-09-17T14:57:21+00:00\" \/>\n<meta property=\"og:image\" content=\"https:\/\/365-housse.com\/wp-content\/uploads\/2023\/06\/sac-a-dos-ordinateur-13-pouces-femme.png\" \/>\n\t<meta property=\"og:image:width\" content=\"356\" \/>\n\t<meta property=\"og:image:height\" content=\"431\" \/>\n\t<meta property=\"og:image:type\" content=\"image\/png\" \/>\n<meta name=\"twitter:card\" content=\"summary_large_image\" \/>\n<meta name=\"twitter:label1\" content=\"Tiempo de lectura\" \/>\n\t<meta name=\"twitter:data1\" content=\"1 minuto\" \/>\n<script type=\"application\/ld+json\" class=\"yoast-schema-graph\">{\"@context\":\"https:\/\/schema.org\",\"@graph\":[{\"@type\":\"WebPage\",\"@id\":\"https:\/\/365-housse.com\/es\/productos\/sac-a-dos-ordinateur-13-pouces-femme\/\",\"url\":\"https:\/\/365-housse.com\/es\/productos\/sac-a-dos-ordinateur-13-pouces-femme\/\",\"name\":\"Caja de computadora de 13 pulgadas de moda en entrega - gratis Ahorra un 30% en tu pedido\",\"isPartOf\":{\"@id\":\"https:\/\/365-housse.com\/es\/#website\"},\"primaryImageOfPage\":{\"@id\":\"https:\/\/365-housse.com\/es\/productos\/sac-a-dos-ordinateur-13-pouces-femme\/#primaryimage\"},\"image\":{\"@id\":\"https:\/\/365-housse.com\/es\/productos\/sac-a-dos-ordinateur-13-pouces-femme\/#primaryimage\"},\"thumbnailUrl\":\"https:\/\/365-housse.com\/wp-content\/uploads\/2023\/06\/sac-a-dos-ordinateur-13-pouces-femme.png\",\"datePublished\":\"2023-06-12T08:36:03+00:00\",\"dateModified\":\"2024-09-17T14:57:21+00:00\",\"description\":\"Recibe tu Caja de computadora de 13 pulgadas de moda hoy y benef\u00edciate de la entrega - gratuita Env\u00edo en 24\/48h\",\"breadcrumb\":{\"@id\":\"https:\/\/365-housse.com\/es\/productos\/sac-a-dos-ordinateur-13-pouces-femme\/#breadcrumb\"},\"inLanguage\":\"es\",\"potentialAction\":[{\"@type\":\"ReadAction\",\"target\":[\"https:\/\/365-housse.com\/es\/productos\/sac-a-dos-ordinateur-13-pouces-femme\/\"]}]},{\"@type\":\"ImageObject\",\"inLanguage\":\"es\",\"@id\":\"https:\/\/365-housse.com\/es\/productos\/sac-a-dos-ordinateur-13-pouces-femme\/#primaryimage\",\"url\":\"https:\/\/365-housse.com\/wp-content\/uploads\/2023\/06\/sac-a-dos-ordinateur-13-pouces-femme.png\",\"contentUrl\":\"https:\/\/365-housse.com\/wp-content\/uploads\/2023\/06\/sac-a-dos-ordinateur-13-pouces-femme.png\",\"width\":356,\"height\":431},{\"@type\":\"BreadcrumbList\",\"@id\":\"https:\/\/365-housse.com\/es\/productos\/sac-a-dos-ordinateur-13-pouces-femme\/#breadcrumb\",\"itemListElement\":[{\"@type\":\"ListItem\",\"position\":1,\"name\":\"Accueil\",\"item\":\"https:\/\/365-housse.com\/es\/\"},{\"@type\":\"ListItem\",\"position\":2,\"name\":\"Tienda\",\"item\":\"https:\/\/365-housse.com\/es\/tienda\/\"},{\"@type\":\"ListItem\",\"position\":3,\"name\":\"Caja de computadora de 13 pulgadas de moda\"}]},{\"@type\":\"WebSite\",\"@id\":\"https:\/\/365-housse.com\/es\/#website\",\"url\":\"https:\/\/365-housse.com\/es\/\",\"name\":\"Housse de Canap\u00e9\",\"description\":\"Le N\u00b01 de la Housse\",\"publisher\":{\"@id\":\"https:\/\/365-housse.com\/es\/#organization\"},\"potentialAction\":[{\"@type\":\"SearchAction\",\"target\":{\"@type\":\"EntryPoint\",\"urlTemplate\":\"https:\/\/365-housse.com\/es\/?s={search_term_string}\"},\"query-input\":{\"@type\":\"PropertyValueSpecification\",\"valueRequired\":true,\"valueName\":\"search_term_string\"}}],\"inLanguage\":\"es\"},{\"@type\":\"Organization\",\"@id\":\"https:\/\/365-housse.com\/es\/#organization\",\"name\":\"Housse de Canap\u00e9\",\"url\":\"https:\/\/365-housse.com\/es\/\",\"logo\":{\"@type\":\"ImageObject\",\"inLanguage\":\"es\",\"@id\":\"https:\/\/365-housse.com\/es\/#\/schema\/logo\/image\/\",\"url\":\"https:\/\/365-housse.com\/wp-content\/uploads\/2023\/06\/LOGO-400-\u00d7-200-px-392-x-134-px-16.png\",\"contentUrl\":\"https:\/\/365-housse.com\/wp-content\/uploads\/2023\/06\/LOGO-400-\u00d7-200-px-392-x-134-px-16.png\",\"width\":392,\"height\":134,\"caption\":\"Housse de Canap\u00e9\"},\"image\":{\"@id\":\"https:\/\/365-housse.com\/es\/#\/schema\/logo\/image\/\"}}]}<\/script>","yoast_head_json":{"title":"Caja de computadora de 13 pulgadas de moda en entrega - gratis Ahorra un 30% en tu pedido","description":"Recibe tu Caja de computadora de 13 pulgadas de moda hoy y benef\u00edciate de la entrega - gratuita Env\u00edo en 24\/48h","robots":{"index":"index","follow":"follow","max-snippet":"max-snippet:-1","max-image-preview":"max-image-preview:large","max-video-preview":"max-video-preview:-1"},"canonical":"https:\/\/365-housse.com\/es\/productos\/sac-a-dos-ordinateur-13-pouces-femme\/","og_locale":"es_ES","og_type":"article","og_title":"Caja de computadora de 13 pulgadas de moda en entrega - gratis Ahorra un 30% en tu pedido","og_description":"Recibe tu Caja de computadora de 13 pulgadas de moda hoy y benef\u00edciate de la entrega - gratuita Env\u00edo en 24\/48h","og_url":"https:\/\/365-housse.com\/es\/productos\/sac-a-dos-ordinateur-13-pouces-femme\/","og_site_name":"Housse de Canap\u00e9","article_modified_time":"2024-09-17T14:57:21+00:00","og_image":[{"width":356,"height":431,"url":"https:\/\/365-housse.com\/wp-content\/uploads\/2023\/06\/sac-a-dos-ordinateur-13-pouces-femme.png","type":"image\/png"}],"twitter_card":"summary_large_image","twitter_misc":{"Tiempo de lectura":"1 minuto"},"schema":{"@context":"https:\/\/schema.org","@graph":[{"@type":"WebPage","@id":"https:\/\/365-housse.com\/es\/productos\/sac-a-dos-ordinateur-13-pouces-femme\/","url":"https:\/\/365-housse.com\/es\/productos\/sac-a-dos-ordinateur-13-pouces-femme\/","name":"Caja de computadora de 13 pulgadas de moda en entrega - gratis Ahorra un 30% en tu pedido","isPartOf":{"@id":"https:\/\/365-housse.com\/es\/#website"},"primaryImageOfPage":{"@id":"https:\/\/365-housse.com\/es\/productos\/sac-a-dos-ordinateur-13-pouces-femme\/#primaryimage"},"image":{"@id":"https:\/\/365-housse.com\/es\/productos\/sac-a-dos-ordinateur-13-pouces-femme\/#primaryimage"},"thumbnailUrl":"https:\/\/365-housse.com\/wp-content\/uploads\/2023\/06\/sac-a-dos-ordinateur-13-pouces-femme.png","datePublished":"2023-06-12T08:36:03+00:00","dateModified":"2024-09-17T14:57:21+00:00","description":"Recibe tu Caja de computadora de 13 pulgadas de moda hoy y benef\u00edciate de la entrega - gratuita Env\u00edo en 24\/48h","breadcrumb":{"@id":"https:\/\/365-housse.com\/es\/productos\/sac-a-dos-ordinateur-13-pouces-femme\/#breadcrumb"},"inLanguage":"es","potentialAction":[{"@type":"ReadAction","target":["https:\/\/365-housse.com\/es\/productos\/sac-a-dos-ordinateur-13-pouces-femme\/"]}]},{"@type":"ImageObject","inLanguage":"es","@id":"https:\/\/365-housse.com\/es\/productos\/sac-a-dos-ordinateur-13-pouces-femme\/#primaryimage","url":"https:\/\/365-housse.com\/wp-content\/uploads\/2023\/06\/sac-a-dos-ordinateur-13-pouces-femme.png","contentUrl":"https:\/\/365-housse.com\/wp-content\/uploads\/2023\/06\/sac-a-dos-ordinateur-13-pouces-femme.png","width":356,"height":431},{"@type":"BreadcrumbList","@id":"https:\/\/365-housse.com\/es\/productos\/sac-a-dos-ordinateur-13-pouces-femme\/#breadcrumb","itemListElement":[{"@type":"ListItem","position":1,"name":"Accueil","item":"https:\/\/365-housse.com\/es\/"},{"@type":"ListItem","position":2,"name":"Tienda","item":"https:\/\/365-housse.com\/es\/tienda\/"},{"@type":"ListItem","position":3,"name":"Caja de computadora de 13 pulgadas de moda"}]},{"@type":"WebSite","@id":"https:\/\/365-housse.com\/es\/#website","url":"https:\/\/365-housse.com\/es\/","name":"Housse de Canap\u00e9","description":"Le N\u00b01 de la Housse","publisher":{"@id":"https:\/\/365-housse.com\/es\/#organization"},"potentialAction":[{"@type":"SearchAction","target":{"@type":"EntryPoint","urlTemplate":"https:\/\/365-housse.com\/es\/?s={search_term_string}"},"query-input":{"@type":"PropertyValueSpecification","valueRequired":true,"valueName":"search_term_string"}}],"inLanguage":"es"},{"@type":"Organization","@id":"https:\/\/365-housse.com\/es\/#organization","name":"Housse de Canap\u00e9","url":"https:\/\/365-housse.com\/es\/","logo":{"@type":"ImageObject","inLanguage":"es","@id":"https:\/\/365-housse.com\/es\/#\/schema\/logo\/image\/","url":"https:\/\/365-housse.com\/wp-content\/uploads\/2023\/06\/LOGO-400-\u00d7-200-px-392-x-134-px-16.png","contentUrl":"https:\/\/365-housse.com\/wp-content\/uploads\/2023\/06\/LOGO-400-\u00d7-200-px-392-x-134-px-16.png","width":392,"height":134,"caption":"Housse de Canap\u00e9"},"image":{"@id":"https:\/\/365-housse.com\/es\/#\/schema\/logo\/image\/"}}]}},"_links":{"self":[{"href":"https:\/\/365-housse.com\/es\/wp-json\/wp\/v2\/product\/18525"}],"collection":[{"href":"https:\/\/365-housse.com\/es\/wp-json\/wp\/v2\/product"}],"about":[{"href":"https:\/\/365-housse.com\/es\/wp-json\/wp\/v2\/types\/product"}],"replies":[{"embeddable":true,"href":"https:\/\/365-housse.com\/es\/wp-json\/wp\/v2\/comments?post=18525"}],"wp:featuredmedia":[{"embeddable":true,"href":"https:\/\/365-housse.com\/es\/wp-json\/wp\/v2\/media\/16803"}],"wp:attachment":[{"href":"https:\/\/365-housse.com\/es\/wp-json\/wp\/v2\/media?parent=18525"}],"wp:term":[{"taxonomy":"product_cat","embeddable":true,"href":"https:\/\/365-housse.com\/es\/wp-json\/wp\/v2\/product_cat?post=18525"},{"taxonomy":"product_tag","embeddable":true,"href":"https:\/\/365-housse.com\/es\/wp-json\/wp\/v2\/product_tag?post=18525"}],"curies":[{"name":"wp","href":"https:\/\/api.w.org\/{rel}","templated":true}]}}