{"id":18533,"date":"2023-06-12T08:35:57","date_gmt":"2023-06-12T08:35:57","guid":{"rendered":"https:\/\/365-housse.com\/products\/housse-velo-usa\/"},"modified":"2024-09-17T14:57:23","modified_gmt":"2024-09-17T14:57:23","slug":"housse-velo-usa","status":"publish","type":"product","link":"https:\/\/365-housse.com\/es\/productos\/housse-velo-usa\/","title":{"rendered":"Funda para bicicleta de EE. UU."},"content":{"rendered":"<h2>\u00a1Dale un aire americano a tu bicicleta con la funda para bicicletas USA! Ofreciendo una protecci\u00f3n \u00f3ptima, \u00a1le dar\u00e1 un estilo \u00fanico y personalizado!  <\/h2>\n<h3>Descubre las ventajas de la <strong>funda para bicicleta USA<\/strong>:<\/h3>\n<ul>\n<li>\n<p>M\u00e1xima protecci\u00f3n y <strong>conservaci\u00f3n<\/strong> de golpes y rayaduras.<\/p>\n<\/li>\n<li>\n<p>Da un <strong>estilo original<\/strong> a tu bicicleta.<\/p>\n<\/li>\n<li>\n<p>Fabricada con <strong>materiales de alta calidad<\/strong>, esta funda prolonga la vida \u00fatil de tu bicicleta.<\/p>\n<\/li>\n<li>\n<p>F\u00e1cil de poner y quitar.<\/p>\n<\/li>\n<\/ul>\n<p><span>Caracter\u00edsticas:<\/span><\/p>\n<ul>\n<li>\n<p><span>Material: poli\u00e9ster + spandex<\/span><\/p>\n<\/li>\n<li>\n<p>Evita que entre polvo, barro y m\u00e1s en una habitaci\u00f3n.<\/p>\n<\/li>\n<li>\n<p>Ergon\u00f3mico: se puede plegar para facilitar el almacenamiento.<\/p>\n<\/li>\n<li>\n<p>Adecuado para bicicleta de monta\u00f1a, bicicleta de carretera, bicicleta plegable,&#8230;<\/p>\n<\/li>\n<li><b>Tama\u00f1o: 158*62cm (ampliable)<\/b><\/li>\n<\/ul>\n<p><img decoding=\"async\" alt=\"size-housse-velo\" data-mce-selected=\"1\" data-mce-src=\"https:\/\/365-housse.com\/wp-content\/uploads\/2023\/06\/ taille-housse-velo_480x480.png?v=1628717530\" height=\"381\" src=\"https:\/\/365-housse.com\/wp-content\/uploads\/2023\/06\/taille-housse-velo_480x480.png?v= 1628717530\" \/><\/p>\n<p>NOTA: \u00a1Empieza poniendo la <strong>funda para bicicleta<\/strong> en la rueda delantera!<\/p>\n<p><img decoding=\"async\" alt=\"\" data-mce-selected=\"1\" data-mce-src=\"https:\/\/365-housse.com\/wp-content\/uploads\/2023\/06\/housse-velo-guide -utilization_480x480.png?v=1631219603\" height=\"397\" src=\"https:\/\/365-housse.com\/wp-content\/uploads\/2023\/06\/housse-velo-guide-usage_480x480.png?v=1631219603 \" \/><\/p>\n<h2>\u00a1Dale un aire americano a tu bicicleta con la funda para bicicletas USA! \u00a1Benef\u00edciate de una protecci\u00f3n \u00f3ptima mientras le das un aspecto \u00fanico y personal!  <\/h2>\n<h3>Las ventajas de la <strong>funda para bicicleta USA<\/strong> durante tus paseos en bicicleta:<\/h3>\n<ul>\n<li>\n<p>Garantiza una <strong>protecci\u00f3n impecable<\/strong> contra ara\u00f1azos y desgaste.<\/p>\n<\/li>\n<li>\n<p>Dale un <strong>toque \u00fanico<\/strong> a tu bicicleta.<\/p>\n<\/li>\n<li>\n<p><span>Tejidos <\/span><strong>de alta calidad que protegen tu bicicleta.<\/p>\n<\/li>\n<li>\n<p><strong>Alargando la vida \u00fatil<\/strong> de tu bicicleta.<\/p>\n<\/li>\n<li><b>Facilidad de uso y almacenamiento.<\/li>\n<\/ul>\n<p><span>Caracter\u00edsticas:<\/span><\/p>\n<ul>\n<li>\n<p><span>Material: poli\u00e9ster + spandex<\/span><\/p>\n<\/li>\n<li>\n<p>Evita que entre polvo, barro y m\u00e1s en una habitaci\u00f3n.<\/p>\n<\/li>\n<li>\n<p>Ergon\u00f3mico: se puede plegar para facilitar el almacenamiento.<\/p>\n<\/li>\n<li>\n<p>Adecuado para bicicleta de monta\u00f1a, bicicleta de carretera, bicicleta plegable,&#8230;<\/p>\n<\/li>\n<li><b>Tama\u00f1o: 158*62cm (ampliable)<\/b><\/li>\n<\/ul>\n<p><img decoding=\"async\" alt=\"size-housse-velo\" data-mce-selected=\"1\" data-mce-src=\"https:\/\/365-housse.com\/wp-content\/uploads\/2023\/06\/ taille-housse-velo_480x480.png?v=1628717530\" height=\"381\" src=\"https:\/\/365-housse.com\/wp-content\/uploads\/2023\/06\/taille-housse-velo_480x480.png?v= 1628717530\" \/><\/p>\n<p>NOTA: \u00a1Empieza poniendo la <strong>funda para bicicleta<\/strong> en la rueda delantera!<\/p>\n<p><img decoding=\"async\" alt=\"\" data-mce-selected=\"1\" data-mce-src=\"https:\/\/365-housse.com\/wp-content\/uploads\/2023\/06\/housse-velo-guide -utilization_480x480.png?v=1631219603\" height=\"397\" src=\"https:\/\/365-housse.com\/wp-content\/uploads\/2023\/06\/housse-velo-guide-usage_480x480.png?v=1631219603 \" \/><\/p>\n","protected":false},"excerpt":{"rendered":"<p>\u00a1Dale un aire americano a tu bicicleta con la funda para bicicletas USA! Ofreciendo una protecci\u00f3n \u00f3ptima, \u00a1le dar\u00e1 un estilo \u00fanico y personalizado! Descubre las ventajas de la funda para bicicleta USA: M\u00e1xima protecci\u00f3n y conservaci\u00f3n de golpes y rayaduras. Da un estilo original a tu bicicleta. Fabricada con materiales de alta calidad, esta [&hellip;]<\/p>\n","protected":false},"featured_media":16796,"comment_status":"open","ping_status":"closed","template":"","meta":[],"product_cat":[158,174],"product_tag":[203],"class_list":{"0":"post-18533","1":"product","2":"type-product","3":"status-publish","4":"has-post-thumbnail","6":"product_cat-cubierta-exterior","7":"product_cat-cubierta-para-bicicletas","8":"product_tag-velo-es","10":"first","11":"instock","12":"shipping-taxable","13":"purchasable","14":"product-type-simple"},"yoast_head":"<title>Funda para bicicleta de EE. UU. en entrega - gratis Ahorra un 30% en tu pedido<\/title>\n<meta name=\"description\" content=\"Recibe tu Funda para bicicleta de EE. UU. hoy y benef\u00edciate de la entrega - gratuita Env\u00edo en 24\/48h\" \/>\n<meta name=\"robots\" content=\"index, follow, max-snippet:-1, max-image-preview:large, max-video-preview:-1\" \/>\n<link rel=\"canonical\" href=\"https:\/\/365-housse.com\/es\/productos\/housse-velo-usa\/\" \/>\n<meta property=\"og:locale\" content=\"es_ES\" \/>\n<meta property=\"og:type\" content=\"article\" \/>\n<meta property=\"og:title\" content=\"Funda para bicicleta de EE. UU. en entrega - gratis Ahorra un 30% en tu pedido\" \/>\n<meta property=\"og:description\" content=\"Recibe tu Funda para bicicleta de EE. UU. hoy y benef\u00edciate de la entrega - gratuita Env\u00edo en 24\/48h\" \/>\n<meta property=\"og:url\" content=\"https:\/\/365-housse.com\/es\/productos\/housse-velo-usa\/\" \/>\n<meta property=\"og:site_name\" content=\"Housse de Canap\u00e9\" \/>\n<meta property=\"article:modified_time\" content=\"2024-09-17T14:57:23+00:00\" \/>\n<meta property=\"og:image\" content=\"https:\/\/365-housse.com\/wp-content\/uploads\/2023\/06\/housse-velo-usa.jpg\" \/>\n\t<meta property=\"og:image:width\" content=\"1014\" \/>\n\t<meta property=\"og:image:height\" content=\"1006\" \/>\n\t<meta property=\"og:image:type\" content=\"image\/jpeg\" \/>\n<meta name=\"twitter:card\" content=\"summary_large_image\" \/>\n<meta name=\"twitter:label1\" content=\"Tiempo de lectura\" \/>\n\t<meta name=\"twitter:data1\" content=\"1 minuto\" \/>\n<script type=\"application\/ld+json\" class=\"yoast-schema-graph\">{\"@context\":\"https:\/\/schema.org\",\"@graph\":[{\"@type\":\"WebPage\",\"@id\":\"https:\/\/365-housse.com\/es\/productos\/housse-velo-usa\/\",\"url\":\"https:\/\/365-housse.com\/es\/productos\/housse-velo-usa\/\",\"name\":\"Funda para bicicleta de EE. UU. en entrega - gratis Ahorra un 30% en tu pedido\",\"isPartOf\":{\"@id\":\"https:\/\/365-housse.com\/es\/#website\"},\"primaryImageOfPage\":{\"@id\":\"https:\/\/365-housse.com\/es\/productos\/housse-velo-usa\/#primaryimage\"},\"image\":{\"@id\":\"https:\/\/365-housse.com\/es\/productos\/housse-velo-usa\/#primaryimage\"},\"thumbnailUrl\":\"https:\/\/365-housse.com\/wp-content\/uploads\/2023\/06\/housse-velo-usa.jpg\",\"datePublished\":\"2023-06-12T08:35:57+00:00\",\"dateModified\":\"2024-09-17T14:57:23+00:00\",\"description\":\"Recibe tu Funda para bicicleta de EE. UU. hoy y benef\u00edciate de la entrega - gratuita Env\u00edo en 24\/48h\",\"breadcrumb\":{\"@id\":\"https:\/\/365-housse.com\/es\/productos\/housse-velo-usa\/#breadcrumb\"},\"inLanguage\":\"es\",\"potentialAction\":[{\"@type\":\"ReadAction\",\"target\":[\"https:\/\/365-housse.com\/es\/productos\/housse-velo-usa\/\"]}]},{\"@type\":\"ImageObject\",\"inLanguage\":\"es\",\"@id\":\"https:\/\/365-housse.com\/es\/productos\/housse-velo-usa\/#primaryimage\",\"url\":\"https:\/\/365-housse.com\/wp-content\/uploads\/2023\/06\/housse-velo-usa.jpg\",\"contentUrl\":\"https:\/\/365-housse.com\/wp-content\/uploads\/2023\/06\/housse-velo-usa.jpg\",\"width\":1014,\"height\":1006},{\"@type\":\"BreadcrumbList\",\"@id\":\"https:\/\/365-housse.com\/es\/productos\/housse-velo-usa\/#breadcrumb\",\"itemListElement\":[{\"@type\":\"ListItem\",\"position\":1,\"name\":\"Accueil\",\"item\":\"https:\/\/365-housse.com\/es\/\"},{\"@type\":\"ListItem\",\"position\":2,\"name\":\"Tienda\",\"item\":\"https:\/\/365-housse.com\/es\/tienda\/\"},{\"@type\":\"ListItem\",\"position\":3,\"name\":\"Funda para bicicleta de EE. UU.\"}]},{\"@type\":\"WebSite\",\"@id\":\"https:\/\/365-housse.com\/es\/#website\",\"url\":\"https:\/\/365-housse.com\/es\/\",\"name\":\"Housse de Canap\u00e9\",\"description\":\"Le N\u00b01 de la Housse\",\"publisher\":{\"@id\":\"https:\/\/365-housse.com\/es\/#organization\"},\"potentialAction\":[{\"@type\":\"SearchAction\",\"target\":{\"@type\":\"EntryPoint\",\"urlTemplate\":\"https:\/\/365-housse.com\/es\/?s={search_term_string}\"},\"query-input\":{\"@type\":\"PropertyValueSpecification\",\"valueRequired\":true,\"valueName\":\"search_term_string\"}}],\"inLanguage\":\"es\"},{\"@type\":\"Organization\",\"@id\":\"https:\/\/365-housse.com\/es\/#organization\",\"name\":\"Housse de Canap\u00e9\",\"url\":\"https:\/\/365-housse.com\/es\/\",\"logo\":{\"@type\":\"ImageObject\",\"inLanguage\":\"es\",\"@id\":\"https:\/\/365-housse.com\/es\/#\/schema\/logo\/image\/\",\"url\":\"https:\/\/365-housse.com\/wp-content\/uploads\/2023\/06\/LOGO-400-\u00d7-200-px-392-x-134-px-16.png\",\"contentUrl\":\"https:\/\/365-housse.com\/wp-content\/uploads\/2023\/06\/LOGO-400-\u00d7-200-px-392-x-134-px-16.png\",\"width\":392,\"height\":134,\"caption\":\"Housse de Canap\u00e9\"},\"image\":{\"@id\":\"https:\/\/365-housse.com\/es\/#\/schema\/logo\/image\/\"}}]}<\/script>","yoast_head_json":{"title":"Funda para bicicleta de EE. UU. en entrega - gratis Ahorra un 30% en tu pedido","description":"Recibe tu Funda para bicicleta de EE. UU. hoy y benef\u00edciate de la entrega - gratuita Env\u00edo en 24\/48h","robots":{"index":"index","follow":"follow","max-snippet":"max-snippet:-1","max-image-preview":"max-image-preview:large","max-video-preview":"max-video-preview:-1"},"canonical":"https:\/\/365-housse.com\/es\/productos\/housse-velo-usa\/","og_locale":"es_ES","og_type":"article","og_title":"Funda para bicicleta de EE. UU. en entrega - gratis Ahorra un 30% en tu pedido","og_description":"Recibe tu Funda para bicicleta de EE. UU. hoy y benef\u00edciate de la entrega - gratuita Env\u00edo en 24\/48h","og_url":"https:\/\/365-housse.com\/es\/productos\/housse-velo-usa\/","og_site_name":"Housse de Canap\u00e9","article_modified_time":"2024-09-17T14:57:23+00:00","og_image":[{"width":1014,"height":1006,"url":"https:\/\/365-housse.com\/wp-content\/uploads\/2023\/06\/housse-velo-usa.jpg","type":"image\/jpeg"}],"twitter_card":"summary_large_image","twitter_misc":{"Tiempo de lectura":"1 minuto"},"schema":{"@context":"https:\/\/schema.org","@graph":[{"@type":"WebPage","@id":"https:\/\/365-housse.com\/es\/productos\/housse-velo-usa\/","url":"https:\/\/365-housse.com\/es\/productos\/housse-velo-usa\/","name":"Funda para bicicleta de EE. UU. en entrega - gratis Ahorra un 30% en tu pedido","isPartOf":{"@id":"https:\/\/365-housse.com\/es\/#website"},"primaryImageOfPage":{"@id":"https:\/\/365-housse.com\/es\/productos\/housse-velo-usa\/#primaryimage"},"image":{"@id":"https:\/\/365-housse.com\/es\/productos\/housse-velo-usa\/#primaryimage"},"thumbnailUrl":"https:\/\/365-housse.com\/wp-content\/uploads\/2023\/06\/housse-velo-usa.jpg","datePublished":"2023-06-12T08:35:57+00:00","dateModified":"2024-09-17T14:57:23+00:00","description":"Recibe tu Funda para bicicleta de EE. UU. hoy y benef\u00edciate de la entrega - gratuita Env\u00edo en 24\/48h","breadcrumb":{"@id":"https:\/\/365-housse.com\/es\/productos\/housse-velo-usa\/#breadcrumb"},"inLanguage":"es","potentialAction":[{"@type":"ReadAction","target":["https:\/\/365-housse.com\/es\/productos\/housse-velo-usa\/"]}]},{"@type":"ImageObject","inLanguage":"es","@id":"https:\/\/365-housse.com\/es\/productos\/housse-velo-usa\/#primaryimage","url":"https:\/\/365-housse.com\/wp-content\/uploads\/2023\/06\/housse-velo-usa.jpg","contentUrl":"https:\/\/365-housse.com\/wp-content\/uploads\/2023\/06\/housse-velo-usa.jpg","width":1014,"height":1006},{"@type":"BreadcrumbList","@id":"https:\/\/365-housse.com\/es\/productos\/housse-velo-usa\/#breadcrumb","itemListElement":[{"@type":"ListItem","position":1,"name":"Accueil","item":"https:\/\/365-housse.com\/es\/"},{"@type":"ListItem","position":2,"name":"Tienda","item":"https:\/\/365-housse.com\/es\/tienda\/"},{"@type":"ListItem","position":3,"name":"Funda para bicicleta de EE. UU."}]},{"@type":"WebSite","@id":"https:\/\/365-housse.com\/es\/#website","url":"https:\/\/365-housse.com\/es\/","name":"Housse de Canap\u00e9","description":"Le N\u00b01 de la Housse","publisher":{"@id":"https:\/\/365-housse.com\/es\/#organization"},"potentialAction":[{"@type":"SearchAction","target":{"@type":"EntryPoint","urlTemplate":"https:\/\/365-housse.com\/es\/?s={search_term_string}"},"query-input":{"@type":"PropertyValueSpecification","valueRequired":true,"valueName":"search_term_string"}}],"inLanguage":"es"},{"@type":"Organization","@id":"https:\/\/365-housse.com\/es\/#organization","name":"Housse de Canap\u00e9","url":"https:\/\/365-housse.com\/es\/","logo":{"@type":"ImageObject","inLanguage":"es","@id":"https:\/\/365-housse.com\/es\/#\/schema\/logo\/image\/","url":"https:\/\/365-housse.com\/wp-content\/uploads\/2023\/06\/LOGO-400-\u00d7-200-px-392-x-134-px-16.png","contentUrl":"https:\/\/365-housse.com\/wp-content\/uploads\/2023\/06\/LOGO-400-\u00d7-200-px-392-x-134-px-16.png","width":392,"height":134,"caption":"Housse de Canap\u00e9"},"image":{"@id":"https:\/\/365-housse.com\/es\/#\/schema\/logo\/image\/"}}]}},"_links":{"self":[{"href":"https:\/\/365-housse.com\/es\/wp-json\/wp\/v2\/product\/18533"}],"collection":[{"href":"https:\/\/365-housse.com\/es\/wp-json\/wp\/v2\/product"}],"about":[{"href":"https:\/\/365-housse.com\/es\/wp-json\/wp\/v2\/types\/product"}],"replies":[{"embeddable":true,"href":"https:\/\/365-housse.com\/es\/wp-json\/wp\/v2\/comments?post=18533"}],"wp:featuredmedia":[{"embeddable":true,"href":"https:\/\/365-housse.com\/es\/wp-json\/wp\/v2\/media\/16796"}],"wp:attachment":[{"href":"https:\/\/365-housse.com\/es\/wp-json\/wp\/v2\/media?parent=18533"}],"wp:term":[{"taxonomy":"product_cat","embeddable":true,"href":"https:\/\/365-housse.com\/es\/wp-json\/wp\/v2\/product_cat?post=18533"},{"taxonomy":"product_tag","embeddable":true,"href":"https:\/\/365-housse.com\/es\/wp-json\/wp\/v2\/product_tag?post=18533"}],"curies":[{"name":"wp","href":"https:\/\/api.w.org\/{rel}","templated":true}]}}