{"id":18534,"date":"2023-06-12T08:35:56","date_gmt":"2023-06-12T08:35:56","guid":{"rendered":"https:\/\/365-housse.com\/products\/housse-ordinateur-13-pouces-noir\/"},"modified":"2024-09-17T14:57:23","modified_gmt":"2024-09-17T14:57:23","slug":"housse-ordinateur-13-pouces-noir","status":"publish","type":"product","link":"https:\/\/365-housse.com\/es\/productos\/housse-ordinateur-13-pouces-noir\/","title":{"rendered":"Caja para computadora de 13 pulgadas Negro"},"content":{"rendered":"<h2>La alianza perfecta entre<strong>clase y elegancia: la carcasa negra para ordenador de 13 pulgadas<\/strong>. \u00a1No te preocupes m\u00e1s por tu look, combina con todo y es f\u00e1cil de llevar!<\/h2>\n<h3>Las ventajas de la<strong>caja negra para ordenador de 13 pulgadas, el accesorio elegante y distinguido<\/strong>:<\/h3>\n<ul>\n<li><span class=\"a-list-item\">Apertura lateral para<strong>acceso c\u00f3modo<\/strong><\/span><\/li>\n<li><span class=\"a-list-item\">Ll\u00e9valo<strong>de forma segura<\/strong> y prot\u00e9gelo de las manchas y la suciedad<\/span><\/li>\n<li><span class=\"a-list-item\">Aporta<strong>elegancia y delicadeza<\/strong>a tu apariencia cuando lo usas.<\/span><\/li>\n<li><span class=\"a-list-item\">Ayuda<strong>a prolongar la vida \u00fatil de su computadora<\/span><\/li>\n<\/ul>\n<p>Caracter\u00edsticas:<\/p>\n<ul>\n<li><span>Material: <strong>Poli\u00e9ster<\/strong><\/span><\/li>\n<p> de primera calidad<\/p>\n<li><span>Impermeable y a prueba de golpes<\/span><\/li>\n<li><span>Acolchado suave y forro interior suave<\/span><\/li>\n<li><span>Cierre de doble cursor<\/span><\/li>\n<li>Tama\u00f1o: 13,3 pulgadas<\/li>\n<li>Acabado<strong>preciso y delicado<\/strong><\/li>\n<li>Bolsillo exterior para otros art\u00edculos <\/li>\n<\/ul>\n","protected":false},"excerpt":{"rendered":"<p>La alianza perfecta entreclase y elegancia: la carcasa negra para ordenador de 13 pulgadas. \u00a1No te preocupes m\u00e1s por tu look, combina con todo y es f\u00e1cil de llevar! Las ventajas de lacaja negra para ordenador de 13 pulgadas, el accesorio elegante y distinguido: Apertura lateral paraacceso c\u00f3modo Ll\u00e9valode forma segura y prot\u00e9gelo de las [&hellip;]<\/p>\n","protected":false},"featured_media":16789,"comment_status":"open","ping_status":"closed","template":"","meta":[],"product_cat":[158,165],"product_tag":[198],"class_list":{"0":"post-18534","1":"product","2":"type-product","3":"status-publish","4":"has-post-thumbnail","6":"product_cat-cubierta-exterior","7":"product_cat-funda-para-ordenador-13-pulgadas","8":"product_tag-ordinateur-es","10":"first","11":"instock","12":"shipping-taxable","13":"purchasable","14":"product-type-simple"},"yoast_head":"<title>Caja para computadora de 13 pulgadas Negro en entrega - gratis Ahorra un 30% en tu pedido<\/title>\n<meta name=\"description\" content=\"Recibe tu Caja para computadora de 13 pulgadas Negro hoy y benef\u00edciate de la entrega - gratuita Env\u00edo en 24\/48h\" \/>\n<meta name=\"robots\" content=\"index, follow, max-snippet:-1, max-image-preview:large, max-video-preview:-1\" \/>\n<link rel=\"canonical\" href=\"https:\/\/365-housse.com\/es\/productos\/housse-ordinateur-13-pouces-noir\/\" \/>\n<meta property=\"og:locale\" content=\"es_ES\" \/>\n<meta property=\"og:type\" content=\"article\" \/>\n<meta property=\"og:title\" content=\"Caja para computadora de 13 pulgadas Negro en entrega - gratis Ahorra un 30% en tu pedido\" \/>\n<meta property=\"og:description\" content=\"Recibe tu Caja para computadora de 13 pulgadas Negro hoy y benef\u00edciate de la entrega - gratuita Env\u00edo en 24\/48h\" \/>\n<meta property=\"og:url\" content=\"https:\/\/365-housse.com\/es\/productos\/housse-ordinateur-13-pouces-noir\/\" \/>\n<meta property=\"og:site_name\" content=\"Housse de Canap\u00e9\" \/>\n<meta property=\"article:modified_time\" content=\"2024-09-17T14:57:23+00:00\" \/>\n<meta property=\"og:image\" content=\"https:\/\/365-housse.com\/wp-content\/uploads\/2023\/06\/housse-ordinateur-13pouces-noir.png\" \/>\n\t<meta property=\"og:image:width\" content=\"894\" \/>\n\t<meta property=\"og:image:height\" content=\"936\" \/>\n\t<meta property=\"og:image:type\" content=\"image\/png\" \/>\n<meta name=\"twitter:card\" content=\"summary_large_image\" \/>\n<meta name=\"twitter:label1\" content=\"Tiempo de lectura\" \/>\n\t<meta name=\"twitter:data1\" content=\"1 minuto\" \/>\n<script type=\"application\/ld+json\" class=\"yoast-schema-graph\">{\"@context\":\"https:\/\/schema.org\",\"@graph\":[{\"@type\":\"WebPage\",\"@id\":\"https:\/\/365-housse.com\/es\/productos\/housse-ordinateur-13-pouces-noir\/\",\"url\":\"https:\/\/365-housse.com\/es\/productos\/housse-ordinateur-13-pouces-noir\/\",\"name\":\"Caja para computadora de 13 pulgadas Negro en entrega - gratis Ahorra un 30% en tu pedido\",\"isPartOf\":{\"@id\":\"https:\/\/365-housse.com\/es\/#website\"},\"primaryImageOfPage\":{\"@id\":\"https:\/\/365-housse.com\/es\/productos\/housse-ordinateur-13-pouces-noir\/#primaryimage\"},\"image\":{\"@id\":\"https:\/\/365-housse.com\/es\/productos\/housse-ordinateur-13-pouces-noir\/#primaryimage\"},\"thumbnailUrl\":\"https:\/\/365-housse.com\/wp-content\/uploads\/2023\/06\/housse-ordinateur-13pouces-noir.jpg\",\"datePublished\":\"2023-06-12T08:35:56+00:00\",\"dateModified\":\"2024-09-17T14:57:23+00:00\",\"description\":\"Recibe tu Caja para computadora de 13 pulgadas Negro hoy y benef\u00edciate de la entrega - gratuita Env\u00edo en 24\/48h\",\"breadcrumb\":{\"@id\":\"https:\/\/365-housse.com\/es\/productos\/housse-ordinateur-13-pouces-noir\/#breadcrumb\"},\"inLanguage\":\"es\",\"potentialAction\":[{\"@type\":\"ReadAction\",\"target\":[\"https:\/\/365-housse.com\/es\/productos\/housse-ordinateur-13-pouces-noir\/\"]}]},{\"@type\":\"ImageObject\",\"inLanguage\":\"es\",\"@id\":\"https:\/\/365-housse.com\/es\/productos\/housse-ordinateur-13-pouces-noir\/#primaryimage\",\"url\":\"https:\/\/365-housse.com\/wp-content\/uploads\/2023\/06\/housse-ordinateur-13pouces-noir.jpg\",\"contentUrl\":\"https:\/\/365-housse.com\/wp-content\/uploads\/2023\/06\/housse-ordinateur-13pouces-noir.jpg\",\"width\":894,\"height\":936},{\"@type\":\"BreadcrumbList\",\"@id\":\"https:\/\/365-housse.com\/es\/productos\/housse-ordinateur-13-pouces-noir\/#breadcrumb\",\"itemListElement\":[{\"@type\":\"ListItem\",\"position\":1,\"name\":\"Accueil\",\"item\":\"https:\/\/365-housse.com\/es\/\"},{\"@type\":\"ListItem\",\"position\":2,\"name\":\"Tienda\",\"item\":\"https:\/\/365-housse.com\/es\/tienda\/\"},{\"@type\":\"ListItem\",\"position\":3,\"name\":\"Caja para computadora de 13 pulgadas Negro\"}]},{\"@type\":\"WebSite\",\"@id\":\"https:\/\/365-housse.com\/es\/#website\",\"url\":\"https:\/\/365-housse.com\/es\/\",\"name\":\"Housse de Canap\u00e9\",\"description\":\"Le N\u00b01 de la Housse\",\"publisher\":{\"@id\":\"https:\/\/365-housse.com\/es\/#organization\"},\"potentialAction\":[{\"@type\":\"SearchAction\",\"target\":{\"@type\":\"EntryPoint\",\"urlTemplate\":\"https:\/\/365-housse.com\/es\/?s={search_term_string}\"},\"query-input\":{\"@type\":\"PropertyValueSpecification\",\"valueRequired\":true,\"valueName\":\"search_term_string\"}}],\"inLanguage\":\"es\"},{\"@type\":\"Organization\",\"@id\":\"https:\/\/365-housse.com\/es\/#organization\",\"name\":\"Housse de Canap\u00e9\",\"url\":\"https:\/\/365-housse.com\/es\/\",\"logo\":{\"@type\":\"ImageObject\",\"inLanguage\":\"es\",\"@id\":\"https:\/\/365-housse.com\/es\/#\/schema\/logo\/image\/\",\"url\":\"https:\/\/365-housse.com\/wp-content\/uploads\/2023\/06\/LOGO-400-\u00d7-200-px-392-x-134-px-16.png\",\"contentUrl\":\"https:\/\/365-housse.com\/wp-content\/uploads\/2023\/06\/LOGO-400-\u00d7-200-px-392-x-134-px-16.png\",\"width\":392,\"height\":134,\"caption\":\"Housse de Canap\u00e9\"},\"image\":{\"@id\":\"https:\/\/365-housse.com\/es\/#\/schema\/logo\/image\/\"}}]}<\/script>","yoast_head_json":{"title":"Caja para computadora de 13 pulgadas Negro en entrega - gratis Ahorra un 30% en tu pedido","description":"Recibe tu Caja para computadora de 13 pulgadas Negro hoy y benef\u00edciate de la entrega - gratuita Env\u00edo en 24\/48h","robots":{"index":"index","follow":"follow","max-snippet":"max-snippet:-1","max-image-preview":"max-image-preview:large","max-video-preview":"max-video-preview:-1"},"canonical":"https:\/\/365-housse.com\/es\/productos\/housse-ordinateur-13-pouces-noir\/","og_locale":"es_ES","og_type":"article","og_title":"Caja para computadora de 13 pulgadas Negro en entrega - gratis Ahorra un 30% en tu pedido","og_description":"Recibe tu Caja para computadora de 13 pulgadas Negro hoy y benef\u00edciate de la entrega - gratuita Env\u00edo en 24\/48h","og_url":"https:\/\/365-housse.com\/es\/productos\/housse-ordinateur-13-pouces-noir\/","og_site_name":"Housse de Canap\u00e9","article_modified_time":"2024-09-17T14:57:23+00:00","og_image":[{"width":894,"height":936,"url":"https:\/\/365-housse.com\/wp-content\/uploads\/2023\/06\/housse-ordinateur-13pouces-noir.png","type":"image\/png"}],"twitter_card":"summary_large_image","twitter_misc":{"Tiempo de lectura":"1 minuto"},"schema":{"@context":"https:\/\/schema.org","@graph":[{"@type":"WebPage","@id":"https:\/\/365-housse.com\/es\/productos\/housse-ordinateur-13-pouces-noir\/","url":"https:\/\/365-housse.com\/es\/productos\/housse-ordinateur-13-pouces-noir\/","name":"Caja para computadora de 13 pulgadas Negro en entrega - gratis Ahorra un 30% en tu pedido","isPartOf":{"@id":"https:\/\/365-housse.com\/es\/#website"},"primaryImageOfPage":{"@id":"https:\/\/365-housse.com\/es\/productos\/housse-ordinateur-13-pouces-noir\/#primaryimage"},"image":{"@id":"https:\/\/365-housse.com\/es\/productos\/housse-ordinateur-13-pouces-noir\/#primaryimage"},"thumbnailUrl":"https:\/\/365-housse.com\/wp-content\/uploads\/2023\/06\/housse-ordinateur-13pouces-noir.jpg","datePublished":"2023-06-12T08:35:56+00:00","dateModified":"2024-09-17T14:57:23+00:00","description":"Recibe tu Caja para computadora de 13 pulgadas Negro hoy y benef\u00edciate de la entrega - gratuita Env\u00edo en 24\/48h","breadcrumb":{"@id":"https:\/\/365-housse.com\/es\/productos\/housse-ordinateur-13-pouces-noir\/#breadcrumb"},"inLanguage":"es","potentialAction":[{"@type":"ReadAction","target":["https:\/\/365-housse.com\/es\/productos\/housse-ordinateur-13-pouces-noir\/"]}]},{"@type":"ImageObject","inLanguage":"es","@id":"https:\/\/365-housse.com\/es\/productos\/housse-ordinateur-13-pouces-noir\/#primaryimage","url":"https:\/\/365-housse.com\/wp-content\/uploads\/2023\/06\/housse-ordinateur-13pouces-noir.jpg","contentUrl":"https:\/\/365-housse.com\/wp-content\/uploads\/2023\/06\/housse-ordinateur-13pouces-noir.jpg","width":894,"height":936},{"@type":"BreadcrumbList","@id":"https:\/\/365-housse.com\/es\/productos\/housse-ordinateur-13-pouces-noir\/#breadcrumb","itemListElement":[{"@type":"ListItem","position":1,"name":"Accueil","item":"https:\/\/365-housse.com\/es\/"},{"@type":"ListItem","position":2,"name":"Tienda","item":"https:\/\/365-housse.com\/es\/tienda\/"},{"@type":"ListItem","position":3,"name":"Caja para computadora de 13 pulgadas Negro"}]},{"@type":"WebSite","@id":"https:\/\/365-housse.com\/es\/#website","url":"https:\/\/365-housse.com\/es\/","name":"Housse de Canap\u00e9","description":"Le N\u00b01 de la Housse","publisher":{"@id":"https:\/\/365-housse.com\/es\/#organization"},"potentialAction":[{"@type":"SearchAction","target":{"@type":"EntryPoint","urlTemplate":"https:\/\/365-housse.com\/es\/?s={search_term_string}"},"query-input":{"@type":"PropertyValueSpecification","valueRequired":true,"valueName":"search_term_string"}}],"inLanguage":"es"},{"@type":"Organization","@id":"https:\/\/365-housse.com\/es\/#organization","name":"Housse de Canap\u00e9","url":"https:\/\/365-housse.com\/es\/","logo":{"@type":"ImageObject","inLanguage":"es","@id":"https:\/\/365-housse.com\/es\/#\/schema\/logo\/image\/","url":"https:\/\/365-housse.com\/wp-content\/uploads\/2023\/06\/LOGO-400-\u00d7-200-px-392-x-134-px-16.png","contentUrl":"https:\/\/365-housse.com\/wp-content\/uploads\/2023\/06\/LOGO-400-\u00d7-200-px-392-x-134-px-16.png","width":392,"height":134,"caption":"Housse de Canap\u00e9"},"image":{"@id":"https:\/\/365-housse.com\/es\/#\/schema\/logo\/image\/"}}]}},"_links":{"self":[{"href":"https:\/\/365-housse.com\/es\/wp-json\/wp\/v2\/product\/18534"}],"collection":[{"href":"https:\/\/365-housse.com\/es\/wp-json\/wp\/v2\/product"}],"about":[{"href":"https:\/\/365-housse.com\/es\/wp-json\/wp\/v2\/types\/product"}],"replies":[{"embeddable":true,"href":"https:\/\/365-housse.com\/es\/wp-json\/wp\/v2\/comments?post=18534"}],"wp:featuredmedia":[{"embeddable":true,"href":"https:\/\/365-housse.com\/es\/wp-json\/wp\/v2\/media\/16789"}],"wp:attachment":[{"href":"https:\/\/365-housse.com\/es\/wp-json\/wp\/v2\/media?parent=18534"}],"wp:term":[{"taxonomy":"product_cat","embeddable":true,"href":"https:\/\/365-housse.com\/es\/wp-json\/wp\/v2\/product_cat?post=18534"},{"taxonomy":"product_tag","embeddable":true,"href":"https:\/\/365-housse.com\/es\/wp-json\/wp\/v2\/product_tag?post=18534"}],"curies":[{"name":"wp","href":"https:\/\/api.w.org\/{rel}","templated":true}]}}