{"id":18590,"date":"2023-06-12T08:35:42","date_gmt":"2023-06-12T08:35:42","guid":{"rendered":"https:\/\/365-housse.com\/products\/housse-voiture-rouge\/"},"modified":"2024-09-17T14:57:42","modified_gmt":"2024-09-17T14:57:42","slug":"housse-voiture-rouge","status":"publish","type":"product","link":"https:\/\/365-housse.com\/es\/productos\/housse-voiture-rouge\/","title":{"rendered":"cubierta de coche rojo"},"content":{"rendered":"<h2>El rojo es sin\u00f3nimo de lujo y velocidad en el mundo del autom\u00f3vil. Aprovecha una <strong>Funda Coche Roja<\/strong> para proteger tu veh\u00edculo como una joya.<\/h2>\n<p><strong>Beneficios:<\/strong><\/p>\n<ul>\n<li><strong>Protecci\u00f3n \u00f3ptima<\/strong> contra las inclemencias del tiempo y el paso del tiempo<\/li>\n<li>Dale un <strong>estilo \u00fanico<\/strong> a tu coche<\/li>\n<li><strong>Tejido de calidad<\/strong> para una mejor protecci\u00f3n<\/li>\n<li><strong>F\u00e1cil de poner y quitar<\/strong><\/li>\n<\/ul>\n<p><strong>Caracter\u00edsticas:<\/strong><\/p>\n<ul>\n<li>Material: Poli\u00e9ster de alta calidad, ligero y f\u00e1cil de poner<\/li>\n<li>Tasa de reflexi\u00f3n de m\u00e1s del 80 % en verano, <strong>resistente a los rayos UV<\/strong><\/li>\n<li><strong>Impermeable e impermeable<\/strong><\/li>\n<li><strong>Durable y lavable<\/strong><\/li>\n<li>Peso: 1 kg<\/li>\n<li>Tama\u00f1o: 490*180*160 cm (Largo*Alto*Ancho)<\/li>\n<\/ul>\n<h3>Consejos para utilizar la <strong>funda roja para coche<\/strong>:<\/h3>\n<div><img decoding=\"async\" alt=\"conseil-usage-housse-voiture\" src=\"https:\/\/365-housse.com\/wp-content\/uploads\/2023\/06\/guide-installation-housse-voiture_480x480.jpg?v =1628721013\" \/><\/div>\n","protected":false},"excerpt":{"rendered":"<p>El rojo es sin\u00f3nimo de lujo y velocidad en el mundo del autom\u00f3vil. Aprovecha una Funda Coche Roja para proteger tu veh\u00edculo como una joya. Beneficios: Protecci\u00f3n \u00f3ptima contra las inclemencias del tiempo y el paso del tiempo Dale un estilo \u00fanico a tu coche Tejido de calidad para una mejor protecci\u00f3n F\u00e1cil de poner [&hellip;]<\/p>\n","protected":false},"featured_media":16764,"comment_status":"open","ping_status":"closed","template":"","meta":[],"product_cat":[158,173],"product_tag":[205],"class_list":{"0":"post-18590","1":"product","2":"type-product","3":"status-publish","4":"has-post-thumbnail","6":"product_cat-cubierta-exterior","7":"product_cat-funda-de-coche","8":"product_tag-voiture-es","10":"first","11":"instock","12":"shipping-taxable","13":"purchasable","14":"product-type-simple"},"yoast_head":"<title>cubierta de coche rojo en entrega - gratis Ahorra un 30% en tu pedido<\/title>\n<meta name=\"description\" content=\"Recibe tu cubierta de coche rojo hoy y benef\u00edciate de la entrega - gratuita Env\u00edo en 24\/48h\" \/>\n<meta name=\"robots\" content=\"index, follow, max-snippet:-1, max-image-preview:large, max-video-preview:-1\" \/>\n<link rel=\"canonical\" href=\"https:\/\/365-housse.com\/es\/productos\/housse-voiture-rouge\/\" \/>\n<meta property=\"og:locale\" content=\"es_ES\" \/>\n<meta property=\"og:type\" content=\"article\" \/>\n<meta property=\"og:title\" content=\"cubierta de coche rojo en entrega - gratis Ahorra un 30% en tu pedido\" \/>\n<meta property=\"og:description\" content=\"Recibe tu cubierta de coche rojo hoy y benef\u00edciate de la entrega - gratuita Env\u00edo en 24\/48h\" \/>\n<meta property=\"og:url\" content=\"https:\/\/365-housse.com\/es\/productos\/housse-voiture-rouge\/\" \/>\n<meta property=\"og:site_name\" content=\"Housse de Canap\u00e9\" \/>\n<meta property=\"article:modified_time\" content=\"2024-09-17T14:57:42+00:00\" \/>\n<meta property=\"og:image\" content=\"https:\/\/365-housse.com\/wp-content\/uploads\/2023\/06\/housse-voiture-rouge.png\" \/>\n\t<meta property=\"og:image:width\" content=\"496\" \/>\n\t<meta property=\"og:image:height\" content=\"503\" \/>\n\t<meta property=\"og:image:type\" content=\"image\/png\" \/>\n<meta name=\"twitter:card\" content=\"summary_large_image\" \/>\n<meta name=\"twitter:label1\" content=\"Tiempo de lectura\" \/>\n\t<meta name=\"twitter:data1\" content=\"1 minuto\" \/>\n<script type=\"application\/ld+json\" class=\"yoast-schema-graph\">{\"@context\":\"https:\/\/schema.org\",\"@graph\":[{\"@type\":\"WebPage\",\"@id\":\"https:\/\/365-housse.com\/es\/productos\/housse-voiture-rouge\/\",\"url\":\"https:\/\/365-housse.com\/es\/productos\/housse-voiture-rouge\/\",\"name\":\"cubierta de coche rojo en entrega - gratis Ahorra un 30% en tu pedido\",\"isPartOf\":{\"@id\":\"https:\/\/365-housse.com\/es\/#website\"},\"primaryImageOfPage\":{\"@id\":\"https:\/\/365-housse.com\/es\/productos\/housse-voiture-rouge\/#primaryimage\"},\"image\":{\"@id\":\"https:\/\/365-housse.com\/es\/productos\/housse-voiture-rouge\/#primaryimage\"},\"thumbnailUrl\":\"https:\/\/365-housse.com\/wp-content\/uploads\/2023\/06\/housse-voiture-rouge.png\",\"datePublished\":\"2023-06-12T08:35:42+00:00\",\"dateModified\":\"2024-09-17T14:57:42+00:00\",\"description\":\"Recibe tu cubierta de coche rojo hoy y benef\u00edciate de la entrega - gratuita Env\u00edo en 24\/48h\",\"breadcrumb\":{\"@id\":\"https:\/\/365-housse.com\/es\/productos\/housse-voiture-rouge\/#breadcrumb\"},\"inLanguage\":\"es\",\"potentialAction\":[{\"@type\":\"ReadAction\",\"target\":[\"https:\/\/365-housse.com\/es\/productos\/housse-voiture-rouge\/\"]}]},{\"@type\":\"ImageObject\",\"inLanguage\":\"es\",\"@id\":\"https:\/\/365-housse.com\/es\/productos\/housse-voiture-rouge\/#primaryimage\",\"url\":\"https:\/\/365-housse.com\/wp-content\/uploads\/2023\/06\/housse-voiture-rouge.png\",\"contentUrl\":\"https:\/\/365-housse.com\/wp-content\/uploads\/2023\/06\/housse-voiture-rouge.png\",\"width\":496,\"height\":503},{\"@type\":\"BreadcrumbList\",\"@id\":\"https:\/\/365-housse.com\/es\/productos\/housse-voiture-rouge\/#breadcrumb\",\"itemListElement\":[{\"@type\":\"ListItem\",\"position\":1,\"name\":\"Accueil\",\"item\":\"https:\/\/365-housse.com\/es\/\"},{\"@type\":\"ListItem\",\"position\":2,\"name\":\"Tienda\",\"item\":\"https:\/\/365-housse.com\/es\/tienda\/\"},{\"@type\":\"ListItem\",\"position\":3,\"name\":\"cubierta de coche rojo\"}]},{\"@type\":\"WebSite\",\"@id\":\"https:\/\/365-housse.com\/es\/#website\",\"url\":\"https:\/\/365-housse.com\/es\/\",\"name\":\"Housse de Canap\u00e9\",\"description\":\"Le N\u00b01 de la Housse\",\"publisher\":{\"@id\":\"https:\/\/365-housse.com\/es\/#organization\"},\"potentialAction\":[{\"@type\":\"SearchAction\",\"target\":{\"@type\":\"EntryPoint\",\"urlTemplate\":\"https:\/\/365-housse.com\/es\/?s={search_term_string}\"},\"query-input\":{\"@type\":\"PropertyValueSpecification\",\"valueRequired\":true,\"valueName\":\"search_term_string\"}}],\"inLanguage\":\"es\"},{\"@type\":\"Organization\",\"@id\":\"https:\/\/365-housse.com\/es\/#organization\",\"name\":\"Housse de Canap\u00e9\",\"url\":\"https:\/\/365-housse.com\/es\/\",\"logo\":{\"@type\":\"ImageObject\",\"inLanguage\":\"es\",\"@id\":\"https:\/\/365-housse.com\/es\/#\/schema\/logo\/image\/\",\"url\":\"https:\/\/365-housse.com\/wp-content\/uploads\/2023\/06\/LOGO-400-\u00d7-200-px-392-x-134-px-16.png\",\"contentUrl\":\"https:\/\/365-housse.com\/wp-content\/uploads\/2023\/06\/LOGO-400-\u00d7-200-px-392-x-134-px-16.png\",\"width\":392,\"height\":134,\"caption\":\"Housse de Canap\u00e9\"},\"image\":{\"@id\":\"https:\/\/365-housse.com\/es\/#\/schema\/logo\/image\/\"}}]}<\/script>","yoast_head_json":{"title":"cubierta de coche rojo en entrega - gratis Ahorra un 30% en tu pedido","description":"Recibe tu cubierta de coche rojo hoy y benef\u00edciate de la entrega - gratuita Env\u00edo en 24\/48h","robots":{"index":"index","follow":"follow","max-snippet":"max-snippet:-1","max-image-preview":"max-image-preview:large","max-video-preview":"max-video-preview:-1"},"canonical":"https:\/\/365-housse.com\/es\/productos\/housse-voiture-rouge\/","og_locale":"es_ES","og_type":"article","og_title":"cubierta de coche rojo en entrega - gratis Ahorra un 30% en tu pedido","og_description":"Recibe tu cubierta de coche rojo hoy y benef\u00edciate de la entrega - gratuita Env\u00edo en 24\/48h","og_url":"https:\/\/365-housse.com\/es\/productos\/housse-voiture-rouge\/","og_site_name":"Housse de Canap\u00e9","article_modified_time":"2024-09-17T14:57:42+00:00","og_image":[{"width":496,"height":503,"url":"https:\/\/365-housse.com\/wp-content\/uploads\/2023\/06\/housse-voiture-rouge.png","type":"image\/png"}],"twitter_card":"summary_large_image","twitter_misc":{"Tiempo de lectura":"1 minuto"},"schema":{"@context":"https:\/\/schema.org","@graph":[{"@type":"WebPage","@id":"https:\/\/365-housse.com\/es\/productos\/housse-voiture-rouge\/","url":"https:\/\/365-housse.com\/es\/productos\/housse-voiture-rouge\/","name":"cubierta de coche rojo en entrega - gratis Ahorra un 30% en tu pedido","isPartOf":{"@id":"https:\/\/365-housse.com\/es\/#website"},"primaryImageOfPage":{"@id":"https:\/\/365-housse.com\/es\/productos\/housse-voiture-rouge\/#primaryimage"},"image":{"@id":"https:\/\/365-housse.com\/es\/productos\/housse-voiture-rouge\/#primaryimage"},"thumbnailUrl":"https:\/\/365-housse.com\/wp-content\/uploads\/2023\/06\/housse-voiture-rouge.png","datePublished":"2023-06-12T08:35:42+00:00","dateModified":"2024-09-17T14:57:42+00:00","description":"Recibe tu cubierta de coche rojo hoy y benef\u00edciate de la entrega - gratuita Env\u00edo en 24\/48h","breadcrumb":{"@id":"https:\/\/365-housse.com\/es\/productos\/housse-voiture-rouge\/#breadcrumb"},"inLanguage":"es","potentialAction":[{"@type":"ReadAction","target":["https:\/\/365-housse.com\/es\/productos\/housse-voiture-rouge\/"]}]},{"@type":"ImageObject","inLanguage":"es","@id":"https:\/\/365-housse.com\/es\/productos\/housse-voiture-rouge\/#primaryimage","url":"https:\/\/365-housse.com\/wp-content\/uploads\/2023\/06\/housse-voiture-rouge.png","contentUrl":"https:\/\/365-housse.com\/wp-content\/uploads\/2023\/06\/housse-voiture-rouge.png","width":496,"height":503},{"@type":"BreadcrumbList","@id":"https:\/\/365-housse.com\/es\/productos\/housse-voiture-rouge\/#breadcrumb","itemListElement":[{"@type":"ListItem","position":1,"name":"Accueil","item":"https:\/\/365-housse.com\/es\/"},{"@type":"ListItem","position":2,"name":"Tienda","item":"https:\/\/365-housse.com\/es\/tienda\/"},{"@type":"ListItem","position":3,"name":"cubierta de coche rojo"}]},{"@type":"WebSite","@id":"https:\/\/365-housse.com\/es\/#website","url":"https:\/\/365-housse.com\/es\/","name":"Housse de Canap\u00e9","description":"Le N\u00b01 de la Housse","publisher":{"@id":"https:\/\/365-housse.com\/es\/#organization"},"potentialAction":[{"@type":"SearchAction","target":{"@type":"EntryPoint","urlTemplate":"https:\/\/365-housse.com\/es\/?s={search_term_string}"},"query-input":{"@type":"PropertyValueSpecification","valueRequired":true,"valueName":"search_term_string"}}],"inLanguage":"es"},{"@type":"Organization","@id":"https:\/\/365-housse.com\/es\/#organization","name":"Housse de Canap\u00e9","url":"https:\/\/365-housse.com\/es\/","logo":{"@type":"ImageObject","inLanguage":"es","@id":"https:\/\/365-housse.com\/es\/#\/schema\/logo\/image\/","url":"https:\/\/365-housse.com\/wp-content\/uploads\/2023\/06\/LOGO-400-\u00d7-200-px-392-x-134-px-16.png","contentUrl":"https:\/\/365-housse.com\/wp-content\/uploads\/2023\/06\/LOGO-400-\u00d7-200-px-392-x-134-px-16.png","width":392,"height":134,"caption":"Housse de Canap\u00e9"},"image":{"@id":"https:\/\/365-housse.com\/es\/#\/schema\/logo\/image\/"}}]}},"_links":{"self":[{"href":"https:\/\/365-housse.com\/es\/wp-json\/wp\/v2\/product\/18590"}],"collection":[{"href":"https:\/\/365-housse.com\/es\/wp-json\/wp\/v2\/product"}],"about":[{"href":"https:\/\/365-housse.com\/es\/wp-json\/wp\/v2\/types\/product"}],"replies":[{"embeddable":true,"href":"https:\/\/365-housse.com\/es\/wp-json\/wp\/v2\/comments?post=18590"}],"wp:featuredmedia":[{"embeddable":true,"href":"https:\/\/365-housse.com\/es\/wp-json\/wp\/v2\/media\/16764"}],"wp:attachment":[{"href":"https:\/\/365-housse.com\/es\/wp-json\/wp\/v2\/media?parent=18590"}],"wp:term":[{"taxonomy":"product_cat","embeddable":true,"href":"https:\/\/365-housse.com\/es\/wp-json\/wp\/v2\/product_cat?post=18590"},{"taxonomy":"product_tag","embeddable":true,"href":"https:\/\/365-housse.com\/es\/wp-json\/wp\/v2\/product_tag?post=18590"}],"curies":[{"name":"wp","href":"https:\/\/api.w.org\/{rel}","templated":true}]}}