{"id":18601,"date":"2023-06-12T08:35:38","date_gmt":"2023-06-12T08:35:38","guid":{"rendered":"https:\/\/365-housse.com\/products\/housse-voiture-hiver\/"},"modified":"2024-09-17T14:57:48","modified_gmt":"2024-09-17T14:57:48","slug":"housse-voiture-hiver","status":"publish","type":"product","link":"https:\/\/365-housse.com\/es\/productos\/housse-voiture-hiver\/","title":{"rendered":"Funda de invierno para coche."},"content":{"rendered":"<h2>Aunque el invierno es la estaci\u00f3n m\u00e1s maravillosa del a\u00f1o, tambi\u00e9n puede ser la m\u00e1s peligrosa para su autom\u00f3vil. As\u00ed, la Funda de Invierno para Coche ofrece una soluci\u00f3n ideal para proteger su veh\u00edculo de diversas molestias provocadas por el fr\u00edo, la nieve, el granizo y el hielo.<\/h2>\n<p><strong>Ventajas:<\/strong><\/p>\n<ul>\n<li>\n<p>Protecci\u00f3n \u00f3ptima<\/strong><span> <\/span>para mantener tu coche en buen estado y evitar da\u00f1os externos<\/p>\n<\/li>\n<li>\n<p>Un<span>\u00a0<\/span><strong>estilo \u00fanico<\/strong><span>\u00a0<\/span>y <strong>original<\/strong><span>\u00a0<\/span>para tu veh\u00edculo<\/p>\n<\/li>\n<li>\n<p><span>Tejido de alta calidad<\/span><span> <\/span>para proteger tu coche<\/p>\n<\/li>\n<li>\n<p><strong>F\u00e1cil<\/strong><span> <\/span>de poner y quitar<\/p>\n<\/li>\n<\/ul>\n<p><strong>Caracter\u00edsticas: <\/strong><\/p>\n<ul>\n<li>\n<p><span>Material:<\/span><span> <\/span>Tafet\u00e1n de poli\u00e9ster (ligero y f\u00e1cil de instalar)<\/p>\n<\/li>\n<li>\n<p><span>con tasa de reflexi\u00f3n superior al 80% en verano,<\/span><span> <\/span><strong>anti-UV<\/strong><\/p>\n<\/li>\n<li>\n<p><strong>Impermeable<\/strong><span> <\/span>e <strong>impermeable<\/strong><\/p>\n<\/li>\n<li>\n<p><strong>Robusto<\/strong><span> <\/span>y<strong>lavable<\/strong><\/p>\n<\/li>\n<li>\n<p><span>Tama\u00f1o:<\/span><span> <\/span>Diferentes tama\u00f1os disponibles<\/p>\n<\/li>\n<\/ul>\n<p><span>Gu\u00eda de tallas: <\/span><\/p>\n<p data-mce-style=\"text-align: inicio;\" style=\"text-align: start\"><img decoding=\"async\" alt=\"guide-des-tailles-housse-voiture\" data-mce-src=\"https:\/\/365-housse.com\/wp-content\/uploads\/2023\/ 06\/car-cover-size-guide_4ecdd9a8-19cf-414c-9f4f-8b81448ad064_480x480.png?v=1628720937\" data-mce-style=\"margen-derecho: 41px; margen-izquierdo: 41px; flotante: ninguno;\" src=\"https:\/\/365-housse.com\/wp-content\/uploads\/2023\/06\/guide-taille-housse-voiture_4ecdd9a8-19cf-414c-9f4f-8b81448ad064_480x480.png?v=1628720937\" \/><\/p>\n<h3 data-mce-style=\"text-align: inicio;\" style=\"text-align: start\">Instrucciones para usar la funda de invierno para coche:<\/h3>\n<div data-mce-style=\"text-align: inicio;\" style=\"text-align: start\"><img decoding=\"async\" alt=\"conseil-usage-housse-voiture\" data-mce-src=\"https:\/\/365-housse.com\/wp-content\/uploads\/2023\/06\/ Guide-installation-housse-voiture_480x480.png?v=1628721013\" data-mce-style=\"margin-right: 35.5px; margin-left: 35.5px float: none;\" src=\"https:\/\/365-housse.com\/wp-content\/uploads\/2023\/06\/guide-installation-housse-voiture_480x480.jpg?v=1628721013\" style=\"margin-right: 35.5px;margin-left : 35.5px\" \/><\/div>\n","protected":false},"excerpt":{"rendered":"<p>Aunque el invierno es la estaci\u00f3n m\u00e1s maravillosa del a\u00f1o, tambi\u00e9n puede ser la m\u00e1s peligrosa para su autom\u00f3vil. As\u00ed, la Funda de Invierno para Coche ofrece una soluci\u00f3n ideal para proteger su veh\u00edculo de diversas molestias provocadas por el fr\u00edo, la nieve, el granizo y el hielo. Ventajas: Protecci\u00f3n \u00f3ptima para mantener tu coche [&hellip;]<\/p>\n","protected":false},"featured_media":16759,"comment_status":"open","ping_status":"closed","template":"","meta":[],"product_cat":[158,173,189],"product_tag":[205],"class_list":{"0":"post-18601","1":"product","2":"type-product","3":"status-publish","4":"has-post-thumbnail","6":"product_cat-cubierta-exterior","7":"product_cat-funda-de-coche","8":"product_cat-los-mas-vendidos","9":"product_tag-voiture-es","11":"first","12":"instock","13":"shipping-taxable","14":"product-type-variable"},"yoast_head":"<title>Funda de invierno para coche. en entrega - gratis Ahorra un 30% en tu pedido<\/title>\n<meta name=\"description\" content=\"Recibe tu Funda de invierno para coche. hoy y benef\u00edciate de la entrega - gratuita Env\u00edo en 24\/48h\" \/>\n<meta name=\"robots\" content=\"index, follow, max-snippet:-1, max-image-preview:large, max-video-preview:-1\" \/>\n<link rel=\"canonical\" href=\"https:\/\/365-housse.com\/es\/productos\/housse-voiture-hiver\/\" \/>\n<meta property=\"og:locale\" content=\"es_ES\" \/>\n<meta property=\"og:type\" content=\"article\" \/>\n<meta property=\"og:title\" content=\"Funda de invierno para coche. en entrega - gratis Ahorra un 30% en tu pedido\" \/>\n<meta property=\"og:description\" content=\"Recibe tu Funda de invierno para coche. hoy y benef\u00edciate de la entrega - gratuita Env\u00edo en 24\/48h\" \/>\n<meta property=\"og:url\" content=\"https:\/\/365-housse.com\/es\/productos\/housse-voiture-hiver\/\" \/>\n<meta property=\"og:site_name\" content=\"Housse de Canap\u00e9\" \/>\n<meta property=\"article:modified_time\" content=\"2024-09-17T14:57:48+00:00\" \/>\n<meta property=\"og:image\" content=\"https:\/\/365-housse.com\/wp-content\/uploads\/2023\/06\/housse-voiture-hiver.png\" \/>\n\t<meta property=\"og:image:width\" content=\"443\" \/>\n\t<meta property=\"og:image:height\" content=\"319\" \/>\n\t<meta property=\"og:image:type\" content=\"image\/png\" \/>\n<meta name=\"twitter:card\" content=\"summary_large_image\" \/>\n<meta name=\"twitter:label1\" content=\"Tiempo de lectura\" \/>\n\t<meta name=\"twitter:data1\" content=\"1 minuto\" \/>\n<script type=\"application\/ld+json\" class=\"yoast-schema-graph\">{\"@context\":\"https:\/\/schema.org\",\"@graph\":[{\"@type\":\"WebPage\",\"@id\":\"https:\/\/365-housse.com\/es\/productos\/housse-voiture-hiver\/\",\"url\":\"https:\/\/365-housse.com\/es\/productos\/housse-voiture-hiver\/\",\"name\":\"Funda de invierno para coche. en entrega - gratis Ahorra un 30% en tu pedido\",\"isPartOf\":{\"@id\":\"https:\/\/365-housse.com\/es\/#website\"},\"primaryImageOfPage\":{\"@id\":\"https:\/\/365-housse.com\/es\/productos\/housse-voiture-hiver\/#primaryimage\"},\"image\":{\"@id\":\"https:\/\/365-housse.com\/es\/productos\/housse-voiture-hiver\/#primaryimage\"},\"thumbnailUrl\":\"https:\/\/365-housse.com\/wp-content\/uploads\/2023\/06\/housse-voiture-hiver.png\",\"datePublished\":\"2023-06-12T08:35:38+00:00\",\"dateModified\":\"2024-09-17T14:57:48+00:00\",\"description\":\"Recibe tu Funda de invierno para coche. hoy y benef\u00edciate de la entrega - gratuita Env\u00edo en 24\/48h\",\"breadcrumb\":{\"@id\":\"https:\/\/365-housse.com\/es\/productos\/housse-voiture-hiver\/#breadcrumb\"},\"inLanguage\":\"es\",\"potentialAction\":[{\"@type\":\"ReadAction\",\"target\":[\"https:\/\/365-housse.com\/es\/productos\/housse-voiture-hiver\/\"]}]},{\"@type\":\"ImageObject\",\"inLanguage\":\"es\",\"@id\":\"https:\/\/365-housse.com\/es\/productos\/housse-voiture-hiver\/#primaryimage\",\"url\":\"https:\/\/365-housse.com\/wp-content\/uploads\/2023\/06\/housse-voiture-hiver.png\",\"contentUrl\":\"https:\/\/365-housse.com\/wp-content\/uploads\/2023\/06\/housse-voiture-hiver.png\",\"width\":443,\"height\":319},{\"@type\":\"BreadcrumbList\",\"@id\":\"https:\/\/365-housse.com\/es\/productos\/housse-voiture-hiver\/#breadcrumb\",\"itemListElement\":[{\"@type\":\"ListItem\",\"position\":1,\"name\":\"Accueil\",\"item\":\"https:\/\/365-housse.com\/es\/\"},{\"@type\":\"ListItem\",\"position\":2,\"name\":\"Tienda\",\"item\":\"https:\/\/365-housse.com\/es\/tienda\/\"},{\"@type\":\"ListItem\",\"position\":3,\"name\":\"Funda de invierno para coche.\"}]},{\"@type\":\"WebSite\",\"@id\":\"https:\/\/365-housse.com\/es\/#website\",\"url\":\"https:\/\/365-housse.com\/es\/\",\"name\":\"Housse de Canap\u00e9\",\"description\":\"Le N\u00b01 de la Housse\",\"publisher\":{\"@id\":\"https:\/\/365-housse.com\/es\/#organization\"},\"potentialAction\":[{\"@type\":\"SearchAction\",\"target\":{\"@type\":\"EntryPoint\",\"urlTemplate\":\"https:\/\/365-housse.com\/es\/?s={search_term_string}\"},\"query-input\":{\"@type\":\"PropertyValueSpecification\",\"valueRequired\":true,\"valueName\":\"search_term_string\"}}],\"inLanguage\":\"es\"},{\"@type\":\"Organization\",\"@id\":\"https:\/\/365-housse.com\/es\/#organization\",\"name\":\"Housse de Canap\u00e9\",\"url\":\"https:\/\/365-housse.com\/es\/\",\"logo\":{\"@type\":\"ImageObject\",\"inLanguage\":\"es\",\"@id\":\"https:\/\/365-housse.com\/es\/#\/schema\/logo\/image\/\",\"url\":\"https:\/\/365-housse.com\/wp-content\/uploads\/2023\/06\/LOGO-400-\u00d7-200-px-392-x-134-px-16.png\",\"contentUrl\":\"https:\/\/365-housse.com\/wp-content\/uploads\/2023\/06\/LOGO-400-\u00d7-200-px-392-x-134-px-16.png\",\"width\":392,\"height\":134,\"caption\":\"Housse de Canap\u00e9\"},\"image\":{\"@id\":\"https:\/\/365-housse.com\/es\/#\/schema\/logo\/image\/\"}}]}<\/script>","yoast_head_json":{"title":"Funda de invierno para coche. en entrega - gratis Ahorra un 30% en tu pedido","description":"Recibe tu Funda de invierno para coche. hoy y benef\u00edciate de la entrega - gratuita Env\u00edo en 24\/48h","robots":{"index":"index","follow":"follow","max-snippet":"max-snippet:-1","max-image-preview":"max-image-preview:large","max-video-preview":"max-video-preview:-1"},"canonical":"https:\/\/365-housse.com\/es\/productos\/housse-voiture-hiver\/","og_locale":"es_ES","og_type":"article","og_title":"Funda de invierno para coche. en entrega - gratis Ahorra un 30% en tu pedido","og_description":"Recibe tu Funda de invierno para coche. hoy y benef\u00edciate de la entrega - gratuita Env\u00edo en 24\/48h","og_url":"https:\/\/365-housse.com\/es\/productos\/housse-voiture-hiver\/","og_site_name":"Housse de Canap\u00e9","article_modified_time":"2024-09-17T14:57:48+00:00","og_image":[{"width":443,"height":319,"url":"https:\/\/365-housse.com\/wp-content\/uploads\/2023\/06\/housse-voiture-hiver.png","type":"image\/png"}],"twitter_card":"summary_large_image","twitter_misc":{"Tiempo de lectura":"1 minuto"},"schema":{"@context":"https:\/\/schema.org","@graph":[{"@type":"WebPage","@id":"https:\/\/365-housse.com\/es\/productos\/housse-voiture-hiver\/","url":"https:\/\/365-housse.com\/es\/productos\/housse-voiture-hiver\/","name":"Funda de invierno para coche. en entrega - gratis Ahorra un 30% en tu pedido","isPartOf":{"@id":"https:\/\/365-housse.com\/es\/#website"},"primaryImageOfPage":{"@id":"https:\/\/365-housse.com\/es\/productos\/housse-voiture-hiver\/#primaryimage"},"image":{"@id":"https:\/\/365-housse.com\/es\/productos\/housse-voiture-hiver\/#primaryimage"},"thumbnailUrl":"https:\/\/365-housse.com\/wp-content\/uploads\/2023\/06\/housse-voiture-hiver.png","datePublished":"2023-06-12T08:35:38+00:00","dateModified":"2024-09-17T14:57:48+00:00","description":"Recibe tu Funda de invierno para coche. hoy y benef\u00edciate de la entrega - gratuita Env\u00edo en 24\/48h","breadcrumb":{"@id":"https:\/\/365-housse.com\/es\/productos\/housse-voiture-hiver\/#breadcrumb"},"inLanguage":"es","potentialAction":[{"@type":"ReadAction","target":["https:\/\/365-housse.com\/es\/productos\/housse-voiture-hiver\/"]}]},{"@type":"ImageObject","inLanguage":"es","@id":"https:\/\/365-housse.com\/es\/productos\/housse-voiture-hiver\/#primaryimage","url":"https:\/\/365-housse.com\/wp-content\/uploads\/2023\/06\/housse-voiture-hiver.png","contentUrl":"https:\/\/365-housse.com\/wp-content\/uploads\/2023\/06\/housse-voiture-hiver.png","width":443,"height":319},{"@type":"BreadcrumbList","@id":"https:\/\/365-housse.com\/es\/productos\/housse-voiture-hiver\/#breadcrumb","itemListElement":[{"@type":"ListItem","position":1,"name":"Accueil","item":"https:\/\/365-housse.com\/es\/"},{"@type":"ListItem","position":2,"name":"Tienda","item":"https:\/\/365-housse.com\/es\/tienda\/"},{"@type":"ListItem","position":3,"name":"Funda de invierno para coche."}]},{"@type":"WebSite","@id":"https:\/\/365-housse.com\/es\/#website","url":"https:\/\/365-housse.com\/es\/","name":"Housse de Canap\u00e9","description":"Le N\u00b01 de la Housse","publisher":{"@id":"https:\/\/365-housse.com\/es\/#organization"},"potentialAction":[{"@type":"SearchAction","target":{"@type":"EntryPoint","urlTemplate":"https:\/\/365-housse.com\/es\/?s={search_term_string}"},"query-input":{"@type":"PropertyValueSpecification","valueRequired":true,"valueName":"search_term_string"}}],"inLanguage":"es"},{"@type":"Organization","@id":"https:\/\/365-housse.com\/es\/#organization","name":"Housse de Canap\u00e9","url":"https:\/\/365-housse.com\/es\/","logo":{"@type":"ImageObject","inLanguage":"es","@id":"https:\/\/365-housse.com\/es\/#\/schema\/logo\/image\/","url":"https:\/\/365-housse.com\/wp-content\/uploads\/2023\/06\/LOGO-400-\u00d7-200-px-392-x-134-px-16.png","contentUrl":"https:\/\/365-housse.com\/wp-content\/uploads\/2023\/06\/LOGO-400-\u00d7-200-px-392-x-134-px-16.png","width":392,"height":134,"caption":"Housse de Canap\u00e9"},"image":{"@id":"https:\/\/365-housse.com\/es\/#\/schema\/logo\/image\/"}}]}},"_links":{"self":[{"href":"https:\/\/365-housse.com\/es\/wp-json\/wp\/v2\/product\/18601"}],"collection":[{"href":"https:\/\/365-housse.com\/es\/wp-json\/wp\/v2\/product"}],"about":[{"href":"https:\/\/365-housse.com\/es\/wp-json\/wp\/v2\/types\/product"}],"replies":[{"embeddable":true,"href":"https:\/\/365-housse.com\/es\/wp-json\/wp\/v2\/comments?post=18601"}],"wp:featuredmedia":[{"embeddable":true,"href":"https:\/\/365-housse.com\/es\/wp-json\/wp\/v2\/media\/16759"}],"wp:attachment":[{"href":"https:\/\/365-housse.com\/es\/wp-json\/wp\/v2\/media?parent=18601"}],"wp:term":[{"taxonomy":"product_cat","embeddable":true,"href":"https:\/\/365-housse.com\/es\/wp-json\/wp\/v2\/product_cat?post=18601"},{"taxonomy":"product_tag","embeddable":true,"href":"https:\/\/365-housse.com\/es\/wp-json\/wp\/v2\/product_tag?post=18601"}],"curies":[{"name":"wp","href":"https:\/\/api.w.org\/{rel}","templated":true}]}}