{"id":18674,"date":"2023-06-12T08:35:06","date_gmt":"2023-06-12T08:35:06","guid":{"rendered":"https:\/\/365-housse.com\/products\/housse-siege-auto-sport\/"},"modified":"2024-09-17T14:58:17","modified_gmt":"2024-09-17T14:58:17","slug":"housse-siege-auto-sport","status":"publish","type":"product","link":"https:\/\/365-housse.com\/es\/productos\/housse-siege-auto-sport\/","title":{"rendered":"Funda para asiento de coche deportivo"},"content":{"rendered":"<h2>Si quieres darle un <strong>toque deportivo a tu veh\u00edculo<\/strong>, esta <strong>funda para silla de coche deportiva<\/strong> es la soluci\u00f3n. Combinar\u00e1 perfectamente con tus asientos, a la vez que los proteger\u00e1 de las manchas y el desgaste.<\/h2>\n<h3>Los beneficios de la <strong>funda para asiento de coche deportivo<\/strong>:<\/h3>\n<ul>\n<li>\n<p>Te ofrece<span> <\/span><strong>una protecci\u00f3n \u00f3ptima<\/strong><span> <\/span>contra salpicaduras, suciedad, animales,&#8230;<\/p>\n<\/li>\n<li>\n<p>Da una<span> <\/span><strong>apariencia \u00fanica<\/strong><span> <\/span>y<span> <\/span><strong>original<\/strong><span> <\/span>dentro de tu veh\u00edculo<\/p>\n<\/li>\n<li>\n<p>Tejido de alta calidad<span> <\/span><strong>que preserva el interior de tu coche<\/p>\n<\/li>\n<li>\n<p>F\u00e1cil de instalar y quitar<\/p>\n<\/li>\n<\/ul>\n<p><strong>Caracter\u00edsticas:<\/strong><\/p>\n<ul>\n<li>\n<p><span>Materiales: Poli\u00e9ster de alta calidad<br \/><\/span><\/p>\n<\/li>\n<li>\n<p><span>Protege contra grietas, suciedad, decoloraci\u00f3n,&#8230;<\/span><\/p>\n<\/li>\n<li>\n<p>Lavar a m\u00e1quina<\/p>\n<\/li>\n<li>\n<p>Tama\u00f1o: 116x55cm (Largo*Ancho)<\/p>\n<\/li>\n<li>Color: Gris y Negro<\/li>\n<\/ul>\n<p>Nuestras fundas se adaptan a diferentes modelos de asiento pero no sirven para todos:<\/p>\n<p><img decoding=\"async\" alt=\"\" height=\"230\" src=\"https:\/\/365-housse.com\/wp-content\/uploads\/2023\/06\/Capture_d_ecran_2021-09-06_a_14.33.03_480x480.png?v= 1630932708\" \/><\/p>\n<p>Gu\u00eda de usuario para ser m\u00e1s eficiente:<\/p>\n<p><img decoding=\"async\" alt=\"\" src=\"https:\/\/365-housse.com\/wp-content\/uploads\/2023\/06\/BLOC-4-A_-DBS_480x480.jpg?v=1630932747\" \/><\/p><\/p>\n","protected":false},"excerpt":{"rendered":"<p>Si quieres darle un toque deportivo a tu veh\u00edculo, esta funda para silla de coche deportiva es la soluci\u00f3n. Combinar\u00e1 perfectamente con tus asientos, a la vez que los proteger\u00e1 de las manchas y el desgaste. Los beneficios de la funda para asiento de coche deportivo: Te ofrece una protecci\u00f3n \u00f3ptima contra salpicaduras, suciedad, animales,&#8230; [&hellip;]<\/p>\n","protected":false},"featured_media":16697,"comment_status":"open","ping_status":"closed","template":"","meta":[],"product_cat":[158,170],"product_tag":[205],"class_list":{"0":"post-18674","1":"product","2":"type-product","3":"status-publish","4":"has-post-thumbnail","6":"product_cat-cubierta-exterior","7":"product_cat-funda-de-asiento","8":"product_tag-voiture-es","10":"first","11":"instock","12":"shipping-taxable","13":"purchasable","14":"product-type-variable"},"yoast_head":"<title>Funda para asiento de coche deportivo en entrega - gratis Ahorra un 30% en tu pedido<\/title>\n<meta name=\"description\" content=\"Recibe tu Funda para asiento de coche deportivo hoy y benef\u00edciate de la entrega - gratuita Env\u00edo en 24\/48h\" \/>\n<meta name=\"robots\" content=\"index, follow, max-snippet:-1, max-image-preview:large, max-video-preview:-1\" \/>\n<link rel=\"canonical\" href=\"https:\/\/365-housse.com\/es\/productos\/housse-siege-auto-sport\/\" \/>\n<meta property=\"og:locale\" content=\"es_ES\" \/>\n<meta property=\"og:type\" content=\"article\" \/>\n<meta property=\"og:title\" content=\"Funda para asiento de coche deportivo en entrega - gratis Ahorra un 30% en tu pedido\" \/>\n<meta property=\"og:description\" content=\"Recibe tu Funda para asiento de coche deportivo hoy y benef\u00edciate de la entrega - gratuita Env\u00edo en 24\/48h\" \/>\n<meta property=\"og:url\" content=\"https:\/\/365-housse.com\/es\/productos\/housse-siege-auto-sport\/\" \/>\n<meta property=\"og:site_name\" content=\"Housse de Canap\u00e9\" \/>\n<meta property=\"article:modified_time\" content=\"2024-09-17T14:58:17+00:00\" \/>\n<meta property=\"og:image\" content=\"https:\/\/365-housse.com\/wp-content\/uploads\/2023\/06\/housse-siege-auto-sport.png\" \/>\n\t<meta property=\"og:image:width\" content=\"516\" \/>\n\t<meta property=\"og:image:height\" content=\"438\" \/>\n\t<meta property=\"og:image:type\" content=\"image\/png\" \/>\n<meta name=\"twitter:card\" content=\"summary_large_image\" \/>\n<meta name=\"twitter:label1\" content=\"Tiempo de lectura\" \/>\n\t<meta name=\"twitter:data1\" content=\"1 minuto\" \/>\n<script type=\"application\/ld+json\" class=\"yoast-schema-graph\">{\"@context\":\"https:\/\/schema.org\",\"@graph\":[{\"@type\":\"WebPage\",\"@id\":\"https:\/\/365-housse.com\/es\/productos\/housse-siege-auto-sport\/\",\"url\":\"https:\/\/365-housse.com\/es\/productos\/housse-siege-auto-sport\/\",\"name\":\"Funda para asiento de coche deportivo en entrega - gratis Ahorra un 30% en tu pedido\",\"isPartOf\":{\"@id\":\"https:\/\/365-housse.com\/es\/#website\"},\"primaryImageOfPage\":{\"@id\":\"https:\/\/365-housse.com\/es\/productos\/housse-siege-auto-sport\/#primaryimage\"},\"image\":{\"@id\":\"https:\/\/365-housse.com\/es\/productos\/housse-siege-auto-sport\/#primaryimage\"},\"thumbnailUrl\":\"https:\/\/365-housse.com\/wp-content\/uploads\/2023\/06\/housse-siege-auto-sport.png\",\"datePublished\":\"2023-06-12T08:35:06+00:00\",\"dateModified\":\"2024-09-17T14:58:17+00:00\",\"description\":\"Recibe tu Funda para asiento de coche deportivo hoy y benef\u00edciate de la entrega - gratuita Env\u00edo en 24\/48h\",\"breadcrumb\":{\"@id\":\"https:\/\/365-housse.com\/es\/productos\/housse-siege-auto-sport\/#breadcrumb\"},\"inLanguage\":\"es\",\"potentialAction\":[{\"@type\":\"ReadAction\",\"target\":[\"https:\/\/365-housse.com\/es\/productos\/housse-siege-auto-sport\/\"]}]},{\"@type\":\"ImageObject\",\"inLanguage\":\"es\",\"@id\":\"https:\/\/365-housse.com\/es\/productos\/housse-siege-auto-sport\/#primaryimage\",\"url\":\"https:\/\/365-housse.com\/wp-content\/uploads\/2023\/06\/housse-siege-auto-sport.png\",\"contentUrl\":\"https:\/\/365-housse.com\/wp-content\/uploads\/2023\/06\/housse-siege-auto-sport.png\",\"width\":516,\"height\":438},{\"@type\":\"BreadcrumbList\",\"@id\":\"https:\/\/365-housse.com\/es\/productos\/housse-siege-auto-sport\/#breadcrumb\",\"itemListElement\":[{\"@type\":\"ListItem\",\"position\":1,\"name\":\"Accueil\",\"item\":\"https:\/\/365-housse.com\/es\/\"},{\"@type\":\"ListItem\",\"position\":2,\"name\":\"Tienda\",\"item\":\"https:\/\/365-housse.com\/es\/tienda\/\"},{\"@type\":\"ListItem\",\"position\":3,\"name\":\"Funda para asiento de coche deportivo\"}]},{\"@type\":\"WebSite\",\"@id\":\"https:\/\/365-housse.com\/es\/#website\",\"url\":\"https:\/\/365-housse.com\/es\/\",\"name\":\"Housse de Canap\u00e9\",\"description\":\"Le N\u00b01 de la Housse\",\"publisher\":{\"@id\":\"https:\/\/365-housse.com\/es\/#organization\"},\"potentialAction\":[{\"@type\":\"SearchAction\",\"target\":{\"@type\":\"EntryPoint\",\"urlTemplate\":\"https:\/\/365-housse.com\/es\/?s={search_term_string}\"},\"query-input\":{\"@type\":\"PropertyValueSpecification\",\"valueRequired\":true,\"valueName\":\"search_term_string\"}}],\"inLanguage\":\"es\"},{\"@type\":\"Organization\",\"@id\":\"https:\/\/365-housse.com\/es\/#organization\",\"name\":\"Housse de Canap\u00e9\",\"url\":\"https:\/\/365-housse.com\/es\/\",\"logo\":{\"@type\":\"ImageObject\",\"inLanguage\":\"es\",\"@id\":\"https:\/\/365-housse.com\/es\/#\/schema\/logo\/image\/\",\"url\":\"https:\/\/365-housse.com\/wp-content\/uploads\/2023\/06\/LOGO-400-\u00d7-200-px-392-x-134-px-16.png\",\"contentUrl\":\"https:\/\/365-housse.com\/wp-content\/uploads\/2023\/06\/LOGO-400-\u00d7-200-px-392-x-134-px-16.png\",\"width\":392,\"height\":134,\"caption\":\"Housse de Canap\u00e9\"},\"image\":{\"@id\":\"https:\/\/365-housse.com\/es\/#\/schema\/logo\/image\/\"}}]}<\/script>","yoast_head_json":{"title":"Funda para asiento de coche deportivo en entrega - gratis Ahorra un 30% en tu pedido","description":"Recibe tu Funda para asiento de coche deportivo hoy y benef\u00edciate de la entrega - gratuita Env\u00edo en 24\/48h","robots":{"index":"index","follow":"follow","max-snippet":"max-snippet:-1","max-image-preview":"max-image-preview:large","max-video-preview":"max-video-preview:-1"},"canonical":"https:\/\/365-housse.com\/es\/productos\/housse-siege-auto-sport\/","og_locale":"es_ES","og_type":"article","og_title":"Funda para asiento de coche deportivo en entrega - gratis Ahorra un 30% en tu pedido","og_description":"Recibe tu Funda para asiento de coche deportivo hoy y benef\u00edciate de la entrega - gratuita Env\u00edo en 24\/48h","og_url":"https:\/\/365-housse.com\/es\/productos\/housse-siege-auto-sport\/","og_site_name":"Housse de Canap\u00e9","article_modified_time":"2024-09-17T14:58:17+00:00","og_image":[{"width":516,"height":438,"url":"https:\/\/365-housse.com\/wp-content\/uploads\/2023\/06\/housse-siege-auto-sport.png","type":"image\/png"}],"twitter_card":"summary_large_image","twitter_misc":{"Tiempo de lectura":"1 minuto"},"schema":{"@context":"https:\/\/schema.org","@graph":[{"@type":"WebPage","@id":"https:\/\/365-housse.com\/es\/productos\/housse-siege-auto-sport\/","url":"https:\/\/365-housse.com\/es\/productos\/housse-siege-auto-sport\/","name":"Funda para asiento de coche deportivo en entrega - gratis Ahorra un 30% en tu pedido","isPartOf":{"@id":"https:\/\/365-housse.com\/es\/#website"},"primaryImageOfPage":{"@id":"https:\/\/365-housse.com\/es\/productos\/housse-siege-auto-sport\/#primaryimage"},"image":{"@id":"https:\/\/365-housse.com\/es\/productos\/housse-siege-auto-sport\/#primaryimage"},"thumbnailUrl":"https:\/\/365-housse.com\/wp-content\/uploads\/2023\/06\/housse-siege-auto-sport.png","datePublished":"2023-06-12T08:35:06+00:00","dateModified":"2024-09-17T14:58:17+00:00","description":"Recibe tu Funda para asiento de coche deportivo hoy y benef\u00edciate de la entrega - gratuita Env\u00edo en 24\/48h","breadcrumb":{"@id":"https:\/\/365-housse.com\/es\/productos\/housse-siege-auto-sport\/#breadcrumb"},"inLanguage":"es","potentialAction":[{"@type":"ReadAction","target":["https:\/\/365-housse.com\/es\/productos\/housse-siege-auto-sport\/"]}]},{"@type":"ImageObject","inLanguage":"es","@id":"https:\/\/365-housse.com\/es\/productos\/housse-siege-auto-sport\/#primaryimage","url":"https:\/\/365-housse.com\/wp-content\/uploads\/2023\/06\/housse-siege-auto-sport.png","contentUrl":"https:\/\/365-housse.com\/wp-content\/uploads\/2023\/06\/housse-siege-auto-sport.png","width":516,"height":438},{"@type":"BreadcrumbList","@id":"https:\/\/365-housse.com\/es\/productos\/housse-siege-auto-sport\/#breadcrumb","itemListElement":[{"@type":"ListItem","position":1,"name":"Accueil","item":"https:\/\/365-housse.com\/es\/"},{"@type":"ListItem","position":2,"name":"Tienda","item":"https:\/\/365-housse.com\/es\/tienda\/"},{"@type":"ListItem","position":3,"name":"Funda para asiento de coche deportivo"}]},{"@type":"WebSite","@id":"https:\/\/365-housse.com\/es\/#website","url":"https:\/\/365-housse.com\/es\/","name":"Housse de Canap\u00e9","description":"Le N\u00b01 de la Housse","publisher":{"@id":"https:\/\/365-housse.com\/es\/#organization"},"potentialAction":[{"@type":"SearchAction","target":{"@type":"EntryPoint","urlTemplate":"https:\/\/365-housse.com\/es\/?s={search_term_string}"},"query-input":{"@type":"PropertyValueSpecification","valueRequired":true,"valueName":"search_term_string"}}],"inLanguage":"es"},{"@type":"Organization","@id":"https:\/\/365-housse.com\/es\/#organization","name":"Housse de Canap\u00e9","url":"https:\/\/365-housse.com\/es\/","logo":{"@type":"ImageObject","inLanguage":"es","@id":"https:\/\/365-housse.com\/es\/#\/schema\/logo\/image\/","url":"https:\/\/365-housse.com\/wp-content\/uploads\/2023\/06\/LOGO-400-\u00d7-200-px-392-x-134-px-16.png","contentUrl":"https:\/\/365-housse.com\/wp-content\/uploads\/2023\/06\/LOGO-400-\u00d7-200-px-392-x-134-px-16.png","width":392,"height":134,"caption":"Housse de Canap\u00e9"},"image":{"@id":"https:\/\/365-housse.com\/es\/#\/schema\/logo\/image\/"}}]}},"_links":{"self":[{"href":"https:\/\/365-housse.com\/es\/wp-json\/wp\/v2\/product\/18674"}],"collection":[{"href":"https:\/\/365-housse.com\/es\/wp-json\/wp\/v2\/product"}],"about":[{"href":"https:\/\/365-housse.com\/es\/wp-json\/wp\/v2\/types\/product"}],"replies":[{"embeddable":true,"href":"https:\/\/365-housse.com\/es\/wp-json\/wp\/v2\/comments?post=18674"}],"wp:featuredmedia":[{"embeddable":true,"href":"https:\/\/365-housse.com\/es\/wp-json\/wp\/v2\/media\/16697"}],"wp:attachment":[{"href":"https:\/\/365-housse.com\/es\/wp-json\/wp\/v2\/media?parent=18674"}],"wp:term":[{"taxonomy":"product_cat","embeddable":true,"href":"https:\/\/365-housse.com\/es\/wp-json\/wp\/v2\/product_cat?post=18674"},{"taxonomy":"product_tag","embeddable":true,"href":"https:\/\/365-housse.com\/es\/wp-json\/wp\/v2\/product_tag?post=18674"}],"curies":[{"name":"wp","href":"https:\/\/api.w.org\/{rel}","templated":true}]}}