{"id":18702,"date":"2023-06-12T08:34:55","date_gmt":"2023-06-12T08:34:55","guid":{"rendered":"https:\/\/365-housse.com\/products\/housse-siege-auto-originale\/"},"modified":"2024-09-17T14:58:28","modified_gmt":"2024-09-17T14:58:28","slug":"housse-siege-auto-originale","status":"publish","type":"product","link":"https:\/\/365-housse.com\/es\/productos\/housse-siege-auto-originale\/","title":{"rendered":"Funda de asiento de coche original"},"content":{"rendered":"<h2>Disfruta de las <strong>ventajas de la funda original para asiento de coche<\/strong> durante tus salidas de caza y comb\u00ednala con tu conjunto para lograr una perfecta armon\u00eda.<\/h2>\n<h3 data-mce-fragment=\"1\">Ventajas de la <strong data-mce-fragment=\"1\">funda original para asiento de coche<\/strong>:<\/h3>\n<ul>\n<li>\n<p data-mce-fragment=\"1\">M\u00e1xima protecci\u00f3n<\/strong><span> <\/span>contra manchas, animales, bebidas,&#8230;<\/p>\n<\/li>\n<li>\n<p data-mce-fragment=\"1\">A\u00f1ade un<span data-mce-fragment=\"1\"><\/span><strong data-mce-fragment=\"1\">toque de originalidad<\/strong>  <\/span>a su autom\u00f3vil con esta tela de calidad.<\/p>\n<\/li>\n<li>\n<p data-mce-fragment=\"1\">Alta calidad<span data-mce-fragment=\"1\"><\/span><strong data-mce-fragment=\"1\">tela<\/strong><span> <\/span>para proteger el interior de su veh\u00edculo.<\/p>\n<\/li>\n<li data-mce-fragment=\"1\"><span data-mce-fragment=\"1\">F\u00e1cil de instalar y quitar <\/span><\/li>\n<\/ul>\n<p data-mce-fragment=\"1\"><strong data-mce-fragment=\"1\">Caracter\u00edsticas:<\/strong><\/p>\n<ul>\n<li>\n<p data-mce-fragment=\"1\"><span data-mce-fragment=\"1\">Materiales: poli\u00e9ster de primera calidad<br data-mce-fragment=\"1\" \/><\/span><\/p>\n<\/li>\n<li>\n<p data-mce-fragment=\"1\"><span data-mce-fragment=\"1\">Protecci\u00f3n contra grietas, manchas, decoloraci\u00f3n,&#8230;<\/span><\/p>\n<\/li>\n<li>\n<p data-mce-fragment=\"1\">Lavable a m\u00e1quina<\/p>\n<\/li>\n<\/ul>\n<ul>\n<li>Tama\u00f1o: 135x76cm (Largo*Ancho)<\/li>\n<\/ul>\n<ul>\n<li data-mce-fragment=\"1\">Color: Camuflaje<br data-mce-fragment=\"1\" \/> <\/li>\n<\/ul>\n<p>Nuestras fundas se adaptan a diferentes modelos pero no a todos los asientos:<\/p>\n<p><img decoding=\"async\" alt=\"\" height=\"230\" src=\"https:\/\/365-housse.com\/wp-content\/uploads\/2023\/06\/Capture_d_ecran_2021-09-06_a_14.33.03_480x480.png?v= 1630932708\" \/><\/p>\n<p>Gu\u00eda de usuario para ser m\u00e1s eficiente:<\/p>\n<p><img decoding=\"async\" alt=\"\" src=\"https:\/\/365-housse.com\/wp-content\/uploads\/2023\/06\/BLOC-4-A_-DBS_480x480.jpg?v=1630932747\" \/><\/p>\n<\/p>\n<h2>Disfruta de los <strong>beneficios de la funda original para asiento de coche<\/strong> durante tus expediciones de caza y comb\u00ednala con tu vestimenta para lograr una perfecci\u00f3n armoniosa.<\/h2>\n<h3 data-mce-fragment=\"1\">Beneficios de la <strong data-mce-fragment=\"1\">funda original para asiento de coche<\/strong>:<\/h3>\n<ul>\n<li>\n<p data-mce-fragment=\"1\">Protecci\u00f3n \u00f3ptima<\/strong><span> <\/span>contra manchas, animales, bebidas,&#8230;<\/p>\n<\/li>\n<li>\n<p data-mce-fragment=\"1\">A\u00f1ade una<span data-mce-fragment=\"1\"><\/span><strong data-mce-fragment=\"1\">personalidad \u00fanica<\/strong><span data-mce-fragment=\"1\"> <\/span>a su veh\u00edculo con este tejido de calidad.<\/p>\n<\/li>\n<li>\n<p data-mce-fragment=\"1\">Premium<span data-mce-fragment=\"1\"><\/span><strong data-mce-fragment=\"1\">Tela<\/strong><span> <\/span>para proteger el interior de su veh\u00edculo.<\/p>\n<\/li>\n<li data-mce-fragment=\"1\"><span data-mce-fragment=\"1\">F\u00e1cil de instalar y quitar <\/span><\/li>\n<\/ul>\n<p data-mce-fragment=\"1\"><strong data-mce-fragment=\"1\">Caracter\u00edsticas:<\/strong><\/p>\n<ul>\n<li>\n<p data-mce-fragment=\"1\"><span data-mce-fragment=\"1\">Materiales: Poli\u00e9ster de calidad excepcional<br data-mce-fragment=\"1\" \/><\/span><\/p>\n<\/li>\n<li>\n<p data-mce-fragment=\"1\"><span data-mce-fragment=\"1\">Protecci\u00f3n contra rayones, manchas, decoloraci\u00f3n,&#8230;<\/span><\/p>\n<\/li>\n<li>\n<p data-mce-fragment=\"1\">Lavable a m\u00e1quina<\/p>\n<\/li>\n<\/ul>\n<ul>\n<li>Tama\u00f1o: 135x76cm (Largo*Ancho)<\/li>\n<\/ul>\n<ul>\n<li data-mce-fragment=\"1\">Color: Camuflaje<br data-mce-fragment=\"1\" \/> <\/li>\n<\/ul>\n<p>Nuestras fundas se adaptan a diferentes modelos pero no a todos los asientos:<\/p>\n<p>&lt;img alt=&quot;&quot; altura = \u00ab230\u00bb src=&quot;https:\/\/365-housse.com\/wp-content\/uploads\/2023\/06\/Capture_d_ecran_2021-09-06_a_14.33.03_480x480.png?v=1630932708&quot; estilo = \u00abmargen-izquierda: auto; margen-derecha: auto\u00bb ancho = \u00ab397\u00bb<\/p>\n","protected":false},"excerpt":{"rendered":"<p>Disfruta de las ventajas de la funda original para asiento de coche durante tus salidas de caza y comb\u00ednala con tu conjunto para lograr una perfecta armon\u00eda. Ventajas de la funda original para asiento de coche: M\u00e1xima protecci\u00f3n contra manchas, animales, bebidas,&#8230; A\u00f1ade untoque de originalidad a su autom\u00f3vil con esta tela de calidad. Alta [&hellip;]<\/p>\n","protected":false},"featured_media":16675,"comment_status":"open","ping_status":"closed","template":"","meta":[],"product_cat":[158,170],"product_tag":[206,205],"class_list":{"0":"post-18702","1":"product","2":"type-product","3":"status-publish","4":"has-post-thumbnail","6":"product_cat-cubierta-exterior","7":"product_cat-funda-de-asiento","8":"product_tag-exterieur-es","9":"product_tag-voiture-es","11":"first","12":"instock","13":"shipping-taxable","14":"product-type-variable"},"yoast_head":"<title>Funda de asiento de coche original en entrega - gratis Ahorra un 30% en tu pedido<\/title>\n<meta name=\"description\" content=\"Recibe tu Funda de asiento de coche original hoy y benef\u00edciate de la entrega - gratuita Env\u00edo en 24\/48h\" \/>\n<meta name=\"robots\" content=\"index, follow, max-snippet:-1, max-image-preview:large, max-video-preview:-1\" \/>\n<link rel=\"canonical\" href=\"https:\/\/365-housse.com\/es\/productos\/housse-siege-auto-originale\/\" \/>\n<meta property=\"og:locale\" content=\"es_ES\" \/>\n<meta property=\"og:type\" content=\"article\" \/>\n<meta property=\"og:title\" content=\"Funda de asiento de coche original en entrega - gratis Ahorra un 30% en tu pedido\" \/>\n<meta property=\"og:description\" content=\"Recibe tu Funda de asiento de coche original hoy y benef\u00edciate de la entrega - gratuita Env\u00edo en 24\/48h\" \/>\n<meta property=\"og:url\" content=\"https:\/\/365-housse.com\/es\/productos\/housse-siege-auto-originale\/\" \/>\n<meta property=\"og:site_name\" content=\"Housse de Canap\u00e9\" \/>\n<meta property=\"article:modified_time\" content=\"2024-09-17T14:58:28+00:00\" \/>\n<meta property=\"og:image\" content=\"https:\/\/365-housse.com\/wp-content\/uploads\/2023\/06\/housse-siege-auto-originale.png\" \/>\n\t<meta property=\"og:image:width\" content=\"447\" \/>\n\t<meta property=\"og:image:height\" content=\"441\" \/>\n\t<meta property=\"og:image:type\" content=\"image\/png\" \/>\n<meta name=\"twitter:card\" content=\"summary_large_image\" \/>\n<meta name=\"twitter:label1\" content=\"Tiempo de lectura\" \/>\n\t<meta name=\"twitter:data1\" content=\"1 minuto\" \/>\n<script type=\"application\/ld+json\" class=\"yoast-schema-graph\">{\"@context\":\"https:\/\/schema.org\",\"@graph\":[{\"@type\":\"WebPage\",\"@id\":\"https:\/\/365-housse.com\/es\/productos\/housse-siege-auto-originale\/\",\"url\":\"https:\/\/365-housse.com\/es\/productos\/housse-siege-auto-originale\/\",\"name\":\"Funda de asiento de coche original en entrega - gratis Ahorra un 30% en tu pedido\",\"isPartOf\":{\"@id\":\"https:\/\/365-housse.com\/es\/#website\"},\"primaryImageOfPage\":{\"@id\":\"https:\/\/365-housse.com\/es\/productos\/housse-siege-auto-originale\/#primaryimage\"},\"image\":{\"@id\":\"https:\/\/365-housse.com\/es\/productos\/housse-siege-auto-originale\/#primaryimage\"},\"thumbnailUrl\":\"https:\/\/365-housse.com\/wp-content\/uploads\/2023\/06\/housse-siege-auto-originale.jpg\",\"datePublished\":\"2023-06-12T08:34:55+00:00\",\"dateModified\":\"2024-09-17T14:58:28+00:00\",\"description\":\"Recibe tu Funda de asiento de coche original hoy y benef\u00edciate de la entrega - gratuita Env\u00edo en 24\/48h\",\"breadcrumb\":{\"@id\":\"https:\/\/365-housse.com\/es\/productos\/housse-siege-auto-originale\/#breadcrumb\"},\"inLanguage\":\"es\",\"potentialAction\":[{\"@type\":\"ReadAction\",\"target\":[\"https:\/\/365-housse.com\/es\/productos\/housse-siege-auto-originale\/\"]}]},{\"@type\":\"ImageObject\",\"inLanguage\":\"es\",\"@id\":\"https:\/\/365-housse.com\/es\/productos\/housse-siege-auto-originale\/#primaryimage\",\"url\":\"https:\/\/365-housse.com\/wp-content\/uploads\/2023\/06\/housse-siege-auto-originale.jpg\",\"contentUrl\":\"https:\/\/365-housse.com\/wp-content\/uploads\/2023\/06\/housse-siege-auto-originale.jpg\",\"width\":447,\"height\":441},{\"@type\":\"BreadcrumbList\",\"@id\":\"https:\/\/365-housse.com\/es\/productos\/housse-siege-auto-originale\/#breadcrumb\",\"itemListElement\":[{\"@type\":\"ListItem\",\"position\":1,\"name\":\"Accueil\",\"item\":\"https:\/\/365-housse.com\/es\/\"},{\"@type\":\"ListItem\",\"position\":2,\"name\":\"Tienda\",\"item\":\"https:\/\/365-housse.com\/es\/tienda\/\"},{\"@type\":\"ListItem\",\"position\":3,\"name\":\"Funda de asiento de coche original\"}]},{\"@type\":\"WebSite\",\"@id\":\"https:\/\/365-housse.com\/es\/#website\",\"url\":\"https:\/\/365-housse.com\/es\/\",\"name\":\"Housse de Canap\u00e9\",\"description\":\"Le N\u00b01 de la Housse\",\"publisher\":{\"@id\":\"https:\/\/365-housse.com\/es\/#organization\"},\"potentialAction\":[{\"@type\":\"SearchAction\",\"target\":{\"@type\":\"EntryPoint\",\"urlTemplate\":\"https:\/\/365-housse.com\/es\/?s={search_term_string}\"},\"query-input\":{\"@type\":\"PropertyValueSpecification\",\"valueRequired\":true,\"valueName\":\"search_term_string\"}}],\"inLanguage\":\"es\"},{\"@type\":\"Organization\",\"@id\":\"https:\/\/365-housse.com\/es\/#organization\",\"name\":\"Housse de Canap\u00e9\",\"url\":\"https:\/\/365-housse.com\/es\/\",\"logo\":{\"@type\":\"ImageObject\",\"inLanguage\":\"es\",\"@id\":\"https:\/\/365-housse.com\/es\/#\/schema\/logo\/image\/\",\"url\":\"https:\/\/365-housse.com\/wp-content\/uploads\/2023\/06\/LOGO-400-\u00d7-200-px-392-x-134-px-16.png\",\"contentUrl\":\"https:\/\/365-housse.com\/wp-content\/uploads\/2023\/06\/LOGO-400-\u00d7-200-px-392-x-134-px-16.png\",\"width\":392,\"height\":134,\"caption\":\"Housse de Canap\u00e9\"},\"image\":{\"@id\":\"https:\/\/365-housse.com\/es\/#\/schema\/logo\/image\/\"}}]}<\/script>","yoast_head_json":{"title":"Funda de asiento de coche original en entrega - gratis Ahorra un 30% en tu pedido","description":"Recibe tu Funda de asiento de coche original hoy y benef\u00edciate de la entrega - gratuita Env\u00edo en 24\/48h","robots":{"index":"index","follow":"follow","max-snippet":"max-snippet:-1","max-image-preview":"max-image-preview:large","max-video-preview":"max-video-preview:-1"},"canonical":"https:\/\/365-housse.com\/es\/productos\/housse-siege-auto-originale\/","og_locale":"es_ES","og_type":"article","og_title":"Funda de asiento de coche original en entrega - gratis Ahorra un 30% en tu pedido","og_description":"Recibe tu Funda de asiento de coche original hoy y benef\u00edciate de la entrega - gratuita Env\u00edo en 24\/48h","og_url":"https:\/\/365-housse.com\/es\/productos\/housse-siege-auto-originale\/","og_site_name":"Housse de Canap\u00e9","article_modified_time":"2024-09-17T14:58:28+00:00","og_image":[{"width":447,"height":441,"url":"https:\/\/365-housse.com\/wp-content\/uploads\/2023\/06\/housse-siege-auto-originale.png","type":"image\/png"}],"twitter_card":"summary_large_image","twitter_misc":{"Tiempo de lectura":"1 minuto"},"schema":{"@context":"https:\/\/schema.org","@graph":[{"@type":"WebPage","@id":"https:\/\/365-housse.com\/es\/productos\/housse-siege-auto-originale\/","url":"https:\/\/365-housse.com\/es\/productos\/housse-siege-auto-originale\/","name":"Funda de asiento de coche original en entrega - gratis Ahorra un 30% en tu pedido","isPartOf":{"@id":"https:\/\/365-housse.com\/es\/#website"},"primaryImageOfPage":{"@id":"https:\/\/365-housse.com\/es\/productos\/housse-siege-auto-originale\/#primaryimage"},"image":{"@id":"https:\/\/365-housse.com\/es\/productos\/housse-siege-auto-originale\/#primaryimage"},"thumbnailUrl":"https:\/\/365-housse.com\/wp-content\/uploads\/2023\/06\/housse-siege-auto-originale.jpg","datePublished":"2023-06-12T08:34:55+00:00","dateModified":"2024-09-17T14:58:28+00:00","description":"Recibe tu Funda de asiento de coche original hoy y benef\u00edciate de la entrega - gratuita Env\u00edo en 24\/48h","breadcrumb":{"@id":"https:\/\/365-housse.com\/es\/productos\/housse-siege-auto-originale\/#breadcrumb"},"inLanguage":"es","potentialAction":[{"@type":"ReadAction","target":["https:\/\/365-housse.com\/es\/productos\/housse-siege-auto-originale\/"]}]},{"@type":"ImageObject","inLanguage":"es","@id":"https:\/\/365-housse.com\/es\/productos\/housse-siege-auto-originale\/#primaryimage","url":"https:\/\/365-housse.com\/wp-content\/uploads\/2023\/06\/housse-siege-auto-originale.jpg","contentUrl":"https:\/\/365-housse.com\/wp-content\/uploads\/2023\/06\/housse-siege-auto-originale.jpg","width":447,"height":441},{"@type":"BreadcrumbList","@id":"https:\/\/365-housse.com\/es\/productos\/housse-siege-auto-originale\/#breadcrumb","itemListElement":[{"@type":"ListItem","position":1,"name":"Accueil","item":"https:\/\/365-housse.com\/es\/"},{"@type":"ListItem","position":2,"name":"Tienda","item":"https:\/\/365-housse.com\/es\/tienda\/"},{"@type":"ListItem","position":3,"name":"Funda de asiento de coche original"}]},{"@type":"WebSite","@id":"https:\/\/365-housse.com\/es\/#website","url":"https:\/\/365-housse.com\/es\/","name":"Housse de Canap\u00e9","description":"Le N\u00b01 de la Housse","publisher":{"@id":"https:\/\/365-housse.com\/es\/#organization"},"potentialAction":[{"@type":"SearchAction","target":{"@type":"EntryPoint","urlTemplate":"https:\/\/365-housse.com\/es\/?s={search_term_string}"},"query-input":{"@type":"PropertyValueSpecification","valueRequired":true,"valueName":"search_term_string"}}],"inLanguage":"es"},{"@type":"Organization","@id":"https:\/\/365-housse.com\/es\/#organization","name":"Housse de Canap\u00e9","url":"https:\/\/365-housse.com\/es\/","logo":{"@type":"ImageObject","inLanguage":"es","@id":"https:\/\/365-housse.com\/es\/#\/schema\/logo\/image\/","url":"https:\/\/365-housse.com\/wp-content\/uploads\/2023\/06\/LOGO-400-\u00d7-200-px-392-x-134-px-16.png","contentUrl":"https:\/\/365-housse.com\/wp-content\/uploads\/2023\/06\/LOGO-400-\u00d7-200-px-392-x-134-px-16.png","width":392,"height":134,"caption":"Housse de Canap\u00e9"},"image":{"@id":"https:\/\/365-housse.com\/es\/#\/schema\/logo\/image\/"}}]}},"_links":{"self":[{"href":"https:\/\/365-housse.com\/es\/wp-json\/wp\/v2\/product\/18702"}],"collection":[{"href":"https:\/\/365-housse.com\/es\/wp-json\/wp\/v2\/product"}],"about":[{"href":"https:\/\/365-housse.com\/es\/wp-json\/wp\/v2\/types\/product"}],"replies":[{"embeddable":true,"href":"https:\/\/365-housse.com\/es\/wp-json\/wp\/v2\/comments?post=18702"}],"wp:featuredmedia":[{"embeddable":true,"href":"https:\/\/365-housse.com\/es\/wp-json\/wp\/v2\/media\/16675"}],"wp:attachment":[{"href":"https:\/\/365-housse.com\/es\/wp-json\/wp\/v2\/media?parent=18702"}],"wp:term":[{"taxonomy":"product_cat","embeddable":true,"href":"https:\/\/365-housse.com\/es\/wp-json\/wp\/v2\/product_cat?post=18702"},{"taxonomy":"product_tag","embeddable":true,"href":"https:\/\/365-housse.com\/es\/wp-json\/wp\/v2\/product_tag?post=18702"}],"curies":[{"name":"wp","href":"https:\/\/api.w.org\/{rel}","templated":true}]}}