{"id":18728,"date":"2023-06-12T08:34:45","date_gmt":"2023-06-12T08:34:45","guid":{"rendered":"https:\/\/365-housse.com\/products\/housse-salon-de-jardin-argente\/"},"modified":"2024-09-17T14:58:36","modified_gmt":"2024-09-17T14:58:36","slug":"housse-salon-de-jardin-argente","status":"publish","type":"product","link":"https:\/\/365-housse.com\/es\/productos\/housse-salon-de-jardin-argente\/","title":{"rendered":"Funda para muebles de jard\u00edn plateada"},"content":{"rendered":"<h2>\u00a1Mant\u00e9n tus muebles de jard\u00edn protegidos del mal tiempo con nuestra <strong>funda protectora plateada<\/strong>! \u00a1Disponible en diferentes tama\u00f1os, se adaptar\u00e1 perfectamente a tus muebles!<\/h2>\n<h3><strong>Ventajas de la funda protectora plateada:<\/strong><\/h3>\n<ul>\n<li>\n<p>Ofrece una <strong>protecci\u00f3n \u00f3ptima<\/strong> frente a las condiciones clim\u00e1ticas externas.<\/p>\n<\/li>\n<li>\n<p>Aporta a tu espacio exterior un <strong>estilo \u00fanico<\/strong>.<\/p>\n<\/li>\n<li>\n<p><strong>Tela de alta calidad<\/strong>, preservando la calidad de tus muebles de jard\u00edn.<\/p>\n<\/li>\n<li>\n<p><strong>F\u00e1cil de instalar<\/strong> y quitar.<\/p>\n<\/li>\n<li>\n<p><strong>Ampl\u00eda la vida \u00fatil<\/strong> de tus muebles de jard\u00edn.<\/p>\n<\/li>\n<\/ul>\n<p><strong>Caracter\u00edsticas:<\/strong><\/p>\n<ul>\n<li>\n<p>Material: revestimiento de PVC (poli\u00e9ster de alta calidad)<\/p>\n<\/li>\n<li>\n<p><strong>Impermeable<\/strong>, anti ultravioleta y disipador de calor.<\/p>\n<\/li>\n<li>\n<p>Costura fuerte de doble puntada y cord\u00f3n ajustable.<\/p>\n<\/li>\n<li>\n<p>Dise\u00f1ado para soportar temperaturas extremas.<\/p>\n<\/li>\n<li>\n<p>Diferentes tama\u00f1os disponibles (L*w*h).<\/p>\n<\/li>\n<li>Se vende con su bolsa de almacenamiento.<\/li>\n<\/ul>\n","protected":false},"excerpt":{"rendered":"<p>\u00a1Mant\u00e9n tus muebles de jard\u00edn protegidos del mal tiempo con nuestra funda protectora plateada! \u00a1Disponible en diferentes tama\u00f1os, se adaptar\u00e1 perfectamente a tus muebles! Ventajas de la funda protectora plateada: Ofrece una protecci\u00f3n \u00f3ptima frente a las condiciones clim\u00e1ticas externas. Aporta a tu espacio exterior un estilo \u00fanico. Tela de alta calidad, preservando la calidad [&hellip;]<\/p>\n","protected":false},"featured_media":16650,"comment_status":"open","ping_status":"closed","template":"","meta":[],"product_cat":[158,169],"product_tag":[206,202],"class_list":{"0":"post-18728","1":"product","2":"type-product","3":"status-publish","4":"has-post-thumbnail","6":"product_cat-cubierta-exterior","7":"product_cat-funda-para-muebles-de-jardin","8":"product_tag-exterieur-es","9":"product_tag-jardin-es","11":"first","12":"instock","13":"shipping-taxable","14":"purchasable","15":"product-type-variable"},"yoast_head":"<title>Funda para muebles de jard\u00edn plateada en entrega - gratis Ahorra un 30% en tu pedido<\/title>\n<meta name=\"description\" content=\"Recibe tu Funda para muebles de jard\u00edn plateada hoy y benef\u00edciate de la entrega - gratuita Env\u00edo en 24\/48h\" \/>\n<meta name=\"robots\" content=\"index, follow, max-snippet:-1, max-image-preview:large, max-video-preview:-1\" \/>\n<link rel=\"canonical\" href=\"https:\/\/365-housse.com\/es\/productos\/housse-salon-de-jardin-argente\/\" \/>\n<meta property=\"og:locale\" content=\"es_ES\" \/>\n<meta property=\"og:type\" content=\"article\" \/>\n<meta property=\"og:title\" content=\"Funda para muebles de jard\u00edn plateada en entrega - gratis Ahorra un 30% en tu pedido\" \/>\n<meta property=\"og:description\" content=\"Recibe tu Funda para muebles de jard\u00edn plateada hoy y benef\u00edciate de la entrega - gratuita Env\u00edo en 24\/48h\" \/>\n<meta property=\"og:url\" content=\"https:\/\/365-housse.com\/es\/productos\/housse-salon-de-jardin-argente\/\" \/>\n<meta property=\"og:site_name\" content=\"Housse de Canap\u00e9\" \/>\n<meta property=\"article:modified_time\" content=\"2024-09-17T14:58:36+00:00\" \/>\n<meta property=\"og:image\" content=\"https:\/\/365-housse.com\/wp-content\/uploads\/2023\/06\/Captured_ecran2021-10-06a19.09.35.png\" \/>\n\t<meta property=\"og:image:width\" content=\"758\" \/>\n\t<meta property=\"og:image:height\" content=\"760\" \/>\n\t<meta property=\"og:image:type\" content=\"image\/png\" \/>\n<meta name=\"twitter:card\" content=\"summary_large_image\" \/>\n<meta name=\"twitter:label1\" content=\"Tiempo de lectura\" \/>\n\t<meta name=\"twitter:data1\" content=\"1 minuto\" \/>\n<script type=\"application\/ld+json\" class=\"yoast-schema-graph\">{\"@context\":\"https:\/\/schema.org\",\"@graph\":[{\"@type\":\"WebPage\",\"@id\":\"https:\/\/365-housse.com\/es\/productos\/housse-salon-de-jardin-argente\/\",\"url\":\"https:\/\/365-housse.com\/es\/productos\/housse-salon-de-jardin-argente\/\",\"name\":\"Funda para muebles de jard\u00edn plateada en entrega - gratis Ahorra un 30% en tu pedido\",\"isPartOf\":{\"@id\":\"https:\/\/365-housse.com\/es\/#website\"},\"primaryImageOfPage\":{\"@id\":\"https:\/\/365-housse.com\/es\/productos\/housse-salon-de-jardin-argente\/#primaryimage\"},\"image\":{\"@id\":\"https:\/\/365-housse.com\/es\/productos\/housse-salon-de-jardin-argente\/#primaryimage\"},\"thumbnailUrl\":\"https:\/\/365-housse.com\/wp-content\/uploads\/2023\/06\/Captured_ecran2021-10-06a19.09.35.jpg\",\"datePublished\":\"2023-06-12T08:34:45+00:00\",\"dateModified\":\"2024-09-17T14:58:36+00:00\",\"description\":\"Recibe tu Funda para muebles de jard\u00edn plateada hoy y benef\u00edciate de la entrega - gratuita Env\u00edo en 24\/48h\",\"breadcrumb\":{\"@id\":\"https:\/\/365-housse.com\/es\/productos\/housse-salon-de-jardin-argente\/#breadcrumb\"},\"inLanguage\":\"es\",\"potentialAction\":[{\"@type\":\"ReadAction\",\"target\":[\"https:\/\/365-housse.com\/es\/productos\/housse-salon-de-jardin-argente\/\"]}]},{\"@type\":\"ImageObject\",\"inLanguage\":\"es\",\"@id\":\"https:\/\/365-housse.com\/es\/productos\/housse-salon-de-jardin-argente\/#primaryimage\",\"url\":\"https:\/\/365-housse.com\/wp-content\/uploads\/2023\/06\/Captured_ecran2021-10-06a19.09.35.jpg\",\"contentUrl\":\"https:\/\/365-housse.com\/wp-content\/uploads\/2023\/06\/Captured_ecran2021-10-06a19.09.35.jpg\",\"width\":758,\"height\":760},{\"@type\":\"BreadcrumbList\",\"@id\":\"https:\/\/365-housse.com\/es\/productos\/housse-salon-de-jardin-argente\/#breadcrumb\",\"itemListElement\":[{\"@type\":\"ListItem\",\"position\":1,\"name\":\"Accueil\",\"item\":\"https:\/\/365-housse.com\/es\/\"},{\"@type\":\"ListItem\",\"position\":2,\"name\":\"Tienda\",\"item\":\"https:\/\/365-housse.com\/es\/tienda\/\"},{\"@type\":\"ListItem\",\"position\":3,\"name\":\"Funda para muebles de jard\u00edn plateada\"}]},{\"@type\":\"WebSite\",\"@id\":\"https:\/\/365-housse.com\/es\/#website\",\"url\":\"https:\/\/365-housse.com\/es\/\",\"name\":\"Housse de Canap\u00e9\",\"description\":\"Le N\u00b01 de la Housse\",\"publisher\":{\"@id\":\"https:\/\/365-housse.com\/es\/#organization\"},\"potentialAction\":[{\"@type\":\"SearchAction\",\"target\":{\"@type\":\"EntryPoint\",\"urlTemplate\":\"https:\/\/365-housse.com\/es\/?s={search_term_string}\"},\"query-input\":{\"@type\":\"PropertyValueSpecification\",\"valueRequired\":true,\"valueName\":\"search_term_string\"}}],\"inLanguage\":\"es\"},{\"@type\":\"Organization\",\"@id\":\"https:\/\/365-housse.com\/es\/#organization\",\"name\":\"Housse de Canap\u00e9\",\"url\":\"https:\/\/365-housse.com\/es\/\",\"logo\":{\"@type\":\"ImageObject\",\"inLanguage\":\"es\",\"@id\":\"https:\/\/365-housse.com\/es\/#\/schema\/logo\/image\/\",\"url\":\"https:\/\/365-housse.com\/wp-content\/uploads\/2023\/06\/LOGO-400-\u00d7-200-px-392-x-134-px-16.png\",\"contentUrl\":\"https:\/\/365-housse.com\/wp-content\/uploads\/2023\/06\/LOGO-400-\u00d7-200-px-392-x-134-px-16.png\",\"width\":392,\"height\":134,\"caption\":\"Housse de Canap\u00e9\"},\"image\":{\"@id\":\"https:\/\/365-housse.com\/es\/#\/schema\/logo\/image\/\"}}]}<\/script>","yoast_head_json":{"title":"Funda para muebles de jard\u00edn plateada en entrega - gratis Ahorra un 30% en tu pedido","description":"Recibe tu Funda para muebles de jard\u00edn plateada hoy y benef\u00edciate de la entrega - gratuita Env\u00edo en 24\/48h","robots":{"index":"index","follow":"follow","max-snippet":"max-snippet:-1","max-image-preview":"max-image-preview:large","max-video-preview":"max-video-preview:-1"},"canonical":"https:\/\/365-housse.com\/es\/productos\/housse-salon-de-jardin-argente\/","og_locale":"es_ES","og_type":"article","og_title":"Funda para muebles de jard\u00edn plateada en entrega - gratis Ahorra un 30% en tu pedido","og_description":"Recibe tu Funda para muebles de jard\u00edn plateada hoy y benef\u00edciate de la entrega - gratuita Env\u00edo en 24\/48h","og_url":"https:\/\/365-housse.com\/es\/productos\/housse-salon-de-jardin-argente\/","og_site_name":"Housse de Canap\u00e9","article_modified_time":"2024-09-17T14:58:36+00:00","og_image":[{"width":758,"height":760,"url":"https:\/\/365-housse.com\/wp-content\/uploads\/2023\/06\/Captured_ecran2021-10-06a19.09.35.png","type":"image\/png"}],"twitter_card":"summary_large_image","twitter_misc":{"Tiempo de lectura":"1 minuto"},"schema":{"@context":"https:\/\/schema.org","@graph":[{"@type":"WebPage","@id":"https:\/\/365-housse.com\/es\/productos\/housse-salon-de-jardin-argente\/","url":"https:\/\/365-housse.com\/es\/productos\/housse-salon-de-jardin-argente\/","name":"Funda para muebles de jard\u00edn plateada en entrega - gratis Ahorra un 30% en tu pedido","isPartOf":{"@id":"https:\/\/365-housse.com\/es\/#website"},"primaryImageOfPage":{"@id":"https:\/\/365-housse.com\/es\/productos\/housse-salon-de-jardin-argente\/#primaryimage"},"image":{"@id":"https:\/\/365-housse.com\/es\/productos\/housse-salon-de-jardin-argente\/#primaryimage"},"thumbnailUrl":"https:\/\/365-housse.com\/wp-content\/uploads\/2023\/06\/Captured_ecran2021-10-06a19.09.35.jpg","datePublished":"2023-06-12T08:34:45+00:00","dateModified":"2024-09-17T14:58:36+00:00","description":"Recibe tu Funda para muebles de jard\u00edn plateada hoy y benef\u00edciate de la entrega - gratuita Env\u00edo en 24\/48h","breadcrumb":{"@id":"https:\/\/365-housse.com\/es\/productos\/housse-salon-de-jardin-argente\/#breadcrumb"},"inLanguage":"es","potentialAction":[{"@type":"ReadAction","target":["https:\/\/365-housse.com\/es\/productos\/housse-salon-de-jardin-argente\/"]}]},{"@type":"ImageObject","inLanguage":"es","@id":"https:\/\/365-housse.com\/es\/productos\/housse-salon-de-jardin-argente\/#primaryimage","url":"https:\/\/365-housse.com\/wp-content\/uploads\/2023\/06\/Captured_ecran2021-10-06a19.09.35.jpg","contentUrl":"https:\/\/365-housse.com\/wp-content\/uploads\/2023\/06\/Captured_ecran2021-10-06a19.09.35.jpg","width":758,"height":760},{"@type":"BreadcrumbList","@id":"https:\/\/365-housse.com\/es\/productos\/housse-salon-de-jardin-argente\/#breadcrumb","itemListElement":[{"@type":"ListItem","position":1,"name":"Accueil","item":"https:\/\/365-housse.com\/es\/"},{"@type":"ListItem","position":2,"name":"Tienda","item":"https:\/\/365-housse.com\/es\/tienda\/"},{"@type":"ListItem","position":3,"name":"Funda para muebles de jard\u00edn plateada"}]},{"@type":"WebSite","@id":"https:\/\/365-housse.com\/es\/#website","url":"https:\/\/365-housse.com\/es\/","name":"Housse de Canap\u00e9","description":"Le N\u00b01 de la Housse","publisher":{"@id":"https:\/\/365-housse.com\/es\/#organization"},"potentialAction":[{"@type":"SearchAction","target":{"@type":"EntryPoint","urlTemplate":"https:\/\/365-housse.com\/es\/?s={search_term_string}"},"query-input":{"@type":"PropertyValueSpecification","valueRequired":true,"valueName":"search_term_string"}}],"inLanguage":"es"},{"@type":"Organization","@id":"https:\/\/365-housse.com\/es\/#organization","name":"Housse de Canap\u00e9","url":"https:\/\/365-housse.com\/es\/","logo":{"@type":"ImageObject","inLanguage":"es","@id":"https:\/\/365-housse.com\/es\/#\/schema\/logo\/image\/","url":"https:\/\/365-housse.com\/wp-content\/uploads\/2023\/06\/LOGO-400-\u00d7-200-px-392-x-134-px-16.png","contentUrl":"https:\/\/365-housse.com\/wp-content\/uploads\/2023\/06\/LOGO-400-\u00d7-200-px-392-x-134-px-16.png","width":392,"height":134,"caption":"Housse de Canap\u00e9"},"image":{"@id":"https:\/\/365-housse.com\/es\/#\/schema\/logo\/image\/"}}]}},"_links":{"self":[{"href":"https:\/\/365-housse.com\/es\/wp-json\/wp\/v2\/product\/18728"}],"collection":[{"href":"https:\/\/365-housse.com\/es\/wp-json\/wp\/v2\/product"}],"about":[{"href":"https:\/\/365-housse.com\/es\/wp-json\/wp\/v2\/types\/product"}],"replies":[{"embeddable":true,"href":"https:\/\/365-housse.com\/es\/wp-json\/wp\/v2\/comments?post=18728"}],"wp:featuredmedia":[{"embeddable":true,"href":"https:\/\/365-housse.com\/es\/wp-json\/wp\/v2\/media\/16650"}],"wp:attachment":[{"href":"https:\/\/365-housse.com\/es\/wp-json\/wp\/v2\/media?parent=18728"}],"wp:term":[{"taxonomy":"product_cat","embeddable":true,"href":"https:\/\/365-housse.com\/es\/wp-json\/wp\/v2\/product_cat?post=18728"},{"taxonomy":"product_tag","embeddable":true,"href":"https:\/\/365-housse.com\/es\/wp-json\/wp\/v2\/product_tag?post=18728"}],"curies":[{"name":"wp","href":"https:\/\/api.w.org\/{rel}","templated":true}]}}