{"id":18800,"date":"2023-06-12T08:33:22","date_gmt":"2023-06-12T08:33:22","guid":{"rendered":"https:\/\/365-housse.com\/products\/housses-a-vetements\/"},"modified":"2024-09-17T14:58:58","modified_gmt":"2024-09-17T14:58:58","slug":"housses-a-vetements","status":"publish","type":"product","link":"https:\/\/365-housse.com\/es\/productos\/housses-a-vetements\/","title":{"rendered":"Bolsas de ropa"},"content":{"rendered":"<h2 data-mce-fragment=\"1\" data-pm-slice=\"1 1 []\">\u00bfNecesitas guardar algunas camisas o un guardarropa completo? Estas <strong data-mce-fragment=\"1\">Fundas para Ropa<\/strong> son perfectas para proteger tu ropa contra el polvo y la humedad. Gracias al gancho para colgar, son f\u00e1ciles de guardar cuando no se usan y pasar de un armario a otro sin mucho esfuerzo.<\/h2>\n<h3 data-mce-fragment=\"1\" data-pm-slice=\"1 1 []\">Esta selecci\u00f3n de <strong>bolsas para ropa<\/strong> est\u00e1 disponible en diferentes tama\u00f1os para satisfacer todas tus necesidades.<\/h3>\n<p><strong data-mce-fragment=\"1\">Caracter\u00edsticas: <\/strong><\/p>\n<ul>\n<li>\n<p data-mce-fragment=\"1\">Material:<span data-mce-fragment=\"1\"> <strong data-mce-fragment=\"1\">Pl\u00e1stico transparente<\/strong><\/span><\/ p>\n\t<\/li>\n<li>\n<p data-mce-fragment=\"1\">Bolsa de almacenamiento impermeable y resistente al polvo<\/p>\n<\/li>\n<li>\n<p data-mce-fragment=\"1\">Acabados<span data-mce-fragment=\"1\"> <\/span><strong data-mce-fragment=\"1\">acabados precisos<\/strong><span> <\/span>y<span data-mce-fragment=\"1\"> <\/span><strong data-mce-fragment=\"1\">cuidado<\/strong><\/p>\n<\/li>\n<li>\n\t\t<strong data-mce-fragment=\"1\">Gancho para colgar<\/strong>y <strong data-mce-fragment=\"1\">cremallera<\/strong>\n\t<\/li>\n<\/ul>\n<ul>\n<li>\n<p data-mce-fragment=\"1\">Lavado a mano<\/p>\n<\/li>\n<li>\n<p data-mce-fragment=\"1\">Juego de 4 piezas: S 60x80cm |\u00a0M 60x100cm |\u00a0Largo 60x120cm |\u00a0XL 60x140cm<\/p>\n<\/li>\n<\/ul>\n<p> <img decoding=\"async\" alt=\"\" data-mce-fragment=\"1\" data-mce-src=\"https:\/\/365-housse.com\/wp-content\/uploads\/2023\/06\/housse-a-vetement -taille_480x480.jpg?v=1665339746\" src=\"https:\/\/365-housse.com\/wp-content\/uploads\/2023\/06\/housse-a-vetement-taille_480x480.jpg?v=1665339746\" \/><\/p>\n<p>Vea la diferencia antes y despu\u00e9s de usar los portatrajes:<\/p>\n<p style=\"text-align: center\"><img decoding=\"async\" alt=\"housse-de-vetement\" src=\"https:\/\/365-housse.com\/wp-content\/uploads\/2023\/06\/housse-de- ropa_480x480.jpg?v=1665339838\" \/>&gt;<\/p>\n<p data-pm-slice=\"1 1 []\">Nuestro <a href=\"https:\/\/365-housse.com\/es\/collections\/funda-para-ropa\/\" rel=\"noopener\" target=\" _blank\" title=\"Funda para prendas\"><strong>fundas para prendas<\/strong><\/a> est\u00e1n aqu\u00ed para ayudarte a mantener tu ropa organizada y lista para usar. \u00a1Descubre todos los dem\u00e1s modelos de <strong>fundas de almacenamiento<\/strong> en nuestro sitio!<\/p>\n","protected":false},"excerpt":{"rendered":"<p>\u00bfNecesitas guardar algunas camisas o un guardarropa completo? Estas Fundas para Ropa son perfectas para proteger tu ropa contra el polvo y la humedad. Gracias al gancho para colgar, son f\u00e1ciles de guardar cuando no se usan y pasar de un armario a otro sin mucho esfuerzo. Esta selecci\u00f3n de bolsas para ropa est\u00e1 disponible [&hellip;]<\/p>\n","protected":false},"featured_media":16630,"comment_status":"open","ping_status":"closed","template":"","meta":[],"product_cat":[188],"product_tag":[207],"class_list":{"0":"post-18800","1":"product","2":"type-product","3":"status-publish","4":"has-post-thumbnail","6":"product_cat-funda-para-ropa","7":"product_tag-vetement-es","9":"first","10":"instock","11":"shipping-taxable","12":"purchasable","13":"product-type-simple"},"yoast_head":"<title>Bolsas de ropa en entrega - gratis Ahorra un 30% en tu pedido<\/title>\n<meta name=\"description\" content=\"Recibe tu Bolsas de ropa hoy y benef\u00edciate de la entrega - gratuita Env\u00edo en 24\/48h\" \/>\n<meta name=\"robots\" content=\"index, follow, max-snippet:-1, max-image-preview:large, max-video-preview:-1\" \/>\n<link rel=\"canonical\" href=\"https:\/\/365-housse.com\/es\/productos\/housses-a-vetements\/\" \/>\n<meta property=\"og:locale\" content=\"es_ES\" \/>\n<meta property=\"og:type\" content=\"article\" \/>\n<meta property=\"og:title\" content=\"Bolsas de ropa en entrega - gratis Ahorra un 30% en tu pedido\" \/>\n<meta property=\"og:description\" content=\"Recibe tu Bolsas de ropa hoy y benef\u00edciate de la entrega - gratuita Env\u00edo en 24\/48h\" \/>\n<meta property=\"og:url\" content=\"https:\/\/365-housse.com\/es\/productos\/housses-a-vetements\/\" \/>\n<meta property=\"og:site_name\" content=\"Housse de Canap\u00e9\" \/>\n<meta property=\"article:modified_time\" content=\"2024-09-17T14:58:58+00:00\" \/>\n<meta property=\"og:image\" content=\"https:\/\/365-housse.com\/wp-content\/uploads\/2023\/06\/housse-a-vetement.jpg\" \/>\n\t<meta property=\"og:image:width\" content=\"462\" \/>\n\t<meta property=\"og:image:height\" content=\"438\" \/>\n\t<meta property=\"og:image:type\" content=\"image\/jpeg\" \/>\n<meta name=\"twitter:card\" content=\"summary_large_image\" \/>\n<meta name=\"twitter:label1\" content=\"Tiempo de lectura\" \/>\n\t<meta name=\"twitter:data1\" content=\"1 minuto\" \/>\n<script type=\"application\/ld+json\" class=\"yoast-schema-graph\">{\"@context\":\"https:\/\/schema.org\",\"@graph\":[{\"@type\":\"WebPage\",\"@id\":\"https:\/\/365-housse.com\/es\/productos\/housses-a-vetements\/\",\"url\":\"https:\/\/365-housse.com\/es\/productos\/housses-a-vetements\/\",\"name\":\"Bolsas de ropa en entrega - gratis Ahorra un 30% en tu pedido\",\"isPartOf\":{\"@id\":\"https:\/\/365-housse.com\/es\/#website\"},\"primaryImageOfPage\":{\"@id\":\"https:\/\/365-housse.com\/es\/productos\/housses-a-vetements\/#primaryimage\"},\"image\":{\"@id\":\"https:\/\/365-housse.com\/es\/productos\/housses-a-vetements\/#primaryimage\"},\"thumbnailUrl\":\"https:\/\/365-housse.com\/wp-content\/uploads\/2023\/06\/housse-a-vetement.jpg\",\"datePublished\":\"2023-06-12T08:33:22+00:00\",\"dateModified\":\"2024-09-17T14:58:58+00:00\",\"description\":\"Recibe tu Bolsas de ropa hoy y benef\u00edciate de la entrega - gratuita Env\u00edo en 24\/48h\",\"breadcrumb\":{\"@id\":\"https:\/\/365-housse.com\/es\/productos\/housses-a-vetements\/#breadcrumb\"},\"inLanguage\":\"es\",\"potentialAction\":[{\"@type\":\"ReadAction\",\"target\":[\"https:\/\/365-housse.com\/es\/productos\/housses-a-vetements\/\"]}]},{\"@type\":\"ImageObject\",\"inLanguage\":\"es\",\"@id\":\"https:\/\/365-housse.com\/es\/productos\/housses-a-vetements\/#primaryimage\",\"url\":\"https:\/\/365-housse.com\/wp-content\/uploads\/2023\/06\/housse-a-vetement.jpg\",\"contentUrl\":\"https:\/\/365-housse.com\/wp-content\/uploads\/2023\/06\/housse-a-vetement.jpg\",\"width\":462,\"height\":438},{\"@type\":\"BreadcrumbList\",\"@id\":\"https:\/\/365-housse.com\/es\/productos\/housses-a-vetements\/#breadcrumb\",\"itemListElement\":[{\"@type\":\"ListItem\",\"position\":1,\"name\":\"Accueil\",\"item\":\"https:\/\/365-housse.com\/es\/\"},{\"@type\":\"ListItem\",\"position\":2,\"name\":\"Tienda\",\"item\":\"https:\/\/365-housse.com\/es\/tienda\/\"},{\"@type\":\"ListItem\",\"position\":3,\"name\":\"Bolsas de ropa\"}]},{\"@type\":\"WebSite\",\"@id\":\"https:\/\/365-housse.com\/es\/#website\",\"url\":\"https:\/\/365-housse.com\/es\/\",\"name\":\"Housse de Canap\u00e9\",\"description\":\"Le N\u00b01 de la Housse\",\"publisher\":{\"@id\":\"https:\/\/365-housse.com\/es\/#organization\"},\"potentialAction\":[{\"@type\":\"SearchAction\",\"target\":{\"@type\":\"EntryPoint\",\"urlTemplate\":\"https:\/\/365-housse.com\/es\/?s={search_term_string}\"},\"query-input\":{\"@type\":\"PropertyValueSpecification\",\"valueRequired\":true,\"valueName\":\"search_term_string\"}}],\"inLanguage\":\"es\"},{\"@type\":\"Organization\",\"@id\":\"https:\/\/365-housse.com\/es\/#organization\",\"name\":\"Housse de Canap\u00e9\",\"url\":\"https:\/\/365-housse.com\/es\/\",\"logo\":{\"@type\":\"ImageObject\",\"inLanguage\":\"es\",\"@id\":\"https:\/\/365-housse.com\/es\/#\/schema\/logo\/image\/\",\"url\":\"https:\/\/365-housse.com\/wp-content\/uploads\/2023\/06\/LOGO-400-\u00d7-200-px-392-x-134-px-16.png\",\"contentUrl\":\"https:\/\/365-housse.com\/wp-content\/uploads\/2023\/06\/LOGO-400-\u00d7-200-px-392-x-134-px-16.png\",\"width\":392,\"height\":134,\"caption\":\"Housse de Canap\u00e9\"},\"image\":{\"@id\":\"https:\/\/365-housse.com\/es\/#\/schema\/logo\/image\/\"}}]}<\/script>","yoast_head_json":{"title":"Bolsas de ropa en entrega - gratis Ahorra un 30% en tu pedido","description":"Recibe tu Bolsas de ropa hoy y benef\u00edciate de la entrega - gratuita Env\u00edo en 24\/48h","robots":{"index":"index","follow":"follow","max-snippet":"max-snippet:-1","max-image-preview":"max-image-preview:large","max-video-preview":"max-video-preview:-1"},"canonical":"https:\/\/365-housse.com\/es\/productos\/housses-a-vetements\/","og_locale":"es_ES","og_type":"article","og_title":"Bolsas de ropa en entrega - gratis Ahorra un 30% en tu pedido","og_description":"Recibe tu Bolsas de ropa hoy y benef\u00edciate de la entrega - gratuita Env\u00edo en 24\/48h","og_url":"https:\/\/365-housse.com\/es\/productos\/housses-a-vetements\/","og_site_name":"Housse de Canap\u00e9","article_modified_time":"2024-09-17T14:58:58+00:00","og_image":[{"width":462,"height":438,"url":"https:\/\/365-housse.com\/wp-content\/uploads\/2023\/06\/housse-a-vetement.jpg","type":"image\/jpeg"}],"twitter_card":"summary_large_image","twitter_misc":{"Tiempo de lectura":"1 minuto"},"schema":{"@context":"https:\/\/schema.org","@graph":[{"@type":"WebPage","@id":"https:\/\/365-housse.com\/es\/productos\/housses-a-vetements\/","url":"https:\/\/365-housse.com\/es\/productos\/housses-a-vetements\/","name":"Bolsas de ropa en entrega - gratis Ahorra un 30% en tu pedido","isPartOf":{"@id":"https:\/\/365-housse.com\/es\/#website"},"primaryImageOfPage":{"@id":"https:\/\/365-housse.com\/es\/productos\/housses-a-vetements\/#primaryimage"},"image":{"@id":"https:\/\/365-housse.com\/es\/productos\/housses-a-vetements\/#primaryimage"},"thumbnailUrl":"https:\/\/365-housse.com\/wp-content\/uploads\/2023\/06\/housse-a-vetement.jpg","datePublished":"2023-06-12T08:33:22+00:00","dateModified":"2024-09-17T14:58:58+00:00","description":"Recibe tu Bolsas de ropa hoy y benef\u00edciate de la entrega - gratuita Env\u00edo en 24\/48h","breadcrumb":{"@id":"https:\/\/365-housse.com\/es\/productos\/housses-a-vetements\/#breadcrumb"},"inLanguage":"es","potentialAction":[{"@type":"ReadAction","target":["https:\/\/365-housse.com\/es\/productos\/housses-a-vetements\/"]}]},{"@type":"ImageObject","inLanguage":"es","@id":"https:\/\/365-housse.com\/es\/productos\/housses-a-vetements\/#primaryimage","url":"https:\/\/365-housse.com\/wp-content\/uploads\/2023\/06\/housse-a-vetement.jpg","contentUrl":"https:\/\/365-housse.com\/wp-content\/uploads\/2023\/06\/housse-a-vetement.jpg","width":462,"height":438},{"@type":"BreadcrumbList","@id":"https:\/\/365-housse.com\/es\/productos\/housses-a-vetements\/#breadcrumb","itemListElement":[{"@type":"ListItem","position":1,"name":"Accueil","item":"https:\/\/365-housse.com\/es\/"},{"@type":"ListItem","position":2,"name":"Tienda","item":"https:\/\/365-housse.com\/es\/tienda\/"},{"@type":"ListItem","position":3,"name":"Bolsas de ropa"}]},{"@type":"WebSite","@id":"https:\/\/365-housse.com\/es\/#website","url":"https:\/\/365-housse.com\/es\/","name":"Housse de Canap\u00e9","description":"Le N\u00b01 de la Housse","publisher":{"@id":"https:\/\/365-housse.com\/es\/#organization"},"potentialAction":[{"@type":"SearchAction","target":{"@type":"EntryPoint","urlTemplate":"https:\/\/365-housse.com\/es\/?s={search_term_string}"},"query-input":{"@type":"PropertyValueSpecification","valueRequired":true,"valueName":"search_term_string"}}],"inLanguage":"es"},{"@type":"Organization","@id":"https:\/\/365-housse.com\/es\/#organization","name":"Housse de Canap\u00e9","url":"https:\/\/365-housse.com\/es\/","logo":{"@type":"ImageObject","inLanguage":"es","@id":"https:\/\/365-housse.com\/es\/#\/schema\/logo\/image\/","url":"https:\/\/365-housse.com\/wp-content\/uploads\/2023\/06\/LOGO-400-\u00d7-200-px-392-x-134-px-16.png","contentUrl":"https:\/\/365-housse.com\/wp-content\/uploads\/2023\/06\/LOGO-400-\u00d7-200-px-392-x-134-px-16.png","width":392,"height":134,"caption":"Housse de Canap\u00e9"},"image":{"@id":"https:\/\/365-housse.com\/es\/#\/schema\/logo\/image\/"}}]}},"_links":{"self":[{"href":"https:\/\/365-housse.com\/es\/wp-json\/wp\/v2\/product\/18800"}],"collection":[{"href":"https:\/\/365-housse.com\/es\/wp-json\/wp\/v2\/product"}],"about":[{"href":"https:\/\/365-housse.com\/es\/wp-json\/wp\/v2\/types\/product"}],"replies":[{"embeddable":true,"href":"https:\/\/365-housse.com\/es\/wp-json\/wp\/v2\/comments?post=18800"}],"wp:featuredmedia":[{"embeddable":true,"href":"https:\/\/365-housse.com\/es\/wp-json\/wp\/v2\/media\/16630"}],"wp:attachment":[{"href":"https:\/\/365-housse.com\/es\/wp-json\/wp\/v2\/media?parent=18800"}],"wp:term":[{"taxonomy":"product_cat","embeddable":true,"href":"https:\/\/365-housse.com\/es\/wp-json\/wp\/v2\/product_cat?post=18800"},{"taxonomy":"product_tag","embeddable":true,"href":"https:\/\/365-housse.com\/es\/wp-json\/wp\/v2\/product_tag?post=18800"}],"curies":[{"name":"wp","href":"https:\/\/api.w.org\/{rel}","templated":true}]}}